{"id":361775,"date":"2025-05-21T19:34:43","date_gmt":"2025-05-21T17:34:43","guid":{"rendered":"https:\/\/shopatoa.com\/ro\/guess-forever-man-edt-75-ml-2\/"},"modified":"2025-05-21T19:35:29","modified_gmt":"2025-05-21T17:35:29","slug":"guess-forever-man-edt-75-ml-2","status":"publish","type":"product","link":"https:\/\/shopatoa.com\/ro\/guess-forever-man-edt-75-ml-2\/","title":{"rendered":"Guess Forever Man &#8211; EDT 75 ml"},"content":{"rendered":"<p>Apa de toalet\u0103 condimentata Forever Man de la marca Guess este un parfum pentru b\u0103rba\u021bi pentru b\u0103rba\u021bii moderni care sunt ei \u00een\u0219i\u0219i. Elegan\u021ba, for\u021ba, atrac\u021bia irezistibil\u0103 \u0219i carisma sunt elementele de baz\u0103 ale caracterului b\u0103rbatului Guess. Sim\u021burile v\u0103 vor fi trezite de combina\u021bia de nuc\u0219oar\u0103 \u0219i piper negru, al c\u0103rui miros picant \u00een inim\u0103 este temperat de combina\u021bia de ienup\u0103r \u0219i pelin, care \u00een baz\u0103 \u00eenv\u0103luie combina\u021bia de chihlimbar, piele \u00eentoars\u0103 \u0219i mosc. Parfumul a fost lansat pe pia\u021b\u0103 \u00een anul 2022.<\/p>\n","protected":false},"excerpt":{"rendered":"<p>Apa de toalet\u0103 condimentata Forever Man de la marca Guess este un parfum pentru b\u0103rba\u021bi pentru b\u0103rba\u021bii moderni care sunt ei \u00een\u0219i\u0219i. Elegan\u021ba, for\u021ba, atrac\u021bia irezistibil\u0103 \u0219i carisma sunt elementele de baz\u0103 ale caracterului b\u0103rbatului Guess. Sim\u021burile v\u0103 vor fi trezite de combina\u021bia de nuc\u0219oar\u0103 \u0219i piper negru, al c\u0103rui miros picant \u00een inim\u0103 este&#8230;<\/p>\n","protected":false},"featured_media":361776,"comment_status":"closed","ping_status":"open","template":"","meta":{"_acf_changed":false,"_kadence_starter_templates_imported_post":false,"_kad_post_transparent":"","_kad_post_title":"","_kad_post_layout":"","_kad_post_sidebar_id":"","_kad_post_content_style":"","_kad_post_vertical_padding":"","_kad_post_feature":"","_kad_post_feature_position":"","_kad_post_header":false,"_kad_post_footer":false,"_kad_post_classname":""},"product_brand":[277],"product_cat":[615,614],"product_tag":[],"class_list":{"0":"post-361775","1":"product","2":"type-product","3":"status-publish","4":"has-post-thumbnail","6":"product_brand-guess","7":"product_cat-ape-de-toaleta-edt","8":"product_cat-parfumuri","10":"first","11":"instock","12":"product-type-external","13":"entry","14":"content-bg","15":"loop-entry"},"acf":[],"yoast_head":"<!-- This site is optimized with the Yoast SEO plugin v27.4 - https:\/\/yoast.com\/product\/yoast-seo-wordpress\/ -->\n<title>Guess Forever Man - EDT 75 ml - SHOPATOA.COM<\/title>\n<meta name=\"robots\" content=\"index, follow, max-snippet:-1, max-image-preview:large, max-video-preview:-1\" \/>\n<link rel=\"canonical\" href=\"https:\/\/shopatoa.com\/ro\/guess-forever-man-edt-75-ml-2\/\" \/>\n<meta property=\"og:locale\" content=\"ro_RO\" \/>\n<meta property=\"og:type\" content=\"article\" \/>\n<meta property=\"og:title\" content=\"Guess Forever Man - EDT 75 ml - SHOPATOA.COM\" \/>\n<meta property=\"og:description\" content=\"Apa de toalet\u0103 condimentata Forever Man de la marca Guess este un parfum pentru b\u0103rba\u021bi pentru b\u0103rba\u021bii moderni care sunt ei \u00een\u0219i\u0219i. Elegan\u021ba, for\u021ba, atrac\u021bia irezistibil\u0103 \u0219i carisma sunt elementele de baz\u0103 ale caracterului b\u0103rbatului Guess. Sim\u021burile v\u0103 vor fi trezite de combina\u021bia de nuc\u0219oar\u0103 \u0219i piper negru, al c\u0103rui miros picant \u00een inim\u0103 este...\" \/>\n<meta property=\"og:url\" content=\"https:\/\/shopatoa.com\/ro\/guess-forever-man-edt-75-ml-2\/\" \/>\n<meta property=\"og:site_name\" content=\"SHOPATOA\" \/>\n<meta property=\"article:modified_time\" content=\"2025-05-21T17:35:29+00:00\" \/>\n<meta property=\"og:image\" content=\"https:\/\/storage.googleapis.com\/cz-shopatoa-img\/ro\/2ccf18b7-unnamed-file.webp\" \/>\n\t<meta property=\"og:image:width\" content=\"800\" \/>\n\t<meta property=\"og:image:height\" content=\"800\" \/>\n\t<meta property=\"og:image:type\" content=\"image\/webp\" \/>\n<meta name=\"twitter:card\" content=\"summary_large_image\" \/>\n<script type=\"application\/ld+json\" class=\"yoast-schema-graph\">{\"@context\":\"https:\\\/\\\/schema.org\",\"@graph\":[{\"@type\":\"WebPage\",\"@id\":\"https:\\\/\\\/shopatoa.com\\\/ro\\\/guess-forever-man-edt-75-ml-2\\\/\",\"url\":\"https:\\\/\\\/shopatoa.com\\\/ro\\\/guess-forever-man-edt-75-ml-2\\\/\",\"name\":\"Guess Forever Man - EDT 75 ml - SHOPATOA.COM\",\"isPartOf\":{\"@id\":\"https:\\\/\\\/shopatoa.com\\\/ro\\\/#website\"},\"primaryImageOfPage\":{\"@id\":\"https:\\\/\\\/shopatoa.com\\\/ro\\\/guess-forever-man-edt-75-ml-2\\\/#primaryimage\"},\"image\":{\"@id\":\"https:\\\/\\\/shopatoa.com\\\/ro\\\/guess-forever-man-edt-75-ml-2\\\/#primaryimage\"},\"thumbnailUrl\":\"https:\\\/\\\/storage.googleapis.com\\\/cz-shopatoa-img\\\/ro\\\/2ccf18b7-unnamed-file.webp\",\"datePublished\":\"2025-05-21T17:34:43+00:00\",\"dateModified\":\"2025-05-21T17:35:29+00:00\",\"breadcrumb\":{\"@id\":\"https:\\\/\\\/shopatoa.com\\\/ro\\\/guess-forever-man-edt-75-ml-2\\\/#breadcrumb\"},\"inLanguage\":\"ro-RO\",\"potentialAction\":[{\"@type\":\"ReadAction\",\"target\":[\"https:\\\/\\\/shopatoa.com\\\/ro\\\/guess-forever-man-edt-75-ml-2\\\/\"]}]},{\"@type\":\"ImageObject\",\"inLanguage\":\"ro-RO\",\"@id\":\"https:\\\/\\\/shopatoa.com\\\/ro\\\/guess-forever-man-edt-75-ml-2\\\/#primaryimage\",\"url\":\"https:\\\/\\\/storage.googleapis.com\\\/cz-shopatoa-img\\\/ro\\\/2ccf18b7-unnamed-file.webp\",\"contentUrl\":\"https:\\\/\\\/storage.googleapis.com\\\/cz-shopatoa-img\\\/ro\\\/2ccf18b7-unnamed-file.webp\",\"width\":800,\"height\":800},{\"@type\":\"BreadcrumbList\",\"@id\":\"https:\\\/\\\/shopatoa.com\\\/ro\\\/guess-forever-man-edt-75-ml-2\\\/#breadcrumb\",\"itemListElement\":[{\"@type\":\"ListItem\",\"position\":1,\"name\":\"Dom\u016f\",\"item\":\"https:\\\/\\\/shopatoa.com\\\/ro\\\/\"},{\"@type\":\"ListItem\",\"position\":2,\"name\":\"Shop\",\"item\":\"https:\\\/\\\/shopatoa.com\\\/ro\\\/shop\\\/\"},{\"@type\":\"ListItem\",\"position\":3,\"name\":\"Guess Forever Man &#8211; EDT 75 ml\"}]},{\"@type\":\"WebSite\",\"@id\":\"https:\\\/\\\/shopatoa.com\\\/ro\\\/#website\",\"url\":\"https:\\\/\\\/shopatoa.com\\\/ro\\\/\",\"name\":\"SHOPATOA\",\"description\":\"\",\"publisher\":{\"@id\":\"https:\\\/\\\/shopatoa.com\\\/ro\\\/#organization\"},\"potentialAction\":[{\"@type\":\"SearchAction\",\"target\":{\"@type\":\"EntryPoint\",\"urlTemplate\":\"https:\\\/\\\/shopatoa.com\\\/ro\\\/?s={search_term_string}\"},\"query-input\":{\"@type\":\"PropertyValueSpecification\",\"valueRequired\":true,\"valueName\":\"search_term_string\"}}],\"inLanguage\":\"ro-RO\"},{\"@type\":\"Organization\",\"@id\":\"https:\\\/\\\/shopatoa.com\\\/ro\\\/#organization\",\"name\":\"SHOPATOA\",\"url\":\"https:\\\/\\\/shopatoa.com\\\/ro\\\/\",\"logo\":{\"@type\":\"ImageObject\",\"inLanguage\":\"ro-RO\",\"@id\":\"https:\\\/\\\/shopatoa.com\\\/ro\\\/#\\\/schema\\\/logo\\\/image\\\/\",\"url\":\"https:\\\/\\\/storage.googleapis.com\\\/cz-shopatoa-img\\\/ro\\\/b4dac915-shopatoa_logo.png\",\"contentUrl\":\"https:\\\/\\\/storage.googleapis.com\\\/cz-shopatoa-img\\\/ro\\\/b4dac915-shopatoa_logo.png\",\"width\":416,\"height\":63,\"caption\":\"SHOPATOA\"},\"image\":{\"@id\":\"https:\\\/\\\/shopatoa.com\\\/ro\\\/#\\\/schema\\\/logo\\\/image\\\/\"}}]}<\/script>\n<!-- \/ Yoast SEO plugin. -->","yoast_head_json":{"title":"Guess Forever Man - EDT 75 ml - SHOPATOA.COM","robots":{"index":"index","follow":"follow","max-snippet":"max-snippet:-1","max-image-preview":"max-image-preview:large","max-video-preview":"max-video-preview:-1"},"canonical":"https:\/\/shopatoa.com\/ro\/guess-forever-man-edt-75-ml-2\/","og_locale":"ro_RO","og_type":"article","og_title":"Guess Forever Man - EDT 75 ml - SHOPATOA.COM","og_description":"Apa de toalet\u0103 condimentata Forever Man de la marca Guess este un parfum pentru b\u0103rba\u021bi pentru b\u0103rba\u021bii moderni care sunt ei \u00een\u0219i\u0219i. Elegan\u021ba, for\u021ba, atrac\u021bia irezistibil\u0103 \u0219i carisma sunt elementele de baz\u0103 ale caracterului b\u0103rbatului Guess. Sim\u021burile v\u0103 vor fi trezite de combina\u021bia de nuc\u0219oar\u0103 \u0219i piper negru, al c\u0103rui miros picant \u00een inim\u0103 este...","og_url":"https:\/\/shopatoa.com\/ro\/guess-forever-man-edt-75-ml-2\/","og_site_name":"SHOPATOA","article_modified_time":"2025-05-21T17:35:29+00:00","og_image":[{"width":800,"height":800,"url":"https:\/\/storage.googleapis.com\/cz-shopatoa-img\/ro\/2ccf18b7-unnamed-file.webp","type":"image\/webp"}],"twitter_card":"summary_large_image","schema":{"@context":"https:\/\/schema.org","@graph":[{"@type":"WebPage","@id":"https:\/\/shopatoa.com\/ro\/guess-forever-man-edt-75-ml-2\/","url":"https:\/\/shopatoa.com\/ro\/guess-forever-man-edt-75-ml-2\/","name":"Guess Forever Man - EDT 75 ml - SHOPATOA.COM","isPartOf":{"@id":"https:\/\/shopatoa.com\/ro\/#website"},"primaryImageOfPage":{"@id":"https:\/\/shopatoa.com\/ro\/guess-forever-man-edt-75-ml-2\/#primaryimage"},"image":{"@id":"https:\/\/shopatoa.com\/ro\/guess-forever-man-edt-75-ml-2\/#primaryimage"},"thumbnailUrl":"https:\/\/storage.googleapis.com\/cz-shopatoa-img\/ro\/2ccf18b7-unnamed-file.webp","datePublished":"2025-05-21T17:34:43+00:00","dateModified":"2025-05-21T17:35:29+00:00","breadcrumb":{"@id":"https:\/\/shopatoa.com\/ro\/guess-forever-man-edt-75-ml-2\/#breadcrumb"},"inLanguage":"ro-RO","potentialAction":[{"@type":"ReadAction","target":["https:\/\/shopatoa.com\/ro\/guess-forever-man-edt-75-ml-2\/"]}]},{"@type":"ImageObject","inLanguage":"ro-RO","@id":"https:\/\/shopatoa.com\/ro\/guess-forever-man-edt-75-ml-2\/#primaryimage","url":"https:\/\/storage.googleapis.com\/cz-shopatoa-img\/ro\/2ccf18b7-unnamed-file.webp","contentUrl":"https:\/\/storage.googleapis.com\/cz-shopatoa-img\/ro\/2ccf18b7-unnamed-file.webp","width":800,"height":800},{"@type":"BreadcrumbList","@id":"https:\/\/shopatoa.com\/ro\/guess-forever-man-edt-75-ml-2\/#breadcrumb","itemListElement":[{"@type":"ListItem","position":1,"name":"Dom\u016f","item":"https:\/\/shopatoa.com\/ro\/"},{"@type":"ListItem","position":2,"name":"Shop","item":"https:\/\/shopatoa.com\/ro\/shop\/"},{"@type":"ListItem","position":3,"name":"Guess Forever Man &#8211; EDT 75 ml"}]},{"@type":"WebSite","@id":"https:\/\/shopatoa.com\/ro\/#website","url":"https:\/\/shopatoa.com\/ro\/","name":"SHOPATOA","description":"","publisher":{"@id":"https:\/\/shopatoa.com\/ro\/#organization"},"potentialAction":[{"@type":"SearchAction","target":{"@type":"EntryPoint","urlTemplate":"https:\/\/shopatoa.com\/ro\/?s={search_term_string}"},"query-input":{"@type":"PropertyValueSpecification","valueRequired":true,"valueName":"search_term_string"}}],"inLanguage":"ro-RO"},{"@type":"Organization","@id":"https:\/\/shopatoa.com\/ro\/#organization","name":"SHOPATOA","url":"https:\/\/shopatoa.com\/ro\/","logo":{"@type":"ImageObject","inLanguage":"ro-RO","@id":"https:\/\/shopatoa.com\/ro\/#\/schema\/logo\/image\/","url":"https:\/\/storage.googleapis.com\/cz-shopatoa-img\/ro\/b4dac915-shopatoa_logo.png","contentUrl":"https:\/\/storage.googleapis.com\/cz-shopatoa-img\/ro\/b4dac915-shopatoa_logo.png","width":416,"height":63,"caption":"SHOPATOA"},"image":{"@id":"https:\/\/shopatoa.com\/ro\/#\/schema\/logo\/image\/"}}]}},"_links":{"self":[{"href":"https:\/\/shopatoa.com\/ro\/wp-json\/wp\/v2\/product\/361775","targetHints":{"allow":["GET"]}}],"collection":[{"href":"https:\/\/shopatoa.com\/ro\/wp-json\/wp\/v2\/product"}],"about":[{"href":"https:\/\/shopatoa.com\/ro\/wp-json\/wp\/v2\/types\/product"}],"replies":[{"embeddable":true,"href":"https:\/\/shopatoa.com\/ro\/wp-json\/wp\/v2\/comments?post=361775"}],"wp:featuredmedia":[{"embeddable":true,"href":"https:\/\/shopatoa.com\/ro\/wp-json\/wp\/v2\/media\/361776"}],"wp:attachment":[{"href":"https:\/\/shopatoa.com\/ro\/wp-json\/wp\/v2\/media?parent=361775"}],"wp:term":[{"taxonomy":"product_brand","embeddable":true,"href":"https:\/\/shopatoa.com\/ro\/wp-json\/wp\/v2\/product_brand?post=361775"},{"taxonomy":"product_cat","embeddable":true,"href":"https:\/\/shopatoa.com\/ro\/wp-json\/wp\/v2\/product_cat?post=361775"},{"taxonomy":"product_tag","embeddable":true,"href":"https:\/\/shopatoa.com\/ro\/wp-json\/wp\/v2\/product_tag?post=361775"}],"curies":[{"name":"wp","href":"https:\/\/api.w.org\/{rel}","templated":true}]}}