{"id":361844,"date":"2025-05-21T19:38:07","date_gmt":"2025-05-21T17:38:07","guid":{"rendered":"https:\/\/shopatoa.com\/ro\/philips-aparat-de-tuns-nt3650-16-2\/"},"modified":"2025-05-21T19:38:33","modified_gmt":"2025-05-21T17:38:33","slug":"philips-aparat-de-tuns-nt3650-16-2","status":"publish","type":"product","link":"https:\/\/shopatoa.com\/ro\/philips-aparat-de-tuns-nt3650-16-2\/","title":{"rendered":"Philips Aparat de tuns NT3650\/16"},"content":{"rendered":"<p>Ma\u0219in\u0103 de tuns detaliat\u0103 Philips seria 3000 pentru tunderea p\u0103rului din nas, urechi \u0219i spr\u00e2ncene. Tehnologia PrecisionTrim asigur\u0103 tunderea rapid\u0103 \u0219i u\u0219oar\u0103 a firelor de p\u0103r cu ajutorul t\u0103ietorului cu dou\u0103 fe\u021be. Dispozitivul de tuns pentru nas, urechi \u0219i spr\u00e2ncene este proiectat pentru siguran\u021b\u0103 \u0219i confort. Sistemul Protective Guard acoper\u0103 lamele \u0219i le \u00eempiedic\u0103 s\u0103 intre \u00een contact direct cu pielea, \u00een timp ce designul s\u0103u minimizeaz\u0103 num\u0103rul de fire de p\u0103r uitate, smulgerea \u0219i tragerea.<\/p>\n","protected":false},"excerpt":{"rendered":"<p>Ma\u0219in\u0103 de tuns detaliat\u0103 Philips seria 3000 pentru tunderea p\u0103rului din nas, urechi \u0219i spr\u00e2ncene. Tehnologia PrecisionTrim asigur\u0103 tunderea rapid\u0103 \u0219i u\u0219oar\u0103 a firelor de p\u0103r cu ajutorul t\u0103ietorului cu dou\u0103 fe\u021be. Dispozitivul de tuns pentru nas, urechi \u0219i spr\u00e2ncene este proiectat pentru siguran\u021b\u0103 \u0219i confort. Sistemul Protective Guard acoper\u0103 lamele \u0219i le \u00eempiedic\u0103 s\u0103&#8230;<\/p>\n","protected":false},"featured_media":361846,"comment_status":"closed","ping_status":"open","template":"","meta":{"_acf_changed":false,"_kadence_starter_templates_imported_post":false,"_kad_post_transparent":"","_kad_post_title":"","_kad_post_layout":"","_kad_post_sidebar_id":"","_kad_post_content_style":"","_kad_post_vertical_padding":"","_kad_post_feature":"","_kad_post_feature_position":"","_kad_post_header":false,"_kad_post_footer":false,"_kad_post_classname":""},"product_brand":[495],"product_cat":[670,765,246],"product_tag":[],"class_list":{"0":"post-361844","1":"product","2":"type-product","3":"status-publish","4":"has-post-thumbnail","6":"product_brand-philips","7":"product_cat-barber-shop","8":"product_cat-barber-shop-taiat","9":"product_cat-cosmetice","11":"first","12":"instock","13":"product-type-external","14":"entry","15":"content-bg","16":"loop-entry"},"acf":[],"yoast_head":"<!-- This site is optimized with the Yoast SEO plugin v27.4 - https:\/\/yoast.com\/product\/yoast-seo-wordpress\/ -->\n<title>Philips Aparat de tuns NT3650\/16 - SHOPATOA.COM<\/title>\n<meta name=\"robots\" content=\"index, follow, max-snippet:-1, max-image-preview:large, max-video-preview:-1\" \/>\n<link rel=\"canonical\" href=\"https:\/\/shopatoa.com\/ro\/philips-aparat-de-tuns-nt3650-16-2\/\" \/>\n<meta property=\"og:locale\" content=\"ro_RO\" \/>\n<meta property=\"og:type\" content=\"article\" \/>\n<meta property=\"og:title\" content=\"Philips Aparat de tuns NT3650\/16 - SHOPATOA.COM\" \/>\n<meta property=\"og:description\" content=\"Ma\u0219in\u0103 de tuns detaliat\u0103 Philips seria 3000 pentru tunderea p\u0103rului din nas, urechi \u0219i spr\u00e2ncene. Tehnologia PrecisionTrim asigur\u0103 tunderea rapid\u0103 \u0219i u\u0219oar\u0103 a firelor de p\u0103r cu ajutorul t\u0103ietorului cu dou\u0103 fe\u021be. Dispozitivul de tuns pentru nas, urechi \u0219i spr\u00e2ncene este proiectat pentru siguran\u021b\u0103 \u0219i confort. Sistemul Protective Guard acoper\u0103 lamele \u0219i le \u00eempiedic\u0103 s\u0103...\" \/>\n<meta property=\"og:url\" content=\"https:\/\/shopatoa.com\/ro\/philips-aparat-de-tuns-nt3650-16-2\/\" \/>\n<meta property=\"og:site_name\" content=\"SHOPATOA\" \/>\n<meta property=\"article:modified_time\" content=\"2025-05-21T17:38:33+00:00\" \/>\n<meta property=\"og:image\" content=\"https:\/\/storage.googleapis.com\/cz-shopatoa-img\/ro\/c9bfb01c-unnamed-file.webp\" \/>\n\t<meta property=\"og:image:width\" content=\"800\" \/>\n\t<meta property=\"og:image:height\" content=\"800\" \/>\n\t<meta property=\"og:image:type\" content=\"image\/webp\" \/>\n<meta name=\"twitter:card\" content=\"summary_large_image\" \/>\n<script type=\"application\/ld+json\" class=\"yoast-schema-graph\">{\"@context\":\"https:\\\/\\\/schema.org\",\"@graph\":[{\"@type\":\"WebPage\",\"@id\":\"https:\\\/\\\/shopatoa.com\\\/ro\\\/philips-aparat-de-tuns-nt3650-16-2\\\/\",\"url\":\"https:\\\/\\\/shopatoa.com\\\/ro\\\/philips-aparat-de-tuns-nt3650-16-2\\\/\",\"name\":\"Philips Aparat de tuns NT3650\\\/16 - SHOPATOA.COM\",\"isPartOf\":{\"@id\":\"https:\\\/\\\/shopatoa.com\\\/ro\\\/#website\"},\"primaryImageOfPage\":{\"@id\":\"https:\\\/\\\/shopatoa.com\\\/ro\\\/philips-aparat-de-tuns-nt3650-16-2\\\/#primaryimage\"},\"image\":{\"@id\":\"https:\\\/\\\/shopatoa.com\\\/ro\\\/philips-aparat-de-tuns-nt3650-16-2\\\/#primaryimage\"},\"thumbnailUrl\":\"https:\\\/\\\/storage.googleapis.com\\\/cz-shopatoa-img\\\/ro\\\/c9bfb01c-unnamed-file.webp\",\"datePublished\":\"2025-05-21T17:38:07+00:00\",\"dateModified\":\"2025-05-21T17:38:33+00:00\",\"breadcrumb\":{\"@id\":\"https:\\\/\\\/shopatoa.com\\\/ro\\\/philips-aparat-de-tuns-nt3650-16-2\\\/#breadcrumb\"},\"inLanguage\":\"ro-RO\",\"potentialAction\":[{\"@type\":\"ReadAction\",\"target\":[\"https:\\\/\\\/shopatoa.com\\\/ro\\\/philips-aparat-de-tuns-nt3650-16-2\\\/\"]}]},{\"@type\":\"ImageObject\",\"inLanguage\":\"ro-RO\",\"@id\":\"https:\\\/\\\/shopatoa.com\\\/ro\\\/philips-aparat-de-tuns-nt3650-16-2\\\/#primaryimage\",\"url\":\"https:\\\/\\\/storage.googleapis.com\\\/cz-shopatoa-img\\\/ro\\\/c9bfb01c-unnamed-file.webp\",\"contentUrl\":\"https:\\\/\\\/storage.googleapis.com\\\/cz-shopatoa-img\\\/ro\\\/c9bfb01c-unnamed-file.webp\",\"width\":800,\"height\":800},{\"@type\":\"BreadcrumbList\",\"@id\":\"https:\\\/\\\/shopatoa.com\\\/ro\\\/philips-aparat-de-tuns-nt3650-16-2\\\/#breadcrumb\",\"itemListElement\":[{\"@type\":\"ListItem\",\"position\":1,\"name\":\"Dom\u016f\",\"item\":\"https:\\\/\\\/shopatoa.com\\\/ro\\\/\"},{\"@type\":\"ListItem\",\"position\":2,\"name\":\"Shop\",\"item\":\"https:\\\/\\\/shopatoa.com\\\/ro\\\/shop\\\/\"},{\"@type\":\"ListItem\",\"position\":3,\"name\":\"Philips Aparat de tuns NT3650\\\/16\"}]},{\"@type\":\"WebSite\",\"@id\":\"https:\\\/\\\/shopatoa.com\\\/ro\\\/#website\",\"url\":\"https:\\\/\\\/shopatoa.com\\\/ro\\\/\",\"name\":\"SHOPATOA\",\"description\":\"\",\"publisher\":{\"@id\":\"https:\\\/\\\/shopatoa.com\\\/ro\\\/#organization\"},\"potentialAction\":[{\"@type\":\"SearchAction\",\"target\":{\"@type\":\"EntryPoint\",\"urlTemplate\":\"https:\\\/\\\/shopatoa.com\\\/ro\\\/?s={search_term_string}\"},\"query-input\":{\"@type\":\"PropertyValueSpecification\",\"valueRequired\":true,\"valueName\":\"search_term_string\"}}],\"inLanguage\":\"ro-RO\"},{\"@type\":\"Organization\",\"@id\":\"https:\\\/\\\/shopatoa.com\\\/ro\\\/#organization\",\"name\":\"SHOPATOA\",\"url\":\"https:\\\/\\\/shopatoa.com\\\/ro\\\/\",\"logo\":{\"@type\":\"ImageObject\",\"inLanguage\":\"ro-RO\",\"@id\":\"https:\\\/\\\/shopatoa.com\\\/ro\\\/#\\\/schema\\\/logo\\\/image\\\/\",\"url\":\"https:\\\/\\\/storage.googleapis.com\\\/cz-shopatoa-img\\\/ro\\\/b4dac915-shopatoa_logo.png\",\"contentUrl\":\"https:\\\/\\\/storage.googleapis.com\\\/cz-shopatoa-img\\\/ro\\\/b4dac915-shopatoa_logo.png\",\"width\":416,\"height\":63,\"caption\":\"SHOPATOA\"},\"image\":{\"@id\":\"https:\\\/\\\/shopatoa.com\\\/ro\\\/#\\\/schema\\\/logo\\\/image\\\/\"}}]}<\/script>\n<!-- \/ Yoast SEO plugin. -->","yoast_head_json":{"title":"Philips Aparat de tuns NT3650\/16 - SHOPATOA.COM","robots":{"index":"index","follow":"follow","max-snippet":"max-snippet:-1","max-image-preview":"max-image-preview:large","max-video-preview":"max-video-preview:-1"},"canonical":"https:\/\/shopatoa.com\/ro\/philips-aparat-de-tuns-nt3650-16-2\/","og_locale":"ro_RO","og_type":"article","og_title":"Philips Aparat de tuns NT3650\/16 - SHOPATOA.COM","og_description":"Ma\u0219in\u0103 de tuns detaliat\u0103 Philips seria 3000 pentru tunderea p\u0103rului din nas, urechi \u0219i spr\u00e2ncene. Tehnologia PrecisionTrim asigur\u0103 tunderea rapid\u0103 \u0219i u\u0219oar\u0103 a firelor de p\u0103r cu ajutorul t\u0103ietorului cu dou\u0103 fe\u021be. Dispozitivul de tuns pentru nas, urechi \u0219i spr\u00e2ncene este proiectat pentru siguran\u021b\u0103 \u0219i confort. Sistemul Protective Guard acoper\u0103 lamele \u0219i le \u00eempiedic\u0103 s\u0103...","og_url":"https:\/\/shopatoa.com\/ro\/philips-aparat-de-tuns-nt3650-16-2\/","og_site_name":"SHOPATOA","article_modified_time":"2025-05-21T17:38:33+00:00","og_image":[{"width":800,"height":800,"url":"https:\/\/storage.googleapis.com\/cz-shopatoa-img\/ro\/c9bfb01c-unnamed-file.webp","type":"image\/webp"}],"twitter_card":"summary_large_image","schema":{"@context":"https:\/\/schema.org","@graph":[{"@type":"WebPage","@id":"https:\/\/shopatoa.com\/ro\/philips-aparat-de-tuns-nt3650-16-2\/","url":"https:\/\/shopatoa.com\/ro\/philips-aparat-de-tuns-nt3650-16-2\/","name":"Philips Aparat de tuns NT3650\/16 - SHOPATOA.COM","isPartOf":{"@id":"https:\/\/shopatoa.com\/ro\/#website"},"primaryImageOfPage":{"@id":"https:\/\/shopatoa.com\/ro\/philips-aparat-de-tuns-nt3650-16-2\/#primaryimage"},"image":{"@id":"https:\/\/shopatoa.com\/ro\/philips-aparat-de-tuns-nt3650-16-2\/#primaryimage"},"thumbnailUrl":"https:\/\/storage.googleapis.com\/cz-shopatoa-img\/ro\/c9bfb01c-unnamed-file.webp","datePublished":"2025-05-21T17:38:07+00:00","dateModified":"2025-05-21T17:38:33+00:00","breadcrumb":{"@id":"https:\/\/shopatoa.com\/ro\/philips-aparat-de-tuns-nt3650-16-2\/#breadcrumb"},"inLanguage":"ro-RO","potentialAction":[{"@type":"ReadAction","target":["https:\/\/shopatoa.com\/ro\/philips-aparat-de-tuns-nt3650-16-2\/"]}]},{"@type":"ImageObject","inLanguage":"ro-RO","@id":"https:\/\/shopatoa.com\/ro\/philips-aparat-de-tuns-nt3650-16-2\/#primaryimage","url":"https:\/\/storage.googleapis.com\/cz-shopatoa-img\/ro\/c9bfb01c-unnamed-file.webp","contentUrl":"https:\/\/storage.googleapis.com\/cz-shopatoa-img\/ro\/c9bfb01c-unnamed-file.webp","width":800,"height":800},{"@type":"BreadcrumbList","@id":"https:\/\/shopatoa.com\/ro\/philips-aparat-de-tuns-nt3650-16-2\/#breadcrumb","itemListElement":[{"@type":"ListItem","position":1,"name":"Dom\u016f","item":"https:\/\/shopatoa.com\/ro\/"},{"@type":"ListItem","position":2,"name":"Shop","item":"https:\/\/shopatoa.com\/ro\/shop\/"},{"@type":"ListItem","position":3,"name":"Philips Aparat de tuns NT3650\/16"}]},{"@type":"WebSite","@id":"https:\/\/shopatoa.com\/ro\/#website","url":"https:\/\/shopatoa.com\/ro\/","name":"SHOPATOA","description":"","publisher":{"@id":"https:\/\/shopatoa.com\/ro\/#organization"},"potentialAction":[{"@type":"SearchAction","target":{"@type":"EntryPoint","urlTemplate":"https:\/\/shopatoa.com\/ro\/?s={search_term_string}"},"query-input":{"@type":"PropertyValueSpecification","valueRequired":true,"valueName":"search_term_string"}}],"inLanguage":"ro-RO"},{"@type":"Organization","@id":"https:\/\/shopatoa.com\/ro\/#organization","name":"SHOPATOA","url":"https:\/\/shopatoa.com\/ro\/","logo":{"@type":"ImageObject","inLanguage":"ro-RO","@id":"https:\/\/shopatoa.com\/ro\/#\/schema\/logo\/image\/","url":"https:\/\/storage.googleapis.com\/cz-shopatoa-img\/ro\/b4dac915-shopatoa_logo.png","contentUrl":"https:\/\/storage.googleapis.com\/cz-shopatoa-img\/ro\/b4dac915-shopatoa_logo.png","width":416,"height":63,"caption":"SHOPATOA"},"image":{"@id":"https:\/\/shopatoa.com\/ro\/#\/schema\/logo\/image\/"}}]}},"_links":{"self":[{"href":"https:\/\/shopatoa.com\/ro\/wp-json\/wp\/v2\/product\/361844","targetHints":{"allow":["GET"]}}],"collection":[{"href":"https:\/\/shopatoa.com\/ro\/wp-json\/wp\/v2\/product"}],"about":[{"href":"https:\/\/shopatoa.com\/ro\/wp-json\/wp\/v2\/types\/product"}],"replies":[{"embeddable":true,"href":"https:\/\/shopatoa.com\/ro\/wp-json\/wp\/v2\/comments?post=361844"}],"wp:featuredmedia":[{"embeddable":true,"href":"https:\/\/shopatoa.com\/ro\/wp-json\/wp\/v2\/media\/361846"}],"wp:attachment":[{"href":"https:\/\/shopatoa.com\/ro\/wp-json\/wp\/v2\/media?parent=361844"}],"wp:term":[{"taxonomy":"product_brand","embeddable":true,"href":"https:\/\/shopatoa.com\/ro\/wp-json\/wp\/v2\/product_brand?post=361844"},{"taxonomy":"product_cat","embeddable":true,"href":"https:\/\/shopatoa.com\/ro\/wp-json\/wp\/v2\/product_cat?post=361844"},{"taxonomy":"product_tag","embeddable":true,"href":"https:\/\/shopatoa.com\/ro\/wp-json\/wp\/v2\/product_tag?post=361844"}],"curies":[{"name":"wp","href":"https:\/\/api.w.org\/{rel}","templated":true}]}}