{"id":362069,"date":"2025-05-21T19:48:11","date_gmt":"2025-05-21T17:48:11","guid":{"rendered":"https:\/\/shopatoa.com\/ro\/silkn-masca-de-fata-cu-led-dublu-2\/"},"modified":"2025-05-21T19:48:30","modified_gmt":"2025-05-21T17:48:30","slug":"silkn-masca-de-fata-cu-led-dublu-2","status":"publish","type":"product","link":"https:\/\/shopatoa.com\/ro\/silkn-masca-de-fata-cu-led-dublu-2\/","title":{"rendered":"Silk&#8217;n Masc\u0103 de fa\u021b\u0103 cu LED dublu"},"content":{"rendered":"<p>Masca facial\u0103 Silk&#8217;n Dual LED este o abordare revolu\u021bionar\u0103 a \u00eengrijirii pielii, care v\u0103 permite s\u0103 v\u0103 trata\u021bi at\u00e2t fa\u021ba, c\u00e2t \u0219i g\u00e2tul \u00een acela\u0219i timp, pentru un aspect tineresc \u0219i revigorat. Folosind tehnologii avansate de lumin\u0103 LED (ro\u0219u, ro\u0219u \u00eenchis \u0219i albastru), \u00eempreun\u0103 cu tehnologia radia\u021biei infraro\u0219ii apropiate (NIR), ofer\u0103 pielii tale suport optim anti-\u00eemb\u0103tr\u00e2nire \u0219i \u00eentinerire. Bucura\u021bi-v\u0103 de o sesiune u\u0219oar\u0103 \u0219i confortabil\u0103 \u00een confortul casei dumneavoastr\u0103 \u0219i oferi\u021bi-v\u0103 tenului tot ce merit\u0103. Masca Silk&#8217;n Dual LED con\u021bine un total 115 lumini LED puternice \u00een trei variante de culoare (ro\u0219u, ro\u0219u \u00eenchis \u0219i albastru), fiecare av\u00e2nd o lungime de und\u0103 specific\u0103 exprimat\u0103 \u00een nanometri (nm), care determin\u0103 ad\u00e2ncimea de penetrare a luminii \u00een pielea. Lumina LED ro\u0219ie p\u0103trunde mai ad\u00e2nc \u00een cr\u0103p\u0103tur\u0103, \u00een timp ce lumina LED albastr\u0103 afecteaz\u0103 \u00een principal straturile de suprafa\u021b\u0103 ale epidermei. Masca func\u021bioneaz\u0103 \u00een 4 moduri, fiecare dintre ele av\u00e2nd un efect diferit. \u00cen cadrul fiec\u0103rui mod, lumina este emis\u0103 cu 40.000 de impulsuri de lumin\u0103 pe secund\u0103, ceea ce asigur\u0103 rezultate excelente, mai ales \u00een zona produc\u021biei de colagen. Modul 1: Lumin\u0103 LED ro\u0219ie (630 nm), Lumin\u0103 LED ro\u0219u \u00eenchis (660 nm) + Lumin\u0103 \u00een infraro\u0219u apropiat (830 nm): reduce liniile fine \u0219i ridurile, restabile\u0219te fibrele de colagen \u0219i elastin\u0103 \u0219i \u00eembun\u0103t\u0103\u021be\u0219te micro-circula\u021bia. Modul 2: Lumin\u0103 LED ro\u0219u \u00eenchis (660 nm) + lumin\u0103 \u00een infraro\u0219u apropiat (830 nm): Pentru o piele mai str\u0103lucitoare \u0219i mai neted\u0103. Modul 3: Lumin\u0103 LED ro\u0219ie (630 nm) \u0219i lumin\u0103 LED ro\u0219ie \u00eenchis (660 nm): Echilibreaz\u0103 produc\u021bia de sebum \u0219i calmeaz\u0103 pielea sensibil\u0103. Modul 4: Lumin\u0103 LED albastr\u0103 (405 nm): Ajut\u0103 la accelerarea vindec\u0103rii acneei, \u00eenro\u0219irii \u0219i asigur\u0103 o nuan\u021b\u0103 mai uniform\u0103 a pielii. Direc\u021bie precis\u0103 datorit\u0103 telecomenzii Telecomanda de masc\u0103 nou \u00eembun\u0103t\u0103\u021bit\u0103 ofer\u0103 confort maxim. Material flexibil \u0219i protec\u021bie pentru ochi Spre deosebire de m\u0103\u0219tile din plastic dure, inflexibile, masca Silk&#8217;n Dual LED este realizat\u0103 din material siliconic moale, flexibil \u0219i natural. Acest material se adapteaz\u0103 confortabil fiec\u0103rei forme a fe\u021bei \u0219i g\u00e2tului, permi\u021b\u00e2nd p\u0103trunderea optim\u0103 a luminii direct \u00een piele. Masca se poate fixa cu u\u0219urin\u021b\u0103 \u00een spatele capului sau pe cap cu 4 curele flexibile, ceea ce garanteaz\u0103 mi\u0219carea liber\u0103 \u00een timpul utiliz\u0103rii. \u00cen plus, este echipat\u0103 cu o margine de cauciuc \u00een jurul ochilor care maximizeaz\u0103 protec\u021bia ochilor \u0219i asigur\u0103 o utilizare \u00een siguran\u021b\u0103. Sesiune rapid\u0103 Cu o sesiune rapid\u0103 de zece minute, masca ofer\u0103 o modalitate rapid\u0103 \u0219i eficient\u0103 de a reda str\u0103lucirea pielii \u0219i de a ob\u021bine o \u00eembun\u0103t\u0103\u021bire pe termen lung. Este potrivit\u0103 pentru toate nuan\u021bele \u0219i tipurile de piele, inclusiv pentru pielea sensibil\u0103. Accepta\u021bi provocarea de a ob\u021bine o piele vizibil mai frumoas\u0103 \u0219i mai str\u0103lucitoare!<\/p>\n","protected":false},"excerpt":{"rendered":"<p>Masca facial\u0103 Silk&#8217;n Dual LED este o abordare revolu\u021bionar\u0103 a \u00eengrijirii pielii, care v\u0103 permite s\u0103 v\u0103 trata\u021bi at\u00e2t fa\u021ba, c\u00e2t \u0219i g\u00e2tul \u00een acela\u0219i timp, pentru un aspect tineresc \u0219i revigorat. Folosind tehnologii avansate de lumin\u0103 LED (ro\u0219u, ro\u0219u \u00eenchis \u0219i albastru), \u00eempreun\u0103 cu tehnologia radia\u021biei infraro\u0219ii apropiate (NIR), ofer\u0103 pielii tale suport optim&#8230;<\/p>\n","protected":false},"featured_media":362071,"comment_status":"closed","ping_status":"open","template":"","meta":{"_acf_changed":false,"_kadence_starter_templates_imported_post":false,"_kad_post_transparent":"","_kad_post_title":"","_kad_post_layout":"","_kad_post_sidebar_id":"","_kad_post_content_style":"","_kad_post_vertical_padding":"","_kad_post_feature":"","_kad_post_feature_position":"","_kad_post_header":false,"_kad_post_footer":false,"_kad_post_classname":""},"product_brand":[959],"product_cat":[246,634,633,665],"product_tag":[],"class_list":{"0":"post-362069","1":"product","2":"type-product","3":"status-publish","4":"has-post-thumbnail","6":"product_brand-silkn","7":"product_cat-cosmetice","8":"product_cat-produse-cosmetice-de-ingrijire-a-pielii","9":"product_cat-produse-cosmetice-pentru-piele","10":"product_cat-produse-cosmetice-pentru-riduri-si-anti-imbatranire","12":"first","13":"instock","14":"product-type-external","15":"entry","16":"content-bg","17":"loop-entry"},"acf":[],"yoast_head":"<!-- This site is optimized with the Yoast SEO plugin v27.3 - https:\/\/yoast.com\/product\/yoast-seo-wordpress\/ -->\n<title>Silk&#039;n Masc\u0103 de fa\u021b\u0103 cu LED dublu - SHOPATOA.COM<\/title>\n<meta name=\"robots\" content=\"index, follow, max-snippet:-1, max-image-preview:large, max-video-preview:-1\" \/>\n<link rel=\"canonical\" href=\"https:\/\/shopatoa.com\/ro\/silkn-masca-de-fata-cu-led-dublu-2\/\" \/>\n<meta property=\"og:locale\" content=\"ro_RO\" \/>\n<meta property=\"og:type\" content=\"article\" \/>\n<meta property=\"og:title\" content=\"Silk&#039;n Masc\u0103 de fa\u021b\u0103 cu LED dublu - SHOPATOA.COM\" \/>\n<meta property=\"og:description\" content=\"Masca facial\u0103 Silk&#8217;n Dual LED este o abordare revolu\u021bionar\u0103 a \u00eengrijirii pielii, care v\u0103 permite s\u0103 v\u0103 trata\u021bi at\u00e2t fa\u021ba, c\u00e2t \u0219i g\u00e2tul \u00een acela\u0219i timp, pentru un aspect tineresc \u0219i revigorat. Folosind tehnologii avansate de lumin\u0103 LED (ro\u0219u, ro\u0219u \u00eenchis \u0219i albastru), \u00eempreun\u0103 cu tehnologia radia\u021biei infraro\u0219ii apropiate (NIR), ofer\u0103 pielii tale suport optim...\" \/>\n<meta property=\"og:url\" content=\"https:\/\/shopatoa.com\/ro\/silkn-masca-de-fata-cu-led-dublu-2\/\" \/>\n<meta property=\"og:site_name\" content=\"SHOPATOA\" \/>\n<meta property=\"article:modified_time\" content=\"2025-05-21T17:48:30+00:00\" \/>\n<meta property=\"og:image\" content=\"https:\/\/storage.googleapis.com\/cz-shopatoa-img\/ro\/9cdddd7a-unnamed-file.webp\" \/>\n\t<meta property=\"og:image:width\" content=\"800\" \/>\n\t<meta property=\"og:image:height\" content=\"800\" \/>\n\t<meta property=\"og:image:type\" content=\"image\/webp\" \/>\n<meta name=\"twitter:card\" content=\"summary_large_image\" \/>\n<meta name=\"twitter:label1\" content=\"Timp estimat pentru citire\" \/>\n\t<meta name=\"twitter:data1\" content=\"2 minute\" \/>\n<script type=\"application\/ld+json\" class=\"yoast-schema-graph\">{\"@context\":\"https:\\\/\\\/schema.org\",\"@graph\":[{\"@type\":\"WebPage\",\"@id\":\"https:\\\/\\\/shopatoa.com\\\/ro\\\/silkn-masca-de-fata-cu-led-dublu-2\\\/\",\"url\":\"https:\\\/\\\/shopatoa.com\\\/ro\\\/silkn-masca-de-fata-cu-led-dublu-2\\\/\",\"name\":\"Silk'n Masc\u0103 de fa\u021b\u0103 cu LED dublu - SHOPATOA.COM\",\"isPartOf\":{\"@id\":\"https:\\\/\\\/shopatoa.com\\\/ro\\\/#website\"},\"primaryImageOfPage\":{\"@id\":\"https:\\\/\\\/shopatoa.com\\\/ro\\\/silkn-masca-de-fata-cu-led-dublu-2\\\/#primaryimage\"},\"image\":{\"@id\":\"https:\\\/\\\/shopatoa.com\\\/ro\\\/silkn-masca-de-fata-cu-led-dublu-2\\\/#primaryimage\"},\"thumbnailUrl\":\"https:\\\/\\\/storage.googleapis.com\\\/cz-shopatoa-img\\\/ro\\\/9cdddd7a-unnamed-file.webp\",\"datePublished\":\"2025-05-21T17:48:11+00:00\",\"dateModified\":\"2025-05-21T17:48:30+00:00\",\"breadcrumb\":{\"@id\":\"https:\\\/\\\/shopatoa.com\\\/ro\\\/silkn-masca-de-fata-cu-led-dublu-2\\\/#breadcrumb\"},\"inLanguage\":\"ro-RO\",\"potentialAction\":[{\"@type\":\"ReadAction\",\"target\":[\"https:\\\/\\\/shopatoa.com\\\/ro\\\/silkn-masca-de-fata-cu-led-dublu-2\\\/\"]}]},{\"@type\":\"ImageObject\",\"inLanguage\":\"ro-RO\",\"@id\":\"https:\\\/\\\/shopatoa.com\\\/ro\\\/silkn-masca-de-fata-cu-led-dublu-2\\\/#primaryimage\",\"url\":\"https:\\\/\\\/storage.googleapis.com\\\/cz-shopatoa-img\\\/ro\\\/9cdddd7a-unnamed-file.webp\",\"contentUrl\":\"https:\\\/\\\/storage.googleapis.com\\\/cz-shopatoa-img\\\/ro\\\/9cdddd7a-unnamed-file.webp\",\"width\":800,\"height\":800},{\"@type\":\"BreadcrumbList\",\"@id\":\"https:\\\/\\\/shopatoa.com\\\/ro\\\/silkn-masca-de-fata-cu-led-dublu-2\\\/#breadcrumb\",\"itemListElement\":[{\"@type\":\"ListItem\",\"position\":1,\"name\":\"Dom\u016f\",\"item\":\"https:\\\/\\\/shopatoa.com\\\/ro\\\/\"},{\"@type\":\"ListItem\",\"position\":2,\"name\":\"Shop\",\"item\":\"https:\\\/\\\/shopatoa.com\\\/ro\\\/shop\\\/\"},{\"@type\":\"ListItem\",\"position\":3,\"name\":\"Silk&#8217;n Masc\u0103 de fa\u021b\u0103 cu LED dublu\"}]},{\"@type\":\"WebSite\",\"@id\":\"https:\\\/\\\/shopatoa.com\\\/ro\\\/#website\",\"url\":\"https:\\\/\\\/shopatoa.com\\\/ro\\\/\",\"name\":\"SHOPATOA\",\"description\":\"\",\"publisher\":{\"@id\":\"https:\\\/\\\/shopatoa.com\\\/ro\\\/#organization\"},\"potentialAction\":[{\"@type\":\"SearchAction\",\"target\":{\"@type\":\"EntryPoint\",\"urlTemplate\":\"https:\\\/\\\/shopatoa.com\\\/ro\\\/?s={search_term_string}\"},\"query-input\":{\"@type\":\"PropertyValueSpecification\",\"valueRequired\":true,\"valueName\":\"search_term_string\"}}],\"inLanguage\":\"ro-RO\"},{\"@type\":\"Organization\",\"@id\":\"https:\\\/\\\/shopatoa.com\\\/ro\\\/#organization\",\"name\":\"SHOPATOA\",\"url\":\"https:\\\/\\\/shopatoa.com\\\/ro\\\/\",\"logo\":{\"@type\":\"ImageObject\",\"inLanguage\":\"ro-RO\",\"@id\":\"https:\\\/\\\/shopatoa.com\\\/ro\\\/#\\\/schema\\\/logo\\\/image\\\/\",\"url\":\"https:\\\/\\\/storage.googleapis.com\\\/cz-shopatoa-img\\\/ro\\\/b4dac915-shopatoa_logo.png\",\"contentUrl\":\"https:\\\/\\\/storage.googleapis.com\\\/cz-shopatoa-img\\\/ro\\\/b4dac915-shopatoa_logo.png\",\"width\":416,\"height\":63,\"caption\":\"SHOPATOA\"},\"image\":{\"@id\":\"https:\\\/\\\/shopatoa.com\\\/ro\\\/#\\\/schema\\\/logo\\\/image\\\/\"}}]}<\/script>\n<!-- \/ Yoast SEO plugin. -->","yoast_head_json":{"title":"Silk'n Masc\u0103 de fa\u021b\u0103 cu LED dublu - SHOPATOA.COM","robots":{"index":"index","follow":"follow","max-snippet":"max-snippet:-1","max-image-preview":"max-image-preview:large","max-video-preview":"max-video-preview:-1"},"canonical":"https:\/\/shopatoa.com\/ro\/silkn-masca-de-fata-cu-led-dublu-2\/","og_locale":"ro_RO","og_type":"article","og_title":"Silk'n Masc\u0103 de fa\u021b\u0103 cu LED dublu - SHOPATOA.COM","og_description":"Masca facial\u0103 Silk&#8217;n Dual LED este o abordare revolu\u021bionar\u0103 a \u00eengrijirii pielii, care v\u0103 permite s\u0103 v\u0103 trata\u021bi at\u00e2t fa\u021ba, c\u00e2t \u0219i g\u00e2tul \u00een acela\u0219i timp, pentru un aspect tineresc \u0219i revigorat. Folosind tehnologii avansate de lumin\u0103 LED (ro\u0219u, ro\u0219u \u00eenchis \u0219i albastru), \u00eempreun\u0103 cu tehnologia radia\u021biei infraro\u0219ii apropiate (NIR), ofer\u0103 pielii tale suport optim...","og_url":"https:\/\/shopatoa.com\/ro\/silkn-masca-de-fata-cu-led-dublu-2\/","og_site_name":"SHOPATOA","article_modified_time":"2025-05-21T17:48:30+00:00","og_image":[{"width":800,"height":800,"url":"https:\/\/storage.googleapis.com\/cz-shopatoa-img\/ro\/9cdddd7a-unnamed-file.webp","type":"image\/webp"}],"twitter_card":"summary_large_image","twitter_misc":{"Timp estimat pentru citire":"2 minute"},"schema":{"@context":"https:\/\/schema.org","@graph":[{"@type":"WebPage","@id":"https:\/\/shopatoa.com\/ro\/silkn-masca-de-fata-cu-led-dublu-2\/","url":"https:\/\/shopatoa.com\/ro\/silkn-masca-de-fata-cu-led-dublu-2\/","name":"Silk'n Masc\u0103 de fa\u021b\u0103 cu LED dublu - SHOPATOA.COM","isPartOf":{"@id":"https:\/\/shopatoa.com\/ro\/#website"},"primaryImageOfPage":{"@id":"https:\/\/shopatoa.com\/ro\/silkn-masca-de-fata-cu-led-dublu-2\/#primaryimage"},"image":{"@id":"https:\/\/shopatoa.com\/ro\/silkn-masca-de-fata-cu-led-dublu-2\/#primaryimage"},"thumbnailUrl":"https:\/\/storage.googleapis.com\/cz-shopatoa-img\/ro\/9cdddd7a-unnamed-file.webp","datePublished":"2025-05-21T17:48:11+00:00","dateModified":"2025-05-21T17:48:30+00:00","breadcrumb":{"@id":"https:\/\/shopatoa.com\/ro\/silkn-masca-de-fata-cu-led-dublu-2\/#breadcrumb"},"inLanguage":"ro-RO","potentialAction":[{"@type":"ReadAction","target":["https:\/\/shopatoa.com\/ro\/silkn-masca-de-fata-cu-led-dublu-2\/"]}]},{"@type":"ImageObject","inLanguage":"ro-RO","@id":"https:\/\/shopatoa.com\/ro\/silkn-masca-de-fata-cu-led-dublu-2\/#primaryimage","url":"https:\/\/storage.googleapis.com\/cz-shopatoa-img\/ro\/9cdddd7a-unnamed-file.webp","contentUrl":"https:\/\/storage.googleapis.com\/cz-shopatoa-img\/ro\/9cdddd7a-unnamed-file.webp","width":800,"height":800},{"@type":"BreadcrumbList","@id":"https:\/\/shopatoa.com\/ro\/silkn-masca-de-fata-cu-led-dublu-2\/#breadcrumb","itemListElement":[{"@type":"ListItem","position":1,"name":"Dom\u016f","item":"https:\/\/shopatoa.com\/ro\/"},{"@type":"ListItem","position":2,"name":"Shop","item":"https:\/\/shopatoa.com\/ro\/shop\/"},{"@type":"ListItem","position":3,"name":"Silk&#8217;n Masc\u0103 de fa\u021b\u0103 cu LED dublu"}]},{"@type":"WebSite","@id":"https:\/\/shopatoa.com\/ro\/#website","url":"https:\/\/shopatoa.com\/ro\/","name":"SHOPATOA","description":"","publisher":{"@id":"https:\/\/shopatoa.com\/ro\/#organization"},"potentialAction":[{"@type":"SearchAction","target":{"@type":"EntryPoint","urlTemplate":"https:\/\/shopatoa.com\/ro\/?s={search_term_string}"},"query-input":{"@type":"PropertyValueSpecification","valueRequired":true,"valueName":"search_term_string"}}],"inLanguage":"ro-RO"},{"@type":"Organization","@id":"https:\/\/shopatoa.com\/ro\/#organization","name":"SHOPATOA","url":"https:\/\/shopatoa.com\/ro\/","logo":{"@type":"ImageObject","inLanguage":"ro-RO","@id":"https:\/\/shopatoa.com\/ro\/#\/schema\/logo\/image\/","url":"https:\/\/storage.googleapis.com\/cz-shopatoa-img\/ro\/b4dac915-shopatoa_logo.png","contentUrl":"https:\/\/storage.googleapis.com\/cz-shopatoa-img\/ro\/b4dac915-shopatoa_logo.png","width":416,"height":63,"caption":"SHOPATOA"},"image":{"@id":"https:\/\/shopatoa.com\/ro\/#\/schema\/logo\/image\/"}}]}},"_links":{"self":[{"href":"https:\/\/shopatoa.com\/ro\/wp-json\/wp\/v2\/product\/362069","targetHints":{"allow":["GET"]}}],"collection":[{"href":"https:\/\/shopatoa.com\/ro\/wp-json\/wp\/v2\/product"}],"about":[{"href":"https:\/\/shopatoa.com\/ro\/wp-json\/wp\/v2\/types\/product"}],"replies":[{"embeddable":true,"href":"https:\/\/shopatoa.com\/ro\/wp-json\/wp\/v2\/comments?post=362069"}],"wp:featuredmedia":[{"embeddable":true,"href":"https:\/\/shopatoa.com\/ro\/wp-json\/wp\/v2\/media\/362071"}],"wp:attachment":[{"href":"https:\/\/shopatoa.com\/ro\/wp-json\/wp\/v2\/media?parent=362069"}],"wp:term":[{"taxonomy":"product_brand","embeddable":true,"href":"https:\/\/shopatoa.com\/ro\/wp-json\/wp\/v2\/product_brand?post=362069"},{"taxonomy":"product_cat","embeddable":true,"href":"https:\/\/shopatoa.com\/ro\/wp-json\/wp\/v2\/product_cat?post=362069"},{"taxonomy":"product_tag","embeddable":true,"href":"https:\/\/shopatoa.com\/ro\/wp-json\/wp\/v2\/product_tag?post=362069"}],"curies":[{"name":"wp","href":"https:\/\/api.w.org\/{rel}","templated":true}]}}