{"id":362140,"date":"2025-05-21T19:50:08","date_gmt":"2025-05-21T17:50:08","guid":{"rendered":"https:\/\/shopatoa.com\/ro\/captain-fawcett-balsam-de-barba-barberism-de-sid-sottung-beard-balm-60-ml-2\/"},"modified":"2025-05-21T19:51:45","modified_gmt":"2025-05-21T17:51:45","slug":"captain-fawcett-balsam-de-barba-barberism-de-sid-sottung-beard-balm-60-ml-2","status":"publish","type":"product","link":"https:\/\/shopatoa.com\/ro\/captain-fawcett-balsam-de-barba-barberism-de-sid-sottung-beard-balm-60-ml-2\/","title":{"rendered":"Captain Fawcett Balsam de barb\u0103 Barberism de Sid Sottung (Beard Balm) 60 ml"},"content":{"rendered":"<p>Pentru o barb\u0103 mai flexibil\u0103, care este mult mai u\u0219or de \u00eengrijit \u0219i \u00een acela\u0219i timp este deja pu\u021bin \u00eengrijit\u0103 dup\u0103 aplicare, deoarece balsamul are \u0219i un u\u0219or efect de fermitate. \u00cen plus, va furniza \u0219i substan\u021be nutritive pielii de sub barb\u0103 care se usuc\u0103 , care altfel ar pl\u00e2nge din greu. Parfumul s\u0103u este alc\u0103tuit din note de v\u00e2rf de limeta \u0219i portocal\u0103, o inim\u0103 de trandafir \u0219i o baz\u0103 de galbanum \u0219i o baz\u0103 de lemn de cedru, paciuli \u0219i mosc.<\/p>\n","protected":false},"excerpt":{"rendered":"<p>Pentru o barb\u0103 mai flexibil\u0103, care este mult mai u\u0219or de \u00eengrijit \u0219i \u00een acela\u0219i timp este deja pu\u021bin \u00eengrijit\u0103 dup\u0103 aplicare, deoarece balsamul are \u0219i un u\u0219or efect de fermitate. \u00cen plus, va furniza \u0219i substan\u021be nutritive pielii de sub barb\u0103 care se usuc\u0103 , care altfel ar pl\u00e2nge din greu. Parfumul s\u0103u este&#8230;<\/p>\n","protected":false},"featured_media":362142,"comment_status":"closed","ping_status":"open","template":"","meta":{"_acf_changed":false,"_kadence_starter_templates_imported_post":false,"_kad_post_transparent":"","_kad_post_title":"","_kad_post_layout":"","_kad_post_sidebar_id":"","_kad_post_content_style":"","_kad_post_vertical_padding":"","_kad_post_feature":"","_kad_post_feature_position":"","_kad_post_header":false,"_kad_post_footer":false,"_kad_post_classname":""},"product_brand":[147],"product_cat":[670,721,246],"product_tag":[],"class_list":{"0":"post-362140","1":"product","2":"type-product","3":"status-publish","4":"has-post-thumbnail","6":"product_brand-captain-fawcett","7":"product_cat-barber-shop","8":"product_cat-barber-shop-ingrijirea-barbilor","9":"product_cat-cosmetice","11":"first","12":"instock","13":"product-type-external","14":"entry","15":"content-bg","16":"loop-entry"},"acf":[],"yoast_head":"<!-- This site is optimized with the Yoast SEO plugin v27.4 - https:\/\/yoast.com\/product\/yoast-seo-wordpress\/ -->\n<title>Captain Fawcett Balsam de barb\u0103 Barberism de Sid Sottung (Beard Balm) 60 ml - SHOPATOA.COM<\/title>\n<meta name=\"robots\" content=\"index, follow, max-snippet:-1, max-image-preview:large, max-video-preview:-1\" \/>\n<link rel=\"canonical\" href=\"https:\/\/shopatoa.com\/ro\/captain-fawcett-balsam-de-barba-barberism-de-sid-sottung-beard-balm-60-ml-2\/\" \/>\n<meta property=\"og:locale\" content=\"ro_RO\" \/>\n<meta property=\"og:type\" content=\"article\" \/>\n<meta property=\"og:title\" content=\"Captain Fawcett Balsam de barb\u0103 Barberism de Sid Sottung (Beard Balm) 60 ml - SHOPATOA.COM\" \/>\n<meta property=\"og:description\" content=\"Pentru o barb\u0103 mai flexibil\u0103, care este mult mai u\u0219or de \u00eengrijit \u0219i \u00een acela\u0219i timp este deja pu\u021bin \u00eengrijit\u0103 dup\u0103 aplicare, deoarece balsamul are \u0219i un u\u0219or efect de fermitate. \u00cen plus, va furniza \u0219i substan\u021be nutritive pielii de sub barb\u0103 care se usuc\u0103 , care altfel ar pl\u00e2nge din greu. Parfumul s\u0103u este...\" \/>\n<meta property=\"og:url\" content=\"https:\/\/shopatoa.com\/ro\/captain-fawcett-balsam-de-barba-barberism-de-sid-sottung-beard-balm-60-ml-2\/\" \/>\n<meta property=\"og:site_name\" content=\"SHOPATOA\" \/>\n<meta property=\"article:modified_time\" content=\"2025-05-21T17:51:45+00:00\" \/>\n<meta property=\"og:image\" content=\"https:\/\/storage.googleapis.com\/cz-shopatoa-img\/ro\/35415a6c-unnamed-file-1.webp\" \/>\n\t<meta property=\"og:image:width\" content=\"800\" \/>\n\t<meta property=\"og:image:height\" content=\"800\" \/>\n\t<meta property=\"og:image:type\" content=\"image\/webp\" \/>\n<meta name=\"twitter:card\" content=\"summary_large_image\" \/>\n<script type=\"application\/ld+json\" class=\"yoast-schema-graph\">{\"@context\":\"https:\\\/\\\/schema.org\",\"@graph\":[{\"@type\":\"WebPage\",\"@id\":\"https:\\\/\\\/shopatoa.com\\\/ro\\\/captain-fawcett-balsam-de-barba-barberism-de-sid-sottung-beard-balm-60-ml-2\\\/\",\"url\":\"https:\\\/\\\/shopatoa.com\\\/ro\\\/captain-fawcett-balsam-de-barba-barberism-de-sid-sottung-beard-balm-60-ml-2\\\/\",\"name\":\"Captain Fawcett Balsam de barb\u0103 Barberism de Sid Sottung (Beard Balm) 60 ml - SHOPATOA.COM\",\"isPartOf\":{\"@id\":\"https:\\\/\\\/shopatoa.com\\\/ro\\\/#website\"},\"primaryImageOfPage\":{\"@id\":\"https:\\\/\\\/shopatoa.com\\\/ro\\\/captain-fawcett-balsam-de-barba-barberism-de-sid-sottung-beard-balm-60-ml-2\\\/#primaryimage\"},\"image\":{\"@id\":\"https:\\\/\\\/shopatoa.com\\\/ro\\\/captain-fawcett-balsam-de-barba-barberism-de-sid-sottung-beard-balm-60-ml-2\\\/#primaryimage\"},\"thumbnailUrl\":\"https:\\\/\\\/storage.googleapis.com\\\/cz-shopatoa-img\\\/ro\\\/35415a6c-unnamed-file-1.webp\",\"datePublished\":\"2025-05-21T17:50:08+00:00\",\"dateModified\":\"2025-05-21T17:51:45+00:00\",\"breadcrumb\":{\"@id\":\"https:\\\/\\\/shopatoa.com\\\/ro\\\/captain-fawcett-balsam-de-barba-barberism-de-sid-sottung-beard-balm-60-ml-2\\\/#breadcrumb\"},\"inLanguage\":\"ro-RO\",\"potentialAction\":[{\"@type\":\"ReadAction\",\"target\":[\"https:\\\/\\\/shopatoa.com\\\/ro\\\/captain-fawcett-balsam-de-barba-barberism-de-sid-sottung-beard-balm-60-ml-2\\\/\"]}]},{\"@type\":\"ImageObject\",\"inLanguage\":\"ro-RO\",\"@id\":\"https:\\\/\\\/shopatoa.com\\\/ro\\\/captain-fawcett-balsam-de-barba-barberism-de-sid-sottung-beard-balm-60-ml-2\\\/#primaryimage\",\"url\":\"https:\\\/\\\/storage.googleapis.com\\\/cz-shopatoa-img\\\/ro\\\/35415a6c-unnamed-file-1.webp\",\"contentUrl\":\"https:\\\/\\\/storage.googleapis.com\\\/cz-shopatoa-img\\\/ro\\\/35415a6c-unnamed-file-1.webp\",\"width\":800,\"height\":800},{\"@type\":\"BreadcrumbList\",\"@id\":\"https:\\\/\\\/shopatoa.com\\\/ro\\\/captain-fawcett-balsam-de-barba-barberism-de-sid-sottung-beard-balm-60-ml-2\\\/#breadcrumb\",\"itemListElement\":[{\"@type\":\"ListItem\",\"position\":1,\"name\":\"Dom\u016f\",\"item\":\"https:\\\/\\\/shopatoa.com\\\/ro\\\/\"},{\"@type\":\"ListItem\",\"position\":2,\"name\":\"Shop\",\"item\":\"https:\\\/\\\/shopatoa.com\\\/ro\\\/shop\\\/\"},{\"@type\":\"ListItem\",\"position\":3,\"name\":\"Captain Fawcett Balsam de barb\u0103 Barberism de Sid Sottung (Beard Balm) 60 ml\"}]},{\"@type\":\"WebSite\",\"@id\":\"https:\\\/\\\/shopatoa.com\\\/ro\\\/#website\",\"url\":\"https:\\\/\\\/shopatoa.com\\\/ro\\\/\",\"name\":\"SHOPATOA\",\"description\":\"\",\"publisher\":{\"@id\":\"https:\\\/\\\/shopatoa.com\\\/ro\\\/#organization\"},\"potentialAction\":[{\"@type\":\"SearchAction\",\"target\":{\"@type\":\"EntryPoint\",\"urlTemplate\":\"https:\\\/\\\/shopatoa.com\\\/ro\\\/?s={search_term_string}\"},\"query-input\":{\"@type\":\"PropertyValueSpecification\",\"valueRequired\":true,\"valueName\":\"search_term_string\"}}],\"inLanguage\":\"ro-RO\"},{\"@type\":\"Organization\",\"@id\":\"https:\\\/\\\/shopatoa.com\\\/ro\\\/#organization\",\"name\":\"SHOPATOA\",\"url\":\"https:\\\/\\\/shopatoa.com\\\/ro\\\/\",\"logo\":{\"@type\":\"ImageObject\",\"inLanguage\":\"ro-RO\",\"@id\":\"https:\\\/\\\/shopatoa.com\\\/ro\\\/#\\\/schema\\\/logo\\\/image\\\/\",\"url\":\"https:\\\/\\\/storage.googleapis.com\\\/cz-shopatoa-img\\\/ro\\\/b4dac915-shopatoa_logo.png\",\"contentUrl\":\"https:\\\/\\\/storage.googleapis.com\\\/cz-shopatoa-img\\\/ro\\\/b4dac915-shopatoa_logo.png\",\"width\":416,\"height\":63,\"caption\":\"SHOPATOA\"},\"image\":{\"@id\":\"https:\\\/\\\/shopatoa.com\\\/ro\\\/#\\\/schema\\\/logo\\\/image\\\/\"}}]}<\/script>\n<!-- \/ Yoast SEO plugin. -->","yoast_head_json":{"title":"Captain Fawcett Balsam de barb\u0103 Barberism de Sid Sottung (Beard Balm) 60 ml - SHOPATOA.COM","robots":{"index":"index","follow":"follow","max-snippet":"max-snippet:-1","max-image-preview":"max-image-preview:large","max-video-preview":"max-video-preview:-1"},"canonical":"https:\/\/shopatoa.com\/ro\/captain-fawcett-balsam-de-barba-barberism-de-sid-sottung-beard-balm-60-ml-2\/","og_locale":"ro_RO","og_type":"article","og_title":"Captain Fawcett Balsam de barb\u0103 Barberism de Sid Sottung (Beard Balm) 60 ml - SHOPATOA.COM","og_description":"Pentru o barb\u0103 mai flexibil\u0103, care este mult mai u\u0219or de \u00eengrijit \u0219i \u00een acela\u0219i timp este deja pu\u021bin \u00eengrijit\u0103 dup\u0103 aplicare, deoarece balsamul are \u0219i un u\u0219or efect de fermitate. \u00cen plus, va furniza \u0219i substan\u021be nutritive pielii de sub barb\u0103 care se usuc\u0103 , care altfel ar pl\u00e2nge din greu. Parfumul s\u0103u este...","og_url":"https:\/\/shopatoa.com\/ro\/captain-fawcett-balsam-de-barba-barberism-de-sid-sottung-beard-balm-60-ml-2\/","og_site_name":"SHOPATOA","article_modified_time":"2025-05-21T17:51:45+00:00","og_image":[{"width":800,"height":800,"url":"https:\/\/storage.googleapis.com\/cz-shopatoa-img\/ro\/35415a6c-unnamed-file-1.webp","type":"image\/webp"}],"twitter_card":"summary_large_image","schema":{"@context":"https:\/\/schema.org","@graph":[{"@type":"WebPage","@id":"https:\/\/shopatoa.com\/ro\/captain-fawcett-balsam-de-barba-barberism-de-sid-sottung-beard-balm-60-ml-2\/","url":"https:\/\/shopatoa.com\/ro\/captain-fawcett-balsam-de-barba-barberism-de-sid-sottung-beard-balm-60-ml-2\/","name":"Captain Fawcett Balsam de barb\u0103 Barberism de Sid Sottung (Beard Balm) 60 ml - SHOPATOA.COM","isPartOf":{"@id":"https:\/\/shopatoa.com\/ro\/#website"},"primaryImageOfPage":{"@id":"https:\/\/shopatoa.com\/ro\/captain-fawcett-balsam-de-barba-barberism-de-sid-sottung-beard-balm-60-ml-2\/#primaryimage"},"image":{"@id":"https:\/\/shopatoa.com\/ro\/captain-fawcett-balsam-de-barba-barberism-de-sid-sottung-beard-balm-60-ml-2\/#primaryimage"},"thumbnailUrl":"https:\/\/storage.googleapis.com\/cz-shopatoa-img\/ro\/35415a6c-unnamed-file-1.webp","datePublished":"2025-05-21T17:50:08+00:00","dateModified":"2025-05-21T17:51:45+00:00","breadcrumb":{"@id":"https:\/\/shopatoa.com\/ro\/captain-fawcett-balsam-de-barba-barberism-de-sid-sottung-beard-balm-60-ml-2\/#breadcrumb"},"inLanguage":"ro-RO","potentialAction":[{"@type":"ReadAction","target":["https:\/\/shopatoa.com\/ro\/captain-fawcett-balsam-de-barba-barberism-de-sid-sottung-beard-balm-60-ml-2\/"]}]},{"@type":"ImageObject","inLanguage":"ro-RO","@id":"https:\/\/shopatoa.com\/ro\/captain-fawcett-balsam-de-barba-barberism-de-sid-sottung-beard-balm-60-ml-2\/#primaryimage","url":"https:\/\/storage.googleapis.com\/cz-shopatoa-img\/ro\/35415a6c-unnamed-file-1.webp","contentUrl":"https:\/\/storage.googleapis.com\/cz-shopatoa-img\/ro\/35415a6c-unnamed-file-1.webp","width":800,"height":800},{"@type":"BreadcrumbList","@id":"https:\/\/shopatoa.com\/ro\/captain-fawcett-balsam-de-barba-barberism-de-sid-sottung-beard-balm-60-ml-2\/#breadcrumb","itemListElement":[{"@type":"ListItem","position":1,"name":"Dom\u016f","item":"https:\/\/shopatoa.com\/ro\/"},{"@type":"ListItem","position":2,"name":"Shop","item":"https:\/\/shopatoa.com\/ro\/shop\/"},{"@type":"ListItem","position":3,"name":"Captain Fawcett Balsam de barb\u0103 Barberism de Sid Sottung (Beard Balm) 60 ml"}]},{"@type":"WebSite","@id":"https:\/\/shopatoa.com\/ro\/#website","url":"https:\/\/shopatoa.com\/ro\/","name":"SHOPATOA","description":"","publisher":{"@id":"https:\/\/shopatoa.com\/ro\/#organization"},"potentialAction":[{"@type":"SearchAction","target":{"@type":"EntryPoint","urlTemplate":"https:\/\/shopatoa.com\/ro\/?s={search_term_string}"},"query-input":{"@type":"PropertyValueSpecification","valueRequired":true,"valueName":"search_term_string"}}],"inLanguage":"ro-RO"},{"@type":"Organization","@id":"https:\/\/shopatoa.com\/ro\/#organization","name":"SHOPATOA","url":"https:\/\/shopatoa.com\/ro\/","logo":{"@type":"ImageObject","inLanguage":"ro-RO","@id":"https:\/\/shopatoa.com\/ro\/#\/schema\/logo\/image\/","url":"https:\/\/storage.googleapis.com\/cz-shopatoa-img\/ro\/b4dac915-shopatoa_logo.png","contentUrl":"https:\/\/storage.googleapis.com\/cz-shopatoa-img\/ro\/b4dac915-shopatoa_logo.png","width":416,"height":63,"caption":"SHOPATOA"},"image":{"@id":"https:\/\/shopatoa.com\/ro\/#\/schema\/logo\/image\/"}}]}},"_links":{"self":[{"href":"https:\/\/shopatoa.com\/ro\/wp-json\/wp\/v2\/product\/362140","targetHints":{"allow":["GET"]}}],"collection":[{"href":"https:\/\/shopatoa.com\/ro\/wp-json\/wp\/v2\/product"}],"about":[{"href":"https:\/\/shopatoa.com\/ro\/wp-json\/wp\/v2\/types\/product"}],"replies":[{"embeddable":true,"href":"https:\/\/shopatoa.com\/ro\/wp-json\/wp\/v2\/comments?post=362140"}],"wp:featuredmedia":[{"embeddable":true,"href":"https:\/\/shopatoa.com\/ro\/wp-json\/wp\/v2\/media\/362142"}],"wp:attachment":[{"href":"https:\/\/shopatoa.com\/ro\/wp-json\/wp\/v2\/media?parent=362140"}],"wp:term":[{"taxonomy":"product_brand","embeddable":true,"href":"https:\/\/shopatoa.com\/ro\/wp-json\/wp\/v2\/product_brand?post=362140"},{"taxonomy":"product_cat","embeddable":true,"href":"https:\/\/shopatoa.com\/ro\/wp-json\/wp\/v2\/product_cat?post=362140"},{"taxonomy":"product_tag","embeddable":true,"href":"https:\/\/shopatoa.com\/ro\/wp-json\/wp\/v2\/product_tag?post=362140"}],"curies":[{"name":"wp","href":"https:\/\/api.w.org\/{rel}","templated":true}]}}