{"id":362151,"date":"2025-05-21T19:51:48","date_gmt":"2025-05-21T17:51:48","guid":{"rendered":"https:\/\/shopatoa.com\/ro\/captain-fawcett-apa-de-parfum-maharajah-edp-50-ml-2\/"},"modified":"2025-05-21T19:52:17","modified_gmt":"2025-05-21T17:52:17","slug":"captain-fawcett-apa-de-parfum-maharajah-edp-50-ml-2","status":"publish","type":"product","link":"https:\/\/shopatoa.com\/ro\/captain-fawcett-apa-de-parfum-maharajah-edp-50-ml-2\/","title":{"rendered":"Captain Fawcett Ap\u0103 de parfum Maharajah EDP 50 ml"},"content":{"rendered":"<p>Armonioas\u0103, dar \u00eentr-un mod deosebit ciudat\u0103 \u00een felul c\u0103pitanului Maharajah Eau de Parfum. De data aceasta foarte oriental\u0103, creat \u00een colaborare cu produc\u0103torul englez din India inspirat\u0103 de \u00eembr\u0103c\u0103minte la comand\u0103, The Jodhpur Company. Te transport\u0103 imediat \u00een locuri exotice \u00eendep\u0103rtate \u0219i \u00ee\u021bi aminte\u0219te de o sut\u0103 \u0219i una de parfumuri ale mamei Indiei. Compozi\u021bia parfumului: Cap: citrice, piper, trandafir, Inima: piele, lemn de cedru, Baza: t\u0103m\u00e2ie, mosc.<\/p>\n","protected":false},"excerpt":{"rendered":"<p>Armonioas\u0103, dar \u00eentr-un mod deosebit ciudat\u0103 \u00een felul c\u0103pitanului Maharajah Eau de Parfum. De data aceasta foarte oriental\u0103, creat \u00een colaborare cu produc\u0103torul englez din India inspirat\u0103 de \u00eembr\u0103c\u0103minte la comand\u0103, The Jodhpur Company. Te transport\u0103 imediat \u00een locuri exotice \u00eendep\u0103rtate \u0219i \u00ee\u021bi aminte\u0219te de o sut\u0103 \u0219i una de parfumuri ale mamei Indiei. Compozi\u021bia&#8230;<\/p>\n","protected":false},"featured_media":362153,"comment_status":"closed","ping_status":"open","template":"","meta":{"_acf_changed":false,"_kadence_starter_templates_imported_post":false,"_kad_post_transparent":"","_kad_post_title":"","_kad_post_layout":"","_kad_post_sidebar_id":"","_kad_post_content_style":"","_kad_post_vertical_padding":"","_kad_post_feature":"","_kad_post_feature_position":"","_kad_post_header":false,"_kad_post_footer":false,"_kad_post_classname":""},"product_brand":[147],"product_cat":[612,246,611],"product_tag":[],"class_list":{"0":"post-362151","1":"product","2":"type-product","3":"status-publish","4":"has-post-thumbnail","6":"product_brand-captain-fawcett","7":"product_cat-cosmetica-pentru-ingrijirea-corpului","8":"product_cat-cosmetice","9":"product_cat-produse-cosmetice-pentru-corp","11":"first","12":"instock","13":"product-type-external","14":"entry","15":"content-bg","16":"loop-entry"},"acf":[],"yoast_head":"<!-- This site is optimized with the Yoast SEO plugin v27.4 - https:\/\/yoast.com\/product\/yoast-seo-wordpress\/ -->\n<title>Captain Fawcett Ap\u0103 de parfum Maharajah EDP 50 ml - SHOPATOA.COM<\/title>\n<meta name=\"robots\" content=\"index, follow, max-snippet:-1, max-image-preview:large, max-video-preview:-1\" \/>\n<link rel=\"canonical\" href=\"https:\/\/shopatoa.com\/ro\/captain-fawcett-apa-de-parfum-maharajah-edp-50-ml-2\/\" \/>\n<meta property=\"og:locale\" content=\"ro_RO\" \/>\n<meta property=\"og:type\" content=\"article\" \/>\n<meta property=\"og:title\" content=\"Captain Fawcett Ap\u0103 de parfum Maharajah EDP 50 ml - SHOPATOA.COM\" \/>\n<meta property=\"og:description\" content=\"Armonioas\u0103, dar \u00eentr-un mod deosebit ciudat\u0103 \u00een felul c\u0103pitanului Maharajah Eau de Parfum. De data aceasta foarte oriental\u0103, creat \u00een colaborare cu produc\u0103torul englez din India inspirat\u0103 de \u00eembr\u0103c\u0103minte la comand\u0103, The Jodhpur Company. Te transport\u0103 imediat \u00een locuri exotice \u00eendep\u0103rtate \u0219i \u00ee\u021bi aminte\u0219te de o sut\u0103 \u0219i una de parfumuri ale mamei Indiei. Compozi\u021bia...\" \/>\n<meta property=\"og:url\" content=\"https:\/\/shopatoa.com\/ro\/captain-fawcett-apa-de-parfum-maharajah-edp-50-ml-2\/\" \/>\n<meta property=\"og:site_name\" content=\"SHOPATOA\" \/>\n<meta property=\"article:modified_time\" content=\"2025-05-21T17:52:17+00:00\" \/>\n<meta property=\"og:image\" content=\"https:\/\/storage.googleapis.com\/cz-shopatoa-img\/ro\/8a789630-unnamed-file.webp\" \/>\n\t<meta property=\"og:image:width\" content=\"800\" \/>\n\t<meta property=\"og:image:height\" content=\"800\" \/>\n\t<meta property=\"og:image:type\" content=\"image\/webp\" \/>\n<meta name=\"twitter:card\" content=\"summary_large_image\" \/>\n<script type=\"application\/ld+json\" class=\"yoast-schema-graph\">{\"@context\":\"https:\\\/\\\/schema.org\",\"@graph\":[{\"@type\":\"WebPage\",\"@id\":\"https:\\\/\\\/shopatoa.com\\\/ro\\\/captain-fawcett-apa-de-parfum-maharajah-edp-50-ml-2\\\/\",\"url\":\"https:\\\/\\\/shopatoa.com\\\/ro\\\/captain-fawcett-apa-de-parfum-maharajah-edp-50-ml-2\\\/\",\"name\":\"Captain Fawcett Ap\u0103 de parfum Maharajah EDP 50 ml - SHOPATOA.COM\",\"isPartOf\":{\"@id\":\"https:\\\/\\\/shopatoa.com\\\/ro\\\/#website\"},\"primaryImageOfPage\":{\"@id\":\"https:\\\/\\\/shopatoa.com\\\/ro\\\/captain-fawcett-apa-de-parfum-maharajah-edp-50-ml-2\\\/#primaryimage\"},\"image\":{\"@id\":\"https:\\\/\\\/shopatoa.com\\\/ro\\\/captain-fawcett-apa-de-parfum-maharajah-edp-50-ml-2\\\/#primaryimage\"},\"thumbnailUrl\":\"https:\\\/\\\/storage.googleapis.com\\\/cz-shopatoa-img\\\/ro\\\/8a789630-unnamed-file.webp\",\"datePublished\":\"2025-05-21T17:51:48+00:00\",\"dateModified\":\"2025-05-21T17:52:17+00:00\",\"breadcrumb\":{\"@id\":\"https:\\\/\\\/shopatoa.com\\\/ro\\\/captain-fawcett-apa-de-parfum-maharajah-edp-50-ml-2\\\/#breadcrumb\"},\"inLanguage\":\"ro-RO\",\"potentialAction\":[{\"@type\":\"ReadAction\",\"target\":[\"https:\\\/\\\/shopatoa.com\\\/ro\\\/captain-fawcett-apa-de-parfum-maharajah-edp-50-ml-2\\\/\"]}]},{\"@type\":\"ImageObject\",\"inLanguage\":\"ro-RO\",\"@id\":\"https:\\\/\\\/shopatoa.com\\\/ro\\\/captain-fawcett-apa-de-parfum-maharajah-edp-50-ml-2\\\/#primaryimage\",\"url\":\"https:\\\/\\\/storage.googleapis.com\\\/cz-shopatoa-img\\\/ro\\\/8a789630-unnamed-file.webp\",\"contentUrl\":\"https:\\\/\\\/storage.googleapis.com\\\/cz-shopatoa-img\\\/ro\\\/8a789630-unnamed-file.webp\",\"width\":800,\"height\":800},{\"@type\":\"BreadcrumbList\",\"@id\":\"https:\\\/\\\/shopatoa.com\\\/ro\\\/captain-fawcett-apa-de-parfum-maharajah-edp-50-ml-2\\\/#breadcrumb\",\"itemListElement\":[{\"@type\":\"ListItem\",\"position\":1,\"name\":\"Dom\u016f\",\"item\":\"https:\\\/\\\/shopatoa.com\\\/ro\\\/\"},{\"@type\":\"ListItem\",\"position\":2,\"name\":\"Shop\",\"item\":\"https:\\\/\\\/shopatoa.com\\\/ro\\\/shop\\\/\"},{\"@type\":\"ListItem\",\"position\":3,\"name\":\"Captain Fawcett Ap\u0103 de parfum Maharajah EDP 50 ml\"}]},{\"@type\":\"WebSite\",\"@id\":\"https:\\\/\\\/shopatoa.com\\\/ro\\\/#website\",\"url\":\"https:\\\/\\\/shopatoa.com\\\/ro\\\/\",\"name\":\"SHOPATOA\",\"description\":\"\",\"publisher\":{\"@id\":\"https:\\\/\\\/shopatoa.com\\\/ro\\\/#organization\"},\"potentialAction\":[{\"@type\":\"SearchAction\",\"target\":{\"@type\":\"EntryPoint\",\"urlTemplate\":\"https:\\\/\\\/shopatoa.com\\\/ro\\\/?s={search_term_string}\"},\"query-input\":{\"@type\":\"PropertyValueSpecification\",\"valueRequired\":true,\"valueName\":\"search_term_string\"}}],\"inLanguage\":\"ro-RO\"},{\"@type\":\"Organization\",\"@id\":\"https:\\\/\\\/shopatoa.com\\\/ro\\\/#organization\",\"name\":\"SHOPATOA\",\"url\":\"https:\\\/\\\/shopatoa.com\\\/ro\\\/\",\"logo\":{\"@type\":\"ImageObject\",\"inLanguage\":\"ro-RO\",\"@id\":\"https:\\\/\\\/shopatoa.com\\\/ro\\\/#\\\/schema\\\/logo\\\/image\\\/\",\"url\":\"https:\\\/\\\/storage.googleapis.com\\\/cz-shopatoa-img\\\/ro\\\/b4dac915-shopatoa_logo.png\",\"contentUrl\":\"https:\\\/\\\/storage.googleapis.com\\\/cz-shopatoa-img\\\/ro\\\/b4dac915-shopatoa_logo.png\",\"width\":416,\"height\":63,\"caption\":\"SHOPATOA\"},\"image\":{\"@id\":\"https:\\\/\\\/shopatoa.com\\\/ro\\\/#\\\/schema\\\/logo\\\/image\\\/\"}}]}<\/script>\n<!-- \/ Yoast SEO plugin. -->","yoast_head_json":{"title":"Captain Fawcett Ap\u0103 de parfum Maharajah EDP 50 ml - SHOPATOA.COM","robots":{"index":"index","follow":"follow","max-snippet":"max-snippet:-1","max-image-preview":"max-image-preview:large","max-video-preview":"max-video-preview:-1"},"canonical":"https:\/\/shopatoa.com\/ro\/captain-fawcett-apa-de-parfum-maharajah-edp-50-ml-2\/","og_locale":"ro_RO","og_type":"article","og_title":"Captain Fawcett Ap\u0103 de parfum Maharajah EDP 50 ml - SHOPATOA.COM","og_description":"Armonioas\u0103, dar \u00eentr-un mod deosebit ciudat\u0103 \u00een felul c\u0103pitanului Maharajah Eau de Parfum. De data aceasta foarte oriental\u0103, creat \u00een colaborare cu produc\u0103torul englez din India inspirat\u0103 de \u00eembr\u0103c\u0103minte la comand\u0103, The Jodhpur Company. Te transport\u0103 imediat \u00een locuri exotice \u00eendep\u0103rtate \u0219i \u00ee\u021bi aminte\u0219te de o sut\u0103 \u0219i una de parfumuri ale mamei Indiei. Compozi\u021bia...","og_url":"https:\/\/shopatoa.com\/ro\/captain-fawcett-apa-de-parfum-maharajah-edp-50-ml-2\/","og_site_name":"SHOPATOA","article_modified_time":"2025-05-21T17:52:17+00:00","og_image":[{"width":800,"height":800,"url":"https:\/\/storage.googleapis.com\/cz-shopatoa-img\/ro\/8a789630-unnamed-file.webp","type":"image\/webp"}],"twitter_card":"summary_large_image","schema":{"@context":"https:\/\/schema.org","@graph":[{"@type":"WebPage","@id":"https:\/\/shopatoa.com\/ro\/captain-fawcett-apa-de-parfum-maharajah-edp-50-ml-2\/","url":"https:\/\/shopatoa.com\/ro\/captain-fawcett-apa-de-parfum-maharajah-edp-50-ml-2\/","name":"Captain Fawcett Ap\u0103 de parfum Maharajah EDP 50 ml - SHOPATOA.COM","isPartOf":{"@id":"https:\/\/shopatoa.com\/ro\/#website"},"primaryImageOfPage":{"@id":"https:\/\/shopatoa.com\/ro\/captain-fawcett-apa-de-parfum-maharajah-edp-50-ml-2\/#primaryimage"},"image":{"@id":"https:\/\/shopatoa.com\/ro\/captain-fawcett-apa-de-parfum-maharajah-edp-50-ml-2\/#primaryimage"},"thumbnailUrl":"https:\/\/storage.googleapis.com\/cz-shopatoa-img\/ro\/8a789630-unnamed-file.webp","datePublished":"2025-05-21T17:51:48+00:00","dateModified":"2025-05-21T17:52:17+00:00","breadcrumb":{"@id":"https:\/\/shopatoa.com\/ro\/captain-fawcett-apa-de-parfum-maharajah-edp-50-ml-2\/#breadcrumb"},"inLanguage":"ro-RO","potentialAction":[{"@type":"ReadAction","target":["https:\/\/shopatoa.com\/ro\/captain-fawcett-apa-de-parfum-maharajah-edp-50-ml-2\/"]}]},{"@type":"ImageObject","inLanguage":"ro-RO","@id":"https:\/\/shopatoa.com\/ro\/captain-fawcett-apa-de-parfum-maharajah-edp-50-ml-2\/#primaryimage","url":"https:\/\/storage.googleapis.com\/cz-shopatoa-img\/ro\/8a789630-unnamed-file.webp","contentUrl":"https:\/\/storage.googleapis.com\/cz-shopatoa-img\/ro\/8a789630-unnamed-file.webp","width":800,"height":800},{"@type":"BreadcrumbList","@id":"https:\/\/shopatoa.com\/ro\/captain-fawcett-apa-de-parfum-maharajah-edp-50-ml-2\/#breadcrumb","itemListElement":[{"@type":"ListItem","position":1,"name":"Dom\u016f","item":"https:\/\/shopatoa.com\/ro\/"},{"@type":"ListItem","position":2,"name":"Shop","item":"https:\/\/shopatoa.com\/ro\/shop\/"},{"@type":"ListItem","position":3,"name":"Captain Fawcett Ap\u0103 de parfum Maharajah EDP 50 ml"}]},{"@type":"WebSite","@id":"https:\/\/shopatoa.com\/ro\/#website","url":"https:\/\/shopatoa.com\/ro\/","name":"SHOPATOA","description":"","publisher":{"@id":"https:\/\/shopatoa.com\/ro\/#organization"},"potentialAction":[{"@type":"SearchAction","target":{"@type":"EntryPoint","urlTemplate":"https:\/\/shopatoa.com\/ro\/?s={search_term_string}"},"query-input":{"@type":"PropertyValueSpecification","valueRequired":true,"valueName":"search_term_string"}}],"inLanguage":"ro-RO"},{"@type":"Organization","@id":"https:\/\/shopatoa.com\/ro\/#organization","name":"SHOPATOA","url":"https:\/\/shopatoa.com\/ro\/","logo":{"@type":"ImageObject","inLanguage":"ro-RO","@id":"https:\/\/shopatoa.com\/ro\/#\/schema\/logo\/image\/","url":"https:\/\/storage.googleapis.com\/cz-shopatoa-img\/ro\/b4dac915-shopatoa_logo.png","contentUrl":"https:\/\/storage.googleapis.com\/cz-shopatoa-img\/ro\/b4dac915-shopatoa_logo.png","width":416,"height":63,"caption":"SHOPATOA"},"image":{"@id":"https:\/\/shopatoa.com\/ro\/#\/schema\/logo\/image\/"}}]}},"_links":{"self":[{"href":"https:\/\/shopatoa.com\/ro\/wp-json\/wp\/v2\/product\/362151","targetHints":{"allow":["GET"]}}],"collection":[{"href":"https:\/\/shopatoa.com\/ro\/wp-json\/wp\/v2\/product"}],"about":[{"href":"https:\/\/shopatoa.com\/ro\/wp-json\/wp\/v2\/types\/product"}],"replies":[{"embeddable":true,"href":"https:\/\/shopatoa.com\/ro\/wp-json\/wp\/v2\/comments?post=362151"}],"wp:featuredmedia":[{"embeddable":true,"href":"https:\/\/shopatoa.com\/ro\/wp-json\/wp\/v2\/media\/362153"}],"wp:attachment":[{"href":"https:\/\/shopatoa.com\/ro\/wp-json\/wp\/v2\/media?parent=362151"}],"wp:term":[{"taxonomy":"product_brand","embeddable":true,"href":"https:\/\/shopatoa.com\/ro\/wp-json\/wp\/v2\/product_brand?post=362151"},{"taxonomy":"product_cat","embeddable":true,"href":"https:\/\/shopatoa.com\/ro\/wp-json\/wp\/v2\/product_cat?post=362151"},{"taxonomy":"product_tag","embeddable":true,"href":"https:\/\/shopatoa.com\/ro\/wp-json\/wp\/v2\/product_tag?post=362151"}],"curies":[{"name":"wp","href":"https:\/\/api.w.org\/{rel}","templated":true}]}}