{"id":362301,"date":"2025-05-21T19:58:37","date_gmt":"2025-05-21T17:58:37","guid":{"rendered":"https:\/\/shopatoa.com\/ro\/dermacol-masca-faciala-bio-retinol-face-mask-2-x-8-ml-2\/"},"modified":"2025-05-21T19:58:54","modified_gmt":"2025-05-21T17:58:54","slug":"dermacol-masca-faciala-bio-retinol-face-mask-2-x-8-ml-2","status":"publish","type":"product","link":"https:\/\/shopatoa.com\/ro\/dermacol-masca-faciala-bio-retinol-face-mask-2-x-8-ml-2\/","title":{"rendered":"Dermacol Masc\u0103 facial\u0103 Bio Retinol (Face Mask) 2 x 8 ml"},"content":{"rendered":"<p>Retinolul \u0219i retinoizii sunt deriva\u021bi ai vitaminei A, considerat\u0103 a fi una dintre cele mai importante vitamine pentru tinere\u021be \u0219i frumuse\u021be, \u00een special datorit\u0103 efectelor lor anti-\u00eemb\u0103tr\u00e2nire \u0219i stimul\u0103rii regener\u0103rii celulare. Retinoizii accelereaz\u0103 procesul natural de re\u00eennoire a pielii, atunci c\u00e2nd straturile inferioare ale epidermei ies la suprafa\u021b\u0103. Acest proces dureaz\u0103 aproximativ 28 de zile, iar retinolul accelereaz\u0103 acest proces. Ele sus\u021bin formarea de elastin\u0103 \u0219i colagen, care umple \u0219i \u00eent\u0103re\u0219te pielea. Rezultatul este uniformizarea tonului pielii, netezirea ridurilor fine, reducerea ridurilor mai ad\u00e2nci, \u00eendep\u0103rtarea petelor pigmentare \u0219i, \u00een general, o piele mai fin\u0103 \u0219i mai catifelat\u0103.<\/p>\n","protected":false},"excerpt":{"rendered":"<p>Retinolul \u0219i retinoizii sunt deriva\u021bi ai vitaminei A, considerat\u0103 a fi una dintre cele mai importante vitamine pentru tinere\u021be \u0219i frumuse\u021be, \u00een special datorit\u0103 efectelor lor anti-\u00eemb\u0103tr\u00e2nire \u0219i stimul\u0103rii regener\u0103rii celulare. Retinoizii accelereaz\u0103 procesul natural de re\u00eennoire a pielii, atunci c\u00e2nd straturile inferioare ale epidermei ies la suprafa\u021b\u0103. Acest proces dureaz\u0103 aproximativ 28 de zile,&#8230;<\/p>\n","protected":false},"featured_media":362303,"comment_status":"closed","ping_status":"open","template":"","meta":{"_acf_changed":false,"_kadence_starter_templates_imported_post":false,"_kad_post_transparent":"","_kad_post_title":"","_kad_post_layout":"","_kad_post_sidebar_id":"","_kad_post_content_style":"","_kad_post_vertical_padding":"","_kad_post_feature":"","_kad_post_feature_position":"","_kad_post_header":false,"_kad_post_footer":false,"_kad_post_classname":""},"product_brand":[126],"product_cat":[246,719,634,633],"product_tag":[],"class_list":{"0":"post-362301","1":"product","2":"type-product","3":"status-publish","4":"has-post-thumbnail","6":"product_brand-dermacol","7":"product_cat-cosmetice","8":"product_cat-preparate-cosmetice-pentru-pete-pigmentare","9":"product_cat-produse-cosmetice-de-ingrijire-a-pielii","10":"product_cat-produse-cosmetice-pentru-piele","12":"first","13":"instock","14":"product-type-external","15":"entry","16":"content-bg","17":"loop-entry"},"acf":[],"yoast_head":"<!-- This site is optimized with the Yoast SEO plugin v27.3 - https:\/\/yoast.com\/product\/yoast-seo-wordpress\/ -->\n<title>Dermacol Masc\u0103 facial\u0103 Bio Retinol (Face Mask) 2 x 8 ml - SHOPATOA.COM<\/title>\n<meta name=\"robots\" content=\"index, follow, max-snippet:-1, max-image-preview:large, max-video-preview:-1\" \/>\n<link rel=\"canonical\" href=\"https:\/\/shopatoa.com\/ro\/dermacol-masca-faciala-bio-retinol-face-mask-2-x-8-ml-2\/\" \/>\n<meta property=\"og:locale\" content=\"ro_RO\" \/>\n<meta property=\"og:type\" content=\"article\" \/>\n<meta property=\"og:title\" content=\"Dermacol Masc\u0103 facial\u0103 Bio Retinol (Face Mask) 2 x 8 ml - SHOPATOA.COM\" \/>\n<meta property=\"og:description\" content=\"Retinolul \u0219i retinoizii sunt deriva\u021bi ai vitaminei A, considerat\u0103 a fi una dintre cele mai importante vitamine pentru tinere\u021be \u0219i frumuse\u021be, \u00een special datorit\u0103 efectelor lor anti-\u00eemb\u0103tr\u00e2nire \u0219i stimul\u0103rii regener\u0103rii celulare. Retinoizii accelereaz\u0103 procesul natural de re\u00eennoire a pielii, atunci c\u00e2nd straturile inferioare ale epidermei ies la suprafa\u021b\u0103. Acest proces dureaz\u0103 aproximativ 28 de zile,...\" \/>\n<meta property=\"og:url\" content=\"https:\/\/shopatoa.com\/ro\/dermacol-masca-faciala-bio-retinol-face-mask-2-x-8-ml-2\/\" \/>\n<meta property=\"og:site_name\" content=\"SHOPATOA\" \/>\n<meta property=\"article:modified_time\" content=\"2025-05-21T17:58:54+00:00\" \/>\n<meta property=\"og:image\" content=\"https:\/\/storage.googleapis.com\/cz-shopatoa-img\/ro\/792ce798-unnamed-file.webp\" \/>\n\t<meta property=\"og:image:width\" content=\"800\" \/>\n\t<meta property=\"og:image:height\" content=\"800\" \/>\n\t<meta property=\"og:image:type\" content=\"image\/webp\" \/>\n<meta name=\"twitter:card\" content=\"summary_large_image\" \/>\n<meta name=\"twitter:label1\" content=\"Timp estimat pentru citire\" \/>\n\t<meta name=\"twitter:data1\" content=\"1 minut\" \/>\n<script type=\"application\/ld+json\" class=\"yoast-schema-graph\">{\"@context\":\"https:\\\/\\\/schema.org\",\"@graph\":[{\"@type\":\"WebPage\",\"@id\":\"https:\\\/\\\/shopatoa.com\\\/ro\\\/dermacol-masca-faciala-bio-retinol-face-mask-2-x-8-ml-2\\\/\",\"url\":\"https:\\\/\\\/shopatoa.com\\\/ro\\\/dermacol-masca-faciala-bio-retinol-face-mask-2-x-8-ml-2\\\/\",\"name\":\"Dermacol Masc\u0103 facial\u0103 Bio Retinol (Face Mask) 2 x 8 ml - SHOPATOA.COM\",\"isPartOf\":{\"@id\":\"https:\\\/\\\/shopatoa.com\\\/ro\\\/#website\"},\"primaryImageOfPage\":{\"@id\":\"https:\\\/\\\/shopatoa.com\\\/ro\\\/dermacol-masca-faciala-bio-retinol-face-mask-2-x-8-ml-2\\\/#primaryimage\"},\"image\":{\"@id\":\"https:\\\/\\\/shopatoa.com\\\/ro\\\/dermacol-masca-faciala-bio-retinol-face-mask-2-x-8-ml-2\\\/#primaryimage\"},\"thumbnailUrl\":\"https:\\\/\\\/storage.googleapis.com\\\/cz-shopatoa-img\\\/ro\\\/792ce798-unnamed-file.webp\",\"datePublished\":\"2025-05-21T17:58:37+00:00\",\"dateModified\":\"2025-05-21T17:58:54+00:00\",\"breadcrumb\":{\"@id\":\"https:\\\/\\\/shopatoa.com\\\/ro\\\/dermacol-masca-faciala-bio-retinol-face-mask-2-x-8-ml-2\\\/#breadcrumb\"},\"inLanguage\":\"ro-RO\",\"potentialAction\":[{\"@type\":\"ReadAction\",\"target\":[\"https:\\\/\\\/shopatoa.com\\\/ro\\\/dermacol-masca-faciala-bio-retinol-face-mask-2-x-8-ml-2\\\/\"]}]},{\"@type\":\"ImageObject\",\"inLanguage\":\"ro-RO\",\"@id\":\"https:\\\/\\\/shopatoa.com\\\/ro\\\/dermacol-masca-faciala-bio-retinol-face-mask-2-x-8-ml-2\\\/#primaryimage\",\"url\":\"https:\\\/\\\/storage.googleapis.com\\\/cz-shopatoa-img\\\/ro\\\/792ce798-unnamed-file.webp\",\"contentUrl\":\"https:\\\/\\\/storage.googleapis.com\\\/cz-shopatoa-img\\\/ro\\\/792ce798-unnamed-file.webp\",\"width\":800,\"height\":800},{\"@type\":\"BreadcrumbList\",\"@id\":\"https:\\\/\\\/shopatoa.com\\\/ro\\\/dermacol-masca-faciala-bio-retinol-face-mask-2-x-8-ml-2\\\/#breadcrumb\",\"itemListElement\":[{\"@type\":\"ListItem\",\"position\":1,\"name\":\"Dom\u016f\",\"item\":\"https:\\\/\\\/shopatoa.com\\\/ro\\\/\"},{\"@type\":\"ListItem\",\"position\":2,\"name\":\"Shop\",\"item\":\"https:\\\/\\\/shopatoa.com\\\/ro\\\/shop\\\/\"},{\"@type\":\"ListItem\",\"position\":3,\"name\":\"Dermacol Masc\u0103 facial\u0103 Bio Retinol (Face Mask) 2 x 8 ml\"}]},{\"@type\":\"WebSite\",\"@id\":\"https:\\\/\\\/shopatoa.com\\\/ro\\\/#website\",\"url\":\"https:\\\/\\\/shopatoa.com\\\/ro\\\/\",\"name\":\"SHOPATOA\",\"description\":\"\",\"publisher\":{\"@id\":\"https:\\\/\\\/shopatoa.com\\\/ro\\\/#organization\"},\"potentialAction\":[{\"@type\":\"SearchAction\",\"target\":{\"@type\":\"EntryPoint\",\"urlTemplate\":\"https:\\\/\\\/shopatoa.com\\\/ro\\\/?s={search_term_string}\"},\"query-input\":{\"@type\":\"PropertyValueSpecification\",\"valueRequired\":true,\"valueName\":\"search_term_string\"}}],\"inLanguage\":\"ro-RO\"},{\"@type\":\"Organization\",\"@id\":\"https:\\\/\\\/shopatoa.com\\\/ro\\\/#organization\",\"name\":\"SHOPATOA\",\"url\":\"https:\\\/\\\/shopatoa.com\\\/ro\\\/\",\"logo\":{\"@type\":\"ImageObject\",\"inLanguage\":\"ro-RO\",\"@id\":\"https:\\\/\\\/shopatoa.com\\\/ro\\\/#\\\/schema\\\/logo\\\/image\\\/\",\"url\":\"https:\\\/\\\/storage.googleapis.com\\\/cz-shopatoa-img\\\/ro\\\/b4dac915-shopatoa_logo.png\",\"contentUrl\":\"https:\\\/\\\/storage.googleapis.com\\\/cz-shopatoa-img\\\/ro\\\/b4dac915-shopatoa_logo.png\",\"width\":416,\"height\":63,\"caption\":\"SHOPATOA\"},\"image\":{\"@id\":\"https:\\\/\\\/shopatoa.com\\\/ro\\\/#\\\/schema\\\/logo\\\/image\\\/\"}}]}<\/script>\n<!-- \/ Yoast SEO plugin. -->","yoast_head_json":{"title":"Dermacol Masc\u0103 facial\u0103 Bio Retinol (Face Mask) 2 x 8 ml - SHOPATOA.COM","robots":{"index":"index","follow":"follow","max-snippet":"max-snippet:-1","max-image-preview":"max-image-preview:large","max-video-preview":"max-video-preview:-1"},"canonical":"https:\/\/shopatoa.com\/ro\/dermacol-masca-faciala-bio-retinol-face-mask-2-x-8-ml-2\/","og_locale":"ro_RO","og_type":"article","og_title":"Dermacol Masc\u0103 facial\u0103 Bio Retinol (Face Mask) 2 x 8 ml - SHOPATOA.COM","og_description":"Retinolul \u0219i retinoizii sunt deriva\u021bi ai vitaminei A, considerat\u0103 a fi una dintre cele mai importante vitamine pentru tinere\u021be \u0219i frumuse\u021be, \u00een special datorit\u0103 efectelor lor anti-\u00eemb\u0103tr\u00e2nire \u0219i stimul\u0103rii regener\u0103rii celulare. Retinoizii accelereaz\u0103 procesul natural de re\u00eennoire a pielii, atunci c\u00e2nd straturile inferioare ale epidermei ies la suprafa\u021b\u0103. Acest proces dureaz\u0103 aproximativ 28 de zile,...","og_url":"https:\/\/shopatoa.com\/ro\/dermacol-masca-faciala-bio-retinol-face-mask-2-x-8-ml-2\/","og_site_name":"SHOPATOA","article_modified_time":"2025-05-21T17:58:54+00:00","og_image":[{"width":800,"height":800,"url":"https:\/\/storage.googleapis.com\/cz-shopatoa-img\/ro\/792ce798-unnamed-file.webp","type":"image\/webp"}],"twitter_card":"summary_large_image","twitter_misc":{"Timp estimat pentru citire":"1 minut"},"schema":{"@context":"https:\/\/schema.org","@graph":[{"@type":"WebPage","@id":"https:\/\/shopatoa.com\/ro\/dermacol-masca-faciala-bio-retinol-face-mask-2-x-8-ml-2\/","url":"https:\/\/shopatoa.com\/ro\/dermacol-masca-faciala-bio-retinol-face-mask-2-x-8-ml-2\/","name":"Dermacol Masc\u0103 facial\u0103 Bio Retinol (Face Mask) 2 x 8 ml - SHOPATOA.COM","isPartOf":{"@id":"https:\/\/shopatoa.com\/ro\/#website"},"primaryImageOfPage":{"@id":"https:\/\/shopatoa.com\/ro\/dermacol-masca-faciala-bio-retinol-face-mask-2-x-8-ml-2\/#primaryimage"},"image":{"@id":"https:\/\/shopatoa.com\/ro\/dermacol-masca-faciala-bio-retinol-face-mask-2-x-8-ml-2\/#primaryimage"},"thumbnailUrl":"https:\/\/storage.googleapis.com\/cz-shopatoa-img\/ro\/792ce798-unnamed-file.webp","datePublished":"2025-05-21T17:58:37+00:00","dateModified":"2025-05-21T17:58:54+00:00","breadcrumb":{"@id":"https:\/\/shopatoa.com\/ro\/dermacol-masca-faciala-bio-retinol-face-mask-2-x-8-ml-2\/#breadcrumb"},"inLanguage":"ro-RO","potentialAction":[{"@type":"ReadAction","target":["https:\/\/shopatoa.com\/ro\/dermacol-masca-faciala-bio-retinol-face-mask-2-x-8-ml-2\/"]}]},{"@type":"ImageObject","inLanguage":"ro-RO","@id":"https:\/\/shopatoa.com\/ro\/dermacol-masca-faciala-bio-retinol-face-mask-2-x-8-ml-2\/#primaryimage","url":"https:\/\/storage.googleapis.com\/cz-shopatoa-img\/ro\/792ce798-unnamed-file.webp","contentUrl":"https:\/\/storage.googleapis.com\/cz-shopatoa-img\/ro\/792ce798-unnamed-file.webp","width":800,"height":800},{"@type":"BreadcrumbList","@id":"https:\/\/shopatoa.com\/ro\/dermacol-masca-faciala-bio-retinol-face-mask-2-x-8-ml-2\/#breadcrumb","itemListElement":[{"@type":"ListItem","position":1,"name":"Dom\u016f","item":"https:\/\/shopatoa.com\/ro\/"},{"@type":"ListItem","position":2,"name":"Shop","item":"https:\/\/shopatoa.com\/ro\/shop\/"},{"@type":"ListItem","position":3,"name":"Dermacol Masc\u0103 facial\u0103 Bio Retinol (Face Mask) 2 x 8 ml"}]},{"@type":"WebSite","@id":"https:\/\/shopatoa.com\/ro\/#website","url":"https:\/\/shopatoa.com\/ro\/","name":"SHOPATOA","description":"","publisher":{"@id":"https:\/\/shopatoa.com\/ro\/#organization"},"potentialAction":[{"@type":"SearchAction","target":{"@type":"EntryPoint","urlTemplate":"https:\/\/shopatoa.com\/ro\/?s={search_term_string}"},"query-input":{"@type":"PropertyValueSpecification","valueRequired":true,"valueName":"search_term_string"}}],"inLanguage":"ro-RO"},{"@type":"Organization","@id":"https:\/\/shopatoa.com\/ro\/#organization","name":"SHOPATOA","url":"https:\/\/shopatoa.com\/ro\/","logo":{"@type":"ImageObject","inLanguage":"ro-RO","@id":"https:\/\/shopatoa.com\/ro\/#\/schema\/logo\/image\/","url":"https:\/\/storage.googleapis.com\/cz-shopatoa-img\/ro\/b4dac915-shopatoa_logo.png","contentUrl":"https:\/\/storage.googleapis.com\/cz-shopatoa-img\/ro\/b4dac915-shopatoa_logo.png","width":416,"height":63,"caption":"SHOPATOA"},"image":{"@id":"https:\/\/shopatoa.com\/ro\/#\/schema\/logo\/image\/"}}]}},"_links":{"self":[{"href":"https:\/\/shopatoa.com\/ro\/wp-json\/wp\/v2\/product\/362301","targetHints":{"allow":["GET"]}}],"collection":[{"href":"https:\/\/shopatoa.com\/ro\/wp-json\/wp\/v2\/product"}],"about":[{"href":"https:\/\/shopatoa.com\/ro\/wp-json\/wp\/v2\/types\/product"}],"replies":[{"embeddable":true,"href":"https:\/\/shopatoa.com\/ro\/wp-json\/wp\/v2\/comments?post=362301"}],"wp:featuredmedia":[{"embeddable":true,"href":"https:\/\/shopatoa.com\/ro\/wp-json\/wp\/v2\/media\/362303"}],"wp:attachment":[{"href":"https:\/\/shopatoa.com\/ro\/wp-json\/wp\/v2\/media?parent=362301"}],"wp:term":[{"taxonomy":"product_brand","embeddable":true,"href":"https:\/\/shopatoa.com\/ro\/wp-json\/wp\/v2\/product_brand?post=362301"},{"taxonomy":"product_cat","embeddable":true,"href":"https:\/\/shopatoa.com\/ro\/wp-json\/wp\/v2\/product_cat?post=362301"},{"taxonomy":"product_tag","embeddable":true,"href":"https:\/\/shopatoa.com\/ro\/wp-json\/wp\/v2\/product_tag?post=362301"}],"curies":[{"name":"wp","href":"https:\/\/api.w.org\/{rel}","templated":true}]}}