{"id":362407,"date":"2025-05-21T20:02:01","date_gmt":"2025-05-21T18:02:01","guid":{"rendered":"https:\/\/shopatoa.com\/ro\/village-candle-lumanare-parfumata-warm-buttered-bread-602-g-2\/"},"modified":"2025-05-21T20:03:22","modified_gmt":"2025-05-21T18:03:22","slug":"village-candle-lumanare-parfumata-warm-buttered-bread-602-g-2","status":"publish","type":"product","link":"https:\/\/shopatoa.com\/ro\/village-candle-lumanare-parfumata-warm-buttered-bread-602-g-2\/","title":{"rendered":"Village Candle Lum\u00e2nare parfumat\u0103 Warm Buttered Bread 602 g"},"content":{"rendered":"<p>Cunoa\u0219te\u021bi mirosul ispititor al p\u00e2inii proasp\u0103t coapte, crocante pe care se tope\u0219te \u00eencet untul \u0219i e\u0219ti imediat tentat s\u0103-l mirosi? Acest moment unic este surprins \u00een lum\u00e2narea noastr\u0103. Pute\u021bi avea o arom\u0103 frumoas\u0103 ca de la cea mai cunoscut\u0103 brut\u0103rie acas\u0103 \u00een momentele de odihn\u0103. Sunte\u021bi garantat c\u0103 dori\u021bi s\u0103 lua\u021bi o mu\u0219c\u0103tur\u0103! Lum\u00e2nare decorativ\u0103 parfumat\u0103 \u00eentr-un vas de sticl\u0103 cu capac \u0219i dou\u0103 fitiluri. Cum s\u0103 asigura\u021bi o flac\u0103r\u0103 suficient\u0103 a lum\u00e2n\u0103rii: principala cauz\u0103 a unei fl\u0103c\u0103ri mici este nivelul sc\u0103zut de oxigen din interiorul lum\u00e2n\u0103rii. Prin urmare, este posibil ca lum\u00e2narea s\u0103 nu ard\u0103 corect. Asigura\u021bi-v\u0103 c\u0103 ceara se \u00eenc\u0103lze\u0219te \u00eentotdeauna p\u00e2n\u0103 la margini. Nu elimina\u021bi ceara \u0219i nu t\u0103ia\u021bi fitilurile. Dac\u0103 aceast\u0103 recomandare este respectat\u0103 o perioad\u0103 suficient de lung\u0103, nivelul de oxigen va reveni treptat \u0219i flac\u0103ra va arde din nou puternic.<\/p>\n","protected":false},"excerpt":{"rendered":"<p>Cunoa\u0219te\u021bi mirosul ispititor al p\u00e2inii proasp\u0103t coapte, crocante pe care se tope\u0219te \u00eencet untul \u0219i e\u0219ti imediat tentat s\u0103-l mirosi? Acest moment unic este surprins \u00een lum\u00e2narea noastr\u0103. Pute\u021bi avea o arom\u0103 frumoas\u0103 ca de la cea mai cunoscut\u0103 brut\u0103rie acas\u0103 \u00een momentele de odihn\u0103. Sunte\u021bi garantat c\u0103 dori\u021bi s\u0103 lua\u021bi o mu\u0219c\u0103tur\u0103! Lum\u00e2nare decorativ\u0103&#8230;<\/p>\n","protected":false},"featured_media":362408,"comment_status":"closed","ping_status":"open","template":"","meta":{"_acf_changed":false,"_kadence_starter_templates_imported_post":false,"_kad_post_transparent":"","_kad_post_title":"","_kad_post_layout":"","_kad_post_sidebar_id":"","_kad_post_content_style":"","_kad_post_vertical_padding":"","_kad_post_feature":"","_kad_post_feature_position":"","_kad_post_header":false,"_kad_post_footer":false,"_kad_post_classname":""},"product_brand":[843],"product_cat":[246,656,655,654],"product_tag":[],"class_list":{"0":"post-362407","1":"product","2":"type-product","3":"status-publish","4":"has-post-thumbnail","6":"product_brand-village-candle","7":"product_cat-cosmetice","8":"product_cat-lumanari-decorative-si-in-sticla","9":"product_cat-lumanari-parfumate","10":"product_cat-lumanari-parfumate-si-arome","12":"first","13":"instock","14":"product-type-external","15":"entry","16":"content-bg","17":"loop-entry"},"acf":[],"yoast_head":"<!-- This site is optimized with the Yoast SEO plugin v27.4 - https:\/\/yoast.com\/product\/yoast-seo-wordpress\/ -->\n<title>Village Candle Lum\u00e2nare parfumat\u0103 Warm Buttered Bread 602 g - SHOPATOA.COM<\/title>\n<meta name=\"robots\" content=\"index, follow, max-snippet:-1, max-image-preview:large, max-video-preview:-1\" \/>\n<link rel=\"canonical\" href=\"https:\/\/shopatoa.com\/ro\/village-candle-lumanare-parfumata-warm-buttered-bread-602-g-2\/\" \/>\n<meta property=\"og:locale\" content=\"ro_RO\" \/>\n<meta property=\"og:type\" content=\"article\" \/>\n<meta property=\"og:title\" content=\"Village Candle Lum\u00e2nare parfumat\u0103 Warm Buttered Bread 602 g - SHOPATOA.COM\" \/>\n<meta property=\"og:description\" content=\"Cunoa\u0219te\u021bi mirosul ispititor al p\u00e2inii proasp\u0103t coapte, crocante pe care se tope\u0219te \u00eencet untul \u0219i e\u0219ti imediat tentat s\u0103-l mirosi? Acest moment unic este surprins \u00een lum\u00e2narea noastr\u0103. Pute\u021bi avea o arom\u0103 frumoas\u0103 ca de la cea mai cunoscut\u0103 brut\u0103rie acas\u0103 \u00een momentele de odihn\u0103. Sunte\u021bi garantat c\u0103 dori\u021bi s\u0103 lua\u021bi o mu\u0219c\u0103tur\u0103! Lum\u00e2nare decorativ\u0103...\" \/>\n<meta property=\"og:url\" content=\"https:\/\/shopatoa.com\/ro\/village-candle-lumanare-parfumata-warm-buttered-bread-602-g-2\/\" \/>\n<meta property=\"og:site_name\" content=\"SHOPATOA\" \/>\n<meta property=\"article:modified_time\" content=\"2025-05-21T18:03:22+00:00\" \/>\n<meta property=\"og:image\" content=\"https:\/\/storage.googleapis.com\/cz-shopatoa-img\/ro\/27e6d6a7-unnamed-file.webp\" \/>\n\t<meta property=\"og:image:width\" content=\"800\" \/>\n\t<meta property=\"og:image:height\" content=\"800\" \/>\n\t<meta property=\"og:image:type\" content=\"image\/webp\" \/>\n<meta name=\"twitter:card\" content=\"summary_large_image\" \/>\n<meta name=\"twitter:label1\" content=\"Timp estimat pentru citire\" \/>\n\t<meta name=\"twitter:data1\" content=\"1 minut\" \/>\n<script type=\"application\/ld+json\" class=\"yoast-schema-graph\">{\"@context\":\"https:\\\/\\\/schema.org\",\"@graph\":[{\"@type\":\"WebPage\",\"@id\":\"https:\\\/\\\/shopatoa.com\\\/ro\\\/village-candle-lumanare-parfumata-warm-buttered-bread-602-g-2\\\/\",\"url\":\"https:\\\/\\\/shopatoa.com\\\/ro\\\/village-candle-lumanare-parfumata-warm-buttered-bread-602-g-2\\\/\",\"name\":\"Village Candle Lum\u00e2nare parfumat\u0103 Warm Buttered Bread 602 g - SHOPATOA.COM\",\"isPartOf\":{\"@id\":\"https:\\\/\\\/shopatoa.com\\\/ro\\\/#website\"},\"primaryImageOfPage\":{\"@id\":\"https:\\\/\\\/shopatoa.com\\\/ro\\\/village-candle-lumanare-parfumata-warm-buttered-bread-602-g-2\\\/#primaryimage\"},\"image\":{\"@id\":\"https:\\\/\\\/shopatoa.com\\\/ro\\\/village-candle-lumanare-parfumata-warm-buttered-bread-602-g-2\\\/#primaryimage\"},\"thumbnailUrl\":\"https:\\\/\\\/storage.googleapis.com\\\/cz-shopatoa-img\\\/ro\\\/27e6d6a7-unnamed-file.webp\",\"datePublished\":\"2025-05-21T18:02:01+00:00\",\"dateModified\":\"2025-05-21T18:03:22+00:00\",\"breadcrumb\":{\"@id\":\"https:\\\/\\\/shopatoa.com\\\/ro\\\/village-candle-lumanare-parfumata-warm-buttered-bread-602-g-2\\\/#breadcrumb\"},\"inLanguage\":\"ro-RO\",\"potentialAction\":[{\"@type\":\"ReadAction\",\"target\":[\"https:\\\/\\\/shopatoa.com\\\/ro\\\/village-candle-lumanare-parfumata-warm-buttered-bread-602-g-2\\\/\"]}]},{\"@type\":\"ImageObject\",\"inLanguage\":\"ro-RO\",\"@id\":\"https:\\\/\\\/shopatoa.com\\\/ro\\\/village-candle-lumanare-parfumata-warm-buttered-bread-602-g-2\\\/#primaryimage\",\"url\":\"https:\\\/\\\/storage.googleapis.com\\\/cz-shopatoa-img\\\/ro\\\/27e6d6a7-unnamed-file.webp\",\"contentUrl\":\"https:\\\/\\\/storage.googleapis.com\\\/cz-shopatoa-img\\\/ro\\\/27e6d6a7-unnamed-file.webp\",\"width\":800,\"height\":800},{\"@type\":\"BreadcrumbList\",\"@id\":\"https:\\\/\\\/shopatoa.com\\\/ro\\\/village-candle-lumanare-parfumata-warm-buttered-bread-602-g-2\\\/#breadcrumb\",\"itemListElement\":[{\"@type\":\"ListItem\",\"position\":1,\"name\":\"Dom\u016f\",\"item\":\"https:\\\/\\\/shopatoa.com\\\/ro\\\/\"},{\"@type\":\"ListItem\",\"position\":2,\"name\":\"Shop\",\"item\":\"https:\\\/\\\/shopatoa.com\\\/ro\\\/shop\\\/\"},{\"@type\":\"ListItem\",\"position\":3,\"name\":\"Village Candle Lum\u00e2nare parfumat\u0103 Warm Buttered Bread 602 g\"}]},{\"@type\":\"WebSite\",\"@id\":\"https:\\\/\\\/shopatoa.com\\\/ro\\\/#website\",\"url\":\"https:\\\/\\\/shopatoa.com\\\/ro\\\/\",\"name\":\"SHOPATOA\",\"description\":\"\",\"publisher\":{\"@id\":\"https:\\\/\\\/shopatoa.com\\\/ro\\\/#organization\"},\"potentialAction\":[{\"@type\":\"SearchAction\",\"target\":{\"@type\":\"EntryPoint\",\"urlTemplate\":\"https:\\\/\\\/shopatoa.com\\\/ro\\\/?s={search_term_string}\"},\"query-input\":{\"@type\":\"PropertyValueSpecification\",\"valueRequired\":true,\"valueName\":\"search_term_string\"}}],\"inLanguage\":\"ro-RO\"},{\"@type\":\"Organization\",\"@id\":\"https:\\\/\\\/shopatoa.com\\\/ro\\\/#organization\",\"name\":\"SHOPATOA\",\"url\":\"https:\\\/\\\/shopatoa.com\\\/ro\\\/\",\"logo\":{\"@type\":\"ImageObject\",\"inLanguage\":\"ro-RO\",\"@id\":\"https:\\\/\\\/shopatoa.com\\\/ro\\\/#\\\/schema\\\/logo\\\/image\\\/\",\"url\":\"https:\\\/\\\/storage.googleapis.com\\\/cz-shopatoa-img\\\/ro\\\/b4dac915-shopatoa_logo.png\",\"contentUrl\":\"https:\\\/\\\/storage.googleapis.com\\\/cz-shopatoa-img\\\/ro\\\/b4dac915-shopatoa_logo.png\",\"width\":416,\"height\":63,\"caption\":\"SHOPATOA\"},\"image\":{\"@id\":\"https:\\\/\\\/shopatoa.com\\\/ro\\\/#\\\/schema\\\/logo\\\/image\\\/\"}}]}<\/script>\n<!-- \/ Yoast SEO plugin. -->","yoast_head_json":{"title":"Village Candle Lum\u00e2nare parfumat\u0103 Warm Buttered Bread 602 g - SHOPATOA.COM","robots":{"index":"index","follow":"follow","max-snippet":"max-snippet:-1","max-image-preview":"max-image-preview:large","max-video-preview":"max-video-preview:-1"},"canonical":"https:\/\/shopatoa.com\/ro\/village-candle-lumanare-parfumata-warm-buttered-bread-602-g-2\/","og_locale":"ro_RO","og_type":"article","og_title":"Village Candle Lum\u00e2nare parfumat\u0103 Warm Buttered Bread 602 g - SHOPATOA.COM","og_description":"Cunoa\u0219te\u021bi mirosul ispititor al p\u00e2inii proasp\u0103t coapte, crocante pe care se tope\u0219te \u00eencet untul \u0219i e\u0219ti imediat tentat s\u0103-l mirosi? Acest moment unic este surprins \u00een lum\u00e2narea noastr\u0103. Pute\u021bi avea o arom\u0103 frumoas\u0103 ca de la cea mai cunoscut\u0103 brut\u0103rie acas\u0103 \u00een momentele de odihn\u0103. Sunte\u021bi garantat c\u0103 dori\u021bi s\u0103 lua\u021bi o mu\u0219c\u0103tur\u0103! Lum\u00e2nare decorativ\u0103...","og_url":"https:\/\/shopatoa.com\/ro\/village-candle-lumanare-parfumata-warm-buttered-bread-602-g-2\/","og_site_name":"SHOPATOA","article_modified_time":"2025-05-21T18:03:22+00:00","og_image":[{"width":800,"height":800,"url":"https:\/\/storage.googleapis.com\/cz-shopatoa-img\/ro\/27e6d6a7-unnamed-file.webp","type":"image\/webp"}],"twitter_card":"summary_large_image","twitter_misc":{"Timp estimat pentru citire":"1 minut"},"schema":{"@context":"https:\/\/schema.org","@graph":[{"@type":"WebPage","@id":"https:\/\/shopatoa.com\/ro\/village-candle-lumanare-parfumata-warm-buttered-bread-602-g-2\/","url":"https:\/\/shopatoa.com\/ro\/village-candle-lumanare-parfumata-warm-buttered-bread-602-g-2\/","name":"Village Candle Lum\u00e2nare parfumat\u0103 Warm Buttered Bread 602 g - SHOPATOA.COM","isPartOf":{"@id":"https:\/\/shopatoa.com\/ro\/#website"},"primaryImageOfPage":{"@id":"https:\/\/shopatoa.com\/ro\/village-candle-lumanare-parfumata-warm-buttered-bread-602-g-2\/#primaryimage"},"image":{"@id":"https:\/\/shopatoa.com\/ro\/village-candle-lumanare-parfumata-warm-buttered-bread-602-g-2\/#primaryimage"},"thumbnailUrl":"https:\/\/storage.googleapis.com\/cz-shopatoa-img\/ro\/27e6d6a7-unnamed-file.webp","datePublished":"2025-05-21T18:02:01+00:00","dateModified":"2025-05-21T18:03:22+00:00","breadcrumb":{"@id":"https:\/\/shopatoa.com\/ro\/village-candle-lumanare-parfumata-warm-buttered-bread-602-g-2\/#breadcrumb"},"inLanguage":"ro-RO","potentialAction":[{"@type":"ReadAction","target":["https:\/\/shopatoa.com\/ro\/village-candle-lumanare-parfumata-warm-buttered-bread-602-g-2\/"]}]},{"@type":"ImageObject","inLanguage":"ro-RO","@id":"https:\/\/shopatoa.com\/ro\/village-candle-lumanare-parfumata-warm-buttered-bread-602-g-2\/#primaryimage","url":"https:\/\/storage.googleapis.com\/cz-shopatoa-img\/ro\/27e6d6a7-unnamed-file.webp","contentUrl":"https:\/\/storage.googleapis.com\/cz-shopatoa-img\/ro\/27e6d6a7-unnamed-file.webp","width":800,"height":800},{"@type":"BreadcrumbList","@id":"https:\/\/shopatoa.com\/ro\/village-candle-lumanare-parfumata-warm-buttered-bread-602-g-2\/#breadcrumb","itemListElement":[{"@type":"ListItem","position":1,"name":"Dom\u016f","item":"https:\/\/shopatoa.com\/ro\/"},{"@type":"ListItem","position":2,"name":"Shop","item":"https:\/\/shopatoa.com\/ro\/shop\/"},{"@type":"ListItem","position":3,"name":"Village Candle Lum\u00e2nare parfumat\u0103 Warm Buttered Bread 602 g"}]},{"@type":"WebSite","@id":"https:\/\/shopatoa.com\/ro\/#website","url":"https:\/\/shopatoa.com\/ro\/","name":"SHOPATOA","description":"","publisher":{"@id":"https:\/\/shopatoa.com\/ro\/#organization"},"potentialAction":[{"@type":"SearchAction","target":{"@type":"EntryPoint","urlTemplate":"https:\/\/shopatoa.com\/ro\/?s={search_term_string}"},"query-input":{"@type":"PropertyValueSpecification","valueRequired":true,"valueName":"search_term_string"}}],"inLanguage":"ro-RO"},{"@type":"Organization","@id":"https:\/\/shopatoa.com\/ro\/#organization","name":"SHOPATOA","url":"https:\/\/shopatoa.com\/ro\/","logo":{"@type":"ImageObject","inLanguage":"ro-RO","@id":"https:\/\/shopatoa.com\/ro\/#\/schema\/logo\/image\/","url":"https:\/\/storage.googleapis.com\/cz-shopatoa-img\/ro\/b4dac915-shopatoa_logo.png","contentUrl":"https:\/\/storage.googleapis.com\/cz-shopatoa-img\/ro\/b4dac915-shopatoa_logo.png","width":416,"height":63,"caption":"SHOPATOA"},"image":{"@id":"https:\/\/shopatoa.com\/ro\/#\/schema\/logo\/image\/"}}]}},"_links":{"self":[{"href":"https:\/\/shopatoa.com\/ro\/wp-json\/wp\/v2\/product\/362407","targetHints":{"allow":["GET"]}}],"collection":[{"href":"https:\/\/shopatoa.com\/ro\/wp-json\/wp\/v2\/product"}],"about":[{"href":"https:\/\/shopatoa.com\/ro\/wp-json\/wp\/v2\/types\/product"}],"replies":[{"embeddable":true,"href":"https:\/\/shopatoa.com\/ro\/wp-json\/wp\/v2\/comments?post=362407"}],"wp:featuredmedia":[{"embeddable":true,"href":"https:\/\/shopatoa.com\/ro\/wp-json\/wp\/v2\/media\/362408"}],"wp:attachment":[{"href":"https:\/\/shopatoa.com\/ro\/wp-json\/wp\/v2\/media?parent=362407"}],"wp:term":[{"taxonomy":"product_brand","embeddable":true,"href":"https:\/\/shopatoa.com\/ro\/wp-json\/wp\/v2\/product_brand?post=362407"},{"taxonomy":"product_cat","embeddable":true,"href":"https:\/\/shopatoa.com\/ro\/wp-json\/wp\/v2\/product_cat?post=362407"},{"taxonomy":"product_tag","embeddable":true,"href":"https:\/\/shopatoa.com\/ro\/wp-json\/wp\/v2\/product_tag?post=362407"}],"curies":[{"name":"wp","href":"https:\/\/api.w.org\/{rel}","templated":true}]}}