{"id":362489,"date":"2025-05-21T20:05:07","date_gmt":"2025-05-21T18:05:07","guid":{"rendered":"https:\/\/shopatoa.com\/ro\/valera-uscator-de-par-profesional-swiss-light-5400-fold-away-ionic-tourmaline-2\/"},"modified":"2025-05-21T20:06:48","modified_gmt":"2025-05-21T18:06:48","slug":"valera-uscator-de-par-profesional-swiss-light-5400-fold-away-ionic-tourmaline-2","status":"publish","type":"product","link":"https:\/\/shopatoa.com\/ro\/valera-uscator-de-par-profesional-swiss-light-5400-fold-away-ionic-tourmaline-2\/","title":{"rendered":"Valera Usc\u0103tor de p\u0103r profesional Swiss Light 5400 Fold-Away Ionic Tourmaline"},"content":{"rendered":"<p>Usc\u0103tor de p\u0103r profesional cu ionizare care confer\u0103 p\u0103rului umiditate \u0219i str\u0103lucire natural\u0103. \u00cen acela\u0219i timp, elimin\u0103 electricitatea static\u0103 nedorit\u0103 \u0219i asigur\u0103 un p\u0103r neted \u0219i hr\u0103nit. Func\u021bia de aer rece va fi la \u00eendem\u00e2n\u0103 pentru oricine are nevoie s\u0103-\u0219i fixeze coafura rapid \u0219i u\u0219or. func\u021bii de ionizare &#8211; ionii \u00eenc\u0103rca\u021bi negativ sunt particule care purific\u0103 aerul. Sunt din bel\u0219ug \u00een natur\u0103 dup\u0103 o furtun\u0103, c\u00e2nd aerul este mai curat \u0219i revitalizant. Usc\u0103toarele de p\u0103r cu func\u021bie de ionizare au un generator care produce milioane de ioni negativi de cur\u0103\u021bare, ceea ce face ca p\u0103rul s\u0103 r\u0103m\u00e2n\u0103 hidratat. Hidratarea previne \u00eencre\u021birea p\u0103rului, are efecte regenerative, las\u0103 p\u0103rul moale, str\u0103lucitor, u\u0219or de piept\u0103nat \u0219i \u00eei m\u0103re\u0219te volumul. Element de \u00eenc\u0103lzire de siguran\u021b\u0103 cu structur\u0103 ondulat\u0103 &#8211; acest tip de element de \u00eenc\u0103lzire se caracterizeaz\u0103 prin calitate \u00eenalt\u0103, siguran\u021b\u0103, temperatur\u0103 constant\u0103 a aerului \u0219i, de asemenea, are o durat\u0103 de via\u021b\u0103 mai lung\u0103 dec\u00e2t elementul de \u00eenc\u0103lzire spiral\u0103 obi\u0219nuit COLORCARE \u2013 p\u0103rul vopsit tinde s\u0103 se usuce la aer cald \u0219i s\u0103-\u0219i piard\u0103 str\u0103lucirea, usc\u0103torul de p\u0103r cu marca COLORCARE protejeaz\u0103 p\u0103rul de pierderea culorii, str\u0103lucirii, usc\u0103ciunii \u0219i \u00eel men\u021bin vital pentru o lung\u0103 perioad\u0103 de timp.<\/p>\n","protected":false},"excerpt":{"rendered":"<p>Usc\u0103tor de p\u0103r profesional cu ionizare care confer\u0103 p\u0103rului umiditate \u0219i str\u0103lucire natural\u0103. \u00cen acela\u0219i timp, elimin\u0103 electricitatea static\u0103 nedorit\u0103 \u0219i asigur\u0103 un p\u0103r neted \u0219i hr\u0103nit. Func\u021bia de aer rece va fi la \u00eendem\u00e2n\u0103 pentru oricine are nevoie s\u0103-\u0219i fixeze coafura rapid \u0219i u\u0219or. func\u021bii de ionizare &#8211; ionii \u00eenc\u0103rca\u021bi negativ sunt particule care&#8230;<\/p>\n","protected":false},"featured_media":362491,"comment_status":"closed","ping_status":"open","template":"","meta":{"_acf_changed":false,"_kadence_starter_templates_imported_post":false,"_kad_post_transparent":"","_kad_post_title":"","_kad_post_layout":"","_kad_post_sidebar_id":"","_kad_post_content_style":"","_kad_post_vertical_padding":"","_kad_post_feature":"","_kad_post_feature_position":"","_kad_post_header":false,"_kad_post_footer":false,"_kad_post_classname":""},"product_brand":[355],"product_cat":[246,623,624,762],"product_tag":[],"class_list":{"0":"post-362489","1":"product","2":"type-product","3":"status-publish","4":"has-post-thumbnail","6":"product_brand-valera","7":"product_cat-cosmetice","8":"product_cat-produse-cosmetice-pentru-par","9":"product_cat-produse-aparate-si-accesorii-pentru-par","10":"product_cat-uscatoare-de-par-fenuri","12":"first","13":"instock","14":"product-type-external","15":"entry","16":"content-bg","17":"loop-entry"},"acf":[],"yoast_head":"<!-- This site is optimized with the Yoast SEO plugin v27.4 - https:\/\/yoast.com\/product\/yoast-seo-wordpress\/ -->\n<title>Valera Usc\u0103tor de p\u0103r profesional Swiss Light 5400 Fold-Away Ionic Tourmaline - SHOPATOA.COM<\/title>\n<meta name=\"robots\" content=\"index, follow, max-snippet:-1, max-image-preview:large, max-video-preview:-1\" \/>\n<link rel=\"canonical\" href=\"https:\/\/shopatoa.com\/ro\/valera-uscator-de-par-profesional-swiss-light-5400-fold-away-ionic-tourmaline-2\/\" \/>\n<meta property=\"og:locale\" content=\"ro_RO\" \/>\n<meta property=\"og:type\" content=\"article\" \/>\n<meta property=\"og:title\" content=\"Valera Usc\u0103tor de p\u0103r profesional Swiss Light 5400 Fold-Away Ionic Tourmaline - SHOPATOA.COM\" \/>\n<meta property=\"og:description\" content=\"Usc\u0103tor de p\u0103r profesional cu ionizare care confer\u0103 p\u0103rului umiditate \u0219i str\u0103lucire natural\u0103. \u00cen acela\u0219i timp, elimin\u0103 electricitatea static\u0103 nedorit\u0103 \u0219i asigur\u0103 un p\u0103r neted \u0219i hr\u0103nit. Func\u021bia de aer rece va fi la \u00eendem\u00e2n\u0103 pentru oricine are nevoie s\u0103-\u0219i fixeze coafura rapid \u0219i u\u0219or. func\u021bii de ionizare &#8211; ionii \u00eenc\u0103rca\u021bi negativ sunt particule care...\" \/>\n<meta property=\"og:url\" content=\"https:\/\/shopatoa.com\/ro\/valera-uscator-de-par-profesional-swiss-light-5400-fold-away-ionic-tourmaline-2\/\" \/>\n<meta property=\"og:site_name\" content=\"SHOPATOA\" \/>\n<meta property=\"article:modified_time\" content=\"2025-05-21T18:06:48+00:00\" \/>\n<meta property=\"og:image\" content=\"https:\/\/storage.googleapis.com\/cz-shopatoa-img\/ro\/3e5a7c4f-unnamed-file.webp\" \/>\n\t<meta property=\"og:image:width\" content=\"800\" \/>\n\t<meta property=\"og:image:height\" content=\"800\" \/>\n\t<meta property=\"og:image:type\" content=\"image\/webp\" \/>\n<meta name=\"twitter:card\" content=\"summary_large_image\" \/>\n<meta name=\"twitter:label1\" content=\"Timp estimat pentru citire\" \/>\n\t<meta name=\"twitter:data1\" content=\"1 minut\" \/>\n<script type=\"application\/ld+json\" class=\"yoast-schema-graph\">{\"@context\":\"https:\\\/\\\/schema.org\",\"@graph\":[{\"@type\":\"WebPage\",\"@id\":\"https:\\\/\\\/shopatoa.com\\\/ro\\\/valera-uscator-de-par-profesional-swiss-light-5400-fold-away-ionic-tourmaline-2\\\/\",\"url\":\"https:\\\/\\\/shopatoa.com\\\/ro\\\/valera-uscator-de-par-profesional-swiss-light-5400-fold-away-ionic-tourmaline-2\\\/\",\"name\":\"Valera Usc\u0103tor de p\u0103r profesional Swiss Light 5400 Fold-Away Ionic Tourmaline - SHOPATOA.COM\",\"isPartOf\":{\"@id\":\"https:\\\/\\\/shopatoa.com\\\/ro\\\/#website\"},\"primaryImageOfPage\":{\"@id\":\"https:\\\/\\\/shopatoa.com\\\/ro\\\/valera-uscator-de-par-profesional-swiss-light-5400-fold-away-ionic-tourmaline-2\\\/#primaryimage\"},\"image\":{\"@id\":\"https:\\\/\\\/shopatoa.com\\\/ro\\\/valera-uscator-de-par-profesional-swiss-light-5400-fold-away-ionic-tourmaline-2\\\/#primaryimage\"},\"thumbnailUrl\":\"https:\\\/\\\/storage.googleapis.com\\\/cz-shopatoa-img\\\/ro\\\/3e5a7c4f-unnamed-file.webp\",\"datePublished\":\"2025-05-21T18:05:07+00:00\",\"dateModified\":\"2025-05-21T18:06:48+00:00\",\"breadcrumb\":{\"@id\":\"https:\\\/\\\/shopatoa.com\\\/ro\\\/valera-uscator-de-par-profesional-swiss-light-5400-fold-away-ionic-tourmaline-2\\\/#breadcrumb\"},\"inLanguage\":\"ro-RO\",\"potentialAction\":[{\"@type\":\"ReadAction\",\"target\":[\"https:\\\/\\\/shopatoa.com\\\/ro\\\/valera-uscator-de-par-profesional-swiss-light-5400-fold-away-ionic-tourmaline-2\\\/\"]}]},{\"@type\":\"ImageObject\",\"inLanguage\":\"ro-RO\",\"@id\":\"https:\\\/\\\/shopatoa.com\\\/ro\\\/valera-uscator-de-par-profesional-swiss-light-5400-fold-away-ionic-tourmaline-2\\\/#primaryimage\",\"url\":\"https:\\\/\\\/storage.googleapis.com\\\/cz-shopatoa-img\\\/ro\\\/3e5a7c4f-unnamed-file.webp\",\"contentUrl\":\"https:\\\/\\\/storage.googleapis.com\\\/cz-shopatoa-img\\\/ro\\\/3e5a7c4f-unnamed-file.webp\",\"width\":800,\"height\":800},{\"@type\":\"BreadcrumbList\",\"@id\":\"https:\\\/\\\/shopatoa.com\\\/ro\\\/valera-uscator-de-par-profesional-swiss-light-5400-fold-away-ionic-tourmaline-2\\\/#breadcrumb\",\"itemListElement\":[{\"@type\":\"ListItem\",\"position\":1,\"name\":\"Dom\u016f\",\"item\":\"https:\\\/\\\/shopatoa.com\\\/ro\\\/\"},{\"@type\":\"ListItem\",\"position\":2,\"name\":\"Shop\",\"item\":\"https:\\\/\\\/shopatoa.com\\\/ro\\\/shop\\\/\"},{\"@type\":\"ListItem\",\"position\":3,\"name\":\"Valera Usc\u0103tor de p\u0103r profesional Swiss Light 5400 Fold-Away Ionic Tourmaline\"}]},{\"@type\":\"WebSite\",\"@id\":\"https:\\\/\\\/shopatoa.com\\\/ro\\\/#website\",\"url\":\"https:\\\/\\\/shopatoa.com\\\/ro\\\/\",\"name\":\"SHOPATOA\",\"description\":\"\",\"publisher\":{\"@id\":\"https:\\\/\\\/shopatoa.com\\\/ro\\\/#organization\"},\"potentialAction\":[{\"@type\":\"SearchAction\",\"target\":{\"@type\":\"EntryPoint\",\"urlTemplate\":\"https:\\\/\\\/shopatoa.com\\\/ro\\\/?s={search_term_string}\"},\"query-input\":{\"@type\":\"PropertyValueSpecification\",\"valueRequired\":true,\"valueName\":\"search_term_string\"}}],\"inLanguage\":\"ro-RO\"},{\"@type\":\"Organization\",\"@id\":\"https:\\\/\\\/shopatoa.com\\\/ro\\\/#organization\",\"name\":\"SHOPATOA\",\"url\":\"https:\\\/\\\/shopatoa.com\\\/ro\\\/\",\"logo\":{\"@type\":\"ImageObject\",\"inLanguage\":\"ro-RO\",\"@id\":\"https:\\\/\\\/shopatoa.com\\\/ro\\\/#\\\/schema\\\/logo\\\/image\\\/\",\"url\":\"https:\\\/\\\/storage.googleapis.com\\\/cz-shopatoa-img\\\/ro\\\/b4dac915-shopatoa_logo.png\",\"contentUrl\":\"https:\\\/\\\/storage.googleapis.com\\\/cz-shopatoa-img\\\/ro\\\/b4dac915-shopatoa_logo.png\",\"width\":416,\"height\":63,\"caption\":\"SHOPATOA\"},\"image\":{\"@id\":\"https:\\\/\\\/shopatoa.com\\\/ro\\\/#\\\/schema\\\/logo\\\/image\\\/\"}}]}<\/script>\n<!-- \/ Yoast SEO plugin. -->","yoast_head_json":{"title":"Valera Usc\u0103tor de p\u0103r profesional Swiss Light 5400 Fold-Away Ionic Tourmaline - SHOPATOA.COM","robots":{"index":"index","follow":"follow","max-snippet":"max-snippet:-1","max-image-preview":"max-image-preview:large","max-video-preview":"max-video-preview:-1"},"canonical":"https:\/\/shopatoa.com\/ro\/valera-uscator-de-par-profesional-swiss-light-5400-fold-away-ionic-tourmaline-2\/","og_locale":"ro_RO","og_type":"article","og_title":"Valera Usc\u0103tor de p\u0103r profesional Swiss Light 5400 Fold-Away Ionic Tourmaline - SHOPATOA.COM","og_description":"Usc\u0103tor de p\u0103r profesional cu ionizare care confer\u0103 p\u0103rului umiditate \u0219i str\u0103lucire natural\u0103. \u00cen acela\u0219i timp, elimin\u0103 electricitatea static\u0103 nedorit\u0103 \u0219i asigur\u0103 un p\u0103r neted \u0219i hr\u0103nit. Func\u021bia de aer rece va fi la \u00eendem\u00e2n\u0103 pentru oricine are nevoie s\u0103-\u0219i fixeze coafura rapid \u0219i u\u0219or. func\u021bii de ionizare &#8211; ionii \u00eenc\u0103rca\u021bi negativ sunt particule care...","og_url":"https:\/\/shopatoa.com\/ro\/valera-uscator-de-par-profesional-swiss-light-5400-fold-away-ionic-tourmaline-2\/","og_site_name":"SHOPATOA","article_modified_time":"2025-05-21T18:06:48+00:00","og_image":[{"width":800,"height":800,"url":"https:\/\/storage.googleapis.com\/cz-shopatoa-img\/ro\/3e5a7c4f-unnamed-file.webp","type":"image\/webp"}],"twitter_card":"summary_large_image","twitter_misc":{"Timp estimat pentru citire":"1 minut"},"schema":{"@context":"https:\/\/schema.org","@graph":[{"@type":"WebPage","@id":"https:\/\/shopatoa.com\/ro\/valera-uscator-de-par-profesional-swiss-light-5400-fold-away-ionic-tourmaline-2\/","url":"https:\/\/shopatoa.com\/ro\/valera-uscator-de-par-profesional-swiss-light-5400-fold-away-ionic-tourmaline-2\/","name":"Valera Usc\u0103tor de p\u0103r profesional Swiss Light 5400 Fold-Away Ionic Tourmaline - SHOPATOA.COM","isPartOf":{"@id":"https:\/\/shopatoa.com\/ro\/#website"},"primaryImageOfPage":{"@id":"https:\/\/shopatoa.com\/ro\/valera-uscator-de-par-profesional-swiss-light-5400-fold-away-ionic-tourmaline-2\/#primaryimage"},"image":{"@id":"https:\/\/shopatoa.com\/ro\/valera-uscator-de-par-profesional-swiss-light-5400-fold-away-ionic-tourmaline-2\/#primaryimage"},"thumbnailUrl":"https:\/\/storage.googleapis.com\/cz-shopatoa-img\/ro\/3e5a7c4f-unnamed-file.webp","datePublished":"2025-05-21T18:05:07+00:00","dateModified":"2025-05-21T18:06:48+00:00","breadcrumb":{"@id":"https:\/\/shopatoa.com\/ro\/valera-uscator-de-par-profesional-swiss-light-5400-fold-away-ionic-tourmaline-2\/#breadcrumb"},"inLanguage":"ro-RO","potentialAction":[{"@type":"ReadAction","target":["https:\/\/shopatoa.com\/ro\/valera-uscator-de-par-profesional-swiss-light-5400-fold-away-ionic-tourmaline-2\/"]}]},{"@type":"ImageObject","inLanguage":"ro-RO","@id":"https:\/\/shopatoa.com\/ro\/valera-uscator-de-par-profesional-swiss-light-5400-fold-away-ionic-tourmaline-2\/#primaryimage","url":"https:\/\/storage.googleapis.com\/cz-shopatoa-img\/ro\/3e5a7c4f-unnamed-file.webp","contentUrl":"https:\/\/storage.googleapis.com\/cz-shopatoa-img\/ro\/3e5a7c4f-unnamed-file.webp","width":800,"height":800},{"@type":"BreadcrumbList","@id":"https:\/\/shopatoa.com\/ro\/valera-uscator-de-par-profesional-swiss-light-5400-fold-away-ionic-tourmaline-2\/#breadcrumb","itemListElement":[{"@type":"ListItem","position":1,"name":"Dom\u016f","item":"https:\/\/shopatoa.com\/ro\/"},{"@type":"ListItem","position":2,"name":"Shop","item":"https:\/\/shopatoa.com\/ro\/shop\/"},{"@type":"ListItem","position":3,"name":"Valera Usc\u0103tor de p\u0103r profesional Swiss Light 5400 Fold-Away Ionic Tourmaline"}]},{"@type":"WebSite","@id":"https:\/\/shopatoa.com\/ro\/#website","url":"https:\/\/shopatoa.com\/ro\/","name":"SHOPATOA","description":"","publisher":{"@id":"https:\/\/shopatoa.com\/ro\/#organization"},"potentialAction":[{"@type":"SearchAction","target":{"@type":"EntryPoint","urlTemplate":"https:\/\/shopatoa.com\/ro\/?s={search_term_string}"},"query-input":{"@type":"PropertyValueSpecification","valueRequired":true,"valueName":"search_term_string"}}],"inLanguage":"ro-RO"},{"@type":"Organization","@id":"https:\/\/shopatoa.com\/ro\/#organization","name":"SHOPATOA","url":"https:\/\/shopatoa.com\/ro\/","logo":{"@type":"ImageObject","inLanguage":"ro-RO","@id":"https:\/\/shopatoa.com\/ro\/#\/schema\/logo\/image\/","url":"https:\/\/storage.googleapis.com\/cz-shopatoa-img\/ro\/b4dac915-shopatoa_logo.png","contentUrl":"https:\/\/storage.googleapis.com\/cz-shopatoa-img\/ro\/b4dac915-shopatoa_logo.png","width":416,"height":63,"caption":"SHOPATOA"},"image":{"@id":"https:\/\/shopatoa.com\/ro\/#\/schema\/logo\/image\/"}}]}},"_links":{"self":[{"href":"https:\/\/shopatoa.com\/ro\/wp-json\/wp\/v2\/product\/362489","targetHints":{"allow":["GET"]}}],"collection":[{"href":"https:\/\/shopatoa.com\/ro\/wp-json\/wp\/v2\/product"}],"about":[{"href":"https:\/\/shopatoa.com\/ro\/wp-json\/wp\/v2\/types\/product"}],"replies":[{"embeddable":true,"href":"https:\/\/shopatoa.com\/ro\/wp-json\/wp\/v2\/comments?post=362489"}],"wp:featuredmedia":[{"embeddable":true,"href":"https:\/\/shopatoa.com\/ro\/wp-json\/wp\/v2\/media\/362491"}],"wp:attachment":[{"href":"https:\/\/shopatoa.com\/ro\/wp-json\/wp\/v2\/media?parent=362489"}],"wp:term":[{"taxonomy":"product_brand","embeddable":true,"href":"https:\/\/shopatoa.com\/ro\/wp-json\/wp\/v2\/product_brand?post=362489"},{"taxonomy":"product_cat","embeddable":true,"href":"https:\/\/shopatoa.com\/ro\/wp-json\/wp\/v2\/product_cat?post=362489"},{"taxonomy":"product_tag","embeddable":true,"href":"https:\/\/shopatoa.com\/ro\/wp-json\/wp\/v2\/product_tag?post=362489"}],"curies":[{"name":"wp","href":"https:\/\/api.w.org\/{rel}","templated":true}]}}