{"id":362595,"date":"2025-05-21T20:10:19","date_gmt":"2025-05-21T18:10:19","guid":{"rendered":"https:\/\/shopatoa.com\/ro\/mont-blanc-signature-absolue-edp-50-ml-lotiune-de-corp-100-ml-2\/"},"modified":"2025-05-21T20:11:19","modified_gmt":"2025-05-21T18:11:19","slug":"mont-blanc-signature-absolue-edp-50-ml-lotiune-de-corp-100-ml-2","status":"publish","type":"product","link":"https:\/\/shopatoa.com\/ro\/mont-blanc-signature-absolue-edp-50-ml-lotiune-de-corp-100-ml-2\/","title":{"rendered":"Mont Blanc Signature Absolue &#8211; EDP 50 ml + lo\u021biune de corp 100 ml"},"content":{"rendered":"<p>Signature Absolue de la marca Montblanc este o ap\u0103 de parfum dulce \u0219i floral\u0103 pentru toate femeile puternice \u0219i independente. Un parfum auriu str\u0103lucitor plin de seduc\u021bie ce se deschide cu dulcea\u021ba perei \u0219i mandarinei condimentate cu piper roz. Sufletul \u00eentregii compozi\u021bii este o combina\u021bie de tonuri exotice de ylang-ylang, plumeria \u0219i tuberoz\u0103 dulce. La baza parfumului dulcea\u021ba esen\u021bei parfumate este subliniat\u0103 de frumuse\u021bea p\u0103m\u00e2nteasc\u0103 a boabelor de tonka \u0219i a lemnului de cedru. Datorit\u0103 parfumului atemporal, vei l\u0103sa o semn\u0103tur\u0103 de miros unic\u0103 \u0219i intens\u0103 oric\u00e2nd \u0219i oriunde. Parfumul a fost lansat \u00een pe pia\u021b\u0103 in anul 2023.<\/p>\n","protected":false},"excerpt":{"rendered":"<p>Signature Absolue de la marca Montblanc este o ap\u0103 de parfum dulce \u0219i floral\u0103 pentru toate femeile puternice \u0219i independente. Un parfum auriu str\u0103lucitor plin de seduc\u021bie ce se deschide cu dulcea\u021ba perei \u0219i mandarinei condimentate cu piper roz. Sufletul \u00eentregii compozi\u021bii este o combina\u021bie de tonuri exotice de ylang-ylang, plumeria \u0219i tuberoz\u0103 dulce. La&#8230;<\/p>\n","protected":false},"featured_media":362596,"comment_status":"closed","ping_status":"open","template":"","meta":{"_acf_changed":false,"_kadence_starter_templates_imported_post":false,"_kad_post_transparent":"","_kad_post_title":"","_kad_post_layout":"","_kad_post_sidebar_id":"","_kad_post_content_style":"","_kad_post_vertical_padding":"","_kad_post_feature":"","_kad_post_feature_position":"","_kad_post_header":false,"_kad_post_footer":false,"_kad_post_classname":""},"product_brand":[31],"product_cat":[614,651],"product_tag":[],"class_list":{"0":"post-362595","1":"product","2":"type-product","3":"status-publish","4":"has-post-thumbnail","6":"product_brand-mont-blanc","7":"product_cat-parfumuri","8":"product_cat-seturi-cadou-de-parfumuri","10":"first","11":"instock","12":"product-type-external","13":"entry","14":"content-bg","15":"loop-entry"},"acf":[],"yoast_head":"<!-- This site is optimized with the Yoast SEO plugin v27.4 - https:\/\/yoast.com\/product\/yoast-seo-wordpress\/ -->\n<title>Mont Blanc Signature Absolue - EDP 50 ml + lo\u021biune de corp 100 ml - SHOPATOA.COM<\/title>\n<meta name=\"robots\" content=\"index, follow, max-snippet:-1, max-image-preview:large, max-video-preview:-1\" \/>\n<link rel=\"canonical\" href=\"https:\/\/shopatoa.com\/ro\/mont-blanc-signature-absolue-edp-50-ml-lotiune-de-corp-100-ml-2\/\" \/>\n<meta property=\"og:locale\" content=\"ro_RO\" \/>\n<meta property=\"og:type\" content=\"article\" \/>\n<meta property=\"og:title\" content=\"Mont Blanc Signature Absolue - EDP 50 ml + lo\u021biune de corp 100 ml - SHOPATOA.COM\" \/>\n<meta property=\"og:description\" content=\"Signature Absolue de la marca Montblanc este o ap\u0103 de parfum dulce \u0219i floral\u0103 pentru toate femeile puternice \u0219i independente. Un parfum auriu str\u0103lucitor plin de seduc\u021bie ce se deschide cu dulcea\u021ba perei \u0219i mandarinei condimentate cu piper roz. Sufletul \u00eentregii compozi\u021bii este o combina\u021bie de tonuri exotice de ylang-ylang, plumeria \u0219i tuberoz\u0103 dulce. La...\" \/>\n<meta property=\"og:url\" content=\"https:\/\/shopatoa.com\/ro\/mont-blanc-signature-absolue-edp-50-ml-lotiune-de-corp-100-ml-2\/\" \/>\n<meta property=\"og:site_name\" content=\"SHOPATOA\" \/>\n<meta property=\"article:modified_time\" content=\"2025-05-21T18:11:19+00:00\" \/>\n<meta property=\"og:image\" content=\"https:\/\/storage.googleapis.com\/cz-shopatoa-img\/ro\/25a74c4e-unnamed-file.webp\" \/>\n\t<meta property=\"og:image:width\" content=\"800\" \/>\n\t<meta property=\"og:image:height\" content=\"800\" \/>\n\t<meta property=\"og:image:type\" content=\"image\/webp\" \/>\n<meta name=\"twitter:card\" content=\"summary_large_image\" \/>\n<meta name=\"twitter:label1\" content=\"Timp estimat pentru citire\" \/>\n\t<meta name=\"twitter:data1\" content=\"1 minut\" \/>\n<script type=\"application\/ld+json\" class=\"yoast-schema-graph\">{\"@context\":\"https:\\\/\\\/schema.org\",\"@graph\":[{\"@type\":\"WebPage\",\"@id\":\"https:\\\/\\\/shopatoa.com\\\/ro\\\/mont-blanc-signature-absolue-edp-50-ml-lotiune-de-corp-100-ml-2\\\/\",\"url\":\"https:\\\/\\\/shopatoa.com\\\/ro\\\/mont-blanc-signature-absolue-edp-50-ml-lotiune-de-corp-100-ml-2\\\/\",\"name\":\"Mont Blanc Signature Absolue - EDP 50 ml + lo\u021biune de corp 100 ml - SHOPATOA.COM\",\"isPartOf\":{\"@id\":\"https:\\\/\\\/shopatoa.com\\\/ro\\\/#website\"},\"primaryImageOfPage\":{\"@id\":\"https:\\\/\\\/shopatoa.com\\\/ro\\\/mont-blanc-signature-absolue-edp-50-ml-lotiune-de-corp-100-ml-2\\\/#primaryimage\"},\"image\":{\"@id\":\"https:\\\/\\\/shopatoa.com\\\/ro\\\/mont-blanc-signature-absolue-edp-50-ml-lotiune-de-corp-100-ml-2\\\/#primaryimage\"},\"thumbnailUrl\":\"https:\\\/\\\/storage.googleapis.com\\\/cz-shopatoa-img\\\/ro\\\/25a74c4e-unnamed-file.webp\",\"datePublished\":\"2025-05-21T18:10:19+00:00\",\"dateModified\":\"2025-05-21T18:11:19+00:00\",\"breadcrumb\":{\"@id\":\"https:\\\/\\\/shopatoa.com\\\/ro\\\/mont-blanc-signature-absolue-edp-50-ml-lotiune-de-corp-100-ml-2\\\/#breadcrumb\"},\"inLanguage\":\"ro-RO\",\"potentialAction\":[{\"@type\":\"ReadAction\",\"target\":[\"https:\\\/\\\/shopatoa.com\\\/ro\\\/mont-blanc-signature-absolue-edp-50-ml-lotiune-de-corp-100-ml-2\\\/\"]}]},{\"@type\":\"ImageObject\",\"inLanguage\":\"ro-RO\",\"@id\":\"https:\\\/\\\/shopatoa.com\\\/ro\\\/mont-blanc-signature-absolue-edp-50-ml-lotiune-de-corp-100-ml-2\\\/#primaryimage\",\"url\":\"https:\\\/\\\/storage.googleapis.com\\\/cz-shopatoa-img\\\/ro\\\/25a74c4e-unnamed-file.webp\",\"contentUrl\":\"https:\\\/\\\/storage.googleapis.com\\\/cz-shopatoa-img\\\/ro\\\/25a74c4e-unnamed-file.webp\",\"width\":800,\"height\":800},{\"@type\":\"BreadcrumbList\",\"@id\":\"https:\\\/\\\/shopatoa.com\\\/ro\\\/mont-blanc-signature-absolue-edp-50-ml-lotiune-de-corp-100-ml-2\\\/#breadcrumb\",\"itemListElement\":[{\"@type\":\"ListItem\",\"position\":1,\"name\":\"Dom\u016f\",\"item\":\"https:\\\/\\\/shopatoa.com\\\/ro\\\/\"},{\"@type\":\"ListItem\",\"position\":2,\"name\":\"Shop\",\"item\":\"https:\\\/\\\/shopatoa.com\\\/ro\\\/shop\\\/\"},{\"@type\":\"ListItem\",\"position\":3,\"name\":\"Mont Blanc Signature Absolue &#8211; EDP 50 ml + lo\u021biune de corp 100 ml\"}]},{\"@type\":\"WebSite\",\"@id\":\"https:\\\/\\\/shopatoa.com\\\/ro\\\/#website\",\"url\":\"https:\\\/\\\/shopatoa.com\\\/ro\\\/\",\"name\":\"SHOPATOA\",\"description\":\"\",\"publisher\":{\"@id\":\"https:\\\/\\\/shopatoa.com\\\/ro\\\/#organization\"},\"potentialAction\":[{\"@type\":\"SearchAction\",\"target\":{\"@type\":\"EntryPoint\",\"urlTemplate\":\"https:\\\/\\\/shopatoa.com\\\/ro\\\/?s={search_term_string}\"},\"query-input\":{\"@type\":\"PropertyValueSpecification\",\"valueRequired\":true,\"valueName\":\"search_term_string\"}}],\"inLanguage\":\"ro-RO\"},{\"@type\":\"Organization\",\"@id\":\"https:\\\/\\\/shopatoa.com\\\/ro\\\/#organization\",\"name\":\"SHOPATOA\",\"url\":\"https:\\\/\\\/shopatoa.com\\\/ro\\\/\",\"logo\":{\"@type\":\"ImageObject\",\"inLanguage\":\"ro-RO\",\"@id\":\"https:\\\/\\\/shopatoa.com\\\/ro\\\/#\\\/schema\\\/logo\\\/image\\\/\",\"url\":\"https:\\\/\\\/storage.googleapis.com\\\/cz-shopatoa-img\\\/ro\\\/b4dac915-shopatoa_logo.png\",\"contentUrl\":\"https:\\\/\\\/storage.googleapis.com\\\/cz-shopatoa-img\\\/ro\\\/b4dac915-shopatoa_logo.png\",\"width\":416,\"height\":63,\"caption\":\"SHOPATOA\"},\"image\":{\"@id\":\"https:\\\/\\\/shopatoa.com\\\/ro\\\/#\\\/schema\\\/logo\\\/image\\\/\"}}]}<\/script>\n<!-- \/ Yoast SEO plugin. -->","yoast_head_json":{"title":"Mont Blanc Signature Absolue - EDP 50 ml + lo\u021biune de corp 100 ml - SHOPATOA.COM","robots":{"index":"index","follow":"follow","max-snippet":"max-snippet:-1","max-image-preview":"max-image-preview:large","max-video-preview":"max-video-preview:-1"},"canonical":"https:\/\/shopatoa.com\/ro\/mont-blanc-signature-absolue-edp-50-ml-lotiune-de-corp-100-ml-2\/","og_locale":"ro_RO","og_type":"article","og_title":"Mont Blanc Signature Absolue - EDP 50 ml + lo\u021biune de corp 100 ml - SHOPATOA.COM","og_description":"Signature Absolue de la marca Montblanc este o ap\u0103 de parfum dulce \u0219i floral\u0103 pentru toate femeile puternice \u0219i independente. Un parfum auriu str\u0103lucitor plin de seduc\u021bie ce se deschide cu dulcea\u021ba perei \u0219i mandarinei condimentate cu piper roz. Sufletul \u00eentregii compozi\u021bii este o combina\u021bie de tonuri exotice de ylang-ylang, plumeria \u0219i tuberoz\u0103 dulce. La...","og_url":"https:\/\/shopatoa.com\/ro\/mont-blanc-signature-absolue-edp-50-ml-lotiune-de-corp-100-ml-2\/","og_site_name":"SHOPATOA","article_modified_time":"2025-05-21T18:11:19+00:00","og_image":[{"width":800,"height":800,"url":"https:\/\/storage.googleapis.com\/cz-shopatoa-img\/ro\/25a74c4e-unnamed-file.webp","type":"image\/webp"}],"twitter_card":"summary_large_image","twitter_misc":{"Timp estimat pentru citire":"1 minut"},"schema":{"@context":"https:\/\/schema.org","@graph":[{"@type":"WebPage","@id":"https:\/\/shopatoa.com\/ro\/mont-blanc-signature-absolue-edp-50-ml-lotiune-de-corp-100-ml-2\/","url":"https:\/\/shopatoa.com\/ro\/mont-blanc-signature-absolue-edp-50-ml-lotiune-de-corp-100-ml-2\/","name":"Mont Blanc Signature Absolue - EDP 50 ml + lo\u021biune de corp 100 ml - SHOPATOA.COM","isPartOf":{"@id":"https:\/\/shopatoa.com\/ro\/#website"},"primaryImageOfPage":{"@id":"https:\/\/shopatoa.com\/ro\/mont-blanc-signature-absolue-edp-50-ml-lotiune-de-corp-100-ml-2\/#primaryimage"},"image":{"@id":"https:\/\/shopatoa.com\/ro\/mont-blanc-signature-absolue-edp-50-ml-lotiune-de-corp-100-ml-2\/#primaryimage"},"thumbnailUrl":"https:\/\/storage.googleapis.com\/cz-shopatoa-img\/ro\/25a74c4e-unnamed-file.webp","datePublished":"2025-05-21T18:10:19+00:00","dateModified":"2025-05-21T18:11:19+00:00","breadcrumb":{"@id":"https:\/\/shopatoa.com\/ro\/mont-blanc-signature-absolue-edp-50-ml-lotiune-de-corp-100-ml-2\/#breadcrumb"},"inLanguage":"ro-RO","potentialAction":[{"@type":"ReadAction","target":["https:\/\/shopatoa.com\/ro\/mont-blanc-signature-absolue-edp-50-ml-lotiune-de-corp-100-ml-2\/"]}]},{"@type":"ImageObject","inLanguage":"ro-RO","@id":"https:\/\/shopatoa.com\/ro\/mont-blanc-signature-absolue-edp-50-ml-lotiune-de-corp-100-ml-2\/#primaryimage","url":"https:\/\/storage.googleapis.com\/cz-shopatoa-img\/ro\/25a74c4e-unnamed-file.webp","contentUrl":"https:\/\/storage.googleapis.com\/cz-shopatoa-img\/ro\/25a74c4e-unnamed-file.webp","width":800,"height":800},{"@type":"BreadcrumbList","@id":"https:\/\/shopatoa.com\/ro\/mont-blanc-signature-absolue-edp-50-ml-lotiune-de-corp-100-ml-2\/#breadcrumb","itemListElement":[{"@type":"ListItem","position":1,"name":"Dom\u016f","item":"https:\/\/shopatoa.com\/ro\/"},{"@type":"ListItem","position":2,"name":"Shop","item":"https:\/\/shopatoa.com\/ro\/shop\/"},{"@type":"ListItem","position":3,"name":"Mont Blanc Signature Absolue &#8211; EDP 50 ml + lo\u021biune de corp 100 ml"}]},{"@type":"WebSite","@id":"https:\/\/shopatoa.com\/ro\/#website","url":"https:\/\/shopatoa.com\/ro\/","name":"SHOPATOA","description":"","publisher":{"@id":"https:\/\/shopatoa.com\/ro\/#organization"},"potentialAction":[{"@type":"SearchAction","target":{"@type":"EntryPoint","urlTemplate":"https:\/\/shopatoa.com\/ro\/?s={search_term_string}"},"query-input":{"@type":"PropertyValueSpecification","valueRequired":true,"valueName":"search_term_string"}}],"inLanguage":"ro-RO"},{"@type":"Organization","@id":"https:\/\/shopatoa.com\/ro\/#organization","name":"SHOPATOA","url":"https:\/\/shopatoa.com\/ro\/","logo":{"@type":"ImageObject","inLanguage":"ro-RO","@id":"https:\/\/shopatoa.com\/ro\/#\/schema\/logo\/image\/","url":"https:\/\/storage.googleapis.com\/cz-shopatoa-img\/ro\/b4dac915-shopatoa_logo.png","contentUrl":"https:\/\/storage.googleapis.com\/cz-shopatoa-img\/ro\/b4dac915-shopatoa_logo.png","width":416,"height":63,"caption":"SHOPATOA"},"image":{"@id":"https:\/\/shopatoa.com\/ro\/#\/schema\/logo\/image\/"}}]}},"_links":{"self":[{"href":"https:\/\/shopatoa.com\/ro\/wp-json\/wp\/v2\/product\/362595","targetHints":{"allow":["GET"]}}],"collection":[{"href":"https:\/\/shopatoa.com\/ro\/wp-json\/wp\/v2\/product"}],"about":[{"href":"https:\/\/shopatoa.com\/ro\/wp-json\/wp\/v2\/types\/product"}],"replies":[{"embeddable":true,"href":"https:\/\/shopatoa.com\/ro\/wp-json\/wp\/v2\/comments?post=362595"}],"wp:featuredmedia":[{"embeddable":true,"href":"https:\/\/shopatoa.com\/ro\/wp-json\/wp\/v2\/media\/362596"}],"wp:attachment":[{"href":"https:\/\/shopatoa.com\/ro\/wp-json\/wp\/v2\/media?parent=362595"}],"wp:term":[{"taxonomy":"product_brand","embeddable":true,"href":"https:\/\/shopatoa.com\/ro\/wp-json\/wp\/v2\/product_brand?post=362595"},{"taxonomy":"product_cat","embeddable":true,"href":"https:\/\/shopatoa.com\/ro\/wp-json\/wp\/v2\/product_cat?post=362595"},{"taxonomy":"product_tag","embeddable":true,"href":"https:\/\/shopatoa.com\/ro\/wp-json\/wp\/v2\/product_tag?post=362595"}],"curies":[{"name":"wp","href":"https:\/\/api.w.org\/{rel}","templated":true}]}}