{"id":362943,"date":"2025-05-21T20:24:45","date_gmt":"2025-05-21T18:24:45","guid":{"rendered":"https:\/\/shopatoa.com\/ro\/woodwick-scented-lumanare-vaza-trilogy-maturate-soarelui-berries-6095-g-2\/"},"modified":"2025-05-21T20:25:25","modified_gmt":"2025-05-21T18:25:25","slug":"woodwick-scented-lumanare-vaza-trilogy-maturate-soarelui-berries-6095-g-2","status":"publish","type":"product","link":"https:\/\/shopatoa.com\/ro\/woodwick-scented-lumanare-vaza-trilogy-maturate-soarelui-berries-6095-g-2\/","title":{"rendered":"WoodWick Scented lum\u00e2nare vaza Trilogy maturate-soarelui Berries 609,5 g"},"content":{"rendered":"<p>Trilogy Candle Summer Berries evoc\u0103 o atmosfer\u0103 pl\u0103cut\u0103 \u0219i te va duce la zilele c\u0103lduroase de var\u0103. Aceast\u0103 lum\u00e2nare cu un capac tipic din lemn v\u0103 parfumeaz\u0103 casa \u0219i o umple cu sunetul moale al unui fitil cr\u0103pat, care va spori atmosfera de confort \u0219i confort. C\u0103ci acas\u0103 este locul unde izbucne\u0219te focul. Fitilul este realizat din lemn natural. Forma patentat\u0103 a fitilului de lemn Pluswick \u00ae Innova TION creeaz\u0103 sunetul lini\u0219titor al unui incendiu r\u0103cne\u0219te. Forma cruce unic\u0103 a acestei fitiluri din lemn permite ca iazul de cear\u0103 s\u0103 se dizolve de p\u00e2n\u0103 la 5 ori mai rapid dec\u00e2t o fitil\u0103 conven\u021bional\u0103 din bumbac. Prin urmare, respir\u0103 rapid camera cu un miros pl\u0103cut. Aceast\u0103 fitil\u0103 patentat\u0103 garanteaz\u0103 o ardere frumoas\u0103 \u0219i curat\u0103, f\u0103r\u0103 funingine pe sticl\u0103. Produce un sunet moale al focului cr\u0103pat. Capacul din lemn serve\u0219te ca baz\u0103 pentru lum\u00e2nare atunci c\u00e2nd arde, protej\u00e2nd astfel suprafa\u021ba mobilierului.<\/p>\n","protected":false},"excerpt":{"rendered":"<p>Trilogy Candle Summer Berries evoc\u0103 o atmosfer\u0103 pl\u0103cut\u0103 \u0219i te va duce la zilele c\u0103lduroase de var\u0103. Aceast\u0103 lum\u00e2nare cu un capac tipic din lemn v\u0103 parfumeaz\u0103 casa \u0219i o umple cu sunetul moale al unui fitil cr\u0103pat, care va spori atmosfera de confort \u0219i confort. C\u0103ci acas\u0103 este locul unde izbucne\u0219te focul. Fitilul este&#8230;<\/p>\n","protected":false},"featured_media":362944,"comment_status":"closed","ping_status":"open","template":"","meta":{"_acf_changed":false,"_kadence_starter_templates_imported_post":false,"_kad_post_transparent":"","_kad_post_title":"","_kad_post_layout":"","_kad_post_sidebar_id":"","_kad_post_content_style":"","_kad_post_vertical_padding":"","_kad_post_feature":"","_kad_post_feature_position":"","_kad_post_header":false,"_kad_post_footer":false,"_kad_post_classname":""},"product_brand":[124],"product_cat":[246,656,655,654],"product_tag":[],"class_list":{"0":"post-362943","1":"product","2":"type-product","3":"status-publish","4":"has-post-thumbnail","6":"product_brand-woodwick","7":"product_cat-cosmetice","8":"product_cat-lumanari-decorative-si-in-sticla","9":"product_cat-lumanari-parfumate","10":"product_cat-lumanari-parfumate-si-arome","12":"first","13":"instock","14":"product-type-external","15":"entry","16":"content-bg","17":"loop-entry"},"acf":[],"yoast_head":"<!-- This site is optimized with the Yoast SEO plugin v27.4 - https:\/\/yoast.com\/product\/yoast-seo-wordpress\/ -->\n<title>WoodWick Scented lum\u00e2nare vaza Trilogy maturate-soarelui Berries 609,5 g - SHOPATOA.COM<\/title>\n<meta name=\"robots\" content=\"index, follow, max-snippet:-1, max-image-preview:large, max-video-preview:-1\" \/>\n<link rel=\"canonical\" href=\"https:\/\/shopatoa.com\/ro\/woodwick-scented-lumanare-vaza-trilogy-maturate-soarelui-berries-6095-g-2\/\" \/>\n<meta property=\"og:locale\" content=\"ro_RO\" \/>\n<meta property=\"og:type\" content=\"article\" \/>\n<meta property=\"og:title\" content=\"WoodWick Scented lum\u00e2nare vaza Trilogy maturate-soarelui Berries 609,5 g - SHOPATOA.COM\" \/>\n<meta property=\"og:description\" content=\"Trilogy Candle Summer Berries evoc\u0103 o atmosfer\u0103 pl\u0103cut\u0103 \u0219i te va duce la zilele c\u0103lduroase de var\u0103. Aceast\u0103 lum\u00e2nare cu un capac tipic din lemn v\u0103 parfumeaz\u0103 casa \u0219i o umple cu sunetul moale al unui fitil cr\u0103pat, care va spori atmosfera de confort \u0219i confort. C\u0103ci acas\u0103 este locul unde izbucne\u0219te focul. Fitilul este...\" \/>\n<meta property=\"og:url\" content=\"https:\/\/shopatoa.com\/ro\/woodwick-scented-lumanare-vaza-trilogy-maturate-soarelui-berries-6095-g-2\/\" \/>\n<meta property=\"og:site_name\" content=\"SHOPATOA\" \/>\n<meta property=\"article:modified_time\" content=\"2025-05-21T18:25:25+00:00\" \/>\n<meta property=\"og:image\" content=\"https:\/\/storage.googleapis.com\/cz-shopatoa-img\/ro\/c5397b44-unnamed-file.webp\" \/>\n\t<meta property=\"og:image:width\" content=\"800\" \/>\n\t<meta property=\"og:image:height\" content=\"800\" \/>\n\t<meta property=\"og:image:type\" content=\"image\/webp\" \/>\n<meta name=\"twitter:card\" content=\"summary_large_image\" \/>\n<meta name=\"twitter:label1\" content=\"Timp estimat pentru citire\" \/>\n\t<meta name=\"twitter:data1\" content=\"1 minut\" \/>\n<script type=\"application\/ld+json\" class=\"yoast-schema-graph\">{\"@context\":\"https:\\\/\\\/schema.org\",\"@graph\":[{\"@type\":\"WebPage\",\"@id\":\"https:\\\/\\\/shopatoa.com\\\/ro\\\/woodwick-scented-lumanare-vaza-trilogy-maturate-soarelui-berries-6095-g-2\\\/\",\"url\":\"https:\\\/\\\/shopatoa.com\\\/ro\\\/woodwick-scented-lumanare-vaza-trilogy-maturate-soarelui-berries-6095-g-2\\\/\",\"name\":\"WoodWick Scented lum\u00e2nare vaza Trilogy maturate-soarelui Berries 609,5 g - SHOPATOA.COM\",\"isPartOf\":{\"@id\":\"https:\\\/\\\/shopatoa.com\\\/ro\\\/#website\"},\"primaryImageOfPage\":{\"@id\":\"https:\\\/\\\/shopatoa.com\\\/ro\\\/woodwick-scented-lumanare-vaza-trilogy-maturate-soarelui-berries-6095-g-2\\\/#primaryimage\"},\"image\":{\"@id\":\"https:\\\/\\\/shopatoa.com\\\/ro\\\/woodwick-scented-lumanare-vaza-trilogy-maturate-soarelui-berries-6095-g-2\\\/#primaryimage\"},\"thumbnailUrl\":\"https:\\\/\\\/storage.googleapis.com\\\/cz-shopatoa-img\\\/ro\\\/c5397b44-unnamed-file.webp\",\"datePublished\":\"2025-05-21T18:24:45+00:00\",\"dateModified\":\"2025-05-21T18:25:25+00:00\",\"breadcrumb\":{\"@id\":\"https:\\\/\\\/shopatoa.com\\\/ro\\\/woodwick-scented-lumanare-vaza-trilogy-maturate-soarelui-berries-6095-g-2\\\/#breadcrumb\"},\"inLanguage\":\"ro-RO\",\"potentialAction\":[{\"@type\":\"ReadAction\",\"target\":[\"https:\\\/\\\/shopatoa.com\\\/ro\\\/woodwick-scented-lumanare-vaza-trilogy-maturate-soarelui-berries-6095-g-2\\\/\"]}]},{\"@type\":\"ImageObject\",\"inLanguage\":\"ro-RO\",\"@id\":\"https:\\\/\\\/shopatoa.com\\\/ro\\\/woodwick-scented-lumanare-vaza-trilogy-maturate-soarelui-berries-6095-g-2\\\/#primaryimage\",\"url\":\"https:\\\/\\\/storage.googleapis.com\\\/cz-shopatoa-img\\\/ro\\\/c5397b44-unnamed-file.webp\",\"contentUrl\":\"https:\\\/\\\/storage.googleapis.com\\\/cz-shopatoa-img\\\/ro\\\/c5397b44-unnamed-file.webp\",\"width\":800,\"height\":800},{\"@type\":\"BreadcrumbList\",\"@id\":\"https:\\\/\\\/shopatoa.com\\\/ro\\\/woodwick-scented-lumanare-vaza-trilogy-maturate-soarelui-berries-6095-g-2\\\/#breadcrumb\",\"itemListElement\":[{\"@type\":\"ListItem\",\"position\":1,\"name\":\"Dom\u016f\",\"item\":\"https:\\\/\\\/shopatoa.com\\\/ro\\\/\"},{\"@type\":\"ListItem\",\"position\":2,\"name\":\"Shop\",\"item\":\"https:\\\/\\\/shopatoa.com\\\/ro\\\/shop\\\/\"},{\"@type\":\"ListItem\",\"position\":3,\"name\":\"WoodWick Scented lum\u00e2nare vaza Trilogy maturate-soarelui Berries 609,5 g\"}]},{\"@type\":\"WebSite\",\"@id\":\"https:\\\/\\\/shopatoa.com\\\/ro\\\/#website\",\"url\":\"https:\\\/\\\/shopatoa.com\\\/ro\\\/\",\"name\":\"SHOPATOA\",\"description\":\"\",\"publisher\":{\"@id\":\"https:\\\/\\\/shopatoa.com\\\/ro\\\/#organization\"},\"potentialAction\":[{\"@type\":\"SearchAction\",\"target\":{\"@type\":\"EntryPoint\",\"urlTemplate\":\"https:\\\/\\\/shopatoa.com\\\/ro\\\/?s={search_term_string}\"},\"query-input\":{\"@type\":\"PropertyValueSpecification\",\"valueRequired\":true,\"valueName\":\"search_term_string\"}}],\"inLanguage\":\"ro-RO\"},{\"@type\":\"Organization\",\"@id\":\"https:\\\/\\\/shopatoa.com\\\/ro\\\/#organization\",\"name\":\"SHOPATOA\",\"url\":\"https:\\\/\\\/shopatoa.com\\\/ro\\\/\",\"logo\":{\"@type\":\"ImageObject\",\"inLanguage\":\"ro-RO\",\"@id\":\"https:\\\/\\\/shopatoa.com\\\/ro\\\/#\\\/schema\\\/logo\\\/image\\\/\",\"url\":\"https:\\\/\\\/storage.googleapis.com\\\/cz-shopatoa-img\\\/ro\\\/b4dac915-shopatoa_logo.png\",\"contentUrl\":\"https:\\\/\\\/storage.googleapis.com\\\/cz-shopatoa-img\\\/ro\\\/b4dac915-shopatoa_logo.png\",\"width\":416,\"height\":63,\"caption\":\"SHOPATOA\"},\"image\":{\"@id\":\"https:\\\/\\\/shopatoa.com\\\/ro\\\/#\\\/schema\\\/logo\\\/image\\\/\"}}]}<\/script>\n<!-- \/ Yoast SEO plugin. -->","yoast_head_json":{"title":"WoodWick Scented lum\u00e2nare vaza Trilogy maturate-soarelui Berries 609,5 g - SHOPATOA.COM","robots":{"index":"index","follow":"follow","max-snippet":"max-snippet:-1","max-image-preview":"max-image-preview:large","max-video-preview":"max-video-preview:-1"},"canonical":"https:\/\/shopatoa.com\/ro\/woodwick-scented-lumanare-vaza-trilogy-maturate-soarelui-berries-6095-g-2\/","og_locale":"ro_RO","og_type":"article","og_title":"WoodWick Scented lum\u00e2nare vaza Trilogy maturate-soarelui Berries 609,5 g - SHOPATOA.COM","og_description":"Trilogy Candle Summer Berries evoc\u0103 o atmosfer\u0103 pl\u0103cut\u0103 \u0219i te va duce la zilele c\u0103lduroase de var\u0103. Aceast\u0103 lum\u00e2nare cu un capac tipic din lemn v\u0103 parfumeaz\u0103 casa \u0219i o umple cu sunetul moale al unui fitil cr\u0103pat, care va spori atmosfera de confort \u0219i confort. C\u0103ci acas\u0103 este locul unde izbucne\u0219te focul. Fitilul este...","og_url":"https:\/\/shopatoa.com\/ro\/woodwick-scented-lumanare-vaza-trilogy-maturate-soarelui-berries-6095-g-2\/","og_site_name":"SHOPATOA","article_modified_time":"2025-05-21T18:25:25+00:00","og_image":[{"width":800,"height":800,"url":"https:\/\/storage.googleapis.com\/cz-shopatoa-img\/ro\/c5397b44-unnamed-file.webp","type":"image\/webp"}],"twitter_card":"summary_large_image","twitter_misc":{"Timp estimat pentru citire":"1 minut"},"schema":{"@context":"https:\/\/schema.org","@graph":[{"@type":"WebPage","@id":"https:\/\/shopatoa.com\/ro\/woodwick-scented-lumanare-vaza-trilogy-maturate-soarelui-berries-6095-g-2\/","url":"https:\/\/shopatoa.com\/ro\/woodwick-scented-lumanare-vaza-trilogy-maturate-soarelui-berries-6095-g-2\/","name":"WoodWick Scented lum\u00e2nare vaza Trilogy maturate-soarelui Berries 609,5 g - SHOPATOA.COM","isPartOf":{"@id":"https:\/\/shopatoa.com\/ro\/#website"},"primaryImageOfPage":{"@id":"https:\/\/shopatoa.com\/ro\/woodwick-scented-lumanare-vaza-trilogy-maturate-soarelui-berries-6095-g-2\/#primaryimage"},"image":{"@id":"https:\/\/shopatoa.com\/ro\/woodwick-scented-lumanare-vaza-trilogy-maturate-soarelui-berries-6095-g-2\/#primaryimage"},"thumbnailUrl":"https:\/\/storage.googleapis.com\/cz-shopatoa-img\/ro\/c5397b44-unnamed-file.webp","datePublished":"2025-05-21T18:24:45+00:00","dateModified":"2025-05-21T18:25:25+00:00","breadcrumb":{"@id":"https:\/\/shopatoa.com\/ro\/woodwick-scented-lumanare-vaza-trilogy-maturate-soarelui-berries-6095-g-2\/#breadcrumb"},"inLanguage":"ro-RO","potentialAction":[{"@type":"ReadAction","target":["https:\/\/shopatoa.com\/ro\/woodwick-scented-lumanare-vaza-trilogy-maturate-soarelui-berries-6095-g-2\/"]}]},{"@type":"ImageObject","inLanguage":"ro-RO","@id":"https:\/\/shopatoa.com\/ro\/woodwick-scented-lumanare-vaza-trilogy-maturate-soarelui-berries-6095-g-2\/#primaryimage","url":"https:\/\/storage.googleapis.com\/cz-shopatoa-img\/ro\/c5397b44-unnamed-file.webp","contentUrl":"https:\/\/storage.googleapis.com\/cz-shopatoa-img\/ro\/c5397b44-unnamed-file.webp","width":800,"height":800},{"@type":"BreadcrumbList","@id":"https:\/\/shopatoa.com\/ro\/woodwick-scented-lumanare-vaza-trilogy-maturate-soarelui-berries-6095-g-2\/#breadcrumb","itemListElement":[{"@type":"ListItem","position":1,"name":"Dom\u016f","item":"https:\/\/shopatoa.com\/ro\/"},{"@type":"ListItem","position":2,"name":"Shop","item":"https:\/\/shopatoa.com\/ro\/shop\/"},{"@type":"ListItem","position":3,"name":"WoodWick Scented lum\u00e2nare vaza Trilogy maturate-soarelui Berries 609,5 g"}]},{"@type":"WebSite","@id":"https:\/\/shopatoa.com\/ro\/#website","url":"https:\/\/shopatoa.com\/ro\/","name":"SHOPATOA","description":"","publisher":{"@id":"https:\/\/shopatoa.com\/ro\/#organization"},"potentialAction":[{"@type":"SearchAction","target":{"@type":"EntryPoint","urlTemplate":"https:\/\/shopatoa.com\/ro\/?s={search_term_string}"},"query-input":{"@type":"PropertyValueSpecification","valueRequired":true,"valueName":"search_term_string"}}],"inLanguage":"ro-RO"},{"@type":"Organization","@id":"https:\/\/shopatoa.com\/ro\/#organization","name":"SHOPATOA","url":"https:\/\/shopatoa.com\/ro\/","logo":{"@type":"ImageObject","inLanguage":"ro-RO","@id":"https:\/\/shopatoa.com\/ro\/#\/schema\/logo\/image\/","url":"https:\/\/storage.googleapis.com\/cz-shopatoa-img\/ro\/b4dac915-shopatoa_logo.png","contentUrl":"https:\/\/storage.googleapis.com\/cz-shopatoa-img\/ro\/b4dac915-shopatoa_logo.png","width":416,"height":63,"caption":"SHOPATOA"},"image":{"@id":"https:\/\/shopatoa.com\/ro\/#\/schema\/logo\/image\/"}}]}},"_links":{"self":[{"href":"https:\/\/shopatoa.com\/ro\/wp-json\/wp\/v2\/product\/362943","targetHints":{"allow":["GET"]}}],"collection":[{"href":"https:\/\/shopatoa.com\/ro\/wp-json\/wp\/v2\/product"}],"about":[{"href":"https:\/\/shopatoa.com\/ro\/wp-json\/wp\/v2\/types\/product"}],"replies":[{"embeddable":true,"href":"https:\/\/shopatoa.com\/ro\/wp-json\/wp\/v2\/comments?post=362943"}],"wp:featuredmedia":[{"embeddable":true,"href":"https:\/\/shopatoa.com\/ro\/wp-json\/wp\/v2\/media\/362944"}],"wp:attachment":[{"href":"https:\/\/shopatoa.com\/ro\/wp-json\/wp\/v2\/media?parent=362943"}],"wp:term":[{"taxonomy":"product_brand","embeddable":true,"href":"https:\/\/shopatoa.com\/ro\/wp-json\/wp\/v2\/product_brand?post=362943"},{"taxonomy":"product_cat","embeddable":true,"href":"https:\/\/shopatoa.com\/ro\/wp-json\/wp\/v2\/product_cat?post=362943"},{"taxonomy":"product_tag","embeddable":true,"href":"https:\/\/shopatoa.com\/ro\/wp-json\/wp\/v2\/product_tag?post=362943"}],"curies":[{"name":"wp","href":"https:\/\/api.w.org\/{rel}","templated":true}]}}