{"id":362947,"date":"2025-05-21T20:24:45","date_gmt":"2025-05-21T18:24:45","guid":{"rendered":"https:\/\/shopatoa.com\/ro\/beautyrelax-dispozitiv-estetic-pentru-modelarea-zonelor-cu-probleme-celluform-lite-br-1220l-2\/"},"modified":"2025-05-21T20:25:34","modified_gmt":"2025-05-21T18:25:34","slug":"beautyrelax-dispozitiv-estetic-pentru-modelarea-zonelor-cu-probleme-celluform-lite-br-1220l-2","status":"publish","type":"product","link":"https:\/\/shopatoa.com\/ro\/beautyrelax-dispozitiv-estetic-pentru-modelarea-zonelor-cu-probleme-celluform-lite-br-1220l-2\/","title":{"rendered":"BeautyRelax Dispozitiv estetic pentru modelarea zonelor cu probleme Celluform Lite BR-1220L"},"content":{"rendered":"<p>BeautyRelax Celluform Lite a fost conceput pe baza rezultatelor reale \u0219i a experien\u021bei din studiile estetice profesionale. Cavita\u021bia cu ultrasunete, frecven\u021ba radio \u0219i lumina ro\u0219ie sunt printre cele mai utilizate tehnologii pentru modelarea corpului. Beauty Relax Celluform Lite v\u0103 va ajuta s\u0103 ob\u021bine\u021bi pas cu pas rezultatele dorite. Acas\u0103, v\u0103 pute\u021bi concentra direct pe par\u021bile problematice. Dispozitivul \u00eendepline\u0219te cele mai stricte standarde europene. Utilizarea este complet sigur\u0103, nedureroas\u0103 \u0219i neinvaziv\u0103. Un standard ridicat de siguran\u021b\u0103 este primul Dispozitivul estetic BeautyRelax Celluform Lite are tehnologii neinvazive. \u00cen practic\u0103, aceasta \u00eenseamn\u0103 c\u0103 niciun obiect solid nu p\u0103trunde fizic sub suprafa\u021ba pielii. Cu toate acestea, utilizarea este complet sigur\u0103, urm\u00e2nd instruc\u021biunile din instruc\u021biunile de utilizare. Dispozitivul \u00eendepline\u0219te toate standardele care sunt plasate pe dispozitive de tip similar. Siguran\u021ba \u0219i \u00eengrijirea men\u021bine \u00een acela\u0219i timp o eficien\u021b\u0103 ridicat\u0103 a utiliz\u0103rii. Caracteristici de baz\u0103 ale dispozitivului BeautyRelax Celluform Lite. ULTRASUNETE Capul de aplicare genereaz\u0103 unde ultrasonice de \u00eenalt\u0103 frecven\u021b\u0103 care p\u0103trund \u00een \u021besutul subcutanat la o frecven\u021b\u0103 de 300.000 de oscila\u021bii pe secund\u0103. \u021aesuturile absorb apoi energia astfel generat\u0103. Integritatea celulei este perturbat\u0103 \u0219i se elibereaz\u0103 gr\u0103simea. Gr\u0103simea eliberat\u0103 este descompus\u0103 \u00een glicerol \u0219i acizi gra\u0219i liberi. Glicerolul serve\u0219te ca surs\u0103 de energie, \u00een timp ce acizii gra\u0219i sunt transfera\u021bi la ficat, unde sunt prelucra\u021bi ca acizi gra\u0219i obi\u0219nui\u021bi din alimente \u0219i sunt elimina\u021bi din organism \u00een mod natural. Gr\u0103simea eliminat\u0103 nu se \u00eentoarce \u00een \u021besut. Cavita\u021bia cu ultrasunete este o metod\u0103 nedureroas\u0103, neinvaziv\u0103, delicat\u0103, eficient\u0103 \u0219i, cel mai important, permanent\u0103 pentru reducerea gr\u0103similor \u00een zonele cele mai problematice. FRECVENTA RADIO Radiofrecven\u021ba este una dintre cele mai utilizate tehnologii \u00een domeniul medicinei estetice neinvazive. Capul de aplicare genereaz\u0103 unde de frecven\u021b\u0103 radio. Undele de frecven\u021b\u0103 radio au o frecven\u021b\u0103 \u0219i o putere foarte specifice. Valorile sunt optimizate pentru a provoca un gradient termic \u00een localitatea definit\u0103, care afecteaz\u0103 semnificativ procesele din stratul pielii Energia furnizat\u0103 \u00een acest mod activeaz\u0103 remodelarea colagenului \u0219i a fibrelor elastice \u0219i a elastinei. Radiofrecven\u021ba are o capacitate excelent\u0103 de a p\u0103trunde prin stratul superior al pielii (epiderma) \u00een stratul dermei, unde se afl\u0103 colagenul \u0219i fibrele elastice. Tratamentul economise\u0219te timp, complet sigur, f\u0103r\u0103 sentimente nepl\u0103cute. LUMINA RO\u0218IE Lumina poate intra \u00een interiorul celulei non-invaziv \u0219i f\u0103r\u0103 durere. Lumina activeaz\u0103 \u00een celulele fotoreceptorii. Terapia cu fotoni nu cauzeaz\u0103 efecte secundare sau deterior\u0103ri ale corpului. Datorit\u0103 efectelor sale pozitive, a c\u00e2\u0219tigat popularitate nu numai \u00een domeniul dermatologiei, dar, de asemenea, \u00een segmentul de tratament cosmetic al pielii. Lumina ro\u0219ie 625 nm stimuleaz\u0103 produc\u021bia natural\u0103 de colagen cre\u0219te eficien\u021ba absorb\u021biei ingredientelor active ale produselor cosmetice. \u00eembun\u0103t\u0103\u021be\u0219te circula\u021bia s\u00e2ngelui \u00een \u021besutul subcutanat previne formarea de pigmen\u021bi Pielea neted\u0103 pentru rezultate mai bune V\u0103 recomand\u0103m s\u0103 men\u021bine\u021bi pielea neted\u0103 \u00een timpul utiliz\u0103rii regulate. Nu aplica\u021bi aparatul imediat dup\u0103 ras. Pielea neted\u0103 permite mi\u0219carea u\u0219oar\u0103 a capului. \u00cen plus, firele de p\u0103r ar crea o barier\u0103 nedorit\u0103 la ac\u021biunea undelor ultrasonice \u0219i a frecven\u021bei radio.<\/p>\n","protected":false},"excerpt":{"rendered":"<p>BeautyRelax Celluform Lite a fost conceput pe baza rezultatelor reale \u0219i a experien\u021bei din studiile estetice profesionale. Cavita\u021bia cu ultrasunete, frecven\u021ba radio \u0219i lumina ro\u0219ie sunt printre cele mai utilizate tehnologii pentru modelarea corpului. Beauty Relax Celluform Lite v\u0103 va ajuta s\u0103 ob\u021bine\u021bi pas cu pas rezultatele dorite. Acas\u0103, v\u0103 pute\u021bi concentra direct pe par\u021bile&#8230;<\/p>\n","protected":false},"featured_media":362948,"comment_status":"closed","ping_status":"open","template":"","meta":{"_acf_changed":false,"_kadence_starter_templates_imported_post":false,"_kad_post_transparent":"","_kad_post_title":"","_kad_post_layout":"","_kad_post_sidebar_id":"","_kad_post_content_style":"","_kad_post_vertical_padding":"","_kad_post_feature":"","_kad_post_feature_position":"","_kad_post_header":false,"_kad_post_footer":false,"_kad_post_classname":""},"product_brand":[235],"product_cat":[246,757,611],"product_tag":[],"class_list":{"0":"post-362947","1":"product","2":"type-product","3":"status-publish","4":"has-post-thumbnail","6":"product_brand-beautyrelax","7":"product_cat-cosmetice","8":"product_cat-dispozitive-cosmetice-corpul","9":"product_cat-produse-cosmetice-pentru-corp","11":"first","12":"instock","13":"product-type-external","14":"entry","15":"content-bg","16":"loop-entry"},"acf":[],"yoast_head":"<!-- This site is optimized with the Yoast SEO plugin v27.4 - https:\/\/yoast.com\/product\/yoast-seo-wordpress\/ -->\n<title>BeautyRelax Dispozitiv estetic pentru modelarea zonelor cu probleme Celluform Lite BR-1220L - SHOPATOA.COM<\/title>\n<meta name=\"robots\" content=\"index, follow, max-snippet:-1, max-image-preview:large, max-video-preview:-1\" \/>\n<link rel=\"canonical\" href=\"https:\/\/shopatoa.com\/ro\/beautyrelax-dispozitiv-estetic-pentru-modelarea-zonelor-cu-probleme-celluform-lite-br-1220l-2\/\" \/>\n<meta property=\"og:locale\" content=\"ro_RO\" \/>\n<meta property=\"og:type\" content=\"article\" \/>\n<meta property=\"og:title\" content=\"BeautyRelax Dispozitiv estetic pentru modelarea zonelor cu probleme Celluform Lite BR-1220L - SHOPATOA.COM\" \/>\n<meta property=\"og:description\" content=\"BeautyRelax Celluform Lite a fost conceput pe baza rezultatelor reale \u0219i a experien\u021bei din studiile estetice profesionale. Cavita\u021bia cu ultrasunete, frecven\u021ba radio \u0219i lumina ro\u0219ie sunt printre cele mai utilizate tehnologii pentru modelarea corpului. Beauty Relax Celluform Lite v\u0103 va ajuta s\u0103 ob\u021bine\u021bi pas cu pas rezultatele dorite. Acas\u0103, v\u0103 pute\u021bi concentra direct pe par\u021bile...\" \/>\n<meta property=\"og:url\" content=\"https:\/\/shopatoa.com\/ro\/beautyrelax-dispozitiv-estetic-pentru-modelarea-zonelor-cu-probleme-celluform-lite-br-1220l-2\/\" \/>\n<meta property=\"og:site_name\" content=\"SHOPATOA\" \/>\n<meta property=\"article:modified_time\" content=\"2025-05-21T18:25:34+00:00\" \/>\n<meta property=\"og:image\" content=\"https:\/\/storage.googleapis.com\/cz-shopatoa-img\/ro\/4ba1654d-unnamed-file.webp\" \/>\n\t<meta property=\"og:image:width\" content=\"800\" \/>\n\t<meta property=\"og:image:height\" content=\"800\" \/>\n\t<meta property=\"og:image:type\" content=\"image\/webp\" \/>\n<meta name=\"twitter:card\" content=\"summary_large_image\" \/>\n<meta name=\"twitter:label1\" content=\"Timp estimat pentru citire\" \/>\n\t<meta name=\"twitter:data1\" content=\"3 minute\" \/>\n<script type=\"application\/ld+json\" class=\"yoast-schema-graph\">{\"@context\":\"https:\\\/\\\/schema.org\",\"@graph\":[{\"@type\":\"WebPage\",\"@id\":\"https:\\\/\\\/shopatoa.com\\\/ro\\\/beautyrelax-dispozitiv-estetic-pentru-modelarea-zonelor-cu-probleme-celluform-lite-br-1220l-2\\\/\",\"url\":\"https:\\\/\\\/shopatoa.com\\\/ro\\\/beautyrelax-dispozitiv-estetic-pentru-modelarea-zonelor-cu-probleme-celluform-lite-br-1220l-2\\\/\",\"name\":\"BeautyRelax Dispozitiv estetic pentru modelarea zonelor cu probleme Celluform Lite BR-1220L - SHOPATOA.COM\",\"isPartOf\":{\"@id\":\"https:\\\/\\\/shopatoa.com\\\/ro\\\/#website\"},\"primaryImageOfPage\":{\"@id\":\"https:\\\/\\\/shopatoa.com\\\/ro\\\/beautyrelax-dispozitiv-estetic-pentru-modelarea-zonelor-cu-probleme-celluform-lite-br-1220l-2\\\/#primaryimage\"},\"image\":{\"@id\":\"https:\\\/\\\/shopatoa.com\\\/ro\\\/beautyrelax-dispozitiv-estetic-pentru-modelarea-zonelor-cu-probleme-celluform-lite-br-1220l-2\\\/#primaryimage\"},\"thumbnailUrl\":\"https:\\\/\\\/storage.googleapis.com\\\/cz-shopatoa-img\\\/ro\\\/4ba1654d-unnamed-file.webp\",\"datePublished\":\"2025-05-21T18:24:45+00:00\",\"dateModified\":\"2025-05-21T18:25:34+00:00\",\"breadcrumb\":{\"@id\":\"https:\\\/\\\/shopatoa.com\\\/ro\\\/beautyrelax-dispozitiv-estetic-pentru-modelarea-zonelor-cu-probleme-celluform-lite-br-1220l-2\\\/#breadcrumb\"},\"inLanguage\":\"ro-RO\",\"potentialAction\":[{\"@type\":\"ReadAction\",\"target\":[\"https:\\\/\\\/shopatoa.com\\\/ro\\\/beautyrelax-dispozitiv-estetic-pentru-modelarea-zonelor-cu-probleme-celluform-lite-br-1220l-2\\\/\"]}]},{\"@type\":\"ImageObject\",\"inLanguage\":\"ro-RO\",\"@id\":\"https:\\\/\\\/shopatoa.com\\\/ro\\\/beautyrelax-dispozitiv-estetic-pentru-modelarea-zonelor-cu-probleme-celluform-lite-br-1220l-2\\\/#primaryimage\",\"url\":\"https:\\\/\\\/storage.googleapis.com\\\/cz-shopatoa-img\\\/ro\\\/4ba1654d-unnamed-file.webp\",\"contentUrl\":\"https:\\\/\\\/storage.googleapis.com\\\/cz-shopatoa-img\\\/ro\\\/4ba1654d-unnamed-file.webp\",\"width\":800,\"height\":800},{\"@type\":\"BreadcrumbList\",\"@id\":\"https:\\\/\\\/shopatoa.com\\\/ro\\\/beautyrelax-dispozitiv-estetic-pentru-modelarea-zonelor-cu-probleme-celluform-lite-br-1220l-2\\\/#breadcrumb\",\"itemListElement\":[{\"@type\":\"ListItem\",\"position\":1,\"name\":\"Dom\u016f\",\"item\":\"https:\\\/\\\/shopatoa.com\\\/ro\\\/\"},{\"@type\":\"ListItem\",\"position\":2,\"name\":\"Shop\",\"item\":\"https:\\\/\\\/shopatoa.com\\\/ro\\\/shop\\\/\"},{\"@type\":\"ListItem\",\"position\":3,\"name\":\"BeautyRelax Dispozitiv estetic pentru modelarea zonelor cu probleme Celluform Lite BR-1220L\"}]},{\"@type\":\"WebSite\",\"@id\":\"https:\\\/\\\/shopatoa.com\\\/ro\\\/#website\",\"url\":\"https:\\\/\\\/shopatoa.com\\\/ro\\\/\",\"name\":\"SHOPATOA\",\"description\":\"\",\"publisher\":{\"@id\":\"https:\\\/\\\/shopatoa.com\\\/ro\\\/#organization\"},\"potentialAction\":[{\"@type\":\"SearchAction\",\"target\":{\"@type\":\"EntryPoint\",\"urlTemplate\":\"https:\\\/\\\/shopatoa.com\\\/ro\\\/?s={search_term_string}\"},\"query-input\":{\"@type\":\"PropertyValueSpecification\",\"valueRequired\":true,\"valueName\":\"search_term_string\"}}],\"inLanguage\":\"ro-RO\"},{\"@type\":\"Organization\",\"@id\":\"https:\\\/\\\/shopatoa.com\\\/ro\\\/#organization\",\"name\":\"SHOPATOA\",\"url\":\"https:\\\/\\\/shopatoa.com\\\/ro\\\/\",\"logo\":{\"@type\":\"ImageObject\",\"inLanguage\":\"ro-RO\",\"@id\":\"https:\\\/\\\/shopatoa.com\\\/ro\\\/#\\\/schema\\\/logo\\\/image\\\/\",\"url\":\"https:\\\/\\\/storage.googleapis.com\\\/cz-shopatoa-img\\\/ro\\\/b4dac915-shopatoa_logo.png\",\"contentUrl\":\"https:\\\/\\\/storage.googleapis.com\\\/cz-shopatoa-img\\\/ro\\\/b4dac915-shopatoa_logo.png\",\"width\":416,\"height\":63,\"caption\":\"SHOPATOA\"},\"image\":{\"@id\":\"https:\\\/\\\/shopatoa.com\\\/ro\\\/#\\\/schema\\\/logo\\\/image\\\/\"}}]}<\/script>\n<!-- \/ Yoast SEO plugin. -->","yoast_head_json":{"title":"BeautyRelax Dispozitiv estetic pentru modelarea zonelor cu probleme Celluform Lite BR-1220L - SHOPATOA.COM","robots":{"index":"index","follow":"follow","max-snippet":"max-snippet:-1","max-image-preview":"max-image-preview:large","max-video-preview":"max-video-preview:-1"},"canonical":"https:\/\/shopatoa.com\/ro\/beautyrelax-dispozitiv-estetic-pentru-modelarea-zonelor-cu-probleme-celluform-lite-br-1220l-2\/","og_locale":"ro_RO","og_type":"article","og_title":"BeautyRelax Dispozitiv estetic pentru modelarea zonelor cu probleme Celluform Lite BR-1220L - SHOPATOA.COM","og_description":"BeautyRelax Celluform Lite a fost conceput pe baza rezultatelor reale \u0219i a experien\u021bei din studiile estetice profesionale. Cavita\u021bia cu ultrasunete, frecven\u021ba radio \u0219i lumina ro\u0219ie sunt printre cele mai utilizate tehnologii pentru modelarea corpului. Beauty Relax Celluform Lite v\u0103 va ajuta s\u0103 ob\u021bine\u021bi pas cu pas rezultatele dorite. Acas\u0103, v\u0103 pute\u021bi concentra direct pe par\u021bile...","og_url":"https:\/\/shopatoa.com\/ro\/beautyrelax-dispozitiv-estetic-pentru-modelarea-zonelor-cu-probleme-celluform-lite-br-1220l-2\/","og_site_name":"SHOPATOA","article_modified_time":"2025-05-21T18:25:34+00:00","og_image":[{"width":800,"height":800,"url":"https:\/\/storage.googleapis.com\/cz-shopatoa-img\/ro\/4ba1654d-unnamed-file.webp","type":"image\/webp"}],"twitter_card":"summary_large_image","twitter_misc":{"Timp estimat pentru citire":"3 minute"},"schema":{"@context":"https:\/\/schema.org","@graph":[{"@type":"WebPage","@id":"https:\/\/shopatoa.com\/ro\/beautyrelax-dispozitiv-estetic-pentru-modelarea-zonelor-cu-probleme-celluform-lite-br-1220l-2\/","url":"https:\/\/shopatoa.com\/ro\/beautyrelax-dispozitiv-estetic-pentru-modelarea-zonelor-cu-probleme-celluform-lite-br-1220l-2\/","name":"BeautyRelax Dispozitiv estetic pentru modelarea zonelor cu probleme Celluform Lite BR-1220L - SHOPATOA.COM","isPartOf":{"@id":"https:\/\/shopatoa.com\/ro\/#website"},"primaryImageOfPage":{"@id":"https:\/\/shopatoa.com\/ro\/beautyrelax-dispozitiv-estetic-pentru-modelarea-zonelor-cu-probleme-celluform-lite-br-1220l-2\/#primaryimage"},"image":{"@id":"https:\/\/shopatoa.com\/ro\/beautyrelax-dispozitiv-estetic-pentru-modelarea-zonelor-cu-probleme-celluform-lite-br-1220l-2\/#primaryimage"},"thumbnailUrl":"https:\/\/storage.googleapis.com\/cz-shopatoa-img\/ro\/4ba1654d-unnamed-file.webp","datePublished":"2025-05-21T18:24:45+00:00","dateModified":"2025-05-21T18:25:34+00:00","breadcrumb":{"@id":"https:\/\/shopatoa.com\/ro\/beautyrelax-dispozitiv-estetic-pentru-modelarea-zonelor-cu-probleme-celluform-lite-br-1220l-2\/#breadcrumb"},"inLanguage":"ro-RO","potentialAction":[{"@type":"ReadAction","target":["https:\/\/shopatoa.com\/ro\/beautyrelax-dispozitiv-estetic-pentru-modelarea-zonelor-cu-probleme-celluform-lite-br-1220l-2\/"]}]},{"@type":"ImageObject","inLanguage":"ro-RO","@id":"https:\/\/shopatoa.com\/ro\/beautyrelax-dispozitiv-estetic-pentru-modelarea-zonelor-cu-probleme-celluform-lite-br-1220l-2\/#primaryimage","url":"https:\/\/storage.googleapis.com\/cz-shopatoa-img\/ro\/4ba1654d-unnamed-file.webp","contentUrl":"https:\/\/storage.googleapis.com\/cz-shopatoa-img\/ro\/4ba1654d-unnamed-file.webp","width":800,"height":800},{"@type":"BreadcrumbList","@id":"https:\/\/shopatoa.com\/ro\/beautyrelax-dispozitiv-estetic-pentru-modelarea-zonelor-cu-probleme-celluform-lite-br-1220l-2\/#breadcrumb","itemListElement":[{"@type":"ListItem","position":1,"name":"Dom\u016f","item":"https:\/\/shopatoa.com\/ro\/"},{"@type":"ListItem","position":2,"name":"Shop","item":"https:\/\/shopatoa.com\/ro\/shop\/"},{"@type":"ListItem","position":3,"name":"BeautyRelax Dispozitiv estetic pentru modelarea zonelor cu probleme Celluform Lite BR-1220L"}]},{"@type":"WebSite","@id":"https:\/\/shopatoa.com\/ro\/#website","url":"https:\/\/shopatoa.com\/ro\/","name":"SHOPATOA","description":"","publisher":{"@id":"https:\/\/shopatoa.com\/ro\/#organization"},"potentialAction":[{"@type":"SearchAction","target":{"@type":"EntryPoint","urlTemplate":"https:\/\/shopatoa.com\/ro\/?s={search_term_string}"},"query-input":{"@type":"PropertyValueSpecification","valueRequired":true,"valueName":"search_term_string"}}],"inLanguage":"ro-RO"},{"@type":"Organization","@id":"https:\/\/shopatoa.com\/ro\/#organization","name":"SHOPATOA","url":"https:\/\/shopatoa.com\/ro\/","logo":{"@type":"ImageObject","inLanguage":"ro-RO","@id":"https:\/\/shopatoa.com\/ro\/#\/schema\/logo\/image\/","url":"https:\/\/storage.googleapis.com\/cz-shopatoa-img\/ro\/b4dac915-shopatoa_logo.png","contentUrl":"https:\/\/storage.googleapis.com\/cz-shopatoa-img\/ro\/b4dac915-shopatoa_logo.png","width":416,"height":63,"caption":"SHOPATOA"},"image":{"@id":"https:\/\/shopatoa.com\/ro\/#\/schema\/logo\/image\/"}}]}},"_links":{"self":[{"href":"https:\/\/shopatoa.com\/ro\/wp-json\/wp\/v2\/product\/362947","targetHints":{"allow":["GET"]}}],"collection":[{"href":"https:\/\/shopatoa.com\/ro\/wp-json\/wp\/v2\/product"}],"about":[{"href":"https:\/\/shopatoa.com\/ro\/wp-json\/wp\/v2\/types\/product"}],"replies":[{"embeddable":true,"href":"https:\/\/shopatoa.com\/ro\/wp-json\/wp\/v2\/comments?post=362947"}],"wp:featuredmedia":[{"embeddable":true,"href":"https:\/\/shopatoa.com\/ro\/wp-json\/wp\/v2\/media\/362948"}],"wp:attachment":[{"href":"https:\/\/shopatoa.com\/ro\/wp-json\/wp\/v2\/media?parent=362947"}],"wp:term":[{"taxonomy":"product_brand","embeddable":true,"href":"https:\/\/shopatoa.com\/ro\/wp-json\/wp\/v2\/product_brand?post=362947"},{"taxonomy":"product_cat","embeddable":true,"href":"https:\/\/shopatoa.com\/ro\/wp-json\/wp\/v2\/product_cat?post=362947"},{"taxonomy":"product_tag","embeddable":true,"href":"https:\/\/shopatoa.com\/ro\/wp-json\/wp\/v2\/product_tag?post=362947"}],"curies":[{"name":"wp","href":"https:\/\/api.w.org\/{rel}","templated":true}]}}