{"id":363123,"date":"2025-05-21T20:32:29","date_gmt":"2025-05-21T18:32:29","guid":{"rendered":"https:\/\/shopatoa.com\/ro\/babyliss-pro-maxi-styler-profesional-creponat-cu-tratament-de-suprafata-folosind-tehnologia-ep-60-mm-bab2512epce-2\/"},"modified":"2025-05-21T20:32:45","modified_gmt":"2025-05-21T18:32:45","slug":"babyliss-pro-maxi-styler-profesional-creponat-cu-tratament-de-suprafata-folosind-tehnologia-ep-60-mm-bab2512epce-2","status":"publish","type":"product","link":"https:\/\/shopatoa.com\/ro\/babyliss-pro-maxi-styler-profesional-creponat-cu-tratament-de-suprafata-folosind-tehnologia-ep-60-mm-bab2512epce-2\/","title":{"rendered":"BaByliss PRO Maxi styler profesional creponat cu tratament de suprafa\u021b\u0103 folosind tehnologia EP 60 mm BAB2512EPCE"},"content":{"rendered":"<p>Maxi styler profesional cu tratament de suprafa\u021b\u0103 folosind tehnologia EP 60 mm. EP Tehnologie: Suprafa\u021ba metalic\u0103 micrometric\u0103 aplicat\u0103 prin galvanizare este un proces tehnic, similar cu cel care este folosit pentru bijuterii. Astfel pute\u021bi ob\u021bine frecare minim\u0103 pe p\u0103r, oferind o alunecare perfect\u0103 a pl\u0103cilor pe p\u0103r. Nu con\u021bine substan\u021be chimice pentru \u00eembun\u0103t\u0103\u021birea rezisten\u021bei la temperaturi ridicate, \u0219i asigur\u0103 o distribu\u021bie uniform\u0103 a c\u0103ldurii pe \u00eentreaga suprafa\u021b\u0103 a pl\u0103cilor. Avantaje EP Tehnologie: suprafa\u021b\u0103 3x mai tare, cu rezistent\u0103 de lung\u0103 durat\u0103 (\u00een compara\u021bie cu pl\u0103cile cu tehnologia Nanotitanium sol-gel) suprafa\u021b\u0103 3x mai neted\u0103 (\u00een compara\u021bie cu pl\u0103cile cu tehnologia Nanotitanium sol-gel) o mai mare rezisten\u021b\u0103 la produse chimice pentru p\u0103r p\u0103streaz\u0103 integritatea p\u0103rului \u00een timpul \u00eendrept\u0103rii, p\u0103rul este mai neted, mai moale si mai str\u0103lucitor. datorit\u0103 distribu\u021biei uniforme a c\u0103ldurii r\u0103m\u00e2ne p\u0103rul echilibrat pentru o lung\u0103 perioad\u0103 de timp, o mai mare rezisten\u021b\u0103 la uzur\u0103, produse chimice \u0219i temperaturi ridicate, pl\u0103cile netede alunec\u0103 u\u0219or si repede pe p\u0103r.<\/p>\n","protected":false},"excerpt":{"rendered":"<p>Maxi styler profesional cu tratament de suprafa\u021b\u0103 folosind tehnologia EP 60 mm. EP Tehnologie: Suprafa\u021ba metalic\u0103 micrometric\u0103 aplicat\u0103 prin galvanizare este un proces tehnic, similar cu cel care este folosit pentru bijuterii. Astfel pute\u021bi ob\u021bine frecare minim\u0103 pe p\u0103r, oferind o alunecare perfect\u0103 a pl\u0103cilor pe p\u0103r. Nu con\u021bine substan\u021be chimice pentru \u00eembun\u0103t\u0103\u021birea rezisten\u021bei la&#8230;<\/p>\n","protected":false},"featured_media":363125,"comment_status":"closed","ping_status":"open","template":"","meta":{"_acf_changed":false,"_kadence_starter_templates_imported_post":false,"_kad_post_transparent":"","_kad_post_title":"","_kad_post_layout":"","_kad_post_sidebar_id":"","_kad_post_content_style":"","_kad_post_vertical_padding":"","_kad_post_feature":"","_kad_post_feature_position":"","_kad_post_header":false,"_kad_post_footer":false,"_kad_post_classname":""},"product_brand":[412],"product_cat":[246,727,623,624],"product_tag":[],"class_list":{"0":"post-363123","1":"product","2":"type-product","3":"status-publish","4":"has-post-thumbnail","6":"product_brand-babyliss-pro","7":"product_cat-cosmetice","8":"product_cat-placa-pentru-par","9":"product_cat-produse-cosmetice-pentru-par","10":"product_cat-produse-aparate-si-accesorii-pentru-par","12":"first","13":"instock","14":"product-type-external","15":"entry","16":"content-bg","17":"loop-entry"},"acf":[],"yoast_head":"<!-- This site is optimized with the Yoast SEO plugin v27.4 - https:\/\/yoast.com\/product\/yoast-seo-wordpress\/ -->\n<title>BaByliss PRO Maxi styler profesional creponat cu tratament de suprafa\u021b\u0103 folosind tehnologia EP 60 mm BAB2512EPCE - SHOPATOA.COM<\/title>\n<meta name=\"robots\" content=\"index, follow, max-snippet:-1, max-image-preview:large, max-video-preview:-1\" \/>\n<link rel=\"canonical\" href=\"https:\/\/shopatoa.com\/ro\/babyliss-pro-maxi-styler-profesional-creponat-cu-tratament-de-suprafata-folosind-tehnologia-ep-60-mm-bab2512epce-2\/\" \/>\n<meta property=\"og:locale\" content=\"ro_RO\" \/>\n<meta property=\"og:type\" content=\"article\" \/>\n<meta property=\"og:title\" content=\"BaByliss PRO Maxi styler profesional creponat cu tratament de suprafa\u021b\u0103 folosind tehnologia EP 60 mm BAB2512EPCE - SHOPATOA.COM\" \/>\n<meta property=\"og:description\" content=\"Maxi styler profesional cu tratament de suprafa\u021b\u0103 folosind tehnologia EP 60 mm. EP Tehnologie: Suprafa\u021ba metalic\u0103 micrometric\u0103 aplicat\u0103 prin galvanizare este un proces tehnic, similar cu cel care este folosit pentru bijuterii. Astfel pute\u021bi ob\u021bine frecare minim\u0103 pe p\u0103r, oferind o alunecare perfect\u0103 a pl\u0103cilor pe p\u0103r. Nu con\u021bine substan\u021be chimice pentru \u00eembun\u0103t\u0103\u021birea rezisten\u021bei la...\" \/>\n<meta property=\"og:url\" content=\"https:\/\/shopatoa.com\/ro\/babyliss-pro-maxi-styler-profesional-creponat-cu-tratament-de-suprafata-folosind-tehnologia-ep-60-mm-bab2512epce-2\/\" \/>\n<meta property=\"og:site_name\" content=\"SHOPATOA\" \/>\n<meta property=\"article:modified_time\" content=\"2025-05-21T18:32:45+00:00\" \/>\n<meta property=\"og:image\" content=\"https:\/\/storage.googleapis.com\/cz-shopatoa-img\/ro\/941c2c27-unnamed-file.webp\" \/>\n\t<meta property=\"og:image:width\" content=\"800\" \/>\n\t<meta property=\"og:image:height\" content=\"800\" \/>\n\t<meta property=\"og:image:type\" content=\"image\/webp\" \/>\n<meta name=\"twitter:card\" content=\"summary_large_image\" \/>\n<meta name=\"twitter:label1\" content=\"Timp estimat pentru citire\" \/>\n\t<meta name=\"twitter:data1\" content=\"1 minut\" \/>\n<script type=\"application\/ld+json\" class=\"yoast-schema-graph\">{\"@context\":\"https:\\\/\\\/schema.org\",\"@graph\":[{\"@type\":\"WebPage\",\"@id\":\"https:\\\/\\\/shopatoa.com\\\/ro\\\/babyliss-pro-maxi-styler-profesional-creponat-cu-tratament-de-suprafata-folosind-tehnologia-ep-60-mm-bab2512epce-2\\\/\",\"url\":\"https:\\\/\\\/shopatoa.com\\\/ro\\\/babyliss-pro-maxi-styler-profesional-creponat-cu-tratament-de-suprafata-folosind-tehnologia-ep-60-mm-bab2512epce-2\\\/\",\"name\":\"BaByliss PRO Maxi styler profesional creponat cu tratament de suprafa\u021b\u0103 folosind tehnologia EP 60 mm BAB2512EPCE - SHOPATOA.COM\",\"isPartOf\":{\"@id\":\"https:\\\/\\\/shopatoa.com\\\/ro\\\/#website\"},\"primaryImageOfPage\":{\"@id\":\"https:\\\/\\\/shopatoa.com\\\/ro\\\/babyliss-pro-maxi-styler-profesional-creponat-cu-tratament-de-suprafata-folosind-tehnologia-ep-60-mm-bab2512epce-2\\\/#primaryimage\"},\"image\":{\"@id\":\"https:\\\/\\\/shopatoa.com\\\/ro\\\/babyliss-pro-maxi-styler-profesional-creponat-cu-tratament-de-suprafata-folosind-tehnologia-ep-60-mm-bab2512epce-2\\\/#primaryimage\"},\"thumbnailUrl\":\"https:\\\/\\\/storage.googleapis.com\\\/cz-shopatoa-img\\\/ro\\\/941c2c27-unnamed-file.webp\",\"datePublished\":\"2025-05-21T18:32:29+00:00\",\"dateModified\":\"2025-05-21T18:32:45+00:00\",\"breadcrumb\":{\"@id\":\"https:\\\/\\\/shopatoa.com\\\/ro\\\/babyliss-pro-maxi-styler-profesional-creponat-cu-tratament-de-suprafata-folosind-tehnologia-ep-60-mm-bab2512epce-2\\\/#breadcrumb\"},\"inLanguage\":\"ro-RO\",\"potentialAction\":[{\"@type\":\"ReadAction\",\"target\":[\"https:\\\/\\\/shopatoa.com\\\/ro\\\/babyliss-pro-maxi-styler-profesional-creponat-cu-tratament-de-suprafata-folosind-tehnologia-ep-60-mm-bab2512epce-2\\\/\"]}]},{\"@type\":\"ImageObject\",\"inLanguage\":\"ro-RO\",\"@id\":\"https:\\\/\\\/shopatoa.com\\\/ro\\\/babyliss-pro-maxi-styler-profesional-creponat-cu-tratament-de-suprafata-folosind-tehnologia-ep-60-mm-bab2512epce-2\\\/#primaryimage\",\"url\":\"https:\\\/\\\/storage.googleapis.com\\\/cz-shopatoa-img\\\/ro\\\/941c2c27-unnamed-file.webp\",\"contentUrl\":\"https:\\\/\\\/storage.googleapis.com\\\/cz-shopatoa-img\\\/ro\\\/941c2c27-unnamed-file.webp\",\"width\":800,\"height\":800},{\"@type\":\"BreadcrumbList\",\"@id\":\"https:\\\/\\\/shopatoa.com\\\/ro\\\/babyliss-pro-maxi-styler-profesional-creponat-cu-tratament-de-suprafata-folosind-tehnologia-ep-60-mm-bab2512epce-2\\\/#breadcrumb\",\"itemListElement\":[{\"@type\":\"ListItem\",\"position\":1,\"name\":\"Dom\u016f\",\"item\":\"https:\\\/\\\/shopatoa.com\\\/ro\\\/\"},{\"@type\":\"ListItem\",\"position\":2,\"name\":\"Shop\",\"item\":\"https:\\\/\\\/shopatoa.com\\\/ro\\\/shop\\\/\"},{\"@type\":\"ListItem\",\"position\":3,\"name\":\"BaByliss PRO Maxi styler profesional creponat cu tratament de suprafa\u021b\u0103 folosind tehnologia EP 60 mm BAB2512EPCE\"}]},{\"@type\":\"WebSite\",\"@id\":\"https:\\\/\\\/shopatoa.com\\\/ro\\\/#website\",\"url\":\"https:\\\/\\\/shopatoa.com\\\/ro\\\/\",\"name\":\"SHOPATOA\",\"description\":\"\",\"publisher\":{\"@id\":\"https:\\\/\\\/shopatoa.com\\\/ro\\\/#organization\"},\"potentialAction\":[{\"@type\":\"SearchAction\",\"target\":{\"@type\":\"EntryPoint\",\"urlTemplate\":\"https:\\\/\\\/shopatoa.com\\\/ro\\\/?s={search_term_string}\"},\"query-input\":{\"@type\":\"PropertyValueSpecification\",\"valueRequired\":true,\"valueName\":\"search_term_string\"}}],\"inLanguage\":\"ro-RO\"},{\"@type\":\"Organization\",\"@id\":\"https:\\\/\\\/shopatoa.com\\\/ro\\\/#organization\",\"name\":\"SHOPATOA\",\"url\":\"https:\\\/\\\/shopatoa.com\\\/ro\\\/\",\"logo\":{\"@type\":\"ImageObject\",\"inLanguage\":\"ro-RO\",\"@id\":\"https:\\\/\\\/shopatoa.com\\\/ro\\\/#\\\/schema\\\/logo\\\/image\\\/\",\"url\":\"https:\\\/\\\/storage.googleapis.com\\\/cz-shopatoa-img\\\/ro\\\/b4dac915-shopatoa_logo.png\",\"contentUrl\":\"https:\\\/\\\/storage.googleapis.com\\\/cz-shopatoa-img\\\/ro\\\/b4dac915-shopatoa_logo.png\",\"width\":416,\"height\":63,\"caption\":\"SHOPATOA\"},\"image\":{\"@id\":\"https:\\\/\\\/shopatoa.com\\\/ro\\\/#\\\/schema\\\/logo\\\/image\\\/\"}}]}<\/script>\n<!-- \/ Yoast SEO plugin. -->","yoast_head_json":{"title":"BaByliss PRO Maxi styler profesional creponat cu tratament de suprafa\u021b\u0103 folosind tehnologia EP 60 mm BAB2512EPCE - SHOPATOA.COM","robots":{"index":"index","follow":"follow","max-snippet":"max-snippet:-1","max-image-preview":"max-image-preview:large","max-video-preview":"max-video-preview:-1"},"canonical":"https:\/\/shopatoa.com\/ro\/babyliss-pro-maxi-styler-profesional-creponat-cu-tratament-de-suprafata-folosind-tehnologia-ep-60-mm-bab2512epce-2\/","og_locale":"ro_RO","og_type":"article","og_title":"BaByliss PRO Maxi styler profesional creponat cu tratament de suprafa\u021b\u0103 folosind tehnologia EP 60 mm BAB2512EPCE - SHOPATOA.COM","og_description":"Maxi styler profesional cu tratament de suprafa\u021b\u0103 folosind tehnologia EP 60 mm. EP Tehnologie: Suprafa\u021ba metalic\u0103 micrometric\u0103 aplicat\u0103 prin galvanizare este un proces tehnic, similar cu cel care este folosit pentru bijuterii. Astfel pute\u021bi ob\u021bine frecare minim\u0103 pe p\u0103r, oferind o alunecare perfect\u0103 a pl\u0103cilor pe p\u0103r. Nu con\u021bine substan\u021be chimice pentru \u00eembun\u0103t\u0103\u021birea rezisten\u021bei la...","og_url":"https:\/\/shopatoa.com\/ro\/babyliss-pro-maxi-styler-profesional-creponat-cu-tratament-de-suprafata-folosind-tehnologia-ep-60-mm-bab2512epce-2\/","og_site_name":"SHOPATOA","article_modified_time":"2025-05-21T18:32:45+00:00","og_image":[{"width":800,"height":800,"url":"https:\/\/storage.googleapis.com\/cz-shopatoa-img\/ro\/941c2c27-unnamed-file.webp","type":"image\/webp"}],"twitter_card":"summary_large_image","twitter_misc":{"Timp estimat pentru citire":"1 minut"},"schema":{"@context":"https:\/\/schema.org","@graph":[{"@type":"WebPage","@id":"https:\/\/shopatoa.com\/ro\/babyliss-pro-maxi-styler-profesional-creponat-cu-tratament-de-suprafata-folosind-tehnologia-ep-60-mm-bab2512epce-2\/","url":"https:\/\/shopatoa.com\/ro\/babyliss-pro-maxi-styler-profesional-creponat-cu-tratament-de-suprafata-folosind-tehnologia-ep-60-mm-bab2512epce-2\/","name":"BaByliss PRO Maxi styler profesional creponat cu tratament de suprafa\u021b\u0103 folosind tehnologia EP 60 mm BAB2512EPCE - SHOPATOA.COM","isPartOf":{"@id":"https:\/\/shopatoa.com\/ro\/#website"},"primaryImageOfPage":{"@id":"https:\/\/shopatoa.com\/ro\/babyliss-pro-maxi-styler-profesional-creponat-cu-tratament-de-suprafata-folosind-tehnologia-ep-60-mm-bab2512epce-2\/#primaryimage"},"image":{"@id":"https:\/\/shopatoa.com\/ro\/babyliss-pro-maxi-styler-profesional-creponat-cu-tratament-de-suprafata-folosind-tehnologia-ep-60-mm-bab2512epce-2\/#primaryimage"},"thumbnailUrl":"https:\/\/storage.googleapis.com\/cz-shopatoa-img\/ro\/941c2c27-unnamed-file.webp","datePublished":"2025-05-21T18:32:29+00:00","dateModified":"2025-05-21T18:32:45+00:00","breadcrumb":{"@id":"https:\/\/shopatoa.com\/ro\/babyliss-pro-maxi-styler-profesional-creponat-cu-tratament-de-suprafata-folosind-tehnologia-ep-60-mm-bab2512epce-2\/#breadcrumb"},"inLanguage":"ro-RO","potentialAction":[{"@type":"ReadAction","target":["https:\/\/shopatoa.com\/ro\/babyliss-pro-maxi-styler-profesional-creponat-cu-tratament-de-suprafata-folosind-tehnologia-ep-60-mm-bab2512epce-2\/"]}]},{"@type":"ImageObject","inLanguage":"ro-RO","@id":"https:\/\/shopatoa.com\/ro\/babyliss-pro-maxi-styler-profesional-creponat-cu-tratament-de-suprafata-folosind-tehnologia-ep-60-mm-bab2512epce-2\/#primaryimage","url":"https:\/\/storage.googleapis.com\/cz-shopatoa-img\/ro\/941c2c27-unnamed-file.webp","contentUrl":"https:\/\/storage.googleapis.com\/cz-shopatoa-img\/ro\/941c2c27-unnamed-file.webp","width":800,"height":800},{"@type":"BreadcrumbList","@id":"https:\/\/shopatoa.com\/ro\/babyliss-pro-maxi-styler-profesional-creponat-cu-tratament-de-suprafata-folosind-tehnologia-ep-60-mm-bab2512epce-2\/#breadcrumb","itemListElement":[{"@type":"ListItem","position":1,"name":"Dom\u016f","item":"https:\/\/shopatoa.com\/ro\/"},{"@type":"ListItem","position":2,"name":"Shop","item":"https:\/\/shopatoa.com\/ro\/shop\/"},{"@type":"ListItem","position":3,"name":"BaByliss PRO Maxi styler profesional creponat cu tratament de suprafa\u021b\u0103 folosind tehnologia EP 60 mm BAB2512EPCE"}]},{"@type":"WebSite","@id":"https:\/\/shopatoa.com\/ro\/#website","url":"https:\/\/shopatoa.com\/ro\/","name":"SHOPATOA","description":"","publisher":{"@id":"https:\/\/shopatoa.com\/ro\/#organization"},"potentialAction":[{"@type":"SearchAction","target":{"@type":"EntryPoint","urlTemplate":"https:\/\/shopatoa.com\/ro\/?s={search_term_string}"},"query-input":{"@type":"PropertyValueSpecification","valueRequired":true,"valueName":"search_term_string"}}],"inLanguage":"ro-RO"},{"@type":"Organization","@id":"https:\/\/shopatoa.com\/ro\/#organization","name":"SHOPATOA","url":"https:\/\/shopatoa.com\/ro\/","logo":{"@type":"ImageObject","inLanguage":"ro-RO","@id":"https:\/\/shopatoa.com\/ro\/#\/schema\/logo\/image\/","url":"https:\/\/storage.googleapis.com\/cz-shopatoa-img\/ro\/b4dac915-shopatoa_logo.png","contentUrl":"https:\/\/storage.googleapis.com\/cz-shopatoa-img\/ro\/b4dac915-shopatoa_logo.png","width":416,"height":63,"caption":"SHOPATOA"},"image":{"@id":"https:\/\/shopatoa.com\/ro\/#\/schema\/logo\/image\/"}}]}},"_links":{"self":[{"href":"https:\/\/shopatoa.com\/ro\/wp-json\/wp\/v2\/product\/363123","targetHints":{"allow":["GET"]}}],"collection":[{"href":"https:\/\/shopatoa.com\/ro\/wp-json\/wp\/v2\/product"}],"about":[{"href":"https:\/\/shopatoa.com\/ro\/wp-json\/wp\/v2\/types\/product"}],"replies":[{"embeddable":true,"href":"https:\/\/shopatoa.com\/ro\/wp-json\/wp\/v2\/comments?post=363123"}],"wp:featuredmedia":[{"embeddable":true,"href":"https:\/\/shopatoa.com\/ro\/wp-json\/wp\/v2\/media\/363125"}],"wp:attachment":[{"href":"https:\/\/shopatoa.com\/ro\/wp-json\/wp\/v2\/media?parent=363123"}],"wp:term":[{"taxonomy":"product_brand","embeddable":true,"href":"https:\/\/shopatoa.com\/ro\/wp-json\/wp\/v2\/product_brand?post=363123"},{"taxonomy":"product_cat","embeddable":true,"href":"https:\/\/shopatoa.com\/ro\/wp-json\/wp\/v2\/product_cat?post=363123"},{"taxonomy":"product_tag","embeddable":true,"href":"https:\/\/shopatoa.com\/ro\/wp-json\/wp\/v2\/product_tag?post=363123"}],"curies":[{"name":"wp","href":"https:\/\/api.w.org\/{rel}","templated":true}]}}