{"id":363219,"date":"2025-05-21T20:35:29","date_gmt":"2025-05-21T18:35:29","guid":{"rendered":"https:\/\/shopatoa.com\/ro\/scholl-brant-din-gel-pentru-pantofi-gelactiv-sport-pentru-barbati-1-pereche-2\/"},"modified":"2025-05-21T20:36:27","modified_gmt":"2025-05-21T18:36:27","slug":"scholl-brant-din-gel-pentru-pantofi-gelactiv-sport-pentru-barbati-1-pereche-2","status":"publish","type":"product","link":"https:\/\/shopatoa.com\/ro\/scholl-brant-din-gel-pentru-pantofi-gelactiv-sport-pentru-barbati-1-pereche-2\/","title":{"rendered":"Scholl Bran\u021b din gel pentru pantofi GelActiv Sport pentru b\u0103rba\u021bi 1 pereche"},"content":{"rendered":"<p>Bran\u021burile din gel Scholl Sport pentru b\u0103rba\u021bi sunt echipate cu tehnologia avansat\u0103 GelActive, care atenueaz\u0103 eficient \u0219ocurile \u00een zona c\u0103lc\u00e2ielor, genunchilor \u0219i gleznelor, contribuind la reducerea presiunii asupra picioarelor \u00een timpul alerg\u0103rii sau activit\u0103\u021bilor sportive. Bran\u021bul ortopedic, dotat cu suport solid pentru arcada piciorului, este conceput pentru a oferi confort pe durata \u00eentregii zile. Bran\u021bul se potrive\u0219te perfect \u00een pantofii sport. Dimensiunea poate fi ajustat\u0103 \u00een func\u021bie de necesit\u0103\u021bi<\/p>\n","protected":false},"excerpt":{"rendered":"<p>Bran\u021burile din gel Scholl Sport pentru b\u0103rba\u021bi sunt echipate cu tehnologia avansat\u0103 GelActive, care atenueaz\u0103 eficient \u0219ocurile \u00een zona c\u0103lc\u00e2ielor, genunchilor \u0219i gleznelor, contribuind la reducerea presiunii asupra picioarelor \u00een timpul alerg\u0103rii sau activit\u0103\u021bilor sportive. Bran\u021bul ortopedic, dotat cu suport solid pentru arcada piciorului, este conceput pentru a oferi confort pe durata \u00eentregii zile. Bran\u021bul&#8230;<\/p>\n","protected":false},"featured_media":363220,"comment_status":"closed","ping_status":"open","template":"","meta":{"_acf_changed":false,"_kadence_starter_templates_imported_post":false,"_kad_post_transparent":"","_kad_post_title":"","_kad_post_layout":"","_kad_post_sidebar_id":"","_kad_post_content_style":"","_kad_post_vertical_padding":"","_kad_post_feature":"","_kad_post_feature_position":"","_kad_post_header":false,"_kad_post_footer":false,"_kad_post_classname":""},"product_brand":[800],"product_cat":[246,611,730],"product_tag":[],"class_list":{"0":"post-363219","1":"product","2":"type-product","3":"status-publish","4":"has-post-thumbnail","6":"product_brand-scholl","7":"product_cat-cosmetice","8":"product_cat-produse-cosmetice-pentru-corp","9":"product_cat-produse-cosmetice-pentru-ingrijirea-picioarelor","11":"first","12":"instock","13":"product-type-external","14":"entry","15":"content-bg","16":"loop-entry"},"acf":[],"yoast_head":"<!-- This site is optimized with the Yoast SEO plugin v27.4 - https:\/\/yoast.com\/product\/yoast-seo-wordpress\/ -->\n<title>Scholl Bran\u021b din gel pentru pantofi GelActiv Sport pentru b\u0103rba\u021bi 1 pereche - SHOPATOA.COM<\/title>\n<meta name=\"robots\" content=\"index, follow, max-snippet:-1, max-image-preview:large, max-video-preview:-1\" \/>\n<link rel=\"canonical\" href=\"https:\/\/shopatoa.com\/ro\/scholl-brant-din-gel-pentru-pantofi-gelactiv-sport-pentru-barbati-1-pereche-2\/\" \/>\n<meta property=\"og:locale\" content=\"ro_RO\" \/>\n<meta property=\"og:type\" content=\"article\" \/>\n<meta property=\"og:title\" content=\"Scholl Bran\u021b din gel pentru pantofi GelActiv Sport pentru b\u0103rba\u021bi 1 pereche - SHOPATOA.COM\" \/>\n<meta property=\"og:description\" content=\"Bran\u021burile din gel Scholl Sport pentru b\u0103rba\u021bi sunt echipate cu tehnologia avansat\u0103 GelActive, care atenueaz\u0103 eficient \u0219ocurile \u00een zona c\u0103lc\u00e2ielor, genunchilor \u0219i gleznelor, contribuind la reducerea presiunii asupra picioarelor \u00een timpul alerg\u0103rii sau activit\u0103\u021bilor sportive. Bran\u021bul ortopedic, dotat cu suport solid pentru arcada piciorului, este conceput pentru a oferi confort pe durata \u00eentregii zile. Bran\u021bul...\" \/>\n<meta property=\"og:url\" content=\"https:\/\/shopatoa.com\/ro\/scholl-brant-din-gel-pentru-pantofi-gelactiv-sport-pentru-barbati-1-pereche-2\/\" \/>\n<meta property=\"og:site_name\" content=\"SHOPATOA\" \/>\n<meta property=\"article:modified_time\" content=\"2025-05-21T18:36:27+00:00\" \/>\n<meta property=\"og:image\" content=\"https:\/\/storage.googleapis.com\/cz-shopatoa-img\/ro\/8ed43c57-unnamed-file.webp\" \/>\n\t<meta property=\"og:image:width\" content=\"800\" \/>\n\t<meta property=\"og:image:height\" content=\"800\" \/>\n\t<meta property=\"og:image:type\" content=\"image\/webp\" \/>\n<meta name=\"twitter:card\" content=\"summary_large_image\" \/>\n<script type=\"application\/ld+json\" class=\"yoast-schema-graph\">{\"@context\":\"https:\\\/\\\/schema.org\",\"@graph\":[{\"@type\":\"WebPage\",\"@id\":\"https:\\\/\\\/shopatoa.com\\\/ro\\\/scholl-brant-din-gel-pentru-pantofi-gelactiv-sport-pentru-barbati-1-pereche-2\\\/\",\"url\":\"https:\\\/\\\/shopatoa.com\\\/ro\\\/scholl-brant-din-gel-pentru-pantofi-gelactiv-sport-pentru-barbati-1-pereche-2\\\/\",\"name\":\"Scholl Bran\u021b din gel pentru pantofi GelActiv Sport pentru b\u0103rba\u021bi 1 pereche - SHOPATOA.COM\",\"isPartOf\":{\"@id\":\"https:\\\/\\\/shopatoa.com\\\/ro\\\/#website\"},\"primaryImageOfPage\":{\"@id\":\"https:\\\/\\\/shopatoa.com\\\/ro\\\/scholl-brant-din-gel-pentru-pantofi-gelactiv-sport-pentru-barbati-1-pereche-2\\\/#primaryimage\"},\"image\":{\"@id\":\"https:\\\/\\\/shopatoa.com\\\/ro\\\/scholl-brant-din-gel-pentru-pantofi-gelactiv-sport-pentru-barbati-1-pereche-2\\\/#primaryimage\"},\"thumbnailUrl\":\"https:\\\/\\\/storage.googleapis.com\\\/cz-shopatoa-img\\\/ro\\\/8ed43c57-unnamed-file.webp\",\"datePublished\":\"2025-05-21T18:35:29+00:00\",\"dateModified\":\"2025-05-21T18:36:27+00:00\",\"breadcrumb\":{\"@id\":\"https:\\\/\\\/shopatoa.com\\\/ro\\\/scholl-brant-din-gel-pentru-pantofi-gelactiv-sport-pentru-barbati-1-pereche-2\\\/#breadcrumb\"},\"inLanguage\":\"ro-RO\",\"potentialAction\":[{\"@type\":\"ReadAction\",\"target\":[\"https:\\\/\\\/shopatoa.com\\\/ro\\\/scholl-brant-din-gel-pentru-pantofi-gelactiv-sport-pentru-barbati-1-pereche-2\\\/\"]}]},{\"@type\":\"ImageObject\",\"inLanguage\":\"ro-RO\",\"@id\":\"https:\\\/\\\/shopatoa.com\\\/ro\\\/scholl-brant-din-gel-pentru-pantofi-gelactiv-sport-pentru-barbati-1-pereche-2\\\/#primaryimage\",\"url\":\"https:\\\/\\\/storage.googleapis.com\\\/cz-shopatoa-img\\\/ro\\\/8ed43c57-unnamed-file.webp\",\"contentUrl\":\"https:\\\/\\\/storage.googleapis.com\\\/cz-shopatoa-img\\\/ro\\\/8ed43c57-unnamed-file.webp\",\"width\":800,\"height\":800},{\"@type\":\"BreadcrumbList\",\"@id\":\"https:\\\/\\\/shopatoa.com\\\/ro\\\/scholl-brant-din-gel-pentru-pantofi-gelactiv-sport-pentru-barbati-1-pereche-2\\\/#breadcrumb\",\"itemListElement\":[{\"@type\":\"ListItem\",\"position\":1,\"name\":\"Dom\u016f\",\"item\":\"https:\\\/\\\/shopatoa.com\\\/ro\\\/\"},{\"@type\":\"ListItem\",\"position\":2,\"name\":\"Shop\",\"item\":\"https:\\\/\\\/shopatoa.com\\\/ro\\\/shop\\\/\"},{\"@type\":\"ListItem\",\"position\":3,\"name\":\"Scholl Bran\u021b din gel pentru pantofi GelActiv Sport pentru b\u0103rba\u021bi 1 pereche\"}]},{\"@type\":\"WebSite\",\"@id\":\"https:\\\/\\\/shopatoa.com\\\/ro\\\/#website\",\"url\":\"https:\\\/\\\/shopatoa.com\\\/ro\\\/\",\"name\":\"SHOPATOA\",\"description\":\"\",\"publisher\":{\"@id\":\"https:\\\/\\\/shopatoa.com\\\/ro\\\/#organization\"},\"potentialAction\":[{\"@type\":\"SearchAction\",\"target\":{\"@type\":\"EntryPoint\",\"urlTemplate\":\"https:\\\/\\\/shopatoa.com\\\/ro\\\/?s={search_term_string}\"},\"query-input\":{\"@type\":\"PropertyValueSpecification\",\"valueRequired\":true,\"valueName\":\"search_term_string\"}}],\"inLanguage\":\"ro-RO\"},{\"@type\":\"Organization\",\"@id\":\"https:\\\/\\\/shopatoa.com\\\/ro\\\/#organization\",\"name\":\"SHOPATOA\",\"url\":\"https:\\\/\\\/shopatoa.com\\\/ro\\\/\",\"logo\":{\"@type\":\"ImageObject\",\"inLanguage\":\"ro-RO\",\"@id\":\"https:\\\/\\\/shopatoa.com\\\/ro\\\/#\\\/schema\\\/logo\\\/image\\\/\",\"url\":\"https:\\\/\\\/storage.googleapis.com\\\/cz-shopatoa-img\\\/ro\\\/b4dac915-shopatoa_logo.png\",\"contentUrl\":\"https:\\\/\\\/storage.googleapis.com\\\/cz-shopatoa-img\\\/ro\\\/b4dac915-shopatoa_logo.png\",\"width\":416,\"height\":63,\"caption\":\"SHOPATOA\"},\"image\":{\"@id\":\"https:\\\/\\\/shopatoa.com\\\/ro\\\/#\\\/schema\\\/logo\\\/image\\\/\"}}]}<\/script>\n<!-- \/ Yoast SEO plugin. -->","yoast_head_json":{"title":"Scholl Bran\u021b din gel pentru pantofi GelActiv Sport pentru b\u0103rba\u021bi 1 pereche - SHOPATOA.COM","robots":{"index":"index","follow":"follow","max-snippet":"max-snippet:-1","max-image-preview":"max-image-preview:large","max-video-preview":"max-video-preview:-1"},"canonical":"https:\/\/shopatoa.com\/ro\/scholl-brant-din-gel-pentru-pantofi-gelactiv-sport-pentru-barbati-1-pereche-2\/","og_locale":"ro_RO","og_type":"article","og_title":"Scholl Bran\u021b din gel pentru pantofi GelActiv Sport pentru b\u0103rba\u021bi 1 pereche - SHOPATOA.COM","og_description":"Bran\u021burile din gel Scholl Sport pentru b\u0103rba\u021bi sunt echipate cu tehnologia avansat\u0103 GelActive, care atenueaz\u0103 eficient \u0219ocurile \u00een zona c\u0103lc\u00e2ielor, genunchilor \u0219i gleznelor, contribuind la reducerea presiunii asupra picioarelor \u00een timpul alerg\u0103rii sau activit\u0103\u021bilor sportive. Bran\u021bul ortopedic, dotat cu suport solid pentru arcada piciorului, este conceput pentru a oferi confort pe durata \u00eentregii zile. Bran\u021bul...","og_url":"https:\/\/shopatoa.com\/ro\/scholl-brant-din-gel-pentru-pantofi-gelactiv-sport-pentru-barbati-1-pereche-2\/","og_site_name":"SHOPATOA","article_modified_time":"2025-05-21T18:36:27+00:00","og_image":[{"width":800,"height":800,"url":"https:\/\/storage.googleapis.com\/cz-shopatoa-img\/ro\/8ed43c57-unnamed-file.webp","type":"image\/webp"}],"twitter_card":"summary_large_image","schema":{"@context":"https:\/\/schema.org","@graph":[{"@type":"WebPage","@id":"https:\/\/shopatoa.com\/ro\/scholl-brant-din-gel-pentru-pantofi-gelactiv-sport-pentru-barbati-1-pereche-2\/","url":"https:\/\/shopatoa.com\/ro\/scholl-brant-din-gel-pentru-pantofi-gelactiv-sport-pentru-barbati-1-pereche-2\/","name":"Scholl Bran\u021b din gel pentru pantofi GelActiv Sport pentru b\u0103rba\u021bi 1 pereche - SHOPATOA.COM","isPartOf":{"@id":"https:\/\/shopatoa.com\/ro\/#website"},"primaryImageOfPage":{"@id":"https:\/\/shopatoa.com\/ro\/scholl-brant-din-gel-pentru-pantofi-gelactiv-sport-pentru-barbati-1-pereche-2\/#primaryimage"},"image":{"@id":"https:\/\/shopatoa.com\/ro\/scholl-brant-din-gel-pentru-pantofi-gelactiv-sport-pentru-barbati-1-pereche-2\/#primaryimage"},"thumbnailUrl":"https:\/\/storage.googleapis.com\/cz-shopatoa-img\/ro\/8ed43c57-unnamed-file.webp","datePublished":"2025-05-21T18:35:29+00:00","dateModified":"2025-05-21T18:36:27+00:00","breadcrumb":{"@id":"https:\/\/shopatoa.com\/ro\/scholl-brant-din-gel-pentru-pantofi-gelactiv-sport-pentru-barbati-1-pereche-2\/#breadcrumb"},"inLanguage":"ro-RO","potentialAction":[{"@type":"ReadAction","target":["https:\/\/shopatoa.com\/ro\/scholl-brant-din-gel-pentru-pantofi-gelactiv-sport-pentru-barbati-1-pereche-2\/"]}]},{"@type":"ImageObject","inLanguage":"ro-RO","@id":"https:\/\/shopatoa.com\/ro\/scholl-brant-din-gel-pentru-pantofi-gelactiv-sport-pentru-barbati-1-pereche-2\/#primaryimage","url":"https:\/\/storage.googleapis.com\/cz-shopatoa-img\/ro\/8ed43c57-unnamed-file.webp","contentUrl":"https:\/\/storage.googleapis.com\/cz-shopatoa-img\/ro\/8ed43c57-unnamed-file.webp","width":800,"height":800},{"@type":"BreadcrumbList","@id":"https:\/\/shopatoa.com\/ro\/scholl-brant-din-gel-pentru-pantofi-gelactiv-sport-pentru-barbati-1-pereche-2\/#breadcrumb","itemListElement":[{"@type":"ListItem","position":1,"name":"Dom\u016f","item":"https:\/\/shopatoa.com\/ro\/"},{"@type":"ListItem","position":2,"name":"Shop","item":"https:\/\/shopatoa.com\/ro\/shop\/"},{"@type":"ListItem","position":3,"name":"Scholl Bran\u021b din gel pentru pantofi GelActiv Sport pentru b\u0103rba\u021bi 1 pereche"}]},{"@type":"WebSite","@id":"https:\/\/shopatoa.com\/ro\/#website","url":"https:\/\/shopatoa.com\/ro\/","name":"SHOPATOA","description":"","publisher":{"@id":"https:\/\/shopatoa.com\/ro\/#organization"},"potentialAction":[{"@type":"SearchAction","target":{"@type":"EntryPoint","urlTemplate":"https:\/\/shopatoa.com\/ro\/?s={search_term_string}"},"query-input":{"@type":"PropertyValueSpecification","valueRequired":true,"valueName":"search_term_string"}}],"inLanguage":"ro-RO"},{"@type":"Organization","@id":"https:\/\/shopatoa.com\/ro\/#organization","name":"SHOPATOA","url":"https:\/\/shopatoa.com\/ro\/","logo":{"@type":"ImageObject","inLanguage":"ro-RO","@id":"https:\/\/shopatoa.com\/ro\/#\/schema\/logo\/image\/","url":"https:\/\/storage.googleapis.com\/cz-shopatoa-img\/ro\/b4dac915-shopatoa_logo.png","contentUrl":"https:\/\/storage.googleapis.com\/cz-shopatoa-img\/ro\/b4dac915-shopatoa_logo.png","width":416,"height":63,"caption":"SHOPATOA"},"image":{"@id":"https:\/\/shopatoa.com\/ro\/#\/schema\/logo\/image\/"}}]}},"_links":{"self":[{"href":"https:\/\/shopatoa.com\/ro\/wp-json\/wp\/v2\/product\/363219","targetHints":{"allow":["GET"]}}],"collection":[{"href":"https:\/\/shopatoa.com\/ro\/wp-json\/wp\/v2\/product"}],"about":[{"href":"https:\/\/shopatoa.com\/ro\/wp-json\/wp\/v2\/types\/product"}],"replies":[{"embeddable":true,"href":"https:\/\/shopatoa.com\/ro\/wp-json\/wp\/v2\/comments?post=363219"}],"wp:featuredmedia":[{"embeddable":true,"href":"https:\/\/shopatoa.com\/ro\/wp-json\/wp\/v2\/media\/363220"}],"wp:attachment":[{"href":"https:\/\/shopatoa.com\/ro\/wp-json\/wp\/v2\/media?parent=363219"}],"wp:term":[{"taxonomy":"product_brand","embeddable":true,"href":"https:\/\/shopatoa.com\/ro\/wp-json\/wp\/v2\/product_brand?post=363219"},{"taxonomy":"product_cat","embeddable":true,"href":"https:\/\/shopatoa.com\/ro\/wp-json\/wp\/v2\/product_cat?post=363219"},{"taxonomy":"product_tag","embeddable":true,"href":"https:\/\/shopatoa.com\/ro\/wp-json\/wp\/v2\/product_tag?post=363219"}],"curies":[{"name":"wp","href":"https:\/\/api.w.org\/{rel}","templated":true}]}}