{"id":363258,"date":"2025-05-21T20:36:55","date_gmt":"2025-05-21T18:36:55","guid":{"rendered":"https:\/\/shopatoa.com\/ro\/kenzo-kenzo-pour-homme-marine-edt-60-ml-2\/"},"modified":"2025-05-21T20:38:03","modified_gmt":"2025-05-21T18:38:03","slug":"kenzo-kenzo-pour-homme-marine-edt-60-ml-2","status":"publish","type":"product","link":"https:\/\/shopatoa.com\/ro\/kenzo-kenzo-pour-homme-marine-edt-60-ml-2\/","title":{"rendered":"Kenzo Kenzo Pour Homme Marine &#8211; EDT 60 ml"},"content":{"rendered":"<p>Kenzo Pour Homme Marine este o ap\u0103 de toalet\u0103 lemnoas\u0103 pentru b\u0103rba\u021bi moderni \u0219i activi, care va aduce energia dinamic\u0103 a oceanului \u0219i prospe\u021bimea brizei m\u0103rii \u00een via\u021ba dvs. Parfumul inspirat de libertate \u0219i aventur\u0103 se deschide cu note s\u0103rate de mare, parfumul exotic de ylang-ylang se instaleaz\u0103 \u00een inim\u0103, iar acordurile lemnoase de la baza parfumului sunt completate de mosc atractiv. Gusta\u021bi parfumul unei zile \u00eensorite de var\u0103 petrecut\u0103 la malul m\u0103rii. Sticla calmant\u0103 turcoaz descrie culoarea m\u0103rii, care \u00een infinitul s\u0103u se \u00eembin\u0103 cu orizontul. Un parfum creat pentru to\u021bi aventurierii cu spiritul liber care nu stau pe loc \u0219i tr\u0103iesc via\u021ba la maxim. Nu v\u0103 fie team\u0103 s\u0103 explora\u021bi noi orizonturi \u0219i s\u0103 a\u0219tepta\u021bi cu ner\u0103bdare un m\u00e2ine mai bun cu parfumul Kenzo Pour Homme Marine, care va oferi energie \u0219i hot\u0103r\u00e2re s\u0103 porni\u021bi in propria dvs. c\u0103l\u0103torie \u00een ape nesf\u00e2r\u0219ite \u0219i necunoscute care v\u0103 vor aduce multe surprize. Parfumul a fost lansat in anul 2023 \u0219i a fost creat de Quentin Bisch.<\/p>\n","protected":false},"excerpt":{"rendered":"<p>Kenzo Pour Homme Marine este o ap\u0103 de toalet\u0103 lemnoas\u0103 pentru b\u0103rba\u021bi moderni \u0219i activi, care va aduce energia dinamic\u0103 a oceanului \u0219i prospe\u021bimea brizei m\u0103rii \u00een via\u021ba dvs. Parfumul inspirat de libertate \u0219i aventur\u0103 se deschide cu note s\u0103rate de mare, parfumul exotic de ylang-ylang se instaleaz\u0103 \u00een inim\u0103, iar acordurile lemnoase de la&#8230;<\/p>\n","protected":false},"featured_media":363260,"comment_status":"closed","ping_status":"open","template":"","meta":{"_acf_changed":false,"_kadence_starter_templates_imported_post":false,"_kad_post_transparent":"","_kad_post_title":"","_kad_post_layout":"","_kad_post_sidebar_id":"","_kad_post_content_style":"","_kad_post_vertical_padding":"","_kad_post_feature":"","_kad_post_feature_position":"","_kad_post_header":false,"_kad_post_footer":false,"_kad_post_classname":""},"product_brand":[401],"product_cat":[615,614],"product_tag":[],"class_list":{"0":"post-363258","1":"product","2":"type-product","3":"status-publish","4":"has-post-thumbnail","6":"product_brand-kenzo","7":"product_cat-ape-de-toaleta-edt","8":"product_cat-parfumuri","10":"first","11":"instock","12":"product-type-external","13":"entry","14":"content-bg","15":"loop-entry"},"acf":[],"yoast_head":"<!-- This site is optimized with the Yoast SEO plugin v27.4 - https:\/\/yoast.com\/product\/yoast-seo-wordpress\/ -->\n<title>Kenzo Kenzo Pour Homme Marine - EDT 60 ml - SHOPATOA.COM<\/title>\n<meta name=\"robots\" content=\"index, follow, max-snippet:-1, max-image-preview:large, max-video-preview:-1\" \/>\n<link rel=\"canonical\" href=\"https:\/\/shopatoa.com\/ro\/kenzo-kenzo-pour-homme-marine-edt-60-ml-2\/\" \/>\n<meta property=\"og:locale\" content=\"ro_RO\" \/>\n<meta property=\"og:type\" content=\"article\" \/>\n<meta property=\"og:title\" content=\"Kenzo Kenzo Pour Homme Marine - EDT 60 ml - SHOPATOA.COM\" \/>\n<meta property=\"og:description\" content=\"Kenzo Pour Homme Marine este o ap\u0103 de toalet\u0103 lemnoas\u0103 pentru b\u0103rba\u021bi moderni \u0219i activi, care va aduce energia dinamic\u0103 a oceanului \u0219i prospe\u021bimea brizei m\u0103rii \u00een via\u021ba dvs. Parfumul inspirat de libertate \u0219i aventur\u0103 se deschide cu note s\u0103rate de mare, parfumul exotic de ylang-ylang se instaleaz\u0103 \u00een inim\u0103, iar acordurile lemnoase de la...\" \/>\n<meta property=\"og:url\" content=\"https:\/\/shopatoa.com\/ro\/kenzo-kenzo-pour-homme-marine-edt-60-ml-2\/\" \/>\n<meta property=\"og:site_name\" content=\"SHOPATOA\" \/>\n<meta property=\"article:modified_time\" content=\"2025-05-21T18:38:03+00:00\" \/>\n<meta property=\"og:image\" content=\"https:\/\/storage.googleapis.com\/cz-shopatoa-img\/ro\/2042dd1a-unnamed-file.webp\" \/>\n\t<meta property=\"og:image:width\" content=\"800\" \/>\n\t<meta property=\"og:image:height\" content=\"800\" \/>\n\t<meta property=\"og:image:type\" content=\"image\/webp\" \/>\n<meta name=\"twitter:card\" content=\"summary_large_image\" \/>\n<meta name=\"twitter:label1\" content=\"Timp estimat pentru citire\" \/>\n\t<meta name=\"twitter:data1\" content=\"1 minut\" \/>\n<script type=\"application\/ld+json\" class=\"yoast-schema-graph\">{\"@context\":\"https:\\\/\\\/schema.org\",\"@graph\":[{\"@type\":\"WebPage\",\"@id\":\"https:\\\/\\\/shopatoa.com\\\/ro\\\/kenzo-kenzo-pour-homme-marine-edt-60-ml-2\\\/\",\"url\":\"https:\\\/\\\/shopatoa.com\\\/ro\\\/kenzo-kenzo-pour-homme-marine-edt-60-ml-2\\\/\",\"name\":\"Kenzo Kenzo Pour Homme Marine - EDT 60 ml - SHOPATOA.COM\",\"isPartOf\":{\"@id\":\"https:\\\/\\\/shopatoa.com\\\/ro\\\/#website\"},\"primaryImageOfPage\":{\"@id\":\"https:\\\/\\\/shopatoa.com\\\/ro\\\/kenzo-kenzo-pour-homme-marine-edt-60-ml-2\\\/#primaryimage\"},\"image\":{\"@id\":\"https:\\\/\\\/shopatoa.com\\\/ro\\\/kenzo-kenzo-pour-homme-marine-edt-60-ml-2\\\/#primaryimage\"},\"thumbnailUrl\":\"https:\\\/\\\/storage.googleapis.com\\\/cz-shopatoa-img\\\/ro\\\/2042dd1a-unnamed-file.webp\",\"datePublished\":\"2025-05-21T18:36:55+00:00\",\"dateModified\":\"2025-05-21T18:38:03+00:00\",\"breadcrumb\":{\"@id\":\"https:\\\/\\\/shopatoa.com\\\/ro\\\/kenzo-kenzo-pour-homme-marine-edt-60-ml-2\\\/#breadcrumb\"},\"inLanguage\":\"ro-RO\",\"potentialAction\":[{\"@type\":\"ReadAction\",\"target\":[\"https:\\\/\\\/shopatoa.com\\\/ro\\\/kenzo-kenzo-pour-homme-marine-edt-60-ml-2\\\/\"]}]},{\"@type\":\"ImageObject\",\"inLanguage\":\"ro-RO\",\"@id\":\"https:\\\/\\\/shopatoa.com\\\/ro\\\/kenzo-kenzo-pour-homme-marine-edt-60-ml-2\\\/#primaryimage\",\"url\":\"https:\\\/\\\/storage.googleapis.com\\\/cz-shopatoa-img\\\/ro\\\/2042dd1a-unnamed-file.webp\",\"contentUrl\":\"https:\\\/\\\/storage.googleapis.com\\\/cz-shopatoa-img\\\/ro\\\/2042dd1a-unnamed-file.webp\",\"width\":800,\"height\":800},{\"@type\":\"BreadcrumbList\",\"@id\":\"https:\\\/\\\/shopatoa.com\\\/ro\\\/kenzo-kenzo-pour-homme-marine-edt-60-ml-2\\\/#breadcrumb\",\"itemListElement\":[{\"@type\":\"ListItem\",\"position\":1,\"name\":\"Dom\u016f\",\"item\":\"https:\\\/\\\/shopatoa.com\\\/ro\\\/\"},{\"@type\":\"ListItem\",\"position\":2,\"name\":\"Shop\",\"item\":\"https:\\\/\\\/shopatoa.com\\\/ro\\\/shop\\\/\"},{\"@type\":\"ListItem\",\"position\":3,\"name\":\"Kenzo Kenzo Pour Homme Marine &#8211; EDT 60 ml\"}]},{\"@type\":\"WebSite\",\"@id\":\"https:\\\/\\\/shopatoa.com\\\/ro\\\/#website\",\"url\":\"https:\\\/\\\/shopatoa.com\\\/ro\\\/\",\"name\":\"SHOPATOA\",\"description\":\"\",\"publisher\":{\"@id\":\"https:\\\/\\\/shopatoa.com\\\/ro\\\/#organization\"},\"potentialAction\":[{\"@type\":\"SearchAction\",\"target\":{\"@type\":\"EntryPoint\",\"urlTemplate\":\"https:\\\/\\\/shopatoa.com\\\/ro\\\/?s={search_term_string}\"},\"query-input\":{\"@type\":\"PropertyValueSpecification\",\"valueRequired\":true,\"valueName\":\"search_term_string\"}}],\"inLanguage\":\"ro-RO\"},{\"@type\":\"Organization\",\"@id\":\"https:\\\/\\\/shopatoa.com\\\/ro\\\/#organization\",\"name\":\"SHOPATOA\",\"url\":\"https:\\\/\\\/shopatoa.com\\\/ro\\\/\",\"logo\":{\"@type\":\"ImageObject\",\"inLanguage\":\"ro-RO\",\"@id\":\"https:\\\/\\\/shopatoa.com\\\/ro\\\/#\\\/schema\\\/logo\\\/image\\\/\",\"url\":\"https:\\\/\\\/storage.googleapis.com\\\/cz-shopatoa-img\\\/ro\\\/b4dac915-shopatoa_logo.png\",\"contentUrl\":\"https:\\\/\\\/storage.googleapis.com\\\/cz-shopatoa-img\\\/ro\\\/b4dac915-shopatoa_logo.png\",\"width\":416,\"height\":63,\"caption\":\"SHOPATOA\"},\"image\":{\"@id\":\"https:\\\/\\\/shopatoa.com\\\/ro\\\/#\\\/schema\\\/logo\\\/image\\\/\"}}]}<\/script>\n<!-- \/ Yoast SEO plugin. -->","yoast_head_json":{"title":"Kenzo Kenzo Pour Homme Marine - EDT 60 ml - SHOPATOA.COM","robots":{"index":"index","follow":"follow","max-snippet":"max-snippet:-1","max-image-preview":"max-image-preview:large","max-video-preview":"max-video-preview:-1"},"canonical":"https:\/\/shopatoa.com\/ro\/kenzo-kenzo-pour-homme-marine-edt-60-ml-2\/","og_locale":"ro_RO","og_type":"article","og_title":"Kenzo Kenzo Pour Homme Marine - EDT 60 ml - SHOPATOA.COM","og_description":"Kenzo Pour Homme Marine este o ap\u0103 de toalet\u0103 lemnoas\u0103 pentru b\u0103rba\u021bi moderni \u0219i activi, care va aduce energia dinamic\u0103 a oceanului \u0219i prospe\u021bimea brizei m\u0103rii \u00een via\u021ba dvs. Parfumul inspirat de libertate \u0219i aventur\u0103 se deschide cu note s\u0103rate de mare, parfumul exotic de ylang-ylang se instaleaz\u0103 \u00een inim\u0103, iar acordurile lemnoase de la...","og_url":"https:\/\/shopatoa.com\/ro\/kenzo-kenzo-pour-homme-marine-edt-60-ml-2\/","og_site_name":"SHOPATOA","article_modified_time":"2025-05-21T18:38:03+00:00","og_image":[{"width":800,"height":800,"url":"https:\/\/storage.googleapis.com\/cz-shopatoa-img\/ro\/2042dd1a-unnamed-file.webp","type":"image\/webp"}],"twitter_card":"summary_large_image","twitter_misc":{"Timp estimat pentru citire":"1 minut"},"schema":{"@context":"https:\/\/schema.org","@graph":[{"@type":"WebPage","@id":"https:\/\/shopatoa.com\/ro\/kenzo-kenzo-pour-homme-marine-edt-60-ml-2\/","url":"https:\/\/shopatoa.com\/ro\/kenzo-kenzo-pour-homme-marine-edt-60-ml-2\/","name":"Kenzo Kenzo Pour Homme Marine - EDT 60 ml - SHOPATOA.COM","isPartOf":{"@id":"https:\/\/shopatoa.com\/ro\/#website"},"primaryImageOfPage":{"@id":"https:\/\/shopatoa.com\/ro\/kenzo-kenzo-pour-homme-marine-edt-60-ml-2\/#primaryimage"},"image":{"@id":"https:\/\/shopatoa.com\/ro\/kenzo-kenzo-pour-homme-marine-edt-60-ml-2\/#primaryimage"},"thumbnailUrl":"https:\/\/storage.googleapis.com\/cz-shopatoa-img\/ro\/2042dd1a-unnamed-file.webp","datePublished":"2025-05-21T18:36:55+00:00","dateModified":"2025-05-21T18:38:03+00:00","breadcrumb":{"@id":"https:\/\/shopatoa.com\/ro\/kenzo-kenzo-pour-homme-marine-edt-60-ml-2\/#breadcrumb"},"inLanguage":"ro-RO","potentialAction":[{"@type":"ReadAction","target":["https:\/\/shopatoa.com\/ro\/kenzo-kenzo-pour-homme-marine-edt-60-ml-2\/"]}]},{"@type":"ImageObject","inLanguage":"ro-RO","@id":"https:\/\/shopatoa.com\/ro\/kenzo-kenzo-pour-homme-marine-edt-60-ml-2\/#primaryimage","url":"https:\/\/storage.googleapis.com\/cz-shopatoa-img\/ro\/2042dd1a-unnamed-file.webp","contentUrl":"https:\/\/storage.googleapis.com\/cz-shopatoa-img\/ro\/2042dd1a-unnamed-file.webp","width":800,"height":800},{"@type":"BreadcrumbList","@id":"https:\/\/shopatoa.com\/ro\/kenzo-kenzo-pour-homme-marine-edt-60-ml-2\/#breadcrumb","itemListElement":[{"@type":"ListItem","position":1,"name":"Dom\u016f","item":"https:\/\/shopatoa.com\/ro\/"},{"@type":"ListItem","position":2,"name":"Shop","item":"https:\/\/shopatoa.com\/ro\/shop\/"},{"@type":"ListItem","position":3,"name":"Kenzo Kenzo Pour Homme Marine &#8211; EDT 60 ml"}]},{"@type":"WebSite","@id":"https:\/\/shopatoa.com\/ro\/#website","url":"https:\/\/shopatoa.com\/ro\/","name":"SHOPATOA","description":"","publisher":{"@id":"https:\/\/shopatoa.com\/ro\/#organization"},"potentialAction":[{"@type":"SearchAction","target":{"@type":"EntryPoint","urlTemplate":"https:\/\/shopatoa.com\/ro\/?s={search_term_string}"},"query-input":{"@type":"PropertyValueSpecification","valueRequired":true,"valueName":"search_term_string"}}],"inLanguage":"ro-RO"},{"@type":"Organization","@id":"https:\/\/shopatoa.com\/ro\/#organization","name":"SHOPATOA","url":"https:\/\/shopatoa.com\/ro\/","logo":{"@type":"ImageObject","inLanguage":"ro-RO","@id":"https:\/\/shopatoa.com\/ro\/#\/schema\/logo\/image\/","url":"https:\/\/storage.googleapis.com\/cz-shopatoa-img\/ro\/b4dac915-shopatoa_logo.png","contentUrl":"https:\/\/storage.googleapis.com\/cz-shopatoa-img\/ro\/b4dac915-shopatoa_logo.png","width":416,"height":63,"caption":"SHOPATOA"},"image":{"@id":"https:\/\/shopatoa.com\/ro\/#\/schema\/logo\/image\/"}}]}},"_links":{"self":[{"href":"https:\/\/shopatoa.com\/ro\/wp-json\/wp\/v2\/product\/363258","targetHints":{"allow":["GET"]}}],"collection":[{"href":"https:\/\/shopatoa.com\/ro\/wp-json\/wp\/v2\/product"}],"about":[{"href":"https:\/\/shopatoa.com\/ro\/wp-json\/wp\/v2\/types\/product"}],"replies":[{"embeddable":true,"href":"https:\/\/shopatoa.com\/ro\/wp-json\/wp\/v2\/comments?post=363258"}],"wp:featuredmedia":[{"embeddable":true,"href":"https:\/\/shopatoa.com\/ro\/wp-json\/wp\/v2\/media\/363260"}],"wp:attachment":[{"href":"https:\/\/shopatoa.com\/ro\/wp-json\/wp\/v2\/media?parent=363258"}],"wp:term":[{"taxonomy":"product_brand","embeddable":true,"href":"https:\/\/shopatoa.com\/ro\/wp-json\/wp\/v2\/product_brand?post=363258"},{"taxonomy":"product_cat","embeddable":true,"href":"https:\/\/shopatoa.com\/ro\/wp-json\/wp\/v2\/product_cat?post=363258"},{"taxonomy":"product_tag","embeddable":true,"href":"https:\/\/shopatoa.com\/ro\/wp-json\/wp\/v2\/product_tag?post=363258"}],"curies":[{"name":"wp","href":"https:\/\/api.w.org\/{rel}","templated":true}]}}