{"id":363553,"date":"2025-05-21T20:49:32","date_gmt":"2025-05-21T18:49:32","guid":{"rendered":"https:\/\/shopatoa.com\/ro\/beautyrelax-dispozitiv-estetic-multifunctional-bodyface-ultimate-2\/"},"modified":"2025-05-21T20:49:38","modified_gmt":"2025-05-21T18:49:38","slug":"beautyrelax-dispozitiv-estetic-multifunctional-bodyface-ultimate-2","status":"publish","type":"product","link":"https:\/\/shopatoa.com\/ro\/beautyrelax-dispozitiv-estetic-multifunctional-bodyface-ultimate-2\/","title":{"rendered":"BeautyRelax Dispozitiv estetic multifunc\u021bional Bodyface Ultimate"},"content":{"rendered":"<p>Bodyface Ultimate este un dispozitiv multifunc\u021bional pentru tratarea \u00eentregului corp. Dispozitivul utilizeaz\u0103 tehnologiile cele mai des utilizate \u00een studiile estetice. Drenaj limfatic cu aspira\u021bie sub vid, frecven\u021b\u0103 radio multipolar\u0103, cavita\u021bie cu ultrasunete. Liftingul neinvaziv al pielii, drenajul sub vid pentru a suprima simptomele celulitei \u0219i cavita\u021bia cu ultrasunete pentru modelarea corpului. Prelucrarea de calitate a tuturor componentelor. Valoare de utilitate ridicat\u0103. Durat\u0103 de via\u021b\u0103 extrem de lung\u0103 a dispozitivului. Posibilitatea doz\u0103rii performan\u021bei tehnologiilor individuale. Model de mas\u0103. Zone de aplicare Bra\u021be, abdomen, \u0219olduri, coapse exterioare \u0219i interioare, fese, gambe. 3 capete de aplica\u021bie cu tehnologii individuale Drenaj limfatic cu aspira\u021bie sub vid Frecven\u021ba radio multipolar\u0103 Cavita\u021bie cu ultrasunete Aplicator cu aspira\u021bie de vid \u0219i func\u021bie suplimentar\u0103 de frecven\u021b\u0103 radio Masajul limfatic este una dintre cele mai eficiente modalit\u0103\u021bi de a reduce simptomele celulitei. Fr\u0103m\u00e2ntarea muscular\u0103 ritmic\u0103 asigur\u0103 un flux limfatic adecvat \u00een corp. Ajut\u0103 la eliminarea impurit\u0103\u021bilor din s\u00e2nge. Prin terapia cu vid, corpul poate sc\u0103pa de umfl\u0103turi nedorite \u0219i de celulita inestetic\u0103. Masajul are loc ciclic \u00een trei faze: 1. Aspirarea \u021besutului subcutanat 2. Mi\u0219carea manual\u0103 a aplicatorului pe anumite p\u0103r\u021bi ale corpului 3. Eliberarea treptat\u0103 a vidului creat Combina\u021bia de vid \u0219i mi\u0219carea aplicatorului, care stimuleaz\u0103 mecanic pielea de la marginea capului de aplicare, creeaz\u0103 un masaj limfatic de compresie intens. Pute\u021bi trata cu u\u0219urin\u021b\u0103 toate zonele problematice. Se adapteaz\u0103 c\u00e2t mai mult posibil la formele dvs. Aplicator cu frecven\u021b\u0103 radio multipolar\u0103 Capul de aplicare genereaz\u0103 energie prin intermediul undelor radio cu putere \u021bi frecven\u021b\u0103 destul de specific\u0103. Undele de radiofrecven\u021ba sunt optimizate pentru a provoca un gradient termic, care influen\u021beaz\u0103 semnificativ procesele din stratul dermei. Energia livrat\u0103 activeaz\u0103 remodelarea fibrelor de colagen \u0219i elastin\u0103. Este posibil\u0103 concentrarea maxim\u0103 a energiei \u00een zonele cu un strat semnificativ de gr\u0103sime \u0219i de excita\u021bie ulterioar\u0103 a proceselor metabolice, are un efect semnificativ asupra netezirii foarte eficiente a pielii \u0219i contururilor deformate. Aplicator cu cavita\u021bie cu ultrasunete Capul de aplicare cu o zon\u0103 mare de contact genereaz\u0103 unde ultrasonice care stimuleaz\u0103 activ \u021besutul adipos. Integritatea celulei grase este perturbat\u0103 \u0219i se elibereaz\u0103 gr\u0103sime. Gr\u0103simea eliberat\u0103 este descompus\u0103 \u00een glicerol \u0219i acizi gra\u0219i liberi. Glicerolul serve\u0219te ca surs\u0103 de energie, \u00een timp ce acizii gra\u0219i sunt transfera\u021bi la ficat, unde sunt prelucra\u021bi ca acizi gra\u0219i obi\u0219nui\u021bi din alimente \u0219i sunt elimina\u021bi din organism \u00een mod natural. Gr\u0103simea eliminat\u0103 nu se \u00eentoarce \u00een \u021besut. Cavita\u021bia cu ultrasunete este nedureroas\u0103, neinvaziv\u0103, bl\u00e2nd\u0103, eficient\u0103 \u0219i cea mai bun\u0103 metod\u0103 pentru \u00eendep\u0103rtarea \u021besutului gras, reducerea celulitei si netezirea pielii.<\/p>\n","protected":false},"excerpt":{"rendered":"<p>Bodyface Ultimate este un dispozitiv multifunc\u021bional pentru tratarea \u00eentregului corp. Dispozitivul utilizeaz\u0103 tehnologiile cele mai des utilizate \u00een studiile estetice. Drenaj limfatic cu aspira\u021bie sub vid, frecven\u021b\u0103 radio multipolar\u0103, cavita\u021bie cu ultrasunete. Liftingul neinvaziv al pielii, drenajul sub vid pentru a suprima simptomele celulitei \u0219i cavita\u021bia cu ultrasunete pentru modelarea corpului. Prelucrarea de calitate a&#8230;<\/p>\n","protected":false},"featured_media":363554,"comment_status":"closed","ping_status":"open","template":"","meta":{"_acf_changed":false,"_kadence_starter_templates_imported_post":false,"_kad_post_transparent":"","_kad_post_title":"","_kad_post_layout":"","_kad_post_sidebar_id":"","_kad_post_content_style":"","_kad_post_vertical_padding":"","_kad_post_feature":"","_kad_post_feature_position":"","_kad_post_header":false,"_kad_post_footer":false,"_kad_post_classname":""},"product_brand":[235],"product_cat":[246,676,726,611],"product_tag":[],"class_list":{"0":"post-363553","1":"product","2":"type-product","3":"status-publish","4":"has-post-thumbnail","6":"product_brand-beautyrelax","7":"product_cat-cosmetice","8":"product_cat-dispozitive-si-preparate-pentru-masaj","9":"product_cat-echipament-pentru-masaj","10":"product_cat-produse-cosmetice-pentru-corp","12":"first","13":"instock","14":"product-type-external","15":"entry","16":"content-bg","17":"loop-entry"},"acf":[],"yoast_head":"<!-- This site is optimized with the Yoast SEO plugin v27.4 - https:\/\/yoast.com\/product\/yoast-seo-wordpress\/ -->\n<title>BeautyRelax Dispozitiv estetic multifunc\u021bional Bodyface Ultimate - SHOPATOA.COM<\/title>\n<meta name=\"robots\" content=\"index, follow, max-snippet:-1, max-image-preview:large, max-video-preview:-1\" \/>\n<link rel=\"canonical\" href=\"https:\/\/shopatoa.com\/ro\/beautyrelax-dispozitiv-estetic-multifunctional-bodyface-ultimate-2\/\" \/>\n<meta property=\"og:locale\" content=\"ro_RO\" \/>\n<meta property=\"og:type\" content=\"article\" \/>\n<meta property=\"og:title\" content=\"BeautyRelax Dispozitiv estetic multifunc\u021bional Bodyface Ultimate - SHOPATOA.COM\" \/>\n<meta property=\"og:description\" content=\"Bodyface Ultimate este un dispozitiv multifunc\u021bional pentru tratarea \u00eentregului corp. Dispozitivul utilizeaz\u0103 tehnologiile cele mai des utilizate \u00een studiile estetice. Drenaj limfatic cu aspira\u021bie sub vid, frecven\u021b\u0103 radio multipolar\u0103, cavita\u021bie cu ultrasunete. Liftingul neinvaziv al pielii, drenajul sub vid pentru a suprima simptomele celulitei \u0219i cavita\u021bia cu ultrasunete pentru modelarea corpului. Prelucrarea de calitate a...\" \/>\n<meta property=\"og:url\" content=\"https:\/\/shopatoa.com\/ro\/beautyrelax-dispozitiv-estetic-multifunctional-bodyface-ultimate-2\/\" \/>\n<meta property=\"og:site_name\" content=\"SHOPATOA\" \/>\n<meta property=\"article:modified_time\" content=\"2025-05-21T18:49:38+00:00\" \/>\n<meta property=\"og:image\" content=\"https:\/\/storage.googleapis.com\/cz-shopatoa-img\/ro\/ca7ec929-unnamed-file.webp\" \/>\n\t<meta property=\"og:image:width\" content=\"800\" \/>\n\t<meta property=\"og:image:height\" content=\"800\" \/>\n\t<meta property=\"og:image:type\" content=\"image\/webp\" \/>\n<meta name=\"twitter:card\" content=\"summary_large_image\" \/>\n<meta name=\"twitter:label1\" content=\"Timp estimat pentru citire\" \/>\n\t<meta name=\"twitter:data1\" content=\"2 minute\" \/>\n<script type=\"application\/ld+json\" class=\"yoast-schema-graph\">{\"@context\":\"https:\\\/\\\/schema.org\",\"@graph\":[{\"@type\":\"WebPage\",\"@id\":\"https:\\\/\\\/shopatoa.com\\\/ro\\\/beautyrelax-dispozitiv-estetic-multifunctional-bodyface-ultimate-2\\\/\",\"url\":\"https:\\\/\\\/shopatoa.com\\\/ro\\\/beautyrelax-dispozitiv-estetic-multifunctional-bodyface-ultimate-2\\\/\",\"name\":\"BeautyRelax Dispozitiv estetic multifunc\u021bional Bodyface Ultimate - SHOPATOA.COM\",\"isPartOf\":{\"@id\":\"https:\\\/\\\/shopatoa.com\\\/ro\\\/#website\"},\"primaryImageOfPage\":{\"@id\":\"https:\\\/\\\/shopatoa.com\\\/ro\\\/beautyrelax-dispozitiv-estetic-multifunctional-bodyface-ultimate-2\\\/#primaryimage\"},\"image\":{\"@id\":\"https:\\\/\\\/shopatoa.com\\\/ro\\\/beautyrelax-dispozitiv-estetic-multifunctional-bodyface-ultimate-2\\\/#primaryimage\"},\"thumbnailUrl\":\"https:\\\/\\\/storage.googleapis.com\\\/cz-shopatoa-img\\\/ro\\\/ca7ec929-unnamed-file.webp\",\"datePublished\":\"2025-05-21T18:49:32+00:00\",\"dateModified\":\"2025-05-21T18:49:38+00:00\",\"breadcrumb\":{\"@id\":\"https:\\\/\\\/shopatoa.com\\\/ro\\\/beautyrelax-dispozitiv-estetic-multifunctional-bodyface-ultimate-2\\\/#breadcrumb\"},\"inLanguage\":\"ro-RO\",\"potentialAction\":[{\"@type\":\"ReadAction\",\"target\":[\"https:\\\/\\\/shopatoa.com\\\/ro\\\/beautyrelax-dispozitiv-estetic-multifunctional-bodyface-ultimate-2\\\/\"]}]},{\"@type\":\"ImageObject\",\"inLanguage\":\"ro-RO\",\"@id\":\"https:\\\/\\\/shopatoa.com\\\/ro\\\/beautyrelax-dispozitiv-estetic-multifunctional-bodyface-ultimate-2\\\/#primaryimage\",\"url\":\"https:\\\/\\\/storage.googleapis.com\\\/cz-shopatoa-img\\\/ro\\\/ca7ec929-unnamed-file.webp\",\"contentUrl\":\"https:\\\/\\\/storage.googleapis.com\\\/cz-shopatoa-img\\\/ro\\\/ca7ec929-unnamed-file.webp\",\"width\":800,\"height\":800},{\"@type\":\"BreadcrumbList\",\"@id\":\"https:\\\/\\\/shopatoa.com\\\/ro\\\/beautyrelax-dispozitiv-estetic-multifunctional-bodyface-ultimate-2\\\/#breadcrumb\",\"itemListElement\":[{\"@type\":\"ListItem\",\"position\":1,\"name\":\"Dom\u016f\",\"item\":\"https:\\\/\\\/shopatoa.com\\\/ro\\\/\"},{\"@type\":\"ListItem\",\"position\":2,\"name\":\"Shop\",\"item\":\"https:\\\/\\\/shopatoa.com\\\/ro\\\/shop\\\/\"},{\"@type\":\"ListItem\",\"position\":3,\"name\":\"BeautyRelax Dispozitiv estetic multifunc\u021bional Bodyface Ultimate\"}]},{\"@type\":\"WebSite\",\"@id\":\"https:\\\/\\\/shopatoa.com\\\/ro\\\/#website\",\"url\":\"https:\\\/\\\/shopatoa.com\\\/ro\\\/\",\"name\":\"SHOPATOA\",\"description\":\"\",\"publisher\":{\"@id\":\"https:\\\/\\\/shopatoa.com\\\/ro\\\/#organization\"},\"potentialAction\":[{\"@type\":\"SearchAction\",\"target\":{\"@type\":\"EntryPoint\",\"urlTemplate\":\"https:\\\/\\\/shopatoa.com\\\/ro\\\/?s={search_term_string}\"},\"query-input\":{\"@type\":\"PropertyValueSpecification\",\"valueRequired\":true,\"valueName\":\"search_term_string\"}}],\"inLanguage\":\"ro-RO\"},{\"@type\":\"Organization\",\"@id\":\"https:\\\/\\\/shopatoa.com\\\/ro\\\/#organization\",\"name\":\"SHOPATOA\",\"url\":\"https:\\\/\\\/shopatoa.com\\\/ro\\\/\",\"logo\":{\"@type\":\"ImageObject\",\"inLanguage\":\"ro-RO\",\"@id\":\"https:\\\/\\\/shopatoa.com\\\/ro\\\/#\\\/schema\\\/logo\\\/image\\\/\",\"url\":\"https:\\\/\\\/storage.googleapis.com\\\/cz-shopatoa-img\\\/ro\\\/b4dac915-shopatoa_logo.png\",\"contentUrl\":\"https:\\\/\\\/storage.googleapis.com\\\/cz-shopatoa-img\\\/ro\\\/b4dac915-shopatoa_logo.png\",\"width\":416,\"height\":63,\"caption\":\"SHOPATOA\"},\"image\":{\"@id\":\"https:\\\/\\\/shopatoa.com\\\/ro\\\/#\\\/schema\\\/logo\\\/image\\\/\"}}]}<\/script>\n<!-- \/ Yoast SEO plugin. -->","yoast_head_json":{"title":"BeautyRelax Dispozitiv estetic multifunc\u021bional Bodyface Ultimate - SHOPATOA.COM","robots":{"index":"index","follow":"follow","max-snippet":"max-snippet:-1","max-image-preview":"max-image-preview:large","max-video-preview":"max-video-preview:-1"},"canonical":"https:\/\/shopatoa.com\/ro\/beautyrelax-dispozitiv-estetic-multifunctional-bodyface-ultimate-2\/","og_locale":"ro_RO","og_type":"article","og_title":"BeautyRelax Dispozitiv estetic multifunc\u021bional Bodyface Ultimate - SHOPATOA.COM","og_description":"Bodyface Ultimate este un dispozitiv multifunc\u021bional pentru tratarea \u00eentregului corp. Dispozitivul utilizeaz\u0103 tehnologiile cele mai des utilizate \u00een studiile estetice. Drenaj limfatic cu aspira\u021bie sub vid, frecven\u021b\u0103 radio multipolar\u0103, cavita\u021bie cu ultrasunete. Liftingul neinvaziv al pielii, drenajul sub vid pentru a suprima simptomele celulitei \u0219i cavita\u021bia cu ultrasunete pentru modelarea corpului. Prelucrarea de calitate a...","og_url":"https:\/\/shopatoa.com\/ro\/beautyrelax-dispozitiv-estetic-multifunctional-bodyface-ultimate-2\/","og_site_name":"SHOPATOA","article_modified_time":"2025-05-21T18:49:38+00:00","og_image":[{"width":800,"height":800,"url":"https:\/\/storage.googleapis.com\/cz-shopatoa-img\/ro\/ca7ec929-unnamed-file.webp","type":"image\/webp"}],"twitter_card":"summary_large_image","twitter_misc":{"Timp estimat pentru citire":"2 minute"},"schema":{"@context":"https:\/\/schema.org","@graph":[{"@type":"WebPage","@id":"https:\/\/shopatoa.com\/ro\/beautyrelax-dispozitiv-estetic-multifunctional-bodyface-ultimate-2\/","url":"https:\/\/shopatoa.com\/ro\/beautyrelax-dispozitiv-estetic-multifunctional-bodyface-ultimate-2\/","name":"BeautyRelax Dispozitiv estetic multifunc\u021bional Bodyface Ultimate - SHOPATOA.COM","isPartOf":{"@id":"https:\/\/shopatoa.com\/ro\/#website"},"primaryImageOfPage":{"@id":"https:\/\/shopatoa.com\/ro\/beautyrelax-dispozitiv-estetic-multifunctional-bodyface-ultimate-2\/#primaryimage"},"image":{"@id":"https:\/\/shopatoa.com\/ro\/beautyrelax-dispozitiv-estetic-multifunctional-bodyface-ultimate-2\/#primaryimage"},"thumbnailUrl":"https:\/\/storage.googleapis.com\/cz-shopatoa-img\/ro\/ca7ec929-unnamed-file.webp","datePublished":"2025-05-21T18:49:32+00:00","dateModified":"2025-05-21T18:49:38+00:00","breadcrumb":{"@id":"https:\/\/shopatoa.com\/ro\/beautyrelax-dispozitiv-estetic-multifunctional-bodyface-ultimate-2\/#breadcrumb"},"inLanguage":"ro-RO","potentialAction":[{"@type":"ReadAction","target":["https:\/\/shopatoa.com\/ro\/beautyrelax-dispozitiv-estetic-multifunctional-bodyface-ultimate-2\/"]}]},{"@type":"ImageObject","inLanguage":"ro-RO","@id":"https:\/\/shopatoa.com\/ro\/beautyrelax-dispozitiv-estetic-multifunctional-bodyface-ultimate-2\/#primaryimage","url":"https:\/\/storage.googleapis.com\/cz-shopatoa-img\/ro\/ca7ec929-unnamed-file.webp","contentUrl":"https:\/\/storage.googleapis.com\/cz-shopatoa-img\/ro\/ca7ec929-unnamed-file.webp","width":800,"height":800},{"@type":"BreadcrumbList","@id":"https:\/\/shopatoa.com\/ro\/beautyrelax-dispozitiv-estetic-multifunctional-bodyface-ultimate-2\/#breadcrumb","itemListElement":[{"@type":"ListItem","position":1,"name":"Dom\u016f","item":"https:\/\/shopatoa.com\/ro\/"},{"@type":"ListItem","position":2,"name":"Shop","item":"https:\/\/shopatoa.com\/ro\/shop\/"},{"@type":"ListItem","position":3,"name":"BeautyRelax Dispozitiv estetic multifunc\u021bional Bodyface Ultimate"}]},{"@type":"WebSite","@id":"https:\/\/shopatoa.com\/ro\/#website","url":"https:\/\/shopatoa.com\/ro\/","name":"SHOPATOA","description":"","publisher":{"@id":"https:\/\/shopatoa.com\/ro\/#organization"},"potentialAction":[{"@type":"SearchAction","target":{"@type":"EntryPoint","urlTemplate":"https:\/\/shopatoa.com\/ro\/?s={search_term_string}"},"query-input":{"@type":"PropertyValueSpecification","valueRequired":true,"valueName":"search_term_string"}}],"inLanguage":"ro-RO"},{"@type":"Organization","@id":"https:\/\/shopatoa.com\/ro\/#organization","name":"SHOPATOA","url":"https:\/\/shopatoa.com\/ro\/","logo":{"@type":"ImageObject","inLanguage":"ro-RO","@id":"https:\/\/shopatoa.com\/ro\/#\/schema\/logo\/image\/","url":"https:\/\/storage.googleapis.com\/cz-shopatoa-img\/ro\/b4dac915-shopatoa_logo.png","contentUrl":"https:\/\/storage.googleapis.com\/cz-shopatoa-img\/ro\/b4dac915-shopatoa_logo.png","width":416,"height":63,"caption":"SHOPATOA"},"image":{"@id":"https:\/\/shopatoa.com\/ro\/#\/schema\/logo\/image\/"}}]}},"_links":{"self":[{"href":"https:\/\/shopatoa.com\/ro\/wp-json\/wp\/v2\/product\/363553","targetHints":{"allow":["GET"]}}],"collection":[{"href":"https:\/\/shopatoa.com\/ro\/wp-json\/wp\/v2\/product"}],"about":[{"href":"https:\/\/shopatoa.com\/ro\/wp-json\/wp\/v2\/types\/product"}],"replies":[{"embeddable":true,"href":"https:\/\/shopatoa.com\/ro\/wp-json\/wp\/v2\/comments?post=363553"}],"wp:featuredmedia":[{"embeddable":true,"href":"https:\/\/shopatoa.com\/ro\/wp-json\/wp\/v2\/media\/363554"}],"wp:attachment":[{"href":"https:\/\/shopatoa.com\/ro\/wp-json\/wp\/v2\/media?parent=363553"}],"wp:term":[{"taxonomy":"product_brand","embeddable":true,"href":"https:\/\/shopatoa.com\/ro\/wp-json\/wp\/v2\/product_brand?post=363553"},{"taxonomy":"product_cat","embeddable":true,"href":"https:\/\/shopatoa.com\/ro\/wp-json\/wp\/v2\/product_cat?post=363553"},{"taxonomy":"product_tag","embeddable":true,"href":"https:\/\/shopatoa.com\/ro\/wp-json\/wp\/v2\/product_tag?post=363553"}],"curies":[{"name":"wp","href":"https:\/\/api.w.org\/{rel}","templated":true}]}}