{"id":363557,"date":"2025-05-21T20:49:32","date_gmt":"2025-05-21T18:49:32","guid":{"rendered":"https:\/\/shopatoa.com\/ro\/beautyrelax-dispozitiv-estetic-multifunctional-bodyface-deluxe-2\/"},"modified":"2025-05-21T20:49:46","modified_gmt":"2025-05-21T18:49:46","slug":"beautyrelax-dispozitiv-estetic-multifunctional-bodyface-deluxe-2","status":"publish","type":"product","link":"https:\/\/shopatoa.com\/ro\/beautyrelax-dispozitiv-estetic-multifunctional-bodyface-deluxe-2\/","title":{"rendered":"BeautyRelax Dispozitiv estetic multifunc\u021bional Bodyface Deluxe"},"content":{"rendered":"<p>BeautyRelax BodyFace Deluxe este un dispozitiv profesional care este conceput pentru un tratament estetic corporal neinvaziv, f\u0103r\u0103 durere \u0219i f\u0103r\u0103 sentimente nepl\u0103cute. Dispozitivul utilizeaz\u0103 tehnologiile cele mai des utilizate \u00een studiile estetice. Radiofrecven\u021b\u0103 multipolar\u0103 pentru tratamentul fe\u021bei \u0219i corpului, cavita\u021bie cu ultrasunete. Ridicarea neinvaziv\u0103 a pielii \u0219i modelarea corpului. Prelucrarea de calitate a tuturor componentelor. Valoare de utilitate ridicat\u0103. Durat\u0103 de via\u021b\u0103 extrem de lung\u0103 a dispozitivului. Posibilitatea doz\u0103rii performan\u021bei tehnologiilor individuale. Descoper\u0103 lumea real\u0103 a frumuse\u021bii. BeautyRelax BodyFace Deluxe este conceput at\u00e2t pentru uz casnic, c\u00e2t \u0219i pentru uz comercial. Metoda de stocare va fi apreciat\u0103 \u00een special de utilizatorii care vor fi \u00een permanen\u021b\u0103 cu dispozitivul pe drum. Toate componentele sunt depozitate \u00eentr-o carcas\u0103 metalic\u0103 foarte rezistent\u0103. Valoarea mare de utilitate a dispozitivului se men\u021bine chiar \u0219i cu transferuri logistice frecvente f\u0103r\u0103 zg\u00e2rieturi sau deterior\u0103ri. Aplicator cu cavita\u021bie cu ultrasunete Capul de aplicare cu o zon\u0103 mare de contact genereaz\u0103 unde ultrasonice care stimuleaz\u0103 activ \u021besutul adipos. Integritatea celulei grase este perturbat\u0103 \u0219i se elibereaz\u0103 gr\u0103sime. Gr\u0103simea eliberat\u0103 este descompus\u0103 \u00een glicerol \u0219i acizi gra\u0219i liberi. Glicerolul serve\u0219te ca surs\u0103 de energie, \u00een timp ce acizii gra\u0219i sunt transfera\u021bi la ficat, unde sunt prelucra\u021bi ca acizi gra\u0219i obi\u0219nui\u021bi din alimente \u0219i sunt elimina\u021bi din organism \u00een mod natural. Gr\u0103simea eliminat\u0103 nu se \u00eentoarce \u00een \u021besut. Cavita\u021bia cu ultrasunete este nedureroas\u0103, neinvaziv\u0103, bl\u00e2nd\u0103, eficient\u0103 \u0219i cea mai bun\u0103 metod\u0103 pentru \u00eendep\u0103rtarea \u021besutului gras, reducerea celulitei si netezirea pielii. Capul de aplicare genereaz\u0103 unde ultrasonice la o anumit\u0103 frecven\u021b\u0103. Tehnologia p\u0103trunde cu u\u0219urin\u021b\u0103 \u00een suprafa\u021ba pielii cu o \u021bintire direct\u0103 a celulelor adipoase. Toate straturile pielii, capilarele sanguine, vasele fine sau masa muscular\u0103 nu sunt afectate negativ de ultrasunete \u00een niciun fel. Ultrasunetele vizeaz\u0103 cu acurate\u021be maxim\u0103 direct c\u0103tre \u021besutul adipos pentru eficien\u021ba ridicat\u0103 a procedurii estetice. Cantitatea de \u021besut adipos nu este aceea\u0219i \u00een toate p\u0103r\u021bile corpului. Una dintre principalele cauze ale stoc\u0103rii diferite de gr\u0103sime corporal\u0103 este structura noastr\u0103 genetic\u0103. In tratamentul estetic al zonelor problematice cu ultrasunete, posibilitatea de dozare a puterii ultrasunetelor este o func\u021bie cheie pentru ob\u021binerea rezultatelor dorite. BeautyRelax BodyFace Deluxe permite dozarea foarte fin\u0103 a puterii ultrasunetelor \u00een 10 niveluri. Atinge\u021bi ecranul pentru a cre\u0219te sau a reduce cu u\u0219urin\u021b\u0103 puterea ultrasunetelor. BeautyRelax BodyFace Deluxe are o dimensiune optim\u0103 a capului de aplicare cu ultrasunete. Este foarte u\u0219or de tratat \u00een special zonele mari ale corpului, unde \u021besutul adipos este adesea \u00een fibrele musculare. Capul de aplicare cu ultrasunete BodyFace Deluxe este unul dintre cele mai mari pe care le pute\u021bi g\u0103si pe dispozitive de tip similar. Suprafa\u021ba mare a capului de aplicare, combinat\u0103 cu op\u021biunea de dozare a puterii, face din BodyFace Deluxe un dispozitiv estetic de neegalat, cu o eficien\u021b\u0103 ridicat\u0103 de utilizare. Prin stimularea \u021besutului adipos cu ultrasunete, \u00eencepe\u021bi procese in organism care proceseaz\u0103 energia eliberat\u0103 de celulele adipoase. Corpul are nevoie de timp \u00eentre fiecare utilizare a dispozitivului, indiferent de partea corpului tratat\u0103. Nu ve\u021bi accelera modelarea corpului printr-o utilizare mai frecvent\u0103 dec\u00e2t cea recomandat\u0103. Pentru a utiliza aparatul c\u00e2t mai eficient posibil sunt necesare zile de odihn\u0103. C\u00e2nd v\u0103 modela\u021bi corpul, v\u0103 pute\u021bi concentra pe (1) fese,(2) bra\u021be, (3) gambe, (4) coapse sau (5) burt\u0103. Toate informa\u021biile necesare despre utilizarea corect\u0103 a dispozitivului pot fi g\u0103site \u00een instruc\u021biunile de utilizare detaliate incluse \u00een pachet. Caracteristica cheie a BeautyRelax BodyFace Deluxe este versatilitatea sa. Dezvoltarea tehnologic\u0103 a permis proiectarea optim\u0103 a dispozitivului pentru tratarea corpului \u0219i a fe\u021bei de toate propor\u021biile. Dimensiunea aplicatoarelor este special conceputa astfel \u00eenc\u00e2t sa poat\u0103 fi folosite chiar si in locuri mai pu\u021bin accesibile. Nu conteaz\u0103 \u00een\u0103l\u021bimea, greutatea, talia sau \u0219oldurile. Cu dispozitivul BodyFace Deluxe, pute\u021bi viza cu u\u0219urin\u021b\u0103 zonele cu probleme. Procura\u021bi o rulet\u0103 de m\u0103surat \u0219i vede\u021bi ce rezultate pot fi ob\u021binute prin utilizarea regulat\u0103. F\u0103r\u0103 fraze publicitare goale. Rezultatele pe care le m\u0103sura\u021bi. Utilizarea dispozitivului BeautyRelax BodyFace Deluxe este potrivit\u0103 pentru toate tipurile de figur\u0103. Pentru b\u0103rba\u021bi \u0219i femei. Oricare ar fi predispozi\u021bia la depozitarea de gr\u0103sime \u00een orice parte a corpului. Excep\u021bie fac persoanele care fac parte din categoriile enumerate \u00een lista de contraindica\u021bii &#8211; Cancer, epilepsie, diabet, boli virale. \u00cen caz de febr\u0103 mare. Afec\u021biuni renale sau hepatice severe. Colesterol ridicat. Boli de piele. Sindromul oboselii. Boli de inim\u0103, stimulator cardiac, hipertensiune. Implanturi metalice \u00een corp. Tulbur\u0103ri vasculare sau ateroscleroz\u0103. Sarcin\u0103. Menstrua\u0163ie. Persoanele care iau anticoagulante. Pacien\u021bii care au fost supu\u0219i unei interven\u021bii chirurgicale de transplant. Persoanele care necesit\u0103 supraveghere constant\u0103 pot utiliza dispozitivul numai dup\u0103 consultarea unui medic. Piese permise pentru tratament instrumental Pute\u021bi folosi aplicatorul cu cavita\u021bie ultrasonic\u0103 aproape pe tot corpul. V\u0103 pute\u021bi concentra pe urm\u0103toarele zone: bra\u021be, antebra\u021be, abdomen, talie, fese, coapse sau gambe interioare \u0219i exterioare. Aplicator cu frecven\u021b\u0103 radio multipolar\u0103\/tripolara Capul de aplicare genereaz\u0103 energie prin intermediul undelor radio cu putere \u0219i frecven\u021b\u0103 destul de specific\u0103. Undele de radiofrecven\u021ba sunt optimizate pentru a provoca un gradient termic, care influen\u021beaz\u0103 semnificativ procesele din stratul dermei. Energia livrat\u0103 activeaz\u0103 remodelarea fibrelor de colagen \u0219i elastin\u0103. Este posibil\u0103 concentrarea maxim\u0103 a energiei \u00een zonele cu un strat semnificativ de gr\u0103sime \u0219i de excita\u021bie ulterioar\u0103 a proceselor metabolice, are un efect semnificativ asupra netezirii foarte eficiente a pielii \u0219i contururilor deformate. Capetele de aplicare sunt echipate suplimentar cu c\u0103ldur\u0103 \u00een infraro\u0219u. Aplicatorul facial are 3 puncte de contact. Aplicatorul pentru corp (sau p\u0103r\u021bi mai mari ale fe\u021bei) are 4 puncte de contact. Nicio interven\u021bie chirurgical\u0103. F\u0103r\u0103 t\u0103iere. F\u0103r\u0103 injec\u021bii. Chirurgia estetic\u0103 modern\u0103 nu mai este \u00eenso\u021bit\u0103 de niciun sentiment de durere. Tratamentul pielii cu radiofrecven\u021b\u0103 tripolar\u0103\/multipolar\u0103 este o solu\u021bie cu adev\u0103rat func\u021bional\u0103 pentru liftingul neinvaziv al pielii. Capul de aplicare special conceput v\u0103 permite s\u0103 v\u0103 concentra\u021bi direct asupra ridurilor ad\u00e2nci sau fine. Dirijarea direct\u0103 a zonelor cu elasticitate redus\u0103 a pielii. Folosind un aplicator cu trei pini, v\u0103 pute\u021bi concentra pe zona din jurul ochilor, col\u021burile gurii \u0219i contururile fe\u021bei cu precizie milimetric\u0103. Pute\u021bi folosi capul de aplica\u021bie cu frecven\u021b\u0103 radio \u00een confortul casei dvs. foarte u\u0219or. Ve\u021bi ob\u021bine efecte de lung\u0103 durat\u0103 prin stimularea regulat\u0103 a pielii. Sub form\u0103 de energie, undele de radiofrecven\u021b\u0103 se concentreaz\u0103 direct pe colagenul \u0219i undele elastice, care sunt responsabile pentru pielea f\u0103r\u0103 riduri. Pielea este tratat\u0103 folosind o tehnic\u0103 numit\u0103 \u201e\u0219tampilare\u201d. Aplica\u021bi un strat sub\u021bire de sonogel pe piele. Cu \u0219tifturile de aplicare \u201e\u0219tampila\u021bi\u201d piele pu\u021bin c\u00e2te pu\u021bin. Direc\u021bionare precis\u0103 acolo unde ave\u021bi nevoie. Utilizarea este potrivit\u0103 \u0219i pentru b\u0103rba\u021bi. Dozarea fin\u0103 a puterii de frecven\u021b\u0103 radio permite o abordare foarte individual\u0103. \u00cen special \u00een spatele fe\u021bei exist\u0103 locuri cu sensibilitate diferit\u0103 \u0219i grosime diferit\u0103 a gr\u0103simii subcutanate. Aplicatorul cu patru pini mari este conceput pentru a stimula frecven\u021bele radio ale unei zone mai mari a corpului. \u00cen zona capului, ve\u021bi folosi \u00een principal pe zona b\u0103rbiei. Pe zonele corpului cu vergeturi sau celulita. Oriunde este redus\u0103 elasticitatea pielii. Ve\u021bi aprecia \u00een special cele patru \u0219tifturi mari de aplicare pe p\u0103r\u021bile selectate ale corpului. Datorit\u0103 cablului lung, pute\u021bi ajunge chiar \u0219i \u00een locurile mai pu\u021bin accesibile. Ca \u0219i pe fa\u021b\u0103, cea mai potrivit\u0103 metod\u0103 este \u201e\u0219tampilarea\u201d. Pas cu pas, ve\u021bi acoperi treptat \u00eentreaga zon\u0103 problematic\u0103. Pute\u021bi seta cu u\u0219urin\u021b\u0103 puterea frecven\u021bei radio folosind ecranul tactil. Zonele cu piele foarte sub\u021bire \u0219i sensibil\u0103 au nevoie de mai pu\u021bin\u0103 putere de radiofrecven\u021b\u0103 dec\u00e2t zonele cu un strat de gr\u0103sime subcutanat mai gros \u0219i mai pu\u021bin sensibile. Pute\u021bi doza cu u\u0219urin\u021b\u0103 performan\u021ba exact \u00een func\u021bie de nevoile dvs. Aparatul estetic BeautyRelax BodyFace Deluxe ofer\u0103 tehnologii care, atunci c\u00e2nd sunt utilizate \u00een condi\u021bii specifice, ajut\u0103 la reducerea gr\u0103simii subcutanate, suprima celulita \u0219i cre\u0219te elasticitatea pielii. Dispozitivul estetic BeautyRelax ofer\u0103 tratament non-invaziv. \u00cen practic\u0103, aceasta \u00eenseamn\u0103 c\u0103 niciuna dintre p\u0103r\u021bile capului de aplicare nu p\u0103trunde fizic sub piele. Utilizarea non-invaziv\u0103 este o condi\u021bie prealabil\u0103 de baz\u0103 pentru utilizarea dispozitivului acas\u0103 de c\u0103tre utilizatorii obi\u0219nui\u021bi. Controlul dispozitivului nu necesit\u0103 supravegherea unui lucr\u0103tor erudit instruit \u00een domeniul asisten\u021bei medicale sau esteticii cosmetice. Echipa BeautyRelax cu experien\u021b\u0103 v\u0103 st\u0103 \u00eentotdeauna la dispozi\u021bie pe linia telefonic\u0103 sau electronic. Utilizarea este \u00eentotdeauna asociat\u0103 cu un gel conductor transparent. Pute\u021bi cump\u0103ra un gel de contact, a\u0219a-numitul SONOGEL, \u00een orice magazin de produse medicale (poate fi achizi\u021bionat \u0219i \u00eentr-o farmacie). Gelul este foarte important pentru utilizarea dispozitivului. Creeaz\u0103 stratul de leg\u0103tur\u0103 necesar \u00eentre aplicator \u0219i piele. Este fabricat pe baz\u0103 de ap\u0103. Nu poate deteriora capul aplicator, Utilizarea unui gel de contact este esen\u021bial\u0103. Undele de ultrasunete \u0219i frecven\u021bele radio pot fi astfel ata\u0219ate mai bine la piele. Nu utiliza\u021bi alte produse cosmetice. Aplicarea de sonogel este necesar\u0103 folosind toate cele trei aplicatoare BeautyRelax BodyFace Deluxe. Nu trebuie s\u0103 v\u0103 schimba\u021bi dieta atunci c\u00e2nd v\u0103 modela\u021bi corpul cu unde ultrasonice. Cu toate acestea, este necesar s\u0103 se m\u0103reasc\u0103 aprovizionarea cu fluide sub form\u0103 de ap\u0103 curat\u0103. Elimina\u021bi b\u0103uturile dulci. De asemenea, ar trebui s\u0103 evita\u021bi alimentele grele grase. Tratamentul cu ultrasunete este o povar\u0103 pentru organism, \u00een special pentru ficat \u0219i sistemul limfatic. Regim de b\u0103ut, diet\u0103 \u0219i dispozitivul BeautyRelax BodyFace Deluxe. O combina\u021bie tripl\u0103 care va va aduce figura visurilor! Utilizarea BeautyRelax BodyFace Deluxe este complet (1) sigur\u0103 \u0219i nedureroas\u0103. Folosind dispozitivul \u00een mod regulat \u00een confortul casei dvs., ve\u021bi ob\u021bine (2) eficien\u021b\u0103 ridicat\u0103 cu rezultate vizibile. Dispozitivul are o rezisten\u021b\u0103 extrem de lung\u0103 \u0219i este (3) reutilizabil. Ve\u021bi avea \u00eentotdeauna dispozitivul la \u00eendem\u00e2n\u0103 datorit\u0103 designului sau. Aparatul ofer\u0103 doar (4) tehnologii moderne utilizate \u00een saloanele de estetic\u0103. (5) Ecran tactil color pentru reglarea individual\u0103 u\u0219oar\u0103 a tuturor func\u021biilor. F\u0103r\u0103 butoane aglomerate cu set\u0103ri complicate. V\u0103 ve\u021bi \u00eendr\u0103gosti de ecranul tactil color mare. Set\u0103ri intuitive pentru toate func\u021biile \u0219i nivelurile de performan\u021b\u0103. Ve\u021bi \u00eenv\u0103\u021ba meniul dispozitivului \u00een doar c\u00e2teva utiliz\u0103ri.<\/p>\n","protected":false},"excerpt":{"rendered":"<p>BeautyRelax BodyFace Deluxe este un dispozitiv profesional care este conceput pentru un tratament estetic corporal neinvaziv, f\u0103r\u0103 durere \u0219i f\u0103r\u0103 sentimente nepl\u0103cute. Dispozitivul utilizeaz\u0103 tehnologiile cele mai des utilizate \u00een studiile estetice. Radiofrecven\u021b\u0103 multipolar\u0103 pentru tratamentul fe\u021bei \u0219i corpului, cavita\u021bie cu ultrasunete. Ridicarea neinvaziv\u0103 a pielii \u0219i modelarea corpului. Prelucrarea de calitate a tuturor componentelor&#8230;.<\/p>\n","protected":false},"featured_media":363558,"comment_status":"closed","ping_status":"open","template":"","meta":{"_acf_changed":false,"_kadence_starter_templates_imported_post":false,"_kad_post_transparent":"","_kad_post_title":"","_kad_post_layout":"","_kad_post_sidebar_id":"","_kad_post_content_style":"","_kad_post_vertical_padding":"","_kad_post_feature":"","_kad_post_feature_position":"","_kad_post_header":false,"_kad_post_footer":false,"_kad_post_classname":""},"product_brand":[235],"product_cat":[246,757,611],"product_tag":[],"class_list":{"0":"post-363557","1":"product","2":"type-product","3":"status-publish","4":"has-post-thumbnail","6":"product_brand-beautyrelax","7":"product_cat-cosmetice","8":"product_cat-dispozitive-cosmetice-corpul","9":"product_cat-produse-cosmetice-pentru-corp","11":"first","12":"instock","13":"product-type-external","14":"entry","15":"content-bg","16":"loop-entry"},"acf":[],"yoast_head":"<!-- This site is optimized with the Yoast SEO plugin v27.4 - https:\/\/yoast.com\/product\/yoast-seo-wordpress\/ -->\n<title>BeautyRelax Dispozitiv estetic multifunc\u021bional Bodyface Deluxe - SHOPATOA.COM<\/title>\n<meta name=\"robots\" content=\"index, follow, max-snippet:-1, max-image-preview:large, max-video-preview:-1\" \/>\n<link rel=\"canonical\" href=\"https:\/\/shopatoa.com\/ro\/beautyrelax-dispozitiv-estetic-multifunctional-bodyface-deluxe-2\/\" \/>\n<meta property=\"og:locale\" content=\"ro_RO\" \/>\n<meta property=\"og:type\" content=\"article\" \/>\n<meta property=\"og:title\" content=\"BeautyRelax Dispozitiv estetic multifunc\u021bional Bodyface Deluxe - SHOPATOA.COM\" \/>\n<meta property=\"og:description\" content=\"BeautyRelax BodyFace Deluxe este un dispozitiv profesional care este conceput pentru un tratament estetic corporal neinvaziv, f\u0103r\u0103 durere \u0219i f\u0103r\u0103 sentimente nepl\u0103cute. Dispozitivul utilizeaz\u0103 tehnologiile cele mai des utilizate \u00een studiile estetice. Radiofrecven\u021b\u0103 multipolar\u0103 pentru tratamentul fe\u021bei \u0219i corpului, cavita\u021bie cu ultrasunete. Ridicarea neinvaziv\u0103 a pielii \u0219i modelarea corpului. Prelucrarea de calitate a tuturor componentelor....\" \/>\n<meta property=\"og:url\" content=\"https:\/\/shopatoa.com\/ro\/beautyrelax-dispozitiv-estetic-multifunctional-bodyface-deluxe-2\/\" \/>\n<meta property=\"og:site_name\" content=\"SHOPATOA\" \/>\n<meta property=\"article:modified_time\" content=\"2025-05-21T18:49:46+00:00\" \/>\n<meta property=\"og:image\" content=\"https:\/\/storage.googleapis.com\/cz-shopatoa-img\/ro\/07913582-unnamed-file.webp\" \/>\n\t<meta property=\"og:image:width\" content=\"800\" \/>\n\t<meta property=\"og:image:height\" content=\"800\" \/>\n\t<meta property=\"og:image:type\" content=\"image\/webp\" \/>\n<meta name=\"twitter:card\" content=\"summary_large_image\" \/>\n<meta name=\"twitter:label1\" content=\"Timp estimat pentru citire\" \/>\n\t<meta name=\"twitter:data1\" content=\"9 minute\" \/>\n<script type=\"application\/ld+json\" class=\"yoast-schema-graph\">{\"@context\":\"https:\\\/\\\/schema.org\",\"@graph\":[{\"@type\":\"WebPage\",\"@id\":\"https:\\\/\\\/shopatoa.com\\\/ro\\\/beautyrelax-dispozitiv-estetic-multifunctional-bodyface-deluxe-2\\\/\",\"url\":\"https:\\\/\\\/shopatoa.com\\\/ro\\\/beautyrelax-dispozitiv-estetic-multifunctional-bodyface-deluxe-2\\\/\",\"name\":\"BeautyRelax Dispozitiv estetic multifunc\u021bional Bodyface Deluxe - SHOPATOA.COM\",\"isPartOf\":{\"@id\":\"https:\\\/\\\/shopatoa.com\\\/ro\\\/#website\"},\"primaryImageOfPage\":{\"@id\":\"https:\\\/\\\/shopatoa.com\\\/ro\\\/beautyrelax-dispozitiv-estetic-multifunctional-bodyface-deluxe-2\\\/#primaryimage\"},\"image\":{\"@id\":\"https:\\\/\\\/shopatoa.com\\\/ro\\\/beautyrelax-dispozitiv-estetic-multifunctional-bodyface-deluxe-2\\\/#primaryimage\"},\"thumbnailUrl\":\"https:\\\/\\\/storage.googleapis.com\\\/cz-shopatoa-img\\\/ro\\\/07913582-unnamed-file.webp\",\"datePublished\":\"2025-05-21T18:49:32+00:00\",\"dateModified\":\"2025-05-21T18:49:46+00:00\",\"breadcrumb\":{\"@id\":\"https:\\\/\\\/shopatoa.com\\\/ro\\\/beautyrelax-dispozitiv-estetic-multifunctional-bodyface-deluxe-2\\\/#breadcrumb\"},\"inLanguage\":\"ro-RO\",\"potentialAction\":[{\"@type\":\"ReadAction\",\"target\":[\"https:\\\/\\\/shopatoa.com\\\/ro\\\/beautyrelax-dispozitiv-estetic-multifunctional-bodyface-deluxe-2\\\/\"]}]},{\"@type\":\"ImageObject\",\"inLanguage\":\"ro-RO\",\"@id\":\"https:\\\/\\\/shopatoa.com\\\/ro\\\/beautyrelax-dispozitiv-estetic-multifunctional-bodyface-deluxe-2\\\/#primaryimage\",\"url\":\"https:\\\/\\\/storage.googleapis.com\\\/cz-shopatoa-img\\\/ro\\\/07913582-unnamed-file.webp\",\"contentUrl\":\"https:\\\/\\\/storage.googleapis.com\\\/cz-shopatoa-img\\\/ro\\\/07913582-unnamed-file.webp\",\"width\":800,\"height\":800},{\"@type\":\"BreadcrumbList\",\"@id\":\"https:\\\/\\\/shopatoa.com\\\/ro\\\/beautyrelax-dispozitiv-estetic-multifunctional-bodyface-deluxe-2\\\/#breadcrumb\",\"itemListElement\":[{\"@type\":\"ListItem\",\"position\":1,\"name\":\"Dom\u016f\",\"item\":\"https:\\\/\\\/shopatoa.com\\\/ro\\\/\"},{\"@type\":\"ListItem\",\"position\":2,\"name\":\"Shop\",\"item\":\"https:\\\/\\\/shopatoa.com\\\/ro\\\/shop\\\/\"},{\"@type\":\"ListItem\",\"position\":3,\"name\":\"BeautyRelax Dispozitiv estetic multifunc\u021bional Bodyface Deluxe\"}]},{\"@type\":\"WebSite\",\"@id\":\"https:\\\/\\\/shopatoa.com\\\/ro\\\/#website\",\"url\":\"https:\\\/\\\/shopatoa.com\\\/ro\\\/\",\"name\":\"SHOPATOA\",\"description\":\"\",\"publisher\":{\"@id\":\"https:\\\/\\\/shopatoa.com\\\/ro\\\/#organization\"},\"potentialAction\":[{\"@type\":\"SearchAction\",\"target\":{\"@type\":\"EntryPoint\",\"urlTemplate\":\"https:\\\/\\\/shopatoa.com\\\/ro\\\/?s={search_term_string}\"},\"query-input\":{\"@type\":\"PropertyValueSpecification\",\"valueRequired\":true,\"valueName\":\"search_term_string\"}}],\"inLanguage\":\"ro-RO\"},{\"@type\":\"Organization\",\"@id\":\"https:\\\/\\\/shopatoa.com\\\/ro\\\/#organization\",\"name\":\"SHOPATOA\",\"url\":\"https:\\\/\\\/shopatoa.com\\\/ro\\\/\",\"logo\":{\"@type\":\"ImageObject\",\"inLanguage\":\"ro-RO\",\"@id\":\"https:\\\/\\\/shopatoa.com\\\/ro\\\/#\\\/schema\\\/logo\\\/image\\\/\",\"url\":\"https:\\\/\\\/storage.googleapis.com\\\/cz-shopatoa-img\\\/ro\\\/b4dac915-shopatoa_logo.png\",\"contentUrl\":\"https:\\\/\\\/storage.googleapis.com\\\/cz-shopatoa-img\\\/ro\\\/b4dac915-shopatoa_logo.png\",\"width\":416,\"height\":63,\"caption\":\"SHOPATOA\"},\"image\":{\"@id\":\"https:\\\/\\\/shopatoa.com\\\/ro\\\/#\\\/schema\\\/logo\\\/image\\\/\"}}]}<\/script>\n<!-- \/ Yoast SEO plugin. -->","yoast_head_json":{"title":"BeautyRelax Dispozitiv estetic multifunc\u021bional Bodyface Deluxe - SHOPATOA.COM","robots":{"index":"index","follow":"follow","max-snippet":"max-snippet:-1","max-image-preview":"max-image-preview:large","max-video-preview":"max-video-preview:-1"},"canonical":"https:\/\/shopatoa.com\/ro\/beautyrelax-dispozitiv-estetic-multifunctional-bodyface-deluxe-2\/","og_locale":"ro_RO","og_type":"article","og_title":"BeautyRelax Dispozitiv estetic multifunc\u021bional Bodyface Deluxe - SHOPATOA.COM","og_description":"BeautyRelax BodyFace Deluxe este un dispozitiv profesional care este conceput pentru un tratament estetic corporal neinvaziv, f\u0103r\u0103 durere \u0219i f\u0103r\u0103 sentimente nepl\u0103cute. Dispozitivul utilizeaz\u0103 tehnologiile cele mai des utilizate \u00een studiile estetice. Radiofrecven\u021b\u0103 multipolar\u0103 pentru tratamentul fe\u021bei \u0219i corpului, cavita\u021bie cu ultrasunete. Ridicarea neinvaziv\u0103 a pielii \u0219i modelarea corpului. Prelucrarea de calitate a tuturor componentelor....","og_url":"https:\/\/shopatoa.com\/ro\/beautyrelax-dispozitiv-estetic-multifunctional-bodyface-deluxe-2\/","og_site_name":"SHOPATOA","article_modified_time":"2025-05-21T18:49:46+00:00","og_image":[{"width":800,"height":800,"url":"https:\/\/storage.googleapis.com\/cz-shopatoa-img\/ro\/07913582-unnamed-file.webp","type":"image\/webp"}],"twitter_card":"summary_large_image","twitter_misc":{"Timp estimat pentru citire":"9 minute"},"schema":{"@context":"https:\/\/schema.org","@graph":[{"@type":"WebPage","@id":"https:\/\/shopatoa.com\/ro\/beautyrelax-dispozitiv-estetic-multifunctional-bodyface-deluxe-2\/","url":"https:\/\/shopatoa.com\/ro\/beautyrelax-dispozitiv-estetic-multifunctional-bodyface-deluxe-2\/","name":"BeautyRelax Dispozitiv estetic multifunc\u021bional Bodyface Deluxe - SHOPATOA.COM","isPartOf":{"@id":"https:\/\/shopatoa.com\/ro\/#website"},"primaryImageOfPage":{"@id":"https:\/\/shopatoa.com\/ro\/beautyrelax-dispozitiv-estetic-multifunctional-bodyface-deluxe-2\/#primaryimage"},"image":{"@id":"https:\/\/shopatoa.com\/ro\/beautyrelax-dispozitiv-estetic-multifunctional-bodyface-deluxe-2\/#primaryimage"},"thumbnailUrl":"https:\/\/storage.googleapis.com\/cz-shopatoa-img\/ro\/07913582-unnamed-file.webp","datePublished":"2025-05-21T18:49:32+00:00","dateModified":"2025-05-21T18:49:46+00:00","breadcrumb":{"@id":"https:\/\/shopatoa.com\/ro\/beautyrelax-dispozitiv-estetic-multifunctional-bodyface-deluxe-2\/#breadcrumb"},"inLanguage":"ro-RO","potentialAction":[{"@type":"ReadAction","target":["https:\/\/shopatoa.com\/ro\/beautyrelax-dispozitiv-estetic-multifunctional-bodyface-deluxe-2\/"]}]},{"@type":"ImageObject","inLanguage":"ro-RO","@id":"https:\/\/shopatoa.com\/ro\/beautyrelax-dispozitiv-estetic-multifunctional-bodyface-deluxe-2\/#primaryimage","url":"https:\/\/storage.googleapis.com\/cz-shopatoa-img\/ro\/07913582-unnamed-file.webp","contentUrl":"https:\/\/storage.googleapis.com\/cz-shopatoa-img\/ro\/07913582-unnamed-file.webp","width":800,"height":800},{"@type":"BreadcrumbList","@id":"https:\/\/shopatoa.com\/ro\/beautyrelax-dispozitiv-estetic-multifunctional-bodyface-deluxe-2\/#breadcrumb","itemListElement":[{"@type":"ListItem","position":1,"name":"Dom\u016f","item":"https:\/\/shopatoa.com\/ro\/"},{"@type":"ListItem","position":2,"name":"Shop","item":"https:\/\/shopatoa.com\/ro\/shop\/"},{"@type":"ListItem","position":3,"name":"BeautyRelax Dispozitiv estetic multifunc\u021bional Bodyface Deluxe"}]},{"@type":"WebSite","@id":"https:\/\/shopatoa.com\/ro\/#website","url":"https:\/\/shopatoa.com\/ro\/","name":"SHOPATOA","description":"","publisher":{"@id":"https:\/\/shopatoa.com\/ro\/#organization"},"potentialAction":[{"@type":"SearchAction","target":{"@type":"EntryPoint","urlTemplate":"https:\/\/shopatoa.com\/ro\/?s={search_term_string}"},"query-input":{"@type":"PropertyValueSpecification","valueRequired":true,"valueName":"search_term_string"}}],"inLanguage":"ro-RO"},{"@type":"Organization","@id":"https:\/\/shopatoa.com\/ro\/#organization","name":"SHOPATOA","url":"https:\/\/shopatoa.com\/ro\/","logo":{"@type":"ImageObject","inLanguage":"ro-RO","@id":"https:\/\/shopatoa.com\/ro\/#\/schema\/logo\/image\/","url":"https:\/\/storage.googleapis.com\/cz-shopatoa-img\/ro\/b4dac915-shopatoa_logo.png","contentUrl":"https:\/\/storage.googleapis.com\/cz-shopatoa-img\/ro\/b4dac915-shopatoa_logo.png","width":416,"height":63,"caption":"SHOPATOA"},"image":{"@id":"https:\/\/shopatoa.com\/ro\/#\/schema\/logo\/image\/"}}]}},"_links":{"self":[{"href":"https:\/\/shopatoa.com\/ro\/wp-json\/wp\/v2\/product\/363557","targetHints":{"allow":["GET"]}}],"collection":[{"href":"https:\/\/shopatoa.com\/ro\/wp-json\/wp\/v2\/product"}],"about":[{"href":"https:\/\/shopatoa.com\/ro\/wp-json\/wp\/v2\/types\/product"}],"replies":[{"embeddable":true,"href":"https:\/\/shopatoa.com\/ro\/wp-json\/wp\/v2\/comments?post=363557"}],"wp:featuredmedia":[{"embeddable":true,"href":"https:\/\/shopatoa.com\/ro\/wp-json\/wp\/v2\/media\/363558"}],"wp:attachment":[{"href":"https:\/\/shopatoa.com\/ro\/wp-json\/wp\/v2\/media?parent=363557"}],"wp:term":[{"taxonomy":"product_brand","embeddable":true,"href":"https:\/\/shopatoa.com\/ro\/wp-json\/wp\/v2\/product_brand?post=363557"},{"taxonomy":"product_cat","embeddable":true,"href":"https:\/\/shopatoa.com\/ro\/wp-json\/wp\/v2\/product_cat?post=363557"},{"taxonomy":"product_tag","embeddable":true,"href":"https:\/\/shopatoa.com\/ro\/wp-json\/wp\/v2\/product_tag?post=363557"}],"curies":[{"name":"wp","href":"https:\/\/api.w.org\/{rel}","templated":true}]}}