{"id":363843,"date":"2025-05-21T21:00:20","date_gmt":"2025-05-21T19:00:20","guid":{"rendered":"https:\/\/shopatoa.com\/ro\/dolce-gabbana-dolce-gabbana-devotion-edp-100-ml-edp-10-ml-edp-5-ml-2\/"},"modified":"2025-05-21T21:00:54","modified_gmt":"2025-05-21T19:00:54","slug":"dolce-gabbana-dolce-gabbana-devotion-edp-100-ml-edp-10-ml-edp-5-ml-2","status":"publish","type":"product","link":"https:\/\/shopatoa.com\/ro\/dolce-gabbana-dolce-gabbana-devotion-edp-100-ml-edp-10-ml-edp-5-ml-2\/","title":{"rendered":"Dolce &#038; Gabbana Dolce &#038; Gabbana Devotion &#8211; EDP 100 ml + EDP 10 ml + EDP 5 ml"},"content":{"rendered":"<p>Devotion de la marca Dolce &#038; Gabbana este o ap\u0103 de parfum unic\u0103 pentru femei, care \u00eentruchipeaz\u0103 pasiunea \u0219i armonia a dou\u0103 suflete \u00eenrudite. Acest parfum seduc\u0103tor \u00ee\u0219i atrage inspira\u021bia din iconicul panettone italian, care se reflect\u0103 \u00een compozi\u021bia sa delicioas\u0103 \u0219i irezistibil\u0103. Notele de deschidere \u00eenc\u00e2nt\u0103 cu aroma dulce de l\u0103m\u00e2ie confiat\u0103, \u00een timp ce inima parfumului str\u0103luce\u0219te cu flori delicate de portocal. La baz\u0103 se dezvolt\u0103 vanilia cald\u0103 \u0219i senzual\u0103, care confer\u0103 parfumului o profunzime \u0219i o elegan\u021b\u0103 inconfundabile. Devotamentul v\u0103 poart\u0103 \u00eentr-o c\u0103l\u0103torie senzorial\u0103 prin Italia, plin\u0103 de arome, celebr\u00e2nd valori precum dragostea, sinceritatea, bucuria \u0219i recuno\u0219tin\u021ba pentru fiecare moment. Sticla minimalista este decorat\u0103 cu detalii aurii bogate in forma Inimii Sacre, simbol al iubirii in toate formele ei. Devotamentul nu este doar un parfum, ci \u0219i un tribut adus vie\u021bii \u0219i aspectelor sale cele mai frumoase. Dori\u021bi s\u0103 descoperi\u021bi cum miroase adev\u0103rata pl\u0103cere? Parfumul a fost lansat pe pia\u021b\u0103 in anul 2023 \u0219i a fost creat de celebrul parfumier Olivier Cresp. C\u00e2nt\u0103rea\u021ba Katy Perry a devenit fa\u021ba campaniei. Setul include: ap\u0103 de parfum 100 ml spray de c\u0103l\u0103torie 10 ml miniatura 5 ml<\/p>\n","protected":false},"excerpt":{"rendered":"<p>Devotion de la marca Dolce &#038; Gabbana este o ap\u0103 de parfum unic\u0103 pentru femei, care \u00eentruchipeaz\u0103 pasiunea \u0219i armonia a dou\u0103 suflete \u00eenrudite. Acest parfum seduc\u0103tor \u00ee\u0219i atrage inspira\u021bia din iconicul panettone italian, care se reflect\u0103 \u00een compozi\u021bia sa delicioas\u0103 \u0219i irezistibil\u0103. Notele de deschidere \u00eenc\u00e2nt\u0103 cu aroma dulce de l\u0103m\u00e2ie confiat\u0103, \u00een timp&#8230;<\/p>\n","protected":false},"featured_media":363844,"comment_status":"closed","ping_status":"open","template":"","meta":{"_acf_changed":false,"_kadence_starter_templates_imported_post":false,"_kad_post_transparent":"","_kad_post_title":"","_kad_post_layout":"","_kad_post_sidebar_id":"","_kad_post_content_style":"","_kad_post_vertical_padding":"","_kad_post_feature":"","_kad_post_feature_position":"","_kad_post_header":false,"_kad_post_footer":false,"_kad_post_classname":""},"product_brand":[84],"product_cat":[614,651],"product_tag":[],"class_list":{"0":"post-363843","1":"product","2":"type-product","3":"status-publish","4":"has-post-thumbnail","6":"product_brand-dolce-gabbana","7":"product_cat-parfumuri","8":"product_cat-seturi-cadou-de-parfumuri","10":"first","11":"instock","12":"product-type-external","13":"entry","14":"content-bg","15":"loop-entry"},"acf":[],"yoast_head":"<!-- This site is optimized with the Yoast SEO plugin v27.3 - https:\/\/yoast.com\/product\/yoast-seo-wordpress\/ -->\n<title>Dolce &amp; Gabbana Dolce &amp; Gabbana Devotion - EDP 100 ml + EDP 10 ml + EDP 5 ml - SHOPATOA.COM<\/title>\n<meta name=\"robots\" content=\"index, follow, max-snippet:-1, max-image-preview:large, max-video-preview:-1\" \/>\n<link rel=\"canonical\" href=\"https:\/\/shopatoa.com\/ro\/dolce-gabbana-dolce-gabbana-devotion-edp-100-ml-edp-10-ml-edp-5-ml-2\/\" \/>\n<meta property=\"og:locale\" content=\"ro_RO\" \/>\n<meta property=\"og:type\" content=\"article\" \/>\n<meta property=\"og:title\" content=\"Dolce &amp; Gabbana Dolce &amp; Gabbana Devotion - EDP 100 ml + EDP 10 ml + EDP 5 ml - SHOPATOA.COM\" \/>\n<meta property=\"og:description\" content=\"Devotion de la marca Dolce &#038; Gabbana este o ap\u0103 de parfum unic\u0103 pentru femei, care \u00eentruchipeaz\u0103 pasiunea \u0219i armonia a dou\u0103 suflete \u00eenrudite. Acest parfum seduc\u0103tor \u00ee\u0219i atrage inspira\u021bia din iconicul panettone italian, care se reflect\u0103 \u00een compozi\u021bia sa delicioas\u0103 \u0219i irezistibil\u0103. Notele de deschidere \u00eenc\u00e2nt\u0103 cu aroma dulce de l\u0103m\u00e2ie confiat\u0103, \u00een timp...\" \/>\n<meta property=\"og:url\" content=\"https:\/\/shopatoa.com\/ro\/dolce-gabbana-dolce-gabbana-devotion-edp-100-ml-edp-10-ml-edp-5-ml-2\/\" \/>\n<meta property=\"og:site_name\" content=\"SHOPATOA\" \/>\n<meta property=\"article:modified_time\" content=\"2025-05-21T19:00:54+00:00\" \/>\n<meta property=\"og:image\" content=\"https:\/\/storage.googleapis.com\/cz-shopatoa-img\/ro\/6fee77fb-unnamed-file.webp\" \/>\n\t<meta property=\"og:image:width\" content=\"800\" \/>\n\t<meta property=\"og:image:height\" content=\"800\" \/>\n\t<meta property=\"og:image:type\" content=\"image\/webp\" \/>\n<meta name=\"twitter:card\" content=\"summary_large_image\" \/>\n<meta name=\"twitter:label1\" content=\"Timp estimat pentru citire\" \/>\n\t<meta name=\"twitter:data1\" content=\"1 minut\" \/>\n<script type=\"application\/ld+json\" class=\"yoast-schema-graph\">{\"@context\":\"https:\\\/\\\/schema.org\",\"@graph\":[{\"@type\":\"WebPage\",\"@id\":\"https:\\\/\\\/shopatoa.com\\\/ro\\\/dolce-gabbana-dolce-gabbana-devotion-edp-100-ml-edp-10-ml-edp-5-ml-2\\\/\",\"url\":\"https:\\\/\\\/shopatoa.com\\\/ro\\\/dolce-gabbana-dolce-gabbana-devotion-edp-100-ml-edp-10-ml-edp-5-ml-2\\\/\",\"name\":\"Dolce & Gabbana Dolce & Gabbana Devotion - EDP 100 ml + EDP 10 ml + EDP 5 ml - SHOPATOA.COM\",\"isPartOf\":{\"@id\":\"https:\\\/\\\/shopatoa.com\\\/ro\\\/#website\"},\"primaryImageOfPage\":{\"@id\":\"https:\\\/\\\/shopatoa.com\\\/ro\\\/dolce-gabbana-dolce-gabbana-devotion-edp-100-ml-edp-10-ml-edp-5-ml-2\\\/#primaryimage\"},\"image\":{\"@id\":\"https:\\\/\\\/shopatoa.com\\\/ro\\\/dolce-gabbana-dolce-gabbana-devotion-edp-100-ml-edp-10-ml-edp-5-ml-2\\\/#primaryimage\"},\"thumbnailUrl\":\"https:\\\/\\\/storage.googleapis.com\\\/cz-shopatoa-img\\\/ro\\\/6fee77fb-unnamed-file.webp\",\"datePublished\":\"2025-05-21T19:00:20+00:00\",\"dateModified\":\"2025-05-21T19:00:54+00:00\",\"breadcrumb\":{\"@id\":\"https:\\\/\\\/shopatoa.com\\\/ro\\\/dolce-gabbana-dolce-gabbana-devotion-edp-100-ml-edp-10-ml-edp-5-ml-2\\\/#breadcrumb\"},\"inLanguage\":\"ro-RO\",\"potentialAction\":[{\"@type\":\"ReadAction\",\"target\":[\"https:\\\/\\\/shopatoa.com\\\/ro\\\/dolce-gabbana-dolce-gabbana-devotion-edp-100-ml-edp-10-ml-edp-5-ml-2\\\/\"]}]},{\"@type\":\"ImageObject\",\"inLanguage\":\"ro-RO\",\"@id\":\"https:\\\/\\\/shopatoa.com\\\/ro\\\/dolce-gabbana-dolce-gabbana-devotion-edp-100-ml-edp-10-ml-edp-5-ml-2\\\/#primaryimage\",\"url\":\"https:\\\/\\\/storage.googleapis.com\\\/cz-shopatoa-img\\\/ro\\\/6fee77fb-unnamed-file.webp\",\"contentUrl\":\"https:\\\/\\\/storage.googleapis.com\\\/cz-shopatoa-img\\\/ro\\\/6fee77fb-unnamed-file.webp\",\"width\":800,\"height\":800},{\"@type\":\"BreadcrumbList\",\"@id\":\"https:\\\/\\\/shopatoa.com\\\/ro\\\/dolce-gabbana-dolce-gabbana-devotion-edp-100-ml-edp-10-ml-edp-5-ml-2\\\/#breadcrumb\",\"itemListElement\":[{\"@type\":\"ListItem\",\"position\":1,\"name\":\"Dom\u016f\",\"item\":\"https:\\\/\\\/shopatoa.com\\\/ro\\\/\"},{\"@type\":\"ListItem\",\"position\":2,\"name\":\"Shop\",\"item\":\"https:\\\/\\\/shopatoa.com\\\/ro\\\/shop\\\/\"},{\"@type\":\"ListItem\",\"position\":3,\"name\":\"Dolce &#038; Gabbana Dolce &#038; Gabbana Devotion &#8211; EDP 100 ml + EDP 10 ml + EDP 5 ml\"}]},{\"@type\":\"WebSite\",\"@id\":\"https:\\\/\\\/shopatoa.com\\\/ro\\\/#website\",\"url\":\"https:\\\/\\\/shopatoa.com\\\/ro\\\/\",\"name\":\"SHOPATOA\",\"description\":\"\",\"publisher\":{\"@id\":\"https:\\\/\\\/shopatoa.com\\\/ro\\\/#organization\"},\"potentialAction\":[{\"@type\":\"SearchAction\",\"target\":{\"@type\":\"EntryPoint\",\"urlTemplate\":\"https:\\\/\\\/shopatoa.com\\\/ro\\\/?s={search_term_string}\"},\"query-input\":{\"@type\":\"PropertyValueSpecification\",\"valueRequired\":true,\"valueName\":\"search_term_string\"}}],\"inLanguage\":\"ro-RO\"},{\"@type\":\"Organization\",\"@id\":\"https:\\\/\\\/shopatoa.com\\\/ro\\\/#organization\",\"name\":\"SHOPATOA\",\"url\":\"https:\\\/\\\/shopatoa.com\\\/ro\\\/\",\"logo\":{\"@type\":\"ImageObject\",\"inLanguage\":\"ro-RO\",\"@id\":\"https:\\\/\\\/shopatoa.com\\\/ro\\\/#\\\/schema\\\/logo\\\/image\\\/\",\"url\":\"https:\\\/\\\/storage.googleapis.com\\\/cz-shopatoa-img\\\/ro\\\/b4dac915-shopatoa_logo.png\",\"contentUrl\":\"https:\\\/\\\/storage.googleapis.com\\\/cz-shopatoa-img\\\/ro\\\/b4dac915-shopatoa_logo.png\",\"width\":416,\"height\":63,\"caption\":\"SHOPATOA\"},\"image\":{\"@id\":\"https:\\\/\\\/shopatoa.com\\\/ro\\\/#\\\/schema\\\/logo\\\/image\\\/\"}}]}<\/script>\n<!-- \/ Yoast SEO plugin. -->","yoast_head_json":{"title":"Dolce & Gabbana Dolce & Gabbana Devotion - EDP 100 ml + EDP 10 ml + EDP 5 ml - SHOPATOA.COM","robots":{"index":"index","follow":"follow","max-snippet":"max-snippet:-1","max-image-preview":"max-image-preview:large","max-video-preview":"max-video-preview:-1"},"canonical":"https:\/\/shopatoa.com\/ro\/dolce-gabbana-dolce-gabbana-devotion-edp-100-ml-edp-10-ml-edp-5-ml-2\/","og_locale":"ro_RO","og_type":"article","og_title":"Dolce & Gabbana Dolce & Gabbana Devotion - EDP 100 ml + EDP 10 ml + EDP 5 ml - SHOPATOA.COM","og_description":"Devotion de la marca Dolce &#038; Gabbana este o ap\u0103 de parfum unic\u0103 pentru femei, care \u00eentruchipeaz\u0103 pasiunea \u0219i armonia a dou\u0103 suflete \u00eenrudite. Acest parfum seduc\u0103tor \u00ee\u0219i atrage inspira\u021bia din iconicul panettone italian, care se reflect\u0103 \u00een compozi\u021bia sa delicioas\u0103 \u0219i irezistibil\u0103. Notele de deschidere \u00eenc\u00e2nt\u0103 cu aroma dulce de l\u0103m\u00e2ie confiat\u0103, \u00een timp...","og_url":"https:\/\/shopatoa.com\/ro\/dolce-gabbana-dolce-gabbana-devotion-edp-100-ml-edp-10-ml-edp-5-ml-2\/","og_site_name":"SHOPATOA","article_modified_time":"2025-05-21T19:00:54+00:00","og_image":[{"width":800,"height":800,"url":"https:\/\/storage.googleapis.com\/cz-shopatoa-img\/ro\/6fee77fb-unnamed-file.webp","type":"image\/webp"}],"twitter_card":"summary_large_image","twitter_misc":{"Timp estimat pentru citire":"1 minut"},"schema":{"@context":"https:\/\/schema.org","@graph":[{"@type":"WebPage","@id":"https:\/\/shopatoa.com\/ro\/dolce-gabbana-dolce-gabbana-devotion-edp-100-ml-edp-10-ml-edp-5-ml-2\/","url":"https:\/\/shopatoa.com\/ro\/dolce-gabbana-dolce-gabbana-devotion-edp-100-ml-edp-10-ml-edp-5-ml-2\/","name":"Dolce & Gabbana Dolce & Gabbana Devotion - EDP 100 ml + EDP 10 ml + EDP 5 ml - SHOPATOA.COM","isPartOf":{"@id":"https:\/\/shopatoa.com\/ro\/#website"},"primaryImageOfPage":{"@id":"https:\/\/shopatoa.com\/ro\/dolce-gabbana-dolce-gabbana-devotion-edp-100-ml-edp-10-ml-edp-5-ml-2\/#primaryimage"},"image":{"@id":"https:\/\/shopatoa.com\/ro\/dolce-gabbana-dolce-gabbana-devotion-edp-100-ml-edp-10-ml-edp-5-ml-2\/#primaryimage"},"thumbnailUrl":"https:\/\/storage.googleapis.com\/cz-shopatoa-img\/ro\/6fee77fb-unnamed-file.webp","datePublished":"2025-05-21T19:00:20+00:00","dateModified":"2025-05-21T19:00:54+00:00","breadcrumb":{"@id":"https:\/\/shopatoa.com\/ro\/dolce-gabbana-dolce-gabbana-devotion-edp-100-ml-edp-10-ml-edp-5-ml-2\/#breadcrumb"},"inLanguage":"ro-RO","potentialAction":[{"@type":"ReadAction","target":["https:\/\/shopatoa.com\/ro\/dolce-gabbana-dolce-gabbana-devotion-edp-100-ml-edp-10-ml-edp-5-ml-2\/"]}]},{"@type":"ImageObject","inLanguage":"ro-RO","@id":"https:\/\/shopatoa.com\/ro\/dolce-gabbana-dolce-gabbana-devotion-edp-100-ml-edp-10-ml-edp-5-ml-2\/#primaryimage","url":"https:\/\/storage.googleapis.com\/cz-shopatoa-img\/ro\/6fee77fb-unnamed-file.webp","contentUrl":"https:\/\/storage.googleapis.com\/cz-shopatoa-img\/ro\/6fee77fb-unnamed-file.webp","width":800,"height":800},{"@type":"BreadcrumbList","@id":"https:\/\/shopatoa.com\/ro\/dolce-gabbana-dolce-gabbana-devotion-edp-100-ml-edp-10-ml-edp-5-ml-2\/#breadcrumb","itemListElement":[{"@type":"ListItem","position":1,"name":"Dom\u016f","item":"https:\/\/shopatoa.com\/ro\/"},{"@type":"ListItem","position":2,"name":"Shop","item":"https:\/\/shopatoa.com\/ro\/shop\/"},{"@type":"ListItem","position":3,"name":"Dolce &#038; Gabbana Dolce &#038; Gabbana Devotion &#8211; EDP 100 ml + EDP 10 ml + EDP 5 ml"}]},{"@type":"WebSite","@id":"https:\/\/shopatoa.com\/ro\/#website","url":"https:\/\/shopatoa.com\/ro\/","name":"SHOPATOA","description":"","publisher":{"@id":"https:\/\/shopatoa.com\/ro\/#organization"},"potentialAction":[{"@type":"SearchAction","target":{"@type":"EntryPoint","urlTemplate":"https:\/\/shopatoa.com\/ro\/?s={search_term_string}"},"query-input":{"@type":"PropertyValueSpecification","valueRequired":true,"valueName":"search_term_string"}}],"inLanguage":"ro-RO"},{"@type":"Organization","@id":"https:\/\/shopatoa.com\/ro\/#organization","name":"SHOPATOA","url":"https:\/\/shopatoa.com\/ro\/","logo":{"@type":"ImageObject","inLanguage":"ro-RO","@id":"https:\/\/shopatoa.com\/ro\/#\/schema\/logo\/image\/","url":"https:\/\/storage.googleapis.com\/cz-shopatoa-img\/ro\/b4dac915-shopatoa_logo.png","contentUrl":"https:\/\/storage.googleapis.com\/cz-shopatoa-img\/ro\/b4dac915-shopatoa_logo.png","width":416,"height":63,"caption":"SHOPATOA"},"image":{"@id":"https:\/\/shopatoa.com\/ro\/#\/schema\/logo\/image\/"}}]}},"_links":{"self":[{"href":"https:\/\/shopatoa.com\/ro\/wp-json\/wp\/v2\/product\/363843","targetHints":{"allow":["GET"]}}],"collection":[{"href":"https:\/\/shopatoa.com\/ro\/wp-json\/wp\/v2\/product"}],"about":[{"href":"https:\/\/shopatoa.com\/ro\/wp-json\/wp\/v2\/types\/product"}],"replies":[{"embeddable":true,"href":"https:\/\/shopatoa.com\/ro\/wp-json\/wp\/v2\/comments?post=363843"}],"wp:featuredmedia":[{"embeddable":true,"href":"https:\/\/shopatoa.com\/ro\/wp-json\/wp\/v2\/media\/363844"}],"wp:attachment":[{"href":"https:\/\/shopatoa.com\/ro\/wp-json\/wp\/v2\/media?parent=363843"}],"wp:term":[{"taxonomy":"product_brand","embeddable":true,"href":"https:\/\/shopatoa.com\/ro\/wp-json\/wp\/v2\/product_brand?post=363843"},{"taxonomy":"product_cat","embeddable":true,"href":"https:\/\/shopatoa.com\/ro\/wp-json\/wp\/v2\/product_cat?post=363843"},{"taxonomy":"product_tag","embeddable":true,"href":"https:\/\/shopatoa.com\/ro\/wp-json\/wp\/v2\/product_tag?post=363843"}],"curies":[{"name":"wp","href":"https:\/\/api.w.org\/{rel}","templated":true}]}}