{"id":364013,"date":"2025-05-21T21:07:31","date_gmt":"2025-05-21T19:07:31","guid":{"rendered":"https:\/\/shopatoa.com\/ro\/grace-cole-set-cadou-pentru-ingrijirea-mainilor-lavanda-2-buc-2\/"},"modified":"2025-05-21T21:08:51","modified_gmt":"2025-05-21T19:08:51","slug":"grace-cole-set-cadou-pentru-ingrijirea-mainilor-lavanda-2-buc-2","status":"publish","type":"product","link":"https:\/\/shopatoa.com\/ro\/grace-cole-set-cadou-pentru-ingrijirea-mainilor-lavanda-2-buc-2\/","title":{"rendered":"Grace Cole Set cadou pentru \u00eengrijirea m\u00e2inilor Lavand\u0103 2 buc"},"content":{"rendered":"<p>Setul con\u021bine: S\u0103pun lichid 400 ml Crem\u0103 de m\u00e2ini 400 ml S\u0103pun lichid S\u0103punul bl\u00e2nd cur\u0103\u021b\u0103 delicat pielea f\u0103r\u0103 uscare nepl\u0103cut\u0103. Las\u0103 m\u00e2inile moi \u0219i pl\u0103cut parfumate. Utilizare: Aplica\u021bi pe m\u00e2inile umede, spuma\u021bi \u0219i cl\u0103ti\u021bi bine. Crem\u0103 de m\u00e2ini Crem\u0103 hr\u0103nitoare va oferi pielii hidratarea necesar\u0103 \u0219i u\u0219urarea senza\u021biei de usc\u0103ciune. O las\u0103 moale, supl\u0103 \u0219i pl\u0103cut parfumat\u0103. Utilizare: Aplica\u021bi pe pielea uscat\u0103 \u0219i curat\u0103, masa\u021bi p\u00e2n\u0103 la absorb\u021bie. Lavand\u0103 Mirosul relaxant \u0219i calmant al lavandei are efecte benefice asupra corpului \u0219i min\u021bii. Ajut\u0103 la relaxare \u0219i la reducerea stresului. F\u0103r\u0103 parabeni, siliconi \u0219i ftala\u021bi Vegan \u0219i Cruelty free<\/p>\n","protected":false},"excerpt":{"rendered":"<p>Setul con\u021bine: S\u0103pun lichid 400 ml Crem\u0103 de m\u00e2ini 400 ml S\u0103pun lichid S\u0103punul bl\u00e2nd cur\u0103\u021b\u0103 delicat pielea f\u0103r\u0103 uscare nepl\u0103cut\u0103. Las\u0103 m\u00e2inile moi \u0219i pl\u0103cut parfumate. Utilizare: Aplica\u021bi pe m\u00e2inile umede, spuma\u021bi \u0219i cl\u0103ti\u021bi bine. Crem\u0103 de m\u00e2ini Crem\u0103 hr\u0103nitoare va oferi pielii hidratarea necesar\u0103 \u0219i u\u0219urarea senza\u021biei de usc\u0103ciune. O las\u0103 moale, supl\u0103&#8230;<\/p>\n","protected":false},"featured_media":364014,"comment_status":"closed","ping_status":"open","template":"","meta":{"_acf_changed":false,"_kadence_starter_templates_imported_post":false,"_kad_post_transparent":"","_kad_post_title":"","_kad_post_layout":"","_kad_post_sidebar_id":"","_kad_post_content_style":"","_kad_post_vertical_padding":"","_kad_post_feature":"","_kad_post_feature_position":"","_kad_post_header":false,"_kad_post_footer":false,"_kad_post_classname":""},"product_brand":[984],"product_cat":[246,679,611],"product_tag":[],"class_list":{"0":"post-364013","1":"product","2":"type-product","3":"status-publish","4":"has-post-thumbnail","6":"product_brand-grace-cole","7":"product_cat-cosmetice","8":"product_cat-cosmetice-pentru-ingrijirea-mainilor","9":"product_cat-produse-cosmetice-pentru-corp","11":"first","12":"instock","13":"product-type-external","14":"entry","15":"content-bg","16":"loop-entry"},"acf":[],"yoast_head":"<!-- This site is optimized with the Yoast SEO plugin v27.4 - https:\/\/yoast.com\/product\/yoast-seo-wordpress\/ -->\n<title>Grace Cole Set cadou pentru \u00eengrijirea m\u00e2inilor Lavand\u0103 2 buc - SHOPATOA.COM<\/title>\n<meta name=\"robots\" content=\"index, follow, max-snippet:-1, max-image-preview:large, max-video-preview:-1\" \/>\n<link rel=\"canonical\" href=\"https:\/\/shopatoa.com\/ro\/grace-cole-set-cadou-pentru-ingrijirea-mainilor-lavanda-2-buc-2\/\" \/>\n<meta property=\"og:locale\" content=\"ro_RO\" \/>\n<meta property=\"og:type\" content=\"article\" \/>\n<meta property=\"og:title\" content=\"Grace Cole Set cadou pentru \u00eengrijirea m\u00e2inilor Lavand\u0103 2 buc - SHOPATOA.COM\" \/>\n<meta property=\"og:description\" content=\"Setul con\u021bine: S\u0103pun lichid 400 ml Crem\u0103 de m\u00e2ini 400 ml S\u0103pun lichid S\u0103punul bl\u00e2nd cur\u0103\u021b\u0103 delicat pielea f\u0103r\u0103 uscare nepl\u0103cut\u0103. Las\u0103 m\u00e2inile moi \u0219i pl\u0103cut parfumate. Utilizare: Aplica\u021bi pe m\u00e2inile umede, spuma\u021bi \u0219i cl\u0103ti\u021bi bine. Crem\u0103 de m\u00e2ini Crem\u0103 hr\u0103nitoare va oferi pielii hidratarea necesar\u0103 \u0219i u\u0219urarea senza\u021biei de usc\u0103ciune. O las\u0103 moale, supl\u0103...\" \/>\n<meta property=\"og:url\" content=\"https:\/\/shopatoa.com\/ro\/grace-cole-set-cadou-pentru-ingrijirea-mainilor-lavanda-2-buc-2\/\" \/>\n<meta property=\"og:site_name\" content=\"SHOPATOA\" \/>\n<meta property=\"article:modified_time\" content=\"2025-05-21T19:08:51+00:00\" \/>\n<meta property=\"og:image\" content=\"https:\/\/storage.googleapis.com\/cz-shopatoa-img\/ro\/eba36d82-unnamed-file.webp\" \/>\n\t<meta property=\"og:image:width\" content=\"800\" \/>\n\t<meta property=\"og:image:height\" content=\"800\" \/>\n\t<meta property=\"og:image:type\" content=\"image\/webp\" \/>\n<meta name=\"twitter:card\" content=\"summary_large_image\" \/>\n<meta name=\"twitter:label1\" content=\"Timp estimat pentru citire\" \/>\n\t<meta name=\"twitter:data1\" content=\"1 minut\" \/>\n<script type=\"application\/ld+json\" class=\"yoast-schema-graph\">{\"@context\":\"https:\\\/\\\/schema.org\",\"@graph\":[{\"@type\":\"WebPage\",\"@id\":\"https:\\\/\\\/shopatoa.com\\\/ro\\\/grace-cole-set-cadou-pentru-ingrijirea-mainilor-lavanda-2-buc-2\\\/\",\"url\":\"https:\\\/\\\/shopatoa.com\\\/ro\\\/grace-cole-set-cadou-pentru-ingrijirea-mainilor-lavanda-2-buc-2\\\/\",\"name\":\"Grace Cole Set cadou pentru \u00eengrijirea m\u00e2inilor Lavand\u0103 2 buc - SHOPATOA.COM\",\"isPartOf\":{\"@id\":\"https:\\\/\\\/shopatoa.com\\\/ro\\\/#website\"},\"primaryImageOfPage\":{\"@id\":\"https:\\\/\\\/shopatoa.com\\\/ro\\\/grace-cole-set-cadou-pentru-ingrijirea-mainilor-lavanda-2-buc-2\\\/#primaryimage\"},\"image\":{\"@id\":\"https:\\\/\\\/shopatoa.com\\\/ro\\\/grace-cole-set-cadou-pentru-ingrijirea-mainilor-lavanda-2-buc-2\\\/#primaryimage\"},\"thumbnailUrl\":\"https:\\\/\\\/storage.googleapis.com\\\/cz-shopatoa-img\\\/ro\\\/eba36d82-unnamed-file.webp\",\"datePublished\":\"2025-05-21T19:07:31+00:00\",\"dateModified\":\"2025-05-21T19:08:51+00:00\",\"breadcrumb\":{\"@id\":\"https:\\\/\\\/shopatoa.com\\\/ro\\\/grace-cole-set-cadou-pentru-ingrijirea-mainilor-lavanda-2-buc-2\\\/#breadcrumb\"},\"inLanguage\":\"ro-RO\",\"potentialAction\":[{\"@type\":\"ReadAction\",\"target\":[\"https:\\\/\\\/shopatoa.com\\\/ro\\\/grace-cole-set-cadou-pentru-ingrijirea-mainilor-lavanda-2-buc-2\\\/\"]}]},{\"@type\":\"ImageObject\",\"inLanguage\":\"ro-RO\",\"@id\":\"https:\\\/\\\/shopatoa.com\\\/ro\\\/grace-cole-set-cadou-pentru-ingrijirea-mainilor-lavanda-2-buc-2\\\/#primaryimage\",\"url\":\"https:\\\/\\\/storage.googleapis.com\\\/cz-shopatoa-img\\\/ro\\\/eba36d82-unnamed-file.webp\",\"contentUrl\":\"https:\\\/\\\/storage.googleapis.com\\\/cz-shopatoa-img\\\/ro\\\/eba36d82-unnamed-file.webp\",\"width\":800,\"height\":800},{\"@type\":\"BreadcrumbList\",\"@id\":\"https:\\\/\\\/shopatoa.com\\\/ro\\\/grace-cole-set-cadou-pentru-ingrijirea-mainilor-lavanda-2-buc-2\\\/#breadcrumb\",\"itemListElement\":[{\"@type\":\"ListItem\",\"position\":1,\"name\":\"Dom\u016f\",\"item\":\"https:\\\/\\\/shopatoa.com\\\/ro\\\/\"},{\"@type\":\"ListItem\",\"position\":2,\"name\":\"Shop\",\"item\":\"https:\\\/\\\/shopatoa.com\\\/ro\\\/shop\\\/\"},{\"@type\":\"ListItem\",\"position\":3,\"name\":\"Grace Cole Set cadou pentru \u00eengrijirea m\u00e2inilor Lavand\u0103 2 buc\"}]},{\"@type\":\"WebSite\",\"@id\":\"https:\\\/\\\/shopatoa.com\\\/ro\\\/#website\",\"url\":\"https:\\\/\\\/shopatoa.com\\\/ro\\\/\",\"name\":\"SHOPATOA\",\"description\":\"\",\"publisher\":{\"@id\":\"https:\\\/\\\/shopatoa.com\\\/ro\\\/#organization\"},\"potentialAction\":[{\"@type\":\"SearchAction\",\"target\":{\"@type\":\"EntryPoint\",\"urlTemplate\":\"https:\\\/\\\/shopatoa.com\\\/ro\\\/?s={search_term_string}\"},\"query-input\":{\"@type\":\"PropertyValueSpecification\",\"valueRequired\":true,\"valueName\":\"search_term_string\"}}],\"inLanguage\":\"ro-RO\"},{\"@type\":\"Organization\",\"@id\":\"https:\\\/\\\/shopatoa.com\\\/ro\\\/#organization\",\"name\":\"SHOPATOA\",\"url\":\"https:\\\/\\\/shopatoa.com\\\/ro\\\/\",\"logo\":{\"@type\":\"ImageObject\",\"inLanguage\":\"ro-RO\",\"@id\":\"https:\\\/\\\/shopatoa.com\\\/ro\\\/#\\\/schema\\\/logo\\\/image\\\/\",\"url\":\"https:\\\/\\\/storage.googleapis.com\\\/cz-shopatoa-img\\\/ro\\\/b4dac915-shopatoa_logo.png\",\"contentUrl\":\"https:\\\/\\\/storage.googleapis.com\\\/cz-shopatoa-img\\\/ro\\\/b4dac915-shopatoa_logo.png\",\"width\":416,\"height\":63,\"caption\":\"SHOPATOA\"},\"image\":{\"@id\":\"https:\\\/\\\/shopatoa.com\\\/ro\\\/#\\\/schema\\\/logo\\\/image\\\/\"}}]}<\/script>\n<!-- \/ Yoast SEO plugin. -->","yoast_head_json":{"title":"Grace Cole Set cadou pentru \u00eengrijirea m\u00e2inilor Lavand\u0103 2 buc - SHOPATOA.COM","robots":{"index":"index","follow":"follow","max-snippet":"max-snippet:-1","max-image-preview":"max-image-preview:large","max-video-preview":"max-video-preview:-1"},"canonical":"https:\/\/shopatoa.com\/ro\/grace-cole-set-cadou-pentru-ingrijirea-mainilor-lavanda-2-buc-2\/","og_locale":"ro_RO","og_type":"article","og_title":"Grace Cole Set cadou pentru \u00eengrijirea m\u00e2inilor Lavand\u0103 2 buc - SHOPATOA.COM","og_description":"Setul con\u021bine: S\u0103pun lichid 400 ml Crem\u0103 de m\u00e2ini 400 ml S\u0103pun lichid S\u0103punul bl\u00e2nd cur\u0103\u021b\u0103 delicat pielea f\u0103r\u0103 uscare nepl\u0103cut\u0103. Las\u0103 m\u00e2inile moi \u0219i pl\u0103cut parfumate. Utilizare: Aplica\u021bi pe m\u00e2inile umede, spuma\u021bi \u0219i cl\u0103ti\u021bi bine. Crem\u0103 de m\u00e2ini Crem\u0103 hr\u0103nitoare va oferi pielii hidratarea necesar\u0103 \u0219i u\u0219urarea senza\u021biei de usc\u0103ciune. O las\u0103 moale, supl\u0103...","og_url":"https:\/\/shopatoa.com\/ro\/grace-cole-set-cadou-pentru-ingrijirea-mainilor-lavanda-2-buc-2\/","og_site_name":"SHOPATOA","article_modified_time":"2025-05-21T19:08:51+00:00","og_image":[{"width":800,"height":800,"url":"https:\/\/storage.googleapis.com\/cz-shopatoa-img\/ro\/eba36d82-unnamed-file.webp","type":"image\/webp"}],"twitter_card":"summary_large_image","twitter_misc":{"Timp estimat pentru citire":"1 minut"},"schema":{"@context":"https:\/\/schema.org","@graph":[{"@type":"WebPage","@id":"https:\/\/shopatoa.com\/ro\/grace-cole-set-cadou-pentru-ingrijirea-mainilor-lavanda-2-buc-2\/","url":"https:\/\/shopatoa.com\/ro\/grace-cole-set-cadou-pentru-ingrijirea-mainilor-lavanda-2-buc-2\/","name":"Grace Cole Set cadou pentru \u00eengrijirea m\u00e2inilor Lavand\u0103 2 buc - SHOPATOA.COM","isPartOf":{"@id":"https:\/\/shopatoa.com\/ro\/#website"},"primaryImageOfPage":{"@id":"https:\/\/shopatoa.com\/ro\/grace-cole-set-cadou-pentru-ingrijirea-mainilor-lavanda-2-buc-2\/#primaryimage"},"image":{"@id":"https:\/\/shopatoa.com\/ro\/grace-cole-set-cadou-pentru-ingrijirea-mainilor-lavanda-2-buc-2\/#primaryimage"},"thumbnailUrl":"https:\/\/storage.googleapis.com\/cz-shopatoa-img\/ro\/eba36d82-unnamed-file.webp","datePublished":"2025-05-21T19:07:31+00:00","dateModified":"2025-05-21T19:08:51+00:00","breadcrumb":{"@id":"https:\/\/shopatoa.com\/ro\/grace-cole-set-cadou-pentru-ingrijirea-mainilor-lavanda-2-buc-2\/#breadcrumb"},"inLanguage":"ro-RO","potentialAction":[{"@type":"ReadAction","target":["https:\/\/shopatoa.com\/ro\/grace-cole-set-cadou-pentru-ingrijirea-mainilor-lavanda-2-buc-2\/"]}]},{"@type":"ImageObject","inLanguage":"ro-RO","@id":"https:\/\/shopatoa.com\/ro\/grace-cole-set-cadou-pentru-ingrijirea-mainilor-lavanda-2-buc-2\/#primaryimage","url":"https:\/\/storage.googleapis.com\/cz-shopatoa-img\/ro\/eba36d82-unnamed-file.webp","contentUrl":"https:\/\/storage.googleapis.com\/cz-shopatoa-img\/ro\/eba36d82-unnamed-file.webp","width":800,"height":800},{"@type":"BreadcrumbList","@id":"https:\/\/shopatoa.com\/ro\/grace-cole-set-cadou-pentru-ingrijirea-mainilor-lavanda-2-buc-2\/#breadcrumb","itemListElement":[{"@type":"ListItem","position":1,"name":"Dom\u016f","item":"https:\/\/shopatoa.com\/ro\/"},{"@type":"ListItem","position":2,"name":"Shop","item":"https:\/\/shopatoa.com\/ro\/shop\/"},{"@type":"ListItem","position":3,"name":"Grace Cole Set cadou pentru \u00eengrijirea m\u00e2inilor Lavand\u0103 2 buc"}]},{"@type":"WebSite","@id":"https:\/\/shopatoa.com\/ro\/#website","url":"https:\/\/shopatoa.com\/ro\/","name":"SHOPATOA","description":"","publisher":{"@id":"https:\/\/shopatoa.com\/ro\/#organization"},"potentialAction":[{"@type":"SearchAction","target":{"@type":"EntryPoint","urlTemplate":"https:\/\/shopatoa.com\/ro\/?s={search_term_string}"},"query-input":{"@type":"PropertyValueSpecification","valueRequired":true,"valueName":"search_term_string"}}],"inLanguage":"ro-RO"},{"@type":"Organization","@id":"https:\/\/shopatoa.com\/ro\/#organization","name":"SHOPATOA","url":"https:\/\/shopatoa.com\/ro\/","logo":{"@type":"ImageObject","inLanguage":"ro-RO","@id":"https:\/\/shopatoa.com\/ro\/#\/schema\/logo\/image\/","url":"https:\/\/storage.googleapis.com\/cz-shopatoa-img\/ro\/b4dac915-shopatoa_logo.png","contentUrl":"https:\/\/storage.googleapis.com\/cz-shopatoa-img\/ro\/b4dac915-shopatoa_logo.png","width":416,"height":63,"caption":"SHOPATOA"},"image":{"@id":"https:\/\/shopatoa.com\/ro\/#\/schema\/logo\/image\/"}}]}},"_links":{"self":[{"href":"https:\/\/shopatoa.com\/ro\/wp-json\/wp\/v2\/product\/364013","targetHints":{"allow":["GET"]}}],"collection":[{"href":"https:\/\/shopatoa.com\/ro\/wp-json\/wp\/v2\/product"}],"about":[{"href":"https:\/\/shopatoa.com\/ro\/wp-json\/wp\/v2\/types\/product"}],"replies":[{"embeddable":true,"href":"https:\/\/shopatoa.com\/ro\/wp-json\/wp\/v2\/comments?post=364013"}],"wp:featuredmedia":[{"embeddable":true,"href":"https:\/\/shopatoa.com\/ro\/wp-json\/wp\/v2\/media\/364014"}],"wp:attachment":[{"href":"https:\/\/shopatoa.com\/ro\/wp-json\/wp\/v2\/media?parent=364013"}],"wp:term":[{"taxonomy":"product_brand","embeddable":true,"href":"https:\/\/shopatoa.com\/ro\/wp-json\/wp\/v2\/product_brand?post=364013"},{"taxonomy":"product_cat","embeddable":true,"href":"https:\/\/shopatoa.com\/ro\/wp-json\/wp\/v2\/product_cat?post=364013"},{"taxonomy":"product_tag","embeddable":true,"href":"https:\/\/shopatoa.com\/ro\/wp-json\/wp\/v2\/product_tag?post=364013"}],"curies":[{"name":"wp","href":"https:\/\/api.w.org\/{rel}","templated":true}]}}