{"id":364017,"date":"2025-05-21T21:07:31","date_gmt":"2025-05-21T19:07:31","guid":{"rendered":"https:\/\/shopatoa.com\/ro\/grace-cole-set-cadou-pentru-ingrijirea-corpului-cu-sticla-cu-apa-fierbinte-prajituri-de-craciun-si-vanilie-4-buc-2\/"},"modified":"2025-05-21T21:08:59","modified_gmt":"2025-05-21T19:08:59","slug":"grace-cole-set-cadou-pentru-ingrijirea-corpului-cu-sticla-cu-apa-fierbinte-prajituri-de-craciun-si-vanilie-4-buc-2","status":"publish","type":"product","link":"https:\/\/shopatoa.com\/ro\/grace-cole-set-cadou-pentru-ingrijirea-corpului-cu-sticla-cu-apa-fierbinte-prajituri-de-craciun-si-vanilie-4-buc-2\/","title":{"rendered":"Grace Cole Set cadou pentru \u00eengrijirea corpului cu sticl\u0103 cu ap\u0103 fierbinte Pr\u0103jituri de Cr\u0103ciun \u0219i Vanilie 4 buc"},"content":{"rendered":"<p>Setul con\u021bine: M\u0103rgele de baie 80 g Crem\u0103 de m\u00e2ini 50 ml Crem\u0103 de corp 50 ml Sticl\u0103 cu apa calda 1 buc M\u0103rgele de baie Perlele parfumate adaug\u0103 o nou\u0103 dimensiune b\u0103ii, parfumeaz\u0103 minunat \u00eentreaga baie \u0219i las\u0103 pielea moale \u0219i neted\u0103. Utilizare: Se toarn\u0103 \u00eentr-o baie de ap\u0103 cald\u0103. Crem\u0103 de m\u00e2ini Crema hr\u0103nitoare ofer\u0103 m\u00e2inilor \u00eengrijirea \u0219i hidratarea necesar\u0103. Las\u0103 m\u00e2inile moi \u0219i suple. Utilizare: Aplica\u021bi pe m\u00e2inile uscate \u0219i curate, se maseaz\u0103 p\u00e2n\u0103 la absorb\u021bie. Crem\u0103 de corp Crem\u0103 hr\u0103nitoare va oferi pielii hidratarea necesar\u0103 \u0219i u\u0219urarea senza\u021biei de usc\u0103ciune. O las\u0103 moale, supl\u0103 \u0219i pl\u0103cut parfumat\u0103. Utilizare: Aplica\u021bi pe pielea curat\u0103 \u0219i uscat\u0103, masa\u021bi u\u0219or p\u00e2n\u0103 c\u00e2nd crema se absoarbe. Termofor Un minunat suport de \u00eenc\u0103lzire moale \u0219i blan\u0103, ofer\u0103 confort atunci c\u00e2nd \u00eenc\u0103lzi\u021bi zonele cu probleme. Pr\u0103jituri de Cr\u0103ciun \u0219i vanilie Aroma unic\u0103 de bomboane de alune \u0219i vanilie dulce creeaz\u0103 o atmosfer\u0103 pl\u0103cut\u0103 de s\u0103rb\u0103toare. Colec\u021bia cu tematic\u0103 de Cr\u0103ciun combin\u0103 folia aurie cu ro\u0219u, alb \u0219i gri tipic de Cr\u0103ciun. Nu consuma\u021bi produsul. Evita\u021bi contactul cu ochii, evita\u021bi zona ochilor. \u00centrerupe\u021bi utilizarea la orice semn de iritare. F\u0103r\u0103 parabeni, siliconi \u0219i ftala\u021bi Vegan \u0219i Cruelty free<\/p>\n","protected":false},"excerpt":{"rendered":"<p>Setul con\u021bine: M\u0103rgele de baie 80 g Crem\u0103 de m\u00e2ini 50 ml Crem\u0103 de corp 50 ml Sticl\u0103 cu apa calda 1 buc M\u0103rgele de baie Perlele parfumate adaug\u0103 o nou\u0103 dimensiune b\u0103ii, parfumeaz\u0103 minunat \u00eentreaga baie \u0219i las\u0103 pielea moale \u0219i neted\u0103. Utilizare: Se toarn\u0103 \u00eentr-o baie de ap\u0103 cald\u0103. Crem\u0103 de m\u00e2ini Crema&#8230;<\/p>\n","protected":false},"featured_media":364018,"comment_status":"closed","ping_status":"open","template":"","meta":{"_acf_changed":false,"_kadence_starter_templates_imported_post":false,"_kad_post_transparent":"","_kad_post_title":"","_kad_post_layout":"","_kad_post_sidebar_id":"","_kad_post_content_style":"","_kad_post_vertical_padding":"","_kad_post_feature":"","_kad_post_feature_position":"","_kad_post_header":false,"_kad_post_footer":false,"_kad_post_classname":""},"product_brand":[984],"product_cat":[246,641,611],"product_tag":[],"class_list":{"0":"post-364017","1":"product","2":"type-product","3":"status-publish","4":"has-post-thumbnail","6":"product_brand-grace-cole","7":"product_cat-cosmetice","8":"product_cat-cosmetice-pentru-dus-si-baie","9":"product_cat-produse-cosmetice-pentru-corp","11":"first","12":"instock","13":"product-type-external","14":"entry","15":"content-bg","16":"loop-entry"},"acf":[],"yoast_head":"<!-- This site is optimized with the Yoast SEO plugin v27.4 - https:\/\/yoast.com\/product\/yoast-seo-wordpress\/ -->\n<title>Grace Cole Set cadou pentru \u00eengrijirea corpului cu sticl\u0103 cu ap\u0103 fierbinte Pr\u0103jituri de Cr\u0103ciun \u0219i Vanilie 4 buc - SHOPATOA.COM<\/title>\n<meta name=\"robots\" content=\"index, follow, max-snippet:-1, max-image-preview:large, max-video-preview:-1\" \/>\n<link rel=\"canonical\" href=\"https:\/\/shopatoa.com\/ro\/grace-cole-set-cadou-pentru-ingrijirea-corpului-cu-sticla-cu-apa-fierbinte-prajituri-de-craciun-si-vanilie-4-buc-2\/\" \/>\n<meta property=\"og:locale\" content=\"ro_RO\" \/>\n<meta property=\"og:type\" content=\"article\" \/>\n<meta property=\"og:title\" content=\"Grace Cole Set cadou pentru \u00eengrijirea corpului cu sticl\u0103 cu ap\u0103 fierbinte Pr\u0103jituri de Cr\u0103ciun \u0219i Vanilie 4 buc - SHOPATOA.COM\" \/>\n<meta property=\"og:description\" content=\"Setul con\u021bine: M\u0103rgele de baie 80 g Crem\u0103 de m\u00e2ini 50 ml Crem\u0103 de corp 50 ml Sticl\u0103 cu apa calda 1 buc M\u0103rgele de baie Perlele parfumate adaug\u0103 o nou\u0103 dimensiune b\u0103ii, parfumeaz\u0103 minunat \u00eentreaga baie \u0219i las\u0103 pielea moale \u0219i neted\u0103. Utilizare: Se toarn\u0103 \u00eentr-o baie de ap\u0103 cald\u0103. Crem\u0103 de m\u00e2ini Crema...\" \/>\n<meta property=\"og:url\" content=\"https:\/\/shopatoa.com\/ro\/grace-cole-set-cadou-pentru-ingrijirea-corpului-cu-sticla-cu-apa-fierbinte-prajituri-de-craciun-si-vanilie-4-buc-2\/\" \/>\n<meta property=\"og:site_name\" content=\"SHOPATOA\" \/>\n<meta property=\"article:modified_time\" content=\"2025-05-21T19:08:59+00:00\" \/>\n<meta property=\"og:image\" content=\"https:\/\/storage.googleapis.com\/cz-shopatoa-img\/ro\/aeccd627-unnamed-file.webp\" \/>\n\t<meta property=\"og:image:width\" content=\"800\" \/>\n\t<meta property=\"og:image:height\" content=\"800\" \/>\n\t<meta property=\"og:image:type\" content=\"image\/webp\" \/>\n<meta name=\"twitter:card\" content=\"summary_large_image\" \/>\n<meta name=\"twitter:label1\" content=\"Timp estimat pentru citire\" \/>\n\t<meta name=\"twitter:data1\" content=\"1 minut\" \/>\n<script type=\"application\/ld+json\" class=\"yoast-schema-graph\">{\"@context\":\"https:\\\/\\\/schema.org\",\"@graph\":[{\"@type\":\"WebPage\",\"@id\":\"https:\\\/\\\/shopatoa.com\\\/ro\\\/grace-cole-set-cadou-pentru-ingrijirea-corpului-cu-sticla-cu-apa-fierbinte-prajituri-de-craciun-si-vanilie-4-buc-2\\\/\",\"url\":\"https:\\\/\\\/shopatoa.com\\\/ro\\\/grace-cole-set-cadou-pentru-ingrijirea-corpului-cu-sticla-cu-apa-fierbinte-prajituri-de-craciun-si-vanilie-4-buc-2\\\/\",\"name\":\"Grace Cole Set cadou pentru \u00eengrijirea corpului cu sticl\u0103 cu ap\u0103 fierbinte Pr\u0103jituri de Cr\u0103ciun \u0219i Vanilie 4 buc - SHOPATOA.COM\",\"isPartOf\":{\"@id\":\"https:\\\/\\\/shopatoa.com\\\/ro\\\/#website\"},\"primaryImageOfPage\":{\"@id\":\"https:\\\/\\\/shopatoa.com\\\/ro\\\/grace-cole-set-cadou-pentru-ingrijirea-corpului-cu-sticla-cu-apa-fierbinte-prajituri-de-craciun-si-vanilie-4-buc-2\\\/#primaryimage\"},\"image\":{\"@id\":\"https:\\\/\\\/shopatoa.com\\\/ro\\\/grace-cole-set-cadou-pentru-ingrijirea-corpului-cu-sticla-cu-apa-fierbinte-prajituri-de-craciun-si-vanilie-4-buc-2\\\/#primaryimage\"},\"thumbnailUrl\":\"https:\\\/\\\/storage.googleapis.com\\\/cz-shopatoa-img\\\/ro\\\/aeccd627-unnamed-file.webp\",\"datePublished\":\"2025-05-21T19:07:31+00:00\",\"dateModified\":\"2025-05-21T19:08:59+00:00\",\"breadcrumb\":{\"@id\":\"https:\\\/\\\/shopatoa.com\\\/ro\\\/grace-cole-set-cadou-pentru-ingrijirea-corpului-cu-sticla-cu-apa-fierbinte-prajituri-de-craciun-si-vanilie-4-buc-2\\\/#breadcrumb\"},\"inLanguage\":\"ro-RO\",\"potentialAction\":[{\"@type\":\"ReadAction\",\"target\":[\"https:\\\/\\\/shopatoa.com\\\/ro\\\/grace-cole-set-cadou-pentru-ingrijirea-corpului-cu-sticla-cu-apa-fierbinte-prajituri-de-craciun-si-vanilie-4-buc-2\\\/\"]}]},{\"@type\":\"ImageObject\",\"inLanguage\":\"ro-RO\",\"@id\":\"https:\\\/\\\/shopatoa.com\\\/ro\\\/grace-cole-set-cadou-pentru-ingrijirea-corpului-cu-sticla-cu-apa-fierbinte-prajituri-de-craciun-si-vanilie-4-buc-2\\\/#primaryimage\",\"url\":\"https:\\\/\\\/storage.googleapis.com\\\/cz-shopatoa-img\\\/ro\\\/aeccd627-unnamed-file.webp\",\"contentUrl\":\"https:\\\/\\\/storage.googleapis.com\\\/cz-shopatoa-img\\\/ro\\\/aeccd627-unnamed-file.webp\",\"width\":800,\"height\":800},{\"@type\":\"BreadcrumbList\",\"@id\":\"https:\\\/\\\/shopatoa.com\\\/ro\\\/grace-cole-set-cadou-pentru-ingrijirea-corpului-cu-sticla-cu-apa-fierbinte-prajituri-de-craciun-si-vanilie-4-buc-2\\\/#breadcrumb\",\"itemListElement\":[{\"@type\":\"ListItem\",\"position\":1,\"name\":\"Dom\u016f\",\"item\":\"https:\\\/\\\/shopatoa.com\\\/ro\\\/\"},{\"@type\":\"ListItem\",\"position\":2,\"name\":\"Shop\",\"item\":\"https:\\\/\\\/shopatoa.com\\\/ro\\\/shop\\\/\"},{\"@type\":\"ListItem\",\"position\":3,\"name\":\"Grace Cole Set cadou pentru \u00eengrijirea corpului cu sticl\u0103 cu ap\u0103 fierbinte Pr\u0103jituri de Cr\u0103ciun \u0219i Vanilie 4 buc\"}]},{\"@type\":\"WebSite\",\"@id\":\"https:\\\/\\\/shopatoa.com\\\/ro\\\/#website\",\"url\":\"https:\\\/\\\/shopatoa.com\\\/ro\\\/\",\"name\":\"SHOPATOA\",\"description\":\"\",\"publisher\":{\"@id\":\"https:\\\/\\\/shopatoa.com\\\/ro\\\/#organization\"},\"potentialAction\":[{\"@type\":\"SearchAction\",\"target\":{\"@type\":\"EntryPoint\",\"urlTemplate\":\"https:\\\/\\\/shopatoa.com\\\/ro\\\/?s={search_term_string}\"},\"query-input\":{\"@type\":\"PropertyValueSpecification\",\"valueRequired\":true,\"valueName\":\"search_term_string\"}}],\"inLanguage\":\"ro-RO\"},{\"@type\":\"Organization\",\"@id\":\"https:\\\/\\\/shopatoa.com\\\/ro\\\/#organization\",\"name\":\"SHOPATOA\",\"url\":\"https:\\\/\\\/shopatoa.com\\\/ro\\\/\",\"logo\":{\"@type\":\"ImageObject\",\"inLanguage\":\"ro-RO\",\"@id\":\"https:\\\/\\\/shopatoa.com\\\/ro\\\/#\\\/schema\\\/logo\\\/image\\\/\",\"url\":\"https:\\\/\\\/storage.googleapis.com\\\/cz-shopatoa-img\\\/ro\\\/b4dac915-shopatoa_logo.png\",\"contentUrl\":\"https:\\\/\\\/storage.googleapis.com\\\/cz-shopatoa-img\\\/ro\\\/b4dac915-shopatoa_logo.png\",\"width\":416,\"height\":63,\"caption\":\"SHOPATOA\"},\"image\":{\"@id\":\"https:\\\/\\\/shopatoa.com\\\/ro\\\/#\\\/schema\\\/logo\\\/image\\\/\"}}]}<\/script>\n<!-- \/ Yoast SEO plugin. -->","yoast_head_json":{"title":"Grace Cole Set cadou pentru \u00eengrijirea corpului cu sticl\u0103 cu ap\u0103 fierbinte Pr\u0103jituri de Cr\u0103ciun \u0219i Vanilie 4 buc - SHOPATOA.COM","robots":{"index":"index","follow":"follow","max-snippet":"max-snippet:-1","max-image-preview":"max-image-preview:large","max-video-preview":"max-video-preview:-1"},"canonical":"https:\/\/shopatoa.com\/ro\/grace-cole-set-cadou-pentru-ingrijirea-corpului-cu-sticla-cu-apa-fierbinte-prajituri-de-craciun-si-vanilie-4-buc-2\/","og_locale":"ro_RO","og_type":"article","og_title":"Grace Cole Set cadou pentru \u00eengrijirea corpului cu sticl\u0103 cu ap\u0103 fierbinte Pr\u0103jituri de Cr\u0103ciun \u0219i Vanilie 4 buc - SHOPATOA.COM","og_description":"Setul con\u021bine: M\u0103rgele de baie 80 g Crem\u0103 de m\u00e2ini 50 ml Crem\u0103 de corp 50 ml Sticl\u0103 cu apa calda 1 buc M\u0103rgele de baie Perlele parfumate adaug\u0103 o nou\u0103 dimensiune b\u0103ii, parfumeaz\u0103 minunat \u00eentreaga baie \u0219i las\u0103 pielea moale \u0219i neted\u0103. Utilizare: Se toarn\u0103 \u00eentr-o baie de ap\u0103 cald\u0103. Crem\u0103 de m\u00e2ini Crema...","og_url":"https:\/\/shopatoa.com\/ro\/grace-cole-set-cadou-pentru-ingrijirea-corpului-cu-sticla-cu-apa-fierbinte-prajituri-de-craciun-si-vanilie-4-buc-2\/","og_site_name":"SHOPATOA","article_modified_time":"2025-05-21T19:08:59+00:00","og_image":[{"width":800,"height":800,"url":"https:\/\/storage.googleapis.com\/cz-shopatoa-img\/ro\/aeccd627-unnamed-file.webp","type":"image\/webp"}],"twitter_card":"summary_large_image","twitter_misc":{"Timp estimat pentru citire":"1 minut"},"schema":{"@context":"https:\/\/schema.org","@graph":[{"@type":"WebPage","@id":"https:\/\/shopatoa.com\/ro\/grace-cole-set-cadou-pentru-ingrijirea-corpului-cu-sticla-cu-apa-fierbinte-prajituri-de-craciun-si-vanilie-4-buc-2\/","url":"https:\/\/shopatoa.com\/ro\/grace-cole-set-cadou-pentru-ingrijirea-corpului-cu-sticla-cu-apa-fierbinte-prajituri-de-craciun-si-vanilie-4-buc-2\/","name":"Grace Cole Set cadou pentru \u00eengrijirea corpului cu sticl\u0103 cu ap\u0103 fierbinte Pr\u0103jituri de Cr\u0103ciun \u0219i Vanilie 4 buc - SHOPATOA.COM","isPartOf":{"@id":"https:\/\/shopatoa.com\/ro\/#website"},"primaryImageOfPage":{"@id":"https:\/\/shopatoa.com\/ro\/grace-cole-set-cadou-pentru-ingrijirea-corpului-cu-sticla-cu-apa-fierbinte-prajituri-de-craciun-si-vanilie-4-buc-2\/#primaryimage"},"image":{"@id":"https:\/\/shopatoa.com\/ro\/grace-cole-set-cadou-pentru-ingrijirea-corpului-cu-sticla-cu-apa-fierbinte-prajituri-de-craciun-si-vanilie-4-buc-2\/#primaryimage"},"thumbnailUrl":"https:\/\/storage.googleapis.com\/cz-shopatoa-img\/ro\/aeccd627-unnamed-file.webp","datePublished":"2025-05-21T19:07:31+00:00","dateModified":"2025-05-21T19:08:59+00:00","breadcrumb":{"@id":"https:\/\/shopatoa.com\/ro\/grace-cole-set-cadou-pentru-ingrijirea-corpului-cu-sticla-cu-apa-fierbinte-prajituri-de-craciun-si-vanilie-4-buc-2\/#breadcrumb"},"inLanguage":"ro-RO","potentialAction":[{"@type":"ReadAction","target":["https:\/\/shopatoa.com\/ro\/grace-cole-set-cadou-pentru-ingrijirea-corpului-cu-sticla-cu-apa-fierbinte-prajituri-de-craciun-si-vanilie-4-buc-2\/"]}]},{"@type":"ImageObject","inLanguage":"ro-RO","@id":"https:\/\/shopatoa.com\/ro\/grace-cole-set-cadou-pentru-ingrijirea-corpului-cu-sticla-cu-apa-fierbinte-prajituri-de-craciun-si-vanilie-4-buc-2\/#primaryimage","url":"https:\/\/storage.googleapis.com\/cz-shopatoa-img\/ro\/aeccd627-unnamed-file.webp","contentUrl":"https:\/\/storage.googleapis.com\/cz-shopatoa-img\/ro\/aeccd627-unnamed-file.webp","width":800,"height":800},{"@type":"BreadcrumbList","@id":"https:\/\/shopatoa.com\/ro\/grace-cole-set-cadou-pentru-ingrijirea-corpului-cu-sticla-cu-apa-fierbinte-prajituri-de-craciun-si-vanilie-4-buc-2\/#breadcrumb","itemListElement":[{"@type":"ListItem","position":1,"name":"Dom\u016f","item":"https:\/\/shopatoa.com\/ro\/"},{"@type":"ListItem","position":2,"name":"Shop","item":"https:\/\/shopatoa.com\/ro\/shop\/"},{"@type":"ListItem","position":3,"name":"Grace Cole Set cadou pentru \u00eengrijirea corpului cu sticl\u0103 cu ap\u0103 fierbinte Pr\u0103jituri de Cr\u0103ciun \u0219i Vanilie 4 buc"}]},{"@type":"WebSite","@id":"https:\/\/shopatoa.com\/ro\/#website","url":"https:\/\/shopatoa.com\/ro\/","name":"SHOPATOA","description":"","publisher":{"@id":"https:\/\/shopatoa.com\/ro\/#organization"},"potentialAction":[{"@type":"SearchAction","target":{"@type":"EntryPoint","urlTemplate":"https:\/\/shopatoa.com\/ro\/?s={search_term_string}"},"query-input":{"@type":"PropertyValueSpecification","valueRequired":true,"valueName":"search_term_string"}}],"inLanguage":"ro-RO"},{"@type":"Organization","@id":"https:\/\/shopatoa.com\/ro\/#organization","name":"SHOPATOA","url":"https:\/\/shopatoa.com\/ro\/","logo":{"@type":"ImageObject","inLanguage":"ro-RO","@id":"https:\/\/shopatoa.com\/ro\/#\/schema\/logo\/image\/","url":"https:\/\/storage.googleapis.com\/cz-shopatoa-img\/ro\/b4dac915-shopatoa_logo.png","contentUrl":"https:\/\/storage.googleapis.com\/cz-shopatoa-img\/ro\/b4dac915-shopatoa_logo.png","width":416,"height":63,"caption":"SHOPATOA"},"image":{"@id":"https:\/\/shopatoa.com\/ro\/#\/schema\/logo\/image\/"}}]}},"_links":{"self":[{"href":"https:\/\/shopatoa.com\/ro\/wp-json\/wp\/v2\/product\/364017","targetHints":{"allow":["GET"]}}],"collection":[{"href":"https:\/\/shopatoa.com\/ro\/wp-json\/wp\/v2\/product"}],"about":[{"href":"https:\/\/shopatoa.com\/ro\/wp-json\/wp\/v2\/types\/product"}],"replies":[{"embeddable":true,"href":"https:\/\/shopatoa.com\/ro\/wp-json\/wp\/v2\/comments?post=364017"}],"wp:featuredmedia":[{"embeddable":true,"href":"https:\/\/shopatoa.com\/ro\/wp-json\/wp\/v2\/media\/364018"}],"wp:attachment":[{"href":"https:\/\/shopatoa.com\/ro\/wp-json\/wp\/v2\/media?parent=364017"}],"wp:term":[{"taxonomy":"product_brand","embeddable":true,"href":"https:\/\/shopatoa.com\/ro\/wp-json\/wp\/v2\/product_brand?post=364017"},{"taxonomy":"product_cat","embeddable":true,"href":"https:\/\/shopatoa.com\/ro\/wp-json\/wp\/v2\/product_cat?post=364017"},{"taxonomy":"product_tag","embeddable":true,"href":"https:\/\/shopatoa.com\/ro\/wp-json\/wp\/v2\/product_tag?post=364017"}],"curies":[{"name":"wp","href":"https:\/\/api.w.org\/{rel}","templated":true}]}}