{"id":364086,"date":"2025-05-21T21:10:51","date_gmt":"2025-05-21T19:10:51","guid":{"rendered":"https:\/\/shopatoa.com\/ro\/yankee-candle-lumanare-aromatica-signature-tumbler-pahar-mare-watercolour-skies-567-g-2\/"},"modified":"2025-05-21T21:11:56","modified_gmt":"2025-05-21T19:11:56","slug":"yankee-candle-lumanare-aromatica-signature-tumbler-pahar-mare-watercolour-skies-567-g-2","status":"publish","type":"product","link":"https:\/\/shopatoa.com\/ro\/yankee-candle-lumanare-aromatica-signature-tumbler-pahar-mare-watercolour-skies-567-g-2\/","title":{"rendered":"Yankee Candle Lum\u00e2nare aromatic\u0103 Signature tumbler pahar mare Watercolour Skies 567 g"},"content":{"rendered":"<p>Nuan\u021be fascinante ale cerului, parc\u0103 pictate cu acuarele. Armonia sofisticat\u0103 a parfumului de ca\u0219mir, iasomie \u0219i mosc. Dou\u0103 fitiluri din bumbac \u0219i amestecul de cea mai \u00eenalt\u0103 calitate de cear\u0103 de soia asigur\u0103 o ardere uniform\u0103 \u0219i v\u0103 \u00eenv\u0103luie interiorul cu parfum. Etichetele ilustrate manual \u0219i culorile vii de cear\u0103 reflect\u0103 perfect parfumul lum\u00e2n\u0103rii date. Capacul pentru lum\u00e2nare poate fi folosit \u0219i ca suport. Compozi\u021bia parfumului: cap: l\u0103m\u00e2ie proasp\u0103t culese, arpagic inflorit, inima: iasomie la miezul nop\u021bii, balsam parfumat, acord de ca\u0219mir, baz\u0103: vanilie lini\u0219titoare, boabe de tonka, r\u0103\u0219in\u0103 moale, mosc care creeaz\u0103 dependen\u021b\u0103.<\/p>\n","protected":false},"excerpt":{"rendered":"<p>Nuan\u021be fascinante ale cerului, parc\u0103 pictate cu acuarele. Armonia sofisticat\u0103 a parfumului de ca\u0219mir, iasomie \u0219i mosc. Dou\u0103 fitiluri din bumbac \u0219i amestecul de cea mai \u00eenalt\u0103 calitate de cear\u0103 de soia asigur\u0103 o ardere uniform\u0103 \u0219i v\u0103 \u00eenv\u0103luie interiorul cu parfum. Etichetele ilustrate manual \u0219i culorile vii de cear\u0103 reflect\u0103 perfect parfumul lum\u00e2n\u0103rii date&#8230;.<\/p>\n","protected":false},"featured_media":364088,"comment_status":"closed","ping_status":"open","template":"","meta":{"_acf_changed":false,"_kadence_starter_templates_imported_post":false,"_kad_post_transparent":"","_kad_post_title":"","_kad_post_layout":"","_kad_post_sidebar_id":"","_kad_post_content_style":"","_kad_post_vertical_padding":"","_kad_post_feature":"","_kad_post_feature_position":"","_kad_post_header":false,"_kad_post_footer":false,"_kad_post_classname":""},"product_brand":[149],"product_cat":[246,656,655,654],"product_tag":[],"class_list":{"0":"post-364086","1":"product","2":"type-product","3":"status-publish","4":"has-post-thumbnail","6":"product_brand-yankee-candle","7":"product_cat-cosmetice","8":"product_cat-lumanari-decorative-si-in-sticla","9":"product_cat-lumanari-parfumate","10":"product_cat-lumanari-parfumate-si-arome","12":"first","13":"instock","14":"product-type-external","15":"entry","16":"content-bg","17":"loop-entry"},"acf":[],"yoast_head":"<!-- This site is optimized with the Yoast SEO plugin v27.4 - https:\/\/yoast.com\/product\/yoast-seo-wordpress\/ -->\n<title>Yankee Candle Lum\u00e2nare aromatic\u0103 Signature tumbler pahar mare Watercolour Skies 567 g - SHOPATOA.COM<\/title>\n<meta name=\"robots\" content=\"index, follow, max-snippet:-1, max-image-preview:large, max-video-preview:-1\" \/>\n<link rel=\"canonical\" href=\"https:\/\/shopatoa.com\/ro\/yankee-candle-lumanare-aromatica-signature-tumbler-pahar-mare-watercolour-skies-567-g-2\/\" \/>\n<meta property=\"og:locale\" content=\"ro_RO\" \/>\n<meta property=\"og:type\" content=\"article\" \/>\n<meta property=\"og:title\" content=\"Yankee Candle Lum\u00e2nare aromatic\u0103 Signature tumbler pahar mare Watercolour Skies 567 g - SHOPATOA.COM\" \/>\n<meta property=\"og:description\" content=\"Nuan\u021be fascinante ale cerului, parc\u0103 pictate cu acuarele. Armonia sofisticat\u0103 a parfumului de ca\u0219mir, iasomie \u0219i mosc. Dou\u0103 fitiluri din bumbac \u0219i amestecul de cea mai \u00eenalt\u0103 calitate de cear\u0103 de soia asigur\u0103 o ardere uniform\u0103 \u0219i v\u0103 \u00eenv\u0103luie interiorul cu parfum. Etichetele ilustrate manual \u0219i culorile vii de cear\u0103 reflect\u0103 perfect parfumul lum\u00e2n\u0103rii date....\" \/>\n<meta property=\"og:url\" content=\"https:\/\/shopatoa.com\/ro\/yankee-candle-lumanare-aromatica-signature-tumbler-pahar-mare-watercolour-skies-567-g-2\/\" \/>\n<meta property=\"og:site_name\" content=\"SHOPATOA\" \/>\n<meta property=\"article:modified_time\" content=\"2025-05-21T19:11:56+00:00\" \/>\n<meta property=\"og:image\" content=\"https:\/\/storage.googleapis.com\/cz-shopatoa-img\/ro\/7ccc18de-unnamed-file.webp\" \/>\n\t<meta property=\"og:image:width\" content=\"800\" \/>\n\t<meta property=\"og:image:height\" content=\"800\" \/>\n\t<meta property=\"og:image:type\" content=\"image\/webp\" \/>\n<meta name=\"twitter:card\" content=\"summary_large_image\" \/>\n<meta name=\"twitter:label1\" content=\"Timp estimat pentru citire\" \/>\n\t<meta name=\"twitter:data1\" content=\"1 minut\" \/>\n<script type=\"application\/ld+json\" class=\"yoast-schema-graph\">{\"@context\":\"https:\\\/\\\/schema.org\",\"@graph\":[{\"@type\":\"WebPage\",\"@id\":\"https:\\\/\\\/shopatoa.com\\\/ro\\\/yankee-candle-lumanare-aromatica-signature-tumbler-pahar-mare-watercolour-skies-567-g-2\\\/\",\"url\":\"https:\\\/\\\/shopatoa.com\\\/ro\\\/yankee-candle-lumanare-aromatica-signature-tumbler-pahar-mare-watercolour-skies-567-g-2\\\/\",\"name\":\"Yankee Candle Lum\u00e2nare aromatic\u0103 Signature tumbler pahar mare Watercolour Skies 567 g - SHOPATOA.COM\",\"isPartOf\":{\"@id\":\"https:\\\/\\\/shopatoa.com\\\/ro\\\/#website\"},\"primaryImageOfPage\":{\"@id\":\"https:\\\/\\\/shopatoa.com\\\/ro\\\/yankee-candle-lumanare-aromatica-signature-tumbler-pahar-mare-watercolour-skies-567-g-2\\\/#primaryimage\"},\"image\":{\"@id\":\"https:\\\/\\\/shopatoa.com\\\/ro\\\/yankee-candle-lumanare-aromatica-signature-tumbler-pahar-mare-watercolour-skies-567-g-2\\\/#primaryimage\"},\"thumbnailUrl\":\"https:\\\/\\\/storage.googleapis.com\\\/cz-shopatoa-img\\\/ro\\\/7ccc18de-unnamed-file.webp\",\"datePublished\":\"2025-05-21T19:10:51+00:00\",\"dateModified\":\"2025-05-21T19:11:56+00:00\",\"breadcrumb\":{\"@id\":\"https:\\\/\\\/shopatoa.com\\\/ro\\\/yankee-candle-lumanare-aromatica-signature-tumbler-pahar-mare-watercolour-skies-567-g-2\\\/#breadcrumb\"},\"inLanguage\":\"ro-RO\",\"potentialAction\":[{\"@type\":\"ReadAction\",\"target\":[\"https:\\\/\\\/shopatoa.com\\\/ro\\\/yankee-candle-lumanare-aromatica-signature-tumbler-pahar-mare-watercolour-skies-567-g-2\\\/\"]}]},{\"@type\":\"ImageObject\",\"inLanguage\":\"ro-RO\",\"@id\":\"https:\\\/\\\/shopatoa.com\\\/ro\\\/yankee-candle-lumanare-aromatica-signature-tumbler-pahar-mare-watercolour-skies-567-g-2\\\/#primaryimage\",\"url\":\"https:\\\/\\\/storage.googleapis.com\\\/cz-shopatoa-img\\\/ro\\\/7ccc18de-unnamed-file.webp\",\"contentUrl\":\"https:\\\/\\\/storage.googleapis.com\\\/cz-shopatoa-img\\\/ro\\\/7ccc18de-unnamed-file.webp\",\"width\":800,\"height\":800},{\"@type\":\"BreadcrumbList\",\"@id\":\"https:\\\/\\\/shopatoa.com\\\/ro\\\/yankee-candle-lumanare-aromatica-signature-tumbler-pahar-mare-watercolour-skies-567-g-2\\\/#breadcrumb\",\"itemListElement\":[{\"@type\":\"ListItem\",\"position\":1,\"name\":\"Dom\u016f\",\"item\":\"https:\\\/\\\/shopatoa.com\\\/ro\\\/\"},{\"@type\":\"ListItem\",\"position\":2,\"name\":\"Shop\",\"item\":\"https:\\\/\\\/shopatoa.com\\\/ro\\\/shop\\\/\"},{\"@type\":\"ListItem\",\"position\":3,\"name\":\"Yankee Candle Lum\u00e2nare aromatic\u0103 Signature tumbler pahar mare Watercolour Skies 567 g\"}]},{\"@type\":\"WebSite\",\"@id\":\"https:\\\/\\\/shopatoa.com\\\/ro\\\/#website\",\"url\":\"https:\\\/\\\/shopatoa.com\\\/ro\\\/\",\"name\":\"SHOPATOA\",\"description\":\"\",\"publisher\":{\"@id\":\"https:\\\/\\\/shopatoa.com\\\/ro\\\/#organization\"},\"potentialAction\":[{\"@type\":\"SearchAction\",\"target\":{\"@type\":\"EntryPoint\",\"urlTemplate\":\"https:\\\/\\\/shopatoa.com\\\/ro\\\/?s={search_term_string}\"},\"query-input\":{\"@type\":\"PropertyValueSpecification\",\"valueRequired\":true,\"valueName\":\"search_term_string\"}}],\"inLanguage\":\"ro-RO\"},{\"@type\":\"Organization\",\"@id\":\"https:\\\/\\\/shopatoa.com\\\/ro\\\/#organization\",\"name\":\"SHOPATOA\",\"url\":\"https:\\\/\\\/shopatoa.com\\\/ro\\\/\",\"logo\":{\"@type\":\"ImageObject\",\"inLanguage\":\"ro-RO\",\"@id\":\"https:\\\/\\\/shopatoa.com\\\/ro\\\/#\\\/schema\\\/logo\\\/image\\\/\",\"url\":\"https:\\\/\\\/storage.googleapis.com\\\/cz-shopatoa-img\\\/ro\\\/b4dac915-shopatoa_logo.png\",\"contentUrl\":\"https:\\\/\\\/storage.googleapis.com\\\/cz-shopatoa-img\\\/ro\\\/b4dac915-shopatoa_logo.png\",\"width\":416,\"height\":63,\"caption\":\"SHOPATOA\"},\"image\":{\"@id\":\"https:\\\/\\\/shopatoa.com\\\/ro\\\/#\\\/schema\\\/logo\\\/image\\\/\"}}]}<\/script>\n<!-- \/ Yoast SEO plugin. -->","yoast_head_json":{"title":"Yankee Candle Lum\u00e2nare aromatic\u0103 Signature tumbler pahar mare Watercolour Skies 567 g - SHOPATOA.COM","robots":{"index":"index","follow":"follow","max-snippet":"max-snippet:-1","max-image-preview":"max-image-preview:large","max-video-preview":"max-video-preview:-1"},"canonical":"https:\/\/shopatoa.com\/ro\/yankee-candle-lumanare-aromatica-signature-tumbler-pahar-mare-watercolour-skies-567-g-2\/","og_locale":"ro_RO","og_type":"article","og_title":"Yankee Candle Lum\u00e2nare aromatic\u0103 Signature tumbler pahar mare Watercolour Skies 567 g - SHOPATOA.COM","og_description":"Nuan\u021be fascinante ale cerului, parc\u0103 pictate cu acuarele. Armonia sofisticat\u0103 a parfumului de ca\u0219mir, iasomie \u0219i mosc. Dou\u0103 fitiluri din bumbac \u0219i amestecul de cea mai \u00eenalt\u0103 calitate de cear\u0103 de soia asigur\u0103 o ardere uniform\u0103 \u0219i v\u0103 \u00eenv\u0103luie interiorul cu parfum. Etichetele ilustrate manual \u0219i culorile vii de cear\u0103 reflect\u0103 perfect parfumul lum\u00e2n\u0103rii date....","og_url":"https:\/\/shopatoa.com\/ro\/yankee-candle-lumanare-aromatica-signature-tumbler-pahar-mare-watercolour-skies-567-g-2\/","og_site_name":"SHOPATOA","article_modified_time":"2025-05-21T19:11:56+00:00","og_image":[{"width":800,"height":800,"url":"https:\/\/storage.googleapis.com\/cz-shopatoa-img\/ro\/7ccc18de-unnamed-file.webp","type":"image\/webp"}],"twitter_card":"summary_large_image","twitter_misc":{"Timp estimat pentru citire":"1 minut"},"schema":{"@context":"https:\/\/schema.org","@graph":[{"@type":"WebPage","@id":"https:\/\/shopatoa.com\/ro\/yankee-candle-lumanare-aromatica-signature-tumbler-pahar-mare-watercolour-skies-567-g-2\/","url":"https:\/\/shopatoa.com\/ro\/yankee-candle-lumanare-aromatica-signature-tumbler-pahar-mare-watercolour-skies-567-g-2\/","name":"Yankee Candle Lum\u00e2nare aromatic\u0103 Signature tumbler pahar mare Watercolour Skies 567 g - SHOPATOA.COM","isPartOf":{"@id":"https:\/\/shopatoa.com\/ro\/#website"},"primaryImageOfPage":{"@id":"https:\/\/shopatoa.com\/ro\/yankee-candle-lumanare-aromatica-signature-tumbler-pahar-mare-watercolour-skies-567-g-2\/#primaryimage"},"image":{"@id":"https:\/\/shopatoa.com\/ro\/yankee-candle-lumanare-aromatica-signature-tumbler-pahar-mare-watercolour-skies-567-g-2\/#primaryimage"},"thumbnailUrl":"https:\/\/storage.googleapis.com\/cz-shopatoa-img\/ro\/7ccc18de-unnamed-file.webp","datePublished":"2025-05-21T19:10:51+00:00","dateModified":"2025-05-21T19:11:56+00:00","breadcrumb":{"@id":"https:\/\/shopatoa.com\/ro\/yankee-candle-lumanare-aromatica-signature-tumbler-pahar-mare-watercolour-skies-567-g-2\/#breadcrumb"},"inLanguage":"ro-RO","potentialAction":[{"@type":"ReadAction","target":["https:\/\/shopatoa.com\/ro\/yankee-candle-lumanare-aromatica-signature-tumbler-pahar-mare-watercolour-skies-567-g-2\/"]}]},{"@type":"ImageObject","inLanguage":"ro-RO","@id":"https:\/\/shopatoa.com\/ro\/yankee-candle-lumanare-aromatica-signature-tumbler-pahar-mare-watercolour-skies-567-g-2\/#primaryimage","url":"https:\/\/storage.googleapis.com\/cz-shopatoa-img\/ro\/7ccc18de-unnamed-file.webp","contentUrl":"https:\/\/storage.googleapis.com\/cz-shopatoa-img\/ro\/7ccc18de-unnamed-file.webp","width":800,"height":800},{"@type":"BreadcrumbList","@id":"https:\/\/shopatoa.com\/ro\/yankee-candle-lumanare-aromatica-signature-tumbler-pahar-mare-watercolour-skies-567-g-2\/#breadcrumb","itemListElement":[{"@type":"ListItem","position":1,"name":"Dom\u016f","item":"https:\/\/shopatoa.com\/ro\/"},{"@type":"ListItem","position":2,"name":"Shop","item":"https:\/\/shopatoa.com\/ro\/shop\/"},{"@type":"ListItem","position":3,"name":"Yankee Candle Lum\u00e2nare aromatic\u0103 Signature tumbler pahar mare Watercolour Skies 567 g"}]},{"@type":"WebSite","@id":"https:\/\/shopatoa.com\/ro\/#website","url":"https:\/\/shopatoa.com\/ro\/","name":"SHOPATOA","description":"","publisher":{"@id":"https:\/\/shopatoa.com\/ro\/#organization"},"potentialAction":[{"@type":"SearchAction","target":{"@type":"EntryPoint","urlTemplate":"https:\/\/shopatoa.com\/ro\/?s={search_term_string}"},"query-input":{"@type":"PropertyValueSpecification","valueRequired":true,"valueName":"search_term_string"}}],"inLanguage":"ro-RO"},{"@type":"Organization","@id":"https:\/\/shopatoa.com\/ro\/#organization","name":"SHOPATOA","url":"https:\/\/shopatoa.com\/ro\/","logo":{"@type":"ImageObject","inLanguage":"ro-RO","@id":"https:\/\/shopatoa.com\/ro\/#\/schema\/logo\/image\/","url":"https:\/\/storage.googleapis.com\/cz-shopatoa-img\/ro\/b4dac915-shopatoa_logo.png","contentUrl":"https:\/\/storage.googleapis.com\/cz-shopatoa-img\/ro\/b4dac915-shopatoa_logo.png","width":416,"height":63,"caption":"SHOPATOA"},"image":{"@id":"https:\/\/shopatoa.com\/ro\/#\/schema\/logo\/image\/"}}]}},"_links":{"self":[{"href":"https:\/\/shopatoa.com\/ro\/wp-json\/wp\/v2\/product\/364086","targetHints":{"allow":["GET"]}}],"collection":[{"href":"https:\/\/shopatoa.com\/ro\/wp-json\/wp\/v2\/product"}],"about":[{"href":"https:\/\/shopatoa.com\/ro\/wp-json\/wp\/v2\/types\/product"}],"replies":[{"embeddable":true,"href":"https:\/\/shopatoa.com\/ro\/wp-json\/wp\/v2\/comments?post=364086"}],"wp:featuredmedia":[{"embeddable":true,"href":"https:\/\/shopatoa.com\/ro\/wp-json\/wp\/v2\/media\/364088"}],"wp:attachment":[{"href":"https:\/\/shopatoa.com\/ro\/wp-json\/wp\/v2\/media?parent=364086"}],"wp:term":[{"taxonomy":"product_brand","embeddable":true,"href":"https:\/\/shopatoa.com\/ro\/wp-json\/wp\/v2\/product_brand?post=364086"},{"taxonomy":"product_cat","embeddable":true,"href":"https:\/\/shopatoa.com\/ro\/wp-json\/wp\/v2\/product_cat?post=364086"},{"taxonomy":"product_tag","embeddable":true,"href":"https:\/\/shopatoa.com\/ro\/wp-json\/wp\/v2\/product_tag?post=364086"}],"curies":[{"name":"wp","href":"https:\/\/api.w.org\/{rel}","templated":true}]}}