{"id":364221,"date":"2025-05-21T21:17:31","date_gmt":"2025-05-21T19:17:31","guid":{"rendered":"https:\/\/shopatoa.com\/ro\/oribe-crema-hidratanta-pentru-stralucirea-parului-mediu-chiar-extra-lung-supershine-light-moisturizing-cream-150-ml-2\/"},"modified":"2025-05-21T21:17:38","modified_gmt":"2025-05-21T19:17:38","slug":"oribe-crema-hidratanta-pentru-stralucirea-parului-mediu-chiar-extra-lung-supershine-light-moisturizing-cream-150-ml-2","status":"publish","type":"product","link":"https:\/\/shopatoa.com\/ro\/oribe-crema-hidratanta-pentru-stralucirea-parului-mediu-chiar-extra-lung-supershine-light-moisturizing-cream-150-ml-2\/","title":{"rendered":"Oribe Crem\u0103 hidratant\u0103 pentru str\u0103lucirea p\u0103rului mediu chiar extra lung (Supershine Light Moisturizing Cream) 150 ml"},"content":{"rendered":"<p>Crema de lux, f\u0103r\u0103 cl\u0103tire, satisface chiar \u0219i cel mai puternic p\u0103r, elimin\u0103 \u00eencre\u021birea, hidrateaz\u0103 p\u0103rul, cre\u0219te str\u0103lucirea \u0219i red\u0103 catifelarea natural\u0103 p\u0103rului. Special conceputa pentru p\u0103rul mediu chiar extra lung. Ingrediente active: Complexul Oribe Signature (pepene verde, litchi \u0219i floarea Edelweiss) protejeaz\u0103 p\u0103rul de stresul oxidativ, foto\u00eemb\u0103tr\u00e2nire \u0219i deteriorarea keratinei naturale, toate protej\u00e2nd \u00een acela\u0219i timp \u00eempotriva efectelor de uscare, deteriorare \u0219i epuizare a culorii, extract de semin\u021be de moringa &#8211; cre\u0219te culoarea natural\u0103 \u0219i str\u0103lucirea, biopolimer de proteine din soia &#8211; elimin\u0103 \u00eencre\u021birea, proteine vegetale &#8211; ajuta parul sa retina umezeala pentru a-l proteja de coafarea termica, oferindu-i in acela\u0219i timp o str\u0103lucire ridicata si \u00eembun\u0103t\u0103\u021be\u0219te piept\u0103narea, extract de ghimbir &#8211; \u00eenmoaie \u0219i \u00eent\u0103re\u0219te p\u0103rul de la r\u0103d\u0103cini p\u00e2n\u0103 la capete, Extract de chihlimbar &#8211; un antioxidant puternic, \u00eent\u0103re\u0219te \u0219i regleaz\u0103 p\u0103rul.<\/p>\n","protected":false},"excerpt":{"rendered":"<p>Crema de lux, f\u0103r\u0103 cl\u0103tire, satisface chiar \u0219i cel mai puternic p\u0103r, elimin\u0103 \u00eencre\u021birea, hidrateaz\u0103 p\u0103rul, cre\u0219te str\u0103lucirea \u0219i red\u0103 catifelarea natural\u0103 p\u0103rului. Special conceputa pentru p\u0103rul mediu chiar extra lung. Ingrediente active: Complexul Oribe Signature (pepene verde, litchi \u0219i floarea Edelweiss) protejeaz\u0103 p\u0103rul de stresul oxidativ, foto\u00eemb\u0103tr\u00e2nire \u0219i deteriorarea keratinei naturale, toate protej\u00e2nd \u00een&#8230;<\/p>\n","protected":false},"featured_media":364222,"comment_status":"closed","ping_status":"open","template":"","meta":{"_acf_changed":false,"_kadence_starter_templates_imported_post":false,"_kad_post_transparent":"","_kad_post_title":"","_kad_post_layout":"","_kad_post_sidebar_id":"","_kad_post_content_style":"","_kad_post_vertical_padding":"","_kad_post_feature":"","_kad_post_feature_position":"","_kad_post_header":false,"_kad_post_footer":false,"_kad_post_classname":""},"product_brand":[306],"product_cat":[246,696,623],"product_tag":[],"class_list":{"0":"post-364221","1":"product","2":"type-product","3":"status-publish","4":"has-post-thumbnail","6":"product_brand-oribe","7":"product_cat-cosmetice","8":"product_cat-ingrijirea-parului-fara-clatire","9":"product_cat-produse-cosmetice-pentru-par","11":"first","12":"instock","13":"product-type-external","14":"entry","15":"content-bg","16":"loop-entry"},"acf":[],"yoast_head":"<!-- This site is optimized with the Yoast SEO plugin v27.4 - https:\/\/yoast.com\/product\/yoast-seo-wordpress\/ -->\n<title>Oribe Crem\u0103 hidratant\u0103 pentru str\u0103lucirea p\u0103rului mediu chiar extra lung (Supershine Light Moisturizing Cream) 150 ml - SHOPATOA.COM<\/title>\n<meta name=\"robots\" content=\"index, follow, max-snippet:-1, max-image-preview:large, max-video-preview:-1\" \/>\n<link rel=\"canonical\" href=\"https:\/\/shopatoa.com\/ro\/oribe-crema-hidratanta-pentru-stralucirea-parului-mediu-chiar-extra-lung-supershine-light-moisturizing-cream-150-ml-2\/\" \/>\n<meta property=\"og:locale\" content=\"ro_RO\" \/>\n<meta property=\"og:type\" content=\"article\" \/>\n<meta property=\"og:title\" content=\"Oribe Crem\u0103 hidratant\u0103 pentru str\u0103lucirea p\u0103rului mediu chiar extra lung (Supershine Light Moisturizing Cream) 150 ml - SHOPATOA.COM\" \/>\n<meta property=\"og:description\" content=\"Crema de lux, f\u0103r\u0103 cl\u0103tire, satisface chiar \u0219i cel mai puternic p\u0103r, elimin\u0103 \u00eencre\u021birea, hidrateaz\u0103 p\u0103rul, cre\u0219te str\u0103lucirea \u0219i red\u0103 catifelarea natural\u0103 p\u0103rului. Special conceputa pentru p\u0103rul mediu chiar extra lung. Ingrediente active: Complexul Oribe Signature (pepene verde, litchi \u0219i floarea Edelweiss) protejeaz\u0103 p\u0103rul de stresul oxidativ, foto\u00eemb\u0103tr\u00e2nire \u0219i deteriorarea keratinei naturale, toate protej\u00e2nd \u00een...\" \/>\n<meta property=\"og:url\" content=\"https:\/\/shopatoa.com\/ro\/oribe-crema-hidratanta-pentru-stralucirea-parului-mediu-chiar-extra-lung-supershine-light-moisturizing-cream-150-ml-2\/\" \/>\n<meta property=\"og:site_name\" content=\"SHOPATOA\" \/>\n<meta property=\"article:modified_time\" content=\"2025-05-21T19:17:38+00:00\" \/>\n<meta property=\"og:image\" content=\"https:\/\/storage.googleapis.com\/cz-shopatoa-img\/ro\/96d9380b-unnamed-file.webp\" \/>\n\t<meta property=\"og:image:width\" content=\"800\" \/>\n\t<meta property=\"og:image:height\" content=\"800\" \/>\n\t<meta property=\"og:image:type\" content=\"image\/webp\" \/>\n<meta name=\"twitter:card\" content=\"summary_large_image\" \/>\n<meta name=\"twitter:label1\" content=\"Timp estimat pentru citire\" \/>\n\t<meta name=\"twitter:data1\" content=\"1 minut\" \/>\n<script type=\"application\/ld+json\" class=\"yoast-schema-graph\">{\"@context\":\"https:\\\/\\\/schema.org\",\"@graph\":[{\"@type\":\"WebPage\",\"@id\":\"https:\\\/\\\/shopatoa.com\\\/ro\\\/oribe-crema-hidratanta-pentru-stralucirea-parului-mediu-chiar-extra-lung-supershine-light-moisturizing-cream-150-ml-2\\\/\",\"url\":\"https:\\\/\\\/shopatoa.com\\\/ro\\\/oribe-crema-hidratanta-pentru-stralucirea-parului-mediu-chiar-extra-lung-supershine-light-moisturizing-cream-150-ml-2\\\/\",\"name\":\"Oribe Crem\u0103 hidratant\u0103 pentru str\u0103lucirea p\u0103rului mediu chiar extra lung (Supershine Light Moisturizing Cream) 150 ml - SHOPATOA.COM\",\"isPartOf\":{\"@id\":\"https:\\\/\\\/shopatoa.com\\\/ro\\\/#website\"},\"primaryImageOfPage\":{\"@id\":\"https:\\\/\\\/shopatoa.com\\\/ro\\\/oribe-crema-hidratanta-pentru-stralucirea-parului-mediu-chiar-extra-lung-supershine-light-moisturizing-cream-150-ml-2\\\/#primaryimage\"},\"image\":{\"@id\":\"https:\\\/\\\/shopatoa.com\\\/ro\\\/oribe-crema-hidratanta-pentru-stralucirea-parului-mediu-chiar-extra-lung-supershine-light-moisturizing-cream-150-ml-2\\\/#primaryimage\"},\"thumbnailUrl\":\"https:\\\/\\\/storage.googleapis.com\\\/cz-shopatoa-img\\\/ro\\\/96d9380b-unnamed-file.webp\",\"datePublished\":\"2025-05-21T19:17:31+00:00\",\"dateModified\":\"2025-05-21T19:17:38+00:00\",\"breadcrumb\":{\"@id\":\"https:\\\/\\\/shopatoa.com\\\/ro\\\/oribe-crema-hidratanta-pentru-stralucirea-parului-mediu-chiar-extra-lung-supershine-light-moisturizing-cream-150-ml-2\\\/#breadcrumb\"},\"inLanguage\":\"ro-RO\",\"potentialAction\":[{\"@type\":\"ReadAction\",\"target\":[\"https:\\\/\\\/shopatoa.com\\\/ro\\\/oribe-crema-hidratanta-pentru-stralucirea-parului-mediu-chiar-extra-lung-supershine-light-moisturizing-cream-150-ml-2\\\/\"]}]},{\"@type\":\"ImageObject\",\"inLanguage\":\"ro-RO\",\"@id\":\"https:\\\/\\\/shopatoa.com\\\/ro\\\/oribe-crema-hidratanta-pentru-stralucirea-parului-mediu-chiar-extra-lung-supershine-light-moisturizing-cream-150-ml-2\\\/#primaryimage\",\"url\":\"https:\\\/\\\/storage.googleapis.com\\\/cz-shopatoa-img\\\/ro\\\/96d9380b-unnamed-file.webp\",\"contentUrl\":\"https:\\\/\\\/storage.googleapis.com\\\/cz-shopatoa-img\\\/ro\\\/96d9380b-unnamed-file.webp\",\"width\":800,\"height\":800},{\"@type\":\"BreadcrumbList\",\"@id\":\"https:\\\/\\\/shopatoa.com\\\/ro\\\/oribe-crema-hidratanta-pentru-stralucirea-parului-mediu-chiar-extra-lung-supershine-light-moisturizing-cream-150-ml-2\\\/#breadcrumb\",\"itemListElement\":[{\"@type\":\"ListItem\",\"position\":1,\"name\":\"Dom\u016f\",\"item\":\"https:\\\/\\\/shopatoa.com\\\/ro\\\/\"},{\"@type\":\"ListItem\",\"position\":2,\"name\":\"Shop\",\"item\":\"https:\\\/\\\/shopatoa.com\\\/ro\\\/shop\\\/\"},{\"@type\":\"ListItem\",\"position\":3,\"name\":\"Oribe Crem\u0103 hidratant\u0103 pentru str\u0103lucirea p\u0103rului mediu chiar extra lung (Supershine Light Moisturizing Cream) 150 ml\"}]},{\"@type\":\"WebSite\",\"@id\":\"https:\\\/\\\/shopatoa.com\\\/ro\\\/#website\",\"url\":\"https:\\\/\\\/shopatoa.com\\\/ro\\\/\",\"name\":\"SHOPATOA\",\"description\":\"\",\"publisher\":{\"@id\":\"https:\\\/\\\/shopatoa.com\\\/ro\\\/#organization\"},\"potentialAction\":[{\"@type\":\"SearchAction\",\"target\":{\"@type\":\"EntryPoint\",\"urlTemplate\":\"https:\\\/\\\/shopatoa.com\\\/ro\\\/?s={search_term_string}\"},\"query-input\":{\"@type\":\"PropertyValueSpecification\",\"valueRequired\":true,\"valueName\":\"search_term_string\"}}],\"inLanguage\":\"ro-RO\"},{\"@type\":\"Organization\",\"@id\":\"https:\\\/\\\/shopatoa.com\\\/ro\\\/#organization\",\"name\":\"SHOPATOA\",\"url\":\"https:\\\/\\\/shopatoa.com\\\/ro\\\/\",\"logo\":{\"@type\":\"ImageObject\",\"inLanguage\":\"ro-RO\",\"@id\":\"https:\\\/\\\/shopatoa.com\\\/ro\\\/#\\\/schema\\\/logo\\\/image\\\/\",\"url\":\"https:\\\/\\\/storage.googleapis.com\\\/cz-shopatoa-img\\\/ro\\\/b4dac915-shopatoa_logo.png\",\"contentUrl\":\"https:\\\/\\\/storage.googleapis.com\\\/cz-shopatoa-img\\\/ro\\\/b4dac915-shopatoa_logo.png\",\"width\":416,\"height\":63,\"caption\":\"SHOPATOA\"},\"image\":{\"@id\":\"https:\\\/\\\/shopatoa.com\\\/ro\\\/#\\\/schema\\\/logo\\\/image\\\/\"}}]}<\/script>\n<!-- \/ Yoast SEO plugin. -->","yoast_head_json":{"title":"Oribe Crem\u0103 hidratant\u0103 pentru str\u0103lucirea p\u0103rului mediu chiar extra lung (Supershine Light Moisturizing Cream) 150 ml - SHOPATOA.COM","robots":{"index":"index","follow":"follow","max-snippet":"max-snippet:-1","max-image-preview":"max-image-preview:large","max-video-preview":"max-video-preview:-1"},"canonical":"https:\/\/shopatoa.com\/ro\/oribe-crema-hidratanta-pentru-stralucirea-parului-mediu-chiar-extra-lung-supershine-light-moisturizing-cream-150-ml-2\/","og_locale":"ro_RO","og_type":"article","og_title":"Oribe Crem\u0103 hidratant\u0103 pentru str\u0103lucirea p\u0103rului mediu chiar extra lung (Supershine Light Moisturizing Cream) 150 ml - SHOPATOA.COM","og_description":"Crema de lux, f\u0103r\u0103 cl\u0103tire, satisface chiar \u0219i cel mai puternic p\u0103r, elimin\u0103 \u00eencre\u021birea, hidrateaz\u0103 p\u0103rul, cre\u0219te str\u0103lucirea \u0219i red\u0103 catifelarea natural\u0103 p\u0103rului. Special conceputa pentru p\u0103rul mediu chiar extra lung. Ingrediente active: Complexul Oribe Signature (pepene verde, litchi \u0219i floarea Edelweiss) protejeaz\u0103 p\u0103rul de stresul oxidativ, foto\u00eemb\u0103tr\u00e2nire \u0219i deteriorarea keratinei naturale, toate protej\u00e2nd \u00een...","og_url":"https:\/\/shopatoa.com\/ro\/oribe-crema-hidratanta-pentru-stralucirea-parului-mediu-chiar-extra-lung-supershine-light-moisturizing-cream-150-ml-2\/","og_site_name":"SHOPATOA","article_modified_time":"2025-05-21T19:17:38+00:00","og_image":[{"width":800,"height":800,"url":"https:\/\/storage.googleapis.com\/cz-shopatoa-img\/ro\/96d9380b-unnamed-file.webp","type":"image\/webp"}],"twitter_card":"summary_large_image","twitter_misc":{"Timp estimat pentru citire":"1 minut"},"schema":{"@context":"https:\/\/schema.org","@graph":[{"@type":"WebPage","@id":"https:\/\/shopatoa.com\/ro\/oribe-crema-hidratanta-pentru-stralucirea-parului-mediu-chiar-extra-lung-supershine-light-moisturizing-cream-150-ml-2\/","url":"https:\/\/shopatoa.com\/ro\/oribe-crema-hidratanta-pentru-stralucirea-parului-mediu-chiar-extra-lung-supershine-light-moisturizing-cream-150-ml-2\/","name":"Oribe Crem\u0103 hidratant\u0103 pentru str\u0103lucirea p\u0103rului mediu chiar extra lung (Supershine Light Moisturizing Cream) 150 ml - SHOPATOA.COM","isPartOf":{"@id":"https:\/\/shopatoa.com\/ro\/#website"},"primaryImageOfPage":{"@id":"https:\/\/shopatoa.com\/ro\/oribe-crema-hidratanta-pentru-stralucirea-parului-mediu-chiar-extra-lung-supershine-light-moisturizing-cream-150-ml-2\/#primaryimage"},"image":{"@id":"https:\/\/shopatoa.com\/ro\/oribe-crema-hidratanta-pentru-stralucirea-parului-mediu-chiar-extra-lung-supershine-light-moisturizing-cream-150-ml-2\/#primaryimage"},"thumbnailUrl":"https:\/\/storage.googleapis.com\/cz-shopatoa-img\/ro\/96d9380b-unnamed-file.webp","datePublished":"2025-05-21T19:17:31+00:00","dateModified":"2025-05-21T19:17:38+00:00","breadcrumb":{"@id":"https:\/\/shopatoa.com\/ro\/oribe-crema-hidratanta-pentru-stralucirea-parului-mediu-chiar-extra-lung-supershine-light-moisturizing-cream-150-ml-2\/#breadcrumb"},"inLanguage":"ro-RO","potentialAction":[{"@type":"ReadAction","target":["https:\/\/shopatoa.com\/ro\/oribe-crema-hidratanta-pentru-stralucirea-parului-mediu-chiar-extra-lung-supershine-light-moisturizing-cream-150-ml-2\/"]}]},{"@type":"ImageObject","inLanguage":"ro-RO","@id":"https:\/\/shopatoa.com\/ro\/oribe-crema-hidratanta-pentru-stralucirea-parului-mediu-chiar-extra-lung-supershine-light-moisturizing-cream-150-ml-2\/#primaryimage","url":"https:\/\/storage.googleapis.com\/cz-shopatoa-img\/ro\/96d9380b-unnamed-file.webp","contentUrl":"https:\/\/storage.googleapis.com\/cz-shopatoa-img\/ro\/96d9380b-unnamed-file.webp","width":800,"height":800},{"@type":"BreadcrumbList","@id":"https:\/\/shopatoa.com\/ro\/oribe-crema-hidratanta-pentru-stralucirea-parului-mediu-chiar-extra-lung-supershine-light-moisturizing-cream-150-ml-2\/#breadcrumb","itemListElement":[{"@type":"ListItem","position":1,"name":"Dom\u016f","item":"https:\/\/shopatoa.com\/ro\/"},{"@type":"ListItem","position":2,"name":"Shop","item":"https:\/\/shopatoa.com\/ro\/shop\/"},{"@type":"ListItem","position":3,"name":"Oribe Crem\u0103 hidratant\u0103 pentru str\u0103lucirea p\u0103rului mediu chiar extra lung (Supershine Light Moisturizing Cream) 150 ml"}]},{"@type":"WebSite","@id":"https:\/\/shopatoa.com\/ro\/#website","url":"https:\/\/shopatoa.com\/ro\/","name":"SHOPATOA","description":"","publisher":{"@id":"https:\/\/shopatoa.com\/ro\/#organization"},"potentialAction":[{"@type":"SearchAction","target":{"@type":"EntryPoint","urlTemplate":"https:\/\/shopatoa.com\/ro\/?s={search_term_string}"},"query-input":{"@type":"PropertyValueSpecification","valueRequired":true,"valueName":"search_term_string"}}],"inLanguage":"ro-RO"},{"@type":"Organization","@id":"https:\/\/shopatoa.com\/ro\/#organization","name":"SHOPATOA","url":"https:\/\/shopatoa.com\/ro\/","logo":{"@type":"ImageObject","inLanguage":"ro-RO","@id":"https:\/\/shopatoa.com\/ro\/#\/schema\/logo\/image\/","url":"https:\/\/storage.googleapis.com\/cz-shopatoa-img\/ro\/b4dac915-shopatoa_logo.png","contentUrl":"https:\/\/storage.googleapis.com\/cz-shopatoa-img\/ro\/b4dac915-shopatoa_logo.png","width":416,"height":63,"caption":"SHOPATOA"},"image":{"@id":"https:\/\/shopatoa.com\/ro\/#\/schema\/logo\/image\/"}}]}},"_links":{"self":[{"href":"https:\/\/shopatoa.com\/ro\/wp-json\/wp\/v2\/product\/364221","targetHints":{"allow":["GET"]}}],"collection":[{"href":"https:\/\/shopatoa.com\/ro\/wp-json\/wp\/v2\/product"}],"about":[{"href":"https:\/\/shopatoa.com\/ro\/wp-json\/wp\/v2\/types\/product"}],"replies":[{"embeddable":true,"href":"https:\/\/shopatoa.com\/ro\/wp-json\/wp\/v2\/comments?post=364221"}],"wp:featuredmedia":[{"embeddable":true,"href":"https:\/\/shopatoa.com\/ro\/wp-json\/wp\/v2\/media\/364222"}],"wp:attachment":[{"href":"https:\/\/shopatoa.com\/ro\/wp-json\/wp\/v2\/media?parent=364221"}],"wp:term":[{"taxonomy":"product_brand","embeddable":true,"href":"https:\/\/shopatoa.com\/ro\/wp-json\/wp\/v2\/product_brand?post=364221"},{"taxonomy":"product_cat","embeddable":true,"href":"https:\/\/shopatoa.com\/ro\/wp-json\/wp\/v2\/product_cat?post=364221"},{"taxonomy":"product_tag","embeddable":true,"href":"https:\/\/shopatoa.com\/ro\/wp-json\/wp\/v2\/product_tag?post=364221"}],"curies":[{"name":"wp","href":"https:\/\/api.w.org\/{rel}","templated":true}]}}