{"id":364225,"date":"2025-05-21T21:17:31","date_gmt":"2025-05-21T19:17:31","guid":{"rendered":"https:\/\/shopatoa.com\/ro\/giorgio-armani-corector-lichid-luminous-silk-concealer-12-ml-6-2\/"},"modified":"2025-05-21T21:17:47","modified_gmt":"2025-05-21T19:17:47","slug":"giorgio-armani-corector-lichid-luminous-silk-concealer-12-ml-6-2","status":"publish","type":"product","link":"https:\/\/shopatoa.com\/ro\/giorgio-armani-corector-lichid-luminous-silk-concealer-12-ml-6-2\/","title":{"rendered":"Giorgio Armani Corector lichid (Luminous Silk Concealer) 12 ml 6"},"content":{"rendered":"<p>Corectorul lichid cu o textur\u0103 fin\u0103 \u0219i intens pigmentat\u0103 asigur\u0103 o acoperire medie-\u00eenalt\u0103. \u00cen acela\u0219i timp, are grij\u0103 de piele, care, datorit\u0103 compozi\u021biei sale, asigur\u0103 p\u00e2n\u0103 la 24 de ore de hidratare. Corecteaz\u0103 cearc\u0103nele de sub ochi \u0219i ro\u0219ea\u021ba sau imperfec\u021biunile machiajului, adaug\u0103 luminozitate pielii \u0219i \u00een acela\u0219i timp estompeaz\u0103 optic ridurile fine.<\/p>\n","protected":false},"excerpt":{"rendered":"<p>Corectorul lichid cu o textur\u0103 fin\u0103 \u0219i intens pigmentat\u0103 asigur\u0103 o acoperire medie-\u00eenalt\u0103. \u00cen acela\u0219i timp, are grij\u0103 de piele, care, datorit\u0103 compozi\u021biei sale, asigur\u0103 p\u00e2n\u0103 la 24 de ore de hidratare. Corecteaz\u0103 cearc\u0103nele de sub ochi \u0219i ro\u0219ea\u021ba sau imperfec\u021biunile machiajului, adaug\u0103 luminozitate pielii \u0219i \u00een acela\u0219i timp estompeaz\u0103 optic ridurile fine.<\/p>\n","protected":false},"featured_media":364226,"comment_status":"closed","ping_status":"open","template":"","meta":{"_acf_changed":false,"_kadence_starter_templates_imported_post":false,"_kad_post_transparent":"","_kad_post_title":"","_kad_post_layout":"","_kad_post_sidebar_id":"","_kad_post_content_style":"","_kad_post_vertical_padding":"","_kad_post_feature":"","_kad_post_feature_position":"","_kad_post_header":false,"_kad_post_footer":false,"_kad_post_classname":""},"product_brand":[389],"product_cat":[704,246,609,616],"product_tag":[],"class_list":{"0":"post-364225","1":"product","2":"type-product","3":"status-publish","4":"has-post-thumbnail","6":"product_brand-giorgio-armani","7":"product_cat-corector-pentru-zona-fetei-si-a-ochilor","8":"product_cat-cosmetice","9":"product_cat-cosmetice-decorative","10":"product_cat-machiaj-pentru-fata","12":"first","13":"instock","14":"product-type-external","15":"entry","16":"content-bg","17":"loop-entry"},"acf":[],"yoast_head":"<!-- This site is optimized with the Yoast SEO plugin v27.3 - https:\/\/yoast.com\/product\/yoast-seo-wordpress\/ -->\n<title>Giorgio Armani Corector lichid (Luminous Silk Concealer) 12 ml 6 - SHOPATOA.COM<\/title>\n<meta name=\"robots\" content=\"index, follow, max-snippet:-1, max-image-preview:large, max-video-preview:-1\" \/>\n<link rel=\"canonical\" href=\"https:\/\/shopatoa.com\/ro\/giorgio-armani-corector-lichid-luminous-silk-concealer-12-ml-6-2\/\" \/>\n<meta property=\"og:locale\" content=\"ro_RO\" \/>\n<meta property=\"og:type\" content=\"article\" \/>\n<meta property=\"og:title\" content=\"Giorgio Armani Corector lichid (Luminous Silk Concealer) 12 ml 6 - SHOPATOA.COM\" \/>\n<meta property=\"og:description\" content=\"Corectorul lichid cu o textur\u0103 fin\u0103 \u0219i intens pigmentat\u0103 asigur\u0103 o acoperire medie-\u00eenalt\u0103. \u00cen acela\u0219i timp, are grij\u0103 de piele, care, datorit\u0103 compozi\u021biei sale, asigur\u0103 p\u00e2n\u0103 la 24 de ore de hidratare. Corecteaz\u0103 cearc\u0103nele de sub ochi \u0219i ro\u0219ea\u021ba sau imperfec\u021biunile machiajului, adaug\u0103 luminozitate pielii \u0219i \u00een acela\u0219i timp estompeaz\u0103 optic ridurile fine.\" \/>\n<meta property=\"og:url\" content=\"https:\/\/shopatoa.com\/ro\/giorgio-armani-corector-lichid-luminous-silk-concealer-12-ml-6-2\/\" \/>\n<meta property=\"og:site_name\" content=\"SHOPATOA\" \/>\n<meta property=\"article:modified_time\" content=\"2025-05-21T19:17:47+00:00\" \/>\n<meta property=\"og:image\" content=\"https:\/\/storage.googleapis.com\/cz-shopatoa-img\/ro\/1eab3efd-unnamed-file.webp\" \/>\n\t<meta property=\"og:image:width\" content=\"800\" \/>\n\t<meta property=\"og:image:height\" content=\"800\" \/>\n\t<meta property=\"og:image:type\" content=\"image\/webp\" \/>\n<meta name=\"twitter:card\" content=\"summary_large_image\" \/>\n<script type=\"application\/ld+json\" class=\"yoast-schema-graph\">{\"@context\":\"https:\\\/\\\/schema.org\",\"@graph\":[{\"@type\":\"WebPage\",\"@id\":\"https:\\\/\\\/shopatoa.com\\\/ro\\\/giorgio-armani-corector-lichid-luminous-silk-concealer-12-ml-6-2\\\/\",\"url\":\"https:\\\/\\\/shopatoa.com\\\/ro\\\/giorgio-armani-corector-lichid-luminous-silk-concealer-12-ml-6-2\\\/\",\"name\":\"Giorgio Armani Corector lichid (Luminous Silk Concealer) 12 ml 6 - SHOPATOA.COM\",\"isPartOf\":{\"@id\":\"https:\\\/\\\/shopatoa.com\\\/ro\\\/#website\"},\"primaryImageOfPage\":{\"@id\":\"https:\\\/\\\/shopatoa.com\\\/ro\\\/giorgio-armani-corector-lichid-luminous-silk-concealer-12-ml-6-2\\\/#primaryimage\"},\"image\":{\"@id\":\"https:\\\/\\\/shopatoa.com\\\/ro\\\/giorgio-armani-corector-lichid-luminous-silk-concealer-12-ml-6-2\\\/#primaryimage\"},\"thumbnailUrl\":\"https:\\\/\\\/storage.googleapis.com\\\/cz-shopatoa-img\\\/ro\\\/1eab3efd-unnamed-file.webp\",\"datePublished\":\"2025-05-21T19:17:31+00:00\",\"dateModified\":\"2025-05-21T19:17:47+00:00\",\"breadcrumb\":{\"@id\":\"https:\\\/\\\/shopatoa.com\\\/ro\\\/giorgio-armani-corector-lichid-luminous-silk-concealer-12-ml-6-2\\\/#breadcrumb\"},\"inLanguage\":\"ro-RO\",\"potentialAction\":[{\"@type\":\"ReadAction\",\"target\":[\"https:\\\/\\\/shopatoa.com\\\/ro\\\/giorgio-armani-corector-lichid-luminous-silk-concealer-12-ml-6-2\\\/\"]}]},{\"@type\":\"ImageObject\",\"inLanguage\":\"ro-RO\",\"@id\":\"https:\\\/\\\/shopatoa.com\\\/ro\\\/giorgio-armani-corector-lichid-luminous-silk-concealer-12-ml-6-2\\\/#primaryimage\",\"url\":\"https:\\\/\\\/storage.googleapis.com\\\/cz-shopatoa-img\\\/ro\\\/1eab3efd-unnamed-file.webp\",\"contentUrl\":\"https:\\\/\\\/storage.googleapis.com\\\/cz-shopatoa-img\\\/ro\\\/1eab3efd-unnamed-file.webp\",\"width\":800,\"height\":800},{\"@type\":\"BreadcrumbList\",\"@id\":\"https:\\\/\\\/shopatoa.com\\\/ro\\\/giorgio-armani-corector-lichid-luminous-silk-concealer-12-ml-6-2\\\/#breadcrumb\",\"itemListElement\":[{\"@type\":\"ListItem\",\"position\":1,\"name\":\"Dom\u016f\",\"item\":\"https:\\\/\\\/shopatoa.com\\\/ro\\\/\"},{\"@type\":\"ListItem\",\"position\":2,\"name\":\"Shop\",\"item\":\"https:\\\/\\\/shopatoa.com\\\/ro\\\/shop\\\/\"},{\"@type\":\"ListItem\",\"position\":3,\"name\":\"Giorgio Armani Corector lichid (Luminous Silk Concealer) 12 ml 6\"}]},{\"@type\":\"WebSite\",\"@id\":\"https:\\\/\\\/shopatoa.com\\\/ro\\\/#website\",\"url\":\"https:\\\/\\\/shopatoa.com\\\/ro\\\/\",\"name\":\"SHOPATOA\",\"description\":\"\",\"publisher\":{\"@id\":\"https:\\\/\\\/shopatoa.com\\\/ro\\\/#organization\"},\"potentialAction\":[{\"@type\":\"SearchAction\",\"target\":{\"@type\":\"EntryPoint\",\"urlTemplate\":\"https:\\\/\\\/shopatoa.com\\\/ro\\\/?s={search_term_string}\"},\"query-input\":{\"@type\":\"PropertyValueSpecification\",\"valueRequired\":true,\"valueName\":\"search_term_string\"}}],\"inLanguage\":\"ro-RO\"},{\"@type\":\"Organization\",\"@id\":\"https:\\\/\\\/shopatoa.com\\\/ro\\\/#organization\",\"name\":\"SHOPATOA\",\"url\":\"https:\\\/\\\/shopatoa.com\\\/ro\\\/\",\"logo\":{\"@type\":\"ImageObject\",\"inLanguage\":\"ro-RO\",\"@id\":\"https:\\\/\\\/shopatoa.com\\\/ro\\\/#\\\/schema\\\/logo\\\/image\\\/\",\"url\":\"https:\\\/\\\/storage.googleapis.com\\\/cz-shopatoa-img\\\/ro\\\/b4dac915-shopatoa_logo.png\",\"contentUrl\":\"https:\\\/\\\/storage.googleapis.com\\\/cz-shopatoa-img\\\/ro\\\/b4dac915-shopatoa_logo.png\",\"width\":416,\"height\":63,\"caption\":\"SHOPATOA\"},\"image\":{\"@id\":\"https:\\\/\\\/shopatoa.com\\\/ro\\\/#\\\/schema\\\/logo\\\/image\\\/\"}}]}<\/script>\n<!-- \/ Yoast SEO plugin. -->","yoast_head_json":{"title":"Giorgio Armani Corector lichid (Luminous Silk Concealer) 12 ml 6 - SHOPATOA.COM","robots":{"index":"index","follow":"follow","max-snippet":"max-snippet:-1","max-image-preview":"max-image-preview:large","max-video-preview":"max-video-preview:-1"},"canonical":"https:\/\/shopatoa.com\/ro\/giorgio-armani-corector-lichid-luminous-silk-concealer-12-ml-6-2\/","og_locale":"ro_RO","og_type":"article","og_title":"Giorgio Armani Corector lichid (Luminous Silk Concealer) 12 ml 6 - SHOPATOA.COM","og_description":"Corectorul lichid cu o textur\u0103 fin\u0103 \u0219i intens pigmentat\u0103 asigur\u0103 o acoperire medie-\u00eenalt\u0103. \u00cen acela\u0219i timp, are grij\u0103 de piele, care, datorit\u0103 compozi\u021biei sale, asigur\u0103 p\u00e2n\u0103 la 24 de ore de hidratare. Corecteaz\u0103 cearc\u0103nele de sub ochi \u0219i ro\u0219ea\u021ba sau imperfec\u021biunile machiajului, adaug\u0103 luminozitate pielii \u0219i \u00een acela\u0219i timp estompeaz\u0103 optic ridurile fine.","og_url":"https:\/\/shopatoa.com\/ro\/giorgio-armani-corector-lichid-luminous-silk-concealer-12-ml-6-2\/","og_site_name":"SHOPATOA","article_modified_time":"2025-05-21T19:17:47+00:00","og_image":[{"width":800,"height":800,"url":"https:\/\/storage.googleapis.com\/cz-shopatoa-img\/ro\/1eab3efd-unnamed-file.webp","type":"image\/webp"}],"twitter_card":"summary_large_image","schema":{"@context":"https:\/\/schema.org","@graph":[{"@type":"WebPage","@id":"https:\/\/shopatoa.com\/ro\/giorgio-armani-corector-lichid-luminous-silk-concealer-12-ml-6-2\/","url":"https:\/\/shopatoa.com\/ro\/giorgio-armani-corector-lichid-luminous-silk-concealer-12-ml-6-2\/","name":"Giorgio Armani Corector lichid (Luminous Silk Concealer) 12 ml 6 - SHOPATOA.COM","isPartOf":{"@id":"https:\/\/shopatoa.com\/ro\/#website"},"primaryImageOfPage":{"@id":"https:\/\/shopatoa.com\/ro\/giorgio-armani-corector-lichid-luminous-silk-concealer-12-ml-6-2\/#primaryimage"},"image":{"@id":"https:\/\/shopatoa.com\/ro\/giorgio-armani-corector-lichid-luminous-silk-concealer-12-ml-6-2\/#primaryimage"},"thumbnailUrl":"https:\/\/storage.googleapis.com\/cz-shopatoa-img\/ro\/1eab3efd-unnamed-file.webp","datePublished":"2025-05-21T19:17:31+00:00","dateModified":"2025-05-21T19:17:47+00:00","breadcrumb":{"@id":"https:\/\/shopatoa.com\/ro\/giorgio-armani-corector-lichid-luminous-silk-concealer-12-ml-6-2\/#breadcrumb"},"inLanguage":"ro-RO","potentialAction":[{"@type":"ReadAction","target":["https:\/\/shopatoa.com\/ro\/giorgio-armani-corector-lichid-luminous-silk-concealer-12-ml-6-2\/"]}]},{"@type":"ImageObject","inLanguage":"ro-RO","@id":"https:\/\/shopatoa.com\/ro\/giorgio-armani-corector-lichid-luminous-silk-concealer-12-ml-6-2\/#primaryimage","url":"https:\/\/storage.googleapis.com\/cz-shopatoa-img\/ro\/1eab3efd-unnamed-file.webp","contentUrl":"https:\/\/storage.googleapis.com\/cz-shopatoa-img\/ro\/1eab3efd-unnamed-file.webp","width":800,"height":800},{"@type":"BreadcrumbList","@id":"https:\/\/shopatoa.com\/ro\/giorgio-armani-corector-lichid-luminous-silk-concealer-12-ml-6-2\/#breadcrumb","itemListElement":[{"@type":"ListItem","position":1,"name":"Dom\u016f","item":"https:\/\/shopatoa.com\/ro\/"},{"@type":"ListItem","position":2,"name":"Shop","item":"https:\/\/shopatoa.com\/ro\/shop\/"},{"@type":"ListItem","position":3,"name":"Giorgio Armani Corector lichid (Luminous Silk Concealer) 12 ml 6"}]},{"@type":"WebSite","@id":"https:\/\/shopatoa.com\/ro\/#website","url":"https:\/\/shopatoa.com\/ro\/","name":"SHOPATOA","description":"","publisher":{"@id":"https:\/\/shopatoa.com\/ro\/#organization"},"potentialAction":[{"@type":"SearchAction","target":{"@type":"EntryPoint","urlTemplate":"https:\/\/shopatoa.com\/ro\/?s={search_term_string}"},"query-input":{"@type":"PropertyValueSpecification","valueRequired":true,"valueName":"search_term_string"}}],"inLanguage":"ro-RO"},{"@type":"Organization","@id":"https:\/\/shopatoa.com\/ro\/#organization","name":"SHOPATOA","url":"https:\/\/shopatoa.com\/ro\/","logo":{"@type":"ImageObject","inLanguage":"ro-RO","@id":"https:\/\/shopatoa.com\/ro\/#\/schema\/logo\/image\/","url":"https:\/\/storage.googleapis.com\/cz-shopatoa-img\/ro\/b4dac915-shopatoa_logo.png","contentUrl":"https:\/\/storage.googleapis.com\/cz-shopatoa-img\/ro\/b4dac915-shopatoa_logo.png","width":416,"height":63,"caption":"SHOPATOA"},"image":{"@id":"https:\/\/shopatoa.com\/ro\/#\/schema\/logo\/image\/"}}]}},"_links":{"self":[{"href":"https:\/\/shopatoa.com\/ro\/wp-json\/wp\/v2\/product\/364225","targetHints":{"allow":["GET"]}}],"collection":[{"href":"https:\/\/shopatoa.com\/ro\/wp-json\/wp\/v2\/product"}],"about":[{"href":"https:\/\/shopatoa.com\/ro\/wp-json\/wp\/v2\/types\/product"}],"replies":[{"embeddable":true,"href":"https:\/\/shopatoa.com\/ro\/wp-json\/wp\/v2\/comments?post=364225"}],"wp:featuredmedia":[{"embeddable":true,"href":"https:\/\/shopatoa.com\/ro\/wp-json\/wp\/v2\/media\/364226"}],"wp:attachment":[{"href":"https:\/\/shopatoa.com\/ro\/wp-json\/wp\/v2\/media?parent=364225"}],"wp:term":[{"taxonomy":"product_brand","embeddable":true,"href":"https:\/\/shopatoa.com\/ro\/wp-json\/wp\/v2\/product_brand?post=364225"},{"taxonomy":"product_cat","embeddable":true,"href":"https:\/\/shopatoa.com\/ro\/wp-json\/wp\/v2\/product_cat?post=364225"},{"taxonomy":"product_tag","embeddable":true,"href":"https:\/\/shopatoa.com\/ro\/wp-json\/wp\/v2\/product_tag?post=364225"}],"curies":[{"name":"wp","href":"https:\/\/api.w.org\/{rel}","templated":true}]}}