{"id":364272,"date":"2025-05-21T21:19:01","date_gmt":"2025-05-21T19:19:01","guid":{"rendered":"https:\/\/shopatoa.com\/ro\/giorgio-armani-fard-de-machiaj-power-fabric-ultra-longwear-weightless-matte-foundation-30-ml-2-75-2\/"},"modified":"2025-05-21T21:19:37","modified_gmt":"2025-05-21T19:19:37","slug":"giorgio-armani-fard-de-machiaj-power-fabric-ultra-longwear-weightless-matte-foundation-30-ml-2-75-2","status":"publish","type":"product","link":"https:\/\/shopatoa.com\/ro\/giorgio-armani-fard-de-machiaj-power-fabric-ultra-longwear-weightless-matte-foundation-30-ml-2-75-2\/","title":{"rendered":"Giorgio Armani Fard de machiaj Power Fabric + (Ultra Longwear Weightless Matte Foundation) 30 ml 2.75"},"content":{"rendered":"<p>Giorgio Armani Power Fabric + Longwear Matte Face Foundation este un machiaj mat cu o textura cremoas\u0103 u\u0219oar\u0103 care v\u0103 va oferi un aspect impecabil timp de 24 de ore. Nu creeaz\u0103 un efect asem\u0103n\u0103tor m\u0103\u0219tii, nu se frec\u0103 chiar \u0219i atunci c\u00e2nd intr\u0103 \u00een contact cu apa \u0219i protejeaz\u0103 \u00eempotriva radia\u021biilor d\u0103un\u0103toare UVA \u0219i UVB.<\/p>\n","protected":false},"excerpt":{"rendered":"<p>Giorgio Armani Power Fabric + Longwear Matte Face Foundation este un machiaj mat cu o textura cremoas\u0103 u\u0219oar\u0103 care v\u0103 va oferi un aspect impecabil timp de 24 de ore. Nu creeaz\u0103 un efect asem\u0103n\u0103tor m\u0103\u0219tii, nu se frec\u0103 chiar \u0219i atunci c\u00e2nd intr\u0103 \u00een contact cu apa \u0219i protejeaz\u0103 \u00eempotriva radia\u021biilor d\u0103un\u0103toare UVA \u0219i&#8230;<\/p>\n","protected":false},"featured_media":364274,"comment_status":"closed","ping_status":"open","template":"","meta":{"_acf_changed":false,"_kadence_starter_templates_imported_post":false,"_kad_post_transparent":"","_kad_post_title":"","_kad_post_layout":"","_kad_post_sidebar_id":"","_kad_post_content_style":"","_kad_post_vertical_padding":"","_kad_post_feature":"","_kad_post_feature_position":"","_kad_post_header":false,"_kad_post_footer":false,"_kad_post_classname":""},"product_brand":[389],"product_cat":[246,609,616,705],"product_tag":[],"class_list":{"0":"post-364272","1":"product","2":"type-product","3":"status-publish","4":"has-post-thumbnail","6":"product_brand-giorgio-armani","7":"product_cat-cosmetice","8":"product_cat-cosmetice-decorative","9":"product_cat-machiaj-pentru-fata","10":"product_cat-make-ups","12":"first","13":"instock","14":"product-type-external","15":"entry","16":"content-bg","17":"loop-entry"},"acf":[],"yoast_head":"<!-- This site is optimized with the Yoast SEO plugin v27.3 - https:\/\/yoast.com\/product\/yoast-seo-wordpress\/ -->\n<title>Giorgio Armani Fard de machiaj Power Fabric + (Ultra Longwear Weightless Matte Foundation) 30 ml 2.75 - SHOPATOA.COM<\/title>\n<meta name=\"robots\" content=\"index, follow, max-snippet:-1, max-image-preview:large, max-video-preview:-1\" \/>\n<link rel=\"canonical\" href=\"https:\/\/shopatoa.com\/ro\/giorgio-armani-fard-de-machiaj-power-fabric-ultra-longwear-weightless-matte-foundation-30-ml-2-75-2\/\" \/>\n<meta property=\"og:locale\" content=\"ro_RO\" \/>\n<meta property=\"og:type\" content=\"article\" \/>\n<meta property=\"og:title\" content=\"Giorgio Armani Fard de machiaj Power Fabric + (Ultra Longwear Weightless Matte Foundation) 30 ml 2.75 - SHOPATOA.COM\" \/>\n<meta property=\"og:description\" content=\"Giorgio Armani Power Fabric + Longwear Matte Face Foundation este un machiaj mat cu o textura cremoas\u0103 u\u0219oar\u0103 care v\u0103 va oferi un aspect impecabil timp de 24 de ore. Nu creeaz\u0103 un efect asem\u0103n\u0103tor m\u0103\u0219tii, nu se frec\u0103 chiar \u0219i atunci c\u00e2nd intr\u0103 \u00een contact cu apa \u0219i protejeaz\u0103 \u00eempotriva radia\u021biilor d\u0103un\u0103toare UVA \u0219i...\" \/>\n<meta property=\"og:url\" content=\"https:\/\/shopatoa.com\/ro\/giorgio-armani-fard-de-machiaj-power-fabric-ultra-longwear-weightless-matte-foundation-30-ml-2-75-2\/\" \/>\n<meta property=\"og:site_name\" content=\"SHOPATOA\" \/>\n<meta property=\"article:modified_time\" content=\"2025-05-21T19:19:37+00:00\" \/>\n<meta property=\"og:image\" content=\"https:\/\/storage.googleapis.com\/cz-shopatoa-img\/ro\/9d161a18-unnamed-file.webp\" \/>\n\t<meta property=\"og:image:width\" content=\"800\" \/>\n\t<meta property=\"og:image:height\" content=\"800\" \/>\n\t<meta property=\"og:image:type\" content=\"image\/webp\" \/>\n<meta name=\"twitter:card\" content=\"summary_large_image\" \/>\n<script type=\"application\/ld+json\" class=\"yoast-schema-graph\">{\"@context\":\"https:\\\/\\\/schema.org\",\"@graph\":[{\"@type\":\"WebPage\",\"@id\":\"https:\\\/\\\/shopatoa.com\\\/ro\\\/giorgio-armani-fard-de-machiaj-power-fabric-ultra-longwear-weightless-matte-foundation-30-ml-2-75-2\\\/\",\"url\":\"https:\\\/\\\/shopatoa.com\\\/ro\\\/giorgio-armani-fard-de-machiaj-power-fabric-ultra-longwear-weightless-matte-foundation-30-ml-2-75-2\\\/\",\"name\":\"Giorgio Armani Fard de machiaj Power Fabric + (Ultra Longwear Weightless Matte Foundation) 30 ml 2.75 - SHOPATOA.COM\",\"isPartOf\":{\"@id\":\"https:\\\/\\\/shopatoa.com\\\/ro\\\/#website\"},\"primaryImageOfPage\":{\"@id\":\"https:\\\/\\\/shopatoa.com\\\/ro\\\/giorgio-armani-fard-de-machiaj-power-fabric-ultra-longwear-weightless-matte-foundation-30-ml-2-75-2\\\/#primaryimage\"},\"image\":{\"@id\":\"https:\\\/\\\/shopatoa.com\\\/ro\\\/giorgio-armani-fard-de-machiaj-power-fabric-ultra-longwear-weightless-matte-foundation-30-ml-2-75-2\\\/#primaryimage\"},\"thumbnailUrl\":\"https:\\\/\\\/storage.googleapis.com\\\/cz-shopatoa-img\\\/ro\\\/9d161a18-unnamed-file.webp\",\"datePublished\":\"2025-05-21T19:19:01+00:00\",\"dateModified\":\"2025-05-21T19:19:37+00:00\",\"breadcrumb\":{\"@id\":\"https:\\\/\\\/shopatoa.com\\\/ro\\\/giorgio-armani-fard-de-machiaj-power-fabric-ultra-longwear-weightless-matte-foundation-30-ml-2-75-2\\\/#breadcrumb\"},\"inLanguage\":\"ro-RO\",\"potentialAction\":[{\"@type\":\"ReadAction\",\"target\":[\"https:\\\/\\\/shopatoa.com\\\/ro\\\/giorgio-armani-fard-de-machiaj-power-fabric-ultra-longwear-weightless-matte-foundation-30-ml-2-75-2\\\/\"]}]},{\"@type\":\"ImageObject\",\"inLanguage\":\"ro-RO\",\"@id\":\"https:\\\/\\\/shopatoa.com\\\/ro\\\/giorgio-armani-fard-de-machiaj-power-fabric-ultra-longwear-weightless-matte-foundation-30-ml-2-75-2\\\/#primaryimage\",\"url\":\"https:\\\/\\\/storage.googleapis.com\\\/cz-shopatoa-img\\\/ro\\\/9d161a18-unnamed-file.webp\",\"contentUrl\":\"https:\\\/\\\/storage.googleapis.com\\\/cz-shopatoa-img\\\/ro\\\/9d161a18-unnamed-file.webp\",\"width\":800,\"height\":800},{\"@type\":\"BreadcrumbList\",\"@id\":\"https:\\\/\\\/shopatoa.com\\\/ro\\\/giorgio-armani-fard-de-machiaj-power-fabric-ultra-longwear-weightless-matte-foundation-30-ml-2-75-2\\\/#breadcrumb\",\"itemListElement\":[{\"@type\":\"ListItem\",\"position\":1,\"name\":\"Dom\u016f\",\"item\":\"https:\\\/\\\/shopatoa.com\\\/ro\\\/\"},{\"@type\":\"ListItem\",\"position\":2,\"name\":\"Shop\",\"item\":\"https:\\\/\\\/shopatoa.com\\\/ro\\\/shop\\\/\"},{\"@type\":\"ListItem\",\"position\":3,\"name\":\"Giorgio Armani Fard de machiaj Power Fabric + (Ultra Longwear Weightless Matte Foundation) 30 ml 2.75\"}]},{\"@type\":\"WebSite\",\"@id\":\"https:\\\/\\\/shopatoa.com\\\/ro\\\/#website\",\"url\":\"https:\\\/\\\/shopatoa.com\\\/ro\\\/\",\"name\":\"SHOPATOA\",\"description\":\"\",\"publisher\":{\"@id\":\"https:\\\/\\\/shopatoa.com\\\/ro\\\/#organization\"},\"potentialAction\":[{\"@type\":\"SearchAction\",\"target\":{\"@type\":\"EntryPoint\",\"urlTemplate\":\"https:\\\/\\\/shopatoa.com\\\/ro\\\/?s={search_term_string}\"},\"query-input\":{\"@type\":\"PropertyValueSpecification\",\"valueRequired\":true,\"valueName\":\"search_term_string\"}}],\"inLanguage\":\"ro-RO\"},{\"@type\":\"Organization\",\"@id\":\"https:\\\/\\\/shopatoa.com\\\/ro\\\/#organization\",\"name\":\"SHOPATOA\",\"url\":\"https:\\\/\\\/shopatoa.com\\\/ro\\\/\",\"logo\":{\"@type\":\"ImageObject\",\"inLanguage\":\"ro-RO\",\"@id\":\"https:\\\/\\\/shopatoa.com\\\/ro\\\/#\\\/schema\\\/logo\\\/image\\\/\",\"url\":\"https:\\\/\\\/storage.googleapis.com\\\/cz-shopatoa-img\\\/ro\\\/b4dac915-shopatoa_logo.png\",\"contentUrl\":\"https:\\\/\\\/storage.googleapis.com\\\/cz-shopatoa-img\\\/ro\\\/b4dac915-shopatoa_logo.png\",\"width\":416,\"height\":63,\"caption\":\"SHOPATOA\"},\"image\":{\"@id\":\"https:\\\/\\\/shopatoa.com\\\/ro\\\/#\\\/schema\\\/logo\\\/image\\\/\"}}]}<\/script>\n<!-- \/ Yoast SEO plugin. -->","yoast_head_json":{"title":"Giorgio Armani Fard de machiaj Power Fabric + (Ultra Longwear Weightless Matte Foundation) 30 ml 2.75 - SHOPATOA.COM","robots":{"index":"index","follow":"follow","max-snippet":"max-snippet:-1","max-image-preview":"max-image-preview:large","max-video-preview":"max-video-preview:-1"},"canonical":"https:\/\/shopatoa.com\/ro\/giorgio-armani-fard-de-machiaj-power-fabric-ultra-longwear-weightless-matte-foundation-30-ml-2-75-2\/","og_locale":"ro_RO","og_type":"article","og_title":"Giorgio Armani Fard de machiaj Power Fabric + (Ultra Longwear Weightless Matte Foundation) 30 ml 2.75 - SHOPATOA.COM","og_description":"Giorgio Armani Power Fabric + Longwear Matte Face Foundation este un machiaj mat cu o textura cremoas\u0103 u\u0219oar\u0103 care v\u0103 va oferi un aspect impecabil timp de 24 de ore. Nu creeaz\u0103 un efect asem\u0103n\u0103tor m\u0103\u0219tii, nu se frec\u0103 chiar \u0219i atunci c\u00e2nd intr\u0103 \u00een contact cu apa \u0219i protejeaz\u0103 \u00eempotriva radia\u021biilor d\u0103un\u0103toare UVA \u0219i...","og_url":"https:\/\/shopatoa.com\/ro\/giorgio-armani-fard-de-machiaj-power-fabric-ultra-longwear-weightless-matte-foundation-30-ml-2-75-2\/","og_site_name":"SHOPATOA","article_modified_time":"2025-05-21T19:19:37+00:00","og_image":[{"width":800,"height":800,"url":"https:\/\/storage.googleapis.com\/cz-shopatoa-img\/ro\/9d161a18-unnamed-file.webp","type":"image\/webp"}],"twitter_card":"summary_large_image","schema":{"@context":"https:\/\/schema.org","@graph":[{"@type":"WebPage","@id":"https:\/\/shopatoa.com\/ro\/giorgio-armani-fard-de-machiaj-power-fabric-ultra-longwear-weightless-matte-foundation-30-ml-2-75-2\/","url":"https:\/\/shopatoa.com\/ro\/giorgio-armani-fard-de-machiaj-power-fabric-ultra-longwear-weightless-matte-foundation-30-ml-2-75-2\/","name":"Giorgio Armani Fard de machiaj Power Fabric + (Ultra Longwear Weightless Matte Foundation) 30 ml 2.75 - SHOPATOA.COM","isPartOf":{"@id":"https:\/\/shopatoa.com\/ro\/#website"},"primaryImageOfPage":{"@id":"https:\/\/shopatoa.com\/ro\/giorgio-armani-fard-de-machiaj-power-fabric-ultra-longwear-weightless-matte-foundation-30-ml-2-75-2\/#primaryimage"},"image":{"@id":"https:\/\/shopatoa.com\/ro\/giorgio-armani-fard-de-machiaj-power-fabric-ultra-longwear-weightless-matte-foundation-30-ml-2-75-2\/#primaryimage"},"thumbnailUrl":"https:\/\/storage.googleapis.com\/cz-shopatoa-img\/ro\/9d161a18-unnamed-file.webp","datePublished":"2025-05-21T19:19:01+00:00","dateModified":"2025-05-21T19:19:37+00:00","breadcrumb":{"@id":"https:\/\/shopatoa.com\/ro\/giorgio-armani-fard-de-machiaj-power-fabric-ultra-longwear-weightless-matte-foundation-30-ml-2-75-2\/#breadcrumb"},"inLanguage":"ro-RO","potentialAction":[{"@type":"ReadAction","target":["https:\/\/shopatoa.com\/ro\/giorgio-armani-fard-de-machiaj-power-fabric-ultra-longwear-weightless-matte-foundation-30-ml-2-75-2\/"]}]},{"@type":"ImageObject","inLanguage":"ro-RO","@id":"https:\/\/shopatoa.com\/ro\/giorgio-armani-fard-de-machiaj-power-fabric-ultra-longwear-weightless-matte-foundation-30-ml-2-75-2\/#primaryimage","url":"https:\/\/storage.googleapis.com\/cz-shopatoa-img\/ro\/9d161a18-unnamed-file.webp","contentUrl":"https:\/\/storage.googleapis.com\/cz-shopatoa-img\/ro\/9d161a18-unnamed-file.webp","width":800,"height":800},{"@type":"BreadcrumbList","@id":"https:\/\/shopatoa.com\/ro\/giorgio-armani-fard-de-machiaj-power-fabric-ultra-longwear-weightless-matte-foundation-30-ml-2-75-2\/#breadcrumb","itemListElement":[{"@type":"ListItem","position":1,"name":"Dom\u016f","item":"https:\/\/shopatoa.com\/ro\/"},{"@type":"ListItem","position":2,"name":"Shop","item":"https:\/\/shopatoa.com\/ro\/shop\/"},{"@type":"ListItem","position":3,"name":"Giorgio Armani Fard de machiaj Power Fabric + (Ultra Longwear Weightless Matte Foundation) 30 ml 2.75"}]},{"@type":"WebSite","@id":"https:\/\/shopatoa.com\/ro\/#website","url":"https:\/\/shopatoa.com\/ro\/","name":"SHOPATOA","description":"","publisher":{"@id":"https:\/\/shopatoa.com\/ro\/#organization"},"potentialAction":[{"@type":"SearchAction","target":{"@type":"EntryPoint","urlTemplate":"https:\/\/shopatoa.com\/ro\/?s={search_term_string}"},"query-input":{"@type":"PropertyValueSpecification","valueRequired":true,"valueName":"search_term_string"}}],"inLanguage":"ro-RO"},{"@type":"Organization","@id":"https:\/\/shopatoa.com\/ro\/#organization","name":"SHOPATOA","url":"https:\/\/shopatoa.com\/ro\/","logo":{"@type":"ImageObject","inLanguage":"ro-RO","@id":"https:\/\/shopatoa.com\/ro\/#\/schema\/logo\/image\/","url":"https:\/\/storage.googleapis.com\/cz-shopatoa-img\/ro\/b4dac915-shopatoa_logo.png","contentUrl":"https:\/\/storage.googleapis.com\/cz-shopatoa-img\/ro\/b4dac915-shopatoa_logo.png","width":416,"height":63,"caption":"SHOPATOA"},"image":{"@id":"https:\/\/shopatoa.com\/ro\/#\/schema\/logo\/image\/"}}]}},"_links":{"self":[{"href":"https:\/\/shopatoa.com\/ro\/wp-json\/wp\/v2\/product\/364272","targetHints":{"allow":["GET"]}}],"collection":[{"href":"https:\/\/shopatoa.com\/ro\/wp-json\/wp\/v2\/product"}],"about":[{"href":"https:\/\/shopatoa.com\/ro\/wp-json\/wp\/v2\/types\/product"}],"replies":[{"embeddable":true,"href":"https:\/\/shopatoa.com\/ro\/wp-json\/wp\/v2\/comments?post=364272"}],"wp:featuredmedia":[{"embeddable":true,"href":"https:\/\/shopatoa.com\/ro\/wp-json\/wp\/v2\/media\/364274"}],"wp:attachment":[{"href":"https:\/\/shopatoa.com\/ro\/wp-json\/wp\/v2\/media?parent=364272"}],"wp:term":[{"taxonomy":"product_brand","embeddable":true,"href":"https:\/\/shopatoa.com\/ro\/wp-json\/wp\/v2\/product_brand?post=364272"},{"taxonomy":"product_cat","embeddable":true,"href":"https:\/\/shopatoa.com\/ro\/wp-json\/wp\/v2\/product_cat?post=364272"},{"taxonomy":"product_tag","embeddable":true,"href":"https:\/\/shopatoa.com\/ro\/wp-json\/wp\/v2\/product_tag?post=364272"}],"curies":[{"name":"wp","href":"https:\/\/api.w.org\/{rel}","templated":true}]}}