{"id":364945,"date":"2025-05-21T21:46:52","date_gmt":"2025-05-21T19:46:52","guid":{"rendered":"https:\/\/shopatoa.com\/ro\/schwarzkopf-professional-tratament-fara-clatire-pentru-parul-extrem-de-deteriorat-r-two-bonacure-renewal-sealer-145-ml-2\/"},"modified":"2025-05-21T21:47:32","modified_gmt":"2025-05-21T19:47:32","slug":"schwarzkopf-professional-tratament-fara-clatire-pentru-parul-extrem-de-deteriorat-r-two-bonacure-renewal-sealer-145-ml-2","status":"publish","type":"product","link":"https:\/\/shopatoa.com\/ro\/schwarzkopf-professional-tratament-fara-clatire-pentru-parul-extrem-de-deteriorat-r-two-bonacure-renewal-sealer-145-ml-2\/","title":{"rendered":"Schwarzkopf Professional Tratament f\u0103r\u0103 cl\u0103tire pentru p\u0103rul extrem de deteriorat R-Two Bonacure (Renewal Sealer) 145 ml"},"content":{"rendered":"<p>Tratament f\u0103r\u0103 cl\u0103tire care reface instantaneu p\u0103rul extrem de deteriorat. Datorit\u0103 tehnologiei Double Bonding, acesta p\u0103trunde ad\u00e2nc \u00een structura firelor de p\u0103r, consolid\u00e2nd leg\u0103turile rupte \u0219i cre\u00e2nd altele noi, cresc\u00e2nd astfel rezisten\u021ba \u0219i for\u021ba acestora. P\u0103rul este protejat \u00eempotriva ruperii, \u00eencre\u021bului \u0219i daunelor provocate de c\u0103ldur\u0103 p\u00e2n\u0103 la 230\u00b0C. Este ideal pentru p\u0103rul sl\u0103bit predispus la rupere, restabilind s\u0103n\u0103tatea, moliciunea \u0219i str\u0103lucirea natural\u0103.<\/p>\n","protected":false},"excerpt":{"rendered":"<p>Tratament f\u0103r\u0103 cl\u0103tire care reface instantaneu p\u0103rul extrem de deteriorat. Datorit\u0103 tehnologiei Double Bonding, acesta p\u0103trunde ad\u00e2nc \u00een structura firelor de p\u0103r, consolid\u00e2nd leg\u0103turile rupte \u0219i cre\u00e2nd altele noi, cresc\u00e2nd astfel rezisten\u021ba \u0219i for\u021ba acestora. P\u0103rul este protejat \u00eempotriva ruperii, \u00eencre\u021bului \u0219i daunelor provocate de c\u0103ldur\u0103 p\u00e2n\u0103 la 230\u00b0C. Este ideal pentru p\u0103rul sl\u0103bit predispus&#8230;<\/p>\n","protected":false},"featured_media":364948,"comment_status":"closed","ping_status":"open","template":"","meta":{"_acf_changed":false,"_kadence_starter_templates_imported_post":false,"_kad_post_transparent":"","_kad_post_title":"","_kad_post_layout":"","_kad_post_sidebar_id":"","_kad_post_content_style":"","_kad_post_vertical_padding":"","_kad_post_feature":"","_kad_post_feature_position":"","_kad_post_header":false,"_kad_post_footer":false,"_kad_post_classname":""},"product_brand":[231],"product_cat":[680,246,623],"product_tag":[],"class_list":{"0":"post-364945","1":"product","2":"type-product","3":"status-publish","4":"has-post-thumbnail","6":"product_brand-schwarzkopf-professional","7":"product_cat-cosmetica-pentru-regenerarea-parului","8":"product_cat-cosmetice","9":"product_cat-produse-cosmetice-pentru-par","11":"first","12":"instock","13":"product-type-external","14":"entry","15":"content-bg","16":"loop-entry"},"acf":[],"yoast_head":"<!-- This site is optimized with the Yoast SEO plugin v27.4 - https:\/\/yoast.com\/product\/yoast-seo-wordpress\/ -->\n<title>Schwarzkopf Professional Tratament f\u0103r\u0103 cl\u0103tire pentru p\u0103rul extrem de deteriorat R-Two Bonacure (Renewal Sealer) 145 ml - SHOPATOA.COM<\/title>\n<meta name=\"robots\" content=\"index, follow, max-snippet:-1, max-image-preview:large, max-video-preview:-1\" \/>\n<link rel=\"canonical\" href=\"https:\/\/shopatoa.com\/ro\/schwarzkopf-professional-tratament-fara-clatire-pentru-parul-extrem-de-deteriorat-r-two-bonacure-renewal-sealer-145-ml-2\/\" \/>\n<meta property=\"og:locale\" content=\"ro_RO\" \/>\n<meta property=\"og:type\" content=\"article\" \/>\n<meta property=\"og:title\" content=\"Schwarzkopf Professional Tratament f\u0103r\u0103 cl\u0103tire pentru p\u0103rul extrem de deteriorat R-Two Bonacure (Renewal Sealer) 145 ml - SHOPATOA.COM\" \/>\n<meta property=\"og:description\" content=\"Tratament f\u0103r\u0103 cl\u0103tire care reface instantaneu p\u0103rul extrem de deteriorat. Datorit\u0103 tehnologiei Double Bonding, acesta p\u0103trunde ad\u00e2nc \u00een structura firelor de p\u0103r, consolid\u00e2nd leg\u0103turile rupte \u0219i cre\u00e2nd altele noi, cresc\u00e2nd astfel rezisten\u021ba \u0219i for\u021ba acestora. P\u0103rul este protejat \u00eempotriva ruperii, \u00eencre\u021bului \u0219i daunelor provocate de c\u0103ldur\u0103 p\u00e2n\u0103 la 230\u00b0C. Este ideal pentru p\u0103rul sl\u0103bit predispus...\" \/>\n<meta property=\"og:url\" content=\"https:\/\/shopatoa.com\/ro\/schwarzkopf-professional-tratament-fara-clatire-pentru-parul-extrem-de-deteriorat-r-two-bonacure-renewal-sealer-145-ml-2\/\" \/>\n<meta property=\"og:site_name\" content=\"SHOPATOA\" \/>\n<meta property=\"article:modified_time\" content=\"2025-05-21T19:47:32+00:00\" \/>\n<meta property=\"og:image\" content=\"https:\/\/storage.googleapis.com\/cz-shopatoa-img\/ro\/80281750-unnamed-file-1.webp\" \/>\n\t<meta property=\"og:image:width\" content=\"800\" \/>\n\t<meta property=\"og:image:height\" content=\"800\" \/>\n\t<meta property=\"og:image:type\" content=\"image\/webp\" \/>\n<meta name=\"twitter:card\" content=\"summary_large_image\" \/>\n<script type=\"application\/ld+json\" class=\"yoast-schema-graph\">{\"@context\":\"https:\\\/\\\/schema.org\",\"@graph\":[{\"@type\":\"WebPage\",\"@id\":\"https:\\\/\\\/shopatoa.com\\\/ro\\\/schwarzkopf-professional-tratament-fara-clatire-pentru-parul-extrem-de-deteriorat-r-two-bonacure-renewal-sealer-145-ml-2\\\/\",\"url\":\"https:\\\/\\\/shopatoa.com\\\/ro\\\/schwarzkopf-professional-tratament-fara-clatire-pentru-parul-extrem-de-deteriorat-r-two-bonacure-renewal-sealer-145-ml-2\\\/\",\"name\":\"Schwarzkopf Professional Tratament f\u0103r\u0103 cl\u0103tire pentru p\u0103rul extrem de deteriorat R-Two Bonacure (Renewal Sealer) 145 ml - SHOPATOA.COM\",\"isPartOf\":{\"@id\":\"https:\\\/\\\/shopatoa.com\\\/ro\\\/#website\"},\"primaryImageOfPage\":{\"@id\":\"https:\\\/\\\/shopatoa.com\\\/ro\\\/schwarzkopf-professional-tratament-fara-clatire-pentru-parul-extrem-de-deteriorat-r-two-bonacure-renewal-sealer-145-ml-2\\\/#primaryimage\"},\"image\":{\"@id\":\"https:\\\/\\\/shopatoa.com\\\/ro\\\/schwarzkopf-professional-tratament-fara-clatire-pentru-parul-extrem-de-deteriorat-r-two-bonacure-renewal-sealer-145-ml-2\\\/#primaryimage\"},\"thumbnailUrl\":\"https:\\\/\\\/storage.googleapis.com\\\/cz-shopatoa-img\\\/ro\\\/80281750-unnamed-file-1.webp\",\"datePublished\":\"2025-05-21T19:46:52+00:00\",\"dateModified\":\"2025-05-21T19:47:32+00:00\",\"breadcrumb\":{\"@id\":\"https:\\\/\\\/shopatoa.com\\\/ro\\\/schwarzkopf-professional-tratament-fara-clatire-pentru-parul-extrem-de-deteriorat-r-two-bonacure-renewal-sealer-145-ml-2\\\/#breadcrumb\"},\"inLanguage\":\"ro-RO\",\"potentialAction\":[{\"@type\":\"ReadAction\",\"target\":[\"https:\\\/\\\/shopatoa.com\\\/ro\\\/schwarzkopf-professional-tratament-fara-clatire-pentru-parul-extrem-de-deteriorat-r-two-bonacure-renewal-sealer-145-ml-2\\\/\"]}]},{\"@type\":\"ImageObject\",\"inLanguage\":\"ro-RO\",\"@id\":\"https:\\\/\\\/shopatoa.com\\\/ro\\\/schwarzkopf-professional-tratament-fara-clatire-pentru-parul-extrem-de-deteriorat-r-two-bonacure-renewal-sealer-145-ml-2\\\/#primaryimage\",\"url\":\"https:\\\/\\\/storage.googleapis.com\\\/cz-shopatoa-img\\\/ro\\\/80281750-unnamed-file-1.webp\",\"contentUrl\":\"https:\\\/\\\/storage.googleapis.com\\\/cz-shopatoa-img\\\/ro\\\/80281750-unnamed-file-1.webp\",\"width\":800,\"height\":800},{\"@type\":\"BreadcrumbList\",\"@id\":\"https:\\\/\\\/shopatoa.com\\\/ro\\\/schwarzkopf-professional-tratament-fara-clatire-pentru-parul-extrem-de-deteriorat-r-two-bonacure-renewal-sealer-145-ml-2\\\/#breadcrumb\",\"itemListElement\":[{\"@type\":\"ListItem\",\"position\":1,\"name\":\"Dom\u016f\",\"item\":\"https:\\\/\\\/shopatoa.com\\\/ro\\\/\"},{\"@type\":\"ListItem\",\"position\":2,\"name\":\"Shop\",\"item\":\"https:\\\/\\\/shopatoa.com\\\/ro\\\/shop\\\/\"},{\"@type\":\"ListItem\",\"position\":3,\"name\":\"Schwarzkopf Professional Tratament f\u0103r\u0103 cl\u0103tire pentru p\u0103rul extrem de deteriorat R-Two Bonacure (Renewal Sealer) 145 ml\"}]},{\"@type\":\"WebSite\",\"@id\":\"https:\\\/\\\/shopatoa.com\\\/ro\\\/#website\",\"url\":\"https:\\\/\\\/shopatoa.com\\\/ro\\\/\",\"name\":\"SHOPATOA\",\"description\":\"\",\"publisher\":{\"@id\":\"https:\\\/\\\/shopatoa.com\\\/ro\\\/#organization\"},\"potentialAction\":[{\"@type\":\"SearchAction\",\"target\":{\"@type\":\"EntryPoint\",\"urlTemplate\":\"https:\\\/\\\/shopatoa.com\\\/ro\\\/?s={search_term_string}\"},\"query-input\":{\"@type\":\"PropertyValueSpecification\",\"valueRequired\":true,\"valueName\":\"search_term_string\"}}],\"inLanguage\":\"ro-RO\"},{\"@type\":\"Organization\",\"@id\":\"https:\\\/\\\/shopatoa.com\\\/ro\\\/#organization\",\"name\":\"SHOPATOA\",\"url\":\"https:\\\/\\\/shopatoa.com\\\/ro\\\/\",\"logo\":{\"@type\":\"ImageObject\",\"inLanguage\":\"ro-RO\",\"@id\":\"https:\\\/\\\/shopatoa.com\\\/ro\\\/#\\\/schema\\\/logo\\\/image\\\/\",\"url\":\"https:\\\/\\\/storage.googleapis.com\\\/cz-shopatoa-img\\\/ro\\\/b4dac915-shopatoa_logo.png\",\"contentUrl\":\"https:\\\/\\\/storage.googleapis.com\\\/cz-shopatoa-img\\\/ro\\\/b4dac915-shopatoa_logo.png\",\"width\":416,\"height\":63,\"caption\":\"SHOPATOA\"},\"image\":{\"@id\":\"https:\\\/\\\/shopatoa.com\\\/ro\\\/#\\\/schema\\\/logo\\\/image\\\/\"}}]}<\/script>\n<!-- \/ Yoast SEO plugin. -->","yoast_head_json":{"title":"Schwarzkopf Professional Tratament f\u0103r\u0103 cl\u0103tire pentru p\u0103rul extrem de deteriorat R-Two Bonacure (Renewal Sealer) 145 ml - SHOPATOA.COM","robots":{"index":"index","follow":"follow","max-snippet":"max-snippet:-1","max-image-preview":"max-image-preview:large","max-video-preview":"max-video-preview:-1"},"canonical":"https:\/\/shopatoa.com\/ro\/schwarzkopf-professional-tratament-fara-clatire-pentru-parul-extrem-de-deteriorat-r-two-bonacure-renewal-sealer-145-ml-2\/","og_locale":"ro_RO","og_type":"article","og_title":"Schwarzkopf Professional Tratament f\u0103r\u0103 cl\u0103tire pentru p\u0103rul extrem de deteriorat R-Two Bonacure (Renewal Sealer) 145 ml - SHOPATOA.COM","og_description":"Tratament f\u0103r\u0103 cl\u0103tire care reface instantaneu p\u0103rul extrem de deteriorat. Datorit\u0103 tehnologiei Double Bonding, acesta p\u0103trunde ad\u00e2nc \u00een structura firelor de p\u0103r, consolid\u00e2nd leg\u0103turile rupte \u0219i cre\u00e2nd altele noi, cresc\u00e2nd astfel rezisten\u021ba \u0219i for\u021ba acestora. P\u0103rul este protejat \u00eempotriva ruperii, \u00eencre\u021bului \u0219i daunelor provocate de c\u0103ldur\u0103 p\u00e2n\u0103 la 230\u00b0C. Este ideal pentru p\u0103rul sl\u0103bit predispus...","og_url":"https:\/\/shopatoa.com\/ro\/schwarzkopf-professional-tratament-fara-clatire-pentru-parul-extrem-de-deteriorat-r-two-bonacure-renewal-sealer-145-ml-2\/","og_site_name":"SHOPATOA","article_modified_time":"2025-05-21T19:47:32+00:00","og_image":[{"width":800,"height":800,"url":"https:\/\/storage.googleapis.com\/cz-shopatoa-img\/ro\/80281750-unnamed-file-1.webp","type":"image\/webp"}],"twitter_card":"summary_large_image","schema":{"@context":"https:\/\/schema.org","@graph":[{"@type":"WebPage","@id":"https:\/\/shopatoa.com\/ro\/schwarzkopf-professional-tratament-fara-clatire-pentru-parul-extrem-de-deteriorat-r-two-bonacure-renewal-sealer-145-ml-2\/","url":"https:\/\/shopatoa.com\/ro\/schwarzkopf-professional-tratament-fara-clatire-pentru-parul-extrem-de-deteriorat-r-two-bonacure-renewal-sealer-145-ml-2\/","name":"Schwarzkopf Professional Tratament f\u0103r\u0103 cl\u0103tire pentru p\u0103rul extrem de deteriorat R-Two Bonacure (Renewal Sealer) 145 ml - SHOPATOA.COM","isPartOf":{"@id":"https:\/\/shopatoa.com\/ro\/#website"},"primaryImageOfPage":{"@id":"https:\/\/shopatoa.com\/ro\/schwarzkopf-professional-tratament-fara-clatire-pentru-parul-extrem-de-deteriorat-r-two-bonacure-renewal-sealer-145-ml-2\/#primaryimage"},"image":{"@id":"https:\/\/shopatoa.com\/ro\/schwarzkopf-professional-tratament-fara-clatire-pentru-parul-extrem-de-deteriorat-r-two-bonacure-renewal-sealer-145-ml-2\/#primaryimage"},"thumbnailUrl":"https:\/\/storage.googleapis.com\/cz-shopatoa-img\/ro\/80281750-unnamed-file-1.webp","datePublished":"2025-05-21T19:46:52+00:00","dateModified":"2025-05-21T19:47:32+00:00","breadcrumb":{"@id":"https:\/\/shopatoa.com\/ro\/schwarzkopf-professional-tratament-fara-clatire-pentru-parul-extrem-de-deteriorat-r-two-bonacure-renewal-sealer-145-ml-2\/#breadcrumb"},"inLanguage":"ro-RO","potentialAction":[{"@type":"ReadAction","target":["https:\/\/shopatoa.com\/ro\/schwarzkopf-professional-tratament-fara-clatire-pentru-parul-extrem-de-deteriorat-r-two-bonacure-renewal-sealer-145-ml-2\/"]}]},{"@type":"ImageObject","inLanguage":"ro-RO","@id":"https:\/\/shopatoa.com\/ro\/schwarzkopf-professional-tratament-fara-clatire-pentru-parul-extrem-de-deteriorat-r-two-bonacure-renewal-sealer-145-ml-2\/#primaryimage","url":"https:\/\/storage.googleapis.com\/cz-shopatoa-img\/ro\/80281750-unnamed-file-1.webp","contentUrl":"https:\/\/storage.googleapis.com\/cz-shopatoa-img\/ro\/80281750-unnamed-file-1.webp","width":800,"height":800},{"@type":"BreadcrumbList","@id":"https:\/\/shopatoa.com\/ro\/schwarzkopf-professional-tratament-fara-clatire-pentru-parul-extrem-de-deteriorat-r-two-bonacure-renewal-sealer-145-ml-2\/#breadcrumb","itemListElement":[{"@type":"ListItem","position":1,"name":"Dom\u016f","item":"https:\/\/shopatoa.com\/ro\/"},{"@type":"ListItem","position":2,"name":"Shop","item":"https:\/\/shopatoa.com\/ro\/shop\/"},{"@type":"ListItem","position":3,"name":"Schwarzkopf Professional Tratament f\u0103r\u0103 cl\u0103tire pentru p\u0103rul extrem de deteriorat R-Two Bonacure (Renewal Sealer) 145 ml"}]},{"@type":"WebSite","@id":"https:\/\/shopatoa.com\/ro\/#website","url":"https:\/\/shopatoa.com\/ro\/","name":"SHOPATOA","description":"","publisher":{"@id":"https:\/\/shopatoa.com\/ro\/#organization"},"potentialAction":[{"@type":"SearchAction","target":{"@type":"EntryPoint","urlTemplate":"https:\/\/shopatoa.com\/ro\/?s={search_term_string}"},"query-input":{"@type":"PropertyValueSpecification","valueRequired":true,"valueName":"search_term_string"}}],"inLanguage":"ro-RO"},{"@type":"Organization","@id":"https:\/\/shopatoa.com\/ro\/#organization","name":"SHOPATOA","url":"https:\/\/shopatoa.com\/ro\/","logo":{"@type":"ImageObject","inLanguage":"ro-RO","@id":"https:\/\/shopatoa.com\/ro\/#\/schema\/logo\/image\/","url":"https:\/\/storage.googleapis.com\/cz-shopatoa-img\/ro\/b4dac915-shopatoa_logo.png","contentUrl":"https:\/\/storage.googleapis.com\/cz-shopatoa-img\/ro\/b4dac915-shopatoa_logo.png","width":416,"height":63,"caption":"SHOPATOA"},"image":{"@id":"https:\/\/shopatoa.com\/ro\/#\/schema\/logo\/image\/"}}]}},"_links":{"self":[{"href":"https:\/\/shopatoa.com\/ro\/wp-json\/wp\/v2\/product\/364945","targetHints":{"allow":["GET"]}}],"collection":[{"href":"https:\/\/shopatoa.com\/ro\/wp-json\/wp\/v2\/product"}],"about":[{"href":"https:\/\/shopatoa.com\/ro\/wp-json\/wp\/v2\/types\/product"}],"replies":[{"embeddable":true,"href":"https:\/\/shopatoa.com\/ro\/wp-json\/wp\/v2\/comments?post=364945"}],"wp:featuredmedia":[{"embeddable":true,"href":"https:\/\/shopatoa.com\/ro\/wp-json\/wp\/v2\/media\/364948"}],"wp:attachment":[{"href":"https:\/\/shopatoa.com\/ro\/wp-json\/wp\/v2\/media?parent=364945"}],"wp:term":[{"taxonomy":"product_brand","embeddable":true,"href":"https:\/\/shopatoa.com\/ro\/wp-json\/wp\/v2\/product_brand?post=364945"},{"taxonomy":"product_cat","embeddable":true,"href":"https:\/\/shopatoa.com\/ro\/wp-json\/wp\/v2\/product_cat?post=364945"},{"taxonomy":"product_tag","embeddable":true,"href":"https:\/\/shopatoa.com\/ro\/wp-json\/wp\/v2\/product_tag?post=364945"}],"curies":[{"name":"wp","href":"https:\/\/api.w.org\/{rel}","templated":true}]}}