{"id":365605,"date":"2025-05-21T22:14:43","date_gmt":"2025-05-21T20:14:43","guid":{"rendered":"https:\/\/shopatoa.com\/ro\/jean-p-gaultier-le-male-elixir-absolu-intense-parfum-200-ml-2\/"},"modified":"2025-05-21T22:15:58","modified_gmt":"2025-05-21T20:15:58","slug":"jean-p-gaultier-le-male-elixir-absolu-intense-parfum-200-ml-2","status":"publish","type":"product","link":"https:\/\/shopatoa.com\/ro\/jean-p-gaultier-le-male-elixir-absolu-intense-parfum-200-ml-2\/","title":{"rendered":"Jean P. Gaultier Le Male Elixir Absolu Intense &#8211; parfum 200 ml"},"content":{"rendered":"<p>Jean Paul Gaultier Le Male Elixir Absolu Intense redefine\u0219te esen\u021ba senzualit\u0103\u021bii \u0219i revolu\u021bioneaz\u0103 regulile seduc\u021biei. Acest parfum intens \u0219i rafinat este o capodoper\u0103 ce surprinde puterea \u0219i elegan\u021ba b\u0103rbatului modern. Face parte din colec\u021bia iconic\u0103 Le Male, aduc\u00e2nd o profunzime surprinz\u0103toare, o c\u0103ldur\u0103 intens\u0103 \u0219i o atrac\u021bie irezistibil\u0103, l\u0103s\u00e2nd o amintire persistent\u0103 mult timp dup\u0103 plecare. \u00cen deschidere, se dezv\u0103luie o prun\u0103 suculent\u0103 \u0219i seduc\u0103toare, ce adaug\u0103 o dulcea\u021b\u0103 fructat\u0103 ce ascunde o adiere misterioas\u0103. Tonul s\u0103u bogat \u0219i catifelat, deschide calea c\u0103tre inima parfumului, dominat\u0103 de lavand\u0103 iconic\u0103 \u2013 esen\u021ba purit\u0103\u021bii, prospe\u021bimii aromatice \u0219i rafinamentului natural. Aceste ingrediente alese cu grij\u0103 confer\u0103 compozi\u021biei o masculinitate subtil\u0103 \u0219i o sofisticare aparte, \u00eembin\u00e2nd armonios nuan\u021be proaspete \u0219i calde. Baza parfumului este o adev\u0103rat\u0103 capodoper\u0103: boabele de tonka \u2013 profunde \u0219i calde, l\u0103s\u00e2nd o urm\u0103 catifelat\u0103 pe piele. Notele sale cremoase \u0219i condimentate formeaz\u0103 un voal captivant \u0219i seduc\u0103tor, oferind parfumului o intensitate persistent\u0103 \u0219i o carism\u0103 deosebit\u0103. Rezultatul este o armonie des\u0103v\u00e2r\u0219it\u0103, unde prospe\u021bimea se \u00eembin\u0103 cu intensitatea, iar rafinamentul se al\u0103tur\u0103 curajului. Jean Paul Gaultier Le Male Elixir Absolu Intense este un parfum pentru b\u0103rba\u021bii care aleg s\u0103 fie autentici \u0219i diferi\u021bi. Un parfum plin de pasiune, putere \u0219i elegan\u021b\u0103 \u2013 un elixir seduc\u0103tor, ce va deveni secretul dumneavoastr\u0103 invincibil. Parfumul a fost lansat pe pia\u021b\u0103 \u00een anul 2025.<\/p>\n","protected":false},"excerpt":{"rendered":"<p>Jean Paul Gaultier Le Male Elixir Absolu Intense redefine\u0219te esen\u021ba senzualit\u0103\u021bii \u0219i revolu\u021bioneaz\u0103 regulile seduc\u021biei. Acest parfum intens \u0219i rafinat este o capodoper\u0103 ce surprinde puterea \u0219i elegan\u021ba b\u0103rbatului modern. Face parte din colec\u021bia iconic\u0103 Le Male, aduc\u00e2nd o profunzime surprinz\u0103toare, o c\u0103ldur\u0103 intens\u0103 \u0219i o atrac\u021bie irezistibil\u0103, l\u0103s\u00e2nd o amintire persistent\u0103 mult timp dup\u0103&#8230;<\/p>\n","protected":false},"featured_media":365606,"comment_status":"closed","ping_status":"open","template":"","meta":{"_acf_changed":false,"_kadence_starter_templates_imported_post":false,"_kad_post_transparent":"","_kad_post_title":"","_kad_post_layout":"","_kad_post_sidebar_id":"","_kad_post_content_style":"","_kad_post_vertical_padding":"","_kad_post_feature":"","_kad_post_feature_position":"","_kad_post_header":false,"_kad_post_footer":false,"_kad_post_classname":""},"product_brand":[357],"product_cat":[614,652],"product_tag":[],"class_list":{"0":"post-365605","1":"product","2":"type-product","3":"status-publish","4":"has-post-thumbnail","6":"product_brand-jean-p-gaultier","7":"product_cat-parfumuri","8":"product_cat-parfumuri-p","10":"first","11":"instock","12":"product-type-external","13":"entry","14":"content-bg","15":"loop-entry"},"acf":[],"yoast_head":"<!-- This site is optimized with the Yoast SEO plugin v27.3 - https:\/\/yoast.com\/product\/yoast-seo-wordpress\/ -->\n<title>Jean P. Gaultier Le Male Elixir Absolu Intense - parfum 200 ml - SHOPATOA.COM<\/title>\n<meta name=\"robots\" content=\"index, follow, max-snippet:-1, max-image-preview:large, max-video-preview:-1\" \/>\n<link rel=\"canonical\" href=\"https:\/\/shopatoa.com\/ro\/jean-p-gaultier-le-male-elixir-absolu-intense-parfum-200-ml-2\/\" \/>\n<meta property=\"og:locale\" content=\"ro_RO\" \/>\n<meta property=\"og:type\" content=\"article\" \/>\n<meta property=\"og:title\" content=\"Jean P. Gaultier Le Male Elixir Absolu Intense - parfum 200 ml - SHOPATOA.COM\" \/>\n<meta property=\"og:description\" content=\"Jean Paul Gaultier Le Male Elixir Absolu Intense redefine\u0219te esen\u021ba senzualit\u0103\u021bii \u0219i revolu\u021bioneaz\u0103 regulile seduc\u021biei. Acest parfum intens \u0219i rafinat este o capodoper\u0103 ce surprinde puterea \u0219i elegan\u021ba b\u0103rbatului modern. Face parte din colec\u021bia iconic\u0103 Le Male, aduc\u00e2nd o profunzime surprinz\u0103toare, o c\u0103ldur\u0103 intens\u0103 \u0219i o atrac\u021bie irezistibil\u0103, l\u0103s\u00e2nd o amintire persistent\u0103 mult timp dup\u0103...\" \/>\n<meta property=\"og:url\" content=\"https:\/\/shopatoa.com\/ro\/jean-p-gaultier-le-male-elixir-absolu-intense-parfum-200-ml-2\/\" \/>\n<meta property=\"og:site_name\" content=\"SHOPATOA\" \/>\n<meta property=\"article:modified_time\" content=\"2025-05-21T20:15:58+00:00\" \/>\n<meta property=\"og:image\" content=\"https:\/\/storage.googleapis.com\/cz-shopatoa-img\/ro\/2d49b3c4-unnamed-file.webp\" \/>\n\t<meta property=\"og:image:width\" content=\"800\" \/>\n\t<meta property=\"og:image:height\" content=\"800\" \/>\n\t<meta property=\"og:image:type\" content=\"image\/webp\" \/>\n<meta name=\"twitter:card\" content=\"summary_large_image\" \/>\n<meta name=\"twitter:label1\" content=\"Timp estimat pentru citire\" \/>\n\t<meta name=\"twitter:data1\" content=\"1 minut\" \/>\n<script type=\"application\/ld+json\" class=\"yoast-schema-graph\">{\"@context\":\"https:\\\/\\\/schema.org\",\"@graph\":[{\"@type\":\"WebPage\",\"@id\":\"https:\\\/\\\/shopatoa.com\\\/ro\\\/jean-p-gaultier-le-male-elixir-absolu-intense-parfum-200-ml-2\\\/\",\"url\":\"https:\\\/\\\/shopatoa.com\\\/ro\\\/jean-p-gaultier-le-male-elixir-absolu-intense-parfum-200-ml-2\\\/\",\"name\":\"Jean P. Gaultier Le Male Elixir Absolu Intense - parfum 200 ml - SHOPATOA.COM\",\"isPartOf\":{\"@id\":\"https:\\\/\\\/shopatoa.com\\\/ro\\\/#website\"},\"primaryImageOfPage\":{\"@id\":\"https:\\\/\\\/shopatoa.com\\\/ro\\\/jean-p-gaultier-le-male-elixir-absolu-intense-parfum-200-ml-2\\\/#primaryimage\"},\"image\":{\"@id\":\"https:\\\/\\\/shopatoa.com\\\/ro\\\/jean-p-gaultier-le-male-elixir-absolu-intense-parfum-200-ml-2\\\/#primaryimage\"},\"thumbnailUrl\":\"https:\\\/\\\/storage.googleapis.com\\\/cz-shopatoa-img\\\/ro\\\/2d49b3c4-unnamed-file.webp\",\"datePublished\":\"2025-05-21T20:14:43+00:00\",\"dateModified\":\"2025-05-21T20:15:58+00:00\",\"breadcrumb\":{\"@id\":\"https:\\\/\\\/shopatoa.com\\\/ro\\\/jean-p-gaultier-le-male-elixir-absolu-intense-parfum-200-ml-2\\\/#breadcrumb\"},\"inLanguage\":\"ro-RO\",\"potentialAction\":[{\"@type\":\"ReadAction\",\"target\":[\"https:\\\/\\\/shopatoa.com\\\/ro\\\/jean-p-gaultier-le-male-elixir-absolu-intense-parfum-200-ml-2\\\/\"]}]},{\"@type\":\"ImageObject\",\"inLanguage\":\"ro-RO\",\"@id\":\"https:\\\/\\\/shopatoa.com\\\/ro\\\/jean-p-gaultier-le-male-elixir-absolu-intense-parfum-200-ml-2\\\/#primaryimage\",\"url\":\"https:\\\/\\\/storage.googleapis.com\\\/cz-shopatoa-img\\\/ro\\\/2d49b3c4-unnamed-file.webp\",\"contentUrl\":\"https:\\\/\\\/storage.googleapis.com\\\/cz-shopatoa-img\\\/ro\\\/2d49b3c4-unnamed-file.webp\",\"width\":800,\"height\":800},{\"@type\":\"BreadcrumbList\",\"@id\":\"https:\\\/\\\/shopatoa.com\\\/ro\\\/jean-p-gaultier-le-male-elixir-absolu-intense-parfum-200-ml-2\\\/#breadcrumb\",\"itemListElement\":[{\"@type\":\"ListItem\",\"position\":1,\"name\":\"Dom\u016f\",\"item\":\"https:\\\/\\\/shopatoa.com\\\/ro\\\/\"},{\"@type\":\"ListItem\",\"position\":2,\"name\":\"Shop\",\"item\":\"https:\\\/\\\/shopatoa.com\\\/ro\\\/shop\\\/\"},{\"@type\":\"ListItem\",\"position\":3,\"name\":\"Jean P. Gaultier Le Male Elixir Absolu Intense &#8211; parfum 200 ml\"}]},{\"@type\":\"WebSite\",\"@id\":\"https:\\\/\\\/shopatoa.com\\\/ro\\\/#website\",\"url\":\"https:\\\/\\\/shopatoa.com\\\/ro\\\/\",\"name\":\"SHOPATOA\",\"description\":\"\",\"publisher\":{\"@id\":\"https:\\\/\\\/shopatoa.com\\\/ro\\\/#organization\"},\"potentialAction\":[{\"@type\":\"SearchAction\",\"target\":{\"@type\":\"EntryPoint\",\"urlTemplate\":\"https:\\\/\\\/shopatoa.com\\\/ro\\\/?s={search_term_string}\"},\"query-input\":{\"@type\":\"PropertyValueSpecification\",\"valueRequired\":true,\"valueName\":\"search_term_string\"}}],\"inLanguage\":\"ro-RO\"},{\"@type\":\"Organization\",\"@id\":\"https:\\\/\\\/shopatoa.com\\\/ro\\\/#organization\",\"name\":\"SHOPATOA\",\"url\":\"https:\\\/\\\/shopatoa.com\\\/ro\\\/\",\"logo\":{\"@type\":\"ImageObject\",\"inLanguage\":\"ro-RO\",\"@id\":\"https:\\\/\\\/shopatoa.com\\\/ro\\\/#\\\/schema\\\/logo\\\/image\\\/\",\"url\":\"https:\\\/\\\/storage.googleapis.com\\\/cz-shopatoa-img\\\/ro\\\/b4dac915-shopatoa_logo.png\",\"contentUrl\":\"https:\\\/\\\/storage.googleapis.com\\\/cz-shopatoa-img\\\/ro\\\/b4dac915-shopatoa_logo.png\",\"width\":416,\"height\":63,\"caption\":\"SHOPATOA\"},\"image\":{\"@id\":\"https:\\\/\\\/shopatoa.com\\\/ro\\\/#\\\/schema\\\/logo\\\/image\\\/\"}}]}<\/script>\n<!-- \/ Yoast SEO plugin. -->","yoast_head_json":{"title":"Jean P. Gaultier Le Male Elixir Absolu Intense - parfum 200 ml - SHOPATOA.COM","robots":{"index":"index","follow":"follow","max-snippet":"max-snippet:-1","max-image-preview":"max-image-preview:large","max-video-preview":"max-video-preview:-1"},"canonical":"https:\/\/shopatoa.com\/ro\/jean-p-gaultier-le-male-elixir-absolu-intense-parfum-200-ml-2\/","og_locale":"ro_RO","og_type":"article","og_title":"Jean P. Gaultier Le Male Elixir Absolu Intense - parfum 200 ml - SHOPATOA.COM","og_description":"Jean Paul Gaultier Le Male Elixir Absolu Intense redefine\u0219te esen\u021ba senzualit\u0103\u021bii \u0219i revolu\u021bioneaz\u0103 regulile seduc\u021biei. Acest parfum intens \u0219i rafinat este o capodoper\u0103 ce surprinde puterea \u0219i elegan\u021ba b\u0103rbatului modern. Face parte din colec\u021bia iconic\u0103 Le Male, aduc\u00e2nd o profunzime surprinz\u0103toare, o c\u0103ldur\u0103 intens\u0103 \u0219i o atrac\u021bie irezistibil\u0103, l\u0103s\u00e2nd o amintire persistent\u0103 mult timp dup\u0103...","og_url":"https:\/\/shopatoa.com\/ro\/jean-p-gaultier-le-male-elixir-absolu-intense-parfum-200-ml-2\/","og_site_name":"SHOPATOA","article_modified_time":"2025-05-21T20:15:58+00:00","og_image":[{"width":800,"height":800,"url":"https:\/\/storage.googleapis.com\/cz-shopatoa-img\/ro\/2d49b3c4-unnamed-file.webp","type":"image\/webp"}],"twitter_card":"summary_large_image","twitter_misc":{"Timp estimat pentru citire":"1 minut"},"schema":{"@context":"https:\/\/schema.org","@graph":[{"@type":"WebPage","@id":"https:\/\/shopatoa.com\/ro\/jean-p-gaultier-le-male-elixir-absolu-intense-parfum-200-ml-2\/","url":"https:\/\/shopatoa.com\/ro\/jean-p-gaultier-le-male-elixir-absolu-intense-parfum-200-ml-2\/","name":"Jean P. Gaultier Le Male Elixir Absolu Intense - parfum 200 ml - SHOPATOA.COM","isPartOf":{"@id":"https:\/\/shopatoa.com\/ro\/#website"},"primaryImageOfPage":{"@id":"https:\/\/shopatoa.com\/ro\/jean-p-gaultier-le-male-elixir-absolu-intense-parfum-200-ml-2\/#primaryimage"},"image":{"@id":"https:\/\/shopatoa.com\/ro\/jean-p-gaultier-le-male-elixir-absolu-intense-parfum-200-ml-2\/#primaryimage"},"thumbnailUrl":"https:\/\/storage.googleapis.com\/cz-shopatoa-img\/ro\/2d49b3c4-unnamed-file.webp","datePublished":"2025-05-21T20:14:43+00:00","dateModified":"2025-05-21T20:15:58+00:00","breadcrumb":{"@id":"https:\/\/shopatoa.com\/ro\/jean-p-gaultier-le-male-elixir-absolu-intense-parfum-200-ml-2\/#breadcrumb"},"inLanguage":"ro-RO","potentialAction":[{"@type":"ReadAction","target":["https:\/\/shopatoa.com\/ro\/jean-p-gaultier-le-male-elixir-absolu-intense-parfum-200-ml-2\/"]}]},{"@type":"ImageObject","inLanguage":"ro-RO","@id":"https:\/\/shopatoa.com\/ro\/jean-p-gaultier-le-male-elixir-absolu-intense-parfum-200-ml-2\/#primaryimage","url":"https:\/\/storage.googleapis.com\/cz-shopatoa-img\/ro\/2d49b3c4-unnamed-file.webp","contentUrl":"https:\/\/storage.googleapis.com\/cz-shopatoa-img\/ro\/2d49b3c4-unnamed-file.webp","width":800,"height":800},{"@type":"BreadcrumbList","@id":"https:\/\/shopatoa.com\/ro\/jean-p-gaultier-le-male-elixir-absolu-intense-parfum-200-ml-2\/#breadcrumb","itemListElement":[{"@type":"ListItem","position":1,"name":"Dom\u016f","item":"https:\/\/shopatoa.com\/ro\/"},{"@type":"ListItem","position":2,"name":"Shop","item":"https:\/\/shopatoa.com\/ro\/shop\/"},{"@type":"ListItem","position":3,"name":"Jean P. Gaultier Le Male Elixir Absolu Intense &#8211; parfum 200 ml"}]},{"@type":"WebSite","@id":"https:\/\/shopatoa.com\/ro\/#website","url":"https:\/\/shopatoa.com\/ro\/","name":"SHOPATOA","description":"","publisher":{"@id":"https:\/\/shopatoa.com\/ro\/#organization"},"potentialAction":[{"@type":"SearchAction","target":{"@type":"EntryPoint","urlTemplate":"https:\/\/shopatoa.com\/ro\/?s={search_term_string}"},"query-input":{"@type":"PropertyValueSpecification","valueRequired":true,"valueName":"search_term_string"}}],"inLanguage":"ro-RO"},{"@type":"Organization","@id":"https:\/\/shopatoa.com\/ro\/#organization","name":"SHOPATOA","url":"https:\/\/shopatoa.com\/ro\/","logo":{"@type":"ImageObject","inLanguage":"ro-RO","@id":"https:\/\/shopatoa.com\/ro\/#\/schema\/logo\/image\/","url":"https:\/\/storage.googleapis.com\/cz-shopatoa-img\/ro\/b4dac915-shopatoa_logo.png","contentUrl":"https:\/\/storage.googleapis.com\/cz-shopatoa-img\/ro\/b4dac915-shopatoa_logo.png","width":416,"height":63,"caption":"SHOPATOA"},"image":{"@id":"https:\/\/shopatoa.com\/ro\/#\/schema\/logo\/image\/"}}]}},"_links":{"self":[{"href":"https:\/\/shopatoa.com\/ro\/wp-json\/wp\/v2\/product\/365605","targetHints":{"allow":["GET"]}}],"collection":[{"href":"https:\/\/shopatoa.com\/ro\/wp-json\/wp\/v2\/product"}],"about":[{"href":"https:\/\/shopatoa.com\/ro\/wp-json\/wp\/v2\/types\/product"}],"replies":[{"embeddable":true,"href":"https:\/\/shopatoa.com\/ro\/wp-json\/wp\/v2\/comments?post=365605"}],"wp:featuredmedia":[{"embeddable":true,"href":"https:\/\/shopatoa.com\/ro\/wp-json\/wp\/v2\/media\/365606"}],"wp:attachment":[{"href":"https:\/\/shopatoa.com\/ro\/wp-json\/wp\/v2\/media?parent=365605"}],"wp:term":[{"taxonomy":"product_brand","embeddable":true,"href":"https:\/\/shopatoa.com\/ro\/wp-json\/wp\/v2\/product_brand?post=365605"},{"taxonomy":"product_cat","embeddable":true,"href":"https:\/\/shopatoa.com\/ro\/wp-json\/wp\/v2\/product_cat?post=365605"},{"taxonomy":"product_tag","embeddable":true,"href":"https:\/\/shopatoa.com\/ro\/wp-json\/wp\/v2\/product_tag?post=365605"}],"curies":[{"name":"wp","href":"https:\/\/api.w.org\/{rel}","templated":true}]}}