{"id":365851,"date":"2025-05-21T22:24:53","date_gmt":"2025-05-21T20:24:53","guid":{"rendered":"https:\/\/shopatoa.com\/ro\/inebrya-spray-de-protectie-pentru-culoarea-parului-color-perfect-locker-200-ml-2\/"},"modified":"2025-05-21T22:26:24","modified_gmt":"2025-05-21T20:26:24","slug":"inebrya-spray-de-protectie-pentru-culoarea-parului-color-perfect-locker-200-ml-2","status":"publish","type":"product","link":"https:\/\/shopatoa.com\/ro\/inebrya-spray-de-protectie-pentru-culoarea-parului-color-perfect-locker-200-ml-2\/","title":{"rendered":"Inebrya Spray de protec\u021bie pentru culoarea p\u0103rului (Color Perfect Locker) 200 ml"},"content":{"rendered":"<p>Spray pentru a p\u0103stra intensitatea culorii p\u0103rului vopsit. Ac\u021bioneaz\u0103 ca un scut de protec\u021bie \u0219i asigur\u0103 durabilitatea \u0219i intensitatea culorii. Compozi\u021bia sa, pe baz\u0103 de gluconat de sodiu \u0219i extract de alge, protejeaz\u0103 culoarea p\u0103rului de decolorare \u0219i pierdere de intensitate.<\/p>\n","protected":false},"excerpt":{"rendered":"<p>Spray pentru a p\u0103stra intensitatea culorii p\u0103rului vopsit. Ac\u021bioneaz\u0103 ca un scut de protec\u021bie \u0219i asigur\u0103 durabilitatea \u0219i intensitatea culorii. Compozi\u021bia sa, pe baz\u0103 de gluconat de sodiu \u0219i extract de alge, protejeaz\u0103 culoarea p\u0103rului de decolorare \u0219i pierdere de intensitate.<\/p>\n","protected":false},"featured_media":365853,"comment_status":"closed","ping_status":"open","template":"","meta":{"_acf_changed":false,"_kadence_starter_templates_imported_post":false,"_kad_post_transparent":"","_kad_post_title":"","_kad_post_layout":"","_kad_post_sidebar_id":"","_kad_post_content_style":"","_kad_post_vertical_padding":"","_kad_post_feature":"","_kad_post_feature_position":"","_kad_post_header":false,"_kad_post_footer":false,"_kad_post_classname":""},"product_brand":[914],"product_cat":[694,246,623],"product_tag":[],"class_list":{"0":"post-365851","1":"product","2":"type-product","3":"status-publish","4":"has-post-thumbnail","6":"product_brand-inebrya","7":"product_cat-cosmetica-pentru-colorarea-parului","8":"product_cat-cosmetice","9":"product_cat-produse-cosmetice-pentru-par","11":"first","12":"instock","13":"product-type-external","14":"entry","15":"content-bg","16":"loop-entry"},"acf":[],"yoast_head":"<!-- This site is optimized with the Yoast SEO plugin v27.4 - https:\/\/yoast.com\/product\/yoast-seo-wordpress\/ -->\n<title>Inebrya Spray de protec\u021bie pentru culoarea p\u0103rului (Color Perfect Locker) 200 ml - SHOPATOA.COM<\/title>\n<meta name=\"robots\" content=\"index, follow, max-snippet:-1, max-image-preview:large, max-video-preview:-1\" \/>\n<link rel=\"canonical\" href=\"https:\/\/shopatoa.com\/ro\/inebrya-spray-de-protectie-pentru-culoarea-parului-color-perfect-locker-200-ml-2\/\" \/>\n<meta property=\"og:locale\" content=\"ro_RO\" \/>\n<meta property=\"og:type\" content=\"article\" \/>\n<meta property=\"og:title\" content=\"Inebrya Spray de protec\u021bie pentru culoarea p\u0103rului (Color Perfect Locker) 200 ml - SHOPATOA.COM\" \/>\n<meta property=\"og:description\" content=\"Spray pentru a p\u0103stra intensitatea culorii p\u0103rului vopsit. Ac\u021bioneaz\u0103 ca un scut de protec\u021bie \u0219i asigur\u0103 durabilitatea \u0219i intensitatea culorii. Compozi\u021bia sa, pe baz\u0103 de gluconat de sodiu \u0219i extract de alge, protejeaz\u0103 culoarea p\u0103rului de decolorare \u0219i pierdere de intensitate.\" \/>\n<meta property=\"og:url\" content=\"https:\/\/shopatoa.com\/ro\/inebrya-spray-de-protectie-pentru-culoarea-parului-color-perfect-locker-200-ml-2\/\" \/>\n<meta property=\"og:site_name\" content=\"SHOPATOA\" \/>\n<meta property=\"article:modified_time\" content=\"2025-05-21T20:26:24+00:00\" \/>\n<meta property=\"og:image\" content=\"https:\/\/storage.googleapis.com\/cz-shopatoa-img\/ro\/85650247-unnamed-file.webp\" \/>\n\t<meta property=\"og:image:width\" content=\"800\" \/>\n\t<meta property=\"og:image:height\" content=\"800\" \/>\n\t<meta property=\"og:image:type\" content=\"image\/webp\" \/>\n<meta name=\"twitter:card\" content=\"summary_large_image\" \/>\n<script type=\"application\/ld+json\" class=\"yoast-schema-graph\">{\"@context\":\"https:\\\/\\\/schema.org\",\"@graph\":[{\"@type\":\"WebPage\",\"@id\":\"https:\\\/\\\/shopatoa.com\\\/ro\\\/inebrya-spray-de-protectie-pentru-culoarea-parului-color-perfect-locker-200-ml-2\\\/\",\"url\":\"https:\\\/\\\/shopatoa.com\\\/ro\\\/inebrya-spray-de-protectie-pentru-culoarea-parului-color-perfect-locker-200-ml-2\\\/\",\"name\":\"Inebrya Spray de protec\u021bie pentru culoarea p\u0103rului (Color Perfect Locker) 200 ml - SHOPATOA.COM\",\"isPartOf\":{\"@id\":\"https:\\\/\\\/shopatoa.com\\\/ro\\\/#website\"},\"primaryImageOfPage\":{\"@id\":\"https:\\\/\\\/shopatoa.com\\\/ro\\\/inebrya-spray-de-protectie-pentru-culoarea-parului-color-perfect-locker-200-ml-2\\\/#primaryimage\"},\"image\":{\"@id\":\"https:\\\/\\\/shopatoa.com\\\/ro\\\/inebrya-spray-de-protectie-pentru-culoarea-parului-color-perfect-locker-200-ml-2\\\/#primaryimage\"},\"thumbnailUrl\":\"https:\\\/\\\/storage.googleapis.com\\\/cz-shopatoa-img\\\/ro\\\/85650247-unnamed-file.webp\",\"datePublished\":\"2025-05-21T20:24:53+00:00\",\"dateModified\":\"2025-05-21T20:26:24+00:00\",\"breadcrumb\":{\"@id\":\"https:\\\/\\\/shopatoa.com\\\/ro\\\/inebrya-spray-de-protectie-pentru-culoarea-parului-color-perfect-locker-200-ml-2\\\/#breadcrumb\"},\"inLanguage\":\"ro-RO\",\"potentialAction\":[{\"@type\":\"ReadAction\",\"target\":[\"https:\\\/\\\/shopatoa.com\\\/ro\\\/inebrya-spray-de-protectie-pentru-culoarea-parului-color-perfect-locker-200-ml-2\\\/\"]}]},{\"@type\":\"ImageObject\",\"inLanguage\":\"ro-RO\",\"@id\":\"https:\\\/\\\/shopatoa.com\\\/ro\\\/inebrya-spray-de-protectie-pentru-culoarea-parului-color-perfect-locker-200-ml-2\\\/#primaryimage\",\"url\":\"https:\\\/\\\/storage.googleapis.com\\\/cz-shopatoa-img\\\/ro\\\/85650247-unnamed-file.webp\",\"contentUrl\":\"https:\\\/\\\/storage.googleapis.com\\\/cz-shopatoa-img\\\/ro\\\/85650247-unnamed-file.webp\",\"width\":800,\"height\":800},{\"@type\":\"BreadcrumbList\",\"@id\":\"https:\\\/\\\/shopatoa.com\\\/ro\\\/inebrya-spray-de-protectie-pentru-culoarea-parului-color-perfect-locker-200-ml-2\\\/#breadcrumb\",\"itemListElement\":[{\"@type\":\"ListItem\",\"position\":1,\"name\":\"Dom\u016f\",\"item\":\"https:\\\/\\\/shopatoa.com\\\/ro\\\/\"},{\"@type\":\"ListItem\",\"position\":2,\"name\":\"Shop\",\"item\":\"https:\\\/\\\/shopatoa.com\\\/ro\\\/shop\\\/\"},{\"@type\":\"ListItem\",\"position\":3,\"name\":\"Inebrya Spray de protec\u021bie pentru culoarea p\u0103rului (Color Perfect Locker) 200 ml\"}]},{\"@type\":\"WebSite\",\"@id\":\"https:\\\/\\\/shopatoa.com\\\/ro\\\/#website\",\"url\":\"https:\\\/\\\/shopatoa.com\\\/ro\\\/\",\"name\":\"SHOPATOA\",\"description\":\"\",\"publisher\":{\"@id\":\"https:\\\/\\\/shopatoa.com\\\/ro\\\/#organization\"},\"potentialAction\":[{\"@type\":\"SearchAction\",\"target\":{\"@type\":\"EntryPoint\",\"urlTemplate\":\"https:\\\/\\\/shopatoa.com\\\/ro\\\/?s={search_term_string}\"},\"query-input\":{\"@type\":\"PropertyValueSpecification\",\"valueRequired\":true,\"valueName\":\"search_term_string\"}}],\"inLanguage\":\"ro-RO\"},{\"@type\":\"Organization\",\"@id\":\"https:\\\/\\\/shopatoa.com\\\/ro\\\/#organization\",\"name\":\"SHOPATOA\",\"url\":\"https:\\\/\\\/shopatoa.com\\\/ro\\\/\",\"logo\":{\"@type\":\"ImageObject\",\"inLanguage\":\"ro-RO\",\"@id\":\"https:\\\/\\\/shopatoa.com\\\/ro\\\/#\\\/schema\\\/logo\\\/image\\\/\",\"url\":\"https:\\\/\\\/storage.googleapis.com\\\/cz-shopatoa-img\\\/ro\\\/b4dac915-shopatoa_logo.png\",\"contentUrl\":\"https:\\\/\\\/storage.googleapis.com\\\/cz-shopatoa-img\\\/ro\\\/b4dac915-shopatoa_logo.png\",\"width\":416,\"height\":63,\"caption\":\"SHOPATOA\"},\"image\":{\"@id\":\"https:\\\/\\\/shopatoa.com\\\/ro\\\/#\\\/schema\\\/logo\\\/image\\\/\"}}]}<\/script>\n<!-- \/ Yoast SEO plugin. -->","yoast_head_json":{"title":"Inebrya Spray de protec\u021bie pentru culoarea p\u0103rului (Color Perfect Locker) 200 ml - SHOPATOA.COM","robots":{"index":"index","follow":"follow","max-snippet":"max-snippet:-1","max-image-preview":"max-image-preview:large","max-video-preview":"max-video-preview:-1"},"canonical":"https:\/\/shopatoa.com\/ro\/inebrya-spray-de-protectie-pentru-culoarea-parului-color-perfect-locker-200-ml-2\/","og_locale":"ro_RO","og_type":"article","og_title":"Inebrya Spray de protec\u021bie pentru culoarea p\u0103rului (Color Perfect Locker) 200 ml - SHOPATOA.COM","og_description":"Spray pentru a p\u0103stra intensitatea culorii p\u0103rului vopsit. Ac\u021bioneaz\u0103 ca un scut de protec\u021bie \u0219i asigur\u0103 durabilitatea \u0219i intensitatea culorii. Compozi\u021bia sa, pe baz\u0103 de gluconat de sodiu \u0219i extract de alge, protejeaz\u0103 culoarea p\u0103rului de decolorare \u0219i pierdere de intensitate.","og_url":"https:\/\/shopatoa.com\/ro\/inebrya-spray-de-protectie-pentru-culoarea-parului-color-perfect-locker-200-ml-2\/","og_site_name":"SHOPATOA","article_modified_time":"2025-05-21T20:26:24+00:00","og_image":[{"width":800,"height":800,"url":"https:\/\/storage.googleapis.com\/cz-shopatoa-img\/ro\/85650247-unnamed-file.webp","type":"image\/webp"}],"twitter_card":"summary_large_image","schema":{"@context":"https:\/\/schema.org","@graph":[{"@type":"WebPage","@id":"https:\/\/shopatoa.com\/ro\/inebrya-spray-de-protectie-pentru-culoarea-parului-color-perfect-locker-200-ml-2\/","url":"https:\/\/shopatoa.com\/ro\/inebrya-spray-de-protectie-pentru-culoarea-parului-color-perfect-locker-200-ml-2\/","name":"Inebrya Spray de protec\u021bie pentru culoarea p\u0103rului (Color Perfect Locker) 200 ml - SHOPATOA.COM","isPartOf":{"@id":"https:\/\/shopatoa.com\/ro\/#website"},"primaryImageOfPage":{"@id":"https:\/\/shopatoa.com\/ro\/inebrya-spray-de-protectie-pentru-culoarea-parului-color-perfect-locker-200-ml-2\/#primaryimage"},"image":{"@id":"https:\/\/shopatoa.com\/ro\/inebrya-spray-de-protectie-pentru-culoarea-parului-color-perfect-locker-200-ml-2\/#primaryimage"},"thumbnailUrl":"https:\/\/storage.googleapis.com\/cz-shopatoa-img\/ro\/85650247-unnamed-file.webp","datePublished":"2025-05-21T20:24:53+00:00","dateModified":"2025-05-21T20:26:24+00:00","breadcrumb":{"@id":"https:\/\/shopatoa.com\/ro\/inebrya-spray-de-protectie-pentru-culoarea-parului-color-perfect-locker-200-ml-2\/#breadcrumb"},"inLanguage":"ro-RO","potentialAction":[{"@type":"ReadAction","target":["https:\/\/shopatoa.com\/ro\/inebrya-spray-de-protectie-pentru-culoarea-parului-color-perfect-locker-200-ml-2\/"]}]},{"@type":"ImageObject","inLanguage":"ro-RO","@id":"https:\/\/shopatoa.com\/ro\/inebrya-spray-de-protectie-pentru-culoarea-parului-color-perfect-locker-200-ml-2\/#primaryimage","url":"https:\/\/storage.googleapis.com\/cz-shopatoa-img\/ro\/85650247-unnamed-file.webp","contentUrl":"https:\/\/storage.googleapis.com\/cz-shopatoa-img\/ro\/85650247-unnamed-file.webp","width":800,"height":800},{"@type":"BreadcrumbList","@id":"https:\/\/shopatoa.com\/ro\/inebrya-spray-de-protectie-pentru-culoarea-parului-color-perfect-locker-200-ml-2\/#breadcrumb","itemListElement":[{"@type":"ListItem","position":1,"name":"Dom\u016f","item":"https:\/\/shopatoa.com\/ro\/"},{"@type":"ListItem","position":2,"name":"Shop","item":"https:\/\/shopatoa.com\/ro\/shop\/"},{"@type":"ListItem","position":3,"name":"Inebrya Spray de protec\u021bie pentru culoarea p\u0103rului (Color Perfect Locker) 200 ml"}]},{"@type":"WebSite","@id":"https:\/\/shopatoa.com\/ro\/#website","url":"https:\/\/shopatoa.com\/ro\/","name":"SHOPATOA","description":"","publisher":{"@id":"https:\/\/shopatoa.com\/ro\/#organization"},"potentialAction":[{"@type":"SearchAction","target":{"@type":"EntryPoint","urlTemplate":"https:\/\/shopatoa.com\/ro\/?s={search_term_string}"},"query-input":{"@type":"PropertyValueSpecification","valueRequired":true,"valueName":"search_term_string"}}],"inLanguage":"ro-RO"},{"@type":"Organization","@id":"https:\/\/shopatoa.com\/ro\/#organization","name":"SHOPATOA","url":"https:\/\/shopatoa.com\/ro\/","logo":{"@type":"ImageObject","inLanguage":"ro-RO","@id":"https:\/\/shopatoa.com\/ro\/#\/schema\/logo\/image\/","url":"https:\/\/storage.googleapis.com\/cz-shopatoa-img\/ro\/b4dac915-shopatoa_logo.png","contentUrl":"https:\/\/storage.googleapis.com\/cz-shopatoa-img\/ro\/b4dac915-shopatoa_logo.png","width":416,"height":63,"caption":"SHOPATOA"},"image":{"@id":"https:\/\/shopatoa.com\/ro\/#\/schema\/logo\/image\/"}}]}},"_links":{"self":[{"href":"https:\/\/shopatoa.com\/ro\/wp-json\/wp\/v2\/product\/365851","targetHints":{"allow":["GET"]}}],"collection":[{"href":"https:\/\/shopatoa.com\/ro\/wp-json\/wp\/v2\/product"}],"about":[{"href":"https:\/\/shopatoa.com\/ro\/wp-json\/wp\/v2\/types\/product"}],"replies":[{"embeddable":true,"href":"https:\/\/shopatoa.com\/ro\/wp-json\/wp\/v2\/comments?post=365851"}],"wp:featuredmedia":[{"embeddable":true,"href":"https:\/\/shopatoa.com\/ro\/wp-json\/wp\/v2\/media\/365853"}],"wp:attachment":[{"href":"https:\/\/shopatoa.com\/ro\/wp-json\/wp\/v2\/media?parent=365851"}],"wp:term":[{"taxonomy":"product_brand","embeddable":true,"href":"https:\/\/shopatoa.com\/ro\/wp-json\/wp\/v2\/product_brand?post=365851"},{"taxonomy":"product_cat","embeddable":true,"href":"https:\/\/shopatoa.com\/ro\/wp-json\/wp\/v2\/product_cat?post=365851"},{"taxonomy":"product_tag","embeddable":true,"href":"https:\/\/shopatoa.com\/ro\/wp-json\/wp\/v2\/product_tag?post=365851"}],"curies":[{"name":"wp","href":"https:\/\/api.w.org\/{rel}","templated":true}]}}