{"id":365855,"date":"2025-05-21T22:26:28","date_gmt":"2025-05-21T20:26:28","guid":{"rendered":"https:\/\/shopatoa.com\/ro\/inebrya-ulei-de-stralucire-pentru-par-vopsit-color-perfect-shine-oil-150-ml-2\/"},"modified":"2025-05-21T22:26:35","modified_gmt":"2025-05-21T20:26:35","slug":"inebrya-ulei-de-stralucire-pentru-par-vopsit-color-perfect-shine-oil-150-ml-2","status":"publish","type":"product","link":"https:\/\/shopatoa.com\/ro\/inebrya-ulei-de-stralucire-pentru-par-vopsit-color-perfect-shine-oil-150-ml-2\/","title":{"rendered":"Inebrya Ulei de str\u0103lucire pentru p\u0103r vopsit (Color Perfect Shine Oil) 150 ml"},"content":{"rendered":"<p>Ulei de str\u0103lucire pentru p\u0103rul vopsit, revitalizeaz\u0103 culoarea p\u0103rului, l\u0103s\u00e2ndu-l str\u0103lucitor. Produsul are un miros pl\u0103cut \u0219i este potrivit pentru toate tipurile de p\u0103r. Compozi\u021bia este vegan\u0103 \u0219i nu con\u021bine sulfa\u021bi. Ofer\u0103 str\u0103lucire \u0219i elasticitate dup\u0103 prima aplicare. Eviden\u021biaz\u0103 culoarea p\u0103rului, dup\u0103 aplicare p\u0103rul este moale, m\u0103t\u0103sos \u0219i u\u0219or de piept\u0103nat.<\/p>\n","protected":false},"excerpt":{"rendered":"<p>Ulei de str\u0103lucire pentru p\u0103rul vopsit, revitalizeaz\u0103 culoarea p\u0103rului, l\u0103s\u00e2ndu-l str\u0103lucitor. Produsul are un miros pl\u0103cut \u0219i este potrivit pentru toate tipurile de p\u0103r. Compozi\u021bia este vegan\u0103 \u0219i nu con\u021bine sulfa\u021bi. Ofer\u0103 str\u0103lucire \u0219i elasticitate dup\u0103 prima aplicare. Eviden\u021biaz\u0103 culoarea p\u0103rului, dup\u0103 aplicare p\u0103rul este moale, m\u0103t\u0103sos \u0219i u\u0219or de piept\u0103nat.<\/p>\n","protected":false},"featured_media":365857,"comment_status":"closed","ping_status":"open","template":"","meta":{"_acf_changed":false,"_kadence_starter_templates_imported_post":false,"_kad_post_transparent":"","_kad_post_title":"","_kad_post_layout":"","_kad_post_sidebar_id":"","_kad_post_content_style":"","_kad_post_vertical_padding":"","_kad_post_feature":"","_kad_post_feature_position":"","_kad_post_header":false,"_kad_post_footer":false,"_kad_post_classname":""},"product_brand":[914],"product_cat":[246,696,623],"product_tag":[],"class_list":{"0":"post-365855","1":"product","2":"type-product","3":"status-publish","4":"has-post-thumbnail","6":"product_brand-inebrya","7":"product_cat-cosmetice","8":"product_cat-ingrijirea-parului-fara-clatire","9":"product_cat-produse-cosmetice-pentru-par","11":"first","12":"instock","13":"product-type-external","14":"entry","15":"content-bg","16":"loop-entry"},"acf":[],"yoast_head":"<!-- This site is optimized with the Yoast SEO plugin v27.4 - https:\/\/yoast.com\/product\/yoast-seo-wordpress\/ -->\n<title>Inebrya Ulei de str\u0103lucire pentru p\u0103r vopsit (Color Perfect Shine Oil) 150 ml - SHOPATOA.COM<\/title>\n<meta name=\"robots\" content=\"index, follow, max-snippet:-1, max-image-preview:large, max-video-preview:-1\" \/>\n<link rel=\"canonical\" href=\"https:\/\/shopatoa.com\/ro\/inebrya-ulei-de-stralucire-pentru-par-vopsit-color-perfect-shine-oil-150-ml-2\/\" \/>\n<meta property=\"og:locale\" content=\"ro_RO\" \/>\n<meta property=\"og:type\" content=\"article\" \/>\n<meta property=\"og:title\" content=\"Inebrya Ulei de str\u0103lucire pentru p\u0103r vopsit (Color Perfect Shine Oil) 150 ml - SHOPATOA.COM\" \/>\n<meta property=\"og:description\" content=\"Ulei de str\u0103lucire pentru p\u0103rul vopsit, revitalizeaz\u0103 culoarea p\u0103rului, l\u0103s\u00e2ndu-l str\u0103lucitor. Produsul are un miros pl\u0103cut \u0219i este potrivit pentru toate tipurile de p\u0103r. Compozi\u021bia este vegan\u0103 \u0219i nu con\u021bine sulfa\u021bi. Ofer\u0103 str\u0103lucire \u0219i elasticitate dup\u0103 prima aplicare. Eviden\u021biaz\u0103 culoarea p\u0103rului, dup\u0103 aplicare p\u0103rul este moale, m\u0103t\u0103sos \u0219i u\u0219or de piept\u0103nat.\" \/>\n<meta property=\"og:url\" content=\"https:\/\/shopatoa.com\/ro\/inebrya-ulei-de-stralucire-pentru-par-vopsit-color-perfect-shine-oil-150-ml-2\/\" \/>\n<meta property=\"og:site_name\" content=\"SHOPATOA\" \/>\n<meta property=\"article:modified_time\" content=\"2025-05-21T20:26:35+00:00\" \/>\n<meta property=\"og:image\" content=\"https:\/\/storage.googleapis.com\/cz-shopatoa-img\/ro\/9b7a943f-unnamed-file.webp\" \/>\n\t<meta property=\"og:image:width\" content=\"800\" \/>\n\t<meta property=\"og:image:height\" content=\"800\" \/>\n\t<meta property=\"og:image:type\" content=\"image\/webp\" \/>\n<meta name=\"twitter:card\" content=\"summary_large_image\" \/>\n<script type=\"application\/ld+json\" class=\"yoast-schema-graph\">{\"@context\":\"https:\\\/\\\/schema.org\",\"@graph\":[{\"@type\":\"WebPage\",\"@id\":\"https:\\\/\\\/shopatoa.com\\\/ro\\\/inebrya-ulei-de-stralucire-pentru-par-vopsit-color-perfect-shine-oil-150-ml-2\\\/\",\"url\":\"https:\\\/\\\/shopatoa.com\\\/ro\\\/inebrya-ulei-de-stralucire-pentru-par-vopsit-color-perfect-shine-oil-150-ml-2\\\/\",\"name\":\"Inebrya Ulei de str\u0103lucire pentru p\u0103r vopsit (Color Perfect Shine Oil) 150 ml - SHOPATOA.COM\",\"isPartOf\":{\"@id\":\"https:\\\/\\\/shopatoa.com\\\/ro\\\/#website\"},\"primaryImageOfPage\":{\"@id\":\"https:\\\/\\\/shopatoa.com\\\/ro\\\/inebrya-ulei-de-stralucire-pentru-par-vopsit-color-perfect-shine-oil-150-ml-2\\\/#primaryimage\"},\"image\":{\"@id\":\"https:\\\/\\\/shopatoa.com\\\/ro\\\/inebrya-ulei-de-stralucire-pentru-par-vopsit-color-perfect-shine-oil-150-ml-2\\\/#primaryimage\"},\"thumbnailUrl\":\"https:\\\/\\\/storage.googleapis.com\\\/cz-shopatoa-img\\\/ro\\\/9b7a943f-unnamed-file.webp\",\"datePublished\":\"2025-05-21T20:26:28+00:00\",\"dateModified\":\"2025-05-21T20:26:35+00:00\",\"breadcrumb\":{\"@id\":\"https:\\\/\\\/shopatoa.com\\\/ro\\\/inebrya-ulei-de-stralucire-pentru-par-vopsit-color-perfect-shine-oil-150-ml-2\\\/#breadcrumb\"},\"inLanguage\":\"ro-RO\",\"potentialAction\":[{\"@type\":\"ReadAction\",\"target\":[\"https:\\\/\\\/shopatoa.com\\\/ro\\\/inebrya-ulei-de-stralucire-pentru-par-vopsit-color-perfect-shine-oil-150-ml-2\\\/\"]}]},{\"@type\":\"ImageObject\",\"inLanguage\":\"ro-RO\",\"@id\":\"https:\\\/\\\/shopatoa.com\\\/ro\\\/inebrya-ulei-de-stralucire-pentru-par-vopsit-color-perfect-shine-oil-150-ml-2\\\/#primaryimage\",\"url\":\"https:\\\/\\\/storage.googleapis.com\\\/cz-shopatoa-img\\\/ro\\\/9b7a943f-unnamed-file.webp\",\"contentUrl\":\"https:\\\/\\\/storage.googleapis.com\\\/cz-shopatoa-img\\\/ro\\\/9b7a943f-unnamed-file.webp\",\"width\":800,\"height\":800},{\"@type\":\"BreadcrumbList\",\"@id\":\"https:\\\/\\\/shopatoa.com\\\/ro\\\/inebrya-ulei-de-stralucire-pentru-par-vopsit-color-perfect-shine-oil-150-ml-2\\\/#breadcrumb\",\"itemListElement\":[{\"@type\":\"ListItem\",\"position\":1,\"name\":\"Dom\u016f\",\"item\":\"https:\\\/\\\/shopatoa.com\\\/ro\\\/\"},{\"@type\":\"ListItem\",\"position\":2,\"name\":\"Shop\",\"item\":\"https:\\\/\\\/shopatoa.com\\\/ro\\\/shop\\\/\"},{\"@type\":\"ListItem\",\"position\":3,\"name\":\"Inebrya Ulei de str\u0103lucire pentru p\u0103r vopsit (Color Perfect Shine Oil) 150 ml\"}]},{\"@type\":\"WebSite\",\"@id\":\"https:\\\/\\\/shopatoa.com\\\/ro\\\/#website\",\"url\":\"https:\\\/\\\/shopatoa.com\\\/ro\\\/\",\"name\":\"SHOPATOA\",\"description\":\"\",\"publisher\":{\"@id\":\"https:\\\/\\\/shopatoa.com\\\/ro\\\/#organization\"},\"potentialAction\":[{\"@type\":\"SearchAction\",\"target\":{\"@type\":\"EntryPoint\",\"urlTemplate\":\"https:\\\/\\\/shopatoa.com\\\/ro\\\/?s={search_term_string}\"},\"query-input\":{\"@type\":\"PropertyValueSpecification\",\"valueRequired\":true,\"valueName\":\"search_term_string\"}}],\"inLanguage\":\"ro-RO\"},{\"@type\":\"Organization\",\"@id\":\"https:\\\/\\\/shopatoa.com\\\/ro\\\/#organization\",\"name\":\"SHOPATOA\",\"url\":\"https:\\\/\\\/shopatoa.com\\\/ro\\\/\",\"logo\":{\"@type\":\"ImageObject\",\"inLanguage\":\"ro-RO\",\"@id\":\"https:\\\/\\\/shopatoa.com\\\/ro\\\/#\\\/schema\\\/logo\\\/image\\\/\",\"url\":\"https:\\\/\\\/storage.googleapis.com\\\/cz-shopatoa-img\\\/ro\\\/b4dac915-shopatoa_logo.png\",\"contentUrl\":\"https:\\\/\\\/storage.googleapis.com\\\/cz-shopatoa-img\\\/ro\\\/b4dac915-shopatoa_logo.png\",\"width\":416,\"height\":63,\"caption\":\"SHOPATOA\"},\"image\":{\"@id\":\"https:\\\/\\\/shopatoa.com\\\/ro\\\/#\\\/schema\\\/logo\\\/image\\\/\"}}]}<\/script>\n<!-- \/ Yoast SEO plugin. -->","yoast_head_json":{"title":"Inebrya Ulei de str\u0103lucire pentru p\u0103r vopsit (Color Perfect Shine Oil) 150 ml - SHOPATOA.COM","robots":{"index":"index","follow":"follow","max-snippet":"max-snippet:-1","max-image-preview":"max-image-preview:large","max-video-preview":"max-video-preview:-1"},"canonical":"https:\/\/shopatoa.com\/ro\/inebrya-ulei-de-stralucire-pentru-par-vopsit-color-perfect-shine-oil-150-ml-2\/","og_locale":"ro_RO","og_type":"article","og_title":"Inebrya Ulei de str\u0103lucire pentru p\u0103r vopsit (Color Perfect Shine Oil) 150 ml - SHOPATOA.COM","og_description":"Ulei de str\u0103lucire pentru p\u0103rul vopsit, revitalizeaz\u0103 culoarea p\u0103rului, l\u0103s\u00e2ndu-l str\u0103lucitor. Produsul are un miros pl\u0103cut \u0219i este potrivit pentru toate tipurile de p\u0103r. Compozi\u021bia este vegan\u0103 \u0219i nu con\u021bine sulfa\u021bi. Ofer\u0103 str\u0103lucire \u0219i elasticitate dup\u0103 prima aplicare. Eviden\u021biaz\u0103 culoarea p\u0103rului, dup\u0103 aplicare p\u0103rul este moale, m\u0103t\u0103sos \u0219i u\u0219or de piept\u0103nat.","og_url":"https:\/\/shopatoa.com\/ro\/inebrya-ulei-de-stralucire-pentru-par-vopsit-color-perfect-shine-oil-150-ml-2\/","og_site_name":"SHOPATOA","article_modified_time":"2025-05-21T20:26:35+00:00","og_image":[{"width":800,"height":800,"url":"https:\/\/storage.googleapis.com\/cz-shopatoa-img\/ro\/9b7a943f-unnamed-file.webp","type":"image\/webp"}],"twitter_card":"summary_large_image","schema":{"@context":"https:\/\/schema.org","@graph":[{"@type":"WebPage","@id":"https:\/\/shopatoa.com\/ro\/inebrya-ulei-de-stralucire-pentru-par-vopsit-color-perfect-shine-oil-150-ml-2\/","url":"https:\/\/shopatoa.com\/ro\/inebrya-ulei-de-stralucire-pentru-par-vopsit-color-perfect-shine-oil-150-ml-2\/","name":"Inebrya Ulei de str\u0103lucire pentru p\u0103r vopsit (Color Perfect Shine Oil) 150 ml - SHOPATOA.COM","isPartOf":{"@id":"https:\/\/shopatoa.com\/ro\/#website"},"primaryImageOfPage":{"@id":"https:\/\/shopatoa.com\/ro\/inebrya-ulei-de-stralucire-pentru-par-vopsit-color-perfect-shine-oil-150-ml-2\/#primaryimage"},"image":{"@id":"https:\/\/shopatoa.com\/ro\/inebrya-ulei-de-stralucire-pentru-par-vopsit-color-perfect-shine-oil-150-ml-2\/#primaryimage"},"thumbnailUrl":"https:\/\/storage.googleapis.com\/cz-shopatoa-img\/ro\/9b7a943f-unnamed-file.webp","datePublished":"2025-05-21T20:26:28+00:00","dateModified":"2025-05-21T20:26:35+00:00","breadcrumb":{"@id":"https:\/\/shopatoa.com\/ro\/inebrya-ulei-de-stralucire-pentru-par-vopsit-color-perfect-shine-oil-150-ml-2\/#breadcrumb"},"inLanguage":"ro-RO","potentialAction":[{"@type":"ReadAction","target":["https:\/\/shopatoa.com\/ro\/inebrya-ulei-de-stralucire-pentru-par-vopsit-color-perfect-shine-oil-150-ml-2\/"]}]},{"@type":"ImageObject","inLanguage":"ro-RO","@id":"https:\/\/shopatoa.com\/ro\/inebrya-ulei-de-stralucire-pentru-par-vopsit-color-perfect-shine-oil-150-ml-2\/#primaryimage","url":"https:\/\/storage.googleapis.com\/cz-shopatoa-img\/ro\/9b7a943f-unnamed-file.webp","contentUrl":"https:\/\/storage.googleapis.com\/cz-shopatoa-img\/ro\/9b7a943f-unnamed-file.webp","width":800,"height":800},{"@type":"BreadcrumbList","@id":"https:\/\/shopatoa.com\/ro\/inebrya-ulei-de-stralucire-pentru-par-vopsit-color-perfect-shine-oil-150-ml-2\/#breadcrumb","itemListElement":[{"@type":"ListItem","position":1,"name":"Dom\u016f","item":"https:\/\/shopatoa.com\/ro\/"},{"@type":"ListItem","position":2,"name":"Shop","item":"https:\/\/shopatoa.com\/ro\/shop\/"},{"@type":"ListItem","position":3,"name":"Inebrya Ulei de str\u0103lucire pentru p\u0103r vopsit (Color Perfect Shine Oil) 150 ml"}]},{"@type":"WebSite","@id":"https:\/\/shopatoa.com\/ro\/#website","url":"https:\/\/shopatoa.com\/ro\/","name":"SHOPATOA","description":"","publisher":{"@id":"https:\/\/shopatoa.com\/ro\/#organization"},"potentialAction":[{"@type":"SearchAction","target":{"@type":"EntryPoint","urlTemplate":"https:\/\/shopatoa.com\/ro\/?s={search_term_string}"},"query-input":{"@type":"PropertyValueSpecification","valueRequired":true,"valueName":"search_term_string"}}],"inLanguage":"ro-RO"},{"@type":"Organization","@id":"https:\/\/shopatoa.com\/ro\/#organization","name":"SHOPATOA","url":"https:\/\/shopatoa.com\/ro\/","logo":{"@type":"ImageObject","inLanguage":"ro-RO","@id":"https:\/\/shopatoa.com\/ro\/#\/schema\/logo\/image\/","url":"https:\/\/storage.googleapis.com\/cz-shopatoa-img\/ro\/b4dac915-shopatoa_logo.png","contentUrl":"https:\/\/storage.googleapis.com\/cz-shopatoa-img\/ro\/b4dac915-shopatoa_logo.png","width":416,"height":63,"caption":"SHOPATOA"},"image":{"@id":"https:\/\/shopatoa.com\/ro\/#\/schema\/logo\/image\/"}}]}},"_links":{"self":[{"href":"https:\/\/shopatoa.com\/ro\/wp-json\/wp\/v2\/product\/365855","targetHints":{"allow":["GET"]}}],"collection":[{"href":"https:\/\/shopatoa.com\/ro\/wp-json\/wp\/v2\/product"}],"about":[{"href":"https:\/\/shopatoa.com\/ro\/wp-json\/wp\/v2\/types\/product"}],"replies":[{"embeddable":true,"href":"https:\/\/shopatoa.com\/ro\/wp-json\/wp\/v2\/comments?post=365855"}],"wp:featuredmedia":[{"embeddable":true,"href":"https:\/\/shopatoa.com\/ro\/wp-json\/wp\/v2\/media\/365857"}],"wp:attachment":[{"href":"https:\/\/shopatoa.com\/ro\/wp-json\/wp\/v2\/media?parent=365855"}],"wp:term":[{"taxonomy":"product_brand","embeddable":true,"href":"https:\/\/shopatoa.com\/ro\/wp-json\/wp\/v2\/product_brand?post=365855"},{"taxonomy":"product_cat","embeddable":true,"href":"https:\/\/shopatoa.com\/ro\/wp-json\/wp\/v2\/product_cat?post=365855"},{"taxonomy":"product_tag","embeddable":true,"href":"https:\/\/shopatoa.com\/ro\/wp-json\/wp\/v2\/product_tag?post=365855"}],"curies":[{"name":"wp","href":"https:\/\/api.w.org\/{rel}","templated":true}]}}