{"id":366303,"date":"2025-05-21T22:45:14","date_gmt":"2025-05-21T20:45:14","guid":{"rendered":"https:\/\/shopatoa.com\/ro\/abercrombie-fitch-authentic-self-man-edt-30-ml-3\/"},"modified":"2025-05-21T22:45:39","modified_gmt":"2025-05-21T20:45:39","slug":"abercrombie-fitch-authentic-self-man-edt-30-ml-3","status":"publish","type":"product","link":"https:\/\/shopatoa.com\/ro\/abercrombie-fitch-authentic-self-man-edt-30-ml-3\/","title":{"rendered":"Abercrombie &#038; Fitch Authentic Self Man &#8211; EDT 30 ml"},"content":{"rendered":"<p>Authentic Self Man de la brandul Abercrombie &#038; Fitch este o ap\u0103 de toalet\u0103 pentru b\u0103rba\u021bi cu un puternic caracter aromatic. Arat\u0103 lumii sinele t\u0103u autentic \u0219i nu-\u021bi fie team\u0103 s\u0103 exprimi cine e\u0219ti cu adev\u0103rat. Dinamismul \u00eentregii compozi\u021bii const\u0103 \u00een introducere, unde nota aromatic\u0103, r\u0103coritoare a chiparosului se combin\u0103 cu acordurile picante de cardamom \u0219i ghimbir. Pelargoniul din inima parfumului este \u00eenso\u021bit de frezie \u0219i o frunz\u0103 de violet\u0103 r\u0103coritoare. Poten\u021bialul lor va fi sporit de lemnul de cedru de Virginia, iar combina\u021bia sa cu vanilie de Madagascar \u0219i boabe de tonka v\u0103 va aminti constant cine sunte\u021bi. Authentic Self Man este o s\u0103rb\u0103toare a vie\u021bii, a accept\u0103rii de sine \u0219i a u\u0219urin\u021bei cu care navighezi prin via\u021b\u0103 dac\u0103 \u00ee\u021bi permi\u021bi cu adev\u0103rat s\u0103 fii tu \u00eensu\u021bi. Aceast\u0103 ap\u0103 de toalet\u0103 pentru b\u0103rba\u021bi, care formeaz\u0103 un duo perfect cu versiunea pentru femei, Authentic Self Woman, a fost lansat\u0103 \u00een 2023 \u0219i a fost creat\u0103 de Frank Voelkl.<\/p>\n","protected":false},"excerpt":{"rendered":"<p>Authentic Self Man de la brandul Abercrombie &#038; Fitch este o ap\u0103 de toalet\u0103 pentru b\u0103rba\u021bi cu un puternic caracter aromatic. Arat\u0103 lumii sinele t\u0103u autentic \u0219i nu-\u021bi fie team\u0103 s\u0103 exprimi cine e\u0219ti cu adev\u0103rat. Dinamismul \u00eentregii compozi\u021bii const\u0103 \u00een introducere, unde nota aromatic\u0103, r\u0103coritoare a chiparosului se combin\u0103 cu acordurile picante de cardamom&#8230;<\/p>\n","protected":false},"featured_media":366304,"comment_status":"closed","ping_status":"open","template":"","meta":{"_acf_changed":false,"_kadence_starter_templates_imported_post":false,"_kad_post_transparent":"","_kad_post_title":"","_kad_post_layout":"","_kad_post_sidebar_id":"","_kad_post_content_style":"","_kad_post_vertical_padding":"","_kad_post_feature":"","_kad_post_feature_position":"","_kad_post_header":false,"_kad_post_footer":false,"_kad_post_classname":""},"product_brand":[312],"product_cat":[615,614],"product_tag":[],"class_list":{"0":"post-366303","1":"product","2":"type-product","3":"status-publish","4":"has-post-thumbnail","6":"product_brand-abercrombie-fitch","7":"product_cat-ape-de-toaleta-edt","8":"product_cat-parfumuri","10":"first","11":"instock","12":"product-type-external","13":"entry","14":"content-bg","15":"loop-entry"},"acf":[],"yoast_head":"<!-- This site is optimized with the Yoast SEO plugin v27.3 - https:\/\/yoast.com\/product\/yoast-seo-wordpress\/ -->\n<title>Abercrombie &amp; Fitch Authentic Self Man - EDT 30 ml - SHOPATOA.COM<\/title>\n<meta name=\"robots\" content=\"index, follow, max-snippet:-1, max-image-preview:large, max-video-preview:-1\" \/>\n<link rel=\"canonical\" href=\"https:\/\/shopatoa.com\/ro\/abercrombie-fitch-authentic-self-man-edt-30-ml-3\/\" \/>\n<meta property=\"og:locale\" content=\"ro_RO\" \/>\n<meta property=\"og:type\" content=\"article\" \/>\n<meta property=\"og:title\" content=\"Abercrombie &amp; Fitch Authentic Self Man - EDT 30 ml - SHOPATOA.COM\" \/>\n<meta property=\"og:description\" content=\"Authentic Self Man de la brandul Abercrombie &#038; Fitch este o ap\u0103 de toalet\u0103 pentru b\u0103rba\u021bi cu un puternic caracter aromatic. Arat\u0103 lumii sinele t\u0103u autentic \u0219i nu-\u021bi fie team\u0103 s\u0103 exprimi cine e\u0219ti cu adev\u0103rat. Dinamismul \u00eentregii compozi\u021bii const\u0103 \u00een introducere, unde nota aromatic\u0103, r\u0103coritoare a chiparosului se combin\u0103 cu acordurile picante de cardamom...\" \/>\n<meta property=\"og:url\" content=\"https:\/\/shopatoa.com\/ro\/abercrombie-fitch-authentic-self-man-edt-30-ml-3\/\" \/>\n<meta property=\"og:site_name\" content=\"SHOPATOA\" \/>\n<meta property=\"article:modified_time\" content=\"2025-05-21T20:45:39+00:00\" \/>\n<meta property=\"og:image\" content=\"https:\/\/storage.googleapis.com\/cz-shopatoa-img\/ro\/a30e8e6b-unnamed-file.webp\" \/>\n\t<meta property=\"og:image:width\" content=\"800\" \/>\n\t<meta property=\"og:image:height\" content=\"800\" \/>\n\t<meta property=\"og:image:type\" content=\"image\/webp\" \/>\n<meta name=\"twitter:card\" content=\"summary_large_image\" \/>\n<meta name=\"twitter:label1\" content=\"Timp estimat pentru citire\" \/>\n\t<meta name=\"twitter:data1\" content=\"1 minut\" \/>\n<script type=\"application\/ld+json\" class=\"yoast-schema-graph\">{\"@context\":\"https:\\\/\\\/schema.org\",\"@graph\":[{\"@type\":\"WebPage\",\"@id\":\"https:\\\/\\\/shopatoa.com\\\/ro\\\/abercrombie-fitch-authentic-self-man-edt-30-ml-3\\\/\",\"url\":\"https:\\\/\\\/shopatoa.com\\\/ro\\\/abercrombie-fitch-authentic-self-man-edt-30-ml-3\\\/\",\"name\":\"Abercrombie & Fitch Authentic Self Man - EDT 30 ml - SHOPATOA.COM\",\"isPartOf\":{\"@id\":\"https:\\\/\\\/shopatoa.com\\\/ro\\\/#website\"},\"primaryImageOfPage\":{\"@id\":\"https:\\\/\\\/shopatoa.com\\\/ro\\\/abercrombie-fitch-authentic-self-man-edt-30-ml-3\\\/#primaryimage\"},\"image\":{\"@id\":\"https:\\\/\\\/shopatoa.com\\\/ro\\\/abercrombie-fitch-authentic-self-man-edt-30-ml-3\\\/#primaryimage\"},\"thumbnailUrl\":\"https:\\\/\\\/storage.googleapis.com\\\/cz-shopatoa-img\\\/ro\\\/a30e8e6b-unnamed-file.webp\",\"datePublished\":\"2025-05-21T20:45:14+00:00\",\"dateModified\":\"2025-05-21T20:45:39+00:00\",\"breadcrumb\":{\"@id\":\"https:\\\/\\\/shopatoa.com\\\/ro\\\/abercrombie-fitch-authentic-self-man-edt-30-ml-3\\\/#breadcrumb\"},\"inLanguage\":\"ro-RO\",\"potentialAction\":[{\"@type\":\"ReadAction\",\"target\":[\"https:\\\/\\\/shopatoa.com\\\/ro\\\/abercrombie-fitch-authentic-self-man-edt-30-ml-3\\\/\"]}]},{\"@type\":\"ImageObject\",\"inLanguage\":\"ro-RO\",\"@id\":\"https:\\\/\\\/shopatoa.com\\\/ro\\\/abercrombie-fitch-authentic-self-man-edt-30-ml-3\\\/#primaryimage\",\"url\":\"https:\\\/\\\/storage.googleapis.com\\\/cz-shopatoa-img\\\/ro\\\/a30e8e6b-unnamed-file.webp\",\"contentUrl\":\"https:\\\/\\\/storage.googleapis.com\\\/cz-shopatoa-img\\\/ro\\\/a30e8e6b-unnamed-file.webp\",\"width\":800,\"height\":800},{\"@type\":\"BreadcrumbList\",\"@id\":\"https:\\\/\\\/shopatoa.com\\\/ro\\\/abercrombie-fitch-authentic-self-man-edt-30-ml-3\\\/#breadcrumb\",\"itemListElement\":[{\"@type\":\"ListItem\",\"position\":1,\"name\":\"Dom\u016f\",\"item\":\"https:\\\/\\\/shopatoa.com\\\/ro\\\/\"},{\"@type\":\"ListItem\",\"position\":2,\"name\":\"Shop\",\"item\":\"https:\\\/\\\/shopatoa.com\\\/ro\\\/shop\\\/\"},{\"@type\":\"ListItem\",\"position\":3,\"name\":\"Abercrombie &#038; Fitch Authentic Self Man &#8211; EDT 30 ml\"}]},{\"@type\":\"WebSite\",\"@id\":\"https:\\\/\\\/shopatoa.com\\\/ro\\\/#website\",\"url\":\"https:\\\/\\\/shopatoa.com\\\/ro\\\/\",\"name\":\"SHOPATOA\",\"description\":\"\",\"publisher\":{\"@id\":\"https:\\\/\\\/shopatoa.com\\\/ro\\\/#organization\"},\"potentialAction\":[{\"@type\":\"SearchAction\",\"target\":{\"@type\":\"EntryPoint\",\"urlTemplate\":\"https:\\\/\\\/shopatoa.com\\\/ro\\\/?s={search_term_string}\"},\"query-input\":{\"@type\":\"PropertyValueSpecification\",\"valueRequired\":true,\"valueName\":\"search_term_string\"}}],\"inLanguage\":\"ro-RO\"},{\"@type\":\"Organization\",\"@id\":\"https:\\\/\\\/shopatoa.com\\\/ro\\\/#organization\",\"name\":\"SHOPATOA\",\"url\":\"https:\\\/\\\/shopatoa.com\\\/ro\\\/\",\"logo\":{\"@type\":\"ImageObject\",\"inLanguage\":\"ro-RO\",\"@id\":\"https:\\\/\\\/shopatoa.com\\\/ro\\\/#\\\/schema\\\/logo\\\/image\\\/\",\"url\":\"https:\\\/\\\/storage.googleapis.com\\\/cz-shopatoa-img\\\/ro\\\/b4dac915-shopatoa_logo.png\",\"contentUrl\":\"https:\\\/\\\/storage.googleapis.com\\\/cz-shopatoa-img\\\/ro\\\/b4dac915-shopatoa_logo.png\",\"width\":416,\"height\":63,\"caption\":\"SHOPATOA\"},\"image\":{\"@id\":\"https:\\\/\\\/shopatoa.com\\\/ro\\\/#\\\/schema\\\/logo\\\/image\\\/\"}}]}<\/script>\n<!-- \/ Yoast SEO plugin. -->","yoast_head_json":{"title":"Abercrombie & Fitch Authentic Self Man - EDT 30 ml - SHOPATOA.COM","robots":{"index":"index","follow":"follow","max-snippet":"max-snippet:-1","max-image-preview":"max-image-preview:large","max-video-preview":"max-video-preview:-1"},"canonical":"https:\/\/shopatoa.com\/ro\/abercrombie-fitch-authentic-self-man-edt-30-ml-3\/","og_locale":"ro_RO","og_type":"article","og_title":"Abercrombie & Fitch Authentic Self Man - EDT 30 ml - SHOPATOA.COM","og_description":"Authentic Self Man de la brandul Abercrombie &#038; Fitch este o ap\u0103 de toalet\u0103 pentru b\u0103rba\u021bi cu un puternic caracter aromatic. Arat\u0103 lumii sinele t\u0103u autentic \u0219i nu-\u021bi fie team\u0103 s\u0103 exprimi cine e\u0219ti cu adev\u0103rat. Dinamismul \u00eentregii compozi\u021bii const\u0103 \u00een introducere, unde nota aromatic\u0103, r\u0103coritoare a chiparosului se combin\u0103 cu acordurile picante de cardamom...","og_url":"https:\/\/shopatoa.com\/ro\/abercrombie-fitch-authentic-self-man-edt-30-ml-3\/","og_site_name":"SHOPATOA","article_modified_time":"2025-05-21T20:45:39+00:00","og_image":[{"width":800,"height":800,"url":"https:\/\/storage.googleapis.com\/cz-shopatoa-img\/ro\/a30e8e6b-unnamed-file.webp","type":"image\/webp"}],"twitter_card":"summary_large_image","twitter_misc":{"Timp estimat pentru citire":"1 minut"},"schema":{"@context":"https:\/\/schema.org","@graph":[{"@type":"WebPage","@id":"https:\/\/shopatoa.com\/ro\/abercrombie-fitch-authentic-self-man-edt-30-ml-3\/","url":"https:\/\/shopatoa.com\/ro\/abercrombie-fitch-authentic-self-man-edt-30-ml-3\/","name":"Abercrombie & Fitch Authentic Self Man - EDT 30 ml - SHOPATOA.COM","isPartOf":{"@id":"https:\/\/shopatoa.com\/ro\/#website"},"primaryImageOfPage":{"@id":"https:\/\/shopatoa.com\/ro\/abercrombie-fitch-authentic-self-man-edt-30-ml-3\/#primaryimage"},"image":{"@id":"https:\/\/shopatoa.com\/ro\/abercrombie-fitch-authentic-self-man-edt-30-ml-3\/#primaryimage"},"thumbnailUrl":"https:\/\/storage.googleapis.com\/cz-shopatoa-img\/ro\/a30e8e6b-unnamed-file.webp","datePublished":"2025-05-21T20:45:14+00:00","dateModified":"2025-05-21T20:45:39+00:00","breadcrumb":{"@id":"https:\/\/shopatoa.com\/ro\/abercrombie-fitch-authentic-self-man-edt-30-ml-3\/#breadcrumb"},"inLanguage":"ro-RO","potentialAction":[{"@type":"ReadAction","target":["https:\/\/shopatoa.com\/ro\/abercrombie-fitch-authentic-self-man-edt-30-ml-3\/"]}]},{"@type":"ImageObject","inLanguage":"ro-RO","@id":"https:\/\/shopatoa.com\/ro\/abercrombie-fitch-authentic-self-man-edt-30-ml-3\/#primaryimage","url":"https:\/\/storage.googleapis.com\/cz-shopatoa-img\/ro\/a30e8e6b-unnamed-file.webp","contentUrl":"https:\/\/storage.googleapis.com\/cz-shopatoa-img\/ro\/a30e8e6b-unnamed-file.webp","width":800,"height":800},{"@type":"BreadcrumbList","@id":"https:\/\/shopatoa.com\/ro\/abercrombie-fitch-authentic-self-man-edt-30-ml-3\/#breadcrumb","itemListElement":[{"@type":"ListItem","position":1,"name":"Dom\u016f","item":"https:\/\/shopatoa.com\/ro\/"},{"@type":"ListItem","position":2,"name":"Shop","item":"https:\/\/shopatoa.com\/ro\/shop\/"},{"@type":"ListItem","position":3,"name":"Abercrombie &#038; Fitch Authentic Self Man &#8211; EDT 30 ml"}]},{"@type":"WebSite","@id":"https:\/\/shopatoa.com\/ro\/#website","url":"https:\/\/shopatoa.com\/ro\/","name":"SHOPATOA","description":"","publisher":{"@id":"https:\/\/shopatoa.com\/ro\/#organization"},"potentialAction":[{"@type":"SearchAction","target":{"@type":"EntryPoint","urlTemplate":"https:\/\/shopatoa.com\/ro\/?s={search_term_string}"},"query-input":{"@type":"PropertyValueSpecification","valueRequired":true,"valueName":"search_term_string"}}],"inLanguage":"ro-RO"},{"@type":"Organization","@id":"https:\/\/shopatoa.com\/ro\/#organization","name":"SHOPATOA","url":"https:\/\/shopatoa.com\/ro\/","logo":{"@type":"ImageObject","inLanguage":"ro-RO","@id":"https:\/\/shopatoa.com\/ro\/#\/schema\/logo\/image\/","url":"https:\/\/storage.googleapis.com\/cz-shopatoa-img\/ro\/b4dac915-shopatoa_logo.png","contentUrl":"https:\/\/storage.googleapis.com\/cz-shopatoa-img\/ro\/b4dac915-shopatoa_logo.png","width":416,"height":63,"caption":"SHOPATOA"},"image":{"@id":"https:\/\/shopatoa.com\/ro\/#\/schema\/logo\/image\/"}}]}},"_links":{"self":[{"href":"https:\/\/shopatoa.com\/ro\/wp-json\/wp\/v2\/product\/366303","targetHints":{"allow":["GET"]}}],"collection":[{"href":"https:\/\/shopatoa.com\/ro\/wp-json\/wp\/v2\/product"}],"about":[{"href":"https:\/\/shopatoa.com\/ro\/wp-json\/wp\/v2\/types\/product"}],"replies":[{"embeddable":true,"href":"https:\/\/shopatoa.com\/ro\/wp-json\/wp\/v2\/comments?post=366303"}],"wp:featuredmedia":[{"embeddable":true,"href":"https:\/\/shopatoa.com\/ro\/wp-json\/wp\/v2\/media\/366304"}],"wp:attachment":[{"href":"https:\/\/shopatoa.com\/ro\/wp-json\/wp\/v2\/media?parent=366303"}],"wp:term":[{"taxonomy":"product_brand","embeddable":true,"href":"https:\/\/shopatoa.com\/ro\/wp-json\/wp\/v2\/product_brand?post=366303"},{"taxonomy":"product_cat","embeddable":true,"href":"https:\/\/shopatoa.com\/ro\/wp-json\/wp\/v2\/product_cat?post=366303"},{"taxonomy":"product_tag","embeddable":true,"href":"https:\/\/shopatoa.com\/ro\/wp-json\/wp\/v2\/product_tag?post=366303"}],"curies":[{"name":"wp","href":"https:\/\/api.w.org\/{rel}","templated":true}]}}