{"id":366531,"date":"2025-05-21T22:55:15","date_gmt":"2025-05-21T20:55:15","guid":{"rendered":"https:\/\/shopatoa.com\/ro\/dripping-gold-apa-auto-bronzanta-dark-liquid-tan-150-ml-2\/"},"modified":"2025-12-12T04:45:39","modified_gmt":"2025-12-12T03:45:39","slug":"dripping-gold-apa-auto-bronzanta-dark-liquid-tan-150-ml-2","status":"publish","type":"product","link":"https:\/\/shopatoa.com\/ro\/dripping-gold-apa-auto-bronzanta-dark-liquid-tan-150-ml-2\/","title":{"rendered":"Dripping Gold Ap\u0103 auto bronzant\u0103 Dark (Liquid Tan) 150 ml"},"content":{"rendered":"<p>Apa de auto bronzare Dark v\u0103 va oferi un bronz frumos auriu, care arat\u0103 \u00eentotdeauna natural. Formula lichid\u0103 u\u0219oar\u0103 faciliteaz\u0103 ob\u021binerea unui finisaj impecabil, f\u0103r\u0103 pete \u0219i este plin\u0103 de ingrediente hr\u0103nitoare pentru hidratarea \u0219i condi\u021bionarea pielii.<\/p>\n","protected":false},"excerpt":{"rendered":"<p>Apa de auto bronzare Dark v\u0103 va oferi un bronz frumos auriu, care arat\u0103 \u00eentotdeauna natural. Formula lichid\u0103 u\u0219oar\u0103 faciliteaz\u0103 ob\u021binerea unui finisaj impecabil, f\u0103r\u0103 pete \u0219i este plin\u0103 de ingrediente hr\u0103nitoare pentru hidratarea \u0219i condi\u021bionarea pielii.<\/p>\n","protected":false},"featured_media":366532,"comment_status":"closed","ping_status":"open","template":"","meta":{"_acf_changed":false,"_kadence_starter_templates_imported_post":false,"_kad_post_transparent":"","_kad_post_title":"","_kad_post_layout":"","_kad_post_sidebar_id":"","_kad_post_content_style":"","_kad_post_vertical_padding":"","_kad_post_feature":"","_kad_post_feature_position":"","_kad_post_header":false,"_kad_post_footer":false,"_kad_post_classname":""},"product_brand":[921],"product_cat":[246,642,768],"product_tag":[],"class_list":{"0":"post-366531","1":"product","2":"type-product","3":"status-publish","4":"has-post-thumbnail","6":"product_brand-dripping-gold","7":"product_cat-cosmetice","8":"product_cat-cosmetice-de-protectie-solara","9":"product_cat-produse-cosmetice-autobronzante","11":"first","12":"instock","13":"sale","14":"product-type-external","15":"entry","16":"content-bg","17":"loop-entry"},"acf":[],"yoast_head":"<!-- This site is optimized with the Yoast SEO plugin v27.3 - https:\/\/yoast.com\/product\/yoast-seo-wordpress\/ -->\n<title>Dripping Gold Ap\u0103 auto bronzant\u0103 Dark (Liquid Tan) 150 ml - SHOPATOA.COM<\/title>\n<meta name=\"robots\" content=\"index, follow, max-snippet:-1, max-image-preview:large, max-video-preview:-1\" \/>\n<link rel=\"canonical\" href=\"https:\/\/shopatoa.com\/ro\/dripping-gold-apa-auto-bronzanta-dark-liquid-tan-150-ml-2\/\" \/>\n<meta property=\"og:locale\" content=\"ro_RO\" \/>\n<meta property=\"og:type\" content=\"article\" \/>\n<meta property=\"og:title\" content=\"Dripping Gold Ap\u0103 auto bronzant\u0103 Dark (Liquid Tan) 150 ml - SHOPATOA.COM\" \/>\n<meta property=\"og:description\" content=\"Apa de auto bronzare Dark v\u0103 va oferi un bronz frumos auriu, care arat\u0103 \u00eentotdeauna natural. Formula lichid\u0103 u\u0219oar\u0103 faciliteaz\u0103 ob\u021binerea unui finisaj impecabil, f\u0103r\u0103 pete \u0219i este plin\u0103 de ingrediente hr\u0103nitoare pentru hidratarea \u0219i condi\u021bionarea pielii.\" \/>\n<meta property=\"og:url\" content=\"https:\/\/shopatoa.com\/ro\/dripping-gold-apa-auto-bronzanta-dark-liquid-tan-150-ml-2\/\" \/>\n<meta property=\"og:site_name\" content=\"SHOPATOA\" \/>\n<meta property=\"article:modified_time\" content=\"2025-12-12T03:45:39+00:00\" \/>\n<meta property=\"og:image\" content=\"https:\/\/storage.googleapis.com\/cz-shopatoa-img\/ro\/6ef3062f-unnamed-file.webp\" \/>\n\t<meta property=\"og:image:width\" content=\"800\" \/>\n\t<meta property=\"og:image:height\" content=\"800\" \/>\n\t<meta property=\"og:image:type\" content=\"image\/webp\" \/>\n<meta name=\"twitter:card\" content=\"summary_large_image\" \/>\n<script type=\"application\/ld+json\" class=\"yoast-schema-graph\">{\"@context\":\"https:\\\/\\\/schema.org\",\"@graph\":[{\"@type\":\"WebPage\",\"@id\":\"https:\\\/\\\/shopatoa.com\\\/ro\\\/dripping-gold-apa-auto-bronzanta-dark-liquid-tan-150-ml-2\\\/\",\"url\":\"https:\\\/\\\/shopatoa.com\\\/ro\\\/dripping-gold-apa-auto-bronzanta-dark-liquid-tan-150-ml-2\\\/\",\"name\":\"Dripping Gold Ap\u0103 auto bronzant\u0103 Dark (Liquid Tan) 150 ml - SHOPATOA.COM\",\"isPartOf\":{\"@id\":\"https:\\\/\\\/shopatoa.com\\\/ro\\\/#website\"},\"primaryImageOfPage\":{\"@id\":\"https:\\\/\\\/shopatoa.com\\\/ro\\\/dripping-gold-apa-auto-bronzanta-dark-liquid-tan-150-ml-2\\\/#primaryimage\"},\"image\":{\"@id\":\"https:\\\/\\\/shopatoa.com\\\/ro\\\/dripping-gold-apa-auto-bronzanta-dark-liquid-tan-150-ml-2\\\/#primaryimage\"},\"thumbnailUrl\":\"https:\\\/\\\/storage.googleapis.com\\\/cz-shopatoa-img\\\/ro\\\/6ef3062f-unnamed-file.webp\",\"datePublished\":\"2025-05-21T20:55:15+00:00\",\"dateModified\":\"2025-12-12T03:45:39+00:00\",\"breadcrumb\":{\"@id\":\"https:\\\/\\\/shopatoa.com\\\/ro\\\/dripping-gold-apa-auto-bronzanta-dark-liquid-tan-150-ml-2\\\/#breadcrumb\"},\"inLanguage\":\"ro-RO\",\"potentialAction\":[{\"@type\":\"ReadAction\",\"target\":[\"https:\\\/\\\/shopatoa.com\\\/ro\\\/dripping-gold-apa-auto-bronzanta-dark-liquid-tan-150-ml-2\\\/\"]}]},{\"@type\":\"ImageObject\",\"inLanguage\":\"ro-RO\",\"@id\":\"https:\\\/\\\/shopatoa.com\\\/ro\\\/dripping-gold-apa-auto-bronzanta-dark-liquid-tan-150-ml-2\\\/#primaryimage\",\"url\":\"https:\\\/\\\/storage.googleapis.com\\\/cz-shopatoa-img\\\/ro\\\/6ef3062f-unnamed-file.webp\",\"contentUrl\":\"https:\\\/\\\/storage.googleapis.com\\\/cz-shopatoa-img\\\/ro\\\/6ef3062f-unnamed-file.webp\",\"width\":800,\"height\":800},{\"@type\":\"BreadcrumbList\",\"@id\":\"https:\\\/\\\/shopatoa.com\\\/ro\\\/dripping-gold-apa-auto-bronzanta-dark-liquid-tan-150-ml-2\\\/#breadcrumb\",\"itemListElement\":[{\"@type\":\"ListItem\",\"position\":1,\"name\":\"Dom\u016f\",\"item\":\"https:\\\/\\\/shopatoa.com\\\/ro\\\/\"},{\"@type\":\"ListItem\",\"position\":2,\"name\":\"Shop\",\"item\":\"https:\\\/\\\/shopatoa.com\\\/ro\\\/shop\\\/\"},{\"@type\":\"ListItem\",\"position\":3,\"name\":\"Cosmetice\",\"item\":\"https:\\\/\\\/shopatoa.com\\\/ro\\\/cosmetice\\\/\"},{\"@type\":\"ListItem\",\"position\":4,\"name\":\"Cosmetice de protec\u021bie solar\u0103\",\"item\":\"https:\\\/\\\/shopatoa.com\\\/ro\\\/cosmetice-de-protectie-solara\\\/\"},{\"@type\":\"ListItem\",\"position\":5,\"name\":\"Produse cosmetice autobronzante\",\"item\":\"https:\\\/\\\/shopatoa.com\\\/ro\\\/produse-cosmetice-autobronzante\\\/\"},{\"@type\":\"ListItem\",\"position\":6,\"name\":\"Dripping Gold Ap\u0103 auto bronzant\u0103 Dark (Liquid Tan) 150 ml\"}]},{\"@type\":\"WebSite\",\"@id\":\"https:\\\/\\\/shopatoa.com\\\/ro\\\/#website\",\"url\":\"https:\\\/\\\/shopatoa.com\\\/ro\\\/\",\"name\":\"SHOPATOA\",\"description\":\"\",\"publisher\":{\"@id\":\"https:\\\/\\\/shopatoa.com\\\/ro\\\/#organization\"},\"potentialAction\":[{\"@type\":\"SearchAction\",\"target\":{\"@type\":\"EntryPoint\",\"urlTemplate\":\"https:\\\/\\\/shopatoa.com\\\/ro\\\/?s={search_term_string}\"},\"query-input\":{\"@type\":\"PropertyValueSpecification\",\"valueRequired\":true,\"valueName\":\"search_term_string\"}}],\"inLanguage\":\"ro-RO\"},{\"@type\":\"Organization\",\"@id\":\"https:\\\/\\\/shopatoa.com\\\/ro\\\/#organization\",\"name\":\"SHOPATOA\",\"url\":\"https:\\\/\\\/shopatoa.com\\\/ro\\\/\",\"logo\":{\"@type\":\"ImageObject\",\"inLanguage\":\"ro-RO\",\"@id\":\"https:\\\/\\\/shopatoa.com\\\/ro\\\/#\\\/schema\\\/logo\\\/image\\\/\",\"url\":\"https:\\\/\\\/storage.googleapis.com\\\/cz-shopatoa-img\\\/ro\\\/b4dac915-shopatoa_logo.png\",\"contentUrl\":\"https:\\\/\\\/storage.googleapis.com\\\/cz-shopatoa-img\\\/ro\\\/b4dac915-shopatoa_logo.png\",\"width\":416,\"height\":63,\"caption\":\"SHOPATOA\"},\"image\":{\"@id\":\"https:\\\/\\\/shopatoa.com\\\/ro\\\/#\\\/schema\\\/logo\\\/image\\\/\"}}]}<\/script>\n<!-- \/ Yoast SEO plugin. -->","yoast_head_json":{"title":"Dripping Gold Ap\u0103 auto bronzant\u0103 Dark (Liquid Tan) 150 ml - SHOPATOA.COM","robots":{"index":"index","follow":"follow","max-snippet":"max-snippet:-1","max-image-preview":"max-image-preview:large","max-video-preview":"max-video-preview:-1"},"canonical":"https:\/\/shopatoa.com\/ro\/dripping-gold-apa-auto-bronzanta-dark-liquid-tan-150-ml-2\/","og_locale":"ro_RO","og_type":"article","og_title":"Dripping Gold Ap\u0103 auto bronzant\u0103 Dark (Liquid Tan) 150 ml - SHOPATOA.COM","og_description":"Apa de auto bronzare Dark v\u0103 va oferi un bronz frumos auriu, care arat\u0103 \u00eentotdeauna natural. Formula lichid\u0103 u\u0219oar\u0103 faciliteaz\u0103 ob\u021binerea unui finisaj impecabil, f\u0103r\u0103 pete \u0219i este plin\u0103 de ingrediente hr\u0103nitoare pentru hidratarea \u0219i condi\u021bionarea pielii.","og_url":"https:\/\/shopatoa.com\/ro\/dripping-gold-apa-auto-bronzanta-dark-liquid-tan-150-ml-2\/","og_site_name":"SHOPATOA","article_modified_time":"2025-12-12T03:45:39+00:00","og_image":[{"width":800,"height":800,"url":"https:\/\/storage.googleapis.com\/cz-shopatoa-img\/ro\/6ef3062f-unnamed-file.webp","type":"image\/webp"}],"twitter_card":"summary_large_image","schema":{"@context":"https:\/\/schema.org","@graph":[{"@type":"WebPage","@id":"https:\/\/shopatoa.com\/ro\/dripping-gold-apa-auto-bronzanta-dark-liquid-tan-150-ml-2\/","url":"https:\/\/shopatoa.com\/ro\/dripping-gold-apa-auto-bronzanta-dark-liquid-tan-150-ml-2\/","name":"Dripping Gold Ap\u0103 auto bronzant\u0103 Dark (Liquid Tan) 150 ml - SHOPATOA.COM","isPartOf":{"@id":"https:\/\/shopatoa.com\/ro\/#website"},"primaryImageOfPage":{"@id":"https:\/\/shopatoa.com\/ro\/dripping-gold-apa-auto-bronzanta-dark-liquid-tan-150-ml-2\/#primaryimage"},"image":{"@id":"https:\/\/shopatoa.com\/ro\/dripping-gold-apa-auto-bronzanta-dark-liquid-tan-150-ml-2\/#primaryimage"},"thumbnailUrl":"https:\/\/storage.googleapis.com\/cz-shopatoa-img\/ro\/6ef3062f-unnamed-file.webp","datePublished":"2025-05-21T20:55:15+00:00","dateModified":"2025-12-12T03:45:39+00:00","breadcrumb":{"@id":"https:\/\/shopatoa.com\/ro\/dripping-gold-apa-auto-bronzanta-dark-liquid-tan-150-ml-2\/#breadcrumb"},"inLanguage":"ro-RO","potentialAction":[{"@type":"ReadAction","target":["https:\/\/shopatoa.com\/ro\/dripping-gold-apa-auto-bronzanta-dark-liquid-tan-150-ml-2\/"]}]},{"@type":"ImageObject","inLanguage":"ro-RO","@id":"https:\/\/shopatoa.com\/ro\/dripping-gold-apa-auto-bronzanta-dark-liquid-tan-150-ml-2\/#primaryimage","url":"https:\/\/storage.googleapis.com\/cz-shopatoa-img\/ro\/6ef3062f-unnamed-file.webp","contentUrl":"https:\/\/storage.googleapis.com\/cz-shopatoa-img\/ro\/6ef3062f-unnamed-file.webp","width":800,"height":800},{"@type":"BreadcrumbList","@id":"https:\/\/shopatoa.com\/ro\/dripping-gold-apa-auto-bronzanta-dark-liquid-tan-150-ml-2\/#breadcrumb","itemListElement":[{"@type":"ListItem","position":1,"name":"Dom\u016f","item":"https:\/\/shopatoa.com\/ro\/"},{"@type":"ListItem","position":2,"name":"Shop","item":"https:\/\/shopatoa.com\/ro\/shop\/"},{"@type":"ListItem","position":3,"name":"Cosmetice","item":"https:\/\/shopatoa.com\/ro\/cosmetice\/"},{"@type":"ListItem","position":4,"name":"Cosmetice de protec\u021bie solar\u0103","item":"https:\/\/shopatoa.com\/ro\/cosmetice-de-protectie-solara\/"},{"@type":"ListItem","position":5,"name":"Produse cosmetice autobronzante","item":"https:\/\/shopatoa.com\/ro\/produse-cosmetice-autobronzante\/"},{"@type":"ListItem","position":6,"name":"Dripping Gold Ap\u0103 auto bronzant\u0103 Dark (Liquid Tan) 150 ml"}]},{"@type":"WebSite","@id":"https:\/\/shopatoa.com\/ro\/#website","url":"https:\/\/shopatoa.com\/ro\/","name":"SHOPATOA","description":"","publisher":{"@id":"https:\/\/shopatoa.com\/ro\/#organization"},"potentialAction":[{"@type":"SearchAction","target":{"@type":"EntryPoint","urlTemplate":"https:\/\/shopatoa.com\/ro\/?s={search_term_string}"},"query-input":{"@type":"PropertyValueSpecification","valueRequired":true,"valueName":"search_term_string"}}],"inLanguage":"ro-RO"},{"@type":"Organization","@id":"https:\/\/shopatoa.com\/ro\/#organization","name":"SHOPATOA","url":"https:\/\/shopatoa.com\/ro\/","logo":{"@type":"ImageObject","inLanguage":"ro-RO","@id":"https:\/\/shopatoa.com\/ro\/#\/schema\/logo\/image\/","url":"https:\/\/storage.googleapis.com\/cz-shopatoa-img\/ro\/b4dac915-shopatoa_logo.png","contentUrl":"https:\/\/storage.googleapis.com\/cz-shopatoa-img\/ro\/b4dac915-shopatoa_logo.png","width":416,"height":63,"caption":"SHOPATOA"},"image":{"@id":"https:\/\/shopatoa.com\/ro\/#\/schema\/logo\/image\/"}}]}},"_links":{"self":[{"href":"https:\/\/shopatoa.com\/ro\/wp-json\/wp\/v2\/product\/366531","targetHints":{"allow":["GET"]}}],"collection":[{"href":"https:\/\/shopatoa.com\/ro\/wp-json\/wp\/v2\/product"}],"about":[{"href":"https:\/\/shopatoa.com\/ro\/wp-json\/wp\/v2\/types\/product"}],"replies":[{"embeddable":true,"href":"https:\/\/shopatoa.com\/ro\/wp-json\/wp\/v2\/comments?post=366531"}],"wp:featuredmedia":[{"embeddable":true,"href":"https:\/\/shopatoa.com\/ro\/wp-json\/wp\/v2\/media\/366532"}],"wp:attachment":[{"href":"https:\/\/shopatoa.com\/ro\/wp-json\/wp\/v2\/media?parent=366531"}],"wp:term":[{"taxonomy":"product_brand","embeddable":true,"href":"https:\/\/shopatoa.com\/ro\/wp-json\/wp\/v2\/product_brand?post=366531"},{"taxonomy":"product_cat","embeddable":true,"href":"https:\/\/shopatoa.com\/ro\/wp-json\/wp\/v2\/product_cat?post=366531"},{"taxonomy":"product_tag","embeddable":true,"href":"https:\/\/shopatoa.com\/ro\/wp-json\/wp\/v2\/product_tag?post=366531"}],"curies":[{"name":"wp","href":"https:\/\/api.w.org\/{rel}","templated":true}]}}