{"id":366887,"date":"2025-05-21T23:10:04","date_gmt":"2025-05-21T21:10:04","guid":{"rendered":"https:\/\/shopatoa.com\/ro\/silkn-eliminator-pentru-pielea-intarita-cu-aspiratie-vacupedi-rose-gold-2\/"},"modified":"2025-12-12T00:44:28","modified_gmt":"2025-12-11T23:44:28","slug":"silkn-eliminator-pentru-pielea-intarita-cu-aspiratie-vacupedi-rose-gold-2","status":"publish","type":"product","link":"https:\/\/shopatoa.com\/ro\/silkn-eliminator-pentru-pielea-intarita-cu-aspiratie-vacupedi-rose-gold-2\/","title":{"rendered":"Silk&#8217;n Eliminator pentru pielea \u00eent\u0103rit\u0103 cu aspira\u021bie VacuPedi Rose Gold"},"content":{"rendered":"<p>Bucura\u021bi-v\u0103 de picioare moi perfect \u00eengrijite \u00een c\u00e2teva secunde cu Silk&#8217;n VacuPedi, acest dispozitiv inteligent de \u00eendep\u0103rtare a pielii \u00eent\u0103rite \u0219i calusului care func\u021bioneaz\u0103 cu ro\u021bi de \u0219lefuit rotative \u0219i un sistem de vid \u00eencorporat. Silk&#8217;n VacuPedi are un disc de \u0219lefuit rotativ care \u00eendep\u0103rteaz\u0103 calusurile \u0219i pielea uscat\u0103 \u0219i \u00eent\u0103rit\u0103 de la picioare foarte rapid, eficient \u0219i \u00een siguran\u021b\u0103. Sistemul de vacuum aspir\u0103 eficient to\u021bi fulgii abraza\u021bi de piele moart\u0103, f\u0103c\u00e2nd tratamentul foarte igienic, f\u0103r\u0103 contaminarea suprafe\u021belor \u00eenconjur\u0103toare \u0219i f\u0103r\u0103 fulgi de piele zbur\u0103toare \u00een aer. Include 3 discuri de \u0219lefuit (fin\u0103, medie, grosier\u0103) \u0219i 3 filtre care pot fi sp\u0103late regulat Discurile abrazive catifeleaz\u0103 \u0219i netezesc pielea. Doar conecta\u021bi una dintre ro\u021bile de \u0219lefuit la dispozitiv \u0219i l\u0103sa\u021bi dispozitivul s\u0103-\u0219i fac\u0103 magia. Pute\u021bi alege \u00eentre fin, mediu \u0219i grosier. Filtrul capteaz\u0103 fulgii de piele moart\u0103. Pute\u021bi sp\u0103la \u0219i \u00eenlocui acest filtru \u00een mod regulat.<\/p>\n","protected":false},"excerpt":{"rendered":"<p>Bucura\u021bi-v\u0103 de picioare moi perfect \u00eengrijite \u00een c\u00e2teva secunde cu Silk&#8217;n VacuPedi, acest dispozitiv inteligent de \u00eendep\u0103rtare a pielii \u00eent\u0103rite \u0219i calusului care func\u021bioneaz\u0103 cu ro\u021bi de \u0219lefuit rotative \u0219i un sistem de vid \u00eencorporat. Silk&#8217;n VacuPedi are un disc de \u0219lefuit rotativ care \u00eendep\u0103rteaz\u0103 calusurile \u0219i pielea uscat\u0103 \u0219i \u00eent\u0103rit\u0103 de la picioare foarte&#8230;<\/p>\n","protected":false},"featured_media":366888,"comment_status":"closed","ping_status":"open","template":"","meta":{"_acf_changed":false,"_kadence_starter_templates_imported_post":false,"_kad_post_transparent":"","_kad_post_title":"","_kad_post_layout":"","_kad_post_sidebar_id":"","_kad_post_content_style":"","_kad_post_vertical_padding":"","_kad_post_feature":"","_kad_post_feature_position":"","_kad_post_header":false,"_kad_post_footer":false,"_kad_post_classname":""},"product_brand":[959],"product_cat":[246,697,862,611],"product_tag":[],"class_list":{"0":"post-366887","1":"product","2":"type-product","3":"status-publish","4":"has-post-thumbnail","6":"product_brand-silkn","7":"product_cat-cosmetice","8":"product_cat-manichiura-si-pedichiura","9":"product_cat-pedichiura","10":"product_cat-produse-cosmetice-pentru-corp","12":"first","13":"instock","14":"sale","15":"product-type-external","16":"entry","17":"content-bg","18":"loop-entry"},"acf":[],"yoast_head":"<!-- This site is optimized with the Yoast SEO plugin v27.4 - https:\/\/yoast.com\/product\/yoast-seo-wordpress\/ -->\n<title>Silk&#039;n Eliminator pentru pielea \u00eent\u0103rit\u0103 cu aspira\u021bie VacuPedi Rose Gold - SHOPATOA.COM<\/title>\n<meta name=\"robots\" content=\"index, follow, max-snippet:-1, max-image-preview:large, max-video-preview:-1\" \/>\n<link rel=\"canonical\" href=\"https:\/\/shopatoa.com\/ro\/silkn-eliminator-pentru-pielea-intarita-cu-aspiratie-vacupedi-rose-gold-2\/\" \/>\n<meta property=\"og:locale\" content=\"ro_RO\" \/>\n<meta property=\"og:type\" content=\"article\" \/>\n<meta property=\"og:title\" content=\"Silk&#039;n Eliminator pentru pielea \u00eent\u0103rit\u0103 cu aspira\u021bie VacuPedi Rose Gold - SHOPATOA.COM\" \/>\n<meta property=\"og:description\" content=\"Bucura\u021bi-v\u0103 de picioare moi perfect \u00eengrijite \u00een c\u00e2teva secunde cu Silk&#8217;n VacuPedi, acest dispozitiv inteligent de \u00eendep\u0103rtare a pielii \u00eent\u0103rite \u0219i calusului care func\u021bioneaz\u0103 cu ro\u021bi de \u0219lefuit rotative \u0219i un sistem de vid \u00eencorporat. Silk&#8217;n VacuPedi are un disc de \u0219lefuit rotativ care \u00eendep\u0103rteaz\u0103 calusurile \u0219i pielea uscat\u0103 \u0219i \u00eent\u0103rit\u0103 de la picioare foarte...\" \/>\n<meta property=\"og:url\" content=\"https:\/\/shopatoa.com\/ro\/silkn-eliminator-pentru-pielea-intarita-cu-aspiratie-vacupedi-rose-gold-2\/\" \/>\n<meta property=\"og:site_name\" content=\"SHOPATOA\" \/>\n<meta property=\"article:modified_time\" content=\"2025-12-11T23:44:28+00:00\" \/>\n<meta property=\"og:image\" content=\"https:\/\/storage.googleapis.com\/cz-shopatoa-img\/ro\/c86ccda2-unnamed-file.webp\" \/>\n\t<meta property=\"og:image:width\" content=\"800\" \/>\n\t<meta property=\"og:image:height\" content=\"800\" \/>\n\t<meta property=\"og:image:type\" content=\"image\/webp\" \/>\n<meta name=\"twitter:card\" content=\"summary_large_image\" \/>\n<meta name=\"twitter:label1\" content=\"Timp estimat pentru citire\" \/>\n\t<meta name=\"twitter:data1\" content=\"1 minut\" \/>\n<script type=\"application\/ld+json\" class=\"yoast-schema-graph\">{\"@context\":\"https:\\\/\\\/schema.org\",\"@graph\":[{\"@type\":\"WebPage\",\"@id\":\"https:\\\/\\\/shopatoa.com\\\/ro\\\/silkn-eliminator-pentru-pielea-intarita-cu-aspiratie-vacupedi-rose-gold-2\\\/\",\"url\":\"https:\\\/\\\/shopatoa.com\\\/ro\\\/silkn-eliminator-pentru-pielea-intarita-cu-aspiratie-vacupedi-rose-gold-2\\\/\",\"name\":\"Silk'n Eliminator pentru pielea \u00eent\u0103rit\u0103 cu aspira\u021bie VacuPedi Rose Gold - SHOPATOA.COM\",\"isPartOf\":{\"@id\":\"https:\\\/\\\/shopatoa.com\\\/ro\\\/#website\"},\"primaryImageOfPage\":{\"@id\":\"https:\\\/\\\/shopatoa.com\\\/ro\\\/silkn-eliminator-pentru-pielea-intarita-cu-aspiratie-vacupedi-rose-gold-2\\\/#primaryimage\"},\"image\":{\"@id\":\"https:\\\/\\\/shopatoa.com\\\/ro\\\/silkn-eliminator-pentru-pielea-intarita-cu-aspiratie-vacupedi-rose-gold-2\\\/#primaryimage\"},\"thumbnailUrl\":\"https:\\\/\\\/storage.googleapis.com\\\/cz-shopatoa-img\\\/ro\\\/c86ccda2-unnamed-file.webp\",\"datePublished\":\"2025-05-21T21:10:04+00:00\",\"dateModified\":\"2025-12-11T23:44:28+00:00\",\"breadcrumb\":{\"@id\":\"https:\\\/\\\/shopatoa.com\\\/ro\\\/silkn-eliminator-pentru-pielea-intarita-cu-aspiratie-vacupedi-rose-gold-2\\\/#breadcrumb\"},\"inLanguage\":\"ro-RO\",\"potentialAction\":[{\"@type\":\"ReadAction\",\"target\":[\"https:\\\/\\\/shopatoa.com\\\/ro\\\/silkn-eliminator-pentru-pielea-intarita-cu-aspiratie-vacupedi-rose-gold-2\\\/\"]}]},{\"@type\":\"ImageObject\",\"inLanguage\":\"ro-RO\",\"@id\":\"https:\\\/\\\/shopatoa.com\\\/ro\\\/silkn-eliminator-pentru-pielea-intarita-cu-aspiratie-vacupedi-rose-gold-2\\\/#primaryimage\",\"url\":\"https:\\\/\\\/storage.googleapis.com\\\/cz-shopatoa-img\\\/ro\\\/c86ccda2-unnamed-file.webp\",\"contentUrl\":\"https:\\\/\\\/storage.googleapis.com\\\/cz-shopatoa-img\\\/ro\\\/c86ccda2-unnamed-file.webp\",\"width\":800,\"height\":800},{\"@type\":\"BreadcrumbList\",\"@id\":\"https:\\\/\\\/shopatoa.com\\\/ro\\\/silkn-eliminator-pentru-pielea-intarita-cu-aspiratie-vacupedi-rose-gold-2\\\/#breadcrumb\",\"itemListElement\":[{\"@type\":\"ListItem\",\"position\":1,\"name\":\"Dom\u016f\",\"item\":\"https:\\\/\\\/shopatoa.com\\\/ro\\\/\"},{\"@type\":\"ListItem\",\"position\":2,\"name\":\"Shop\",\"item\":\"https:\\\/\\\/shopatoa.com\\\/ro\\\/shop\\\/\"},{\"@type\":\"ListItem\",\"position\":3,\"name\":\"Cosmetice\",\"item\":\"https:\\\/\\\/shopatoa.com\\\/ro\\\/cosmetice\\\/\"},{\"@type\":\"ListItem\",\"position\":4,\"name\":\"Produse cosmetice pentru corp\",\"item\":\"https:\\\/\\\/shopatoa.com\\\/ro\\\/produse-cosmetice-pentru-corp\\\/\"},{\"@type\":\"ListItem\",\"position\":5,\"name\":\"Manichiura si pedichiura\",\"item\":\"https:\\\/\\\/shopatoa.com\\\/ro\\\/manichiura-si-pedichiura\\\/\"},{\"@type\":\"ListItem\",\"position\":6,\"name\":\"Pedichiur\u0103\",\"item\":\"https:\\\/\\\/shopatoa.com\\\/ro\\\/pedichiura\\\/\"},{\"@type\":\"ListItem\",\"position\":7,\"name\":\"Silk&#8217;n Eliminator pentru pielea \u00eent\u0103rit\u0103 cu aspira\u021bie VacuPedi Rose Gold\"}]},{\"@type\":\"WebSite\",\"@id\":\"https:\\\/\\\/shopatoa.com\\\/ro\\\/#website\",\"url\":\"https:\\\/\\\/shopatoa.com\\\/ro\\\/\",\"name\":\"SHOPATOA\",\"description\":\"\",\"publisher\":{\"@id\":\"https:\\\/\\\/shopatoa.com\\\/ro\\\/#organization\"},\"potentialAction\":[{\"@type\":\"SearchAction\",\"target\":{\"@type\":\"EntryPoint\",\"urlTemplate\":\"https:\\\/\\\/shopatoa.com\\\/ro\\\/?s={search_term_string}\"},\"query-input\":{\"@type\":\"PropertyValueSpecification\",\"valueRequired\":true,\"valueName\":\"search_term_string\"}}],\"inLanguage\":\"ro-RO\"},{\"@type\":\"Organization\",\"@id\":\"https:\\\/\\\/shopatoa.com\\\/ro\\\/#organization\",\"name\":\"SHOPATOA\",\"url\":\"https:\\\/\\\/shopatoa.com\\\/ro\\\/\",\"logo\":{\"@type\":\"ImageObject\",\"inLanguage\":\"ro-RO\",\"@id\":\"https:\\\/\\\/shopatoa.com\\\/ro\\\/#\\\/schema\\\/logo\\\/image\\\/\",\"url\":\"https:\\\/\\\/storage.googleapis.com\\\/cz-shopatoa-img\\\/ro\\\/b4dac915-shopatoa_logo.png\",\"contentUrl\":\"https:\\\/\\\/storage.googleapis.com\\\/cz-shopatoa-img\\\/ro\\\/b4dac915-shopatoa_logo.png\",\"width\":416,\"height\":63,\"caption\":\"SHOPATOA\"},\"image\":{\"@id\":\"https:\\\/\\\/shopatoa.com\\\/ro\\\/#\\\/schema\\\/logo\\\/image\\\/\"}}]}<\/script>\n<!-- \/ Yoast SEO plugin. -->","yoast_head_json":{"title":"Silk'n Eliminator pentru pielea \u00eent\u0103rit\u0103 cu aspira\u021bie VacuPedi Rose Gold - SHOPATOA.COM","robots":{"index":"index","follow":"follow","max-snippet":"max-snippet:-1","max-image-preview":"max-image-preview:large","max-video-preview":"max-video-preview:-1"},"canonical":"https:\/\/shopatoa.com\/ro\/silkn-eliminator-pentru-pielea-intarita-cu-aspiratie-vacupedi-rose-gold-2\/","og_locale":"ro_RO","og_type":"article","og_title":"Silk'n Eliminator pentru pielea \u00eent\u0103rit\u0103 cu aspira\u021bie VacuPedi Rose Gold - SHOPATOA.COM","og_description":"Bucura\u021bi-v\u0103 de picioare moi perfect \u00eengrijite \u00een c\u00e2teva secunde cu Silk&#8217;n VacuPedi, acest dispozitiv inteligent de \u00eendep\u0103rtare a pielii \u00eent\u0103rite \u0219i calusului care func\u021bioneaz\u0103 cu ro\u021bi de \u0219lefuit rotative \u0219i un sistem de vid \u00eencorporat. Silk&#8217;n VacuPedi are un disc de \u0219lefuit rotativ care \u00eendep\u0103rteaz\u0103 calusurile \u0219i pielea uscat\u0103 \u0219i \u00eent\u0103rit\u0103 de la picioare foarte...","og_url":"https:\/\/shopatoa.com\/ro\/silkn-eliminator-pentru-pielea-intarita-cu-aspiratie-vacupedi-rose-gold-2\/","og_site_name":"SHOPATOA","article_modified_time":"2025-12-11T23:44:28+00:00","og_image":[{"width":800,"height":800,"url":"https:\/\/storage.googleapis.com\/cz-shopatoa-img\/ro\/c86ccda2-unnamed-file.webp","type":"image\/webp"}],"twitter_card":"summary_large_image","twitter_misc":{"Timp estimat pentru citire":"1 minut"},"schema":{"@context":"https:\/\/schema.org","@graph":[{"@type":"WebPage","@id":"https:\/\/shopatoa.com\/ro\/silkn-eliminator-pentru-pielea-intarita-cu-aspiratie-vacupedi-rose-gold-2\/","url":"https:\/\/shopatoa.com\/ro\/silkn-eliminator-pentru-pielea-intarita-cu-aspiratie-vacupedi-rose-gold-2\/","name":"Silk'n Eliminator pentru pielea \u00eent\u0103rit\u0103 cu aspira\u021bie VacuPedi Rose Gold - SHOPATOA.COM","isPartOf":{"@id":"https:\/\/shopatoa.com\/ro\/#website"},"primaryImageOfPage":{"@id":"https:\/\/shopatoa.com\/ro\/silkn-eliminator-pentru-pielea-intarita-cu-aspiratie-vacupedi-rose-gold-2\/#primaryimage"},"image":{"@id":"https:\/\/shopatoa.com\/ro\/silkn-eliminator-pentru-pielea-intarita-cu-aspiratie-vacupedi-rose-gold-2\/#primaryimage"},"thumbnailUrl":"https:\/\/storage.googleapis.com\/cz-shopatoa-img\/ro\/c86ccda2-unnamed-file.webp","datePublished":"2025-05-21T21:10:04+00:00","dateModified":"2025-12-11T23:44:28+00:00","breadcrumb":{"@id":"https:\/\/shopatoa.com\/ro\/silkn-eliminator-pentru-pielea-intarita-cu-aspiratie-vacupedi-rose-gold-2\/#breadcrumb"},"inLanguage":"ro-RO","potentialAction":[{"@type":"ReadAction","target":["https:\/\/shopatoa.com\/ro\/silkn-eliminator-pentru-pielea-intarita-cu-aspiratie-vacupedi-rose-gold-2\/"]}]},{"@type":"ImageObject","inLanguage":"ro-RO","@id":"https:\/\/shopatoa.com\/ro\/silkn-eliminator-pentru-pielea-intarita-cu-aspiratie-vacupedi-rose-gold-2\/#primaryimage","url":"https:\/\/storage.googleapis.com\/cz-shopatoa-img\/ro\/c86ccda2-unnamed-file.webp","contentUrl":"https:\/\/storage.googleapis.com\/cz-shopatoa-img\/ro\/c86ccda2-unnamed-file.webp","width":800,"height":800},{"@type":"BreadcrumbList","@id":"https:\/\/shopatoa.com\/ro\/silkn-eliminator-pentru-pielea-intarita-cu-aspiratie-vacupedi-rose-gold-2\/#breadcrumb","itemListElement":[{"@type":"ListItem","position":1,"name":"Dom\u016f","item":"https:\/\/shopatoa.com\/ro\/"},{"@type":"ListItem","position":2,"name":"Shop","item":"https:\/\/shopatoa.com\/ro\/shop\/"},{"@type":"ListItem","position":3,"name":"Cosmetice","item":"https:\/\/shopatoa.com\/ro\/cosmetice\/"},{"@type":"ListItem","position":4,"name":"Produse cosmetice pentru corp","item":"https:\/\/shopatoa.com\/ro\/produse-cosmetice-pentru-corp\/"},{"@type":"ListItem","position":5,"name":"Manichiura si pedichiura","item":"https:\/\/shopatoa.com\/ro\/manichiura-si-pedichiura\/"},{"@type":"ListItem","position":6,"name":"Pedichiur\u0103","item":"https:\/\/shopatoa.com\/ro\/pedichiura\/"},{"@type":"ListItem","position":7,"name":"Silk&#8217;n Eliminator pentru pielea \u00eent\u0103rit\u0103 cu aspira\u021bie VacuPedi Rose Gold"}]},{"@type":"WebSite","@id":"https:\/\/shopatoa.com\/ro\/#website","url":"https:\/\/shopatoa.com\/ro\/","name":"SHOPATOA","description":"","publisher":{"@id":"https:\/\/shopatoa.com\/ro\/#organization"},"potentialAction":[{"@type":"SearchAction","target":{"@type":"EntryPoint","urlTemplate":"https:\/\/shopatoa.com\/ro\/?s={search_term_string}"},"query-input":{"@type":"PropertyValueSpecification","valueRequired":true,"valueName":"search_term_string"}}],"inLanguage":"ro-RO"},{"@type":"Organization","@id":"https:\/\/shopatoa.com\/ro\/#organization","name":"SHOPATOA","url":"https:\/\/shopatoa.com\/ro\/","logo":{"@type":"ImageObject","inLanguage":"ro-RO","@id":"https:\/\/shopatoa.com\/ro\/#\/schema\/logo\/image\/","url":"https:\/\/storage.googleapis.com\/cz-shopatoa-img\/ro\/b4dac915-shopatoa_logo.png","contentUrl":"https:\/\/storage.googleapis.com\/cz-shopatoa-img\/ro\/b4dac915-shopatoa_logo.png","width":416,"height":63,"caption":"SHOPATOA"},"image":{"@id":"https:\/\/shopatoa.com\/ro\/#\/schema\/logo\/image\/"}}]}},"_links":{"self":[{"href":"https:\/\/shopatoa.com\/ro\/wp-json\/wp\/v2\/product\/366887","targetHints":{"allow":["GET"]}}],"collection":[{"href":"https:\/\/shopatoa.com\/ro\/wp-json\/wp\/v2\/product"}],"about":[{"href":"https:\/\/shopatoa.com\/ro\/wp-json\/wp\/v2\/types\/product"}],"replies":[{"embeddable":true,"href":"https:\/\/shopatoa.com\/ro\/wp-json\/wp\/v2\/comments?post=366887"}],"wp:featuredmedia":[{"embeddable":true,"href":"https:\/\/shopatoa.com\/ro\/wp-json\/wp\/v2\/media\/366888"}],"wp:attachment":[{"href":"https:\/\/shopatoa.com\/ro\/wp-json\/wp\/v2\/media?parent=366887"}],"wp:term":[{"taxonomy":"product_brand","embeddable":true,"href":"https:\/\/shopatoa.com\/ro\/wp-json\/wp\/v2\/product_brand?post=366887"},{"taxonomy":"product_cat","embeddable":true,"href":"https:\/\/shopatoa.com\/ro\/wp-json\/wp\/v2\/product_cat?post=366887"},{"taxonomy":"product_tag","embeddable":true,"href":"https:\/\/shopatoa.com\/ro\/wp-json\/wp\/v2\/product_tag?post=366887"}],"curies":[{"name":"wp","href":"https:\/\/api.w.org\/{rel}","templated":true}]}}