{"id":367363,"date":"2025-05-21T23:28:38","date_gmt":"2025-05-21T21:28:38","guid":{"rendered":"https:\/\/shopatoa.com\/ro\/michael-kors-gorgeous-edp-50-ml-2\/"},"modified":"2025-12-11T21:35:10","modified_gmt":"2025-12-11T20:35:10","slug":"michael-kors-gorgeous-edp-50-ml-2","status":"publish","type":"product","link":"https:\/\/shopatoa.com\/ro\/michael-kors-gorgeous-edp-50-ml-2\/","title":{"rendered":"Michael Kors Gorgeous! &#8211; EDP 50 ml"},"content":{"rendered":"<p>Gorgeous! de la marca Michael Kors este o ap\u0103 de parfum exclusiv\u0103, cu arome florale \u0219i lemnoase, destinat\u0103 femeilor. Gorgeous! este o s\u0103rb\u0103toare a \u00eencrederii \u00een sine a femeilor, a spiritului \u0219i a frumuse\u021bii lor nest\u0103p\u00e2nite. Acest parfum modern se deschide cu note dulci de mandarin\u0103 coapt\u0103, care se amestec\u0103 cu boabe de piper roz delicat picant. Inima acestei arome este captivat\u0103 de notele florale delicate, dar \u00een acela\u0219i timp senzuale, completate de un acord de fum de tutun. Baza puternic\u0103 \u0219i lemnos\u0103, format\u0103 din cedru \u0219i lemn de guaiac, se amestec\u0103 cu notele r\u0103\u0219inoase de benzoin \u0219i styrax, \u00eembog\u0103\u021bite cu catifea \u0219i casmir, completate de o not\u0103 dulce sub forma f\u0103inii de tonka. Gorgeous! subliniaz\u0103 c\u0103 toate femeile se simt bine \u0219i fericite cu ele \u00eensele. Un parfum \u00eencurajator care este perfect pentru toate femeile care iubesc s\u0103 fie ele \u00eensele \u0219i \u00ee\u0219i iubesc via\u021ba. Parfumul a fost lansat pe pia\u021b\u0103 \u00een anul 2021.<\/p>\n","protected":false},"excerpt":{"rendered":"<p>Gorgeous! de la marca Michael Kors este o ap\u0103 de parfum exclusiv\u0103, cu arome florale \u0219i lemnoase, destinat\u0103 femeilor. Gorgeous! este o s\u0103rb\u0103toare a \u00eencrederii \u00een sine a femeilor, a spiritului \u0219i a frumuse\u021bii lor nest\u0103p\u00e2nite. Acest parfum modern se deschide cu note dulci de mandarin\u0103 coapt\u0103, care se amestec\u0103 cu boabe de piper roz&#8230;<\/p>\n","protected":false},"featured_media":367364,"comment_status":"closed","ping_status":"open","template":"","meta":{"_acf_changed":false,"_kadence_starter_templates_imported_post":false,"_kad_post_transparent":"","_kad_post_title":"","_kad_post_layout":"","_kad_post_sidebar_id":"","_kad_post_content_style":"","_kad_post_vertical_padding":"","_kad_post_feature":"","_kad_post_feature_position":"","_kad_post_header":false,"_kad_post_footer":false,"_kad_post_classname":""},"product_brand":[206],"product_cat":[619,614],"product_tag":[],"class_list":{"0":"post-367363","1":"product","2":"type-product","3":"status-publish","4":"has-post-thumbnail","6":"product_brand-michael-kors","7":"product_cat-ape-de-parfum-edp","8":"product_cat-parfumuri","10":"first","11":"instock","12":"product-type-external","13":"entry","14":"content-bg","15":"loop-entry"},"acf":[],"yoast_head":"<!-- This site is optimized with the Yoast SEO plugin v27.4 - https:\/\/yoast.com\/product\/yoast-seo-wordpress\/ -->\n<title>Michael Kors Gorgeous! - EDP 50 ml - SHOPATOA.COM<\/title>\n<meta name=\"robots\" content=\"index, follow, max-snippet:-1, max-image-preview:large, max-video-preview:-1\" \/>\n<link rel=\"canonical\" href=\"https:\/\/shopatoa.com\/ro\/michael-kors-gorgeous-edp-50-ml-2\/\" \/>\n<meta property=\"og:locale\" content=\"ro_RO\" \/>\n<meta property=\"og:type\" content=\"article\" \/>\n<meta property=\"og:title\" content=\"Michael Kors Gorgeous! - EDP 50 ml - SHOPATOA.COM\" \/>\n<meta property=\"og:description\" content=\"Gorgeous! de la marca Michael Kors este o ap\u0103 de parfum exclusiv\u0103, cu arome florale \u0219i lemnoase, destinat\u0103 femeilor. Gorgeous! este o s\u0103rb\u0103toare a \u00eencrederii \u00een sine a femeilor, a spiritului \u0219i a frumuse\u021bii lor nest\u0103p\u00e2nite. Acest parfum modern se deschide cu note dulci de mandarin\u0103 coapt\u0103, care se amestec\u0103 cu boabe de piper roz...\" \/>\n<meta property=\"og:url\" content=\"https:\/\/shopatoa.com\/ro\/michael-kors-gorgeous-edp-50-ml-2\/\" \/>\n<meta property=\"og:site_name\" content=\"SHOPATOA\" \/>\n<meta property=\"article:modified_time\" content=\"2025-12-11T20:35:10+00:00\" \/>\n<meta property=\"og:image\" content=\"https:\/\/storage.googleapis.com\/cz-shopatoa-img\/ro\/547a488b-unnamed-file.webp\" \/>\n\t<meta property=\"og:image:width\" content=\"800\" \/>\n\t<meta property=\"og:image:height\" content=\"800\" \/>\n\t<meta property=\"og:image:type\" content=\"image\/webp\" \/>\n<meta name=\"twitter:card\" content=\"summary_large_image\" \/>\n<meta name=\"twitter:label1\" content=\"Timp estimat pentru citire\" \/>\n\t<meta name=\"twitter:data1\" content=\"1 minut\" \/>\n<script type=\"application\/ld+json\" class=\"yoast-schema-graph\">{\"@context\":\"https:\\\/\\\/schema.org\",\"@graph\":[{\"@type\":\"WebPage\",\"@id\":\"https:\\\/\\\/shopatoa.com\\\/ro\\\/michael-kors-gorgeous-edp-50-ml-2\\\/\",\"url\":\"https:\\\/\\\/shopatoa.com\\\/ro\\\/michael-kors-gorgeous-edp-50-ml-2\\\/\",\"name\":\"Michael Kors Gorgeous! - EDP 50 ml - SHOPATOA.COM\",\"isPartOf\":{\"@id\":\"https:\\\/\\\/shopatoa.com\\\/ro\\\/#website\"},\"primaryImageOfPage\":{\"@id\":\"https:\\\/\\\/shopatoa.com\\\/ro\\\/michael-kors-gorgeous-edp-50-ml-2\\\/#primaryimage\"},\"image\":{\"@id\":\"https:\\\/\\\/shopatoa.com\\\/ro\\\/michael-kors-gorgeous-edp-50-ml-2\\\/#primaryimage\"},\"thumbnailUrl\":\"https:\\\/\\\/storage.googleapis.com\\\/cz-shopatoa-img\\\/ro\\\/547a488b-unnamed-file.webp\",\"datePublished\":\"2025-05-21T21:28:38+00:00\",\"dateModified\":\"2025-12-11T20:35:10+00:00\",\"breadcrumb\":{\"@id\":\"https:\\\/\\\/shopatoa.com\\\/ro\\\/michael-kors-gorgeous-edp-50-ml-2\\\/#breadcrumb\"},\"inLanguage\":\"ro-RO\",\"potentialAction\":[{\"@type\":\"ReadAction\",\"target\":[\"https:\\\/\\\/shopatoa.com\\\/ro\\\/michael-kors-gorgeous-edp-50-ml-2\\\/\"]}]},{\"@type\":\"ImageObject\",\"inLanguage\":\"ro-RO\",\"@id\":\"https:\\\/\\\/shopatoa.com\\\/ro\\\/michael-kors-gorgeous-edp-50-ml-2\\\/#primaryimage\",\"url\":\"https:\\\/\\\/storage.googleapis.com\\\/cz-shopatoa-img\\\/ro\\\/547a488b-unnamed-file.webp\",\"contentUrl\":\"https:\\\/\\\/storage.googleapis.com\\\/cz-shopatoa-img\\\/ro\\\/547a488b-unnamed-file.webp\",\"width\":800,\"height\":800},{\"@type\":\"BreadcrumbList\",\"@id\":\"https:\\\/\\\/shopatoa.com\\\/ro\\\/michael-kors-gorgeous-edp-50-ml-2\\\/#breadcrumb\",\"itemListElement\":[{\"@type\":\"ListItem\",\"position\":1,\"name\":\"Dom\u016f\",\"item\":\"https:\\\/\\\/shopatoa.com\\\/ro\\\/\"},{\"@type\":\"ListItem\",\"position\":2,\"name\":\"Shop\",\"item\":\"https:\\\/\\\/shopatoa.com\\\/ro\\\/shop\\\/\"},{\"@type\":\"ListItem\",\"position\":3,\"name\":\"Parfumuri\",\"item\":\"https:\\\/\\\/shopatoa.com\\\/ro\\\/parfumuri\\\/\"},{\"@type\":\"ListItem\",\"position\":4,\"name\":\"Ape de parfum (EDP)\",\"item\":\"https:\\\/\\\/shopatoa.com\\\/ro\\\/ape-de-parfum-edp\\\/\"},{\"@type\":\"ListItem\",\"position\":5,\"name\":\"Michael Kors Gorgeous! &#8211; EDP 50 ml\"}]},{\"@type\":\"WebSite\",\"@id\":\"https:\\\/\\\/shopatoa.com\\\/ro\\\/#website\",\"url\":\"https:\\\/\\\/shopatoa.com\\\/ro\\\/\",\"name\":\"SHOPATOA\",\"description\":\"\",\"publisher\":{\"@id\":\"https:\\\/\\\/shopatoa.com\\\/ro\\\/#organization\"},\"potentialAction\":[{\"@type\":\"SearchAction\",\"target\":{\"@type\":\"EntryPoint\",\"urlTemplate\":\"https:\\\/\\\/shopatoa.com\\\/ro\\\/?s={search_term_string}\"},\"query-input\":{\"@type\":\"PropertyValueSpecification\",\"valueRequired\":true,\"valueName\":\"search_term_string\"}}],\"inLanguage\":\"ro-RO\"},{\"@type\":\"Organization\",\"@id\":\"https:\\\/\\\/shopatoa.com\\\/ro\\\/#organization\",\"name\":\"SHOPATOA\",\"url\":\"https:\\\/\\\/shopatoa.com\\\/ro\\\/\",\"logo\":{\"@type\":\"ImageObject\",\"inLanguage\":\"ro-RO\",\"@id\":\"https:\\\/\\\/shopatoa.com\\\/ro\\\/#\\\/schema\\\/logo\\\/image\\\/\",\"url\":\"https:\\\/\\\/storage.googleapis.com\\\/cz-shopatoa-img\\\/ro\\\/b4dac915-shopatoa_logo.png\",\"contentUrl\":\"https:\\\/\\\/storage.googleapis.com\\\/cz-shopatoa-img\\\/ro\\\/b4dac915-shopatoa_logo.png\",\"width\":416,\"height\":63,\"caption\":\"SHOPATOA\"},\"image\":{\"@id\":\"https:\\\/\\\/shopatoa.com\\\/ro\\\/#\\\/schema\\\/logo\\\/image\\\/\"}}]}<\/script>\n<!-- \/ Yoast SEO plugin. -->","yoast_head_json":{"title":"Michael Kors Gorgeous! - EDP 50 ml - SHOPATOA.COM","robots":{"index":"index","follow":"follow","max-snippet":"max-snippet:-1","max-image-preview":"max-image-preview:large","max-video-preview":"max-video-preview:-1"},"canonical":"https:\/\/shopatoa.com\/ro\/michael-kors-gorgeous-edp-50-ml-2\/","og_locale":"ro_RO","og_type":"article","og_title":"Michael Kors Gorgeous! - EDP 50 ml - SHOPATOA.COM","og_description":"Gorgeous! de la marca Michael Kors este o ap\u0103 de parfum exclusiv\u0103, cu arome florale \u0219i lemnoase, destinat\u0103 femeilor. Gorgeous! este o s\u0103rb\u0103toare a \u00eencrederii \u00een sine a femeilor, a spiritului \u0219i a frumuse\u021bii lor nest\u0103p\u00e2nite. Acest parfum modern se deschide cu note dulci de mandarin\u0103 coapt\u0103, care se amestec\u0103 cu boabe de piper roz...","og_url":"https:\/\/shopatoa.com\/ro\/michael-kors-gorgeous-edp-50-ml-2\/","og_site_name":"SHOPATOA","article_modified_time":"2025-12-11T20:35:10+00:00","og_image":[{"width":800,"height":800,"url":"https:\/\/storage.googleapis.com\/cz-shopatoa-img\/ro\/547a488b-unnamed-file.webp","type":"image\/webp"}],"twitter_card":"summary_large_image","twitter_misc":{"Timp estimat pentru citire":"1 minut"},"schema":{"@context":"https:\/\/schema.org","@graph":[{"@type":"WebPage","@id":"https:\/\/shopatoa.com\/ro\/michael-kors-gorgeous-edp-50-ml-2\/","url":"https:\/\/shopatoa.com\/ro\/michael-kors-gorgeous-edp-50-ml-2\/","name":"Michael Kors Gorgeous! - EDP 50 ml - SHOPATOA.COM","isPartOf":{"@id":"https:\/\/shopatoa.com\/ro\/#website"},"primaryImageOfPage":{"@id":"https:\/\/shopatoa.com\/ro\/michael-kors-gorgeous-edp-50-ml-2\/#primaryimage"},"image":{"@id":"https:\/\/shopatoa.com\/ro\/michael-kors-gorgeous-edp-50-ml-2\/#primaryimage"},"thumbnailUrl":"https:\/\/storage.googleapis.com\/cz-shopatoa-img\/ro\/547a488b-unnamed-file.webp","datePublished":"2025-05-21T21:28:38+00:00","dateModified":"2025-12-11T20:35:10+00:00","breadcrumb":{"@id":"https:\/\/shopatoa.com\/ro\/michael-kors-gorgeous-edp-50-ml-2\/#breadcrumb"},"inLanguage":"ro-RO","potentialAction":[{"@type":"ReadAction","target":["https:\/\/shopatoa.com\/ro\/michael-kors-gorgeous-edp-50-ml-2\/"]}]},{"@type":"ImageObject","inLanguage":"ro-RO","@id":"https:\/\/shopatoa.com\/ro\/michael-kors-gorgeous-edp-50-ml-2\/#primaryimage","url":"https:\/\/storage.googleapis.com\/cz-shopatoa-img\/ro\/547a488b-unnamed-file.webp","contentUrl":"https:\/\/storage.googleapis.com\/cz-shopatoa-img\/ro\/547a488b-unnamed-file.webp","width":800,"height":800},{"@type":"BreadcrumbList","@id":"https:\/\/shopatoa.com\/ro\/michael-kors-gorgeous-edp-50-ml-2\/#breadcrumb","itemListElement":[{"@type":"ListItem","position":1,"name":"Dom\u016f","item":"https:\/\/shopatoa.com\/ro\/"},{"@type":"ListItem","position":2,"name":"Shop","item":"https:\/\/shopatoa.com\/ro\/shop\/"},{"@type":"ListItem","position":3,"name":"Parfumuri","item":"https:\/\/shopatoa.com\/ro\/parfumuri\/"},{"@type":"ListItem","position":4,"name":"Ape de parfum (EDP)","item":"https:\/\/shopatoa.com\/ro\/ape-de-parfum-edp\/"},{"@type":"ListItem","position":5,"name":"Michael Kors Gorgeous! &#8211; EDP 50 ml"}]},{"@type":"WebSite","@id":"https:\/\/shopatoa.com\/ro\/#website","url":"https:\/\/shopatoa.com\/ro\/","name":"SHOPATOA","description":"","publisher":{"@id":"https:\/\/shopatoa.com\/ro\/#organization"},"potentialAction":[{"@type":"SearchAction","target":{"@type":"EntryPoint","urlTemplate":"https:\/\/shopatoa.com\/ro\/?s={search_term_string}"},"query-input":{"@type":"PropertyValueSpecification","valueRequired":true,"valueName":"search_term_string"}}],"inLanguage":"ro-RO"},{"@type":"Organization","@id":"https:\/\/shopatoa.com\/ro\/#organization","name":"SHOPATOA","url":"https:\/\/shopatoa.com\/ro\/","logo":{"@type":"ImageObject","inLanguage":"ro-RO","@id":"https:\/\/shopatoa.com\/ro\/#\/schema\/logo\/image\/","url":"https:\/\/storage.googleapis.com\/cz-shopatoa-img\/ro\/b4dac915-shopatoa_logo.png","contentUrl":"https:\/\/storage.googleapis.com\/cz-shopatoa-img\/ro\/b4dac915-shopatoa_logo.png","width":416,"height":63,"caption":"SHOPATOA"},"image":{"@id":"https:\/\/shopatoa.com\/ro\/#\/schema\/logo\/image\/"}}]}},"_links":{"self":[{"href":"https:\/\/shopatoa.com\/ro\/wp-json\/wp\/v2\/product\/367363","targetHints":{"allow":["GET"]}}],"collection":[{"href":"https:\/\/shopatoa.com\/ro\/wp-json\/wp\/v2\/product"}],"about":[{"href":"https:\/\/shopatoa.com\/ro\/wp-json\/wp\/v2\/types\/product"}],"replies":[{"embeddable":true,"href":"https:\/\/shopatoa.com\/ro\/wp-json\/wp\/v2\/comments?post=367363"}],"wp:featuredmedia":[{"embeddable":true,"href":"https:\/\/shopatoa.com\/ro\/wp-json\/wp\/v2\/media\/367364"}],"wp:attachment":[{"href":"https:\/\/shopatoa.com\/ro\/wp-json\/wp\/v2\/media?parent=367363"}],"wp:term":[{"taxonomy":"product_brand","embeddable":true,"href":"https:\/\/shopatoa.com\/ro\/wp-json\/wp\/v2\/product_brand?post=367363"},{"taxonomy":"product_cat","embeddable":true,"href":"https:\/\/shopatoa.com\/ro\/wp-json\/wp\/v2\/product_cat?post=367363"},{"taxonomy":"product_tag","embeddable":true,"href":"https:\/\/shopatoa.com\/ro\/wp-json\/wp\/v2\/product_tag?post=367363"}],"curies":[{"name":"wp","href":"https:\/\/api.w.org\/{rel}","templated":true}]}}