{"id":367406,"date":"2025-05-21T23:31:58","date_gmt":"2025-05-21T21:31:58","guid":{"rendered":"https:\/\/shopatoa.com\/ro\/olaplex-balsam-de-tonifiere-no-5p-blonde-enhancer-toning-conditioner-250-ml-2\/"},"modified":"2025-12-11T21:23:58","modified_gmt":"2025-12-11T20:23:58","slug":"olaplex-balsam-de-tonifiere-no-5p-blonde-enhancer-toning-conditioner-250-ml-2","status":"publish","type":"product","link":"https:\/\/shopatoa.com\/ro\/olaplex-balsam-de-tonifiere-no-5p-blonde-enhancer-toning-conditioner-250-ml-2\/","title":{"rendered":"Olaplex Balsam de tonifiere No. 5P Blonde Enhancer (Toning Conditioner) 250 ml"},"content":{"rendered":"<p>Balsam de tonifiere No. 5P Blonde Enhancer este un balsam hr\u0103nitor care tonific\u0103 uniform, ofer\u0103 str\u0103lucire \u0219i hidratare de la r\u0103d\u0103cin\u0103 p\u00e2n\u0103 la v\u00e2rfuri. Spre deosebire de alte balsamuri, poate descurca \u0219i \u00eenmuia chiar \u0219i cel mai fragil p\u0103r blond, f\u0103r\u0103 a \u00eengreuna r\u0103d\u0103cinile.<\/p>\n","protected":false},"excerpt":{"rendered":"<p>Balsam de tonifiere No. 5P Blonde Enhancer este un balsam hr\u0103nitor care tonific\u0103 uniform, ofer\u0103 str\u0103lucire \u0219i hidratare de la r\u0103d\u0103cin\u0103 p\u00e2n\u0103 la v\u00e2rfuri. Spre deosebire de alte balsamuri, poate descurca \u0219i \u00eenmuia chiar \u0219i cel mai fragil p\u0103r blond, f\u0103r\u0103 a \u00eengreuna r\u0103d\u0103cinile.<\/p>\n","protected":false},"featured_media":367408,"comment_status":"closed","ping_status":"open","template":"","meta":{"_acf_changed":false,"_kadence_starter_templates_imported_post":false,"_kad_post_transparent":"","_kad_post_title":"","_kad_post_layout":"","_kad_post_sidebar_id":"","_kad_post_content_style":"","_kad_post_vertical_padding":"","_kad_post_feature":"","_kad_post_feature_position":"","_kad_post_header":false,"_kad_post_footer":false,"_kad_post_classname":""},"product_brand":[280],"product_cat":[681,246,644,623],"product_tag":[],"class_list":{"0":"post-367406","1":"product","2":"type-product","3":"status-publish","4":"has-post-thumbnail","6":"product_brand-olaplex","7":"product_cat-conditionere","8":"product_cat-cosmetice","9":"product_cat-cosmetice-pentru-spalarea-parului","10":"product_cat-produse-cosmetice-pentru-par","12":"first","13":"instock","14":"sale","15":"product-type-external","16":"entry","17":"content-bg","18":"loop-entry"},"acf":[],"yoast_head":"<!-- This site is optimized with the Yoast SEO plugin v27.4 - https:\/\/yoast.com\/product\/yoast-seo-wordpress\/ -->\n<title>Olaplex Balsam de tonifiere No. 5P Blonde Enhancer (Toning Conditioner) 250 ml - SHOPATOA.COM<\/title>\n<meta name=\"robots\" content=\"index, follow, max-snippet:-1, max-image-preview:large, max-video-preview:-1\" \/>\n<link rel=\"canonical\" href=\"https:\/\/shopatoa.com\/ro\/olaplex-balsam-de-tonifiere-no-5p-blonde-enhancer-toning-conditioner-250-ml-2\/\" \/>\n<meta property=\"og:locale\" content=\"ro_RO\" \/>\n<meta property=\"og:type\" content=\"article\" \/>\n<meta property=\"og:title\" content=\"Olaplex Balsam de tonifiere No. 5P Blonde Enhancer (Toning Conditioner) 250 ml - SHOPATOA.COM\" \/>\n<meta property=\"og:description\" content=\"Balsam de tonifiere No. 5P Blonde Enhancer este un balsam hr\u0103nitor care tonific\u0103 uniform, ofer\u0103 str\u0103lucire \u0219i hidratare de la r\u0103d\u0103cin\u0103 p\u00e2n\u0103 la v\u00e2rfuri. Spre deosebire de alte balsamuri, poate descurca \u0219i \u00eenmuia chiar \u0219i cel mai fragil p\u0103r blond, f\u0103r\u0103 a \u00eengreuna r\u0103d\u0103cinile.\" \/>\n<meta property=\"og:url\" content=\"https:\/\/shopatoa.com\/ro\/olaplex-balsam-de-tonifiere-no-5p-blonde-enhancer-toning-conditioner-250-ml-2\/\" \/>\n<meta property=\"og:site_name\" content=\"SHOPATOA\" \/>\n<meta property=\"article:modified_time\" content=\"2025-12-11T20:23:58+00:00\" \/>\n<meta property=\"og:image\" content=\"https:\/\/storage.googleapis.com\/cz-shopatoa-img\/ro\/eb981389-unnamed-file.webp\" \/>\n\t<meta property=\"og:image:width\" content=\"800\" \/>\n\t<meta property=\"og:image:height\" content=\"800\" \/>\n\t<meta property=\"og:image:type\" content=\"image\/webp\" \/>\n<meta name=\"twitter:card\" content=\"summary_large_image\" \/>\n<script type=\"application\/ld+json\" class=\"yoast-schema-graph\">{\"@context\":\"https:\\\/\\\/schema.org\",\"@graph\":[{\"@type\":\"WebPage\",\"@id\":\"https:\\\/\\\/shopatoa.com\\\/ro\\\/olaplex-balsam-de-tonifiere-no-5p-blonde-enhancer-toning-conditioner-250-ml-2\\\/\",\"url\":\"https:\\\/\\\/shopatoa.com\\\/ro\\\/olaplex-balsam-de-tonifiere-no-5p-blonde-enhancer-toning-conditioner-250-ml-2\\\/\",\"name\":\"Olaplex Balsam de tonifiere No. 5P Blonde Enhancer (Toning Conditioner) 250 ml - SHOPATOA.COM\",\"isPartOf\":{\"@id\":\"https:\\\/\\\/shopatoa.com\\\/ro\\\/#website\"},\"primaryImageOfPage\":{\"@id\":\"https:\\\/\\\/shopatoa.com\\\/ro\\\/olaplex-balsam-de-tonifiere-no-5p-blonde-enhancer-toning-conditioner-250-ml-2\\\/#primaryimage\"},\"image\":{\"@id\":\"https:\\\/\\\/shopatoa.com\\\/ro\\\/olaplex-balsam-de-tonifiere-no-5p-blonde-enhancer-toning-conditioner-250-ml-2\\\/#primaryimage\"},\"thumbnailUrl\":\"https:\\\/\\\/storage.googleapis.com\\\/cz-shopatoa-img\\\/ro\\\/eb981389-unnamed-file.webp\",\"datePublished\":\"2025-05-21T21:31:58+00:00\",\"dateModified\":\"2025-12-11T20:23:58+00:00\",\"breadcrumb\":{\"@id\":\"https:\\\/\\\/shopatoa.com\\\/ro\\\/olaplex-balsam-de-tonifiere-no-5p-blonde-enhancer-toning-conditioner-250-ml-2\\\/#breadcrumb\"},\"inLanguage\":\"ro-RO\",\"potentialAction\":[{\"@type\":\"ReadAction\",\"target\":[\"https:\\\/\\\/shopatoa.com\\\/ro\\\/olaplex-balsam-de-tonifiere-no-5p-blonde-enhancer-toning-conditioner-250-ml-2\\\/\"]}]},{\"@type\":\"ImageObject\",\"inLanguage\":\"ro-RO\",\"@id\":\"https:\\\/\\\/shopatoa.com\\\/ro\\\/olaplex-balsam-de-tonifiere-no-5p-blonde-enhancer-toning-conditioner-250-ml-2\\\/#primaryimage\",\"url\":\"https:\\\/\\\/storage.googleapis.com\\\/cz-shopatoa-img\\\/ro\\\/eb981389-unnamed-file.webp\",\"contentUrl\":\"https:\\\/\\\/storage.googleapis.com\\\/cz-shopatoa-img\\\/ro\\\/eb981389-unnamed-file.webp\",\"width\":800,\"height\":800},{\"@type\":\"BreadcrumbList\",\"@id\":\"https:\\\/\\\/shopatoa.com\\\/ro\\\/olaplex-balsam-de-tonifiere-no-5p-blonde-enhancer-toning-conditioner-250-ml-2\\\/#breadcrumb\",\"itemListElement\":[{\"@type\":\"ListItem\",\"position\":1,\"name\":\"Dom\u016f\",\"item\":\"https:\\\/\\\/shopatoa.com\\\/ro\\\/\"},{\"@type\":\"ListItem\",\"position\":2,\"name\":\"Shop\",\"item\":\"https:\\\/\\\/shopatoa.com\\\/ro\\\/shop\\\/\"},{\"@type\":\"ListItem\",\"position\":3,\"name\":\"Cosmetice\",\"item\":\"https:\\\/\\\/shopatoa.com\\\/ro\\\/cosmetice\\\/\"},{\"@type\":\"ListItem\",\"position\":4,\"name\":\"Produse cosmetice pentru p\u0103r\",\"item\":\"https:\\\/\\\/shopatoa.com\\\/ro\\\/produse-cosmetice-pentru-par\\\/\"},{\"@type\":\"ListItem\",\"position\":5,\"name\":\"Cosmetice pentru sp\u0103larea p\u0103rului\",\"item\":\"https:\\\/\\\/shopatoa.com\\\/ro\\\/cosmetice-pentru-spalarea-parului\\\/\"},{\"@type\":\"ListItem\",\"position\":6,\"name\":\"Condi\u021bionere\",\"item\":\"https:\\\/\\\/shopatoa.com\\\/ro\\\/conditionere\\\/\"},{\"@type\":\"ListItem\",\"position\":7,\"name\":\"Olaplex Balsam de tonifiere No. 5P Blonde Enhancer (Toning Conditioner) 250 ml\"}]},{\"@type\":\"WebSite\",\"@id\":\"https:\\\/\\\/shopatoa.com\\\/ro\\\/#website\",\"url\":\"https:\\\/\\\/shopatoa.com\\\/ro\\\/\",\"name\":\"SHOPATOA\",\"description\":\"\",\"publisher\":{\"@id\":\"https:\\\/\\\/shopatoa.com\\\/ro\\\/#organization\"},\"potentialAction\":[{\"@type\":\"SearchAction\",\"target\":{\"@type\":\"EntryPoint\",\"urlTemplate\":\"https:\\\/\\\/shopatoa.com\\\/ro\\\/?s={search_term_string}\"},\"query-input\":{\"@type\":\"PropertyValueSpecification\",\"valueRequired\":true,\"valueName\":\"search_term_string\"}}],\"inLanguage\":\"ro-RO\"},{\"@type\":\"Organization\",\"@id\":\"https:\\\/\\\/shopatoa.com\\\/ro\\\/#organization\",\"name\":\"SHOPATOA\",\"url\":\"https:\\\/\\\/shopatoa.com\\\/ro\\\/\",\"logo\":{\"@type\":\"ImageObject\",\"inLanguage\":\"ro-RO\",\"@id\":\"https:\\\/\\\/shopatoa.com\\\/ro\\\/#\\\/schema\\\/logo\\\/image\\\/\",\"url\":\"https:\\\/\\\/storage.googleapis.com\\\/cz-shopatoa-img\\\/ro\\\/b4dac915-shopatoa_logo.png\",\"contentUrl\":\"https:\\\/\\\/storage.googleapis.com\\\/cz-shopatoa-img\\\/ro\\\/b4dac915-shopatoa_logo.png\",\"width\":416,\"height\":63,\"caption\":\"SHOPATOA\"},\"image\":{\"@id\":\"https:\\\/\\\/shopatoa.com\\\/ro\\\/#\\\/schema\\\/logo\\\/image\\\/\"}}]}<\/script>\n<!-- \/ Yoast SEO plugin. -->","yoast_head_json":{"title":"Olaplex Balsam de tonifiere No. 5P Blonde Enhancer (Toning Conditioner) 250 ml - SHOPATOA.COM","robots":{"index":"index","follow":"follow","max-snippet":"max-snippet:-1","max-image-preview":"max-image-preview:large","max-video-preview":"max-video-preview:-1"},"canonical":"https:\/\/shopatoa.com\/ro\/olaplex-balsam-de-tonifiere-no-5p-blonde-enhancer-toning-conditioner-250-ml-2\/","og_locale":"ro_RO","og_type":"article","og_title":"Olaplex Balsam de tonifiere No. 5P Blonde Enhancer (Toning Conditioner) 250 ml - SHOPATOA.COM","og_description":"Balsam de tonifiere No. 5P Blonde Enhancer este un balsam hr\u0103nitor care tonific\u0103 uniform, ofer\u0103 str\u0103lucire \u0219i hidratare de la r\u0103d\u0103cin\u0103 p\u00e2n\u0103 la v\u00e2rfuri. Spre deosebire de alte balsamuri, poate descurca \u0219i \u00eenmuia chiar \u0219i cel mai fragil p\u0103r blond, f\u0103r\u0103 a \u00eengreuna r\u0103d\u0103cinile.","og_url":"https:\/\/shopatoa.com\/ro\/olaplex-balsam-de-tonifiere-no-5p-blonde-enhancer-toning-conditioner-250-ml-2\/","og_site_name":"SHOPATOA","article_modified_time":"2025-12-11T20:23:58+00:00","og_image":[{"width":800,"height":800,"url":"https:\/\/storage.googleapis.com\/cz-shopatoa-img\/ro\/eb981389-unnamed-file.webp","type":"image\/webp"}],"twitter_card":"summary_large_image","schema":{"@context":"https:\/\/schema.org","@graph":[{"@type":"WebPage","@id":"https:\/\/shopatoa.com\/ro\/olaplex-balsam-de-tonifiere-no-5p-blonde-enhancer-toning-conditioner-250-ml-2\/","url":"https:\/\/shopatoa.com\/ro\/olaplex-balsam-de-tonifiere-no-5p-blonde-enhancer-toning-conditioner-250-ml-2\/","name":"Olaplex Balsam de tonifiere No. 5P Blonde Enhancer (Toning Conditioner) 250 ml - SHOPATOA.COM","isPartOf":{"@id":"https:\/\/shopatoa.com\/ro\/#website"},"primaryImageOfPage":{"@id":"https:\/\/shopatoa.com\/ro\/olaplex-balsam-de-tonifiere-no-5p-blonde-enhancer-toning-conditioner-250-ml-2\/#primaryimage"},"image":{"@id":"https:\/\/shopatoa.com\/ro\/olaplex-balsam-de-tonifiere-no-5p-blonde-enhancer-toning-conditioner-250-ml-2\/#primaryimage"},"thumbnailUrl":"https:\/\/storage.googleapis.com\/cz-shopatoa-img\/ro\/eb981389-unnamed-file.webp","datePublished":"2025-05-21T21:31:58+00:00","dateModified":"2025-12-11T20:23:58+00:00","breadcrumb":{"@id":"https:\/\/shopatoa.com\/ro\/olaplex-balsam-de-tonifiere-no-5p-blonde-enhancer-toning-conditioner-250-ml-2\/#breadcrumb"},"inLanguage":"ro-RO","potentialAction":[{"@type":"ReadAction","target":["https:\/\/shopatoa.com\/ro\/olaplex-balsam-de-tonifiere-no-5p-blonde-enhancer-toning-conditioner-250-ml-2\/"]}]},{"@type":"ImageObject","inLanguage":"ro-RO","@id":"https:\/\/shopatoa.com\/ro\/olaplex-balsam-de-tonifiere-no-5p-blonde-enhancer-toning-conditioner-250-ml-2\/#primaryimage","url":"https:\/\/storage.googleapis.com\/cz-shopatoa-img\/ro\/eb981389-unnamed-file.webp","contentUrl":"https:\/\/storage.googleapis.com\/cz-shopatoa-img\/ro\/eb981389-unnamed-file.webp","width":800,"height":800},{"@type":"BreadcrumbList","@id":"https:\/\/shopatoa.com\/ro\/olaplex-balsam-de-tonifiere-no-5p-blonde-enhancer-toning-conditioner-250-ml-2\/#breadcrumb","itemListElement":[{"@type":"ListItem","position":1,"name":"Dom\u016f","item":"https:\/\/shopatoa.com\/ro\/"},{"@type":"ListItem","position":2,"name":"Shop","item":"https:\/\/shopatoa.com\/ro\/shop\/"},{"@type":"ListItem","position":3,"name":"Cosmetice","item":"https:\/\/shopatoa.com\/ro\/cosmetice\/"},{"@type":"ListItem","position":4,"name":"Produse cosmetice pentru p\u0103r","item":"https:\/\/shopatoa.com\/ro\/produse-cosmetice-pentru-par\/"},{"@type":"ListItem","position":5,"name":"Cosmetice pentru sp\u0103larea p\u0103rului","item":"https:\/\/shopatoa.com\/ro\/cosmetice-pentru-spalarea-parului\/"},{"@type":"ListItem","position":6,"name":"Condi\u021bionere","item":"https:\/\/shopatoa.com\/ro\/conditionere\/"},{"@type":"ListItem","position":7,"name":"Olaplex Balsam de tonifiere No. 5P Blonde Enhancer (Toning Conditioner) 250 ml"}]},{"@type":"WebSite","@id":"https:\/\/shopatoa.com\/ro\/#website","url":"https:\/\/shopatoa.com\/ro\/","name":"SHOPATOA","description":"","publisher":{"@id":"https:\/\/shopatoa.com\/ro\/#organization"},"potentialAction":[{"@type":"SearchAction","target":{"@type":"EntryPoint","urlTemplate":"https:\/\/shopatoa.com\/ro\/?s={search_term_string}"},"query-input":{"@type":"PropertyValueSpecification","valueRequired":true,"valueName":"search_term_string"}}],"inLanguage":"ro-RO"},{"@type":"Organization","@id":"https:\/\/shopatoa.com\/ro\/#organization","name":"SHOPATOA","url":"https:\/\/shopatoa.com\/ro\/","logo":{"@type":"ImageObject","inLanguage":"ro-RO","@id":"https:\/\/shopatoa.com\/ro\/#\/schema\/logo\/image\/","url":"https:\/\/storage.googleapis.com\/cz-shopatoa-img\/ro\/b4dac915-shopatoa_logo.png","contentUrl":"https:\/\/storage.googleapis.com\/cz-shopatoa-img\/ro\/b4dac915-shopatoa_logo.png","width":416,"height":63,"caption":"SHOPATOA"},"image":{"@id":"https:\/\/shopatoa.com\/ro\/#\/schema\/logo\/image\/"}}]}},"_links":{"self":[{"href":"https:\/\/shopatoa.com\/ro\/wp-json\/wp\/v2\/product\/367406","targetHints":{"allow":["GET"]}}],"collection":[{"href":"https:\/\/shopatoa.com\/ro\/wp-json\/wp\/v2\/product"}],"about":[{"href":"https:\/\/shopatoa.com\/ro\/wp-json\/wp\/v2\/types\/product"}],"replies":[{"embeddable":true,"href":"https:\/\/shopatoa.com\/ro\/wp-json\/wp\/v2\/comments?post=367406"}],"wp:featuredmedia":[{"embeddable":true,"href":"https:\/\/shopatoa.com\/ro\/wp-json\/wp\/v2\/media\/367408"}],"wp:attachment":[{"href":"https:\/\/shopatoa.com\/ro\/wp-json\/wp\/v2\/media?parent=367406"}],"wp:term":[{"taxonomy":"product_brand","embeddable":true,"href":"https:\/\/shopatoa.com\/ro\/wp-json\/wp\/v2\/product_brand?post=367406"},{"taxonomy":"product_cat","embeddable":true,"href":"https:\/\/shopatoa.com\/ro\/wp-json\/wp\/v2\/product_cat?post=367406"},{"taxonomy":"product_tag","embeddable":true,"href":"https:\/\/shopatoa.com\/ro\/wp-json\/wp\/v2\/product_tag?post=367406"}],"curies":[{"name":"wp","href":"https:\/\/api.w.org\/{rel}","templated":true}]}}