{"id":367473,"date":"2025-05-21T23:33:35","date_gmt":"2025-05-21T21:33:35","guid":{"rendered":"https:\/\/shopatoa.com\/ro\/laifen-periuta-electrica-de-dinti-wave-lftb01-p-alba-2\/"},"modified":"2025-12-11T21:14:13","modified_gmt":"2025-12-11T20:14:13","slug":"laifen-periuta-electrica-de-dinti-wave-lftb01-p-alba-2","status":"publish","type":"product","link":"https:\/\/shopatoa.com\/ro\/laifen-periuta-electrica-de-dinti-wave-lftb01-p-alba-2\/","title":{"rendered":"Laifen Periu\u021b\u0103 electric\u0103 de din\u021bi Wave LFTB01-P Alba"},"content":{"rendered":"<p>Imagina\u021bi-v\u0103 c\u0103 v\u0103 trezi\u021bi \u00een fiecare diminea\u021b\u0103 \u0219tiind c\u0103 din\u021bii dvs, sunt perfect cura\u021bi, respira\u021bia este proasp\u0103t\u0103 \u0219i z\u00e2mbetul este mai str\u0103lucitor ca niciodat\u0103. Cu periu\u021ba de din\u021bi electric\u0103 Laifen Wave LFTB01-P White, acest vis devine realitate. Datorit\u0103 tehnologiei inovatoare care combin\u0103 oscila\u021bia \u0219i vibra\u021bia cu o frecven\u021b\u0103 de p\u00e2n\u0103 la 66.000\/min, aceast\u0103 perie \u00eendep\u0103rteaz\u0103 placa mai eficient dec\u00e2t oric\u00e2nd, protej\u00e2nd \u00een acela\u0219i timp gingiile de irita\u021bii inutile. Cu Laifen Wave, pute\u021bi spune la revedere periajului manual ineficient \u0219i pute\u021bi saluta o nou\u0103 er\u0103 a igienei orale. Exist\u0103 Bluetooth 5.2 \u0219i aplica\u021bie gratuit\u0103 Laifen. Folosind aplica\u021bia, pute\u021bi seta propriul mod, adic\u0103 intensitatea vibra\u021biilor, intervalul de oscila\u021bie, viteza de oscila\u021bie \u0219i timpul de cur\u0103\u021bare \u00een intervalul 1-5 minute. Designul ergonomic \u0219i elegant al periei nu numai c\u0103 arat\u0103 grozav \u00een baie, dar este \u0219i conceput pentru a se potrivi perfect \u00een m\u00e2n\u0103, f\u0103c\u00e2nd cur\u0103\u021barea confortabil\u0103 \u0219i u\u0219oar\u0103. Iar cu o durat\u0103 de via\u021b\u0103 a bateriei de p\u00e2n\u0103 la 30 de zile la o singur\u0103 \u00eenc\u0103rcare, Laifen Wave nu v\u0103 va dezam\u0103gi oriunde v\u0103 ve\u021bi afla. Cur\u0103\u021bare revolu\u021bionar\u0103 &#8211; utiliza\u021bi puterea de p\u00e2n\u0103 la 66.000 de mi\u0219c\u0103ri pe minut pentru a cur\u0103\u021ba perfect din\u021bii \u0219i protec\u021bia gingiilor f\u0103r\u0103 efort. Durat\u0103 lung\u0103 de via\u021b\u0103 a bateriei &#8211; uita\u021bi de \u00eenc\u0103rcarea frecvent\u0103. Cu o durat\u0103 de via\u021b\u0103 a bateriei de p\u00e2n\u0103 la 30 de zile, Laifen Wave este gata oric\u00e2nd ave\u021bi nevoie. Set\u0103ri personalizabile &#8211; cu 2 moduri, 3 set\u0103ri \u0219i 10 niveluri de intensitate, pute\u021bi personaliza cur\u0103\u021barea exact \u00een func\u021bie de nevoile dvs. Rezisten\u021ba la ap\u0103 \u0219i u\u0219or de \u00eentre\u021binut &#8211; datorit\u0103 rezisten\u021bei la ap\u0103 IPX7, peria este u\u0219or de \u00eentre\u021binut \u0219i o pute\u021bi folosi la du\u0219 f\u0103r\u0103 griji. Func\u021bionare silen\u021bioas\u0103 &#8211; cu un nivel de zgomot de doar 59 dB, v\u0103 pute\u021bi sp\u0103la pe din\u021bi \u00een orice moment, f\u0103r\u0103 a deranja pe cei din jur.<\/p>\n","protected":false},"excerpt":{"rendered":"<p>Imagina\u021bi-v\u0103 c\u0103 v\u0103 trezi\u021bi \u00een fiecare diminea\u021b\u0103 \u0219tiind c\u0103 din\u021bii dvs, sunt perfect cura\u021bi, respira\u021bia este proasp\u0103t\u0103 \u0219i z\u00e2mbetul este mai str\u0103lucitor ca niciodat\u0103. Cu periu\u021ba de din\u021bi electric\u0103 Laifen Wave LFTB01-P White, acest vis devine realitate. Datorit\u0103 tehnologiei inovatoare care combin\u0103 oscila\u021bia \u0219i vibra\u021bia cu o frecven\u021b\u0103 de p\u00e2n\u0103 la 66.000\/min, aceast\u0103 perie \u00eendep\u0103rteaz\u0103&#8230;<\/p>\n","protected":false},"featured_media":367474,"comment_status":"closed","ping_status":"open","template":"","meta":{"_acf_changed":false,"_kadence_starter_templates_imported_post":false,"_kad_post_transparent":"","_kad_post_title":"","_kad_post_layout":"","_kad_post_sidebar_id":"","_kad_post_content_style":"","_kad_post_vertical_padding":"","_kad_post_feature":"","_kad_post_feature_position":"","_kad_post_header":false,"_kad_post_footer":false,"_kad_post_classname":""},"product_brand":[931],"product_cat":[246,709,764],"product_tag":[],"class_list":{"0":"post-367473","1":"product","2":"type-product","3":"status-publish","4":"has-post-thumbnail","6":"product_brand-laifen","7":"product_cat-cosmetice","8":"product_cat-ingrijirea-dentara","9":"product_cat-periute-de-dinti-electrice","11":"first","12":"instock","13":"sale","14":"product-type-external","15":"entry","16":"content-bg","17":"loop-entry"},"acf":[],"yoast_head":"<!-- This site is optimized with the Yoast SEO plugin v27.4 - https:\/\/yoast.com\/product\/yoast-seo-wordpress\/ -->\n<title>Laifen Periu\u021b\u0103 electric\u0103 de din\u021bi Wave LFTB01-P Alba - SHOPATOA.COM<\/title>\n<meta name=\"robots\" content=\"index, follow, max-snippet:-1, max-image-preview:large, max-video-preview:-1\" \/>\n<link rel=\"canonical\" href=\"https:\/\/shopatoa.com\/ro\/laifen-periuta-electrica-de-dinti-wave-lftb01-p-alba-2\/\" \/>\n<meta property=\"og:locale\" content=\"ro_RO\" \/>\n<meta property=\"og:type\" content=\"article\" \/>\n<meta property=\"og:title\" content=\"Laifen Periu\u021b\u0103 electric\u0103 de din\u021bi Wave LFTB01-P Alba - SHOPATOA.COM\" \/>\n<meta property=\"og:description\" content=\"Imagina\u021bi-v\u0103 c\u0103 v\u0103 trezi\u021bi \u00een fiecare diminea\u021b\u0103 \u0219tiind c\u0103 din\u021bii dvs, sunt perfect cura\u021bi, respira\u021bia este proasp\u0103t\u0103 \u0219i z\u00e2mbetul este mai str\u0103lucitor ca niciodat\u0103. Cu periu\u021ba de din\u021bi electric\u0103 Laifen Wave LFTB01-P White, acest vis devine realitate. Datorit\u0103 tehnologiei inovatoare care combin\u0103 oscila\u021bia \u0219i vibra\u021bia cu o frecven\u021b\u0103 de p\u00e2n\u0103 la 66.000\/min, aceast\u0103 perie \u00eendep\u0103rteaz\u0103...\" \/>\n<meta property=\"og:url\" content=\"https:\/\/shopatoa.com\/ro\/laifen-periuta-electrica-de-dinti-wave-lftb01-p-alba-2\/\" \/>\n<meta property=\"og:site_name\" content=\"SHOPATOA\" \/>\n<meta property=\"article:modified_time\" content=\"2025-12-11T20:14:13+00:00\" \/>\n<meta property=\"og:image\" content=\"https:\/\/storage.googleapis.com\/cz-shopatoa-img\/ro\/fdc0dcc5-unnamed-file.webp\" \/>\n\t<meta property=\"og:image:width\" content=\"800\" \/>\n\t<meta property=\"og:image:height\" content=\"800\" \/>\n\t<meta property=\"og:image:type\" content=\"image\/webp\" \/>\n<meta name=\"twitter:card\" content=\"summary_large_image\" \/>\n<meta name=\"twitter:label1\" content=\"Timp estimat pentru citire\" \/>\n\t<meta name=\"twitter:data1\" content=\"2 minute\" \/>\n<script type=\"application\/ld+json\" class=\"yoast-schema-graph\">{\"@context\":\"https:\\\/\\\/schema.org\",\"@graph\":[{\"@type\":\"WebPage\",\"@id\":\"https:\\\/\\\/shopatoa.com\\\/ro\\\/laifen-periuta-electrica-de-dinti-wave-lftb01-p-alba-2\\\/\",\"url\":\"https:\\\/\\\/shopatoa.com\\\/ro\\\/laifen-periuta-electrica-de-dinti-wave-lftb01-p-alba-2\\\/\",\"name\":\"Laifen Periu\u021b\u0103 electric\u0103 de din\u021bi Wave LFTB01-P Alba - SHOPATOA.COM\",\"isPartOf\":{\"@id\":\"https:\\\/\\\/shopatoa.com\\\/ro\\\/#website\"},\"primaryImageOfPage\":{\"@id\":\"https:\\\/\\\/shopatoa.com\\\/ro\\\/laifen-periuta-electrica-de-dinti-wave-lftb01-p-alba-2\\\/#primaryimage\"},\"image\":{\"@id\":\"https:\\\/\\\/shopatoa.com\\\/ro\\\/laifen-periuta-electrica-de-dinti-wave-lftb01-p-alba-2\\\/#primaryimage\"},\"thumbnailUrl\":\"https:\\\/\\\/storage.googleapis.com\\\/cz-shopatoa-img\\\/ro\\\/fdc0dcc5-unnamed-file.webp\",\"datePublished\":\"2025-05-21T21:33:35+00:00\",\"dateModified\":\"2025-12-11T20:14:13+00:00\",\"breadcrumb\":{\"@id\":\"https:\\\/\\\/shopatoa.com\\\/ro\\\/laifen-periuta-electrica-de-dinti-wave-lftb01-p-alba-2\\\/#breadcrumb\"},\"inLanguage\":\"ro-RO\",\"potentialAction\":[{\"@type\":\"ReadAction\",\"target\":[\"https:\\\/\\\/shopatoa.com\\\/ro\\\/laifen-periuta-electrica-de-dinti-wave-lftb01-p-alba-2\\\/\"]}]},{\"@type\":\"ImageObject\",\"inLanguage\":\"ro-RO\",\"@id\":\"https:\\\/\\\/shopatoa.com\\\/ro\\\/laifen-periuta-electrica-de-dinti-wave-lftb01-p-alba-2\\\/#primaryimage\",\"url\":\"https:\\\/\\\/storage.googleapis.com\\\/cz-shopatoa-img\\\/ro\\\/fdc0dcc5-unnamed-file.webp\",\"contentUrl\":\"https:\\\/\\\/storage.googleapis.com\\\/cz-shopatoa-img\\\/ro\\\/fdc0dcc5-unnamed-file.webp\",\"width\":800,\"height\":800},{\"@type\":\"BreadcrumbList\",\"@id\":\"https:\\\/\\\/shopatoa.com\\\/ro\\\/laifen-periuta-electrica-de-dinti-wave-lftb01-p-alba-2\\\/#breadcrumb\",\"itemListElement\":[{\"@type\":\"ListItem\",\"position\":1,\"name\":\"Dom\u016f\",\"item\":\"https:\\\/\\\/shopatoa.com\\\/ro\\\/\"},{\"@type\":\"ListItem\",\"position\":2,\"name\":\"Shop\",\"item\":\"https:\\\/\\\/shopatoa.com\\\/ro\\\/shop\\\/\"},{\"@type\":\"ListItem\",\"position\":3,\"name\":\"Cosmetice\",\"item\":\"https:\\\/\\\/shopatoa.com\\\/ro\\\/cosmetice\\\/\"},{\"@type\":\"ListItem\",\"position\":4,\"name\":\"\u00cengrijirea dentar\u0103\",\"item\":\"https:\\\/\\\/shopatoa.com\\\/ro\\\/ingrijirea-dentara\\\/\"},{\"@type\":\"ListItem\",\"position\":5,\"name\":\"Periu\u021be de din\u021bi electrice\",\"item\":\"https:\\\/\\\/shopatoa.com\\\/ro\\\/periute-de-dinti-electrice\\\/\"},{\"@type\":\"ListItem\",\"position\":6,\"name\":\"Laifen Periu\u021b\u0103 electric\u0103 de din\u021bi Wave LFTB01-P Alba\"}]},{\"@type\":\"WebSite\",\"@id\":\"https:\\\/\\\/shopatoa.com\\\/ro\\\/#website\",\"url\":\"https:\\\/\\\/shopatoa.com\\\/ro\\\/\",\"name\":\"SHOPATOA\",\"description\":\"\",\"publisher\":{\"@id\":\"https:\\\/\\\/shopatoa.com\\\/ro\\\/#organization\"},\"potentialAction\":[{\"@type\":\"SearchAction\",\"target\":{\"@type\":\"EntryPoint\",\"urlTemplate\":\"https:\\\/\\\/shopatoa.com\\\/ro\\\/?s={search_term_string}\"},\"query-input\":{\"@type\":\"PropertyValueSpecification\",\"valueRequired\":true,\"valueName\":\"search_term_string\"}}],\"inLanguage\":\"ro-RO\"},{\"@type\":\"Organization\",\"@id\":\"https:\\\/\\\/shopatoa.com\\\/ro\\\/#organization\",\"name\":\"SHOPATOA\",\"url\":\"https:\\\/\\\/shopatoa.com\\\/ro\\\/\",\"logo\":{\"@type\":\"ImageObject\",\"inLanguage\":\"ro-RO\",\"@id\":\"https:\\\/\\\/shopatoa.com\\\/ro\\\/#\\\/schema\\\/logo\\\/image\\\/\",\"url\":\"https:\\\/\\\/storage.googleapis.com\\\/cz-shopatoa-img\\\/ro\\\/b4dac915-shopatoa_logo.png\",\"contentUrl\":\"https:\\\/\\\/storage.googleapis.com\\\/cz-shopatoa-img\\\/ro\\\/b4dac915-shopatoa_logo.png\",\"width\":416,\"height\":63,\"caption\":\"SHOPATOA\"},\"image\":{\"@id\":\"https:\\\/\\\/shopatoa.com\\\/ro\\\/#\\\/schema\\\/logo\\\/image\\\/\"}}]}<\/script>\n<!-- \/ Yoast SEO plugin. -->","yoast_head_json":{"title":"Laifen Periu\u021b\u0103 electric\u0103 de din\u021bi Wave LFTB01-P Alba - SHOPATOA.COM","robots":{"index":"index","follow":"follow","max-snippet":"max-snippet:-1","max-image-preview":"max-image-preview:large","max-video-preview":"max-video-preview:-1"},"canonical":"https:\/\/shopatoa.com\/ro\/laifen-periuta-electrica-de-dinti-wave-lftb01-p-alba-2\/","og_locale":"ro_RO","og_type":"article","og_title":"Laifen Periu\u021b\u0103 electric\u0103 de din\u021bi Wave LFTB01-P Alba - SHOPATOA.COM","og_description":"Imagina\u021bi-v\u0103 c\u0103 v\u0103 trezi\u021bi \u00een fiecare diminea\u021b\u0103 \u0219tiind c\u0103 din\u021bii dvs, sunt perfect cura\u021bi, respira\u021bia este proasp\u0103t\u0103 \u0219i z\u00e2mbetul este mai str\u0103lucitor ca niciodat\u0103. Cu periu\u021ba de din\u021bi electric\u0103 Laifen Wave LFTB01-P White, acest vis devine realitate. Datorit\u0103 tehnologiei inovatoare care combin\u0103 oscila\u021bia \u0219i vibra\u021bia cu o frecven\u021b\u0103 de p\u00e2n\u0103 la 66.000\/min, aceast\u0103 perie \u00eendep\u0103rteaz\u0103...","og_url":"https:\/\/shopatoa.com\/ro\/laifen-periuta-electrica-de-dinti-wave-lftb01-p-alba-2\/","og_site_name":"SHOPATOA","article_modified_time":"2025-12-11T20:14:13+00:00","og_image":[{"width":800,"height":800,"url":"https:\/\/storage.googleapis.com\/cz-shopatoa-img\/ro\/fdc0dcc5-unnamed-file.webp","type":"image\/webp"}],"twitter_card":"summary_large_image","twitter_misc":{"Timp estimat pentru citire":"2 minute"},"schema":{"@context":"https:\/\/schema.org","@graph":[{"@type":"WebPage","@id":"https:\/\/shopatoa.com\/ro\/laifen-periuta-electrica-de-dinti-wave-lftb01-p-alba-2\/","url":"https:\/\/shopatoa.com\/ro\/laifen-periuta-electrica-de-dinti-wave-lftb01-p-alba-2\/","name":"Laifen Periu\u021b\u0103 electric\u0103 de din\u021bi Wave LFTB01-P Alba - SHOPATOA.COM","isPartOf":{"@id":"https:\/\/shopatoa.com\/ro\/#website"},"primaryImageOfPage":{"@id":"https:\/\/shopatoa.com\/ro\/laifen-periuta-electrica-de-dinti-wave-lftb01-p-alba-2\/#primaryimage"},"image":{"@id":"https:\/\/shopatoa.com\/ro\/laifen-periuta-electrica-de-dinti-wave-lftb01-p-alba-2\/#primaryimage"},"thumbnailUrl":"https:\/\/storage.googleapis.com\/cz-shopatoa-img\/ro\/fdc0dcc5-unnamed-file.webp","datePublished":"2025-05-21T21:33:35+00:00","dateModified":"2025-12-11T20:14:13+00:00","breadcrumb":{"@id":"https:\/\/shopatoa.com\/ro\/laifen-periuta-electrica-de-dinti-wave-lftb01-p-alba-2\/#breadcrumb"},"inLanguage":"ro-RO","potentialAction":[{"@type":"ReadAction","target":["https:\/\/shopatoa.com\/ro\/laifen-periuta-electrica-de-dinti-wave-lftb01-p-alba-2\/"]}]},{"@type":"ImageObject","inLanguage":"ro-RO","@id":"https:\/\/shopatoa.com\/ro\/laifen-periuta-electrica-de-dinti-wave-lftb01-p-alba-2\/#primaryimage","url":"https:\/\/storage.googleapis.com\/cz-shopatoa-img\/ro\/fdc0dcc5-unnamed-file.webp","contentUrl":"https:\/\/storage.googleapis.com\/cz-shopatoa-img\/ro\/fdc0dcc5-unnamed-file.webp","width":800,"height":800},{"@type":"BreadcrumbList","@id":"https:\/\/shopatoa.com\/ro\/laifen-periuta-electrica-de-dinti-wave-lftb01-p-alba-2\/#breadcrumb","itemListElement":[{"@type":"ListItem","position":1,"name":"Dom\u016f","item":"https:\/\/shopatoa.com\/ro\/"},{"@type":"ListItem","position":2,"name":"Shop","item":"https:\/\/shopatoa.com\/ro\/shop\/"},{"@type":"ListItem","position":3,"name":"Cosmetice","item":"https:\/\/shopatoa.com\/ro\/cosmetice\/"},{"@type":"ListItem","position":4,"name":"\u00cengrijirea dentar\u0103","item":"https:\/\/shopatoa.com\/ro\/ingrijirea-dentara\/"},{"@type":"ListItem","position":5,"name":"Periu\u021be de din\u021bi electrice","item":"https:\/\/shopatoa.com\/ro\/periute-de-dinti-electrice\/"},{"@type":"ListItem","position":6,"name":"Laifen Periu\u021b\u0103 electric\u0103 de din\u021bi Wave LFTB01-P Alba"}]},{"@type":"WebSite","@id":"https:\/\/shopatoa.com\/ro\/#website","url":"https:\/\/shopatoa.com\/ro\/","name":"SHOPATOA","description":"","publisher":{"@id":"https:\/\/shopatoa.com\/ro\/#organization"},"potentialAction":[{"@type":"SearchAction","target":{"@type":"EntryPoint","urlTemplate":"https:\/\/shopatoa.com\/ro\/?s={search_term_string}"},"query-input":{"@type":"PropertyValueSpecification","valueRequired":true,"valueName":"search_term_string"}}],"inLanguage":"ro-RO"},{"@type":"Organization","@id":"https:\/\/shopatoa.com\/ro\/#organization","name":"SHOPATOA","url":"https:\/\/shopatoa.com\/ro\/","logo":{"@type":"ImageObject","inLanguage":"ro-RO","@id":"https:\/\/shopatoa.com\/ro\/#\/schema\/logo\/image\/","url":"https:\/\/storage.googleapis.com\/cz-shopatoa-img\/ro\/b4dac915-shopatoa_logo.png","contentUrl":"https:\/\/storage.googleapis.com\/cz-shopatoa-img\/ro\/b4dac915-shopatoa_logo.png","width":416,"height":63,"caption":"SHOPATOA"},"image":{"@id":"https:\/\/shopatoa.com\/ro\/#\/schema\/logo\/image\/"}}]}},"_links":{"self":[{"href":"https:\/\/shopatoa.com\/ro\/wp-json\/wp\/v2\/product\/367473","targetHints":{"allow":["GET"]}}],"collection":[{"href":"https:\/\/shopatoa.com\/ro\/wp-json\/wp\/v2\/product"}],"about":[{"href":"https:\/\/shopatoa.com\/ro\/wp-json\/wp\/v2\/types\/product"}],"replies":[{"embeddable":true,"href":"https:\/\/shopatoa.com\/ro\/wp-json\/wp\/v2\/comments?post=367473"}],"wp:featuredmedia":[{"embeddable":true,"href":"https:\/\/shopatoa.com\/ro\/wp-json\/wp\/v2\/media\/367474"}],"wp:attachment":[{"href":"https:\/\/shopatoa.com\/ro\/wp-json\/wp\/v2\/media?parent=367473"}],"wp:term":[{"taxonomy":"product_brand","embeddable":true,"href":"https:\/\/shopatoa.com\/ro\/wp-json\/wp\/v2\/product_brand?post=367473"},{"taxonomy":"product_cat","embeddable":true,"href":"https:\/\/shopatoa.com\/ro\/wp-json\/wp\/v2\/product_cat?post=367473"},{"taxonomy":"product_tag","embeddable":true,"href":"https:\/\/shopatoa.com\/ro\/wp-json\/wp\/v2\/product_tag?post=367473"}],"curies":[{"name":"wp","href":"https:\/\/api.w.org\/{rel}","templated":true}]}}