{"id":367486,"date":"2025-05-21T23:35:19","date_gmt":"2025-05-21T21:35:19","guid":{"rendered":"https:\/\/shopatoa.com\/ro\/laifen-uscator-de-par-swift-pearl-white-2\/"},"modified":"2025-12-11T20:26:27","modified_gmt":"2025-12-11T19:26:27","slug":"laifen-uscator-de-par-swift-pearl-white-2","status":"publish","type":"product","link":"https:\/\/shopatoa.com\/ro\/laifen-uscator-de-par-swift-pearl-white-2\/","title":{"rendered":"Laifen Usc\u0103tor de p\u0103r Swift Pearl White"},"content":{"rendered":"<p>Un usc\u0103tor de p\u0103r care v\u0103 dep\u0103\u0219e\u0219te toate a\u0219tept\u0103rile \u0219i v\u0103 duce \u00eengrijirea zilnic\u0103 a p\u0103rului la un nivel cu totul nou. Dezvoltat av\u00e2nd \u00een vedere perfec\u021biunea, combin\u0103 tehnologia revolu\u021bionar\u0103, designul elegant \u0219i confortul utilizatorului. Laifen SWIFT este mai mult dec\u00e2t un usc\u0103tor de p\u0103r; este ajutorul zilnic pentru uscare rapid\u0103, eficient\u0103 \u0219i bl\u00e2nd\u0103. V-a\u021bi s\u0103turat de lupta nesf\u00e2r\u0219it\u0103 cu p\u0103rul \u00eencre\u021bit \u0219i uscat? Laifen SWIFT aduce o solu\u021bie revolu\u021bionar\u0103 datorit\u0103 tehnologiei de ionizare care produce p\u00e2n\u0103 la 200 de milioane de ioni negativi\/m3. Ace\u0219ti ioni reduc eficient \u00eencre\u021birea, previn uscarea excesiv\u0103 \u0219i las\u0103 p\u0103rul neted, str\u0103lucitor \u0219i plin de via\u021b\u0103. \u00cen ciuda faptului c\u0103 este echipat cu un motor de \u00eenalt\u0103 performan\u021b\u0103 \u0219i fiabil, cu o putere de intrare de 1600 W \u0219i o vitez\u0103 maxim\u0103 de 110000 rpm, Laifen SWIFT r\u0103m\u00e2ne surprinz\u0103tor de silen\u021bios. Nivelul s\u0103u de zgomot atinge doar 59 dB, ceea ce \u00eel face \u00eenso\u021bitorul ideal pentru \u00eengrijirea p\u0103rului diminea\u021ba \u0219i seara. Practicitatea \u0219i confortul sunt pe primul loc cu Laifen SWIFT. Dimensiunea sa compact\u0103, greutatea redus\u0103 \u0219i cablul de alimentare lung de 1,8 m \u00eenseamn\u0103 c\u0103 \u00eel pute\u021bi utiliza cu u\u0219urin\u021b\u0103 oriunde \u0219i oric\u00e2nd. Trei set\u0103ri de temperatur\u0103 \u0219i dou\u0103 viteze ale fluxului de aer v\u0103 permit s\u0103 adapta\u021bi uscarea la nevoile dvs. individuale \u0219i tipul de p\u0103r. \u00cenconjoar\u0103-te \u00een fiecare zi cu luxul pe care \u00eel merita\u021bi. P\u0103rul va ar\u0103ta mai bine ca niciodat\u0103 &#8211; moale, str\u0103lucitor \u0219i plin de via\u021b\u0103. Tehnologie de ionizare de top &#8211; ionii negativi reduc \u00eencre\u021birea \u0219i las\u0103 p\u0103rul neted \u0219i str\u0103lucitor, f\u0103r\u0103 a se usca excesiv. Puternic \u0219i silen\u021bios &#8211; motor de \u00eenalt\u0103 performan\u021b\u0103 pentru uscare rapid\u0103 cu zgomot minim. Set\u0103ri personalizabile &#8211; cu trei temperaturi \u0219i dou\u0103 viteze ale fluxului de aer, pute\u021bi ajusta uscarea \u00een func\u021bie de nevoile dvs. Utilizare convenabil\u0103 \u0219i practic\u0103 &#8211; dimensiuni compacte, design u\u0219or \u0219i cablu lung pentru o utilizare u\u0219oar\u0103 \u0219i convenabil\u0103. Control inteligent al temperaturii &#8211; un senzor care monitorizeaz\u0103 temperatura de 100 de ori pe secund\u0103, v\u0103 protejeaz\u0103 p\u0103rul de supra\u00eenc\u0103lzire \u0219i asigur\u0103 o \u00eengrijire optim\u0103.<\/p>\n","protected":false},"excerpt":{"rendered":"<p>Un usc\u0103tor de p\u0103r care v\u0103 dep\u0103\u0219e\u0219te toate a\u0219tept\u0103rile \u0219i v\u0103 duce \u00eengrijirea zilnic\u0103 a p\u0103rului la un nivel cu totul nou. Dezvoltat av\u00e2nd \u00een vedere perfec\u021biunea, combin\u0103 tehnologia revolu\u021bionar\u0103, designul elegant \u0219i confortul utilizatorului. Laifen SWIFT este mai mult dec\u00e2t un usc\u0103tor de p\u0103r; este ajutorul zilnic pentru uscare rapid\u0103, eficient\u0103 \u0219i bl\u00e2nd\u0103. V-a\u021bi&#8230;<\/p>\n","protected":false},"featured_media":367488,"comment_status":"closed","ping_status":"open","template":"","meta":{"_acf_changed":false,"_kadence_starter_templates_imported_post":false,"_kad_post_transparent":"","_kad_post_title":"","_kad_post_layout":"","_kad_post_sidebar_id":"","_kad_post_content_style":"","_kad_post_vertical_padding":"","_kad_post_feature":"","_kad_post_feature_position":"","_kad_post_header":false,"_kad_post_footer":false,"_kad_post_classname":""},"product_brand":[931],"product_cat":[246,623,624,762],"product_tag":[],"class_list":{"0":"post-367486","1":"product","2":"type-product","3":"status-publish","4":"has-post-thumbnail","6":"product_brand-laifen","7":"product_cat-cosmetice","8":"product_cat-produse-cosmetice-pentru-par","9":"product_cat-produse-aparate-si-accesorii-pentru-par","10":"product_cat-uscatoare-de-par-fenuri","12":"first","13":"instock","14":"sale","15":"product-type-external","16":"entry","17":"content-bg","18":"loop-entry"},"acf":[],"yoast_head":"<!-- This site is optimized with the Yoast SEO plugin v27.4 - https:\/\/yoast.com\/product\/yoast-seo-wordpress\/ -->\n<title>Laifen Usc\u0103tor de p\u0103r Swift Pearl White - SHOPATOA.COM<\/title>\n<meta name=\"robots\" content=\"index, follow, max-snippet:-1, max-image-preview:large, max-video-preview:-1\" \/>\n<link rel=\"canonical\" href=\"https:\/\/shopatoa.com\/ro\/laifen-uscator-de-par-swift-pearl-white-2\/\" \/>\n<meta property=\"og:locale\" content=\"ro_RO\" \/>\n<meta property=\"og:type\" content=\"article\" \/>\n<meta property=\"og:title\" content=\"Laifen Usc\u0103tor de p\u0103r Swift Pearl White - SHOPATOA.COM\" \/>\n<meta property=\"og:description\" content=\"Un usc\u0103tor de p\u0103r care v\u0103 dep\u0103\u0219e\u0219te toate a\u0219tept\u0103rile \u0219i v\u0103 duce \u00eengrijirea zilnic\u0103 a p\u0103rului la un nivel cu totul nou. Dezvoltat av\u00e2nd \u00een vedere perfec\u021biunea, combin\u0103 tehnologia revolu\u021bionar\u0103, designul elegant \u0219i confortul utilizatorului. Laifen SWIFT este mai mult dec\u00e2t un usc\u0103tor de p\u0103r; este ajutorul zilnic pentru uscare rapid\u0103, eficient\u0103 \u0219i bl\u00e2nd\u0103. V-a\u021bi...\" \/>\n<meta property=\"og:url\" content=\"https:\/\/shopatoa.com\/ro\/laifen-uscator-de-par-swift-pearl-white-2\/\" \/>\n<meta property=\"og:site_name\" content=\"SHOPATOA\" \/>\n<meta property=\"article:modified_time\" content=\"2025-12-11T19:26:27+00:00\" \/>\n<meta property=\"og:image\" content=\"https:\/\/storage.googleapis.com\/cz-shopatoa-img\/ro\/852a4eb4-unnamed-file.webp\" \/>\n\t<meta property=\"og:image:width\" content=\"800\" \/>\n\t<meta property=\"og:image:height\" content=\"800\" \/>\n\t<meta property=\"og:image:type\" content=\"image\/webp\" \/>\n<meta name=\"twitter:card\" content=\"summary_large_image\" \/>\n<meta name=\"twitter:label1\" content=\"Timp estimat pentru citire\" \/>\n\t<meta name=\"twitter:data1\" content=\"2 minute\" \/>\n<script type=\"application\/ld+json\" class=\"yoast-schema-graph\">{\"@context\":\"https:\\\/\\\/schema.org\",\"@graph\":[{\"@type\":\"WebPage\",\"@id\":\"https:\\\/\\\/shopatoa.com\\\/ro\\\/laifen-uscator-de-par-swift-pearl-white-2\\\/\",\"url\":\"https:\\\/\\\/shopatoa.com\\\/ro\\\/laifen-uscator-de-par-swift-pearl-white-2\\\/\",\"name\":\"Laifen Usc\u0103tor de p\u0103r Swift Pearl White - SHOPATOA.COM\",\"isPartOf\":{\"@id\":\"https:\\\/\\\/shopatoa.com\\\/ro\\\/#website\"},\"primaryImageOfPage\":{\"@id\":\"https:\\\/\\\/shopatoa.com\\\/ro\\\/laifen-uscator-de-par-swift-pearl-white-2\\\/#primaryimage\"},\"image\":{\"@id\":\"https:\\\/\\\/shopatoa.com\\\/ro\\\/laifen-uscator-de-par-swift-pearl-white-2\\\/#primaryimage\"},\"thumbnailUrl\":\"https:\\\/\\\/storage.googleapis.com\\\/cz-shopatoa-img\\\/ro\\\/852a4eb4-unnamed-file.webp\",\"datePublished\":\"2025-05-21T21:35:19+00:00\",\"dateModified\":\"2025-12-11T19:26:27+00:00\",\"breadcrumb\":{\"@id\":\"https:\\\/\\\/shopatoa.com\\\/ro\\\/laifen-uscator-de-par-swift-pearl-white-2\\\/#breadcrumb\"},\"inLanguage\":\"ro-RO\",\"potentialAction\":[{\"@type\":\"ReadAction\",\"target\":[\"https:\\\/\\\/shopatoa.com\\\/ro\\\/laifen-uscator-de-par-swift-pearl-white-2\\\/\"]}]},{\"@type\":\"ImageObject\",\"inLanguage\":\"ro-RO\",\"@id\":\"https:\\\/\\\/shopatoa.com\\\/ro\\\/laifen-uscator-de-par-swift-pearl-white-2\\\/#primaryimage\",\"url\":\"https:\\\/\\\/storage.googleapis.com\\\/cz-shopatoa-img\\\/ro\\\/852a4eb4-unnamed-file.webp\",\"contentUrl\":\"https:\\\/\\\/storage.googleapis.com\\\/cz-shopatoa-img\\\/ro\\\/852a4eb4-unnamed-file.webp\",\"width\":800,\"height\":800},{\"@type\":\"BreadcrumbList\",\"@id\":\"https:\\\/\\\/shopatoa.com\\\/ro\\\/laifen-uscator-de-par-swift-pearl-white-2\\\/#breadcrumb\",\"itemListElement\":[{\"@type\":\"ListItem\",\"position\":1,\"name\":\"Dom\u016f\",\"item\":\"https:\\\/\\\/shopatoa.com\\\/ro\\\/\"},{\"@type\":\"ListItem\",\"position\":2,\"name\":\"Shop\",\"item\":\"https:\\\/\\\/shopatoa.com\\\/ro\\\/shop\\\/\"},{\"@type\":\"ListItem\",\"position\":3,\"name\":\"Cosmetice\",\"item\":\"https:\\\/\\\/shopatoa.com\\\/ro\\\/cosmetice\\\/\"},{\"@type\":\"ListItem\",\"position\":4,\"name\":\"Produse cosmetice pentru p\u0103r\",\"item\":\"https:\\\/\\\/shopatoa.com\\\/ro\\\/produse-cosmetice-pentru-par\\\/\"},{\"@type\":\"ListItem\",\"position\":5,\"name\":\"Produse, aparate \u0219i accesorii pentru p\u0103r\",\"item\":\"https:\\\/\\\/shopatoa.com\\\/ro\\\/produse-aparate-si-accesorii-pentru-par\\\/\"},{\"@type\":\"ListItem\",\"position\":6,\"name\":\"Usc\u0103toare de p\u0103r, fenuri\",\"item\":\"https:\\\/\\\/shopatoa.com\\\/ro\\\/uscatoare-de-par-fenuri\\\/\"},{\"@type\":\"ListItem\",\"position\":7,\"name\":\"Laifen Usc\u0103tor de p\u0103r Swift Pearl White\"}]},{\"@type\":\"WebSite\",\"@id\":\"https:\\\/\\\/shopatoa.com\\\/ro\\\/#website\",\"url\":\"https:\\\/\\\/shopatoa.com\\\/ro\\\/\",\"name\":\"SHOPATOA\",\"description\":\"\",\"publisher\":{\"@id\":\"https:\\\/\\\/shopatoa.com\\\/ro\\\/#organization\"},\"potentialAction\":[{\"@type\":\"SearchAction\",\"target\":{\"@type\":\"EntryPoint\",\"urlTemplate\":\"https:\\\/\\\/shopatoa.com\\\/ro\\\/?s={search_term_string}\"},\"query-input\":{\"@type\":\"PropertyValueSpecification\",\"valueRequired\":true,\"valueName\":\"search_term_string\"}}],\"inLanguage\":\"ro-RO\"},{\"@type\":\"Organization\",\"@id\":\"https:\\\/\\\/shopatoa.com\\\/ro\\\/#organization\",\"name\":\"SHOPATOA\",\"url\":\"https:\\\/\\\/shopatoa.com\\\/ro\\\/\",\"logo\":{\"@type\":\"ImageObject\",\"inLanguage\":\"ro-RO\",\"@id\":\"https:\\\/\\\/shopatoa.com\\\/ro\\\/#\\\/schema\\\/logo\\\/image\\\/\",\"url\":\"https:\\\/\\\/storage.googleapis.com\\\/cz-shopatoa-img\\\/ro\\\/b4dac915-shopatoa_logo.png\",\"contentUrl\":\"https:\\\/\\\/storage.googleapis.com\\\/cz-shopatoa-img\\\/ro\\\/b4dac915-shopatoa_logo.png\",\"width\":416,\"height\":63,\"caption\":\"SHOPATOA\"},\"image\":{\"@id\":\"https:\\\/\\\/shopatoa.com\\\/ro\\\/#\\\/schema\\\/logo\\\/image\\\/\"}}]}<\/script>\n<!-- \/ Yoast SEO plugin. -->","yoast_head_json":{"title":"Laifen Usc\u0103tor de p\u0103r Swift Pearl White - SHOPATOA.COM","robots":{"index":"index","follow":"follow","max-snippet":"max-snippet:-1","max-image-preview":"max-image-preview:large","max-video-preview":"max-video-preview:-1"},"canonical":"https:\/\/shopatoa.com\/ro\/laifen-uscator-de-par-swift-pearl-white-2\/","og_locale":"ro_RO","og_type":"article","og_title":"Laifen Usc\u0103tor de p\u0103r Swift Pearl White - SHOPATOA.COM","og_description":"Un usc\u0103tor de p\u0103r care v\u0103 dep\u0103\u0219e\u0219te toate a\u0219tept\u0103rile \u0219i v\u0103 duce \u00eengrijirea zilnic\u0103 a p\u0103rului la un nivel cu totul nou. Dezvoltat av\u00e2nd \u00een vedere perfec\u021biunea, combin\u0103 tehnologia revolu\u021bionar\u0103, designul elegant \u0219i confortul utilizatorului. Laifen SWIFT este mai mult dec\u00e2t un usc\u0103tor de p\u0103r; este ajutorul zilnic pentru uscare rapid\u0103, eficient\u0103 \u0219i bl\u00e2nd\u0103. V-a\u021bi...","og_url":"https:\/\/shopatoa.com\/ro\/laifen-uscator-de-par-swift-pearl-white-2\/","og_site_name":"SHOPATOA","article_modified_time":"2025-12-11T19:26:27+00:00","og_image":[{"width":800,"height":800,"url":"https:\/\/storage.googleapis.com\/cz-shopatoa-img\/ro\/852a4eb4-unnamed-file.webp","type":"image\/webp"}],"twitter_card":"summary_large_image","twitter_misc":{"Timp estimat pentru citire":"2 minute"},"schema":{"@context":"https:\/\/schema.org","@graph":[{"@type":"WebPage","@id":"https:\/\/shopatoa.com\/ro\/laifen-uscator-de-par-swift-pearl-white-2\/","url":"https:\/\/shopatoa.com\/ro\/laifen-uscator-de-par-swift-pearl-white-2\/","name":"Laifen Usc\u0103tor de p\u0103r Swift Pearl White - SHOPATOA.COM","isPartOf":{"@id":"https:\/\/shopatoa.com\/ro\/#website"},"primaryImageOfPage":{"@id":"https:\/\/shopatoa.com\/ro\/laifen-uscator-de-par-swift-pearl-white-2\/#primaryimage"},"image":{"@id":"https:\/\/shopatoa.com\/ro\/laifen-uscator-de-par-swift-pearl-white-2\/#primaryimage"},"thumbnailUrl":"https:\/\/storage.googleapis.com\/cz-shopatoa-img\/ro\/852a4eb4-unnamed-file.webp","datePublished":"2025-05-21T21:35:19+00:00","dateModified":"2025-12-11T19:26:27+00:00","breadcrumb":{"@id":"https:\/\/shopatoa.com\/ro\/laifen-uscator-de-par-swift-pearl-white-2\/#breadcrumb"},"inLanguage":"ro-RO","potentialAction":[{"@type":"ReadAction","target":["https:\/\/shopatoa.com\/ro\/laifen-uscator-de-par-swift-pearl-white-2\/"]}]},{"@type":"ImageObject","inLanguage":"ro-RO","@id":"https:\/\/shopatoa.com\/ro\/laifen-uscator-de-par-swift-pearl-white-2\/#primaryimage","url":"https:\/\/storage.googleapis.com\/cz-shopatoa-img\/ro\/852a4eb4-unnamed-file.webp","contentUrl":"https:\/\/storage.googleapis.com\/cz-shopatoa-img\/ro\/852a4eb4-unnamed-file.webp","width":800,"height":800},{"@type":"BreadcrumbList","@id":"https:\/\/shopatoa.com\/ro\/laifen-uscator-de-par-swift-pearl-white-2\/#breadcrumb","itemListElement":[{"@type":"ListItem","position":1,"name":"Dom\u016f","item":"https:\/\/shopatoa.com\/ro\/"},{"@type":"ListItem","position":2,"name":"Shop","item":"https:\/\/shopatoa.com\/ro\/shop\/"},{"@type":"ListItem","position":3,"name":"Cosmetice","item":"https:\/\/shopatoa.com\/ro\/cosmetice\/"},{"@type":"ListItem","position":4,"name":"Produse cosmetice pentru p\u0103r","item":"https:\/\/shopatoa.com\/ro\/produse-cosmetice-pentru-par\/"},{"@type":"ListItem","position":5,"name":"Produse, aparate \u0219i accesorii pentru p\u0103r","item":"https:\/\/shopatoa.com\/ro\/produse-aparate-si-accesorii-pentru-par\/"},{"@type":"ListItem","position":6,"name":"Usc\u0103toare de p\u0103r, fenuri","item":"https:\/\/shopatoa.com\/ro\/uscatoare-de-par-fenuri\/"},{"@type":"ListItem","position":7,"name":"Laifen Usc\u0103tor de p\u0103r Swift Pearl White"}]},{"@type":"WebSite","@id":"https:\/\/shopatoa.com\/ro\/#website","url":"https:\/\/shopatoa.com\/ro\/","name":"SHOPATOA","description":"","publisher":{"@id":"https:\/\/shopatoa.com\/ro\/#organization"},"potentialAction":[{"@type":"SearchAction","target":{"@type":"EntryPoint","urlTemplate":"https:\/\/shopatoa.com\/ro\/?s={search_term_string}"},"query-input":{"@type":"PropertyValueSpecification","valueRequired":true,"valueName":"search_term_string"}}],"inLanguage":"ro-RO"},{"@type":"Organization","@id":"https:\/\/shopatoa.com\/ro\/#organization","name":"SHOPATOA","url":"https:\/\/shopatoa.com\/ro\/","logo":{"@type":"ImageObject","inLanguage":"ro-RO","@id":"https:\/\/shopatoa.com\/ro\/#\/schema\/logo\/image\/","url":"https:\/\/storage.googleapis.com\/cz-shopatoa-img\/ro\/b4dac915-shopatoa_logo.png","contentUrl":"https:\/\/storage.googleapis.com\/cz-shopatoa-img\/ro\/b4dac915-shopatoa_logo.png","width":416,"height":63,"caption":"SHOPATOA"},"image":{"@id":"https:\/\/shopatoa.com\/ro\/#\/schema\/logo\/image\/"}}]}},"_links":{"self":[{"href":"https:\/\/shopatoa.com\/ro\/wp-json\/wp\/v2\/product\/367486","targetHints":{"allow":["GET"]}}],"collection":[{"href":"https:\/\/shopatoa.com\/ro\/wp-json\/wp\/v2\/product"}],"about":[{"href":"https:\/\/shopatoa.com\/ro\/wp-json\/wp\/v2\/types\/product"}],"replies":[{"embeddable":true,"href":"https:\/\/shopatoa.com\/ro\/wp-json\/wp\/v2\/comments?post=367486"}],"wp:featuredmedia":[{"embeddable":true,"href":"https:\/\/shopatoa.com\/ro\/wp-json\/wp\/v2\/media\/367488"}],"wp:attachment":[{"href":"https:\/\/shopatoa.com\/ro\/wp-json\/wp\/v2\/media?parent=367486"}],"wp:term":[{"taxonomy":"product_brand","embeddable":true,"href":"https:\/\/shopatoa.com\/ro\/wp-json\/wp\/v2\/product_brand?post=367486"},{"taxonomy":"product_cat","embeddable":true,"href":"https:\/\/shopatoa.com\/ro\/wp-json\/wp\/v2\/product_cat?post=367486"},{"taxonomy":"product_tag","embeddable":true,"href":"https:\/\/shopatoa.com\/ro\/wp-json\/wp\/v2\/product_tag?post=367486"}],"curies":[{"name":"wp","href":"https:\/\/api.w.org\/{rel}","templated":true}]}}