{"id":367605,"date":"2025-05-21T23:40:15","date_gmt":"2025-05-21T21:40:15","guid":{"rendered":"https:\/\/shopatoa.com\/ro\/beautyrelax-aparat-de-masaj-pentru-modelarea-corpului-celluform-smart-2\/"},"modified":"2025-12-11T19:13:24","modified_gmt":"2025-12-11T18:13:24","slug":"beautyrelax-aparat-de-masaj-pentru-modelarea-corpului-celluform-smart-2","status":"publish","type":"product","link":"https:\/\/shopatoa.com\/ro\/beautyrelax-aparat-de-masaj-pentru-modelarea-corpului-celluform-smart-2\/","title":{"rendered":"BeautyRelax Aparat de masaj pentru modelarea corpului Celluform Smart"},"content":{"rendered":"<p>Celluform Smart este un dispozitiv de masaj care folose\u0219te tehnologie comparabil\u0103 cu dispozitivele mari din studiourile estetice. Func\u021bia principal\u0103 a modelului Celluform Smart este modelarea corpului vizat\u0103, cu accent pe reducerea gr\u0103simii subcutanate. Datorit\u0103 capului multifunc\u021bional de aplicare, ac\u021bioneaz\u0103 asupra \u021besutului adipos cu ultrasunete, frecven\u021be radio, micropulsuri electrice EMS, lumin\u0103 fotonic\u0103 \u0219i vibra\u021bii. Forma ergonomic\u0103 a dispozitivului faciliteaz\u0103 tratarea anumitor p\u0103r\u021bi ale corpului. Folose\u0219te tehnologia profesional\u0103 \u00een confortul casei tale. Tehnologia BeautyRelax Celluform Smart: 1. Ecografie 2. Frecven\u021b\u0103 radio 3. Micropulse electrice EMS 4. Lumina fotonic\u0103 &#8211; lumin\u0103 ro\u0219ie \u0219i albastr\u0103 5. Vibra\u021bii 1. Cavita\u021bie cu ultrasunete Cavita\u021bie cu ultrasunete &#8211; capul genereaz\u0103 unde ultrasonice de \u00eenalt\u0103 frecven\u021b\u0103 care p\u0103trund \u00een \u021besutul subcutanat la o frecven\u021b\u0103 de 500.000 de oscila\u021bii pe secund\u0103. \u021aesuturile absorb apoi energia astfel generat\u0103. Integritatea celulei grase este perturbat\u0103 \u0219i se elibereaz\u0103 gr\u0103sime. Gr\u0103simea eliberat\u0103 este descompus\u0103 \u00een glicerol \u0219i acizi gra\u0219i liberi. Glicerolul serve\u0219te ca surs\u0103 de energie, \u00een timp ce acizii gra\u0219i sunt transfera\u021bi la ficat, unde sunt prelucra\u021bi ca acizi gra\u0219i obi\u0219nui\u021bi din alimente \u0219i sunt elimina\u021bi din organism \u00een mod natural. Gr\u0103simea eliminat\u0103 nu se \u00eentoarce \u00een \u021besut. Cavita\u021bia cu ultrasunete este o metod\u0103 nedureroas\u0103, neinvaziv\u0103, delicat\u0103, eficient\u0103 \u0219i, cel mai important, permanent\u0103 pentru reducerea gr\u0103similor \u00een zonele cele mai problematice. 2. Frecven\u021b\u0103 radio Frecven\u021ba radio &#8211; aplicatorul elibereaz\u0103 energie cu o putere \u0219i o frecven\u021b\u0103 foarte specifica atunci c\u00e2nd este aplicat\u0103 pe zona tratat\u0103. Undele de radiofrecven\u021ba sunt optimizate pentru a provoca un gradient termic, care influen\u021beaz\u0103 semnificativ procesele din stratul dermei. Energia livrat\u0103 activeaz\u0103 remodelarea fibrelor de colagen si elastin\u0103. Este posibil\u0103 concentrarea maxim\u0103 a energiei \u00een zonele cu un strat semnificativ de gr\u0103sime \u0219i de excita\u021bie ulterioar\u0103 a proceselor metabolice, are un efect semnificativ asupra netezirii foarte eficiente a pielii \u0219i contururilor deformate. 3. Micropulse electrice EMS Capul de aplicare BeautyRelax Multicare transmise prin contact cu pielea microimpulsuri electrice delicate care trec prin partea exterioar\u0103 a pielii direct la mu\u0219chii faciali. Puterea \u0219i frecven\u021ba impulsurilor electrice sunt special adaptate pentru a permite tratamentul facial. Are loc contrac\u021bia muscular\u0103 \u0219i, prin urmare \u00eent\u0103rirea lor. Colagenul \u0219i fibrele elastice sunt stimulate mecanic. Ve\u021bi \u00eembun\u0103t\u0103\u021bi textura pielii, tonusul acesteia \u0219i ve\u021bi cre\u0219te elasticitatea ei. Amelioreaz\u0103 celulita, Pielea are aspect t\u00e2n\u0103r \u0219i iluminat. Tratament neinvaziv f\u0103r\u0103 nici un disconfort. 4. Lumina fotonic\u0103 &#8211; lumin\u0103 ro\u0219ie \u0219i albastr\u0103 Lumina ro\u0219ie sus\u021bine produc\u021bia natural\u0103 de colagen, \u00eembun\u0103t\u0103\u021birea circula\u021biei s\u00e2ngelui \u00een \u021besutul subcutanat, Previne formarea de pigment. Lumina albastr\u0103 activeaz\u0103 porfirina o reac\u021bie chimic\u0103 care distruge bacteriile d\u0103un\u0103toare efect antibacterian \u0219i antiinflamator, 5. Masaj vibrant Capul de aplicare are func\u021bia de masaj mecanic vibrator. \u00cembun\u0103t\u0103\u021be\u0219te circula\u021bia s\u00e2ngelui, vitalitatea celulelor \u0219i sus\u021bine sistemul limfatic. Vibra\u021biile vibreaz\u0103 mecanic \u021besutul adipos solid. Prin urmare, procesul de descompunere a gr\u0103similor este de multe ori mai eficient. Pielea este mai supl\u0103 \u0219i mai fin\u0103 la atingere.<\/p>\n","protected":false},"excerpt":{"rendered":"<p>Celluform Smart este un dispozitiv de masaj care folose\u0219te tehnologie comparabil\u0103 cu dispozitivele mari din studiourile estetice. Func\u021bia principal\u0103 a modelului Celluform Smart este modelarea corpului vizat\u0103, cu accent pe reducerea gr\u0103simii subcutanate. Datorit\u0103 capului multifunc\u021bional de aplicare, ac\u021bioneaz\u0103 asupra \u021besutului adipos cu ultrasunete, frecven\u021be radio, micropulsuri electrice EMS, lumin\u0103 fotonic\u0103 \u0219i vibra\u021bii. Forma ergonomic\u0103&#8230;<\/p>\n","protected":false},"featured_media":367606,"comment_status":"closed","ping_status":"open","template":"","meta":{"_acf_changed":false,"_kadence_starter_templates_imported_post":false,"_kad_post_transparent":"","_kad_post_title":"","_kad_post_layout":"","_kad_post_sidebar_id":"","_kad_post_content_style":"","_kad_post_vertical_padding":"","_kad_post_feature":"","_kad_post_feature_position":"","_kad_post_header":false,"_kad_post_footer":false,"_kad_post_classname":""},"product_brand":[235],"product_cat":[246,676,726,611],"product_tag":[],"class_list":{"0":"post-367605","1":"product","2":"type-product","3":"status-publish","4":"has-post-thumbnail","6":"product_brand-beautyrelax","7":"product_cat-cosmetice","8":"product_cat-dispozitive-si-preparate-pentru-masaj","9":"product_cat-echipament-pentru-masaj","10":"product_cat-produse-cosmetice-pentru-corp","12":"first","13":"instock","14":"product-type-external","15":"entry","16":"content-bg","17":"loop-entry"},"acf":[],"yoast_head":"<!-- This site is optimized with the Yoast SEO plugin v27.4 - https:\/\/yoast.com\/product\/yoast-seo-wordpress\/ -->\n<title>BeautyRelax Aparat de masaj pentru modelarea corpului Celluform Smart - SHOPATOA.COM<\/title>\n<meta name=\"robots\" content=\"index, follow, max-snippet:-1, max-image-preview:large, max-video-preview:-1\" \/>\n<link rel=\"canonical\" href=\"https:\/\/shopatoa.com\/ro\/beautyrelax-aparat-de-masaj-pentru-modelarea-corpului-celluform-smart-2\/\" \/>\n<meta property=\"og:locale\" content=\"ro_RO\" \/>\n<meta property=\"og:type\" content=\"article\" \/>\n<meta property=\"og:title\" content=\"BeautyRelax Aparat de masaj pentru modelarea corpului Celluform Smart - SHOPATOA.COM\" \/>\n<meta property=\"og:description\" content=\"Celluform Smart este un dispozitiv de masaj care folose\u0219te tehnologie comparabil\u0103 cu dispozitivele mari din studiourile estetice. Func\u021bia principal\u0103 a modelului Celluform Smart este modelarea corpului vizat\u0103, cu accent pe reducerea gr\u0103simii subcutanate. Datorit\u0103 capului multifunc\u021bional de aplicare, ac\u021bioneaz\u0103 asupra \u021besutului adipos cu ultrasunete, frecven\u021be radio, micropulsuri electrice EMS, lumin\u0103 fotonic\u0103 \u0219i vibra\u021bii. Forma ergonomic\u0103...\" \/>\n<meta property=\"og:url\" content=\"https:\/\/shopatoa.com\/ro\/beautyrelax-aparat-de-masaj-pentru-modelarea-corpului-celluform-smart-2\/\" \/>\n<meta property=\"og:site_name\" content=\"SHOPATOA\" \/>\n<meta property=\"article:modified_time\" content=\"2025-12-11T18:13:24+00:00\" \/>\n<meta property=\"og:image\" content=\"https:\/\/storage.googleapis.com\/cz-shopatoa-img\/ro\/56ef0d21-unnamed-file.webp\" \/>\n\t<meta property=\"og:image:width\" content=\"800\" \/>\n\t<meta property=\"og:image:height\" content=\"800\" \/>\n\t<meta property=\"og:image:type\" content=\"image\/webp\" \/>\n<meta name=\"twitter:card\" content=\"summary_large_image\" \/>\n<meta name=\"twitter:label1\" content=\"Timp estimat pentru citire\" \/>\n\t<meta name=\"twitter:data1\" content=\"3 minute\" \/>\n<script type=\"application\/ld+json\" class=\"yoast-schema-graph\">{\"@context\":\"https:\\\/\\\/schema.org\",\"@graph\":[{\"@type\":\"WebPage\",\"@id\":\"https:\\\/\\\/shopatoa.com\\\/ro\\\/beautyrelax-aparat-de-masaj-pentru-modelarea-corpului-celluform-smart-2\\\/\",\"url\":\"https:\\\/\\\/shopatoa.com\\\/ro\\\/beautyrelax-aparat-de-masaj-pentru-modelarea-corpului-celluform-smart-2\\\/\",\"name\":\"BeautyRelax Aparat de masaj pentru modelarea corpului Celluform Smart - SHOPATOA.COM\",\"isPartOf\":{\"@id\":\"https:\\\/\\\/shopatoa.com\\\/ro\\\/#website\"},\"primaryImageOfPage\":{\"@id\":\"https:\\\/\\\/shopatoa.com\\\/ro\\\/beautyrelax-aparat-de-masaj-pentru-modelarea-corpului-celluform-smart-2\\\/#primaryimage\"},\"image\":{\"@id\":\"https:\\\/\\\/shopatoa.com\\\/ro\\\/beautyrelax-aparat-de-masaj-pentru-modelarea-corpului-celluform-smart-2\\\/#primaryimage\"},\"thumbnailUrl\":\"https:\\\/\\\/storage.googleapis.com\\\/cz-shopatoa-img\\\/ro\\\/56ef0d21-unnamed-file.webp\",\"datePublished\":\"2025-05-21T21:40:15+00:00\",\"dateModified\":\"2025-12-11T18:13:24+00:00\",\"breadcrumb\":{\"@id\":\"https:\\\/\\\/shopatoa.com\\\/ro\\\/beautyrelax-aparat-de-masaj-pentru-modelarea-corpului-celluform-smart-2\\\/#breadcrumb\"},\"inLanguage\":\"ro-RO\",\"potentialAction\":[{\"@type\":\"ReadAction\",\"target\":[\"https:\\\/\\\/shopatoa.com\\\/ro\\\/beautyrelax-aparat-de-masaj-pentru-modelarea-corpului-celluform-smart-2\\\/\"]}]},{\"@type\":\"ImageObject\",\"inLanguage\":\"ro-RO\",\"@id\":\"https:\\\/\\\/shopatoa.com\\\/ro\\\/beautyrelax-aparat-de-masaj-pentru-modelarea-corpului-celluform-smart-2\\\/#primaryimage\",\"url\":\"https:\\\/\\\/storage.googleapis.com\\\/cz-shopatoa-img\\\/ro\\\/56ef0d21-unnamed-file.webp\",\"contentUrl\":\"https:\\\/\\\/storage.googleapis.com\\\/cz-shopatoa-img\\\/ro\\\/56ef0d21-unnamed-file.webp\",\"width\":800,\"height\":800},{\"@type\":\"BreadcrumbList\",\"@id\":\"https:\\\/\\\/shopatoa.com\\\/ro\\\/beautyrelax-aparat-de-masaj-pentru-modelarea-corpului-celluform-smart-2\\\/#breadcrumb\",\"itemListElement\":[{\"@type\":\"ListItem\",\"position\":1,\"name\":\"Dom\u016f\",\"item\":\"https:\\\/\\\/shopatoa.com\\\/ro\\\/\"},{\"@type\":\"ListItem\",\"position\":2,\"name\":\"Shop\",\"item\":\"https:\\\/\\\/shopatoa.com\\\/ro\\\/shop\\\/\"},{\"@type\":\"ListItem\",\"position\":3,\"name\":\"Cosmetice\",\"item\":\"https:\\\/\\\/shopatoa.com\\\/ro\\\/cosmetice\\\/\"},{\"@type\":\"ListItem\",\"position\":4,\"name\":\"Produse cosmetice pentru corp\",\"item\":\"https:\\\/\\\/shopatoa.com\\\/ro\\\/produse-cosmetice-pentru-corp\\\/\"},{\"@type\":\"ListItem\",\"position\":5,\"name\":\"Dispozitive \u0219i preparate pentru masaj\",\"item\":\"https:\\\/\\\/shopatoa.com\\\/ro\\\/dispozitive-si-preparate-pentru-masaj\\\/\"},{\"@type\":\"ListItem\",\"position\":6,\"name\":\"Echipament pentru masaj\",\"item\":\"https:\\\/\\\/shopatoa.com\\\/ro\\\/echipament-pentru-masaj\\\/\"},{\"@type\":\"ListItem\",\"position\":7,\"name\":\"BeautyRelax Aparat de masaj pentru modelarea corpului Celluform Smart\"}]},{\"@type\":\"WebSite\",\"@id\":\"https:\\\/\\\/shopatoa.com\\\/ro\\\/#website\",\"url\":\"https:\\\/\\\/shopatoa.com\\\/ro\\\/\",\"name\":\"SHOPATOA\",\"description\":\"\",\"publisher\":{\"@id\":\"https:\\\/\\\/shopatoa.com\\\/ro\\\/#organization\"},\"potentialAction\":[{\"@type\":\"SearchAction\",\"target\":{\"@type\":\"EntryPoint\",\"urlTemplate\":\"https:\\\/\\\/shopatoa.com\\\/ro\\\/?s={search_term_string}\"},\"query-input\":{\"@type\":\"PropertyValueSpecification\",\"valueRequired\":true,\"valueName\":\"search_term_string\"}}],\"inLanguage\":\"ro-RO\"},{\"@type\":\"Organization\",\"@id\":\"https:\\\/\\\/shopatoa.com\\\/ro\\\/#organization\",\"name\":\"SHOPATOA\",\"url\":\"https:\\\/\\\/shopatoa.com\\\/ro\\\/\",\"logo\":{\"@type\":\"ImageObject\",\"inLanguage\":\"ro-RO\",\"@id\":\"https:\\\/\\\/shopatoa.com\\\/ro\\\/#\\\/schema\\\/logo\\\/image\\\/\",\"url\":\"https:\\\/\\\/storage.googleapis.com\\\/cz-shopatoa-img\\\/ro\\\/b4dac915-shopatoa_logo.png\",\"contentUrl\":\"https:\\\/\\\/storage.googleapis.com\\\/cz-shopatoa-img\\\/ro\\\/b4dac915-shopatoa_logo.png\",\"width\":416,\"height\":63,\"caption\":\"SHOPATOA\"},\"image\":{\"@id\":\"https:\\\/\\\/shopatoa.com\\\/ro\\\/#\\\/schema\\\/logo\\\/image\\\/\"}}]}<\/script>\n<!-- \/ Yoast SEO plugin. -->","yoast_head_json":{"title":"BeautyRelax Aparat de masaj pentru modelarea corpului Celluform Smart - SHOPATOA.COM","robots":{"index":"index","follow":"follow","max-snippet":"max-snippet:-1","max-image-preview":"max-image-preview:large","max-video-preview":"max-video-preview:-1"},"canonical":"https:\/\/shopatoa.com\/ro\/beautyrelax-aparat-de-masaj-pentru-modelarea-corpului-celluform-smart-2\/","og_locale":"ro_RO","og_type":"article","og_title":"BeautyRelax Aparat de masaj pentru modelarea corpului Celluform Smart - SHOPATOA.COM","og_description":"Celluform Smart este un dispozitiv de masaj care folose\u0219te tehnologie comparabil\u0103 cu dispozitivele mari din studiourile estetice. Func\u021bia principal\u0103 a modelului Celluform Smart este modelarea corpului vizat\u0103, cu accent pe reducerea gr\u0103simii subcutanate. Datorit\u0103 capului multifunc\u021bional de aplicare, ac\u021bioneaz\u0103 asupra \u021besutului adipos cu ultrasunete, frecven\u021be radio, micropulsuri electrice EMS, lumin\u0103 fotonic\u0103 \u0219i vibra\u021bii. Forma ergonomic\u0103...","og_url":"https:\/\/shopatoa.com\/ro\/beautyrelax-aparat-de-masaj-pentru-modelarea-corpului-celluform-smart-2\/","og_site_name":"SHOPATOA","article_modified_time":"2025-12-11T18:13:24+00:00","og_image":[{"width":800,"height":800,"url":"https:\/\/storage.googleapis.com\/cz-shopatoa-img\/ro\/56ef0d21-unnamed-file.webp","type":"image\/webp"}],"twitter_card":"summary_large_image","twitter_misc":{"Timp estimat pentru citire":"3 minute"},"schema":{"@context":"https:\/\/schema.org","@graph":[{"@type":"WebPage","@id":"https:\/\/shopatoa.com\/ro\/beautyrelax-aparat-de-masaj-pentru-modelarea-corpului-celluform-smart-2\/","url":"https:\/\/shopatoa.com\/ro\/beautyrelax-aparat-de-masaj-pentru-modelarea-corpului-celluform-smart-2\/","name":"BeautyRelax Aparat de masaj pentru modelarea corpului Celluform Smart - SHOPATOA.COM","isPartOf":{"@id":"https:\/\/shopatoa.com\/ro\/#website"},"primaryImageOfPage":{"@id":"https:\/\/shopatoa.com\/ro\/beautyrelax-aparat-de-masaj-pentru-modelarea-corpului-celluform-smart-2\/#primaryimage"},"image":{"@id":"https:\/\/shopatoa.com\/ro\/beautyrelax-aparat-de-masaj-pentru-modelarea-corpului-celluform-smart-2\/#primaryimage"},"thumbnailUrl":"https:\/\/storage.googleapis.com\/cz-shopatoa-img\/ro\/56ef0d21-unnamed-file.webp","datePublished":"2025-05-21T21:40:15+00:00","dateModified":"2025-12-11T18:13:24+00:00","breadcrumb":{"@id":"https:\/\/shopatoa.com\/ro\/beautyrelax-aparat-de-masaj-pentru-modelarea-corpului-celluform-smart-2\/#breadcrumb"},"inLanguage":"ro-RO","potentialAction":[{"@type":"ReadAction","target":["https:\/\/shopatoa.com\/ro\/beautyrelax-aparat-de-masaj-pentru-modelarea-corpului-celluform-smart-2\/"]}]},{"@type":"ImageObject","inLanguage":"ro-RO","@id":"https:\/\/shopatoa.com\/ro\/beautyrelax-aparat-de-masaj-pentru-modelarea-corpului-celluform-smart-2\/#primaryimage","url":"https:\/\/storage.googleapis.com\/cz-shopatoa-img\/ro\/56ef0d21-unnamed-file.webp","contentUrl":"https:\/\/storage.googleapis.com\/cz-shopatoa-img\/ro\/56ef0d21-unnamed-file.webp","width":800,"height":800},{"@type":"BreadcrumbList","@id":"https:\/\/shopatoa.com\/ro\/beautyrelax-aparat-de-masaj-pentru-modelarea-corpului-celluform-smart-2\/#breadcrumb","itemListElement":[{"@type":"ListItem","position":1,"name":"Dom\u016f","item":"https:\/\/shopatoa.com\/ro\/"},{"@type":"ListItem","position":2,"name":"Shop","item":"https:\/\/shopatoa.com\/ro\/shop\/"},{"@type":"ListItem","position":3,"name":"Cosmetice","item":"https:\/\/shopatoa.com\/ro\/cosmetice\/"},{"@type":"ListItem","position":4,"name":"Produse cosmetice pentru corp","item":"https:\/\/shopatoa.com\/ro\/produse-cosmetice-pentru-corp\/"},{"@type":"ListItem","position":5,"name":"Dispozitive \u0219i preparate pentru masaj","item":"https:\/\/shopatoa.com\/ro\/dispozitive-si-preparate-pentru-masaj\/"},{"@type":"ListItem","position":6,"name":"Echipament pentru masaj","item":"https:\/\/shopatoa.com\/ro\/echipament-pentru-masaj\/"},{"@type":"ListItem","position":7,"name":"BeautyRelax Aparat de masaj pentru modelarea corpului Celluform Smart"}]},{"@type":"WebSite","@id":"https:\/\/shopatoa.com\/ro\/#website","url":"https:\/\/shopatoa.com\/ro\/","name":"SHOPATOA","description":"","publisher":{"@id":"https:\/\/shopatoa.com\/ro\/#organization"},"potentialAction":[{"@type":"SearchAction","target":{"@type":"EntryPoint","urlTemplate":"https:\/\/shopatoa.com\/ro\/?s={search_term_string}"},"query-input":{"@type":"PropertyValueSpecification","valueRequired":true,"valueName":"search_term_string"}}],"inLanguage":"ro-RO"},{"@type":"Organization","@id":"https:\/\/shopatoa.com\/ro\/#organization","name":"SHOPATOA","url":"https:\/\/shopatoa.com\/ro\/","logo":{"@type":"ImageObject","inLanguage":"ro-RO","@id":"https:\/\/shopatoa.com\/ro\/#\/schema\/logo\/image\/","url":"https:\/\/storage.googleapis.com\/cz-shopatoa-img\/ro\/b4dac915-shopatoa_logo.png","contentUrl":"https:\/\/storage.googleapis.com\/cz-shopatoa-img\/ro\/b4dac915-shopatoa_logo.png","width":416,"height":63,"caption":"SHOPATOA"},"image":{"@id":"https:\/\/shopatoa.com\/ro\/#\/schema\/logo\/image\/"}}]}},"_links":{"self":[{"href":"https:\/\/shopatoa.com\/ro\/wp-json\/wp\/v2\/product\/367605","targetHints":{"allow":["GET"]}}],"collection":[{"href":"https:\/\/shopatoa.com\/ro\/wp-json\/wp\/v2\/product"}],"about":[{"href":"https:\/\/shopatoa.com\/ro\/wp-json\/wp\/v2\/types\/product"}],"replies":[{"embeddable":true,"href":"https:\/\/shopatoa.com\/ro\/wp-json\/wp\/v2\/comments?post=367605"}],"wp:featuredmedia":[{"embeddable":true,"href":"https:\/\/shopatoa.com\/ro\/wp-json\/wp\/v2\/media\/367606"}],"wp:attachment":[{"href":"https:\/\/shopatoa.com\/ro\/wp-json\/wp\/v2\/media?parent=367605"}],"wp:term":[{"taxonomy":"product_brand","embeddable":true,"href":"https:\/\/shopatoa.com\/ro\/wp-json\/wp\/v2\/product_brand?post=367605"},{"taxonomy":"product_cat","embeddable":true,"href":"https:\/\/shopatoa.com\/ro\/wp-json\/wp\/v2\/product_cat?post=367605"},{"taxonomy":"product_tag","embeddable":true,"href":"https:\/\/shopatoa.com\/ro\/wp-json\/wp\/v2\/product_tag?post=367605"}],"curies":[{"name":"wp","href":"https:\/\/api.w.org\/{rel}","templated":true}]}}