{"id":367859,"date":"2025-05-21T23:50:05","date_gmt":"2025-05-21T21:50:05","guid":{"rendered":"https:\/\/shopatoa.com\/ro\/babyliss-pro-uscator-de-par-levante-hairdryer-2100w-ionic-bab6950ie-2\/"},"modified":"2025-12-11T16:12:38","modified_gmt":"2025-12-11T15:12:38","slug":"babyliss-pro-uscator-de-par-levante-hairdryer-2100w-ionic-bab6950ie-2","status":"publish","type":"product","link":"https:\/\/shopatoa.com\/ro\/babyliss-pro-uscator-de-par-levante-hairdryer-2100w-ionic-bab6950ie-2\/","title":{"rendered":"BaByliss PRO Usc\u0103tor de p\u0103r Levante Hairdryer 2100W Ionic BAB6950IE"},"content":{"rendered":"<p>Usc\u0103torul de p\u0103r profesional de 2100W fabricat \u00een Italia dispune de un motor puternic de curent alternativ cu durat\u0103 de via\u021b\u0103 lung\u0103, economisind timp prin uscarea rapid\u0103 cu o performan\u021b\u0103 excelent\u0103 a fluxului de aer de 141km\/h. Presiunea excelent\u0103 de 1000Pa \u0219i controlul perfect al temperaturii asigur\u0103 o eficien\u021b\u0103 ridicat\u0103, o uscare optim\u0103 \u0219i o coafare perfect\u0103 de lung\u0103 durat\u0103, cu o rezisten\u021b\u0103 mai mare la umiditate. Calitatea superioar\u0103 a construc\u021biei \u0219i un design eficient, care asigur\u0103 o manevrare confortabil\u0103 cu un control maxim \u0219i performan\u021be profesionale \u0219i un stil care s\u0103 corespund\u0103 standardelor a\u0219teptate de cei mai exigen\u021bi profesioni\u0219ti. U\u0219or, cu o greutate de doar 480 g, reduce tensiunea asupra mu\u0219chilor. Motor AC de \u00eenalt\u0103 performan\u021b\u0103 fabricat \u00een Italia Acest motor a fost proiectat pentru o utilizare profesional\u0103 intensiv\u0103 \u0219i ofer\u0103 performan\u021be profesionale deosebite. Elementul de \u00eenc\u0103lzire de \u00eenalt\u0103 performan\u021b\u0103 optimizeaz\u0103 c\u0103ldura care curge cu o temperatur\u0103 uniform\u0103. Puterea elementului de \u00eenc\u0103lzire reduce semnificativ timpul de uscare. Usuc\u0103 5,5 g de ap\u0103 \u00eentr-un minut. Temperatura medie la o distan\u021b\u0103 de 10 cm este de 85\u00b0C f\u0103r\u0103 duza de aer, iar cu duza de aer este de p\u00e2n\u0103 la 110\u00b0C (la vitez\u0103 maxim\u0103). LEVANTE este un usc\u0103tor de p\u0103r compact, ergonomic \u0219i perfect echilibrat. Greutatea sa redus\u0103 \u00eel face confortabil de utilizat. Ajut\u0103 la ameliorarea tensiunii \u00een mu\u0219chii din antebra\u021bul profesioni\u0219tilor care lucreaz\u0103 zilnic cu un usc\u0103tor de p\u0103r. \u00cengrijirea p\u0103rului LEVANTE are un generator de ioni care ac\u021bioneaz\u0103 \u00een profunzimea firului de p\u0103r \u0219i elimin\u0103 electricitatea static\u0103 de pe suprafa\u021ba p\u0103rului. Tehnologia ionic\u0103 las\u0103 p\u0103rul moale, str\u0103lucitor \u0219i f\u0103r\u0103 cre\u021b. Este mai u\u0219or de piept\u0103nat \u0219i modelat.<\/p>\n","protected":false},"excerpt":{"rendered":"<p>Usc\u0103torul de p\u0103r profesional de 2100W fabricat \u00een Italia dispune de un motor puternic de curent alternativ cu durat\u0103 de via\u021b\u0103 lung\u0103, economisind timp prin uscarea rapid\u0103 cu o performan\u021b\u0103 excelent\u0103 a fluxului de aer de 141km\/h. Presiunea excelent\u0103 de 1000Pa \u0219i controlul perfect al temperaturii asigur\u0103 o eficien\u021b\u0103 ridicat\u0103, o uscare optim\u0103 \u0219i o&#8230;<\/p>\n","protected":false},"featured_media":367861,"comment_status":"closed","ping_status":"open","template":"","meta":{"_acf_changed":false,"_kadence_starter_templates_imported_post":false,"_kad_post_transparent":"","_kad_post_title":"","_kad_post_layout":"","_kad_post_sidebar_id":"","_kad_post_content_style":"","_kad_post_vertical_padding":"","_kad_post_feature":"","_kad_post_feature_position":"","_kad_post_header":false,"_kad_post_footer":false,"_kad_post_classname":""},"product_brand":[412],"product_cat":[246,623,624,762],"product_tag":[],"class_list":{"0":"post-367859","1":"product","2":"type-product","3":"status-publish","4":"has-post-thumbnail","6":"product_brand-babyliss-pro","7":"product_cat-cosmetice","8":"product_cat-produse-cosmetice-pentru-par","9":"product_cat-produse-aparate-si-accesorii-pentru-par","10":"product_cat-uscatoare-de-par-fenuri","12":"first","13":"instock","14":"sale","15":"product-type-external","16":"entry","17":"content-bg","18":"loop-entry"},"acf":[],"yoast_head":"<!-- This site is optimized with the Yoast SEO plugin v27.4 - https:\/\/yoast.com\/product\/yoast-seo-wordpress\/ -->\n<title>BaByliss PRO Usc\u0103tor de p\u0103r Levante Hairdryer 2100W Ionic BAB6950IE - SHOPATOA.COM<\/title>\n<meta name=\"robots\" content=\"index, follow, max-snippet:-1, max-image-preview:large, max-video-preview:-1\" \/>\n<link rel=\"canonical\" href=\"https:\/\/shopatoa.com\/ro\/babyliss-pro-uscator-de-par-levante-hairdryer-2100w-ionic-bab6950ie-2\/\" \/>\n<meta property=\"og:locale\" content=\"ro_RO\" \/>\n<meta property=\"og:type\" content=\"article\" \/>\n<meta property=\"og:title\" content=\"BaByliss PRO Usc\u0103tor de p\u0103r Levante Hairdryer 2100W Ionic BAB6950IE - SHOPATOA.COM\" \/>\n<meta property=\"og:description\" content=\"Usc\u0103torul de p\u0103r profesional de 2100W fabricat \u00een Italia dispune de un motor puternic de curent alternativ cu durat\u0103 de via\u021b\u0103 lung\u0103, economisind timp prin uscarea rapid\u0103 cu o performan\u021b\u0103 excelent\u0103 a fluxului de aer de 141km\/h. Presiunea excelent\u0103 de 1000Pa \u0219i controlul perfect al temperaturii asigur\u0103 o eficien\u021b\u0103 ridicat\u0103, o uscare optim\u0103 \u0219i o...\" \/>\n<meta property=\"og:url\" content=\"https:\/\/shopatoa.com\/ro\/babyliss-pro-uscator-de-par-levante-hairdryer-2100w-ionic-bab6950ie-2\/\" \/>\n<meta property=\"og:site_name\" content=\"SHOPATOA\" \/>\n<meta property=\"article:modified_time\" content=\"2025-12-11T15:12:38+00:00\" \/>\n<meta property=\"og:image\" content=\"https:\/\/storage.googleapis.com\/cz-shopatoa-img\/ro\/493ad5da-unnamed-file.webp\" \/>\n\t<meta property=\"og:image:width\" content=\"800\" \/>\n\t<meta property=\"og:image:height\" content=\"800\" \/>\n\t<meta property=\"og:image:type\" content=\"image\/webp\" \/>\n<meta name=\"twitter:card\" content=\"summary_large_image\" \/>\n<meta name=\"twitter:label1\" content=\"Timp estimat pentru citire\" \/>\n\t<meta name=\"twitter:data1\" content=\"1 minut\" \/>\n<script type=\"application\/ld+json\" class=\"yoast-schema-graph\">{\"@context\":\"https:\\\/\\\/schema.org\",\"@graph\":[{\"@type\":\"WebPage\",\"@id\":\"https:\\\/\\\/shopatoa.com\\\/ro\\\/babyliss-pro-uscator-de-par-levante-hairdryer-2100w-ionic-bab6950ie-2\\\/\",\"url\":\"https:\\\/\\\/shopatoa.com\\\/ro\\\/babyliss-pro-uscator-de-par-levante-hairdryer-2100w-ionic-bab6950ie-2\\\/\",\"name\":\"BaByliss PRO Usc\u0103tor de p\u0103r Levante Hairdryer 2100W Ionic BAB6950IE - SHOPATOA.COM\",\"isPartOf\":{\"@id\":\"https:\\\/\\\/shopatoa.com\\\/ro\\\/#website\"},\"primaryImageOfPage\":{\"@id\":\"https:\\\/\\\/shopatoa.com\\\/ro\\\/babyliss-pro-uscator-de-par-levante-hairdryer-2100w-ionic-bab6950ie-2\\\/#primaryimage\"},\"image\":{\"@id\":\"https:\\\/\\\/shopatoa.com\\\/ro\\\/babyliss-pro-uscator-de-par-levante-hairdryer-2100w-ionic-bab6950ie-2\\\/#primaryimage\"},\"thumbnailUrl\":\"https:\\\/\\\/storage.googleapis.com\\\/cz-shopatoa-img\\\/ro\\\/493ad5da-unnamed-file.webp\",\"datePublished\":\"2025-05-21T21:50:05+00:00\",\"dateModified\":\"2025-12-11T15:12:38+00:00\",\"breadcrumb\":{\"@id\":\"https:\\\/\\\/shopatoa.com\\\/ro\\\/babyliss-pro-uscator-de-par-levante-hairdryer-2100w-ionic-bab6950ie-2\\\/#breadcrumb\"},\"inLanguage\":\"ro-RO\",\"potentialAction\":[{\"@type\":\"ReadAction\",\"target\":[\"https:\\\/\\\/shopatoa.com\\\/ro\\\/babyliss-pro-uscator-de-par-levante-hairdryer-2100w-ionic-bab6950ie-2\\\/\"]}]},{\"@type\":\"ImageObject\",\"inLanguage\":\"ro-RO\",\"@id\":\"https:\\\/\\\/shopatoa.com\\\/ro\\\/babyliss-pro-uscator-de-par-levante-hairdryer-2100w-ionic-bab6950ie-2\\\/#primaryimage\",\"url\":\"https:\\\/\\\/storage.googleapis.com\\\/cz-shopatoa-img\\\/ro\\\/493ad5da-unnamed-file.webp\",\"contentUrl\":\"https:\\\/\\\/storage.googleapis.com\\\/cz-shopatoa-img\\\/ro\\\/493ad5da-unnamed-file.webp\",\"width\":800,\"height\":800},{\"@type\":\"BreadcrumbList\",\"@id\":\"https:\\\/\\\/shopatoa.com\\\/ro\\\/babyliss-pro-uscator-de-par-levante-hairdryer-2100w-ionic-bab6950ie-2\\\/#breadcrumb\",\"itemListElement\":[{\"@type\":\"ListItem\",\"position\":1,\"name\":\"Dom\u016f\",\"item\":\"https:\\\/\\\/shopatoa.com\\\/ro\\\/\"},{\"@type\":\"ListItem\",\"position\":2,\"name\":\"Shop\",\"item\":\"https:\\\/\\\/shopatoa.com\\\/ro\\\/shop\\\/\"},{\"@type\":\"ListItem\",\"position\":3,\"name\":\"Cosmetice\",\"item\":\"https:\\\/\\\/shopatoa.com\\\/ro\\\/cosmetice\\\/\"},{\"@type\":\"ListItem\",\"position\":4,\"name\":\"Produse cosmetice pentru p\u0103r\",\"item\":\"https:\\\/\\\/shopatoa.com\\\/ro\\\/produse-cosmetice-pentru-par\\\/\"},{\"@type\":\"ListItem\",\"position\":5,\"name\":\"Produse, aparate \u0219i accesorii pentru p\u0103r\",\"item\":\"https:\\\/\\\/shopatoa.com\\\/ro\\\/produse-aparate-si-accesorii-pentru-par\\\/\"},{\"@type\":\"ListItem\",\"position\":6,\"name\":\"Usc\u0103toare de p\u0103r, fenuri\",\"item\":\"https:\\\/\\\/shopatoa.com\\\/ro\\\/uscatoare-de-par-fenuri\\\/\"},{\"@type\":\"ListItem\",\"position\":7,\"name\":\"BaByliss PRO Usc\u0103tor de p\u0103r Levante Hairdryer 2100W Ionic BAB6950IE\"}]},{\"@type\":\"WebSite\",\"@id\":\"https:\\\/\\\/shopatoa.com\\\/ro\\\/#website\",\"url\":\"https:\\\/\\\/shopatoa.com\\\/ro\\\/\",\"name\":\"SHOPATOA\",\"description\":\"\",\"publisher\":{\"@id\":\"https:\\\/\\\/shopatoa.com\\\/ro\\\/#organization\"},\"potentialAction\":[{\"@type\":\"SearchAction\",\"target\":{\"@type\":\"EntryPoint\",\"urlTemplate\":\"https:\\\/\\\/shopatoa.com\\\/ro\\\/?s={search_term_string}\"},\"query-input\":{\"@type\":\"PropertyValueSpecification\",\"valueRequired\":true,\"valueName\":\"search_term_string\"}}],\"inLanguage\":\"ro-RO\"},{\"@type\":\"Organization\",\"@id\":\"https:\\\/\\\/shopatoa.com\\\/ro\\\/#organization\",\"name\":\"SHOPATOA\",\"url\":\"https:\\\/\\\/shopatoa.com\\\/ro\\\/\",\"logo\":{\"@type\":\"ImageObject\",\"inLanguage\":\"ro-RO\",\"@id\":\"https:\\\/\\\/shopatoa.com\\\/ro\\\/#\\\/schema\\\/logo\\\/image\\\/\",\"url\":\"https:\\\/\\\/storage.googleapis.com\\\/cz-shopatoa-img\\\/ro\\\/b4dac915-shopatoa_logo.png\",\"contentUrl\":\"https:\\\/\\\/storage.googleapis.com\\\/cz-shopatoa-img\\\/ro\\\/b4dac915-shopatoa_logo.png\",\"width\":416,\"height\":63,\"caption\":\"SHOPATOA\"},\"image\":{\"@id\":\"https:\\\/\\\/shopatoa.com\\\/ro\\\/#\\\/schema\\\/logo\\\/image\\\/\"}}]}<\/script>\n<!-- \/ Yoast SEO plugin. -->","yoast_head_json":{"title":"BaByliss PRO Usc\u0103tor de p\u0103r Levante Hairdryer 2100W Ionic BAB6950IE - SHOPATOA.COM","robots":{"index":"index","follow":"follow","max-snippet":"max-snippet:-1","max-image-preview":"max-image-preview:large","max-video-preview":"max-video-preview:-1"},"canonical":"https:\/\/shopatoa.com\/ro\/babyliss-pro-uscator-de-par-levante-hairdryer-2100w-ionic-bab6950ie-2\/","og_locale":"ro_RO","og_type":"article","og_title":"BaByliss PRO Usc\u0103tor de p\u0103r Levante Hairdryer 2100W Ionic BAB6950IE - SHOPATOA.COM","og_description":"Usc\u0103torul de p\u0103r profesional de 2100W fabricat \u00een Italia dispune de un motor puternic de curent alternativ cu durat\u0103 de via\u021b\u0103 lung\u0103, economisind timp prin uscarea rapid\u0103 cu o performan\u021b\u0103 excelent\u0103 a fluxului de aer de 141km\/h. Presiunea excelent\u0103 de 1000Pa \u0219i controlul perfect al temperaturii asigur\u0103 o eficien\u021b\u0103 ridicat\u0103, o uscare optim\u0103 \u0219i o...","og_url":"https:\/\/shopatoa.com\/ro\/babyliss-pro-uscator-de-par-levante-hairdryer-2100w-ionic-bab6950ie-2\/","og_site_name":"SHOPATOA","article_modified_time":"2025-12-11T15:12:38+00:00","og_image":[{"width":800,"height":800,"url":"https:\/\/storage.googleapis.com\/cz-shopatoa-img\/ro\/493ad5da-unnamed-file.webp","type":"image\/webp"}],"twitter_card":"summary_large_image","twitter_misc":{"Timp estimat pentru citire":"1 minut"},"schema":{"@context":"https:\/\/schema.org","@graph":[{"@type":"WebPage","@id":"https:\/\/shopatoa.com\/ro\/babyliss-pro-uscator-de-par-levante-hairdryer-2100w-ionic-bab6950ie-2\/","url":"https:\/\/shopatoa.com\/ro\/babyliss-pro-uscator-de-par-levante-hairdryer-2100w-ionic-bab6950ie-2\/","name":"BaByliss PRO Usc\u0103tor de p\u0103r Levante Hairdryer 2100W Ionic BAB6950IE - SHOPATOA.COM","isPartOf":{"@id":"https:\/\/shopatoa.com\/ro\/#website"},"primaryImageOfPage":{"@id":"https:\/\/shopatoa.com\/ro\/babyliss-pro-uscator-de-par-levante-hairdryer-2100w-ionic-bab6950ie-2\/#primaryimage"},"image":{"@id":"https:\/\/shopatoa.com\/ro\/babyliss-pro-uscator-de-par-levante-hairdryer-2100w-ionic-bab6950ie-2\/#primaryimage"},"thumbnailUrl":"https:\/\/storage.googleapis.com\/cz-shopatoa-img\/ro\/493ad5da-unnamed-file.webp","datePublished":"2025-05-21T21:50:05+00:00","dateModified":"2025-12-11T15:12:38+00:00","breadcrumb":{"@id":"https:\/\/shopatoa.com\/ro\/babyliss-pro-uscator-de-par-levante-hairdryer-2100w-ionic-bab6950ie-2\/#breadcrumb"},"inLanguage":"ro-RO","potentialAction":[{"@type":"ReadAction","target":["https:\/\/shopatoa.com\/ro\/babyliss-pro-uscator-de-par-levante-hairdryer-2100w-ionic-bab6950ie-2\/"]}]},{"@type":"ImageObject","inLanguage":"ro-RO","@id":"https:\/\/shopatoa.com\/ro\/babyliss-pro-uscator-de-par-levante-hairdryer-2100w-ionic-bab6950ie-2\/#primaryimage","url":"https:\/\/storage.googleapis.com\/cz-shopatoa-img\/ro\/493ad5da-unnamed-file.webp","contentUrl":"https:\/\/storage.googleapis.com\/cz-shopatoa-img\/ro\/493ad5da-unnamed-file.webp","width":800,"height":800},{"@type":"BreadcrumbList","@id":"https:\/\/shopatoa.com\/ro\/babyliss-pro-uscator-de-par-levante-hairdryer-2100w-ionic-bab6950ie-2\/#breadcrumb","itemListElement":[{"@type":"ListItem","position":1,"name":"Dom\u016f","item":"https:\/\/shopatoa.com\/ro\/"},{"@type":"ListItem","position":2,"name":"Shop","item":"https:\/\/shopatoa.com\/ro\/shop\/"},{"@type":"ListItem","position":3,"name":"Cosmetice","item":"https:\/\/shopatoa.com\/ro\/cosmetice\/"},{"@type":"ListItem","position":4,"name":"Produse cosmetice pentru p\u0103r","item":"https:\/\/shopatoa.com\/ro\/produse-cosmetice-pentru-par\/"},{"@type":"ListItem","position":5,"name":"Produse, aparate \u0219i accesorii pentru p\u0103r","item":"https:\/\/shopatoa.com\/ro\/produse-aparate-si-accesorii-pentru-par\/"},{"@type":"ListItem","position":6,"name":"Usc\u0103toare de p\u0103r, fenuri","item":"https:\/\/shopatoa.com\/ro\/uscatoare-de-par-fenuri\/"},{"@type":"ListItem","position":7,"name":"BaByliss PRO Usc\u0103tor de p\u0103r Levante Hairdryer 2100W Ionic BAB6950IE"}]},{"@type":"WebSite","@id":"https:\/\/shopatoa.com\/ro\/#website","url":"https:\/\/shopatoa.com\/ro\/","name":"SHOPATOA","description":"","publisher":{"@id":"https:\/\/shopatoa.com\/ro\/#organization"},"potentialAction":[{"@type":"SearchAction","target":{"@type":"EntryPoint","urlTemplate":"https:\/\/shopatoa.com\/ro\/?s={search_term_string}"},"query-input":{"@type":"PropertyValueSpecification","valueRequired":true,"valueName":"search_term_string"}}],"inLanguage":"ro-RO"},{"@type":"Organization","@id":"https:\/\/shopatoa.com\/ro\/#organization","name":"SHOPATOA","url":"https:\/\/shopatoa.com\/ro\/","logo":{"@type":"ImageObject","inLanguage":"ro-RO","@id":"https:\/\/shopatoa.com\/ro\/#\/schema\/logo\/image\/","url":"https:\/\/storage.googleapis.com\/cz-shopatoa-img\/ro\/b4dac915-shopatoa_logo.png","contentUrl":"https:\/\/storage.googleapis.com\/cz-shopatoa-img\/ro\/b4dac915-shopatoa_logo.png","width":416,"height":63,"caption":"SHOPATOA"},"image":{"@id":"https:\/\/shopatoa.com\/ro\/#\/schema\/logo\/image\/"}}]}},"_links":{"self":[{"href":"https:\/\/shopatoa.com\/ro\/wp-json\/wp\/v2\/product\/367859","targetHints":{"allow":["GET"]}}],"collection":[{"href":"https:\/\/shopatoa.com\/ro\/wp-json\/wp\/v2\/product"}],"about":[{"href":"https:\/\/shopatoa.com\/ro\/wp-json\/wp\/v2\/types\/product"}],"replies":[{"embeddable":true,"href":"https:\/\/shopatoa.com\/ro\/wp-json\/wp\/v2\/comments?post=367859"}],"wp:featuredmedia":[{"embeddable":true,"href":"https:\/\/shopatoa.com\/ro\/wp-json\/wp\/v2\/media\/367861"}],"wp:attachment":[{"href":"https:\/\/shopatoa.com\/ro\/wp-json\/wp\/v2\/media?parent=367859"}],"wp:term":[{"taxonomy":"product_brand","embeddable":true,"href":"https:\/\/shopatoa.com\/ro\/wp-json\/wp\/v2\/product_brand?post=367859"},{"taxonomy":"product_cat","embeddable":true,"href":"https:\/\/shopatoa.com\/ro\/wp-json\/wp\/v2\/product_cat?post=367859"},{"taxonomy":"product_tag","embeddable":true,"href":"https:\/\/shopatoa.com\/ro\/wp-json\/wp\/v2\/product_tag?post=367859"}],"curies":[{"name":"wp","href":"https:\/\/api.w.org\/{rel}","templated":true}]}}