{"id":367875,"date":"2025-05-21T23:51:59","date_gmt":"2025-05-21T21:51:59","guid":{"rendered":"https:\/\/shopatoa.com\/ro\/babyliss-pro-aparat-de-masaj-gold-cord-cordless-massager-fxsm1ge-2\/"},"modified":"2025-12-11T16:12:25","modified_gmt":"2025-12-11T15:12:25","slug":"babyliss-pro-aparat-de-masaj-gold-cord-cordless-massager-fxsm1ge-2","status":"publish","type":"product","link":"https:\/\/shopatoa.com\/ro\/babyliss-pro-aparat-de-masaj-gold-cord-cordless-massager-fxsm1ge-2\/","title":{"rendered":"BaByliss PRO Aparat de masaj Gold Cord\/Cordless Massager FXSM1GE"},"content":{"rendered":"<p>Aparatul de masaj VIBEFX v\u0103 permite s\u0103 le oferi\u021bi clien\u021bilor dumneavoastr\u0103 relaxare \u0219i un sentiment de relaxare. Combinat \u00een mod ideal cu un prosop cald sau singur, VIBEFX va relaxa pielea \u0219i fa\u021ba clien\u021bilor dumneavoastr\u0103. Poate fi folosit \u0219i pe umeri \u0219i g\u00e2tul inferior pentru a ameliora stresul \u0219i tensiunea nedorit\u0103. Frumuse\u021bea VIBEFX const\u0103 \u00een combina\u021bia dintre atingerea m\u00e2inii umane cu ac\u021biunea mecanic\u0103. Este u\u0219or \u0219i u\u0219or de alunecat pe m\u00e2n\u0103. Motorul este silen\u021bios, astfel \u00eenc\u00e2t s\u0103 nu interfereze cu relaxarea lini\u0219tit\u0103, dar suficient de puternic pentru a elibera eficient tensiunea.<\/p>\n","protected":false},"excerpt":{"rendered":"<p>Aparatul de masaj VIBEFX v\u0103 permite s\u0103 le oferi\u021bi clien\u021bilor dumneavoastr\u0103 relaxare \u0219i un sentiment de relaxare. Combinat \u00een mod ideal cu un prosop cald sau singur, VIBEFX va relaxa pielea \u0219i fa\u021ba clien\u021bilor dumneavoastr\u0103. Poate fi folosit \u0219i pe umeri \u0219i g\u00e2tul inferior pentru a ameliora stresul \u0219i tensiunea nedorit\u0103. Frumuse\u021bea VIBEFX const\u0103 \u00een&#8230;<\/p>\n","protected":false},"featured_media":367877,"comment_status":"closed","ping_status":"open","template":"","meta":{"_acf_changed":false,"_kadence_starter_templates_imported_post":false,"_kad_post_transparent":"","_kad_post_title":"","_kad_post_layout":"","_kad_post_sidebar_id":"","_kad_post_content_style":"","_kad_post_vertical_padding":"","_kad_post_feature":"","_kad_post_feature_position":"","_kad_post_header":false,"_kad_post_footer":false,"_kad_post_classname":""},"product_brand":[412],"product_cat":[246,676,726,611],"product_tag":[],"class_list":{"0":"post-367875","1":"product","2":"type-product","3":"status-publish","4":"has-post-thumbnail","6":"product_brand-babyliss-pro","7":"product_cat-cosmetice","8":"product_cat-dispozitive-si-preparate-pentru-masaj","9":"product_cat-echipament-pentru-masaj","10":"product_cat-produse-cosmetice-pentru-corp","12":"first","13":"instock","14":"product-type-external","15":"entry","16":"content-bg","17":"loop-entry"},"acf":[],"yoast_head":"<!-- This site is optimized with the Yoast SEO plugin v27.4 - https:\/\/yoast.com\/product\/yoast-seo-wordpress\/ -->\n<title>BaByliss PRO Aparat de masaj Gold Cord\/Cordless Massager FXSM1GE - SHOPATOA.COM<\/title>\n<meta name=\"robots\" content=\"index, follow, max-snippet:-1, max-image-preview:large, max-video-preview:-1\" \/>\n<link rel=\"canonical\" href=\"https:\/\/shopatoa.com\/ro\/babyliss-pro-aparat-de-masaj-gold-cord-cordless-massager-fxsm1ge-2\/\" \/>\n<meta property=\"og:locale\" content=\"ro_RO\" \/>\n<meta property=\"og:type\" content=\"article\" \/>\n<meta property=\"og:title\" content=\"BaByliss PRO Aparat de masaj Gold Cord\/Cordless Massager FXSM1GE - SHOPATOA.COM\" \/>\n<meta property=\"og:description\" content=\"Aparatul de masaj VIBEFX v\u0103 permite s\u0103 le oferi\u021bi clien\u021bilor dumneavoastr\u0103 relaxare \u0219i un sentiment de relaxare. Combinat \u00een mod ideal cu un prosop cald sau singur, VIBEFX va relaxa pielea \u0219i fa\u021ba clien\u021bilor dumneavoastr\u0103. Poate fi folosit \u0219i pe umeri \u0219i g\u00e2tul inferior pentru a ameliora stresul \u0219i tensiunea nedorit\u0103. Frumuse\u021bea VIBEFX const\u0103 \u00een...\" \/>\n<meta property=\"og:url\" content=\"https:\/\/shopatoa.com\/ro\/babyliss-pro-aparat-de-masaj-gold-cord-cordless-massager-fxsm1ge-2\/\" \/>\n<meta property=\"og:site_name\" content=\"SHOPATOA\" \/>\n<meta property=\"article:modified_time\" content=\"2025-12-11T15:12:25+00:00\" \/>\n<meta property=\"og:image\" content=\"https:\/\/storage.googleapis.com\/cz-shopatoa-img\/ro\/e03530be-unnamed-file.webp\" \/>\n\t<meta property=\"og:image:width\" content=\"800\" \/>\n\t<meta property=\"og:image:height\" content=\"800\" \/>\n\t<meta property=\"og:image:type\" content=\"image\/webp\" \/>\n<meta name=\"twitter:card\" content=\"summary_large_image\" \/>\n<meta name=\"twitter:label1\" content=\"Timp estimat pentru citire\" \/>\n\t<meta name=\"twitter:data1\" content=\"1 minut\" \/>\n<script type=\"application\/ld+json\" class=\"yoast-schema-graph\">{\"@context\":\"https:\\\/\\\/schema.org\",\"@graph\":[{\"@type\":\"WebPage\",\"@id\":\"https:\\\/\\\/shopatoa.com\\\/ro\\\/babyliss-pro-aparat-de-masaj-gold-cord-cordless-massager-fxsm1ge-2\\\/\",\"url\":\"https:\\\/\\\/shopatoa.com\\\/ro\\\/babyliss-pro-aparat-de-masaj-gold-cord-cordless-massager-fxsm1ge-2\\\/\",\"name\":\"BaByliss PRO Aparat de masaj Gold Cord\\\/Cordless Massager FXSM1GE - SHOPATOA.COM\",\"isPartOf\":{\"@id\":\"https:\\\/\\\/shopatoa.com\\\/ro\\\/#website\"},\"primaryImageOfPage\":{\"@id\":\"https:\\\/\\\/shopatoa.com\\\/ro\\\/babyliss-pro-aparat-de-masaj-gold-cord-cordless-massager-fxsm1ge-2\\\/#primaryimage\"},\"image\":{\"@id\":\"https:\\\/\\\/shopatoa.com\\\/ro\\\/babyliss-pro-aparat-de-masaj-gold-cord-cordless-massager-fxsm1ge-2\\\/#primaryimage\"},\"thumbnailUrl\":\"https:\\\/\\\/storage.googleapis.com\\\/cz-shopatoa-img\\\/ro\\\/e03530be-unnamed-file.webp\",\"datePublished\":\"2025-05-21T21:51:59+00:00\",\"dateModified\":\"2025-12-11T15:12:25+00:00\",\"breadcrumb\":{\"@id\":\"https:\\\/\\\/shopatoa.com\\\/ro\\\/babyliss-pro-aparat-de-masaj-gold-cord-cordless-massager-fxsm1ge-2\\\/#breadcrumb\"},\"inLanguage\":\"ro-RO\",\"potentialAction\":[{\"@type\":\"ReadAction\",\"target\":[\"https:\\\/\\\/shopatoa.com\\\/ro\\\/babyliss-pro-aparat-de-masaj-gold-cord-cordless-massager-fxsm1ge-2\\\/\"]}]},{\"@type\":\"ImageObject\",\"inLanguage\":\"ro-RO\",\"@id\":\"https:\\\/\\\/shopatoa.com\\\/ro\\\/babyliss-pro-aparat-de-masaj-gold-cord-cordless-massager-fxsm1ge-2\\\/#primaryimage\",\"url\":\"https:\\\/\\\/storage.googleapis.com\\\/cz-shopatoa-img\\\/ro\\\/e03530be-unnamed-file.webp\",\"contentUrl\":\"https:\\\/\\\/storage.googleapis.com\\\/cz-shopatoa-img\\\/ro\\\/e03530be-unnamed-file.webp\",\"width\":800,\"height\":800},{\"@type\":\"BreadcrumbList\",\"@id\":\"https:\\\/\\\/shopatoa.com\\\/ro\\\/babyliss-pro-aparat-de-masaj-gold-cord-cordless-massager-fxsm1ge-2\\\/#breadcrumb\",\"itemListElement\":[{\"@type\":\"ListItem\",\"position\":1,\"name\":\"Dom\u016f\",\"item\":\"https:\\\/\\\/shopatoa.com\\\/ro\\\/\"},{\"@type\":\"ListItem\",\"position\":2,\"name\":\"Shop\",\"item\":\"https:\\\/\\\/shopatoa.com\\\/ro\\\/shop\\\/\"},{\"@type\":\"ListItem\",\"position\":3,\"name\":\"Cosmetice\",\"item\":\"https:\\\/\\\/shopatoa.com\\\/ro\\\/cosmetice\\\/\"},{\"@type\":\"ListItem\",\"position\":4,\"name\":\"Produse cosmetice pentru corp\",\"item\":\"https:\\\/\\\/shopatoa.com\\\/ro\\\/produse-cosmetice-pentru-corp\\\/\"},{\"@type\":\"ListItem\",\"position\":5,\"name\":\"Dispozitive \u0219i preparate pentru masaj\",\"item\":\"https:\\\/\\\/shopatoa.com\\\/ro\\\/dispozitive-si-preparate-pentru-masaj\\\/\"},{\"@type\":\"ListItem\",\"position\":6,\"name\":\"Echipament pentru masaj\",\"item\":\"https:\\\/\\\/shopatoa.com\\\/ro\\\/echipament-pentru-masaj\\\/\"},{\"@type\":\"ListItem\",\"position\":7,\"name\":\"BaByliss PRO Aparat de masaj Gold Cord\\\/Cordless Massager FXSM1GE\"}]},{\"@type\":\"WebSite\",\"@id\":\"https:\\\/\\\/shopatoa.com\\\/ro\\\/#website\",\"url\":\"https:\\\/\\\/shopatoa.com\\\/ro\\\/\",\"name\":\"SHOPATOA\",\"description\":\"\",\"publisher\":{\"@id\":\"https:\\\/\\\/shopatoa.com\\\/ro\\\/#organization\"},\"potentialAction\":[{\"@type\":\"SearchAction\",\"target\":{\"@type\":\"EntryPoint\",\"urlTemplate\":\"https:\\\/\\\/shopatoa.com\\\/ro\\\/?s={search_term_string}\"},\"query-input\":{\"@type\":\"PropertyValueSpecification\",\"valueRequired\":true,\"valueName\":\"search_term_string\"}}],\"inLanguage\":\"ro-RO\"},{\"@type\":\"Organization\",\"@id\":\"https:\\\/\\\/shopatoa.com\\\/ro\\\/#organization\",\"name\":\"SHOPATOA\",\"url\":\"https:\\\/\\\/shopatoa.com\\\/ro\\\/\",\"logo\":{\"@type\":\"ImageObject\",\"inLanguage\":\"ro-RO\",\"@id\":\"https:\\\/\\\/shopatoa.com\\\/ro\\\/#\\\/schema\\\/logo\\\/image\\\/\",\"url\":\"https:\\\/\\\/storage.googleapis.com\\\/cz-shopatoa-img\\\/ro\\\/b4dac915-shopatoa_logo.png\",\"contentUrl\":\"https:\\\/\\\/storage.googleapis.com\\\/cz-shopatoa-img\\\/ro\\\/b4dac915-shopatoa_logo.png\",\"width\":416,\"height\":63,\"caption\":\"SHOPATOA\"},\"image\":{\"@id\":\"https:\\\/\\\/shopatoa.com\\\/ro\\\/#\\\/schema\\\/logo\\\/image\\\/\"}}]}<\/script>\n<!-- \/ Yoast SEO plugin. -->","yoast_head_json":{"title":"BaByliss PRO Aparat de masaj Gold Cord\/Cordless Massager FXSM1GE - SHOPATOA.COM","robots":{"index":"index","follow":"follow","max-snippet":"max-snippet:-1","max-image-preview":"max-image-preview:large","max-video-preview":"max-video-preview:-1"},"canonical":"https:\/\/shopatoa.com\/ro\/babyliss-pro-aparat-de-masaj-gold-cord-cordless-massager-fxsm1ge-2\/","og_locale":"ro_RO","og_type":"article","og_title":"BaByliss PRO Aparat de masaj Gold Cord\/Cordless Massager FXSM1GE - SHOPATOA.COM","og_description":"Aparatul de masaj VIBEFX v\u0103 permite s\u0103 le oferi\u021bi clien\u021bilor dumneavoastr\u0103 relaxare \u0219i un sentiment de relaxare. Combinat \u00een mod ideal cu un prosop cald sau singur, VIBEFX va relaxa pielea \u0219i fa\u021ba clien\u021bilor dumneavoastr\u0103. Poate fi folosit \u0219i pe umeri \u0219i g\u00e2tul inferior pentru a ameliora stresul \u0219i tensiunea nedorit\u0103. Frumuse\u021bea VIBEFX const\u0103 \u00een...","og_url":"https:\/\/shopatoa.com\/ro\/babyliss-pro-aparat-de-masaj-gold-cord-cordless-massager-fxsm1ge-2\/","og_site_name":"SHOPATOA","article_modified_time":"2025-12-11T15:12:25+00:00","og_image":[{"width":800,"height":800,"url":"https:\/\/storage.googleapis.com\/cz-shopatoa-img\/ro\/e03530be-unnamed-file.webp","type":"image\/webp"}],"twitter_card":"summary_large_image","twitter_misc":{"Timp estimat pentru citire":"1 minut"},"schema":{"@context":"https:\/\/schema.org","@graph":[{"@type":"WebPage","@id":"https:\/\/shopatoa.com\/ro\/babyliss-pro-aparat-de-masaj-gold-cord-cordless-massager-fxsm1ge-2\/","url":"https:\/\/shopatoa.com\/ro\/babyliss-pro-aparat-de-masaj-gold-cord-cordless-massager-fxsm1ge-2\/","name":"BaByliss PRO Aparat de masaj Gold Cord\/Cordless Massager FXSM1GE - SHOPATOA.COM","isPartOf":{"@id":"https:\/\/shopatoa.com\/ro\/#website"},"primaryImageOfPage":{"@id":"https:\/\/shopatoa.com\/ro\/babyliss-pro-aparat-de-masaj-gold-cord-cordless-massager-fxsm1ge-2\/#primaryimage"},"image":{"@id":"https:\/\/shopatoa.com\/ro\/babyliss-pro-aparat-de-masaj-gold-cord-cordless-massager-fxsm1ge-2\/#primaryimage"},"thumbnailUrl":"https:\/\/storage.googleapis.com\/cz-shopatoa-img\/ro\/e03530be-unnamed-file.webp","datePublished":"2025-05-21T21:51:59+00:00","dateModified":"2025-12-11T15:12:25+00:00","breadcrumb":{"@id":"https:\/\/shopatoa.com\/ro\/babyliss-pro-aparat-de-masaj-gold-cord-cordless-massager-fxsm1ge-2\/#breadcrumb"},"inLanguage":"ro-RO","potentialAction":[{"@type":"ReadAction","target":["https:\/\/shopatoa.com\/ro\/babyliss-pro-aparat-de-masaj-gold-cord-cordless-massager-fxsm1ge-2\/"]}]},{"@type":"ImageObject","inLanguage":"ro-RO","@id":"https:\/\/shopatoa.com\/ro\/babyliss-pro-aparat-de-masaj-gold-cord-cordless-massager-fxsm1ge-2\/#primaryimage","url":"https:\/\/storage.googleapis.com\/cz-shopatoa-img\/ro\/e03530be-unnamed-file.webp","contentUrl":"https:\/\/storage.googleapis.com\/cz-shopatoa-img\/ro\/e03530be-unnamed-file.webp","width":800,"height":800},{"@type":"BreadcrumbList","@id":"https:\/\/shopatoa.com\/ro\/babyliss-pro-aparat-de-masaj-gold-cord-cordless-massager-fxsm1ge-2\/#breadcrumb","itemListElement":[{"@type":"ListItem","position":1,"name":"Dom\u016f","item":"https:\/\/shopatoa.com\/ro\/"},{"@type":"ListItem","position":2,"name":"Shop","item":"https:\/\/shopatoa.com\/ro\/shop\/"},{"@type":"ListItem","position":3,"name":"Cosmetice","item":"https:\/\/shopatoa.com\/ro\/cosmetice\/"},{"@type":"ListItem","position":4,"name":"Produse cosmetice pentru corp","item":"https:\/\/shopatoa.com\/ro\/produse-cosmetice-pentru-corp\/"},{"@type":"ListItem","position":5,"name":"Dispozitive \u0219i preparate pentru masaj","item":"https:\/\/shopatoa.com\/ro\/dispozitive-si-preparate-pentru-masaj\/"},{"@type":"ListItem","position":6,"name":"Echipament pentru masaj","item":"https:\/\/shopatoa.com\/ro\/echipament-pentru-masaj\/"},{"@type":"ListItem","position":7,"name":"BaByliss PRO Aparat de masaj Gold Cord\/Cordless Massager FXSM1GE"}]},{"@type":"WebSite","@id":"https:\/\/shopatoa.com\/ro\/#website","url":"https:\/\/shopatoa.com\/ro\/","name":"SHOPATOA","description":"","publisher":{"@id":"https:\/\/shopatoa.com\/ro\/#organization"},"potentialAction":[{"@type":"SearchAction","target":{"@type":"EntryPoint","urlTemplate":"https:\/\/shopatoa.com\/ro\/?s={search_term_string}"},"query-input":{"@type":"PropertyValueSpecification","valueRequired":true,"valueName":"search_term_string"}}],"inLanguage":"ro-RO"},{"@type":"Organization","@id":"https:\/\/shopatoa.com\/ro\/#organization","name":"SHOPATOA","url":"https:\/\/shopatoa.com\/ro\/","logo":{"@type":"ImageObject","inLanguage":"ro-RO","@id":"https:\/\/shopatoa.com\/ro\/#\/schema\/logo\/image\/","url":"https:\/\/storage.googleapis.com\/cz-shopatoa-img\/ro\/b4dac915-shopatoa_logo.png","contentUrl":"https:\/\/storage.googleapis.com\/cz-shopatoa-img\/ro\/b4dac915-shopatoa_logo.png","width":416,"height":63,"caption":"SHOPATOA"},"image":{"@id":"https:\/\/shopatoa.com\/ro\/#\/schema\/logo\/image\/"}}]}},"_links":{"self":[{"href":"https:\/\/shopatoa.com\/ro\/wp-json\/wp\/v2\/product\/367875","targetHints":{"allow":["GET"]}}],"collection":[{"href":"https:\/\/shopatoa.com\/ro\/wp-json\/wp\/v2\/product"}],"about":[{"href":"https:\/\/shopatoa.com\/ro\/wp-json\/wp\/v2\/types\/product"}],"replies":[{"embeddable":true,"href":"https:\/\/shopatoa.com\/ro\/wp-json\/wp\/v2\/comments?post=367875"}],"wp:featuredmedia":[{"embeddable":true,"href":"https:\/\/shopatoa.com\/ro\/wp-json\/wp\/v2\/media\/367877"}],"wp:attachment":[{"href":"https:\/\/shopatoa.com\/ro\/wp-json\/wp\/v2\/media?parent=367875"}],"wp:term":[{"taxonomy":"product_brand","embeddable":true,"href":"https:\/\/shopatoa.com\/ro\/wp-json\/wp\/v2\/product_brand?post=367875"},{"taxonomy":"product_cat","embeddable":true,"href":"https:\/\/shopatoa.com\/ro\/wp-json\/wp\/v2\/product_cat?post=367875"},{"taxonomy":"product_tag","embeddable":true,"href":"https:\/\/shopatoa.com\/ro\/wp-json\/wp\/v2\/product_tag?post=367875"}],"curies":[{"name":"wp","href":"https:\/\/api.w.org\/{rel}","templated":true}]}}