{"id":367902,"date":"2025-05-21T23:51:59","date_gmt":"2025-05-21T21:51:59","guid":{"rendered":"https:\/\/shopatoa.com\/ro\/valera-uscator-de-par-epower-2020-eq-rc-d-2\/"},"modified":"2025-12-11T16:04:34","modified_gmt":"2025-12-11T15:04:34","slug":"valera-uscator-de-par-epower-2020-eq-rc-d-2","status":"publish","type":"product","link":"https:\/\/shopatoa.com\/ro\/valera-uscator-de-par-epower-2020-eq-rc-d-2\/","title":{"rendered":"Valera Usc\u0103tor de p\u0103r ePower 2020 eQ RC D"},"content":{"rendered":"<p>1600 W usc\u0103tor de p\u0103r profesional de cu performan\u021b\u0103 durabil\u0103 \u0219i senzor inteligent de control al aerului. Aerul ionizat \u00eengrije\u0219te p\u0103rul \u0219i distruge bacteriile. Valera dezvolt\u0103 usc\u0103toare de p\u0103r pentru utilizare intensiv\u0103 \u00een domeniul profesional. Scopul este de a oferi stili\u0219tilor ce este mai bun pentru munca lor de zi cu zi. Utilizarea necorespunz\u0103toare, \u00eenfundarea par\u021bial\u0103 a filtrului, precum \u0219i murd\u0103ria blocat\u0103 \u00een usc\u0103torul de p\u0103r, toate acestea pot duce la o reducerea performan\u021belor usc\u0103torului de p\u0103r \u0219i a duratei sale de via\u021b\u0103. Valera prezint\u0103 eQ-AIRcontroller \u2013 o solu\u021bie inteligent\u0103 pentru fluxul adecvat de aer \u0219i controlul func\u021bionalit\u0103\u021bii maxime. Un microprocesor inteligent monitorizeaz\u0103 continuu mai mul\u021bi parametri pentru fluxul de aer adecvat. Atunci c\u00e2nd eQ-AIRcontroller detecteaz\u0103 orice valoare sub prag definit\u0103, acesta indic\u0103 o problem\u0103 la nivelul fluxului de aer sau o defec\u021biune a usc\u0103torului de p\u0103r prin intermediul unui indicator luminos. Noul usc\u0103tor de p\u0103r ePower ofer\u0103 performan\u021be profesionale cu un impact minim asupra mediului. Contribuie la durabilitate prin consumul redus de energie \u0219i prin calitatea superioar\u0103 a motorului s\u0103u digital evolutiv f\u0103r\u0103 carbon, care nu produce praf de carbon \u0219i are o durat\u0103 de via\u021b\u0103 extrem de lung\u0103, de p\u00e2n\u0103 la 10.000 de ore. Cablu profesional de 3m cu sistem Rotocord. Rotocord este o inova\u021bie revolu\u021bionar\u0103 brevetat\u0103 care permite rotirea cablului la 360\u00b0, ceea ce previne \u00eencurcarea \u0219i deteriorarea cablului \u0219i faciliteaz\u0103 manevrarea usc\u0103torului de p\u0103r. Rotocord este o noutate mondial\u0103 care a fost dezvoltat\u0103 \u0219i fabricat\u0103 sub marca Valera. Sistemul SANIFY \u00eembun\u0103t\u0103\u021be\u0219te calitatea fluxului de aer \u0219i are efecte antibacteriene. Confirmat de laboratoare independente. Cu sistemul SANIFY v\u0103 pute\u021bi sim\u021bi \u00een siguran\u021b\u0103 \u0219i v\u0103 pute\u021bi bucura de beneficii considerabile. Stylingul \u00eentr-o camer\u0103 \u00eenchis\u0103 este comparabil cu aerul proasp\u0103t din natur\u0103. Sistemul BACKSTOP din interiorul usc\u0103torului de p\u0103r previne p\u0103trunderea p\u0103rului \u00een componentele de ventila\u021bie \u0219i blocarea motorului. Protejarea motorului este esen\u021bial\u0103 pentru o via\u021b\u0103 mai lung\u0103 a usc\u0103torului de p\u0103r. Sistemul de protec\u021bie Backstop a fost dezvoltat \u00een Valera, patentat \u0219i fabricat \u00een Elve\u021bia. Tehnologia Smart Airflow \u2013 Utiliz\u00e2nd un software avansat de stimulare a dinamicii fluidelor, Valera a dezvoltat tehnologia Smart Airflow. Aceast\u0103 tehnologie optimizeaz\u0103 fluxul de aer prin usc\u0103torul de p\u0103r de la filtrul din spate, de unde este aspirat aerul, p\u00e2n\u0103 la deschiderea frontal\u0103, de unde iese aerul. Tehnologia Smart Airflow permite usc\u0103toarelor de p\u0103r s\u0103 ating\u0103 caracteristici de performan\u021b\u0103 excelente &#8211; conversia energiei (W), debitul de aer (m3\/h), presiunea aerului (Pa), viteza aerului (km\/h) \u0219i nivelul sc\u0103zut de zgomot (dB(A)). Combina\u021bia acestor caracteristici este unic\u0103 pentru pia\u021ba actual\u0103. Touch me cool &#8211; 2 duze de aer ultra-\u00eenguste (6 \u0219i 7,5 cm) care r\u0103m\u00e2n reci chiar \u0219i atunci c\u00e2nd usc\u0103torul de p\u0103r este utilizat datorit\u0103 unui sistem special cu dou\u0103 straturi \u0219i pot fi manipulate cu u\u0219urin\u021b\u0103. Fluxul puternic de aer garanteaz\u0103 o vitez\u0103 excelent\u0103 de uscare, pute\u021bi ob\u021bine cu u\u0219urin\u021b\u0103 rezultate mai bune \u00een mai pu\u021bin timp. Usc\u0103tor de p\u0103r profesional ionizant de 1600 W &#8211; echivalent cu un usc\u0103tor de p\u0103r profesional de 2000 W cu motor AC Motor BLDC digital evolutiv f\u0103r\u0103 perii eQ-AIRcontroller<\/p>\n","protected":false},"excerpt":{"rendered":"<p>1600 W usc\u0103tor de p\u0103r profesional de cu performan\u021b\u0103 durabil\u0103 \u0219i senzor inteligent de control al aerului. Aerul ionizat \u00eengrije\u0219te p\u0103rul \u0219i distruge bacteriile. Valera dezvolt\u0103 usc\u0103toare de p\u0103r pentru utilizare intensiv\u0103 \u00een domeniul profesional. Scopul este de a oferi stili\u0219tilor ce este mai bun pentru munca lor de zi cu zi. Utilizarea necorespunz\u0103toare, \u00eenfundarea&#8230;<\/p>\n","protected":false},"featured_media":367904,"comment_status":"closed","ping_status":"open","template":"","meta":{"_acf_changed":false,"_kadence_starter_templates_imported_post":false,"_kad_post_transparent":"","_kad_post_title":"","_kad_post_layout":"","_kad_post_sidebar_id":"","_kad_post_content_style":"","_kad_post_vertical_padding":"","_kad_post_feature":"","_kad_post_feature_position":"","_kad_post_header":false,"_kad_post_footer":false,"_kad_post_classname":""},"product_brand":[355],"product_cat":[246,623,624,762],"product_tag":[],"class_list":{"0":"post-367902","1":"product","2":"type-product","3":"status-publish","4":"has-post-thumbnail","6":"product_brand-valera","7":"product_cat-cosmetice","8":"product_cat-produse-cosmetice-pentru-par","9":"product_cat-produse-aparate-si-accesorii-pentru-par","10":"product_cat-uscatoare-de-par-fenuri","12":"first","13":"instock","14":"product-type-external","15":"entry","16":"content-bg","17":"loop-entry"},"acf":[],"yoast_head":"<!-- This site is optimized with the Yoast SEO plugin v27.4 - https:\/\/yoast.com\/product\/yoast-seo-wordpress\/ -->\n<title>Valera Usc\u0103tor de p\u0103r ePower 2020 eQ RC D - SHOPATOA.COM<\/title>\n<meta name=\"robots\" content=\"index, follow, max-snippet:-1, max-image-preview:large, max-video-preview:-1\" \/>\n<link rel=\"canonical\" href=\"https:\/\/shopatoa.com\/ro\/valera-uscator-de-par-epower-2020-eq-rc-d-2\/\" \/>\n<meta property=\"og:locale\" content=\"ro_RO\" \/>\n<meta property=\"og:type\" content=\"article\" \/>\n<meta property=\"og:title\" content=\"Valera Usc\u0103tor de p\u0103r ePower 2020 eQ RC D - SHOPATOA.COM\" \/>\n<meta property=\"og:description\" content=\"1600 W usc\u0103tor de p\u0103r profesional de cu performan\u021b\u0103 durabil\u0103 \u0219i senzor inteligent de control al aerului. Aerul ionizat \u00eengrije\u0219te p\u0103rul \u0219i distruge bacteriile. Valera dezvolt\u0103 usc\u0103toare de p\u0103r pentru utilizare intensiv\u0103 \u00een domeniul profesional. Scopul este de a oferi stili\u0219tilor ce este mai bun pentru munca lor de zi cu zi. Utilizarea necorespunz\u0103toare, \u00eenfundarea...\" \/>\n<meta property=\"og:url\" content=\"https:\/\/shopatoa.com\/ro\/valera-uscator-de-par-epower-2020-eq-rc-d-2\/\" \/>\n<meta property=\"og:site_name\" content=\"SHOPATOA\" \/>\n<meta property=\"article:modified_time\" content=\"2025-12-11T15:04:34+00:00\" \/>\n<meta property=\"og:image\" content=\"https:\/\/storage.googleapis.com\/cz-shopatoa-img\/ro\/fbb381bc-unnamed-file-1.webp\" \/>\n\t<meta property=\"og:image:width\" content=\"800\" \/>\n\t<meta property=\"og:image:height\" content=\"800\" \/>\n\t<meta property=\"og:image:type\" content=\"image\/webp\" \/>\n<meta name=\"twitter:card\" content=\"summary_large_image\" \/>\n<meta name=\"twitter:label1\" content=\"Timp estimat pentru citire\" \/>\n\t<meta name=\"twitter:data1\" content=\"3 minute\" \/>\n<script type=\"application\/ld+json\" class=\"yoast-schema-graph\">{\"@context\":\"https:\\\/\\\/schema.org\",\"@graph\":[{\"@type\":\"WebPage\",\"@id\":\"https:\\\/\\\/shopatoa.com\\\/ro\\\/valera-uscator-de-par-epower-2020-eq-rc-d-2\\\/\",\"url\":\"https:\\\/\\\/shopatoa.com\\\/ro\\\/valera-uscator-de-par-epower-2020-eq-rc-d-2\\\/\",\"name\":\"Valera Usc\u0103tor de p\u0103r ePower 2020 eQ RC D - SHOPATOA.COM\",\"isPartOf\":{\"@id\":\"https:\\\/\\\/shopatoa.com\\\/ro\\\/#website\"},\"primaryImageOfPage\":{\"@id\":\"https:\\\/\\\/shopatoa.com\\\/ro\\\/valera-uscator-de-par-epower-2020-eq-rc-d-2\\\/#primaryimage\"},\"image\":{\"@id\":\"https:\\\/\\\/shopatoa.com\\\/ro\\\/valera-uscator-de-par-epower-2020-eq-rc-d-2\\\/#primaryimage\"},\"thumbnailUrl\":\"https:\\\/\\\/storage.googleapis.com\\\/cz-shopatoa-img\\\/ro\\\/fbb381bc-unnamed-file-1.webp\",\"datePublished\":\"2025-05-21T21:51:59+00:00\",\"dateModified\":\"2025-12-11T15:04:34+00:00\",\"breadcrumb\":{\"@id\":\"https:\\\/\\\/shopatoa.com\\\/ro\\\/valera-uscator-de-par-epower-2020-eq-rc-d-2\\\/#breadcrumb\"},\"inLanguage\":\"ro-RO\",\"potentialAction\":[{\"@type\":\"ReadAction\",\"target\":[\"https:\\\/\\\/shopatoa.com\\\/ro\\\/valera-uscator-de-par-epower-2020-eq-rc-d-2\\\/\"]}]},{\"@type\":\"ImageObject\",\"inLanguage\":\"ro-RO\",\"@id\":\"https:\\\/\\\/shopatoa.com\\\/ro\\\/valera-uscator-de-par-epower-2020-eq-rc-d-2\\\/#primaryimage\",\"url\":\"https:\\\/\\\/storage.googleapis.com\\\/cz-shopatoa-img\\\/ro\\\/fbb381bc-unnamed-file-1.webp\",\"contentUrl\":\"https:\\\/\\\/storage.googleapis.com\\\/cz-shopatoa-img\\\/ro\\\/fbb381bc-unnamed-file-1.webp\",\"width\":800,\"height\":800},{\"@type\":\"BreadcrumbList\",\"@id\":\"https:\\\/\\\/shopatoa.com\\\/ro\\\/valera-uscator-de-par-epower-2020-eq-rc-d-2\\\/#breadcrumb\",\"itemListElement\":[{\"@type\":\"ListItem\",\"position\":1,\"name\":\"Dom\u016f\",\"item\":\"https:\\\/\\\/shopatoa.com\\\/ro\\\/\"},{\"@type\":\"ListItem\",\"position\":2,\"name\":\"Shop\",\"item\":\"https:\\\/\\\/shopatoa.com\\\/ro\\\/shop\\\/\"},{\"@type\":\"ListItem\",\"position\":3,\"name\":\"Cosmetice\",\"item\":\"https:\\\/\\\/shopatoa.com\\\/ro\\\/cosmetice\\\/\"},{\"@type\":\"ListItem\",\"position\":4,\"name\":\"Produse cosmetice pentru p\u0103r\",\"item\":\"https:\\\/\\\/shopatoa.com\\\/ro\\\/produse-cosmetice-pentru-par\\\/\"},{\"@type\":\"ListItem\",\"position\":5,\"name\":\"Produse, aparate \u0219i accesorii pentru p\u0103r\",\"item\":\"https:\\\/\\\/shopatoa.com\\\/ro\\\/produse-aparate-si-accesorii-pentru-par\\\/\"},{\"@type\":\"ListItem\",\"position\":6,\"name\":\"Usc\u0103toare de p\u0103r, fenuri\",\"item\":\"https:\\\/\\\/shopatoa.com\\\/ro\\\/uscatoare-de-par-fenuri\\\/\"},{\"@type\":\"ListItem\",\"position\":7,\"name\":\"Valera Usc\u0103tor de p\u0103r ePower 2020 eQ RC D\"}]},{\"@type\":\"WebSite\",\"@id\":\"https:\\\/\\\/shopatoa.com\\\/ro\\\/#website\",\"url\":\"https:\\\/\\\/shopatoa.com\\\/ro\\\/\",\"name\":\"SHOPATOA\",\"description\":\"\",\"publisher\":{\"@id\":\"https:\\\/\\\/shopatoa.com\\\/ro\\\/#organization\"},\"potentialAction\":[{\"@type\":\"SearchAction\",\"target\":{\"@type\":\"EntryPoint\",\"urlTemplate\":\"https:\\\/\\\/shopatoa.com\\\/ro\\\/?s={search_term_string}\"},\"query-input\":{\"@type\":\"PropertyValueSpecification\",\"valueRequired\":true,\"valueName\":\"search_term_string\"}}],\"inLanguage\":\"ro-RO\"},{\"@type\":\"Organization\",\"@id\":\"https:\\\/\\\/shopatoa.com\\\/ro\\\/#organization\",\"name\":\"SHOPATOA\",\"url\":\"https:\\\/\\\/shopatoa.com\\\/ro\\\/\",\"logo\":{\"@type\":\"ImageObject\",\"inLanguage\":\"ro-RO\",\"@id\":\"https:\\\/\\\/shopatoa.com\\\/ro\\\/#\\\/schema\\\/logo\\\/image\\\/\",\"url\":\"https:\\\/\\\/storage.googleapis.com\\\/cz-shopatoa-img\\\/ro\\\/b4dac915-shopatoa_logo.png\",\"contentUrl\":\"https:\\\/\\\/storage.googleapis.com\\\/cz-shopatoa-img\\\/ro\\\/b4dac915-shopatoa_logo.png\",\"width\":416,\"height\":63,\"caption\":\"SHOPATOA\"},\"image\":{\"@id\":\"https:\\\/\\\/shopatoa.com\\\/ro\\\/#\\\/schema\\\/logo\\\/image\\\/\"}}]}<\/script>\n<!-- \/ Yoast SEO plugin. -->","yoast_head_json":{"title":"Valera Usc\u0103tor de p\u0103r ePower 2020 eQ RC D - SHOPATOA.COM","robots":{"index":"index","follow":"follow","max-snippet":"max-snippet:-1","max-image-preview":"max-image-preview:large","max-video-preview":"max-video-preview:-1"},"canonical":"https:\/\/shopatoa.com\/ro\/valera-uscator-de-par-epower-2020-eq-rc-d-2\/","og_locale":"ro_RO","og_type":"article","og_title":"Valera Usc\u0103tor de p\u0103r ePower 2020 eQ RC D - SHOPATOA.COM","og_description":"1600 W usc\u0103tor de p\u0103r profesional de cu performan\u021b\u0103 durabil\u0103 \u0219i senzor inteligent de control al aerului. Aerul ionizat \u00eengrije\u0219te p\u0103rul \u0219i distruge bacteriile. Valera dezvolt\u0103 usc\u0103toare de p\u0103r pentru utilizare intensiv\u0103 \u00een domeniul profesional. Scopul este de a oferi stili\u0219tilor ce este mai bun pentru munca lor de zi cu zi. Utilizarea necorespunz\u0103toare, \u00eenfundarea...","og_url":"https:\/\/shopatoa.com\/ro\/valera-uscator-de-par-epower-2020-eq-rc-d-2\/","og_site_name":"SHOPATOA","article_modified_time":"2025-12-11T15:04:34+00:00","og_image":[{"width":800,"height":800,"url":"https:\/\/storage.googleapis.com\/cz-shopatoa-img\/ro\/fbb381bc-unnamed-file-1.webp","type":"image\/webp"}],"twitter_card":"summary_large_image","twitter_misc":{"Timp estimat pentru citire":"3 minute"},"schema":{"@context":"https:\/\/schema.org","@graph":[{"@type":"WebPage","@id":"https:\/\/shopatoa.com\/ro\/valera-uscator-de-par-epower-2020-eq-rc-d-2\/","url":"https:\/\/shopatoa.com\/ro\/valera-uscator-de-par-epower-2020-eq-rc-d-2\/","name":"Valera Usc\u0103tor de p\u0103r ePower 2020 eQ RC D - SHOPATOA.COM","isPartOf":{"@id":"https:\/\/shopatoa.com\/ro\/#website"},"primaryImageOfPage":{"@id":"https:\/\/shopatoa.com\/ro\/valera-uscator-de-par-epower-2020-eq-rc-d-2\/#primaryimage"},"image":{"@id":"https:\/\/shopatoa.com\/ro\/valera-uscator-de-par-epower-2020-eq-rc-d-2\/#primaryimage"},"thumbnailUrl":"https:\/\/storage.googleapis.com\/cz-shopatoa-img\/ro\/fbb381bc-unnamed-file-1.webp","datePublished":"2025-05-21T21:51:59+00:00","dateModified":"2025-12-11T15:04:34+00:00","breadcrumb":{"@id":"https:\/\/shopatoa.com\/ro\/valera-uscator-de-par-epower-2020-eq-rc-d-2\/#breadcrumb"},"inLanguage":"ro-RO","potentialAction":[{"@type":"ReadAction","target":["https:\/\/shopatoa.com\/ro\/valera-uscator-de-par-epower-2020-eq-rc-d-2\/"]}]},{"@type":"ImageObject","inLanguage":"ro-RO","@id":"https:\/\/shopatoa.com\/ro\/valera-uscator-de-par-epower-2020-eq-rc-d-2\/#primaryimage","url":"https:\/\/storage.googleapis.com\/cz-shopatoa-img\/ro\/fbb381bc-unnamed-file-1.webp","contentUrl":"https:\/\/storage.googleapis.com\/cz-shopatoa-img\/ro\/fbb381bc-unnamed-file-1.webp","width":800,"height":800},{"@type":"BreadcrumbList","@id":"https:\/\/shopatoa.com\/ro\/valera-uscator-de-par-epower-2020-eq-rc-d-2\/#breadcrumb","itemListElement":[{"@type":"ListItem","position":1,"name":"Dom\u016f","item":"https:\/\/shopatoa.com\/ro\/"},{"@type":"ListItem","position":2,"name":"Shop","item":"https:\/\/shopatoa.com\/ro\/shop\/"},{"@type":"ListItem","position":3,"name":"Cosmetice","item":"https:\/\/shopatoa.com\/ro\/cosmetice\/"},{"@type":"ListItem","position":4,"name":"Produse cosmetice pentru p\u0103r","item":"https:\/\/shopatoa.com\/ro\/produse-cosmetice-pentru-par\/"},{"@type":"ListItem","position":5,"name":"Produse, aparate \u0219i accesorii pentru p\u0103r","item":"https:\/\/shopatoa.com\/ro\/produse-aparate-si-accesorii-pentru-par\/"},{"@type":"ListItem","position":6,"name":"Usc\u0103toare de p\u0103r, fenuri","item":"https:\/\/shopatoa.com\/ro\/uscatoare-de-par-fenuri\/"},{"@type":"ListItem","position":7,"name":"Valera Usc\u0103tor de p\u0103r ePower 2020 eQ RC D"}]},{"@type":"WebSite","@id":"https:\/\/shopatoa.com\/ro\/#website","url":"https:\/\/shopatoa.com\/ro\/","name":"SHOPATOA","description":"","publisher":{"@id":"https:\/\/shopatoa.com\/ro\/#organization"},"potentialAction":[{"@type":"SearchAction","target":{"@type":"EntryPoint","urlTemplate":"https:\/\/shopatoa.com\/ro\/?s={search_term_string}"},"query-input":{"@type":"PropertyValueSpecification","valueRequired":true,"valueName":"search_term_string"}}],"inLanguage":"ro-RO"},{"@type":"Organization","@id":"https:\/\/shopatoa.com\/ro\/#organization","name":"SHOPATOA","url":"https:\/\/shopatoa.com\/ro\/","logo":{"@type":"ImageObject","inLanguage":"ro-RO","@id":"https:\/\/shopatoa.com\/ro\/#\/schema\/logo\/image\/","url":"https:\/\/storage.googleapis.com\/cz-shopatoa-img\/ro\/b4dac915-shopatoa_logo.png","contentUrl":"https:\/\/storage.googleapis.com\/cz-shopatoa-img\/ro\/b4dac915-shopatoa_logo.png","width":416,"height":63,"caption":"SHOPATOA"},"image":{"@id":"https:\/\/shopatoa.com\/ro\/#\/schema\/logo\/image\/"}}]}},"_links":{"self":[{"href":"https:\/\/shopatoa.com\/ro\/wp-json\/wp\/v2\/product\/367902","targetHints":{"allow":["GET"]}}],"collection":[{"href":"https:\/\/shopatoa.com\/ro\/wp-json\/wp\/v2\/product"}],"about":[{"href":"https:\/\/shopatoa.com\/ro\/wp-json\/wp\/v2\/types\/product"}],"replies":[{"embeddable":true,"href":"https:\/\/shopatoa.com\/ro\/wp-json\/wp\/v2\/comments?post=367902"}],"wp:featuredmedia":[{"embeddable":true,"href":"https:\/\/shopatoa.com\/ro\/wp-json\/wp\/v2\/media\/367904"}],"wp:attachment":[{"href":"https:\/\/shopatoa.com\/ro\/wp-json\/wp\/v2\/media?parent=367902"}],"wp:term":[{"taxonomy":"product_brand","embeddable":true,"href":"https:\/\/shopatoa.com\/ro\/wp-json\/wp\/v2\/product_brand?post=367902"},{"taxonomy":"product_cat","embeddable":true,"href":"https:\/\/shopatoa.com\/ro\/wp-json\/wp\/v2\/product_cat?post=367902"},{"taxonomy":"product_tag","embeddable":true,"href":"https:\/\/shopatoa.com\/ro\/wp-json\/wp\/v2\/product_tag?post=367902"}],"curies":[{"name":"wp","href":"https:\/\/api.w.org\/{rel}","templated":true}]}}