{"id":367911,"date":"2025-05-21T23:51:59","date_gmt":"2025-05-21T21:51:59","guid":{"rendered":"https:\/\/shopatoa.com\/ro\/valera-uscator-de-par-profesional-ionic-1600w-alb-epower-2030-eq-rc-d-2\/"},"modified":"2025-12-11T16:04:25","modified_gmt":"2025-12-11T15:04:25","slug":"valera-uscator-de-par-profesional-ionic-1600w-alb-epower-2030-eq-rc-d-2","status":"publish","type":"product","link":"https:\/\/shopatoa.com\/ro\/valera-uscator-de-par-profesional-ionic-1600w-alb-epower-2030-eq-rc-d-2\/","title":{"rendered":"Valera Usc\u0103tor de p\u0103r profesional Ionic 1600W alb ePower 2030 eQ RC D"},"content":{"rendered":"<p>Usc\u0103tor de p\u0103r profesional Valera cu tehnologie de ionizare pentru p\u0103r str\u0103lucitor \u0219i hidratat. Func\u021bia Color Care protejeaz\u0103 p\u0103rul colorat \u00eempotriva decolor\u0103rii. Tehnologie: eQ-Air Total Control \u2013 Diagnosticarea inteligent\u0103 \u00eempreun\u0103 cu motorul digital asigur\u0103 o func\u021bionare perfect\u0103 Func\u021bia de ionizare \u2013 ionii \u00eenc\u0103rca\u021bi negativ sunt particule care purific\u0103 aerul. \u00cen natur\u0103 se g\u0103sesc \u00een num\u0103r mare dup\u0103 o furtun\u0103, c\u00e2nd aerul este mai curat \u0219i mai revitalizant. Usc\u0103toarele de p\u0103r cu func\u021bie de ionizare au un generator care produce milioane de ioni negativi purificatori, ceea ce face ca p\u0103rul s\u0103 r\u0103m\u00e2n\u0103 hidratat. Hidratarea previne \u00eencre\u021birea, are efecte regeneratoare, las\u0103 p\u0103rul moale, str\u0103lucitor, u\u0219or de piept\u0103nat \u0219i \u00eei m\u0103re\u0219te volumul. COLORCARE &#8211; p\u0103rul vopsit tinde s\u0103 se usuce \u0219i s\u0103-\u0219i piard\u0103 str\u0103lucirea sub ac\u021biunea aerului cald, usc\u0103toarele de p\u0103r de la marca COLORCARE protejeaz\u0103 p\u0103rul de pierderea culorii, str\u0103lucire, usc\u0103ciune \u0219i \u00eei p\u0103streaz\u0103 vitalitatea pentru o perioad\u0103 lung\u0103 de timp datorit\u0103 a trei caracteristici &#8211; 1. formarea ionilor negativi pentru a hidrata p\u0103rul, 2. o uscare mai bun\u0103 la temperaturi mai sc\u0103zute, \u00een principal datorit\u0103 fluxului rapid de aer care accelereaz\u0103 uscarea chiar \u0219i la temperaturi mai sc\u0103zute \u0219i 3. setare precis\u0103 a temperaturii. Ultra Silent Jet System \u2013 datorit\u0103 admiterii inovatoare a aerului \u00een filtru, acest usc\u0103tor de p\u0103r este extrem de silen\u021bios (reducerea zgomotului cu 50%). Super Air Power &#8211; extrem de puternic, dar silen\u021bios (70dB). Volumul aerului 82m3\/h (uscare cu 50% mai rapid\u0103 dec\u00e2t un usc\u0103tor obi\u0219nuit.) ULTRA LONG LIFE &#8211; motor profesional special DIGITAL ENDURO MLDC Ultra Long Life cu o durat\u0103 de via\u021b\u0103 ultra lung\u0103 de 10000 de ore. Rotocord &#8211; o inova\u021bie revolu\u021bionar\u0103 brevetat\u0103 care permite rotirea cablului la 360\u00b0, ceea ce previne \u00eencurcarea \u0219i deteriorarea cablului \u0219i faciliteaz\u0103 manevrarea usc\u0103torului de p\u0103r. Rotocord este o inova\u021bie mondial\u0103 care a fost dezvoltat\u0103 \u0219i produs\u0103 sub marca Valera. Tratament de suprafa\u021b\u0103 TOUCH ME &#8211; tehnologie inovatoare care nu \u00eenc\u0103lze\u0219te usc\u0103torul de p\u0103r \u0219i permite astfel o manevrare foarte confortabil\u0103 a acestuia.<\/p>\n","protected":false},"excerpt":{"rendered":"<p>Usc\u0103tor de p\u0103r profesional Valera cu tehnologie de ionizare pentru p\u0103r str\u0103lucitor \u0219i hidratat. Func\u021bia Color Care protejeaz\u0103 p\u0103rul colorat \u00eempotriva decolor\u0103rii. Tehnologie: eQ-Air Total Control \u2013 Diagnosticarea inteligent\u0103 \u00eempreun\u0103 cu motorul digital asigur\u0103 o func\u021bionare perfect\u0103 Func\u021bia de ionizare \u2013 ionii \u00eenc\u0103rca\u021bi negativ sunt particule care purific\u0103 aerul. \u00cen natur\u0103 se g\u0103sesc \u00een num\u0103r&#8230;<\/p>\n","protected":false},"featured_media":367914,"comment_status":"closed","ping_status":"open","template":"","meta":{"_acf_changed":false,"_kadence_starter_templates_imported_post":false,"_kad_post_transparent":"","_kad_post_title":"","_kad_post_layout":"","_kad_post_sidebar_id":"","_kad_post_content_style":"","_kad_post_vertical_padding":"","_kad_post_feature":"","_kad_post_feature_position":"","_kad_post_header":false,"_kad_post_footer":false,"_kad_post_classname":""},"product_brand":[355],"product_cat":[246,623,624,762],"product_tag":[],"class_list":{"0":"post-367911","1":"product","2":"type-product","3":"status-publish","4":"has-post-thumbnail","6":"product_brand-valera","7":"product_cat-cosmetice","8":"product_cat-produse-cosmetice-pentru-par","9":"product_cat-produse-aparate-si-accesorii-pentru-par","10":"product_cat-uscatoare-de-par-fenuri","12":"first","13":"instock","14":"product-type-external","15":"entry","16":"content-bg","17":"loop-entry"},"acf":[],"yoast_head":"<!-- This site is optimized with the Yoast SEO plugin v27.4 - https:\/\/yoast.com\/product\/yoast-seo-wordpress\/ -->\n<title>Valera Usc\u0103tor de p\u0103r profesional Ionic 1600W alb ePower 2030 eQ RC D - SHOPATOA.COM<\/title>\n<meta name=\"robots\" content=\"index, follow, max-snippet:-1, max-image-preview:large, max-video-preview:-1\" \/>\n<link rel=\"canonical\" href=\"https:\/\/shopatoa.com\/ro\/valera-uscator-de-par-profesional-ionic-1600w-alb-epower-2030-eq-rc-d-2\/\" \/>\n<meta property=\"og:locale\" content=\"ro_RO\" \/>\n<meta property=\"og:type\" content=\"article\" \/>\n<meta property=\"og:title\" content=\"Valera Usc\u0103tor de p\u0103r profesional Ionic 1600W alb ePower 2030 eQ RC D - SHOPATOA.COM\" \/>\n<meta property=\"og:description\" content=\"Usc\u0103tor de p\u0103r profesional Valera cu tehnologie de ionizare pentru p\u0103r str\u0103lucitor \u0219i hidratat. Func\u021bia Color Care protejeaz\u0103 p\u0103rul colorat \u00eempotriva decolor\u0103rii. Tehnologie: eQ-Air Total Control \u2013 Diagnosticarea inteligent\u0103 \u00eempreun\u0103 cu motorul digital asigur\u0103 o func\u021bionare perfect\u0103 Func\u021bia de ionizare \u2013 ionii \u00eenc\u0103rca\u021bi negativ sunt particule care purific\u0103 aerul. \u00cen natur\u0103 se g\u0103sesc \u00een num\u0103r...\" \/>\n<meta property=\"og:url\" content=\"https:\/\/shopatoa.com\/ro\/valera-uscator-de-par-profesional-ionic-1600w-alb-epower-2030-eq-rc-d-2\/\" \/>\n<meta property=\"og:site_name\" content=\"SHOPATOA\" \/>\n<meta property=\"article:modified_time\" content=\"2025-12-11T15:04:25+00:00\" \/>\n<meta property=\"og:image\" content=\"https:\/\/storage.googleapis.com\/cz-shopatoa-img\/ro\/b7f7c221-unnamed-file.webp\" \/>\n\t<meta property=\"og:image:width\" content=\"800\" \/>\n\t<meta property=\"og:image:height\" content=\"800\" \/>\n\t<meta property=\"og:image:type\" content=\"image\/webp\" \/>\n<meta name=\"twitter:card\" content=\"summary_large_image\" \/>\n<meta name=\"twitter:label1\" content=\"Timp estimat pentru citire\" \/>\n\t<meta name=\"twitter:data1\" content=\"2 minute\" \/>\n<script type=\"application\/ld+json\" class=\"yoast-schema-graph\">{\"@context\":\"https:\\\/\\\/schema.org\",\"@graph\":[{\"@type\":\"WebPage\",\"@id\":\"https:\\\/\\\/shopatoa.com\\\/ro\\\/valera-uscator-de-par-profesional-ionic-1600w-alb-epower-2030-eq-rc-d-2\\\/\",\"url\":\"https:\\\/\\\/shopatoa.com\\\/ro\\\/valera-uscator-de-par-profesional-ionic-1600w-alb-epower-2030-eq-rc-d-2\\\/\",\"name\":\"Valera Usc\u0103tor de p\u0103r profesional Ionic 1600W alb ePower 2030 eQ RC D - SHOPATOA.COM\",\"isPartOf\":{\"@id\":\"https:\\\/\\\/shopatoa.com\\\/ro\\\/#website\"},\"primaryImageOfPage\":{\"@id\":\"https:\\\/\\\/shopatoa.com\\\/ro\\\/valera-uscator-de-par-profesional-ionic-1600w-alb-epower-2030-eq-rc-d-2\\\/#primaryimage\"},\"image\":{\"@id\":\"https:\\\/\\\/shopatoa.com\\\/ro\\\/valera-uscator-de-par-profesional-ionic-1600w-alb-epower-2030-eq-rc-d-2\\\/#primaryimage\"},\"thumbnailUrl\":\"https:\\\/\\\/storage.googleapis.com\\\/cz-shopatoa-img\\\/ro\\\/b7f7c221-unnamed-file.webp\",\"datePublished\":\"2025-05-21T21:51:59+00:00\",\"dateModified\":\"2025-12-11T15:04:25+00:00\",\"breadcrumb\":{\"@id\":\"https:\\\/\\\/shopatoa.com\\\/ro\\\/valera-uscator-de-par-profesional-ionic-1600w-alb-epower-2030-eq-rc-d-2\\\/#breadcrumb\"},\"inLanguage\":\"ro-RO\",\"potentialAction\":[{\"@type\":\"ReadAction\",\"target\":[\"https:\\\/\\\/shopatoa.com\\\/ro\\\/valera-uscator-de-par-profesional-ionic-1600w-alb-epower-2030-eq-rc-d-2\\\/\"]}]},{\"@type\":\"ImageObject\",\"inLanguage\":\"ro-RO\",\"@id\":\"https:\\\/\\\/shopatoa.com\\\/ro\\\/valera-uscator-de-par-profesional-ionic-1600w-alb-epower-2030-eq-rc-d-2\\\/#primaryimage\",\"url\":\"https:\\\/\\\/storage.googleapis.com\\\/cz-shopatoa-img\\\/ro\\\/b7f7c221-unnamed-file.webp\",\"contentUrl\":\"https:\\\/\\\/storage.googleapis.com\\\/cz-shopatoa-img\\\/ro\\\/b7f7c221-unnamed-file.webp\",\"width\":800,\"height\":800},{\"@type\":\"BreadcrumbList\",\"@id\":\"https:\\\/\\\/shopatoa.com\\\/ro\\\/valera-uscator-de-par-profesional-ionic-1600w-alb-epower-2030-eq-rc-d-2\\\/#breadcrumb\",\"itemListElement\":[{\"@type\":\"ListItem\",\"position\":1,\"name\":\"Dom\u016f\",\"item\":\"https:\\\/\\\/shopatoa.com\\\/ro\\\/\"},{\"@type\":\"ListItem\",\"position\":2,\"name\":\"Shop\",\"item\":\"https:\\\/\\\/shopatoa.com\\\/ro\\\/shop\\\/\"},{\"@type\":\"ListItem\",\"position\":3,\"name\":\"Cosmetice\",\"item\":\"https:\\\/\\\/shopatoa.com\\\/ro\\\/cosmetice\\\/\"},{\"@type\":\"ListItem\",\"position\":4,\"name\":\"Produse cosmetice pentru p\u0103r\",\"item\":\"https:\\\/\\\/shopatoa.com\\\/ro\\\/produse-cosmetice-pentru-par\\\/\"},{\"@type\":\"ListItem\",\"position\":5,\"name\":\"Produse, aparate \u0219i accesorii pentru p\u0103r\",\"item\":\"https:\\\/\\\/shopatoa.com\\\/ro\\\/produse-aparate-si-accesorii-pentru-par\\\/\"},{\"@type\":\"ListItem\",\"position\":6,\"name\":\"Usc\u0103toare de p\u0103r, fenuri\",\"item\":\"https:\\\/\\\/shopatoa.com\\\/ro\\\/uscatoare-de-par-fenuri\\\/\"},{\"@type\":\"ListItem\",\"position\":7,\"name\":\"Valera Usc\u0103tor de p\u0103r profesional Ionic 1600W alb ePower 2030 eQ RC D\"}]},{\"@type\":\"WebSite\",\"@id\":\"https:\\\/\\\/shopatoa.com\\\/ro\\\/#website\",\"url\":\"https:\\\/\\\/shopatoa.com\\\/ro\\\/\",\"name\":\"SHOPATOA\",\"description\":\"\",\"publisher\":{\"@id\":\"https:\\\/\\\/shopatoa.com\\\/ro\\\/#organization\"},\"potentialAction\":[{\"@type\":\"SearchAction\",\"target\":{\"@type\":\"EntryPoint\",\"urlTemplate\":\"https:\\\/\\\/shopatoa.com\\\/ro\\\/?s={search_term_string}\"},\"query-input\":{\"@type\":\"PropertyValueSpecification\",\"valueRequired\":true,\"valueName\":\"search_term_string\"}}],\"inLanguage\":\"ro-RO\"},{\"@type\":\"Organization\",\"@id\":\"https:\\\/\\\/shopatoa.com\\\/ro\\\/#organization\",\"name\":\"SHOPATOA\",\"url\":\"https:\\\/\\\/shopatoa.com\\\/ro\\\/\",\"logo\":{\"@type\":\"ImageObject\",\"inLanguage\":\"ro-RO\",\"@id\":\"https:\\\/\\\/shopatoa.com\\\/ro\\\/#\\\/schema\\\/logo\\\/image\\\/\",\"url\":\"https:\\\/\\\/storage.googleapis.com\\\/cz-shopatoa-img\\\/ro\\\/b4dac915-shopatoa_logo.png\",\"contentUrl\":\"https:\\\/\\\/storage.googleapis.com\\\/cz-shopatoa-img\\\/ro\\\/b4dac915-shopatoa_logo.png\",\"width\":416,\"height\":63,\"caption\":\"SHOPATOA\"},\"image\":{\"@id\":\"https:\\\/\\\/shopatoa.com\\\/ro\\\/#\\\/schema\\\/logo\\\/image\\\/\"}}]}<\/script>\n<!-- \/ Yoast SEO plugin. -->","yoast_head_json":{"title":"Valera Usc\u0103tor de p\u0103r profesional Ionic 1600W alb ePower 2030 eQ RC D - SHOPATOA.COM","robots":{"index":"index","follow":"follow","max-snippet":"max-snippet:-1","max-image-preview":"max-image-preview:large","max-video-preview":"max-video-preview:-1"},"canonical":"https:\/\/shopatoa.com\/ro\/valera-uscator-de-par-profesional-ionic-1600w-alb-epower-2030-eq-rc-d-2\/","og_locale":"ro_RO","og_type":"article","og_title":"Valera Usc\u0103tor de p\u0103r profesional Ionic 1600W alb ePower 2030 eQ RC D - SHOPATOA.COM","og_description":"Usc\u0103tor de p\u0103r profesional Valera cu tehnologie de ionizare pentru p\u0103r str\u0103lucitor \u0219i hidratat. Func\u021bia Color Care protejeaz\u0103 p\u0103rul colorat \u00eempotriva decolor\u0103rii. Tehnologie: eQ-Air Total Control \u2013 Diagnosticarea inteligent\u0103 \u00eempreun\u0103 cu motorul digital asigur\u0103 o func\u021bionare perfect\u0103 Func\u021bia de ionizare \u2013 ionii \u00eenc\u0103rca\u021bi negativ sunt particule care purific\u0103 aerul. \u00cen natur\u0103 se g\u0103sesc \u00een num\u0103r...","og_url":"https:\/\/shopatoa.com\/ro\/valera-uscator-de-par-profesional-ionic-1600w-alb-epower-2030-eq-rc-d-2\/","og_site_name":"SHOPATOA","article_modified_time":"2025-12-11T15:04:25+00:00","og_image":[{"width":800,"height":800,"url":"https:\/\/storage.googleapis.com\/cz-shopatoa-img\/ro\/b7f7c221-unnamed-file.webp","type":"image\/webp"}],"twitter_card":"summary_large_image","twitter_misc":{"Timp estimat pentru citire":"2 minute"},"schema":{"@context":"https:\/\/schema.org","@graph":[{"@type":"WebPage","@id":"https:\/\/shopatoa.com\/ro\/valera-uscator-de-par-profesional-ionic-1600w-alb-epower-2030-eq-rc-d-2\/","url":"https:\/\/shopatoa.com\/ro\/valera-uscator-de-par-profesional-ionic-1600w-alb-epower-2030-eq-rc-d-2\/","name":"Valera Usc\u0103tor de p\u0103r profesional Ionic 1600W alb ePower 2030 eQ RC D - SHOPATOA.COM","isPartOf":{"@id":"https:\/\/shopatoa.com\/ro\/#website"},"primaryImageOfPage":{"@id":"https:\/\/shopatoa.com\/ro\/valera-uscator-de-par-profesional-ionic-1600w-alb-epower-2030-eq-rc-d-2\/#primaryimage"},"image":{"@id":"https:\/\/shopatoa.com\/ro\/valera-uscator-de-par-profesional-ionic-1600w-alb-epower-2030-eq-rc-d-2\/#primaryimage"},"thumbnailUrl":"https:\/\/storage.googleapis.com\/cz-shopatoa-img\/ro\/b7f7c221-unnamed-file.webp","datePublished":"2025-05-21T21:51:59+00:00","dateModified":"2025-12-11T15:04:25+00:00","breadcrumb":{"@id":"https:\/\/shopatoa.com\/ro\/valera-uscator-de-par-profesional-ionic-1600w-alb-epower-2030-eq-rc-d-2\/#breadcrumb"},"inLanguage":"ro-RO","potentialAction":[{"@type":"ReadAction","target":["https:\/\/shopatoa.com\/ro\/valera-uscator-de-par-profesional-ionic-1600w-alb-epower-2030-eq-rc-d-2\/"]}]},{"@type":"ImageObject","inLanguage":"ro-RO","@id":"https:\/\/shopatoa.com\/ro\/valera-uscator-de-par-profesional-ionic-1600w-alb-epower-2030-eq-rc-d-2\/#primaryimage","url":"https:\/\/storage.googleapis.com\/cz-shopatoa-img\/ro\/b7f7c221-unnamed-file.webp","contentUrl":"https:\/\/storage.googleapis.com\/cz-shopatoa-img\/ro\/b7f7c221-unnamed-file.webp","width":800,"height":800},{"@type":"BreadcrumbList","@id":"https:\/\/shopatoa.com\/ro\/valera-uscator-de-par-profesional-ionic-1600w-alb-epower-2030-eq-rc-d-2\/#breadcrumb","itemListElement":[{"@type":"ListItem","position":1,"name":"Dom\u016f","item":"https:\/\/shopatoa.com\/ro\/"},{"@type":"ListItem","position":2,"name":"Shop","item":"https:\/\/shopatoa.com\/ro\/shop\/"},{"@type":"ListItem","position":3,"name":"Cosmetice","item":"https:\/\/shopatoa.com\/ro\/cosmetice\/"},{"@type":"ListItem","position":4,"name":"Produse cosmetice pentru p\u0103r","item":"https:\/\/shopatoa.com\/ro\/produse-cosmetice-pentru-par\/"},{"@type":"ListItem","position":5,"name":"Produse, aparate \u0219i accesorii pentru p\u0103r","item":"https:\/\/shopatoa.com\/ro\/produse-aparate-si-accesorii-pentru-par\/"},{"@type":"ListItem","position":6,"name":"Usc\u0103toare de p\u0103r, fenuri","item":"https:\/\/shopatoa.com\/ro\/uscatoare-de-par-fenuri\/"},{"@type":"ListItem","position":7,"name":"Valera Usc\u0103tor de p\u0103r profesional Ionic 1600W alb ePower 2030 eQ RC D"}]},{"@type":"WebSite","@id":"https:\/\/shopatoa.com\/ro\/#website","url":"https:\/\/shopatoa.com\/ro\/","name":"SHOPATOA","description":"","publisher":{"@id":"https:\/\/shopatoa.com\/ro\/#organization"},"potentialAction":[{"@type":"SearchAction","target":{"@type":"EntryPoint","urlTemplate":"https:\/\/shopatoa.com\/ro\/?s={search_term_string}"},"query-input":{"@type":"PropertyValueSpecification","valueRequired":true,"valueName":"search_term_string"}}],"inLanguage":"ro-RO"},{"@type":"Organization","@id":"https:\/\/shopatoa.com\/ro\/#organization","name":"SHOPATOA","url":"https:\/\/shopatoa.com\/ro\/","logo":{"@type":"ImageObject","inLanguage":"ro-RO","@id":"https:\/\/shopatoa.com\/ro\/#\/schema\/logo\/image\/","url":"https:\/\/storage.googleapis.com\/cz-shopatoa-img\/ro\/b4dac915-shopatoa_logo.png","contentUrl":"https:\/\/storage.googleapis.com\/cz-shopatoa-img\/ro\/b4dac915-shopatoa_logo.png","width":416,"height":63,"caption":"SHOPATOA"},"image":{"@id":"https:\/\/shopatoa.com\/ro\/#\/schema\/logo\/image\/"}}]}},"_links":{"self":[{"href":"https:\/\/shopatoa.com\/ro\/wp-json\/wp\/v2\/product\/367911","targetHints":{"allow":["GET"]}}],"collection":[{"href":"https:\/\/shopatoa.com\/ro\/wp-json\/wp\/v2\/product"}],"about":[{"href":"https:\/\/shopatoa.com\/ro\/wp-json\/wp\/v2\/types\/product"}],"replies":[{"embeddable":true,"href":"https:\/\/shopatoa.com\/ro\/wp-json\/wp\/v2\/comments?post=367911"}],"wp:featuredmedia":[{"embeddable":true,"href":"https:\/\/shopatoa.com\/ro\/wp-json\/wp\/v2\/media\/367914"}],"wp:attachment":[{"href":"https:\/\/shopatoa.com\/ro\/wp-json\/wp\/v2\/media?parent=367911"}],"wp:term":[{"taxonomy":"product_brand","embeddable":true,"href":"https:\/\/shopatoa.com\/ro\/wp-json\/wp\/v2\/product_brand?post=367911"},{"taxonomy":"product_cat","embeddable":true,"href":"https:\/\/shopatoa.com\/ro\/wp-json\/wp\/v2\/product_cat?post=367911"},{"taxonomy":"product_tag","embeddable":true,"href":"https:\/\/shopatoa.com\/ro\/wp-json\/wp\/v2\/product_tag?post=367911"}],"curies":[{"name":"wp","href":"https:\/\/api.w.org\/{rel}","templated":true}]}}