{"id":367927,"date":"2025-05-21T23:53:47","date_gmt":"2025-05-21T21:53:47","guid":{"rendered":"https:\/\/shopatoa.com\/ro\/valera-placa-de-par-creponata-swissx-volumissima-2\/"},"modified":"2025-12-11T15:45:59","modified_gmt":"2025-12-11T14:45:59","slug":"valera-placa-de-par-creponata-swissx-volumissima-2","status":"publish","type":"product","link":"https:\/\/shopatoa.com\/ro\/valera-placa-de-par-creponata-swissx-volumissima-2\/","title":{"rendered":"Valera Plac\u0103 de p\u0103r creponat\u0103 Swiss&#8217;X Volumissima"},"content":{"rendered":"<p>Placa de p\u0103r creponat\u0103 este echipat\u0103 cu pl\u0103ci de form\u0103 unic\u0103 cu dou\u0103 valuri, garant\u00e2nd modele de valuri clar vizibile. \u00cen plus, tehnologia Adaptive Heat Control men\u021bine o temperatur\u0103 sigur\u0103 care v\u0103 protejeaz\u0103 p\u0103rul de c\u0103ldura excesiv\u0103. Caracteristici precum v\u00e2rfurile care nu se \u00eenc\u0103lzesc care protejeaz\u0103 \u00eempotriva arderii, acoperirea ceramic\u0103 cu turmalin\u0103 sau sistemul de pl\u0103ci plutitoare fac ca coafarea s\u0103 fie nu numai eficient\u0103, ci \u0219i mai s\u0103n\u0103toas\u0103 pentru p\u0103rul dvs.<\/p>\n","protected":false},"excerpt":{"rendered":"<p>Placa de p\u0103r creponat\u0103 este echipat\u0103 cu pl\u0103ci de form\u0103 unic\u0103 cu dou\u0103 valuri, garant\u00e2nd modele de valuri clar vizibile. \u00cen plus, tehnologia Adaptive Heat Control men\u021bine o temperatur\u0103 sigur\u0103 care v\u0103 protejeaz\u0103 p\u0103rul de c\u0103ldura excesiv\u0103. Caracteristici precum v\u00e2rfurile care nu se \u00eenc\u0103lzesc care protejeaz\u0103 \u00eempotriva arderii, acoperirea ceramic\u0103 cu turmalin\u0103 sau sistemul de&#8230;<\/p>\n","protected":false},"featured_media":367928,"comment_status":"closed","ping_status":"open","template":"","meta":{"_acf_changed":false,"_kadence_starter_templates_imported_post":false,"_kad_post_transparent":"","_kad_post_title":"","_kad_post_layout":"","_kad_post_sidebar_id":"","_kad_post_content_style":"","_kad_post_vertical_padding":"","_kad_post_feature":"","_kad_post_feature_position":"","_kad_post_header":false,"_kad_post_footer":false,"_kad_post_classname":""},"product_brand":[355],"product_cat":[246,1059,623,624],"product_tag":[],"class_list":{"0":"post-367927","1":"product","2":"type-product","3":"status-publish","4":"has-post-thumbnail","6":"product_brand-valera","7":"product_cat-cosmetice","8":"product_cat-placi-de-par-pentru-creponare-si-netezire","9":"product_cat-produse-cosmetice-pentru-par","10":"product_cat-produse-aparate-si-accesorii-pentru-par","12":"first","13":"instock","14":"product-type-external","15":"entry","16":"content-bg","17":"loop-entry"},"acf":[],"yoast_head":"<!-- This site is optimized with the Yoast SEO plugin v27.4 - https:\/\/yoast.com\/product\/yoast-seo-wordpress\/ -->\n<title>Valera Plac\u0103 de p\u0103r creponat\u0103 Swiss&#039;X Volumissima - SHOPATOA.COM<\/title>\n<meta name=\"robots\" content=\"index, follow, max-snippet:-1, max-image-preview:large, max-video-preview:-1\" \/>\n<link rel=\"canonical\" href=\"https:\/\/shopatoa.com\/ro\/valera-placa-de-par-creponata-swissx-volumissima-2\/\" \/>\n<meta property=\"og:locale\" content=\"ro_RO\" \/>\n<meta property=\"og:type\" content=\"article\" \/>\n<meta property=\"og:title\" content=\"Valera Plac\u0103 de p\u0103r creponat\u0103 Swiss&#039;X Volumissima - SHOPATOA.COM\" \/>\n<meta property=\"og:description\" content=\"Placa de p\u0103r creponat\u0103 este echipat\u0103 cu pl\u0103ci de form\u0103 unic\u0103 cu dou\u0103 valuri, garant\u00e2nd modele de valuri clar vizibile. \u00cen plus, tehnologia Adaptive Heat Control men\u021bine o temperatur\u0103 sigur\u0103 care v\u0103 protejeaz\u0103 p\u0103rul de c\u0103ldura excesiv\u0103. Caracteristici precum v\u00e2rfurile care nu se \u00eenc\u0103lzesc care protejeaz\u0103 \u00eempotriva arderii, acoperirea ceramic\u0103 cu turmalin\u0103 sau sistemul de...\" \/>\n<meta property=\"og:url\" content=\"https:\/\/shopatoa.com\/ro\/valera-placa-de-par-creponata-swissx-volumissima-2\/\" \/>\n<meta property=\"og:site_name\" content=\"SHOPATOA\" \/>\n<meta property=\"article:modified_time\" content=\"2025-12-11T14:45:59+00:00\" \/>\n<meta property=\"og:image\" content=\"https:\/\/storage.googleapis.com\/cz-shopatoa-img\/ro\/c2fec973-unnamed-file.webp\" \/>\n\t<meta property=\"og:image:width\" content=\"800\" \/>\n\t<meta property=\"og:image:height\" content=\"800\" \/>\n\t<meta property=\"og:image:type\" content=\"image\/webp\" \/>\n<meta name=\"twitter:card\" content=\"summary_large_image\" \/>\n<script type=\"application\/ld+json\" class=\"yoast-schema-graph\">{\"@context\":\"https:\\\/\\\/schema.org\",\"@graph\":[{\"@type\":\"WebPage\",\"@id\":\"https:\\\/\\\/shopatoa.com\\\/ro\\\/valera-placa-de-par-creponata-swissx-volumissima-2\\\/\",\"url\":\"https:\\\/\\\/shopatoa.com\\\/ro\\\/valera-placa-de-par-creponata-swissx-volumissima-2\\\/\",\"name\":\"Valera Plac\u0103 de p\u0103r creponat\u0103 Swiss'X Volumissima - SHOPATOA.COM\",\"isPartOf\":{\"@id\":\"https:\\\/\\\/shopatoa.com\\\/ro\\\/#website\"},\"primaryImageOfPage\":{\"@id\":\"https:\\\/\\\/shopatoa.com\\\/ro\\\/valera-placa-de-par-creponata-swissx-volumissima-2\\\/#primaryimage\"},\"image\":{\"@id\":\"https:\\\/\\\/shopatoa.com\\\/ro\\\/valera-placa-de-par-creponata-swissx-volumissima-2\\\/#primaryimage\"},\"thumbnailUrl\":\"https:\\\/\\\/storage.googleapis.com\\\/cz-shopatoa-img\\\/ro\\\/c2fec973-unnamed-file.webp\",\"datePublished\":\"2025-05-21T21:53:47+00:00\",\"dateModified\":\"2025-12-11T14:45:59+00:00\",\"breadcrumb\":{\"@id\":\"https:\\\/\\\/shopatoa.com\\\/ro\\\/valera-placa-de-par-creponata-swissx-volumissima-2\\\/#breadcrumb\"},\"inLanguage\":\"ro-RO\",\"potentialAction\":[{\"@type\":\"ReadAction\",\"target\":[\"https:\\\/\\\/shopatoa.com\\\/ro\\\/valera-placa-de-par-creponata-swissx-volumissima-2\\\/\"]}]},{\"@type\":\"ImageObject\",\"inLanguage\":\"ro-RO\",\"@id\":\"https:\\\/\\\/shopatoa.com\\\/ro\\\/valera-placa-de-par-creponata-swissx-volumissima-2\\\/#primaryimage\",\"url\":\"https:\\\/\\\/storage.googleapis.com\\\/cz-shopatoa-img\\\/ro\\\/c2fec973-unnamed-file.webp\",\"contentUrl\":\"https:\\\/\\\/storage.googleapis.com\\\/cz-shopatoa-img\\\/ro\\\/c2fec973-unnamed-file.webp\",\"width\":800,\"height\":800},{\"@type\":\"BreadcrumbList\",\"@id\":\"https:\\\/\\\/shopatoa.com\\\/ro\\\/valera-placa-de-par-creponata-swissx-volumissima-2\\\/#breadcrumb\",\"itemListElement\":[{\"@type\":\"ListItem\",\"position\":1,\"name\":\"Dom\u016f\",\"item\":\"https:\\\/\\\/shopatoa.com\\\/ro\\\/\"},{\"@type\":\"ListItem\",\"position\":2,\"name\":\"Shop\",\"item\":\"https:\\\/\\\/shopatoa.com\\\/ro\\\/shop\\\/\"},{\"@type\":\"ListItem\",\"position\":3,\"name\":\"Cosmetice\",\"item\":\"https:\\\/\\\/shopatoa.com\\\/ro\\\/cosmetice\\\/\"},{\"@type\":\"ListItem\",\"position\":4,\"name\":\"Produse cosmetice pentru p\u0103r\",\"item\":\"https:\\\/\\\/shopatoa.com\\\/ro\\\/produse-cosmetice-pentru-par\\\/\"},{\"@type\":\"ListItem\",\"position\":5,\"name\":\"Produse, aparate \u0219i accesorii pentru p\u0103r\",\"item\":\"https:\\\/\\\/shopatoa.com\\\/ro\\\/produse-aparate-si-accesorii-pentru-par\\\/\"},{\"@type\":\"ListItem\",\"position\":6,\"name\":\"Pl\u0103ci de p\u0103r pentru creponare \u0219i netezire\",\"item\":\"https:\\\/\\\/shopatoa.com\\\/ro\\\/placi-de-par-pentru-creponare-si-netezire\\\/\"},{\"@type\":\"ListItem\",\"position\":7,\"name\":\"Valera Plac\u0103 de p\u0103r creponat\u0103 Swiss&#8217;X Volumissima\"}]},{\"@type\":\"WebSite\",\"@id\":\"https:\\\/\\\/shopatoa.com\\\/ro\\\/#website\",\"url\":\"https:\\\/\\\/shopatoa.com\\\/ro\\\/\",\"name\":\"SHOPATOA\",\"description\":\"\",\"publisher\":{\"@id\":\"https:\\\/\\\/shopatoa.com\\\/ro\\\/#organization\"},\"potentialAction\":[{\"@type\":\"SearchAction\",\"target\":{\"@type\":\"EntryPoint\",\"urlTemplate\":\"https:\\\/\\\/shopatoa.com\\\/ro\\\/?s={search_term_string}\"},\"query-input\":{\"@type\":\"PropertyValueSpecification\",\"valueRequired\":true,\"valueName\":\"search_term_string\"}}],\"inLanguage\":\"ro-RO\"},{\"@type\":\"Organization\",\"@id\":\"https:\\\/\\\/shopatoa.com\\\/ro\\\/#organization\",\"name\":\"SHOPATOA\",\"url\":\"https:\\\/\\\/shopatoa.com\\\/ro\\\/\",\"logo\":{\"@type\":\"ImageObject\",\"inLanguage\":\"ro-RO\",\"@id\":\"https:\\\/\\\/shopatoa.com\\\/ro\\\/#\\\/schema\\\/logo\\\/image\\\/\",\"url\":\"https:\\\/\\\/storage.googleapis.com\\\/cz-shopatoa-img\\\/ro\\\/b4dac915-shopatoa_logo.png\",\"contentUrl\":\"https:\\\/\\\/storage.googleapis.com\\\/cz-shopatoa-img\\\/ro\\\/b4dac915-shopatoa_logo.png\",\"width\":416,\"height\":63,\"caption\":\"SHOPATOA\"},\"image\":{\"@id\":\"https:\\\/\\\/shopatoa.com\\\/ro\\\/#\\\/schema\\\/logo\\\/image\\\/\"}}]}<\/script>\n<!-- \/ Yoast SEO plugin. -->","yoast_head_json":{"title":"Valera Plac\u0103 de p\u0103r creponat\u0103 Swiss'X Volumissima - SHOPATOA.COM","robots":{"index":"index","follow":"follow","max-snippet":"max-snippet:-1","max-image-preview":"max-image-preview:large","max-video-preview":"max-video-preview:-1"},"canonical":"https:\/\/shopatoa.com\/ro\/valera-placa-de-par-creponata-swissx-volumissima-2\/","og_locale":"ro_RO","og_type":"article","og_title":"Valera Plac\u0103 de p\u0103r creponat\u0103 Swiss'X Volumissima - SHOPATOA.COM","og_description":"Placa de p\u0103r creponat\u0103 este echipat\u0103 cu pl\u0103ci de form\u0103 unic\u0103 cu dou\u0103 valuri, garant\u00e2nd modele de valuri clar vizibile. \u00cen plus, tehnologia Adaptive Heat Control men\u021bine o temperatur\u0103 sigur\u0103 care v\u0103 protejeaz\u0103 p\u0103rul de c\u0103ldura excesiv\u0103. Caracteristici precum v\u00e2rfurile care nu se \u00eenc\u0103lzesc care protejeaz\u0103 \u00eempotriva arderii, acoperirea ceramic\u0103 cu turmalin\u0103 sau sistemul de...","og_url":"https:\/\/shopatoa.com\/ro\/valera-placa-de-par-creponata-swissx-volumissima-2\/","og_site_name":"SHOPATOA","article_modified_time":"2025-12-11T14:45:59+00:00","og_image":[{"width":800,"height":800,"url":"https:\/\/storage.googleapis.com\/cz-shopatoa-img\/ro\/c2fec973-unnamed-file.webp","type":"image\/webp"}],"twitter_card":"summary_large_image","schema":{"@context":"https:\/\/schema.org","@graph":[{"@type":"WebPage","@id":"https:\/\/shopatoa.com\/ro\/valera-placa-de-par-creponata-swissx-volumissima-2\/","url":"https:\/\/shopatoa.com\/ro\/valera-placa-de-par-creponata-swissx-volumissima-2\/","name":"Valera Plac\u0103 de p\u0103r creponat\u0103 Swiss'X Volumissima - SHOPATOA.COM","isPartOf":{"@id":"https:\/\/shopatoa.com\/ro\/#website"},"primaryImageOfPage":{"@id":"https:\/\/shopatoa.com\/ro\/valera-placa-de-par-creponata-swissx-volumissima-2\/#primaryimage"},"image":{"@id":"https:\/\/shopatoa.com\/ro\/valera-placa-de-par-creponata-swissx-volumissima-2\/#primaryimage"},"thumbnailUrl":"https:\/\/storage.googleapis.com\/cz-shopatoa-img\/ro\/c2fec973-unnamed-file.webp","datePublished":"2025-05-21T21:53:47+00:00","dateModified":"2025-12-11T14:45:59+00:00","breadcrumb":{"@id":"https:\/\/shopatoa.com\/ro\/valera-placa-de-par-creponata-swissx-volumissima-2\/#breadcrumb"},"inLanguage":"ro-RO","potentialAction":[{"@type":"ReadAction","target":["https:\/\/shopatoa.com\/ro\/valera-placa-de-par-creponata-swissx-volumissima-2\/"]}]},{"@type":"ImageObject","inLanguage":"ro-RO","@id":"https:\/\/shopatoa.com\/ro\/valera-placa-de-par-creponata-swissx-volumissima-2\/#primaryimage","url":"https:\/\/storage.googleapis.com\/cz-shopatoa-img\/ro\/c2fec973-unnamed-file.webp","contentUrl":"https:\/\/storage.googleapis.com\/cz-shopatoa-img\/ro\/c2fec973-unnamed-file.webp","width":800,"height":800},{"@type":"BreadcrumbList","@id":"https:\/\/shopatoa.com\/ro\/valera-placa-de-par-creponata-swissx-volumissima-2\/#breadcrumb","itemListElement":[{"@type":"ListItem","position":1,"name":"Dom\u016f","item":"https:\/\/shopatoa.com\/ro\/"},{"@type":"ListItem","position":2,"name":"Shop","item":"https:\/\/shopatoa.com\/ro\/shop\/"},{"@type":"ListItem","position":3,"name":"Cosmetice","item":"https:\/\/shopatoa.com\/ro\/cosmetice\/"},{"@type":"ListItem","position":4,"name":"Produse cosmetice pentru p\u0103r","item":"https:\/\/shopatoa.com\/ro\/produse-cosmetice-pentru-par\/"},{"@type":"ListItem","position":5,"name":"Produse, aparate \u0219i accesorii pentru p\u0103r","item":"https:\/\/shopatoa.com\/ro\/produse-aparate-si-accesorii-pentru-par\/"},{"@type":"ListItem","position":6,"name":"Pl\u0103ci de p\u0103r pentru creponare \u0219i netezire","item":"https:\/\/shopatoa.com\/ro\/placi-de-par-pentru-creponare-si-netezire\/"},{"@type":"ListItem","position":7,"name":"Valera Plac\u0103 de p\u0103r creponat\u0103 Swiss&#8217;X Volumissima"}]},{"@type":"WebSite","@id":"https:\/\/shopatoa.com\/ro\/#website","url":"https:\/\/shopatoa.com\/ro\/","name":"SHOPATOA","description":"","publisher":{"@id":"https:\/\/shopatoa.com\/ro\/#organization"},"potentialAction":[{"@type":"SearchAction","target":{"@type":"EntryPoint","urlTemplate":"https:\/\/shopatoa.com\/ro\/?s={search_term_string}"},"query-input":{"@type":"PropertyValueSpecification","valueRequired":true,"valueName":"search_term_string"}}],"inLanguage":"ro-RO"},{"@type":"Organization","@id":"https:\/\/shopatoa.com\/ro\/#organization","name":"SHOPATOA","url":"https:\/\/shopatoa.com\/ro\/","logo":{"@type":"ImageObject","inLanguage":"ro-RO","@id":"https:\/\/shopatoa.com\/ro\/#\/schema\/logo\/image\/","url":"https:\/\/storage.googleapis.com\/cz-shopatoa-img\/ro\/b4dac915-shopatoa_logo.png","contentUrl":"https:\/\/storage.googleapis.com\/cz-shopatoa-img\/ro\/b4dac915-shopatoa_logo.png","width":416,"height":63,"caption":"SHOPATOA"},"image":{"@id":"https:\/\/shopatoa.com\/ro\/#\/schema\/logo\/image\/"}}]}},"_links":{"self":[{"href":"https:\/\/shopatoa.com\/ro\/wp-json\/wp\/v2\/product\/367927","targetHints":{"allow":["GET"]}}],"collection":[{"href":"https:\/\/shopatoa.com\/ro\/wp-json\/wp\/v2\/product"}],"about":[{"href":"https:\/\/shopatoa.com\/ro\/wp-json\/wp\/v2\/types\/product"}],"replies":[{"embeddable":true,"href":"https:\/\/shopatoa.com\/ro\/wp-json\/wp\/v2\/comments?post=367927"}],"wp:featuredmedia":[{"embeddable":true,"href":"https:\/\/shopatoa.com\/ro\/wp-json\/wp\/v2\/media\/367928"}],"wp:attachment":[{"href":"https:\/\/shopatoa.com\/ro\/wp-json\/wp\/v2\/media?parent=367927"}],"wp:term":[{"taxonomy":"product_brand","embeddable":true,"href":"https:\/\/shopatoa.com\/ro\/wp-json\/wp\/v2\/product_brand?post=367927"},{"taxonomy":"product_cat","embeddable":true,"href":"https:\/\/shopatoa.com\/ro\/wp-json\/wp\/v2\/product_cat?post=367927"},{"taxonomy":"product_tag","embeddable":true,"href":"https:\/\/shopatoa.com\/ro\/wp-json\/wp\/v2\/product_tag?post=367927"}],"curies":[{"name":"wp","href":"https:\/\/api.w.org\/{rel}","templated":true}]}}