{"id":367931,"date":"2025-05-21T23:53:47","date_gmt":"2025-05-21T21:53:47","guid":{"rendered":"https:\/\/shopatoa.com\/ro\/silkn-placa-infrarosie-pentru-par-silkystraigh-2\/"},"modified":"2025-12-11T15:45:55","modified_gmt":"2025-12-11T14:45:55","slug":"silkn-placa-infrarosie-pentru-par-silkystraigh-2","status":"publish","type":"product","link":"https:\/\/shopatoa.com\/ro\/silkn-placa-infrarosie-pentru-par-silkystraigh-2\/","title":{"rendered":"Silk&#8217;n Plac\u0103 infraro\u0219ie pentru p\u0103r Silkystraigh"},"content":{"rendered":"<p>O plac\u0103 de \u00eendreptat p\u0103rul care v\u0103 va trata p\u0103rul u\u0219or \u0219i f\u0103r\u0103 a-l deteriora, a\u0219a cum este cazul pl\u0103cilor clasice de p\u0103r. SilkyStraight folose\u0219te tehnologia infraro\u0219u \u0219i elibereaz\u0103 ioni negativi pentru o mai bun\u0103 protec\u021bie a p\u0103rului, mai pu\u021bin \u00eencre\u021bit \u0219i mai pu\u021bin timp de coafare. Pl\u0103cile flexibile de titan plutitoare asigur\u0103 rezultate excelente pe toate tipurile de p\u0103r \u0219i datorit\u0103 afi\u0219ajului LED dinamic pute\u021bi vedea cu u\u0219urin\u021b\u0103 una dintre cele 12 temperaturi selectate. Tehnologie cu infraro\u0219u pentru timp de coafare mai scurt \u0219i o protec\u021bie mai bun\u0103 Pl\u0103ci din titan \u0219i plutitoare pentru \u00eengrijirea mai u\u0219oar\u0103 a tuturor tipurilor de p\u0103r Generator de ioni, care produce milioane de ioni Afi\u0219aj LED dinamic, 12 temperaturi \u0219i cablu lung de 3 metri Inclusiv carcasa de c\u0103l\u0103torie rezistent\u0103 la c\u0103ldur\u0103 Tehnologia infraro\u0219u SilkyStraight folose\u0219te tehnologia infraro\u0219ie \u0219i elibereaz\u0103 ioni negativi pentru o mai bun\u0103 protec\u021bie a calit\u0103\u021bii p\u0103rului, rezultate netede \u0219i mai pu\u021bin frizz. Folosind tehnologia infraro\u0219ie, p\u0103rul este \u00eenc\u0103lzit din interior, \u00een timp ce pl\u0103cile de titan ac\u021bioneaz\u0103 pe exteriorul p\u0103rului. Acest lucru asigur\u0103 coafarea la temperaturi mai sc\u0103zute, precum \u0219i timpul de coafare redus, ceea ce minimizeaz\u0103 deteriorarea p\u0103rului. \u00cen acela\u0219i timp, SilkyStraight elibereaz\u0103 ioni negativi, care \u00eenchid cuticulele p\u0103rului \u0219i ajut\u0103 la p\u0103strarea uleiurilor naturale din p\u0103r, bloc\u00e2nd astfel umezeala \u00een p\u0103r. Un instrument ideal pentru toate tipurile de p\u0103r, chiar \u0219i pentru p\u0103rul uscat sau deteriorat. tehnologie ionizat\u0103, Acest dispozitiv este echipat cu un generator de ioni care produce mai mult de 20.000.000 de ioni\/cm3 pentru a asigura o protec\u021bie mai mare, rezultate radiante \u0219i mai pu\u021bin\u0103 \u00eemcre\u021bire. Tehnologia ionic\u0103 va contribui foarte mult la controlul electricit\u0103\u021bii statice pe care l-a\u021bi c\u0103utat. Titan \u0219i pl\u0103ci plutitoare Aceast\u0103 plac\u0103 de \u00eendreptat p\u0103rul are pl\u0103ci de titan argintiu, care sunt de mare ajutor pentru coafarea p\u0103rului. Pl\u0103cile de titan asigur\u0103 \u00eenc\u0103lzirea rapid\u0103 \u0219i distribu\u021bia uniform\u0103 a c\u0103ldurii peste pl\u0103ci, astfel reduc\u00e2nd deteriorarea p\u0103rului. Este ideal pentru coafarea oric\u0103rui tip de p\u0103r, foarte sub\u021bire, cre\u021b sau \u0219i chiar foarte gros. Cu acest tip de pl\u0103ci, timpul de coafare este scurtat \u0219i ve\u021bi ob\u021bine rezultate str\u0103lucitoare \u0219i netede. De asemenea, datorit\u0103 marelui metal ionic, garanteaz\u0103 mai pu\u021bin\u0103 \u00eencre\u021bire \u0219i \u00eempr\u0103\u0219tiere a p\u0103rului. \u0218i datorit\u0103 pl\u0103cilor flexibile plutitoare, v\u0103 pute\u021bi \u00eendrepta \u0219i ondula p\u0103rul \u00een orice fel. Pl\u0103cile plutitoare folosesc arcuri care le fac flexibile \u0219i pot fi \u00eenclinate \u00een direc\u021bii diferite. Acestea v\u0103 vor asigura c\u0103 ve\u021bi putea \u00eendrepta \u0219i ondula p\u0103rul, men\u021bin\u00e2nd \u00een acela\u0219i timp tensiunea adecvat\u0103 \u00eentre pl\u0103cile necesare coafurii dorite. Temperatura ideal\u0103 doar pentru dvs. Ondulatorul este echipat cu un afi\u0219aj LED care v\u0103 va ar\u0103ta toate informa\u021biile necesare. SilkyStraight are 12 temperaturi diferite care pornesc de la 120 \u00b0C \u0219i ajung p\u00e2n\u0103 la 230 \u00b0C. Datorit\u0103 acestor numeroase op\u021biuni, pute\u021bi alege acum temperatura potrivit\u0103 tipului dvs. de p\u0103r. Acest dispozitiv are un timp de \u00eenc\u0103lzire foarte rapid p\u00e2n\u0103 la 180\u00baC, care este de numai 15 secunde. Acest lucru \u00eel face ideal pentru coafarea p\u0103rului \u00eentr-o clip\u0103. Stylingul nu a fost niciodat\u0103 at\u00e2t de u\u0219or SilkyStraight are beneficii mari, cum ar fi o func\u021bie de memorie care \u00ee\u0219i aminte\u0219te ultima temperatur\u0103 pe care a\u021bi ales-o \u0219i o func\u021bie de blocare, astfel \u00eenc\u00e2t s\u0103 nu v\u0103 face\u021bi griji niciodat\u0103 cu privire la schimbarea set\u0103rilor \u00een timpul coaf\u0103rii. Se opre\u0219te automat dup\u0103 45 de minute pentru siguran\u021ba dvs. Ondulatorul este echipat cu un cablu pivotant de 3 metri, care ofer\u0103 o mai mare libertate de mi\u0219care. Acest dispozitiv este foarte u\u0219or \u0219i folose\u0219te tensiune dubl\u0103 pentru utilizare la nivel mondial, ceea ce \u00eel face ideal pentru c\u0103l\u0103torii. \u00cen plus, SilkyStraight vine \u0219i cu o carcas\u0103 de c\u0103l\u0103torie rezistent\u0103 la c\u0103ldur\u0103, astfel \u00eenc\u00e2t s\u0103 o pute\u021bi lua peste tot f\u0103r\u0103 s\u0103 o freca\u021bi \u0219i poate fi folosit\u0103 ca tampon de depozitare \u00een timpul coaf\u0103rii.<\/p>\n","protected":false},"excerpt":{"rendered":"<p>O plac\u0103 de \u00eendreptat p\u0103rul care v\u0103 va trata p\u0103rul u\u0219or \u0219i f\u0103r\u0103 a-l deteriora, a\u0219a cum este cazul pl\u0103cilor clasice de p\u0103r. SilkyStraight folose\u0219te tehnologia infraro\u0219u \u0219i elibereaz\u0103 ioni negativi pentru o mai bun\u0103 protec\u021bie a p\u0103rului, mai pu\u021bin \u00eencre\u021bit \u0219i mai pu\u021bin timp de coafare. Pl\u0103cile flexibile de titan plutitoare asigur\u0103 rezultate excelente&#8230;<\/p>\n","protected":false},"featured_media":367932,"comment_status":"closed","ping_status":"open","template":"","meta":{"_acf_changed":false,"_kadence_starter_templates_imported_post":false,"_kad_post_transparent":"","_kad_post_title":"","_kad_post_layout":"","_kad_post_sidebar_id":"","_kad_post_content_style":"","_kad_post_vertical_padding":"","_kad_post_feature":"","_kad_post_feature_position":"","_kad_post_header":false,"_kad_post_footer":false,"_kad_post_classname":""},"product_brand":[959],"product_cat":[246,727,623,624],"product_tag":[],"class_list":{"0":"post-367931","1":"product","2":"type-product","3":"status-publish","4":"has-post-thumbnail","6":"product_brand-silkn","7":"product_cat-cosmetice","8":"product_cat-placa-pentru-par","9":"product_cat-produse-cosmetice-pentru-par","10":"product_cat-produse-aparate-si-accesorii-pentru-par","12":"first","13":"instock","14":"product-type-external","15":"entry","16":"content-bg","17":"loop-entry"},"acf":[],"yoast_head":"<!-- This site is optimized with the Yoast SEO plugin v27.4 - https:\/\/yoast.com\/product\/yoast-seo-wordpress\/ -->\n<title>Silk&#039;n Plac\u0103 infraro\u0219ie pentru p\u0103r Silkystraigh - SHOPATOA.COM<\/title>\n<meta name=\"robots\" content=\"index, follow, max-snippet:-1, max-image-preview:large, max-video-preview:-1\" \/>\n<link rel=\"canonical\" href=\"https:\/\/shopatoa.com\/ro\/silkn-placa-infrarosie-pentru-par-silkystraigh-2\/\" \/>\n<meta property=\"og:locale\" content=\"ro_RO\" \/>\n<meta property=\"og:type\" content=\"article\" \/>\n<meta property=\"og:title\" content=\"Silk&#039;n Plac\u0103 infraro\u0219ie pentru p\u0103r Silkystraigh - SHOPATOA.COM\" \/>\n<meta property=\"og:description\" content=\"O plac\u0103 de \u00eendreptat p\u0103rul care v\u0103 va trata p\u0103rul u\u0219or \u0219i f\u0103r\u0103 a-l deteriora, a\u0219a cum este cazul pl\u0103cilor clasice de p\u0103r. SilkyStraight folose\u0219te tehnologia infraro\u0219u \u0219i elibereaz\u0103 ioni negativi pentru o mai bun\u0103 protec\u021bie a p\u0103rului, mai pu\u021bin \u00eencre\u021bit \u0219i mai pu\u021bin timp de coafare. Pl\u0103cile flexibile de titan plutitoare asigur\u0103 rezultate excelente...\" \/>\n<meta property=\"og:url\" content=\"https:\/\/shopatoa.com\/ro\/silkn-placa-infrarosie-pentru-par-silkystraigh-2\/\" \/>\n<meta property=\"og:site_name\" content=\"SHOPATOA\" \/>\n<meta property=\"article:modified_time\" content=\"2025-12-11T14:45:55+00:00\" \/>\n<meta property=\"og:image\" content=\"https:\/\/storage.googleapis.com\/cz-shopatoa-img\/ro\/2fd13edc-unnamed-file.webp\" \/>\n\t<meta property=\"og:image:width\" content=\"800\" \/>\n\t<meta property=\"og:image:height\" content=\"800\" \/>\n\t<meta property=\"og:image:type\" content=\"image\/webp\" \/>\n<meta name=\"twitter:card\" content=\"summary_large_image\" \/>\n<meta name=\"twitter:label1\" content=\"Timp estimat pentru citire\" \/>\n\t<meta name=\"twitter:data1\" content=\"4 minute\" \/>\n<script type=\"application\/ld+json\" class=\"yoast-schema-graph\">{\"@context\":\"https:\\\/\\\/schema.org\",\"@graph\":[{\"@type\":\"WebPage\",\"@id\":\"https:\\\/\\\/shopatoa.com\\\/ro\\\/silkn-placa-infrarosie-pentru-par-silkystraigh-2\\\/\",\"url\":\"https:\\\/\\\/shopatoa.com\\\/ro\\\/silkn-placa-infrarosie-pentru-par-silkystraigh-2\\\/\",\"name\":\"Silk'n Plac\u0103 infraro\u0219ie pentru p\u0103r Silkystraigh - SHOPATOA.COM\",\"isPartOf\":{\"@id\":\"https:\\\/\\\/shopatoa.com\\\/ro\\\/#website\"},\"primaryImageOfPage\":{\"@id\":\"https:\\\/\\\/shopatoa.com\\\/ro\\\/silkn-placa-infrarosie-pentru-par-silkystraigh-2\\\/#primaryimage\"},\"image\":{\"@id\":\"https:\\\/\\\/shopatoa.com\\\/ro\\\/silkn-placa-infrarosie-pentru-par-silkystraigh-2\\\/#primaryimage\"},\"thumbnailUrl\":\"https:\\\/\\\/storage.googleapis.com\\\/cz-shopatoa-img\\\/ro\\\/2fd13edc-unnamed-file.webp\",\"datePublished\":\"2025-05-21T21:53:47+00:00\",\"dateModified\":\"2025-12-11T14:45:55+00:00\",\"breadcrumb\":{\"@id\":\"https:\\\/\\\/shopatoa.com\\\/ro\\\/silkn-placa-infrarosie-pentru-par-silkystraigh-2\\\/#breadcrumb\"},\"inLanguage\":\"ro-RO\",\"potentialAction\":[{\"@type\":\"ReadAction\",\"target\":[\"https:\\\/\\\/shopatoa.com\\\/ro\\\/silkn-placa-infrarosie-pentru-par-silkystraigh-2\\\/\"]}]},{\"@type\":\"ImageObject\",\"inLanguage\":\"ro-RO\",\"@id\":\"https:\\\/\\\/shopatoa.com\\\/ro\\\/silkn-placa-infrarosie-pentru-par-silkystraigh-2\\\/#primaryimage\",\"url\":\"https:\\\/\\\/storage.googleapis.com\\\/cz-shopatoa-img\\\/ro\\\/2fd13edc-unnamed-file.webp\",\"contentUrl\":\"https:\\\/\\\/storage.googleapis.com\\\/cz-shopatoa-img\\\/ro\\\/2fd13edc-unnamed-file.webp\",\"width\":800,\"height\":800},{\"@type\":\"BreadcrumbList\",\"@id\":\"https:\\\/\\\/shopatoa.com\\\/ro\\\/silkn-placa-infrarosie-pentru-par-silkystraigh-2\\\/#breadcrumb\",\"itemListElement\":[{\"@type\":\"ListItem\",\"position\":1,\"name\":\"Dom\u016f\",\"item\":\"https:\\\/\\\/shopatoa.com\\\/ro\\\/\"},{\"@type\":\"ListItem\",\"position\":2,\"name\":\"Shop\",\"item\":\"https:\\\/\\\/shopatoa.com\\\/ro\\\/shop\\\/\"},{\"@type\":\"ListItem\",\"position\":3,\"name\":\"Cosmetice\",\"item\":\"https:\\\/\\\/shopatoa.com\\\/ro\\\/cosmetice\\\/\"},{\"@type\":\"ListItem\",\"position\":4,\"name\":\"Produse cosmetice pentru p\u0103r\",\"item\":\"https:\\\/\\\/shopatoa.com\\\/ro\\\/produse-cosmetice-pentru-par\\\/\"},{\"@type\":\"ListItem\",\"position\":5,\"name\":\"Produse, aparate \u0219i accesorii pentru p\u0103r\",\"item\":\"https:\\\/\\\/shopatoa.com\\\/ro\\\/produse-aparate-si-accesorii-pentru-par\\\/\"},{\"@type\":\"ListItem\",\"position\":6,\"name\":\"Plac\u0103 pentru p\u0103r\",\"item\":\"https:\\\/\\\/shopatoa.com\\\/ro\\\/placa-pentru-par\\\/\"},{\"@type\":\"ListItem\",\"position\":7,\"name\":\"Silk&#8217;n Plac\u0103 infraro\u0219ie pentru p\u0103r Silkystraigh\"}]},{\"@type\":\"WebSite\",\"@id\":\"https:\\\/\\\/shopatoa.com\\\/ro\\\/#website\",\"url\":\"https:\\\/\\\/shopatoa.com\\\/ro\\\/\",\"name\":\"SHOPATOA\",\"description\":\"\",\"publisher\":{\"@id\":\"https:\\\/\\\/shopatoa.com\\\/ro\\\/#organization\"},\"potentialAction\":[{\"@type\":\"SearchAction\",\"target\":{\"@type\":\"EntryPoint\",\"urlTemplate\":\"https:\\\/\\\/shopatoa.com\\\/ro\\\/?s={search_term_string}\"},\"query-input\":{\"@type\":\"PropertyValueSpecification\",\"valueRequired\":true,\"valueName\":\"search_term_string\"}}],\"inLanguage\":\"ro-RO\"},{\"@type\":\"Organization\",\"@id\":\"https:\\\/\\\/shopatoa.com\\\/ro\\\/#organization\",\"name\":\"SHOPATOA\",\"url\":\"https:\\\/\\\/shopatoa.com\\\/ro\\\/\",\"logo\":{\"@type\":\"ImageObject\",\"inLanguage\":\"ro-RO\",\"@id\":\"https:\\\/\\\/shopatoa.com\\\/ro\\\/#\\\/schema\\\/logo\\\/image\\\/\",\"url\":\"https:\\\/\\\/storage.googleapis.com\\\/cz-shopatoa-img\\\/ro\\\/b4dac915-shopatoa_logo.png\",\"contentUrl\":\"https:\\\/\\\/storage.googleapis.com\\\/cz-shopatoa-img\\\/ro\\\/b4dac915-shopatoa_logo.png\",\"width\":416,\"height\":63,\"caption\":\"SHOPATOA\"},\"image\":{\"@id\":\"https:\\\/\\\/shopatoa.com\\\/ro\\\/#\\\/schema\\\/logo\\\/image\\\/\"}}]}<\/script>\n<!-- \/ Yoast SEO plugin. -->","yoast_head_json":{"title":"Silk'n Plac\u0103 infraro\u0219ie pentru p\u0103r Silkystraigh - SHOPATOA.COM","robots":{"index":"index","follow":"follow","max-snippet":"max-snippet:-1","max-image-preview":"max-image-preview:large","max-video-preview":"max-video-preview:-1"},"canonical":"https:\/\/shopatoa.com\/ro\/silkn-placa-infrarosie-pentru-par-silkystraigh-2\/","og_locale":"ro_RO","og_type":"article","og_title":"Silk'n Plac\u0103 infraro\u0219ie pentru p\u0103r Silkystraigh - SHOPATOA.COM","og_description":"O plac\u0103 de \u00eendreptat p\u0103rul care v\u0103 va trata p\u0103rul u\u0219or \u0219i f\u0103r\u0103 a-l deteriora, a\u0219a cum este cazul pl\u0103cilor clasice de p\u0103r. SilkyStraight folose\u0219te tehnologia infraro\u0219u \u0219i elibereaz\u0103 ioni negativi pentru o mai bun\u0103 protec\u021bie a p\u0103rului, mai pu\u021bin \u00eencre\u021bit \u0219i mai pu\u021bin timp de coafare. Pl\u0103cile flexibile de titan plutitoare asigur\u0103 rezultate excelente...","og_url":"https:\/\/shopatoa.com\/ro\/silkn-placa-infrarosie-pentru-par-silkystraigh-2\/","og_site_name":"SHOPATOA","article_modified_time":"2025-12-11T14:45:55+00:00","og_image":[{"width":800,"height":800,"url":"https:\/\/storage.googleapis.com\/cz-shopatoa-img\/ro\/2fd13edc-unnamed-file.webp","type":"image\/webp"}],"twitter_card":"summary_large_image","twitter_misc":{"Timp estimat pentru citire":"4 minute"},"schema":{"@context":"https:\/\/schema.org","@graph":[{"@type":"WebPage","@id":"https:\/\/shopatoa.com\/ro\/silkn-placa-infrarosie-pentru-par-silkystraigh-2\/","url":"https:\/\/shopatoa.com\/ro\/silkn-placa-infrarosie-pentru-par-silkystraigh-2\/","name":"Silk'n Plac\u0103 infraro\u0219ie pentru p\u0103r Silkystraigh - SHOPATOA.COM","isPartOf":{"@id":"https:\/\/shopatoa.com\/ro\/#website"},"primaryImageOfPage":{"@id":"https:\/\/shopatoa.com\/ro\/silkn-placa-infrarosie-pentru-par-silkystraigh-2\/#primaryimage"},"image":{"@id":"https:\/\/shopatoa.com\/ro\/silkn-placa-infrarosie-pentru-par-silkystraigh-2\/#primaryimage"},"thumbnailUrl":"https:\/\/storage.googleapis.com\/cz-shopatoa-img\/ro\/2fd13edc-unnamed-file.webp","datePublished":"2025-05-21T21:53:47+00:00","dateModified":"2025-12-11T14:45:55+00:00","breadcrumb":{"@id":"https:\/\/shopatoa.com\/ro\/silkn-placa-infrarosie-pentru-par-silkystraigh-2\/#breadcrumb"},"inLanguage":"ro-RO","potentialAction":[{"@type":"ReadAction","target":["https:\/\/shopatoa.com\/ro\/silkn-placa-infrarosie-pentru-par-silkystraigh-2\/"]}]},{"@type":"ImageObject","inLanguage":"ro-RO","@id":"https:\/\/shopatoa.com\/ro\/silkn-placa-infrarosie-pentru-par-silkystraigh-2\/#primaryimage","url":"https:\/\/storage.googleapis.com\/cz-shopatoa-img\/ro\/2fd13edc-unnamed-file.webp","contentUrl":"https:\/\/storage.googleapis.com\/cz-shopatoa-img\/ro\/2fd13edc-unnamed-file.webp","width":800,"height":800},{"@type":"BreadcrumbList","@id":"https:\/\/shopatoa.com\/ro\/silkn-placa-infrarosie-pentru-par-silkystraigh-2\/#breadcrumb","itemListElement":[{"@type":"ListItem","position":1,"name":"Dom\u016f","item":"https:\/\/shopatoa.com\/ro\/"},{"@type":"ListItem","position":2,"name":"Shop","item":"https:\/\/shopatoa.com\/ro\/shop\/"},{"@type":"ListItem","position":3,"name":"Cosmetice","item":"https:\/\/shopatoa.com\/ro\/cosmetice\/"},{"@type":"ListItem","position":4,"name":"Produse cosmetice pentru p\u0103r","item":"https:\/\/shopatoa.com\/ro\/produse-cosmetice-pentru-par\/"},{"@type":"ListItem","position":5,"name":"Produse, aparate \u0219i accesorii pentru p\u0103r","item":"https:\/\/shopatoa.com\/ro\/produse-aparate-si-accesorii-pentru-par\/"},{"@type":"ListItem","position":6,"name":"Plac\u0103 pentru p\u0103r","item":"https:\/\/shopatoa.com\/ro\/placa-pentru-par\/"},{"@type":"ListItem","position":7,"name":"Silk&#8217;n Plac\u0103 infraro\u0219ie pentru p\u0103r Silkystraigh"}]},{"@type":"WebSite","@id":"https:\/\/shopatoa.com\/ro\/#website","url":"https:\/\/shopatoa.com\/ro\/","name":"SHOPATOA","description":"","publisher":{"@id":"https:\/\/shopatoa.com\/ro\/#organization"},"potentialAction":[{"@type":"SearchAction","target":{"@type":"EntryPoint","urlTemplate":"https:\/\/shopatoa.com\/ro\/?s={search_term_string}"},"query-input":{"@type":"PropertyValueSpecification","valueRequired":true,"valueName":"search_term_string"}}],"inLanguage":"ro-RO"},{"@type":"Organization","@id":"https:\/\/shopatoa.com\/ro\/#organization","name":"SHOPATOA","url":"https:\/\/shopatoa.com\/ro\/","logo":{"@type":"ImageObject","inLanguage":"ro-RO","@id":"https:\/\/shopatoa.com\/ro\/#\/schema\/logo\/image\/","url":"https:\/\/storage.googleapis.com\/cz-shopatoa-img\/ro\/b4dac915-shopatoa_logo.png","contentUrl":"https:\/\/storage.googleapis.com\/cz-shopatoa-img\/ro\/b4dac915-shopatoa_logo.png","width":416,"height":63,"caption":"SHOPATOA"},"image":{"@id":"https:\/\/shopatoa.com\/ro\/#\/schema\/logo\/image\/"}}]}},"_links":{"self":[{"href":"https:\/\/shopatoa.com\/ro\/wp-json\/wp\/v2\/product\/367931","targetHints":{"allow":["GET"]}}],"collection":[{"href":"https:\/\/shopatoa.com\/ro\/wp-json\/wp\/v2\/product"}],"about":[{"href":"https:\/\/shopatoa.com\/ro\/wp-json\/wp\/v2\/types\/product"}],"replies":[{"embeddable":true,"href":"https:\/\/shopatoa.com\/ro\/wp-json\/wp\/v2\/comments?post=367931"}],"wp:featuredmedia":[{"embeddable":true,"href":"https:\/\/shopatoa.com\/ro\/wp-json\/wp\/v2\/media\/367932"}],"wp:attachment":[{"href":"https:\/\/shopatoa.com\/ro\/wp-json\/wp\/v2\/media?parent=367931"}],"wp:term":[{"taxonomy":"product_brand","embeddable":true,"href":"https:\/\/shopatoa.com\/ro\/wp-json\/wp\/v2\/product_brand?post=367931"},{"taxonomy":"product_cat","embeddable":true,"href":"https:\/\/shopatoa.com\/ro\/wp-json\/wp\/v2\/product_cat?post=367931"},{"taxonomy":"product_tag","embeddable":true,"href":"https:\/\/shopatoa.com\/ro\/wp-json\/wp\/v2\/product_tag?post=367931"}],"curies":[{"name":"wp","href":"https:\/\/api.w.org\/{rel}","templated":true}]}}