{"id":368397,"date":"2025-05-22T00:12:27","date_gmt":"2025-05-21T22:12:27","guid":{"rendered":"https:\/\/shopatoa.com\/ro\/dr-hauschka-pudra-compacta-00-translucent-compact-powder-8-g-2\/"},"modified":"2025-12-11T12:32:29","modified_gmt":"2025-12-11T11:32:29","slug":"dr-hauschka-pudra-compacta-00-translucent-compact-powder-8-g-2","status":"publish","type":"product","link":"https:\/\/shopatoa.com\/ro\/dr-hauschka-pudra-compacta-00-translucent-compact-powder-8-g-2\/","title":{"rendered":"Dr. Hauschka Pudr\u0103 compact\u0103 00 Translucent (Compact Powder) 8 g"},"content":{"rendered":"<p>Datorit\u0103 consisten\u021bei sale u\u0219oare \u0219i m\u0103t\u0103soase \u0219i con\u021binutului ridicat de extracte de flori de trandafir, pudra compact\u0103 se caracterizeaz\u0103 prin tolerabilitatea sa excep\u021bional\u0103 \u0219i este potrivit\u0103 \u0219i pentru pielea foarte sensibil\u0103. Se adapteaz\u0103 perfect nuan\u021bei de culoare a pielii \u0219i men\u021bine pielea proasp\u0103t\u0103 \u0219i hidratat\u0103. Pudra compact\u0103 practic\u0103 permite ajustarea rapid\u0103 a pielii sau matifierea p\u0103r\u021bilor str\u0103lucitoare ale fe\u021bei ori de c\u00e2te ori este necesar.<\/p>\n","protected":false},"excerpt":{"rendered":"<p>Datorit\u0103 consisten\u021bei sale u\u0219oare \u0219i m\u0103t\u0103soase \u0219i con\u021binutului ridicat de extracte de flori de trandafir, pudra compact\u0103 se caracterizeaz\u0103 prin tolerabilitatea sa excep\u021bional\u0103 \u0219i este potrivit\u0103 \u0219i pentru pielea foarte sensibil\u0103. Se adapteaz\u0103 perfect nuan\u021bei de culoare a pielii \u0219i men\u021bine pielea proasp\u0103t\u0103 \u0219i hidratat\u0103. Pudra compact\u0103 practic\u0103 permite ajustarea rapid\u0103 a pielii sau matifierea&#8230;<\/p>\n","protected":false},"featured_media":368398,"comment_status":"closed","ping_status":"open","template":"","meta":{"_acf_changed":false,"_kadence_starter_templates_imported_post":false,"_kad_post_transparent":"","_kad_post_title":"","_kad_post_layout":"","_kad_post_sidebar_id":"","_kad_post_content_style":"","_kad_post_vertical_padding":"","_kad_post_feature":"","_kad_post_feature_position":"","_kad_post_header":false,"_kad_post_footer":false,"_kad_post_classname":""},"product_brand":[421],"product_cat":[246,609,616,683],"product_tag":[],"class_list":{"0":"post-368397","1":"product","2":"type-product","3":"status-publish","4":"has-post-thumbnail","6":"product_brand-dr-hauschka","7":"product_cat-cosmetice","8":"product_cat-cosmetice-decorative","9":"product_cat-machiaj-pentru-fata","10":"product_cat-pudra","12":"first","13":"instock","14":"product-type-external","15":"entry","16":"content-bg","17":"loop-entry"},"acf":[],"yoast_head":"<!-- This site is optimized with the Yoast SEO plugin v27.3 - https:\/\/yoast.com\/product\/yoast-seo-wordpress\/ -->\n<title>Dr. Hauschka Pudr\u0103 compact\u0103 00 Translucent (Compact Powder) 8 g - SHOPATOA.COM<\/title>\n<meta name=\"robots\" content=\"index, follow, max-snippet:-1, max-image-preview:large, max-video-preview:-1\" \/>\n<link rel=\"canonical\" href=\"https:\/\/shopatoa.com\/ro\/dr-hauschka-pudra-compacta-00-translucent-compact-powder-8-g-2\/\" \/>\n<meta property=\"og:locale\" content=\"ro_RO\" \/>\n<meta property=\"og:type\" content=\"article\" \/>\n<meta property=\"og:title\" content=\"Dr. Hauschka Pudr\u0103 compact\u0103 00 Translucent (Compact Powder) 8 g - SHOPATOA.COM\" \/>\n<meta property=\"og:description\" content=\"Datorit\u0103 consisten\u021bei sale u\u0219oare \u0219i m\u0103t\u0103soase \u0219i con\u021binutului ridicat de extracte de flori de trandafir, pudra compact\u0103 se caracterizeaz\u0103 prin tolerabilitatea sa excep\u021bional\u0103 \u0219i este potrivit\u0103 \u0219i pentru pielea foarte sensibil\u0103. Se adapteaz\u0103 perfect nuan\u021bei de culoare a pielii \u0219i men\u021bine pielea proasp\u0103t\u0103 \u0219i hidratat\u0103. Pudra compact\u0103 practic\u0103 permite ajustarea rapid\u0103 a pielii sau matifierea...\" \/>\n<meta property=\"og:url\" content=\"https:\/\/shopatoa.com\/ro\/dr-hauschka-pudra-compacta-00-translucent-compact-powder-8-g-2\/\" \/>\n<meta property=\"og:site_name\" content=\"SHOPATOA\" \/>\n<meta property=\"article:modified_time\" content=\"2025-12-11T11:32:29+00:00\" \/>\n<meta property=\"og:image\" content=\"https:\/\/storage.googleapis.com\/cz-shopatoa-img\/ro\/f528c393-unnamed-file.webp\" \/>\n\t<meta property=\"og:image:width\" content=\"800\" \/>\n\t<meta property=\"og:image:height\" content=\"800\" \/>\n\t<meta property=\"og:image:type\" content=\"image\/webp\" \/>\n<meta name=\"twitter:card\" content=\"summary_large_image\" \/>\n<script type=\"application\/ld+json\" class=\"yoast-schema-graph\">{\"@context\":\"https:\\\/\\\/schema.org\",\"@graph\":[{\"@type\":\"WebPage\",\"@id\":\"https:\\\/\\\/shopatoa.com\\\/ro\\\/dr-hauschka-pudra-compacta-00-translucent-compact-powder-8-g-2\\\/\",\"url\":\"https:\\\/\\\/shopatoa.com\\\/ro\\\/dr-hauschka-pudra-compacta-00-translucent-compact-powder-8-g-2\\\/\",\"name\":\"Dr. Hauschka Pudr\u0103 compact\u0103 00 Translucent (Compact Powder) 8 g - SHOPATOA.COM\",\"isPartOf\":{\"@id\":\"https:\\\/\\\/shopatoa.com\\\/ro\\\/#website\"},\"primaryImageOfPage\":{\"@id\":\"https:\\\/\\\/shopatoa.com\\\/ro\\\/dr-hauschka-pudra-compacta-00-translucent-compact-powder-8-g-2\\\/#primaryimage\"},\"image\":{\"@id\":\"https:\\\/\\\/shopatoa.com\\\/ro\\\/dr-hauschka-pudra-compacta-00-translucent-compact-powder-8-g-2\\\/#primaryimage\"},\"thumbnailUrl\":\"https:\\\/\\\/storage.googleapis.com\\\/cz-shopatoa-img\\\/ro\\\/f528c393-unnamed-file.webp\",\"datePublished\":\"2025-05-21T22:12:27+00:00\",\"dateModified\":\"2025-12-11T11:32:29+00:00\",\"breadcrumb\":{\"@id\":\"https:\\\/\\\/shopatoa.com\\\/ro\\\/dr-hauschka-pudra-compacta-00-translucent-compact-powder-8-g-2\\\/#breadcrumb\"},\"inLanguage\":\"ro-RO\",\"potentialAction\":[{\"@type\":\"ReadAction\",\"target\":[\"https:\\\/\\\/shopatoa.com\\\/ro\\\/dr-hauschka-pudra-compacta-00-translucent-compact-powder-8-g-2\\\/\"]}]},{\"@type\":\"ImageObject\",\"inLanguage\":\"ro-RO\",\"@id\":\"https:\\\/\\\/shopatoa.com\\\/ro\\\/dr-hauschka-pudra-compacta-00-translucent-compact-powder-8-g-2\\\/#primaryimage\",\"url\":\"https:\\\/\\\/storage.googleapis.com\\\/cz-shopatoa-img\\\/ro\\\/f528c393-unnamed-file.webp\",\"contentUrl\":\"https:\\\/\\\/storage.googleapis.com\\\/cz-shopatoa-img\\\/ro\\\/f528c393-unnamed-file.webp\",\"width\":800,\"height\":800},{\"@type\":\"BreadcrumbList\",\"@id\":\"https:\\\/\\\/shopatoa.com\\\/ro\\\/dr-hauschka-pudra-compacta-00-translucent-compact-powder-8-g-2\\\/#breadcrumb\",\"itemListElement\":[{\"@type\":\"ListItem\",\"position\":1,\"name\":\"Dom\u016f\",\"item\":\"https:\\\/\\\/shopatoa.com\\\/ro\\\/\"},{\"@type\":\"ListItem\",\"position\":2,\"name\":\"Shop\",\"item\":\"https:\\\/\\\/shopatoa.com\\\/ro\\\/shop\\\/\"},{\"@type\":\"ListItem\",\"position\":3,\"name\":\"Cosmetice\",\"item\":\"https:\\\/\\\/shopatoa.com\\\/ro\\\/cosmetice\\\/\"},{\"@type\":\"ListItem\",\"position\":4,\"name\":\"Cosmetice decorative\",\"item\":\"https:\\\/\\\/shopatoa.com\\\/ro\\\/cosmetice-decorative\\\/\"},{\"@type\":\"ListItem\",\"position\":5,\"name\":\"Machiaj pentru fa\u021ba\",\"item\":\"https:\\\/\\\/shopatoa.com\\\/ro\\\/machiaj-pentru-fata\\\/\"},{\"@type\":\"ListItem\",\"position\":6,\"name\":\"Pudr\u0103\",\"item\":\"https:\\\/\\\/shopatoa.com\\\/ro\\\/pudra\\\/\"},{\"@type\":\"ListItem\",\"position\":7,\"name\":\"Dr. Hauschka Pudr\u0103 compact\u0103 00 Translucent (Compact Powder) 8 g\"}]},{\"@type\":\"WebSite\",\"@id\":\"https:\\\/\\\/shopatoa.com\\\/ro\\\/#website\",\"url\":\"https:\\\/\\\/shopatoa.com\\\/ro\\\/\",\"name\":\"SHOPATOA\",\"description\":\"\",\"publisher\":{\"@id\":\"https:\\\/\\\/shopatoa.com\\\/ro\\\/#organization\"},\"potentialAction\":[{\"@type\":\"SearchAction\",\"target\":{\"@type\":\"EntryPoint\",\"urlTemplate\":\"https:\\\/\\\/shopatoa.com\\\/ro\\\/?s={search_term_string}\"},\"query-input\":{\"@type\":\"PropertyValueSpecification\",\"valueRequired\":true,\"valueName\":\"search_term_string\"}}],\"inLanguage\":\"ro-RO\"},{\"@type\":\"Organization\",\"@id\":\"https:\\\/\\\/shopatoa.com\\\/ro\\\/#organization\",\"name\":\"SHOPATOA\",\"url\":\"https:\\\/\\\/shopatoa.com\\\/ro\\\/\",\"logo\":{\"@type\":\"ImageObject\",\"inLanguage\":\"ro-RO\",\"@id\":\"https:\\\/\\\/shopatoa.com\\\/ro\\\/#\\\/schema\\\/logo\\\/image\\\/\",\"url\":\"https:\\\/\\\/storage.googleapis.com\\\/cz-shopatoa-img\\\/ro\\\/b4dac915-shopatoa_logo.png\",\"contentUrl\":\"https:\\\/\\\/storage.googleapis.com\\\/cz-shopatoa-img\\\/ro\\\/b4dac915-shopatoa_logo.png\",\"width\":416,\"height\":63,\"caption\":\"SHOPATOA\"},\"image\":{\"@id\":\"https:\\\/\\\/shopatoa.com\\\/ro\\\/#\\\/schema\\\/logo\\\/image\\\/\"}}]}<\/script>\n<!-- \/ Yoast SEO plugin. -->","yoast_head_json":{"title":"Dr. Hauschka Pudr\u0103 compact\u0103 00 Translucent (Compact Powder) 8 g - SHOPATOA.COM","robots":{"index":"index","follow":"follow","max-snippet":"max-snippet:-1","max-image-preview":"max-image-preview:large","max-video-preview":"max-video-preview:-1"},"canonical":"https:\/\/shopatoa.com\/ro\/dr-hauschka-pudra-compacta-00-translucent-compact-powder-8-g-2\/","og_locale":"ro_RO","og_type":"article","og_title":"Dr. Hauschka Pudr\u0103 compact\u0103 00 Translucent (Compact Powder) 8 g - SHOPATOA.COM","og_description":"Datorit\u0103 consisten\u021bei sale u\u0219oare \u0219i m\u0103t\u0103soase \u0219i con\u021binutului ridicat de extracte de flori de trandafir, pudra compact\u0103 se caracterizeaz\u0103 prin tolerabilitatea sa excep\u021bional\u0103 \u0219i este potrivit\u0103 \u0219i pentru pielea foarte sensibil\u0103. Se adapteaz\u0103 perfect nuan\u021bei de culoare a pielii \u0219i men\u021bine pielea proasp\u0103t\u0103 \u0219i hidratat\u0103. Pudra compact\u0103 practic\u0103 permite ajustarea rapid\u0103 a pielii sau matifierea...","og_url":"https:\/\/shopatoa.com\/ro\/dr-hauschka-pudra-compacta-00-translucent-compact-powder-8-g-2\/","og_site_name":"SHOPATOA","article_modified_time":"2025-12-11T11:32:29+00:00","og_image":[{"width":800,"height":800,"url":"https:\/\/storage.googleapis.com\/cz-shopatoa-img\/ro\/f528c393-unnamed-file.webp","type":"image\/webp"}],"twitter_card":"summary_large_image","schema":{"@context":"https:\/\/schema.org","@graph":[{"@type":"WebPage","@id":"https:\/\/shopatoa.com\/ro\/dr-hauschka-pudra-compacta-00-translucent-compact-powder-8-g-2\/","url":"https:\/\/shopatoa.com\/ro\/dr-hauschka-pudra-compacta-00-translucent-compact-powder-8-g-2\/","name":"Dr. Hauschka Pudr\u0103 compact\u0103 00 Translucent (Compact Powder) 8 g - SHOPATOA.COM","isPartOf":{"@id":"https:\/\/shopatoa.com\/ro\/#website"},"primaryImageOfPage":{"@id":"https:\/\/shopatoa.com\/ro\/dr-hauschka-pudra-compacta-00-translucent-compact-powder-8-g-2\/#primaryimage"},"image":{"@id":"https:\/\/shopatoa.com\/ro\/dr-hauschka-pudra-compacta-00-translucent-compact-powder-8-g-2\/#primaryimage"},"thumbnailUrl":"https:\/\/storage.googleapis.com\/cz-shopatoa-img\/ro\/f528c393-unnamed-file.webp","datePublished":"2025-05-21T22:12:27+00:00","dateModified":"2025-12-11T11:32:29+00:00","breadcrumb":{"@id":"https:\/\/shopatoa.com\/ro\/dr-hauschka-pudra-compacta-00-translucent-compact-powder-8-g-2\/#breadcrumb"},"inLanguage":"ro-RO","potentialAction":[{"@type":"ReadAction","target":["https:\/\/shopatoa.com\/ro\/dr-hauschka-pudra-compacta-00-translucent-compact-powder-8-g-2\/"]}]},{"@type":"ImageObject","inLanguage":"ro-RO","@id":"https:\/\/shopatoa.com\/ro\/dr-hauschka-pudra-compacta-00-translucent-compact-powder-8-g-2\/#primaryimage","url":"https:\/\/storage.googleapis.com\/cz-shopatoa-img\/ro\/f528c393-unnamed-file.webp","contentUrl":"https:\/\/storage.googleapis.com\/cz-shopatoa-img\/ro\/f528c393-unnamed-file.webp","width":800,"height":800},{"@type":"BreadcrumbList","@id":"https:\/\/shopatoa.com\/ro\/dr-hauschka-pudra-compacta-00-translucent-compact-powder-8-g-2\/#breadcrumb","itemListElement":[{"@type":"ListItem","position":1,"name":"Dom\u016f","item":"https:\/\/shopatoa.com\/ro\/"},{"@type":"ListItem","position":2,"name":"Shop","item":"https:\/\/shopatoa.com\/ro\/shop\/"},{"@type":"ListItem","position":3,"name":"Cosmetice","item":"https:\/\/shopatoa.com\/ro\/cosmetice\/"},{"@type":"ListItem","position":4,"name":"Cosmetice decorative","item":"https:\/\/shopatoa.com\/ro\/cosmetice-decorative\/"},{"@type":"ListItem","position":5,"name":"Machiaj pentru fa\u021ba","item":"https:\/\/shopatoa.com\/ro\/machiaj-pentru-fata\/"},{"@type":"ListItem","position":6,"name":"Pudr\u0103","item":"https:\/\/shopatoa.com\/ro\/pudra\/"},{"@type":"ListItem","position":7,"name":"Dr. Hauschka Pudr\u0103 compact\u0103 00 Translucent (Compact Powder) 8 g"}]},{"@type":"WebSite","@id":"https:\/\/shopatoa.com\/ro\/#website","url":"https:\/\/shopatoa.com\/ro\/","name":"SHOPATOA","description":"","publisher":{"@id":"https:\/\/shopatoa.com\/ro\/#organization"},"potentialAction":[{"@type":"SearchAction","target":{"@type":"EntryPoint","urlTemplate":"https:\/\/shopatoa.com\/ro\/?s={search_term_string}"},"query-input":{"@type":"PropertyValueSpecification","valueRequired":true,"valueName":"search_term_string"}}],"inLanguage":"ro-RO"},{"@type":"Organization","@id":"https:\/\/shopatoa.com\/ro\/#organization","name":"SHOPATOA","url":"https:\/\/shopatoa.com\/ro\/","logo":{"@type":"ImageObject","inLanguage":"ro-RO","@id":"https:\/\/shopatoa.com\/ro\/#\/schema\/logo\/image\/","url":"https:\/\/storage.googleapis.com\/cz-shopatoa-img\/ro\/b4dac915-shopatoa_logo.png","contentUrl":"https:\/\/storage.googleapis.com\/cz-shopatoa-img\/ro\/b4dac915-shopatoa_logo.png","width":416,"height":63,"caption":"SHOPATOA"},"image":{"@id":"https:\/\/shopatoa.com\/ro\/#\/schema\/logo\/image\/"}}]}},"_links":{"self":[{"href":"https:\/\/shopatoa.com\/ro\/wp-json\/wp\/v2\/product\/368397","targetHints":{"allow":["GET"]}}],"collection":[{"href":"https:\/\/shopatoa.com\/ro\/wp-json\/wp\/v2\/product"}],"about":[{"href":"https:\/\/shopatoa.com\/ro\/wp-json\/wp\/v2\/types\/product"}],"replies":[{"embeddable":true,"href":"https:\/\/shopatoa.com\/ro\/wp-json\/wp\/v2\/comments?post=368397"}],"wp:featuredmedia":[{"embeddable":true,"href":"https:\/\/shopatoa.com\/ro\/wp-json\/wp\/v2\/media\/368398"}],"wp:attachment":[{"href":"https:\/\/shopatoa.com\/ro\/wp-json\/wp\/v2\/media?parent=368397"}],"wp:term":[{"taxonomy":"product_brand","embeddable":true,"href":"https:\/\/shopatoa.com\/ro\/wp-json\/wp\/v2\/product_brand?post=368397"},{"taxonomy":"product_cat","embeddable":true,"href":"https:\/\/shopatoa.com\/ro\/wp-json\/wp\/v2\/product_cat?post=368397"},{"taxonomy":"product_tag","embeddable":true,"href":"https:\/\/shopatoa.com\/ro\/wp-json\/wp\/v2\/product_tag?post=368397"}],"curies":[{"name":"wp","href":"https:\/\/api.w.org\/{rel}","templated":true}]}}