{"id":368401,"date":"2025-05-22T00:12:27","date_gmt":"2025-05-21T22:12:27","guid":{"rendered":"https:\/\/shopatoa.com\/ro\/my-white-secret-spuma-corector-pentru-albirea-dintilor-v34-teeth-whitening-foam-50-ml-2\/"},"modified":"2025-12-11T12:32:21","modified_gmt":"2025-12-11T11:32:21","slug":"my-white-secret-spuma-corector-pentru-albirea-dintilor-v34-teeth-whitening-foam-50-ml-2","status":"publish","type":"product","link":"https:\/\/shopatoa.com\/ro\/my-white-secret-spuma-corector-pentru-albirea-dintilor-v34-teeth-whitening-foam-50-ml-2\/","title":{"rendered":"My White Secret Spum\u0103 corector pentru albirea din\u021bilor V34 (Teeth Whitening Foam) 50 ml"},"content":{"rendered":"<p>Corectorul dentar My White Secret neutralizeaz\u0103 nuan\u021bele galbene \u0219i m\u0103re\u0219te luminozitatea din\u021bilor. Este un tratament de albire non-invaziv, bl\u00e2nd \u0219i eficient. Utilizarea sa este simpl\u0103 \u0219i rapid\u0103, cu rezultate vizibile. Spuma con\u021bine \u0219i xilitol, care este un \u00eendulcitor natural ob\u021binut \u00een principal din scoar\u021ba \u0219i pulpa mesteac\u0103nilor. Se g\u0103se\u0219te \u0219i \u00een fructe \u0219i legume \u0219i chiar \u0219i corpul uman \u00eel produce singur. Xilitolul are multe efecte grozave pentru cavitatea bucal\u0103: ac\u021bioneaz\u0103 preventiv \u00eempotriva cariilor dentare, reduce formarea pl\u0103cii dentare \u0219i cre\u0219te produc\u021bia de saliv\u0103, care \u00eempiedic\u0103 cre\u0219terea ciupercilor \u0219i bacteriilor.<\/p>\n","protected":false},"excerpt":{"rendered":"<p>Corectorul dentar My White Secret neutralizeaz\u0103 nuan\u021bele galbene \u0219i m\u0103re\u0219te luminozitatea din\u021bilor. Este un tratament de albire non-invaziv, bl\u00e2nd \u0219i eficient. Utilizarea sa este simpl\u0103 \u0219i rapid\u0103, cu rezultate vizibile. Spuma con\u021bine \u0219i xilitol, care este un \u00eendulcitor natural ob\u021binut \u00een principal din scoar\u021ba \u0219i pulpa mesteac\u0103nilor. Se g\u0103se\u0219te \u0219i \u00een fructe \u0219i legume \u0219i&#8230;<\/p>\n","protected":false},"featured_media":368402,"comment_status":"closed","ping_status":"open","template":"","meta":{"_acf_changed":false,"_kadence_starter_templates_imported_post":false,"_kad_post_transparent":"","_kad_post_title":"","_kad_post_layout":"","_kad_post_sidebar_id":"","_kad_post_content_style":"","_kad_post_vertical_padding":"","_kad_post_feature":"","_kad_post_feature_position":"","_kad_post_header":false,"_kad_post_footer":false,"_kad_post_classname":""},"product_brand":[425],"product_cat":[829,246,828,709],"product_tag":[],"class_list":{"0":"post-368401","1":"product","2":"type-product","3":"status-publish","4":"has-post-thumbnail","6":"product_brand-my-white-secret","7":"product_cat-albirea-dintilor","8":"product_cat-cosmetice","9":"product_cat-ingrijire-speciala-orala","10":"product_cat-ingrijirea-dentara","12":"first","13":"instock","14":"sale","15":"product-type-external","16":"entry","17":"content-bg","18":"loop-entry"},"acf":[],"yoast_head":"<!-- This site is optimized with the Yoast SEO plugin v27.4 - https:\/\/yoast.com\/product\/yoast-seo-wordpress\/ -->\n<title>My White Secret Spum\u0103 corector pentru albirea din\u021bilor V34 (Teeth Whitening Foam) 50 ml - SHOPATOA.COM<\/title>\n<meta name=\"robots\" content=\"index, follow, max-snippet:-1, max-image-preview:large, max-video-preview:-1\" \/>\n<link rel=\"canonical\" href=\"https:\/\/shopatoa.com\/ro\/my-white-secret-spuma-corector-pentru-albirea-dintilor-v34-teeth-whitening-foam-50-ml-2\/\" \/>\n<meta property=\"og:locale\" content=\"ro_RO\" \/>\n<meta property=\"og:type\" content=\"article\" \/>\n<meta property=\"og:title\" content=\"My White Secret Spum\u0103 corector pentru albirea din\u021bilor V34 (Teeth Whitening Foam) 50 ml - SHOPATOA.COM\" \/>\n<meta property=\"og:description\" content=\"Corectorul dentar My White Secret neutralizeaz\u0103 nuan\u021bele galbene \u0219i m\u0103re\u0219te luminozitatea din\u021bilor. Este un tratament de albire non-invaziv, bl\u00e2nd \u0219i eficient. Utilizarea sa este simpl\u0103 \u0219i rapid\u0103, cu rezultate vizibile. Spuma con\u021bine \u0219i xilitol, care este un \u00eendulcitor natural ob\u021binut \u00een principal din scoar\u021ba \u0219i pulpa mesteac\u0103nilor. Se g\u0103se\u0219te \u0219i \u00een fructe \u0219i legume \u0219i...\" \/>\n<meta property=\"og:url\" content=\"https:\/\/shopatoa.com\/ro\/my-white-secret-spuma-corector-pentru-albirea-dintilor-v34-teeth-whitening-foam-50-ml-2\/\" \/>\n<meta property=\"og:site_name\" content=\"SHOPATOA\" \/>\n<meta property=\"article:modified_time\" content=\"2025-12-11T11:32:21+00:00\" \/>\n<meta property=\"og:image\" content=\"https:\/\/storage.googleapis.com\/cz-shopatoa-img\/ro\/057ff446-unnamed-file.webp\" \/>\n\t<meta property=\"og:image:width\" content=\"800\" \/>\n\t<meta property=\"og:image:height\" content=\"800\" \/>\n\t<meta property=\"og:image:type\" content=\"image\/webp\" \/>\n<meta name=\"twitter:card\" content=\"summary_large_image\" \/>\n<meta name=\"twitter:label1\" content=\"Timp estimat pentru citire\" \/>\n\t<meta name=\"twitter:data1\" content=\"1 minut\" \/>\n<script type=\"application\/ld+json\" class=\"yoast-schema-graph\">{\"@context\":\"https:\\\/\\\/schema.org\",\"@graph\":[{\"@type\":\"WebPage\",\"@id\":\"https:\\\/\\\/shopatoa.com\\\/ro\\\/my-white-secret-spuma-corector-pentru-albirea-dintilor-v34-teeth-whitening-foam-50-ml-2\\\/\",\"url\":\"https:\\\/\\\/shopatoa.com\\\/ro\\\/my-white-secret-spuma-corector-pentru-albirea-dintilor-v34-teeth-whitening-foam-50-ml-2\\\/\",\"name\":\"My White Secret Spum\u0103 corector pentru albirea din\u021bilor V34 (Teeth Whitening Foam) 50 ml - SHOPATOA.COM\",\"isPartOf\":{\"@id\":\"https:\\\/\\\/shopatoa.com\\\/ro\\\/#website\"},\"primaryImageOfPage\":{\"@id\":\"https:\\\/\\\/shopatoa.com\\\/ro\\\/my-white-secret-spuma-corector-pentru-albirea-dintilor-v34-teeth-whitening-foam-50-ml-2\\\/#primaryimage\"},\"image\":{\"@id\":\"https:\\\/\\\/shopatoa.com\\\/ro\\\/my-white-secret-spuma-corector-pentru-albirea-dintilor-v34-teeth-whitening-foam-50-ml-2\\\/#primaryimage\"},\"thumbnailUrl\":\"https:\\\/\\\/storage.googleapis.com\\\/cz-shopatoa-img\\\/ro\\\/057ff446-unnamed-file.webp\",\"datePublished\":\"2025-05-21T22:12:27+00:00\",\"dateModified\":\"2025-12-11T11:32:21+00:00\",\"breadcrumb\":{\"@id\":\"https:\\\/\\\/shopatoa.com\\\/ro\\\/my-white-secret-spuma-corector-pentru-albirea-dintilor-v34-teeth-whitening-foam-50-ml-2\\\/#breadcrumb\"},\"inLanguage\":\"ro-RO\",\"potentialAction\":[{\"@type\":\"ReadAction\",\"target\":[\"https:\\\/\\\/shopatoa.com\\\/ro\\\/my-white-secret-spuma-corector-pentru-albirea-dintilor-v34-teeth-whitening-foam-50-ml-2\\\/\"]}]},{\"@type\":\"ImageObject\",\"inLanguage\":\"ro-RO\",\"@id\":\"https:\\\/\\\/shopatoa.com\\\/ro\\\/my-white-secret-spuma-corector-pentru-albirea-dintilor-v34-teeth-whitening-foam-50-ml-2\\\/#primaryimage\",\"url\":\"https:\\\/\\\/storage.googleapis.com\\\/cz-shopatoa-img\\\/ro\\\/057ff446-unnamed-file.webp\",\"contentUrl\":\"https:\\\/\\\/storage.googleapis.com\\\/cz-shopatoa-img\\\/ro\\\/057ff446-unnamed-file.webp\",\"width\":800,\"height\":800},{\"@type\":\"BreadcrumbList\",\"@id\":\"https:\\\/\\\/shopatoa.com\\\/ro\\\/my-white-secret-spuma-corector-pentru-albirea-dintilor-v34-teeth-whitening-foam-50-ml-2\\\/#breadcrumb\",\"itemListElement\":[{\"@type\":\"ListItem\",\"position\":1,\"name\":\"Dom\u016f\",\"item\":\"https:\\\/\\\/shopatoa.com\\\/ro\\\/\"},{\"@type\":\"ListItem\",\"position\":2,\"name\":\"Shop\",\"item\":\"https:\\\/\\\/shopatoa.com\\\/ro\\\/shop\\\/\"},{\"@type\":\"ListItem\",\"position\":3,\"name\":\"Cosmetice\",\"item\":\"https:\\\/\\\/shopatoa.com\\\/ro\\\/cosmetice\\\/\"},{\"@type\":\"ListItem\",\"position\":4,\"name\":\"\u00cengrijirea dentar\u0103\",\"item\":\"https:\\\/\\\/shopatoa.com\\\/ro\\\/ingrijirea-dentara\\\/\"},{\"@type\":\"ListItem\",\"position\":5,\"name\":\"\u00cengrijire special\u0103 oral\u0103\",\"item\":\"https:\\\/\\\/shopatoa.com\\\/ro\\\/ingrijire-speciala-orala\\\/\"},{\"@type\":\"ListItem\",\"position\":6,\"name\":\"Albirea dintilor\",\"item\":\"https:\\\/\\\/shopatoa.com\\\/ro\\\/albirea-dintilor\\\/\"},{\"@type\":\"ListItem\",\"position\":7,\"name\":\"My White Secret Spum\u0103 corector pentru albirea din\u021bilor V34 (Teeth Whitening Foam) 50 ml\"}]},{\"@type\":\"WebSite\",\"@id\":\"https:\\\/\\\/shopatoa.com\\\/ro\\\/#website\",\"url\":\"https:\\\/\\\/shopatoa.com\\\/ro\\\/\",\"name\":\"SHOPATOA\",\"description\":\"\",\"publisher\":{\"@id\":\"https:\\\/\\\/shopatoa.com\\\/ro\\\/#organization\"},\"potentialAction\":[{\"@type\":\"SearchAction\",\"target\":{\"@type\":\"EntryPoint\",\"urlTemplate\":\"https:\\\/\\\/shopatoa.com\\\/ro\\\/?s={search_term_string}\"},\"query-input\":{\"@type\":\"PropertyValueSpecification\",\"valueRequired\":true,\"valueName\":\"search_term_string\"}}],\"inLanguage\":\"ro-RO\"},{\"@type\":\"Organization\",\"@id\":\"https:\\\/\\\/shopatoa.com\\\/ro\\\/#organization\",\"name\":\"SHOPATOA\",\"url\":\"https:\\\/\\\/shopatoa.com\\\/ro\\\/\",\"logo\":{\"@type\":\"ImageObject\",\"inLanguage\":\"ro-RO\",\"@id\":\"https:\\\/\\\/shopatoa.com\\\/ro\\\/#\\\/schema\\\/logo\\\/image\\\/\",\"url\":\"https:\\\/\\\/storage.googleapis.com\\\/cz-shopatoa-img\\\/ro\\\/b4dac915-shopatoa_logo.png\",\"contentUrl\":\"https:\\\/\\\/storage.googleapis.com\\\/cz-shopatoa-img\\\/ro\\\/b4dac915-shopatoa_logo.png\",\"width\":416,\"height\":63,\"caption\":\"SHOPATOA\"},\"image\":{\"@id\":\"https:\\\/\\\/shopatoa.com\\\/ro\\\/#\\\/schema\\\/logo\\\/image\\\/\"}}]}<\/script>\n<!-- \/ Yoast SEO plugin. -->","yoast_head_json":{"title":"My White Secret Spum\u0103 corector pentru albirea din\u021bilor V34 (Teeth Whitening Foam) 50 ml - SHOPATOA.COM","robots":{"index":"index","follow":"follow","max-snippet":"max-snippet:-1","max-image-preview":"max-image-preview:large","max-video-preview":"max-video-preview:-1"},"canonical":"https:\/\/shopatoa.com\/ro\/my-white-secret-spuma-corector-pentru-albirea-dintilor-v34-teeth-whitening-foam-50-ml-2\/","og_locale":"ro_RO","og_type":"article","og_title":"My White Secret Spum\u0103 corector pentru albirea din\u021bilor V34 (Teeth Whitening Foam) 50 ml - SHOPATOA.COM","og_description":"Corectorul dentar My White Secret neutralizeaz\u0103 nuan\u021bele galbene \u0219i m\u0103re\u0219te luminozitatea din\u021bilor. Este un tratament de albire non-invaziv, bl\u00e2nd \u0219i eficient. Utilizarea sa este simpl\u0103 \u0219i rapid\u0103, cu rezultate vizibile. Spuma con\u021bine \u0219i xilitol, care este un \u00eendulcitor natural ob\u021binut \u00een principal din scoar\u021ba \u0219i pulpa mesteac\u0103nilor. Se g\u0103se\u0219te \u0219i \u00een fructe \u0219i legume \u0219i...","og_url":"https:\/\/shopatoa.com\/ro\/my-white-secret-spuma-corector-pentru-albirea-dintilor-v34-teeth-whitening-foam-50-ml-2\/","og_site_name":"SHOPATOA","article_modified_time":"2025-12-11T11:32:21+00:00","og_image":[{"width":800,"height":800,"url":"https:\/\/storage.googleapis.com\/cz-shopatoa-img\/ro\/057ff446-unnamed-file.webp","type":"image\/webp"}],"twitter_card":"summary_large_image","twitter_misc":{"Timp estimat pentru citire":"1 minut"},"schema":{"@context":"https:\/\/schema.org","@graph":[{"@type":"WebPage","@id":"https:\/\/shopatoa.com\/ro\/my-white-secret-spuma-corector-pentru-albirea-dintilor-v34-teeth-whitening-foam-50-ml-2\/","url":"https:\/\/shopatoa.com\/ro\/my-white-secret-spuma-corector-pentru-albirea-dintilor-v34-teeth-whitening-foam-50-ml-2\/","name":"My White Secret Spum\u0103 corector pentru albirea din\u021bilor V34 (Teeth Whitening Foam) 50 ml - SHOPATOA.COM","isPartOf":{"@id":"https:\/\/shopatoa.com\/ro\/#website"},"primaryImageOfPage":{"@id":"https:\/\/shopatoa.com\/ro\/my-white-secret-spuma-corector-pentru-albirea-dintilor-v34-teeth-whitening-foam-50-ml-2\/#primaryimage"},"image":{"@id":"https:\/\/shopatoa.com\/ro\/my-white-secret-spuma-corector-pentru-albirea-dintilor-v34-teeth-whitening-foam-50-ml-2\/#primaryimage"},"thumbnailUrl":"https:\/\/storage.googleapis.com\/cz-shopatoa-img\/ro\/057ff446-unnamed-file.webp","datePublished":"2025-05-21T22:12:27+00:00","dateModified":"2025-12-11T11:32:21+00:00","breadcrumb":{"@id":"https:\/\/shopatoa.com\/ro\/my-white-secret-spuma-corector-pentru-albirea-dintilor-v34-teeth-whitening-foam-50-ml-2\/#breadcrumb"},"inLanguage":"ro-RO","potentialAction":[{"@type":"ReadAction","target":["https:\/\/shopatoa.com\/ro\/my-white-secret-spuma-corector-pentru-albirea-dintilor-v34-teeth-whitening-foam-50-ml-2\/"]}]},{"@type":"ImageObject","inLanguage":"ro-RO","@id":"https:\/\/shopatoa.com\/ro\/my-white-secret-spuma-corector-pentru-albirea-dintilor-v34-teeth-whitening-foam-50-ml-2\/#primaryimage","url":"https:\/\/storage.googleapis.com\/cz-shopatoa-img\/ro\/057ff446-unnamed-file.webp","contentUrl":"https:\/\/storage.googleapis.com\/cz-shopatoa-img\/ro\/057ff446-unnamed-file.webp","width":800,"height":800},{"@type":"BreadcrumbList","@id":"https:\/\/shopatoa.com\/ro\/my-white-secret-spuma-corector-pentru-albirea-dintilor-v34-teeth-whitening-foam-50-ml-2\/#breadcrumb","itemListElement":[{"@type":"ListItem","position":1,"name":"Dom\u016f","item":"https:\/\/shopatoa.com\/ro\/"},{"@type":"ListItem","position":2,"name":"Shop","item":"https:\/\/shopatoa.com\/ro\/shop\/"},{"@type":"ListItem","position":3,"name":"Cosmetice","item":"https:\/\/shopatoa.com\/ro\/cosmetice\/"},{"@type":"ListItem","position":4,"name":"\u00cengrijirea dentar\u0103","item":"https:\/\/shopatoa.com\/ro\/ingrijirea-dentara\/"},{"@type":"ListItem","position":5,"name":"\u00cengrijire special\u0103 oral\u0103","item":"https:\/\/shopatoa.com\/ro\/ingrijire-speciala-orala\/"},{"@type":"ListItem","position":6,"name":"Albirea dintilor","item":"https:\/\/shopatoa.com\/ro\/albirea-dintilor\/"},{"@type":"ListItem","position":7,"name":"My White Secret Spum\u0103 corector pentru albirea din\u021bilor V34 (Teeth Whitening Foam) 50 ml"}]},{"@type":"WebSite","@id":"https:\/\/shopatoa.com\/ro\/#website","url":"https:\/\/shopatoa.com\/ro\/","name":"SHOPATOA","description":"","publisher":{"@id":"https:\/\/shopatoa.com\/ro\/#organization"},"potentialAction":[{"@type":"SearchAction","target":{"@type":"EntryPoint","urlTemplate":"https:\/\/shopatoa.com\/ro\/?s={search_term_string}"},"query-input":{"@type":"PropertyValueSpecification","valueRequired":true,"valueName":"search_term_string"}}],"inLanguage":"ro-RO"},{"@type":"Organization","@id":"https:\/\/shopatoa.com\/ro\/#organization","name":"SHOPATOA","url":"https:\/\/shopatoa.com\/ro\/","logo":{"@type":"ImageObject","inLanguage":"ro-RO","@id":"https:\/\/shopatoa.com\/ro\/#\/schema\/logo\/image\/","url":"https:\/\/storage.googleapis.com\/cz-shopatoa-img\/ro\/b4dac915-shopatoa_logo.png","contentUrl":"https:\/\/storage.googleapis.com\/cz-shopatoa-img\/ro\/b4dac915-shopatoa_logo.png","width":416,"height":63,"caption":"SHOPATOA"},"image":{"@id":"https:\/\/shopatoa.com\/ro\/#\/schema\/logo\/image\/"}}]}},"_links":{"self":[{"href":"https:\/\/shopatoa.com\/ro\/wp-json\/wp\/v2\/product\/368401","targetHints":{"allow":["GET"]}}],"collection":[{"href":"https:\/\/shopatoa.com\/ro\/wp-json\/wp\/v2\/product"}],"about":[{"href":"https:\/\/shopatoa.com\/ro\/wp-json\/wp\/v2\/types\/product"}],"replies":[{"embeddable":true,"href":"https:\/\/shopatoa.com\/ro\/wp-json\/wp\/v2\/comments?post=368401"}],"wp:featuredmedia":[{"embeddable":true,"href":"https:\/\/shopatoa.com\/ro\/wp-json\/wp\/v2\/media\/368402"}],"wp:attachment":[{"href":"https:\/\/shopatoa.com\/ro\/wp-json\/wp\/v2\/media?parent=368401"}],"wp:term":[{"taxonomy":"product_brand","embeddable":true,"href":"https:\/\/shopatoa.com\/ro\/wp-json\/wp\/v2\/product_brand?post=368401"},{"taxonomy":"product_cat","embeddable":true,"href":"https:\/\/shopatoa.com\/ro\/wp-json\/wp\/v2\/product_cat?post=368401"},{"taxonomy":"product_tag","embeddable":true,"href":"https:\/\/shopatoa.com\/ro\/wp-json\/wp\/v2\/product_tag?post=368401"}],"curies":[{"name":"wp","href":"https:\/\/api.w.org\/{rel}","templated":true}]}}