{"id":368767,"date":"2025-05-22T00:25:39","date_gmt":"2025-05-21T22:25:39","guid":{"rendered":"https:\/\/shopatoa.com\/ro\/chanel-bleu-de-chanel-gel-de-curatare-2-in-1-100-ml-2\/"},"modified":"2025-12-11T07:32:42","modified_gmt":"2025-12-11T06:32:42","slug":"chanel-bleu-de-chanel-gel-de-curatare-2-in-1-100-ml-2","status":"publish","type":"product","link":"https:\/\/shopatoa.com\/ro\/chanel-bleu-de-chanel-gel-de-curatare-2-in-1-100-ml-2\/","title":{"rendered":"Chanel Bleu De Chanel &#8211; gel de cur\u0103\u021bare 2 \u00een 1 100 ml"},"content":{"rendered":"<p>\u00cencerca\u021bi gelul de cur\u0103\u021bare Bleu De Chanel, care va parfuma pielea dvs. cu aroma iconic\u0103 oriental-lemnoas\u0103 a lui Bleu De Chanel, destinat\u0103 b\u0103rba\u021bilor puternici \u0219i \u00eencrez\u0103tori. Nu ezita\u021bi \u0219i cuceri\u021bi-v\u0103 mediul \u00eenconjur\u0103tor cu o compozi\u021bie elegant\u0103, ale c\u0103rei note de baz\u0103 sunt reprezentate de t\u0103m\u00e2ie, cedru \u0219i piper roz. Gelul de cur\u0103\u021bare Bleu De Chanel poate fi folosit \u0219i ca gel de ras &#8211; la contactul cu apa, textura gelului se transform\u0103 \u00eentr-o spum\u0103 bogat\u0103, care cur\u0103\u021b\u0103 delicat \u0219i matifieaz\u0103 pielea, \u00eenmoaie firele de p\u0103r \u0219i protejeaz\u0103 pielea de irita\u021biile cauzate de ras. Produsul este potrivit pentru toate tipurile de piele, inclusiv pentru pielea sensibil\u0103. Bleu De Chanel las\u0103 pielea catifelat\u0103, hidratat\u0103 \u0219i revigorat\u0103.<\/p>\n","protected":false},"excerpt":{"rendered":"<p>\u00cencerca\u021bi gelul de cur\u0103\u021bare Bleu De Chanel, care va parfuma pielea dvs. cu aroma iconic\u0103 oriental-lemnoas\u0103 a lui Bleu De Chanel, destinat\u0103 b\u0103rba\u021bilor puternici \u0219i \u00eencrez\u0103tori. Nu ezita\u021bi \u0219i cuceri\u021bi-v\u0103 mediul \u00eenconjur\u0103tor cu o compozi\u021bie elegant\u0103, ale c\u0103rei note de baz\u0103 sunt reprezentate de t\u0103m\u00e2ie, cedru \u0219i piper roz. Gelul de cur\u0103\u021bare Bleu De Chanel&#8230;<\/p>\n","protected":false},"featured_media":368768,"comment_status":"closed","ping_status":"open","template":"","meta":{"_acf_changed":false,"_kadence_starter_templates_imported_post":false,"_kad_post_transparent":"","_kad_post_title":"","_kad_post_layout":"","_kad_post_sidebar_id":"","_kad_post_content_style":"","_kad_post_vertical_padding":"","_kad_post_feature":"","_kad_post_feature_position":"","_kad_post_header":false,"_kad_post_footer":false,"_kad_post_classname":""},"product_brand":[64],"product_cat":[246,660,634,633],"product_tag":[],"class_list":{"0":"post-368767","1":"product","2":"type-product","3":"status-publish","4":"has-post-thumbnail","6":"product_brand-chanel","7":"product_cat-cosmetice","8":"product_cat-curatarea-demachierea-fetei","9":"product_cat-produse-cosmetice-de-ingrijire-a-pielii","10":"product_cat-produse-cosmetice-pentru-piele","12":"first","13":"instock","14":"product-type-external","15":"entry","16":"content-bg","17":"loop-entry"},"acf":[],"yoast_head":"<!-- This site is optimized with the Yoast SEO plugin v27.3 - https:\/\/yoast.com\/product\/yoast-seo-wordpress\/ -->\n<title>Chanel Bleu De Chanel - gel de cur\u0103\u021bare 2 \u00een 1 100 ml - SHOPATOA.COM<\/title>\n<meta name=\"robots\" content=\"index, follow, max-snippet:-1, max-image-preview:large, max-video-preview:-1\" \/>\n<link rel=\"canonical\" href=\"https:\/\/shopatoa.com\/ro\/chanel-bleu-de-chanel-gel-de-curatare-2-in-1-100-ml-2\/\" \/>\n<meta property=\"og:locale\" content=\"ro_RO\" \/>\n<meta property=\"og:type\" content=\"article\" \/>\n<meta property=\"og:title\" content=\"Chanel Bleu De Chanel - gel de cur\u0103\u021bare 2 \u00een 1 100 ml - SHOPATOA.COM\" \/>\n<meta property=\"og:description\" content=\"\u00cencerca\u021bi gelul de cur\u0103\u021bare Bleu De Chanel, care va parfuma pielea dvs. cu aroma iconic\u0103 oriental-lemnoas\u0103 a lui Bleu De Chanel, destinat\u0103 b\u0103rba\u021bilor puternici \u0219i \u00eencrez\u0103tori. Nu ezita\u021bi \u0219i cuceri\u021bi-v\u0103 mediul \u00eenconjur\u0103tor cu o compozi\u021bie elegant\u0103, ale c\u0103rei note de baz\u0103 sunt reprezentate de t\u0103m\u00e2ie, cedru \u0219i piper roz. Gelul de cur\u0103\u021bare Bleu De Chanel...\" \/>\n<meta property=\"og:url\" content=\"https:\/\/shopatoa.com\/ro\/chanel-bleu-de-chanel-gel-de-curatare-2-in-1-100-ml-2\/\" \/>\n<meta property=\"og:site_name\" content=\"SHOPATOA\" \/>\n<meta property=\"article:modified_time\" content=\"2025-12-11T06:32:42+00:00\" \/>\n<meta property=\"og:image\" content=\"https:\/\/storage.googleapis.com\/cz-shopatoa-img\/ro\/d515cbfe-unnamed-file.webp\" \/>\n\t<meta property=\"og:image:width\" content=\"800\" \/>\n\t<meta property=\"og:image:height\" content=\"800\" \/>\n\t<meta property=\"og:image:type\" content=\"image\/webp\" \/>\n<meta name=\"twitter:card\" content=\"summary_large_image\" \/>\n<meta name=\"twitter:label1\" content=\"Timp estimat pentru citire\" \/>\n\t<meta name=\"twitter:data1\" content=\"1 minut\" \/>\n<script type=\"application\/ld+json\" class=\"yoast-schema-graph\">{\"@context\":\"https:\\\/\\\/schema.org\",\"@graph\":[{\"@type\":\"WebPage\",\"@id\":\"https:\\\/\\\/shopatoa.com\\\/ro\\\/chanel-bleu-de-chanel-gel-de-curatare-2-in-1-100-ml-2\\\/\",\"url\":\"https:\\\/\\\/shopatoa.com\\\/ro\\\/chanel-bleu-de-chanel-gel-de-curatare-2-in-1-100-ml-2\\\/\",\"name\":\"Chanel Bleu De Chanel - gel de cur\u0103\u021bare 2 \u00een 1 100 ml - SHOPATOA.COM\",\"isPartOf\":{\"@id\":\"https:\\\/\\\/shopatoa.com\\\/ro\\\/#website\"},\"primaryImageOfPage\":{\"@id\":\"https:\\\/\\\/shopatoa.com\\\/ro\\\/chanel-bleu-de-chanel-gel-de-curatare-2-in-1-100-ml-2\\\/#primaryimage\"},\"image\":{\"@id\":\"https:\\\/\\\/shopatoa.com\\\/ro\\\/chanel-bleu-de-chanel-gel-de-curatare-2-in-1-100-ml-2\\\/#primaryimage\"},\"thumbnailUrl\":\"https:\\\/\\\/storage.googleapis.com\\\/cz-shopatoa-img\\\/ro\\\/d515cbfe-unnamed-file.webp\",\"datePublished\":\"2025-05-21T22:25:39+00:00\",\"dateModified\":\"2025-12-11T06:32:42+00:00\",\"breadcrumb\":{\"@id\":\"https:\\\/\\\/shopatoa.com\\\/ro\\\/chanel-bleu-de-chanel-gel-de-curatare-2-in-1-100-ml-2\\\/#breadcrumb\"},\"inLanguage\":\"ro-RO\",\"potentialAction\":[{\"@type\":\"ReadAction\",\"target\":[\"https:\\\/\\\/shopatoa.com\\\/ro\\\/chanel-bleu-de-chanel-gel-de-curatare-2-in-1-100-ml-2\\\/\"]}]},{\"@type\":\"ImageObject\",\"inLanguage\":\"ro-RO\",\"@id\":\"https:\\\/\\\/shopatoa.com\\\/ro\\\/chanel-bleu-de-chanel-gel-de-curatare-2-in-1-100-ml-2\\\/#primaryimage\",\"url\":\"https:\\\/\\\/storage.googleapis.com\\\/cz-shopatoa-img\\\/ro\\\/d515cbfe-unnamed-file.webp\",\"contentUrl\":\"https:\\\/\\\/storage.googleapis.com\\\/cz-shopatoa-img\\\/ro\\\/d515cbfe-unnamed-file.webp\",\"width\":800,\"height\":800},{\"@type\":\"BreadcrumbList\",\"@id\":\"https:\\\/\\\/shopatoa.com\\\/ro\\\/chanel-bleu-de-chanel-gel-de-curatare-2-in-1-100-ml-2\\\/#breadcrumb\",\"itemListElement\":[{\"@type\":\"ListItem\",\"position\":1,\"name\":\"Dom\u016f\",\"item\":\"https:\\\/\\\/shopatoa.com\\\/ro\\\/\"},{\"@type\":\"ListItem\",\"position\":2,\"name\":\"Shop\",\"item\":\"https:\\\/\\\/shopatoa.com\\\/ro\\\/shop\\\/\"},{\"@type\":\"ListItem\",\"position\":3,\"name\":\"Cosmetice\",\"item\":\"https:\\\/\\\/shopatoa.com\\\/ro\\\/cosmetice\\\/\"},{\"@type\":\"ListItem\",\"position\":4,\"name\":\"Produse cosmetice pentru piele\",\"item\":\"https:\\\/\\\/shopatoa.com\\\/ro\\\/produse-cosmetice-pentru-piele\\\/\"},{\"@type\":\"ListItem\",\"position\":5,\"name\":\"Produse cosmetice de \u00eengrijire a pielii\",\"item\":\"https:\\\/\\\/shopatoa.com\\\/ro\\\/produse-cosmetice-de-ingrijire-a-pielii\\\/\"},{\"@type\":\"ListItem\",\"position\":6,\"name\":\"Cur\u0103\u021barea, demachierea fe\u021bei\",\"item\":\"https:\\\/\\\/shopatoa.com\\\/ro\\\/curatarea-demachierea-fetei\\\/\"},{\"@type\":\"ListItem\",\"position\":7,\"name\":\"Chanel Bleu De Chanel &#8211; gel de cur\u0103\u021bare 2 \u00een 1 100 ml\"}]},{\"@type\":\"WebSite\",\"@id\":\"https:\\\/\\\/shopatoa.com\\\/ro\\\/#website\",\"url\":\"https:\\\/\\\/shopatoa.com\\\/ro\\\/\",\"name\":\"SHOPATOA\",\"description\":\"\",\"publisher\":{\"@id\":\"https:\\\/\\\/shopatoa.com\\\/ro\\\/#organization\"},\"potentialAction\":[{\"@type\":\"SearchAction\",\"target\":{\"@type\":\"EntryPoint\",\"urlTemplate\":\"https:\\\/\\\/shopatoa.com\\\/ro\\\/?s={search_term_string}\"},\"query-input\":{\"@type\":\"PropertyValueSpecification\",\"valueRequired\":true,\"valueName\":\"search_term_string\"}}],\"inLanguage\":\"ro-RO\"},{\"@type\":\"Organization\",\"@id\":\"https:\\\/\\\/shopatoa.com\\\/ro\\\/#organization\",\"name\":\"SHOPATOA\",\"url\":\"https:\\\/\\\/shopatoa.com\\\/ro\\\/\",\"logo\":{\"@type\":\"ImageObject\",\"inLanguage\":\"ro-RO\",\"@id\":\"https:\\\/\\\/shopatoa.com\\\/ro\\\/#\\\/schema\\\/logo\\\/image\\\/\",\"url\":\"https:\\\/\\\/storage.googleapis.com\\\/cz-shopatoa-img\\\/ro\\\/b4dac915-shopatoa_logo.png\",\"contentUrl\":\"https:\\\/\\\/storage.googleapis.com\\\/cz-shopatoa-img\\\/ro\\\/b4dac915-shopatoa_logo.png\",\"width\":416,\"height\":63,\"caption\":\"SHOPATOA\"},\"image\":{\"@id\":\"https:\\\/\\\/shopatoa.com\\\/ro\\\/#\\\/schema\\\/logo\\\/image\\\/\"}}]}<\/script>\n<!-- \/ Yoast SEO plugin. -->","yoast_head_json":{"title":"Chanel Bleu De Chanel - gel de cur\u0103\u021bare 2 \u00een 1 100 ml - SHOPATOA.COM","robots":{"index":"index","follow":"follow","max-snippet":"max-snippet:-1","max-image-preview":"max-image-preview:large","max-video-preview":"max-video-preview:-1"},"canonical":"https:\/\/shopatoa.com\/ro\/chanel-bleu-de-chanel-gel-de-curatare-2-in-1-100-ml-2\/","og_locale":"ro_RO","og_type":"article","og_title":"Chanel Bleu De Chanel - gel de cur\u0103\u021bare 2 \u00een 1 100 ml - SHOPATOA.COM","og_description":"\u00cencerca\u021bi gelul de cur\u0103\u021bare Bleu De Chanel, care va parfuma pielea dvs. cu aroma iconic\u0103 oriental-lemnoas\u0103 a lui Bleu De Chanel, destinat\u0103 b\u0103rba\u021bilor puternici \u0219i \u00eencrez\u0103tori. Nu ezita\u021bi \u0219i cuceri\u021bi-v\u0103 mediul \u00eenconjur\u0103tor cu o compozi\u021bie elegant\u0103, ale c\u0103rei note de baz\u0103 sunt reprezentate de t\u0103m\u00e2ie, cedru \u0219i piper roz. Gelul de cur\u0103\u021bare Bleu De Chanel...","og_url":"https:\/\/shopatoa.com\/ro\/chanel-bleu-de-chanel-gel-de-curatare-2-in-1-100-ml-2\/","og_site_name":"SHOPATOA","article_modified_time":"2025-12-11T06:32:42+00:00","og_image":[{"width":800,"height":800,"url":"https:\/\/storage.googleapis.com\/cz-shopatoa-img\/ro\/d515cbfe-unnamed-file.webp","type":"image\/webp"}],"twitter_card":"summary_large_image","twitter_misc":{"Timp estimat pentru citire":"1 minut"},"schema":{"@context":"https:\/\/schema.org","@graph":[{"@type":"WebPage","@id":"https:\/\/shopatoa.com\/ro\/chanel-bleu-de-chanel-gel-de-curatare-2-in-1-100-ml-2\/","url":"https:\/\/shopatoa.com\/ro\/chanel-bleu-de-chanel-gel-de-curatare-2-in-1-100-ml-2\/","name":"Chanel Bleu De Chanel - gel de cur\u0103\u021bare 2 \u00een 1 100 ml - SHOPATOA.COM","isPartOf":{"@id":"https:\/\/shopatoa.com\/ro\/#website"},"primaryImageOfPage":{"@id":"https:\/\/shopatoa.com\/ro\/chanel-bleu-de-chanel-gel-de-curatare-2-in-1-100-ml-2\/#primaryimage"},"image":{"@id":"https:\/\/shopatoa.com\/ro\/chanel-bleu-de-chanel-gel-de-curatare-2-in-1-100-ml-2\/#primaryimage"},"thumbnailUrl":"https:\/\/storage.googleapis.com\/cz-shopatoa-img\/ro\/d515cbfe-unnamed-file.webp","datePublished":"2025-05-21T22:25:39+00:00","dateModified":"2025-12-11T06:32:42+00:00","breadcrumb":{"@id":"https:\/\/shopatoa.com\/ro\/chanel-bleu-de-chanel-gel-de-curatare-2-in-1-100-ml-2\/#breadcrumb"},"inLanguage":"ro-RO","potentialAction":[{"@type":"ReadAction","target":["https:\/\/shopatoa.com\/ro\/chanel-bleu-de-chanel-gel-de-curatare-2-in-1-100-ml-2\/"]}]},{"@type":"ImageObject","inLanguage":"ro-RO","@id":"https:\/\/shopatoa.com\/ro\/chanel-bleu-de-chanel-gel-de-curatare-2-in-1-100-ml-2\/#primaryimage","url":"https:\/\/storage.googleapis.com\/cz-shopatoa-img\/ro\/d515cbfe-unnamed-file.webp","contentUrl":"https:\/\/storage.googleapis.com\/cz-shopatoa-img\/ro\/d515cbfe-unnamed-file.webp","width":800,"height":800},{"@type":"BreadcrumbList","@id":"https:\/\/shopatoa.com\/ro\/chanel-bleu-de-chanel-gel-de-curatare-2-in-1-100-ml-2\/#breadcrumb","itemListElement":[{"@type":"ListItem","position":1,"name":"Dom\u016f","item":"https:\/\/shopatoa.com\/ro\/"},{"@type":"ListItem","position":2,"name":"Shop","item":"https:\/\/shopatoa.com\/ro\/shop\/"},{"@type":"ListItem","position":3,"name":"Cosmetice","item":"https:\/\/shopatoa.com\/ro\/cosmetice\/"},{"@type":"ListItem","position":4,"name":"Produse cosmetice pentru piele","item":"https:\/\/shopatoa.com\/ro\/produse-cosmetice-pentru-piele\/"},{"@type":"ListItem","position":5,"name":"Produse cosmetice de \u00eengrijire a pielii","item":"https:\/\/shopatoa.com\/ro\/produse-cosmetice-de-ingrijire-a-pielii\/"},{"@type":"ListItem","position":6,"name":"Cur\u0103\u021barea, demachierea fe\u021bei","item":"https:\/\/shopatoa.com\/ro\/curatarea-demachierea-fetei\/"},{"@type":"ListItem","position":7,"name":"Chanel Bleu De Chanel &#8211; gel de cur\u0103\u021bare 2 \u00een 1 100 ml"}]},{"@type":"WebSite","@id":"https:\/\/shopatoa.com\/ro\/#website","url":"https:\/\/shopatoa.com\/ro\/","name":"SHOPATOA","description":"","publisher":{"@id":"https:\/\/shopatoa.com\/ro\/#organization"},"potentialAction":[{"@type":"SearchAction","target":{"@type":"EntryPoint","urlTemplate":"https:\/\/shopatoa.com\/ro\/?s={search_term_string}"},"query-input":{"@type":"PropertyValueSpecification","valueRequired":true,"valueName":"search_term_string"}}],"inLanguage":"ro-RO"},{"@type":"Organization","@id":"https:\/\/shopatoa.com\/ro\/#organization","name":"SHOPATOA","url":"https:\/\/shopatoa.com\/ro\/","logo":{"@type":"ImageObject","inLanguage":"ro-RO","@id":"https:\/\/shopatoa.com\/ro\/#\/schema\/logo\/image\/","url":"https:\/\/storage.googleapis.com\/cz-shopatoa-img\/ro\/b4dac915-shopatoa_logo.png","contentUrl":"https:\/\/storage.googleapis.com\/cz-shopatoa-img\/ro\/b4dac915-shopatoa_logo.png","width":416,"height":63,"caption":"SHOPATOA"},"image":{"@id":"https:\/\/shopatoa.com\/ro\/#\/schema\/logo\/image\/"}}]}},"_links":{"self":[{"href":"https:\/\/shopatoa.com\/ro\/wp-json\/wp\/v2\/product\/368767","targetHints":{"allow":["GET"]}}],"collection":[{"href":"https:\/\/shopatoa.com\/ro\/wp-json\/wp\/v2\/product"}],"about":[{"href":"https:\/\/shopatoa.com\/ro\/wp-json\/wp\/v2\/types\/product"}],"replies":[{"embeddable":true,"href":"https:\/\/shopatoa.com\/ro\/wp-json\/wp\/v2\/comments?post=368767"}],"wp:featuredmedia":[{"embeddable":true,"href":"https:\/\/shopatoa.com\/ro\/wp-json\/wp\/v2\/media\/368768"}],"wp:attachment":[{"href":"https:\/\/shopatoa.com\/ro\/wp-json\/wp\/v2\/media?parent=368767"}],"wp:term":[{"taxonomy":"product_brand","embeddable":true,"href":"https:\/\/shopatoa.com\/ro\/wp-json\/wp\/v2\/product_brand?post=368767"},{"taxonomy":"product_cat","embeddable":true,"href":"https:\/\/shopatoa.com\/ro\/wp-json\/wp\/v2\/product_cat?post=368767"},{"taxonomy":"product_tag","embeddable":true,"href":"https:\/\/shopatoa.com\/ro\/wp-json\/wp\/v2\/product_tag?post=368767"}],"curies":[{"name":"wp","href":"https:\/\/api.w.org\/{rel}","templated":true}]}}