{"id":369101,"date":"2025-05-22T00:37:29","date_gmt":"2025-05-21T22:37:29","guid":{"rendered":"https:\/\/shopatoa.com\/ro\/histoires-de-parfums-1740-edp-120-ml-2\/"},"modified":"2025-11-08T00:35:21","modified_gmt":"2025-11-07T23:35:21","slug":"histoires-de-parfums-1740-edp-120-ml-2","status":"publish","type":"product","link":"https:\/\/shopatoa.com\/ro\/histoires-de-parfums-1740-edp-120-ml-2\/","title":{"rendered":"Histoires De Parfums 1740 &#8211; EDP 120 ml"},"content":{"rendered":"<p>Experimenta\u021bi un parfum iconic inspirat din spiritul unuia dintre cei mai mari provocatori ai istoriei. 1740 de la marca Histoires De Parfums este o ap\u0103 de parfum care \u00eei aduce un omagiu lui Marquis de Sade &#8211; o personalitate \u00eendr\u0103znea\u021b\u0103 \u0219i neconven\u021bional\u0103. Acest parfum profund, senzual \u0219i de neuitat de rebeliune seduc\u0103toare v\u0103 invit\u0103 \u00eentr-o lume \u00een care elegan\u021ba se \u00eent\u00e2lne\u0219te cu tenta\u021bia. Notele de v\u00e2rf v\u0103 trezesc mintea. Pelinul dulce-amar \u0219i bergamota proasp\u0103t\u0103 creeaz\u0103 o deschidere str\u0103lucitoare care v\u0103 cucere\u0219te instantaneu. Notele de mijloc dezv\u0103luie o inim\u0103 plin\u0103 de caracter. Paciuli p\u0103m\u00e2ntesc, cardamom aromat \u0219i coriandru confer\u0103 parfumului intensitate \u0219i o not\u0103 exotic\u0103 care evoc\u0103 aventura. Notele de baz\u0103 sunt \u00eentunecate \u0219i senzuale. Xerochrysum, labdanum francez bogat \u0219i r\u0103\u0219in\u0103 elemi se amestec\u0103 cu note de piele, mesteac\u0103n fumuriu, vanilie dulce \u0219i cedru de Virginia elegant pentru a crea o impresie profund\u0103 \u0219i de lung\u0103 durat\u0103. 1740 este o ap\u0103 de parfum pentru to\u021bi cei c\u0103rora nu le este fric\u0103 s\u0103 ias\u0103 \u00een eviden\u021b\u0103 \u0219i doresc s\u0103-\u0219i exprime unicitatea. Ideal pentru serile pline de mister, c\u00e2nd \u00eendr\u0103zni\u021bi s\u0103 fi\u021bi propriul eu.<\/p>\n","protected":false},"excerpt":{"rendered":"<p>Experimenta\u021bi un parfum iconic inspirat din spiritul unuia dintre cei mai mari provocatori ai istoriei. 1740 de la marca Histoires De Parfums este o ap\u0103 de parfum care \u00eei aduce un omagiu lui Marquis de Sade &#8211; o personalitate \u00eendr\u0103znea\u021b\u0103 \u0219i neconven\u021bional\u0103. Acest parfum profund, senzual \u0219i de neuitat de rebeliune seduc\u0103toare v\u0103 invit\u0103 \u00eentr-o&#8230;<\/p>\n","protected":false},"featured_media":369102,"comment_status":"closed","ping_status":"open","template":"","meta":{"_acf_changed":false,"_kadence_starter_templates_imported_post":false,"_kad_post_transparent":"","_kad_post_title":"","_kad_post_layout":"","_kad_post_sidebar_id":"","_kad_post_content_style":"","_kad_post_vertical_padding":"","_kad_post_feature":"","_kad_post_feature_position":"","_kad_post_header":false,"_kad_post_footer":false,"_kad_post_classname":""},"product_brand":[892],"product_cat":[619,614],"product_tag":[],"class_list":{"0":"post-369101","1":"product","2":"type-product","3":"status-publish","4":"has-post-thumbnail","6":"product_brand-histoires-de-parfums","7":"product_cat-ape-de-parfum-edp","8":"product_cat-parfumuri","10":"first","11":"instock","12":"product-type-external","13":"entry","14":"content-bg","15":"loop-entry"},"acf":[],"yoast_head":"<!-- This site is optimized with the Yoast SEO plugin v27.4 - https:\/\/yoast.com\/product\/yoast-seo-wordpress\/ -->\n<title>Histoires De Parfums 1740 - EDP 120 ml - SHOPATOA.COM<\/title>\n<meta name=\"robots\" content=\"index, follow, max-snippet:-1, max-image-preview:large, max-video-preview:-1\" \/>\n<link rel=\"canonical\" href=\"https:\/\/shopatoa.com\/ro\/histoires-de-parfums-1740-edp-120-ml-2\/\" \/>\n<meta property=\"og:locale\" content=\"ro_RO\" \/>\n<meta property=\"og:type\" content=\"article\" \/>\n<meta property=\"og:title\" content=\"Histoires De Parfums 1740 - EDP 120 ml - SHOPATOA.COM\" \/>\n<meta property=\"og:description\" content=\"Experimenta\u021bi un parfum iconic inspirat din spiritul unuia dintre cei mai mari provocatori ai istoriei. 1740 de la marca Histoires De Parfums este o ap\u0103 de parfum care \u00eei aduce un omagiu lui Marquis de Sade &#8211; o personalitate \u00eendr\u0103znea\u021b\u0103 \u0219i neconven\u021bional\u0103. Acest parfum profund, senzual \u0219i de neuitat de rebeliune seduc\u0103toare v\u0103 invit\u0103 \u00eentr-o...\" \/>\n<meta property=\"og:url\" content=\"https:\/\/shopatoa.com\/ro\/histoires-de-parfums-1740-edp-120-ml-2\/\" \/>\n<meta property=\"og:site_name\" content=\"SHOPATOA\" \/>\n<meta property=\"article:modified_time\" content=\"2025-11-07T23:35:21+00:00\" \/>\n<meta property=\"og:image\" content=\"https:\/\/storage.googleapis.com\/cz-shopatoa-img\/ro\/45adf7a5-unnamed-file.webp\" \/>\n\t<meta property=\"og:image:width\" content=\"800\" \/>\n\t<meta property=\"og:image:height\" content=\"800\" \/>\n\t<meta property=\"og:image:type\" content=\"image\/webp\" \/>\n<meta name=\"twitter:card\" content=\"summary_large_image\" \/>\n<meta name=\"twitter:label1\" content=\"Timp estimat pentru citire\" \/>\n\t<meta name=\"twitter:data1\" content=\"1 minut\" \/>\n<script type=\"application\/ld+json\" class=\"yoast-schema-graph\">{\"@context\":\"https:\\\/\\\/schema.org\",\"@graph\":[{\"@type\":\"WebPage\",\"@id\":\"https:\\\/\\\/shopatoa.com\\\/ro\\\/histoires-de-parfums-1740-edp-120-ml-2\\\/\",\"url\":\"https:\\\/\\\/shopatoa.com\\\/ro\\\/histoires-de-parfums-1740-edp-120-ml-2\\\/\",\"name\":\"Histoires De Parfums 1740 - EDP 120 ml - SHOPATOA.COM\",\"isPartOf\":{\"@id\":\"https:\\\/\\\/shopatoa.com\\\/ro\\\/#website\"},\"primaryImageOfPage\":{\"@id\":\"https:\\\/\\\/shopatoa.com\\\/ro\\\/histoires-de-parfums-1740-edp-120-ml-2\\\/#primaryimage\"},\"image\":{\"@id\":\"https:\\\/\\\/shopatoa.com\\\/ro\\\/histoires-de-parfums-1740-edp-120-ml-2\\\/#primaryimage\"},\"thumbnailUrl\":\"https:\\\/\\\/storage.googleapis.com\\\/cz-shopatoa-img\\\/ro\\\/45adf7a5-unnamed-file.webp\",\"datePublished\":\"2025-05-21T22:37:29+00:00\",\"dateModified\":\"2025-11-07T23:35:21+00:00\",\"breadcrumb\":{\"@id\":\"https:\\\/\\\/shopatoa.com\\\/ro\\\/histoires-de-parfums-1740-edp-120-ml-2\\\/#breadcrumb\"},\"inLanguage\":\"ro-RO\",\"potentialAction\":[{\"@type\":\"ReadAction\",\"target\":[\"https:\\\/\\\/shopatoa.com\\\/ro\\\/histoires-de-parfums-1740-edp-120-ml-2\\\/\"]}]},{\"@type\":\"ImageObject\",\"inLanguage\":\"ro-RO\",\"@id\":\"https:\\\/\\\/shopatoa.com\\\/ro\\\/histoires-de-parfums-1740-edp-120-ml-2\\\/#primaryimage\",\"url\":\"https:\\\/\\\/storage.googleapis.com\\\/cz-shopatoa-img\\\/ro\\\/45adf7a5-unnamed-file.webp\",\"contentUrl\":\"https:\\\/\\\/storage.googleapis.com\\\/cz-shopatoa-img\\\/ro\\\/45adf7a5-unnamed-file.webp\",\"width\":800,\"height\":800},{\"@type\":\"BreadcrumbList\",\"@id\":\"https:\\\/\\\/shopatoa.com\\\/ro\\\/histoires-de-parfums-1740-edp-120-ml-2\\\/#breadcrumb\",\"itemListElement\":[{\"@type\":\"ListItem\",\"position\":1,\"name\":\"Dom\u016f\",\"item\":\"https:\\\/\\\/shopatoa.com\\\/ro\\\/\"},{\"@type\":\"ListItem\",\"position\":2,\"name\":\"Shop\",\"item\":\"https:\\\/\\\/shopatoa.com\\\/ro\\\/shop\\\/\"},{\"@type\":\"ListItem\",\"position\":3,\"name\":\"Parfumuri\",\"item\":\"https:\\\/\\\/shopatoa.com\\\/ro\\\/parfumuri\\\/\"},{\"@type\":\"ListItem\",\"position\":4,\"name\":\"Ape de parfum (EDP)\",\"item\":\"https:\\\/\\\/shopatoa.com\\\/ro\\\/ape-de-parfum-edp\\\/\"},{\"@type\":\"ListItem\",\"position\":5,\"name\":\"Histoires De Parfums 1740 &#8211; EDP 120 ml\"}]},{\"@type\":\"WebSite\",\"@id\":\"https:\\\/\\\/shopatoa.com\\\/ro\\\/#website\",\"url\":\"https:\\\/\\\/shopatoa.com\\\/ro\\\/\",\"name\":\"SHOPATOA\",\"description\":\"\",\"publisher\":{\"@id\":\"https:\\\/\\\/shopatoa.com\\\/ro\\\/#organization\"},\"potentialAction\":[{\"@type\":\"SearchAction\",\"target\":{\"@type\":\"EntryPoint\",\"urlTemplate\":\"https:\\\/\\\/shopatoa.com\\\/ro\\\/?s={search_term_string}\"},\"query-input\":{\"@type\":\"PropertyValueSpecification\",\"valueRequired\":true,\"valueName\":\"search_term_string\"}}],\"inLanguage\":\"ro-RO\"},{\"@type\":\"Organization\",\"@id\":\"https:\\\/\\\/shopatoa.com\\\/ro\\\/#organization\",\"name\":\"SHOPATOA\",\"url\":\"https:\\\/\\\/shopatoa.com\\\/ro\\\/\",\"logo\":{\"@type\":\"ImageObject\",\"inLanguage\":\"ro-RO\",\"@id\":\"https:\\\/\\\/shopatoa.com\\\/ro\\\/#\\\/schema\\\/logo\\\/image\\\/\",\"url\":\"https:\\\/\\\/storage.googleapis.com\\\/cz-shopatoa-img\\\/ro\\\/b4dac915-shopatoa_logo.png\",\"contentUrl\":\"https:\\\/\\\/storage.googleapis.com\\\/cz-shopatoa-img\\\/ro\\\/b4dac915-shopatoa_logo.png\",\"width\":416,\"height\":63,\"caption\":\"SHOPATOA\"},\"image\":{\"@id\":\"https:\\\/\\\/shopatoa.com\\\/ro\\\/#\\\/schema\\\/logo\\\/image\\\/\"}}]}<\/script>\n<!-- \/ Yoast SEO plugin. -->","yoast_head_json":{"title":"Histoires De Parfums 1740 - EDP 120 ml - SHOPATOA.COM","robots":{"index":"index","follow":"follow","max-snippet":"max-snippet:-1","max-image-preview":"max-image-preview:large","max-video-preview":"max-video-preview:-1"},"canonical":"https:\/\/shopatoa.com\/ro\/histoires-de-parfums-1740-edp-120-ml-2\/","og_locale":"ro_RO","og_type":"article","og_title":"Histoires De Parfums 1740 - EDP 120 ml - SHOPATOA.COM","og_description":"Experimenta\u021bi un parfum iconic inspirat din spiritul unuia dintre cei mai mari provocatori ai istoriei. 1740 de la marca Histoires De Parfums este o ap\u0103 de parfum care \u00eei aduce un omagiu lui Marquis de Sade &#8211; o personalitate \u00eendr\u0103znea\u021b\u0103 \u0219i neconven\u021bional\u0103. Acest parfum profund, senzual \u0219i de neuitat de rebeliune seduc\u0103toare v\u0103 invit\u0103 \u00eentr-o...","og_url":"https:\/\/shopatoa.com\/ro\/histoires-de-parfums-1740-edp-120-ml-2\/","og_site_name":"SHOPATOA","article_modified_time":"2025-11-07T23:35:21+00:00","og_image":[{"width":800,"height":800,"url":"https:\/\/storage.googleapis.com\/cz-shopatoa-img\/ro\/45adf7a5-unnamed-file.webp","type":"image\/webp"}],"twitter_card":"summary_large_image","twitter_misc":{"Timp estimat pentru citire":"1 minut"},"schema":{"@context":"https:\/\/schema.org","@graph":[{"@type":"WebPage","@id":"https:\/\/shopatoa.com\/ro\/histoires-de-parfums-1740-edp-120-ml-2\/","url":"https:\/\/shopatoa.com\/ro\/histoires-de-parfums-1740-edp-120-ml-2\/","name":"Histoires De Parfums 1740 - EDP 120 ml - SHOPATOA.COM","isPartOf":{"@id":"https:\/\/shopatoa.com\/ro\/#website"},"primaryImageOfPage":{"@id":"https:\/\/shopatoa.com\/ro\/histoires-de-parfums-1740-edp-120-ml-2\/#primaryimage"},"image":{"@id":"https:\/\/shopatoa.com\/ro\/histoires-de-parfums-1740-edp-120-ml-2\/#primaryimage"},"thumbnailUrl":"https:\/\/storage.googleapis.com\/cz-shopatoa-img\/ro\/45adf7a5-unnamed-file.webp","datePublished":"2025-05-21T22:37:29+00:00","dateModified":"2025-11-07T23:35:21+00:00","breadcrumb":{"@id":"https:\/\/shopatoa.com\/ro\/histoires-de-parfums-1740-edp-120-ml-2\/#breadcrumb"},"inLanguage":"ro-RO","potentialAction":[{"@type":"ReadAction","target":["https:\/\/shopatoa.com\/ro\/histoires-de-parfums-1740-edp-120-ml-2\/"]}]},{"@type":"ImageObject","inLanguage":"ro-RO","@id":"https:\/\/shopatoa.com\/ro\/histoires-de-parfums-1740-edp-120-ml-2\/#primaryimage","url":"https:\/\/storage.googleapis.com\/cz-shopatoa-img\/ro\/45adf7a5-unnamed-file.webp","contentUrl":"https:\/\/storage.googleapis.com\/cz-shopatoa-img\/ro\/45adf7a5-unnamed-file.webp","width":800,"height":800},{"@type":"BreadcrumbList","@id":"https:\/\/shopatoa.com\/ro\/histoires-de-parfums-1740-edp-120-ml-2\/#breadcrumb","itemListElement":[{"@type":"ListItem","position":1,"name":"Dom\u016f","item":"https:\/\/shopatoa.com\/ro\/"},{"@type":"ListItem","position":2,"name":"Shop","item":"https:\/\/shopatoa.com\/ro\/shop\/"},{"@type":"ListItem","position":3,"name":"Parfumuri","item":"https:\/\/shopatoa.com\/ro\/parfumuri\/"},{"@type":"ListItem","position":4,"name":"Ape de parfum (EDP)","item":"https:\/\/shopatoa.com\/ro\/ape-de-parfum-edp\/"},{"@type":"ListItem","position":5,"name":"Histoires De Parfums 1740 &#8211; EDP 120 ml"}]},{"@type":"WebSite","@id":"https:\/\/shopatoa.com\/ro\/#website","url":"https:\/\/shopatoa.com\/ro\/","name":"SHOPATOA","description":"","publisher":{"@id":"https:\/\/shopatoa.com\/ro\/#organization"},"potentialAction":[{"@type":"SearchAction","target":{"@type":"EntryPoint","urlTemplate":"https:\/\/shopatoa.com\/ro\/?s={search_term_string}"},"query-input":{"@type":"PropertyValueSpecification","valueRequired":true,"valueName":"search_term_string"}}],"inLanguage":"ro-RO"},{"@type":"Organization","@id":"https:\/\/shopatoa.com\/ro\/#organization","name":"SHOPATOA","url":"https:\/\/shopatoa.com\/ro\/","logo":{"@type":"ImageObject","inLanguage":"ro-RO","@id":"https:\/\/shopatoa.com\/ro\/#\/schema\/logo\/image\/","url":"https:\/\/storage.googleapis.com\/cz-shopatoa-img\/ro\/b4dac915-shopatoa_logo.png","contentUrl":"https:\/\/storage.googleapis.com\/cz-shopatoa-img\/ro\/b4dac915-shopatoa_logo.png","width":416,"height":63,"caption":"SHOPATOA"},"image":{"@id":"https:\/\/shopatoa.com\/ro\/#\/schema\/logo\/image\/"}}]}},"_links":{"self":[{"href":"https:\/\/shopatoa.com\/ro\/wp-json\/wp\/v2\/product\/369101","targetHints":{"allow":["GET"]}}],"collection":[{"href":"https:\/\/shopatoa.com\/ro\/wp-json\/wp\/v2\/product"}],"about":[{"href":"https:\/\/shopatoa.com\/ro\/wp-json\/wp\/v2\/types\/product"}],"replies":[{"embeddable":true,"href":"https:\/\/shopatoa.com\/ro\/wp-json\/wp\/v2\/comments?post=369101"}],"wp:featuredmedia":[{"embeddable":true,"href":"https:\/\/shopatoa.com\/ro\/wp-json\/wp\/v2\/media\/369102"}],"wp:attachment":[{"href":"https:\/\/shopatoa.com\/ro\/wp-json\/wp\/v2\/media?parent=369101"}],"wp:term":[{"taxonomy":"product_brand","embeddable":true,"href":"https:\/\/shopatoa.com\/ro\/wp-json\/wp\/v2\/product_brand?post=369101"},{"taxonomy":"product_cat","embeddable":true,"href":"https:\/\/shopatoa.com\/ro\/wp-json\/wp\/v2\/product_cat?post=369101"},{"taxonomy":"product_tag","embeddable":true,"href":"https:\/\/shopatoa.com\/ro\/wp-json\/wp\/v2\/product_tag?post=369101"}],"curies":[{"name":"wp","href":"https:\/\/api.w.org\/{rel}","templated":true}]}}