{"id":369112,"date":"2025-05-22T00:38:57","date_gmt":"2025-05-21T22:38:57","guid":{"rendered":"https:\/\/shopatoa.com\/ro\/nivea-emulsie-pentru-igiena-intima-intimo-wash-lotion-250-ml-2\/"},"modified":"2025-12-11T04:36:31","modified_gmt":"2025-12-11T03:36:31","slug":"nivea-emulsie-pentru-igiena-intima-intimo-wash-lotion-250-ml-2","status":"publish","type":"product","link":"https:\/\/shopatoa.com\/ro\/nivea-emulsie-pentru-igiena-intima-intimo-wash-lotion-250-ml-2\/","title":{"rendered":"Nivea Emulsie pentru igien\u0103 intim\u0103 Intimo (Wash Lotion) 250 ml"},"content":{"rendered":"<p>Ave\u021bi grij\u0103 de p\u0103r\u021bile intime cu emulsii cu mu\u0219e\u021bel, acid lactic \u0219i ulei organic de jojoba. Zona intim\u0103 merit\u0103 o \u00eengrijire deosebit de sensibil\u0103. Oferi\u021bi-le ce e mai bun. Emulsia delicat\u0103 cu ulei organic de jojoba \u0219i extracte de mu\u0219e\u021bel spal\u0103 delicat \u0219i protejeaz\u0103 \u00eempotriva bacteriilor \u0219i infec\u021biilor. Acidul lactic, la r\u00e2ndul s\u0103u, ajut\u0103 la men\u021binerea nivelului natural al pH-ului. Nu con\u021bine s\u0103pun alcalin. Va oferi o senza\u021bie de prospe\u021bime \u0219i confort. \u0218i aproape \u00een fiecare zi.<\/p>\n","protected":false},"excerpt":{"rendered":"<p>Ave\u021bi grij\u0103 de p\u0103r\u021bile intime cu emulsii cu mu\u0219e\u021bel, acid lactic \u0219i ulei organic de jojoba. Zona intim\u0103 merit\u0103 o \u00eengrijire deosebit de sensibil\u0103. Oferi\u021bi-le ce e mai bun. Emulsia delicat\u0103 cu ulei organic de jojoba \u0219i extracte de mu\u0219e\u021bel spal\u0103 delicat \u0219i protejeaz\u0103 \u00eempotriva bacteriilor \u0219i infec\u021biilor. Acidul lactic, la r\u00e2ndul s\u0103u, ajut\u0103 la&#8230;<\/p>\n","protected":false},"featured_media":369114,"comment_status":"closed","ping_status":"open","template":"","meta":{"_acf_changed":false,"_kadence_starter_templates_imported_post":false,"_kad_post_transparent":"","_kad_post_title":"","_kad_post_layout":"","_kad_post_sidebar_id":"","_kad_post_content_style":"","_kad_post_vertical_padding":"","_kad_post_feature":"","_kad_post_feature_position":"","_kad_post_header":false,"_kad_post_footer":false,"_kad_post_classname":""},"product_brand":[91],"product_cat":[246,724,723,611],"product_tag":[],"class_list":{"0":"post-369112","1":"product","2":"type-product","3":"status-publish","4":"has-post-thumbnail","6":"product_brand-nivea","7":"product_cat-cosmetice","8":"product_cat-cosmetice-igienice-intime","9":"product_cat-igiena-intima","10":"product_cat-produse-cosmetice-pentru-corp","12":"first","13":"instock","14":"sale","15":"product-type-external","16":"entry","17":"content-bg","18":"loop-entry"},"acf":[],"yoast_head":"<!-- This site is optimized with the Yoast SEO plugin v27.4 - https:\/\/yoast.com\/product\/yoast-seo-wordpress\/ -->\n<title>Nivea Emulsie pentru igien\u0103 intim\u0103 Intimo (Wash Lotion) 250 ml - SHOPATOA.COM<\/title>\n<meta name=\"robots\" content=\"index, follow, max-snippet:-1, max-image-preview:large, max-video-preview:-1\" \/>\n<link rel=\"canonical\" href=\"https:\/\/shopatoa.com\/ro\/nivea-emulsie-pentru-igiena-intima-intimo-wash-lotion-250-ml-2\/\" \/>\n<meta property=\"og:locale\" content=\"ro_RO\" \/>\n<meta property=\"og:type\" content=\"article\" \/>\n<meta property=\"og:title\" content=\"Nivea Emulsie pentru igien\u0103 intim\u0103 Intimo (Wash Lotion) 250 ml - SHOPATOA.COM\" \/>\n<meta property=\"og:description\" content=\"Ave\u021bi grij\u0103 de p\u0103r\u021bile intime cu emulsii cu mu\u0219e\u021bel, acid lactic \u0219i ulei organic de jojoba. Zona intim\u0103 merit\u0103 o \u00eengrijire deosebit de sensibil\u0103. Oferi\u021bi-le ce e mai bun. Emulsia delicat\u0103 cu ulei organic de jojoba \u0219i extracte de mu\u0219e\u021bel spal\u0103 delicat \u0219i protejeaz\u0103 \u00eempotriva bacteriilor \u0219i infec\u021biilor. Acidul lactic, la r\u00e2ndul s\u0103u, ajut\u0103 la...\" \/>\n<meta property=\"og:url\" content=\"https:\/\/shopatoa.com\/ro\/nivea-emulsie-pentru-igiena-intima-intimo-wash-lotion-250-ml-2\/\" \/>\n<meta property=\"og:site_name\" content=\"SHOPATOA\" \/>\n<meta property=\"article:modified_time\" content=\"2025-12-11T03:36:31+00:00\" \/>\n<meta property=\"og:image\" content=\"https:\/\/storage.googleapis.com\/cz-shopatoa-img\/ro\/365d5b00-unnamed-file.webp\" \/>\n\t<meta property=\"og:image:width\" content=\"800\" \/>\n\t<meta property=\"og:image:height\" content=\"800\" \/>\n\t<meta property=\"og:image:type\" content=\"image\/webp\" \/>\n<meta name=\"twitter:card\" content=\"summary_large_image\" \/>\n<script type=\"application\/ld+json\" class=\"yoast-schema-graph\">{\"@context\":\"https:\\\/\\\/schema.org\",\"@graph\":[{\"@type\":\"WebPage\",\"@id\":\"https:\\\/\\\/shopatoa.com\\\/ro\\\/nivea-emulsie-pentru-igiena-intima-intimo-wash-lotion-250-ml-2\\\/\",\"url\":\"https:\\\/\\\/shopatoa.com\\\/ro\\\/nivea-emulsie-pentru-igiena-intima-intimo-wash-lotion-250-ml-2\\\/\",\"name\":\"Nivea Emulsie pentru igien\u0103 intim\u0103 Intimo (Wash Lotion) 250 ml - SHOPATOA.COM\",\"isPartOf\":{\"@id\":\"https:\\\/\\\/shopatoa.com\\\/ro\\\/#website\"},\"primaryImageOfPage\":{\"@id\":\"https:\\\/\\\/shopatoa.com\\\/ro\\\/nivea-emulsie-pentru-igiena-intima-intimo-wash-lotion-250-ml-2\\\/#primaryimage\"},\"image\":{\"@id\":\"https:\\\/\\\/shopatoa.com\\\/ro\\\/nivea-emulsie-pentru-igiena-intima-intimo-wash-lotion-250-ml-2\\\/#primaryimage\"},\"thumbnailUrl\":\"https:\\\/\\\/storage.googleapis.com\\\/cz-shopatoa-img\\\/ro\\\/365d5b00-unnamed-file.webp\",\"datePublished\":\"2025-05-21T22:38:57+00:00\",\"dateModified\":\"2025-12-11T03:36:31+00:00\",\"breadcrumb\":{\"@id\":\"https:\\\/\\\/shopatoa.com\\\/ro\\\/nivea-emulsie-pentru-igiena-intima-intimo-wash-lotion-250-ml-2\\\/#breadcrumb\"},\"inLanguage\":\"ro-RO\",\"potentialAction\":[{\"@type\":\"ReadAction\",\"target\":[\"https:\\\/\\\/shopatoa.com\\\/ro\\\/nivea-emulsie-pentru-igiena-intima-intimo-wash-lotion-250-ml-2\\\/\"]}]},{\"@type\":\"ImageObject\",\"inLanguage\":\"ro-RO\",\"@id\":\"https:\\\/\\\/shopatoa.com\\\/ro\\\/nivea-emulsie-pentru-igiena-intima-intimo-wash-lotion-250-ml-2\\\/#primaryimage\",\"url\":\"https:\\\/\\\/storage.googleapis.com\\\/cz-shopatoa-img\\\/ro\\\/365d5b00-unnamed-file.webp\",\"contentUrl\":\"https:\\\/\\\/storage.googleapis.com\\\/cz-shopatoa-img\\\/ro\\\/365d5b00-unnamed-file.webp\",\"width\":800,\"height\":800},{\"@type\":\"BreadcrumbList\",\"@id\":\"https:\\\/\\\/shopatoa.com\\\/ro\\\/nivea-emulsie-pentru-igiena-intima-intimo-wash-lotion-250-ml-2\\\/#breadcrumb\",\"itemListElement\":[{\"@type\":\"ListItem\",\"position\":1,\"name\":\"Dom\u016f\",\"item\":\"https:\\\/\\\/shopatoa.com\\\/ro\\\/\"},{\"@type\":\"ListItem\",\"position\":2,\"name\":\"Shop\",\"item\":\"https:\\\/\\\/shopatoa.com\\\/ro\\\/shop\\\/\"},{\"@type\":\"ListItem\",\"position\":3,\"name\":\"Cosmetice\",\"item\":\"https:\\\/\\\/shopatoa.com\\\/ro\\\/cosmetice\\\/\"},{\"@type\":\"ListItem\",\"position\":4,\"name\":\"Produse cosmetice pentru corp\",\"item\":\"https:\\\/\\\/shopatoa.com\\\/ro\\\/produse-cosmetice-pentru-corp\\\/\"},{\"@type\":\"ListItem\",\"position\":5,\"name\":\"Igiena intim\u0103\",\"item\":\"https:\\\/\\\/shopatoa.com\\\/ro\\\/igiena-intima\\\/\"},{\"@type\":\"ListItem\",\"position\":6,\"name\":\"Cosmetice igienice intime\",\"item\":\"https:\\\/\\\/shopatoa.com\\\/ro\\\/cosmetice-igienice-intime\\\/\"},{\"@type\":\"ListItem\",\"position\":7,\"name\":\"Nivea Emulsie pentru igien\u0103 intim\u0103 Intimo (Wash Lotion) 250 ml\"}]},{\"@type\":\"WebSite\",\"@id\":\"https:\\\/\\\/shopatoa.com\\\/ro\\\/#website\",\"url\":\"https:\\\/\\\/shopatoa.com\\\/ro\\\/\",\"name\":\"SHOPATOA\",\"description\":\"\",\"publisher\":{\"@id\":\"https:\\\/\\\/shopatoa.com\\\/ro\\\/#organization\"},\"potentialAction\":[{\"@type\":\"SearchAction\",\"target\":{\"@type\":\"EntryPoint\",\"urlTemplate\":\"https:\\\/\\\/shopatoa.com\\\/ro\\\/?s={search_term_string}\"},\"query-input\":{\"@type\":\"PropertyValueSpecification\",\"valueRequired\":true,\"valueName\":\"search_term_string\"}}],\"inLanguage\":\"ro-RO\"},{\"@type\":\"Organization\",\"@id\":\"https:\\\/\\\/shopatoa.com\\\/ro\\\/#organization\",\"name\":\"SHOPATOA\",\"url\":\"https:\\\/\\\/shopatoa.com\\\/ro\\\/\",\"logo\":{\"@type\":\"ImageObject\",\"inLanguage\":\"ro-RO\",\"@id\":\"https:\\\/\\\/shopatoa.com\\\/ro\\\/#\\\/schema\\\/logo\\\/image\\\/\",\"url\":\"https:\\\/\\\/storage.googleapis.com\\\/cz-shopatoa-img\\\/ro\\\/b4dac915-shopatoa_logo.png\",\"contentUrl\":\"https:\\\/\\\/storage.googleapis.com\\\/cz-shopatoa-img\\\/ro\\\/b4dac915-shopatoa_logo.png\",\"width\":416,\"height\":63,\"caption\":\"SHOPATOA\"},\"image\":{\"@id\":\"https:\\\/\\\/shopatoa.com\\\/ro\\\/#\\\/schema\\\/logo\\\/image\\\/\"}}]}<\/script>\n<!-- \/ Yoast SEO plugin. -->","yoast_head_json":{"title":"Nivea Emulsie pentru igien\u0103 intim\u0103 Intimo (Wash Lotion) 250 ml - SHOPATOA.COM","robots":{"index":"index","follow":"follow","max-snippet":"max-snippet:-1","max-image-preview":"max-image-preview:large","max-video-preview":"max-video-preview:-1"},"canonical":"https:\/\/shopatoa.com\/ro\/nivea-emulsie-pentru-igiena-intima-intimo-wash-lotion-250-ml-2\/","og_locale":"ro_RO","og_type":"article","og_title":"Nivea Emulsie pentru igien\u0103 intim\u0103 Intimo (Wash Lotion) 250 ml - SHOPATOA.COM","og_description":"Ave\u021bi grij\u0103 de p\u0103r\u021bile intime cu emulsii cu mu\u0219e\u021bel, acid lactic \u0219i ulei organic de jojoba. Zona intim\u0103 merit\u0103 o \u00eengrijire deosebit de sensibil\u0103. Oferi\u021bi-le ce e mai bun. Emulsia delicat\u0103 cu ulei organic de jojoba \u0219i extracte de mu\u0219e\u021bel spal\u0103 delicat \u0219i protejeaz\u0103 \u00eempotriva bacteriilor \u0219i infec\u021biilor. Acidul lactic, la r\u00e2ndul s\u0103u, ajut\u0103 la...","og_url":"https:\/\/shopatoa.com\/ro\/nivea-emulsie-pentru-igiena-intima-intimo-wash-lotion-250-ml-2\/","og_site_name":"SHOPATOA","article_modified_time":"2025-12-11T03:36:31+00:00","og_image":[{"width":800,"height":800,"url":"https:\/\/storage.googleapis.com\/cz-shopatoa-img\/ro\/365d5b00-unnamed-file.webp","type":"image\/webp"}],"twitter_card":"summary_large_image","schema":{"@context":"https:\/\/schema.org","@graph":[{"@type":"WebPage","@id":"https:\/\/shopatoa.com\/ro\/nivea-emulsie-pentru-igiena-intima-intimo-wash-lotion-250-ml-2\/","url":"https:\/\/shopatoa.com\/ro\/nivea-emulsie-pentru-igiena-intima-intimo-wash-lotion-250-ml-2\/","name":"Nivea Emulsie pentru igien\u0103 intim\u0103 Intimo (Wash Lotion) 250 ml - SHOPATOA.COM","isPartOf":{"@id":"https:\/\/shopatoa.com\/ro\/#website"},"primaryImageOfPage":{"@id":"https:\/\/shopatoa.com\/ro\/nivea-emulsie-pentru-igiena-intima-intimo-wash-lotion-250-ml-2\/#primaryimage"},"image":{"@id":"https:\/\/shopatoa.com\/ro\/nivea-emulsie-pentru-igiena-intima-intimo-wash-lotion-250-ml-2\/#primaryimage"},"thumbnailUrl":"https:\/\/storage.googleapis.com\/cz-shopatoa-img\/ro\/365d5b00-unnamed-file.webp","datePublished":"2025-05-21T22:38:57+00:00","dateModified":"2025-12-11T03:36:31+00:00","breadcrumb":{"@id":"https:\/\/shopatoa.com\/ro\/nivea-emulsie-pentru-igiena-intima-intimo-wash-lotion-250-ml-2\/#breadcrumb"},"inLanguage":"ro-RO","potentialAction":[{"@type":"ReadAction","target":["https:\/\/shopatoa.com\/ro\/nivea-emulsie-pentru-igiena-intima-intimo-wash-lotion-250-ml-2\/"]}]},{"@type":"ImageObject","inLanguage":"ro-RO","@id":"https:\/\/shopatoa.com\/ro\/nivea-emulsie-pentru-igiena-intima-intimo-wash-lotion-250-ml-2\/#primaryimage","url":"https:\/\/storage.googleapis.com\/cz-shopatoa-img\/ro\/365d5b00-unnamed-file.webp","contentUrl":"https:\/\/storage.googleapis.com\/cz-shopatoa-img\/ro\/365d5b00-unnamed-file.webp","width":800,"height":800},{"@type":"BreadcrumbList","@id":"https:\/\/shopatoa.com\/ro\/nivea-emulsie-pentru-igiena-intima-intimo-wash-lotion-250-ml-2\/#breadcrumb","itemListElement":[{"@type":"ListItem","position":1,"name":"Dom\u016f","item":"https:\/\/shopatoa.com\/ro\/"},{"@type":"ListItem","position":2,"name":"Shop","item":"https:\/\/shopatoa.com\/ro\/shop\/"},{"@type":"ListItem","position":3,"name":"Cosmetice","item":"https:\/\/shopatoa.com\/ro\/cosmetice\/"},{"@type":"ListItem","position":4,"name":"Produse cosmetice pentru corp","item":"https:\/\/shopatoa.com\/ro\/produse-cosmetice-pentru-corp\/"},{"@type":"ListItem","position":5,"name":"Igiena intim\u0103","item":"https:\/\/shopatoa.com\/ro\/igiena-intima\/"},{"@type":"ListItem","position":6,"name":"Cosmetice igienice intime","item":"https:\/\/shopatoa.com\/ro\/cosmetice-igienice-intime\/"},{"@type":"ListItem","position":7,"name":"Nivea Emulsie pentru igien\u0103 intim\u0103 Intimo (Wash Lotion) 250 ml"}]},{"@type":"WebSite","@id":"https:\/\/shopatoa.com\/ro\/#website","url":"https:\/\/shopatoa.com\/ro\/","name":"SHOPATOA","description":"","publisher":{"@id":"https:\/\/shopatoa.com\/ro\/#organization"},"potentialAction":[{"@type":"SearchAction","target":{"@type":"EntryPoint","urlTemplate":"https:\/\/shopatoa.com\/ro\/?s={search_term_string}"},"query-input":{"@type":"PropertyValueSpecification","valueRequired":true,"valueName":"search_term_string"}}],"inLanguage":"ro-RO"},{"@type":"Organization","@id":"https:\/\/shopatoa.com\/ro\/#organization","name":"SHOPATOA","url":"https:\/\/shopatoa.com\/ro\/","logo":{"@type":"ImageObject","inLanguage":"ro-RO","@id":"https:\/\/shopatoa.com\/ro\/#\/schema\/logo\/image\/","url":"https:\/\/storage.googleapis.com\/cz-shopatoa-img\/ro\/b4dac915-shopatoa_logo.png","contentUrl":"https:\/\/storage.googleapis.com\/cz-shopatoa-img\/ro\/b4dac915-shopatoa_logo.png","width":416,"height":63,"caption":"SHOPATOA"},"image":{"@id":"https:\/\/shopatoa.com\/ro\/#\/schema\/logo\/image\/"}}]}},"_links":{"self":[{"href":"https:\/\/shopatoa.com\/ro\/wp-json\/wp\/v2\/product\/369112","targetHints":{"allow":["GET"]}}],"collection":[{"href":"https:\/\/shopatoa.com\/ro\/wp-json\/wp\/v2\/product"}],"about":[{"href":"https:\/\/shopatoa.com\/ro\/wp-json\/wp\/v2\/types\/product"}],"replies":[{"embeddable":true,"href":"https:\/\/shopatoa.com\/ro\/wp-json\/wp\/v2\/comments?post=369112"}],"wp:featuredmedia":[{"embeddable":true,"href":"https:\/\/shopatoa.com\/ro\/wp-json\/wp\/v2\/media\/369114"}],"wp:attachment":[{"href":"https:\/\/shopatoa.com\/ro\/wp-json\/wp\/v2\/media?parent=369112"}],"wp:term":[{"taxonomy":"product_brand","embeddable":true,"href":"https:\/\/shopatoa.com\/ro\/wp-json\/wp\/v2\/product_brand?post=369112"},{"taxonomy":"product_cat","embeddable":true,"href":"https:\/\/shopatoa.com\/ro\/wp-json\/wp\/v2\/product_cat?post=369112"},{"taxonomy":"product_tag","embeddable":true,"href":"https:\/\/shopatoa.com\/ro\/wp-json\/wp\/v2\/product_tag?post=369112"}],"curies":[{"name":"wp","href":"https:\/\/api.w.org\/{rel}","templated":true}]}}