{"id":369192,"date":"2025-05-22T00:41:56","date_gmt":"2025-05-21T22:41:56","guid":{"rendered":"https:\/\/shopatoa.com\/ro\/babyliss-pro-masina-de-tuns-profesionala-chameleon-fx-fx8700ie-2\/"},"modified":"2025-12-11T04:12:32","modified_gmt":"2025-12-11T03:12:32","slug":"babyliss-pro-masina-de-tuns-profesionala-chameleon-fx-fx8700ie-2","status":"publish","type":"product","link":"https:\/\/shopatoa.com\/ro\/babyliss-pro-masina-de-tuns-profesionala-chameleon-fx-fx8700ie-2\/","title":{"rendered":"BaByliss PRO Ma\u0219in\u0103 de tuns profesional\u0103 Chameleon Fx FX8700IE"},"content":{"rendered":"<p>Ma\u0219in\u0103 de tuns profesional\u0103 din metal cu motor digital, baterie litiu-ion \u0219i lame din titan care ofer\u0103 precizie perfect\u0103. Este potrivita at\u00e2t pentru coafuri tradi\u021bionale, c\u00e2t \u0219i pentru lucr\u0103ri de precizie, eforturi creative \u0219i artistice, cum ar fi nuan\u021be, desene \u0219i tatuaje pentru p\u0103r.<\/p>\n","protected":false},"excerpt":{"rendered":"<p>Ma\u0219in\u0103 de tuns profesional\u0103 din metal cu motor digital, baterie litiu-ion \u0219i lame din titan care ofer\u0103 precizie perfect\u0103. Este potrivita at\u00e2t pentru coafuri tradi\u021bionale, c\u00e2t \u0219i pentru lucr\u0103ri de precizie, eforturi creative \u0219i artistice, cum ar fi nuan\u021be, desene \u0219i tatuaje pentru p\u0103r.<\/p>\n","protected":false},"featured_media":369194,"comment_status":"closed","ping_status":"open","template":"","meta":{"_acf_changed":false,"_kadence_starter_templates_imported_post":false,"_kad_post_transparent":"","_kad_post_title":"","_kad_post_layout":"","_kad_post_sidebar_id":"","_kad_post_content_style":"","_kad_post_vertical_padding":"","_kad_post_feature":"","_kad_post_feature_position":"","_kad_post_header":false,"_kad_post_footer":false,"_kad_post_classname":""},"product_brand":[412],"product_cat":[763,246,623,624],"product_tag":[],"class_list":{"0":"post-369192","1":"product","2":"type-product","3":"status-publish","4":"has-post-thumbnail","6":"product_brand-babyliss-pro","7":"product_cat-aparate-de-tuns","8":"product_cat-cosmetice","9":"product_cat-produse-cosmetice-pentru-par","10":"product_cat-produse-aparate-si-accesorii-pentru-par","12":"first","13":"instock","14":"sale","15":"product-type-external","16":"entry","17":"content-bg","18":"loop-entry"},"acf":[],"yoast_head":"<!-- This site is optimized with the Yoast SEO plugin v27.4 - https:\/\/yoast.com\/product\/yoast-seo-wordpress\/ -->\n<title>BaByliss PRO Ma\u0219in\u0103 de tuns profesional\u0103 Chameleon Fx FX8700IE - SHOPATOA.COM<\/title>\n<meta name=\"robots\" content=\"index, follow, max-snippet:-1, max-image-preview:large, max-video-preview:-1\" \/>\n<link rel=\"canonical\" href=\"https:\/\/shopatoa.com\/ro\/babyliss-pro-masina-de-tuns-profesionala-chameleon-fx-fx8700ie-2\/\" \/>\n<meta property=\"og:locale\" content=\"ro_RO\" \/>\n<meta property=\"og:type\" content=\"article\" \/>\n<meta property=\"og:title\" content=\"BaByliss PRO Ma\u0219in\u0103 de tuns profesional\u0103 Chameleon Fx FX8700IE - SHOPATOA.COM\" \/>\n<meta property=\"og:description\" content=\"Ma\u0219in\u0103 de tuns profesional\u0103 din metal cu motor digital, baterie litiu-ion \u0219i lame din titan care ofer\u0103 precizie perfect\u0103. Este potrivita at\u00e2t pentru coafuri tradi\u021bionale, c\u00e2t \u0219i pentru lucr\u0103ri de precizie, eforturi creative \u0219i artistice, cum ar fi nuan\u021be, desene \u0219i tatuaje pentru p\u0103r.\" \/>\n<meta property=\"og:url\" content=\"https:\/\/shopatoa.com\/ro\/babyliss-pro-masina-de-tuns-profesionala-chameleon-fx-fx8700ie-2\/\" \/>\n<meta property=\"og:site_name\" content=\"SHOPATOA\" \/>\n<meta property=\"article:modified_time\" content=\"2025-12-11T03:12:32+00:00\" \/>\n<meta property=\"og:image\" content=\"https:\/\/storage.googleapis.com\/cz-shopatoa-img\/ro\/b91a1662-unnamed-file.webp\" \/>\n\t<meta property=\"og:image:width\" content=\"800\" \/>\n\t<meta property=\"og:image:height\" content=\"800\" \/>\n\t<meta property=\"og:image:type\" content=\"image\/webp\" \/>\n<meta name=\"twitter:card\" content=\"summary_large_image\" \/>\n<script type=\"application\/ld+json\" class=\"yoast-schema-graph\">{\"@context\":\"https:\\\/\\\/schema.org\",\"@graph\":[{\"@type\":\"WebPage\",\"@id\":\"https:\\\/\\\/shopatoa.com\\\/ro\\\/babyliss-pro-masina-de-tuns-profesionala-chameleon-fx-fx8700ie-2\\\/\",\"url\":\"https:\\\/\\\/shopatoa.com\\\/ro\\\/babyliss-pro-masina-de-tuns-profesionala-chameleon-fx-fx8700ie-2\\\/\",\"name\":\"BaByliss PRO Ma\u0219in\u0103 de tuns profesional\u0103 Chameleon Fx FX8700IE - SHOPATOA.COM\",\"isPartOf\":{\"@id\":\"https:\\\/\\\/shopatoa.com\\\/ro\\\/#website\"},\"primaryImageOfPage\":{\"@id\":\"https:\\\/\\\/shopatoa.com\\\/ro\\\/babyliss-pro-masina-de-tuns-profesionala-chameleon-fx-fx8700ie-2\\\/#primaryimage\"},\"image\":{\"@id\":\"https:\\\/\\\/shopatoa.com\\\/ro\\\/babyliss-pro-masina-de-tuns-profesionala-chameleon-fx-fx8700ie-2\\\/#primaryimage\"},\"thumbnailUrl\":\"https:\\\/\\\/storage.googleapis.com\\\/cz-shopatoa-img\\\/ro\\\/b91a1662-unnamed-file.webp\",\"datePublished\":\"2025-05-21T22:41:56+00:00\",\"dateModified\":\"2025-12-11T03:12:32+00:00\",\"breadcrumb\":{\"@id\":\"https:\\\/\\\/shopatoa.com\\\/ro\\\/babyliss-pro-masina-de-tuns-profesionala-chameleon-fx-fx8700ie-2\\\/#breadcrumb\"},\"inLanguage\":\"ro-RO\",\"potentialAction\":[{\"@type\":\"ReadAction\",\"target\":[\"https:\\\/\\\/shopatoa.com\\\/ro\\\/babyliss-pro-masina-de-tuns-profesionala-chameleon-fx-fx8700ie-2\\\/\"]}]},{\"@type\":\"ImageObject\",\"inLanguage\":\"ro-RO\",\"@id\":\"https:\\\/\\\/shopatoa.com\\\/ro\\\/babyliss-pro-masina-de-tuns-profesionala-chameleon-fx-fx8700ie-2\\\/#primaryimage\",\"url\":\"https:\\\/\\\/storage.googleapis.com\\\/cz-shopatoa-img\\\/ro\\\/b91a1662-unnamed-file.webp\",\"contentUrl\":\"https:\\\/\\\/storage.googleapis.com\\\/cz-shopatoa-img\\\/ro\\\/b91a1662-unnamed-file.webp\",\"width\":800,\"height\":800},{\"@type\":\"BreadcrumbList\",\"@id\":\"https:\\\/\\\/shopatoa.com\\\/ro\\\/babyliss-pro-masina-de-tuns-profesionala-chameleon-fx-fx8700ie-2\\\/#breadcrumb\",\"itemListElement\":[{\"@type\":\"ListItem\",\"position\":1,\"name\":\"Dom\u016f\",\"item\":\"https:\\\/\\\/shopatoa.com\\\/ro\\\/\"},{\"@type\":\"ListItem\",\"position\":2,\"name\":\"Shop\",\"item\":\"https:\\\/\\\/shopatoa.com\\\/ro\\\/shop\\\/\"},{\"@type\":\"ListItem\",\"position\":3,\"name\":\"Cosmetice\",\"item\":\"https:\\\/\\\/shopatoa.com\\\/ro\\\/cosmetice\\\/\"},{\"@type\":\"ListItem\",\"position\":4,\"name\":\"Produse cosmetice pentru p\u0103r\",\"item\":\"https:\\\/\\\/shopatoa.com\\\/ro\\\/produse-cosmetice-pentru-par\\\/\"},{\"@type\":\"ListItem\",\"position\":5,\"name\":\"Produse, aparate \u0219i accesorii pentru p\u0103r\",\"item\":\"https:\\\/\\\/shopatoa.com\\\/ro\\\/produse-aparate-si-accesorii-pentru-par\\\/\"},{\"@type\":\"ListItem\",\"position\":6,\"name\":\"Aparate de tuns\",\"item\":\"https:\\\/\\\/shopatoa.com\\\/ro\\\/aparate-de-tuns\\\/\"},{\"@type\":\"ListItem\",\"position\":7,\"name\":\"BaByliss PRO Ma\u0219in\u0103 de tuns profesional\u0103 Chameleon Fx FX8700IE\"}]},{\"@type\":\"WebSite\",\"@id\":\"https:\\\/\\\/shopatoa.com\\\/ro\\\/#website\",\"url\":\"https:\\\/\\\/shopatoa.com\\\/ro\\\/\",\"name\":\"SHOPATOA\",\"description\":\"\",\"publisher\":{\"@id\":\"https:\\\/\\\/shopatoa.com\\\/ro\\\/#organization\"},\"potentialAction\":[{\"@type\":\"SearchAction\",\"target\":{\"@type\":\"EntryPoint\",\"urlTemplate\":\"https:\\\/\\\/shopatoa.com\\\/ro\\\/?s={search_term_string}\"},\"query-input\":{\"@type\":\"PropertyValueSpecification\",\"valueRequired\":true,\"valueName\":\"search_term_string\"}}],\"inLanguage\":\"ro-RO\"},{\"@type\":\"Organization\",\"@id\":\"https:\\\/\\\/shopatoa.com\\\/ro\\\/#organization\",\"name\":\"SHOPATOA\",\"url\":\"https:\\\/\\\/shopatoa.com\\\/ro\\\/\",\"logo\":{\"@type\":\"ImageObject\",\"inLanguage\":\"ro-RO\",\"@id\":\"https:\\\/\\\/shopatoa.com\\\/ro\\\/#\\\/schema\\\/logo\\\/image\\\/\",\"url\":\"https:\\\/\\\/storage.googleapis.com\\\/cz-shopatoa-img\\\/ro\\\/b4dac915-shopatoa_logo.png\",\"contentUrl\":\"https:\\\/\\\/storage.googleapis.com\\\/cz-shopatoa-img\\\/ro\\\/b4dac915-shopatoa_logo.png\",\"width\":416,\"height\":63,\"caption\":\"SHOPATOA\"},\"image\":{\"@id\":\"https:\\\/\\\/shopatoa.com\\\/ro\\\/#\\\/schema\\\/logo\\\/image\\\/\"}}]}<\/script>\n<!-- \/ Yoast SEO plugin. -->","yoast_head_json":{"title":"BaByliss PRO Ma\u0219in\u0103 de tuns profesional\u0103 Chameleon Fx FX8700IE - SHOPATOA.COM","robots":{"index":"index","follow":"follow","max-snippet":"max-snippet:-1","max-image-preview":"max-image-preview:large","max-video-preview":"max-video-preview:-1"},"canonical":"https:\/\/shopatoa.com\/ro\/babyliss-pro-masina-de-tuns-profesionala-chameleon-fx-fx8700ie-2\/","og_locale":"ro_RO","og_type":"article","og_title":"BaByliss PRO Ma\u0219in\u0103 de tuns profesional\u0103 Chameleon Fx FX8700IE - SHOPATOA.COM","og_description":"Ma\u0219in\u0103 de tuns profesional\u0103 din metal cu motor digital, baterie litiu-ion \u0219i lame din titan care ofer\u0103 precizie perfect\u0103. Este potrivita at\u00e2t pentru coafuri tradi\u021bionale, c\u00e2t \u0219i pentru lucr\u0103ri de precizie, eforturi creative \u0219i artistice, cum ar fi nuan\u021be, desene \u0219i tatuaje pentru p\u0103r.","og_url":"https:\/\/shopatoa.com\/ro\/babyliss-pro-masina-de-tuns-profesionala-chameleon-fx-fx8700ie-2\/","og_site_name":"SHOPATOA","article_modified_time":"2025-12-11T03:12:32+00:00","og_image":[{"width":800,"height":800,"url":"https:\/\/storage.googleapis.com\/cz-shopatoa-img\/ro\/b91a1662-unnamed-file.webp","type":"image\/webp"}],"twitter_card":"summary_large_image","schema":{"@context":"https:\/\/schema.org","@graph":[{"@type":"WebPage","@id":"https:\/\/shopatoa.com\/ro\/babyliss-pro-masina-de-tuns-profesionala-chameleon-fx-fx8700ie-2\/","url":"https:\/\/shopatoa.com\/ro\/babyliss-pro-masina-de-tuns-profesionala-chameleon-fx-fx8700ie-2\/","name":"BaByliss PRO Ma\u0219in\u0103 de tuns profesional\u0103 Chameleon Fx FX8700IE - SHOPATOA.COM","isPartOf":{"@id":"https:\/\/shopatoa.com\/ro\/#website"},"primaryImageOfPage":{"@id":"https:\/\/shopatoa.com\/ro\/babyliss-pro-masina-de-tuns-profesionala-chameleon-fx-fx8700ie-2\/#primaryimage"},"image":{"@id":"https:\/\/shopatoa.com\/ro\/babyliss-pro-masina-de-tuns-profesionala-chameleon-fx-fx8700ie-2\/#primaryimage"},"thumbnailUrl":"https:\/\/storage.googleapis.com\/cz-shopatoa-img\/ro\/b91a1662-unnamed-file.webp","datePublished":"2025-05-21T22:41:56+00:00","dateModified":"2025-12-11T03:12:32+00:00","breadcrumb":{"@id":"https:\/\/shopatoa.com\/ro\/babyliss-pro-masina-de-tuns-profesionala-chameleon-fx-fx8700ie-2\/#breadcrumb"},"inLanguage":"ro-RO","potentialAction":[{"@type":"ReadAction","target":["https:\/\/shopatoa.com\/ro\/babyliss-pro-masina-de-tuns-profesionala-chameleon-fx-fx8700ie-2\/"]}]},{"@type":"ImageObject","inLanguage":"ro-RO","@id":"https:\/\/shopatoa.com\/ro\/babyliss-pro-masina-de-tuns-profesionala-chameleon-fx-fx8700ie-2\/#primaryimage","url":"https:\/\/storage.googleapis.com\/cz-shopatoa-img\/ro\/b91a1662-unnamed-file.webp","contentUrl":"https:\/\/storage.googleapis.com\/cz-shopatoa-img\/ro\/b91a1662-unnamed-file.webp","width":800,"height":800},{"@type":"BreadcrumbList","@id":"https:\/\/shopatoa.com\/ro\/babyliss-pro-masina-de-tuns-profesionala-chameleon-fx-fx8700ie-2\/#breadcrumb","itemListElement":[{"@type":"ListItem","position":1,"name":"Dom\u016f","item":"https:\/\/shopatoa.com\/ro\/"},{"@type":"ListItem","position":2,"name":"Shop","item":"https:\/\/shopatoa.com\/ro\/shop\/"},{"@type":"ListItem","position":3,"name":"Cosmetice","item":"https:\/\/shopatoa.com\/ro\/cosmetice\/"},{"@type":"ListItem","position":4,"name":"Produse cosmetice pentru p\u0103r","item":"https:\/\/shopatoa.com\/ro\/produse-cosmetice-pentru-par\/"},{"@type":"ListItem","position":5,"name":"Produse, aparate \u0219i accesorii pentru p\u0103r","item":"https:\/\/shopatoa.com\/ro\/produse-aparate-si-accesorii-pentru-par\/"},{"@type":"ListItem","position":6,"name":"Aparate de tuns","item":"https:\/\/shopatoa.com\/ro\/aparate-de-tuns\/"},{"@type":"ListItem","position":7,"name":"BaByliss PRO Ma\u0219in\u0103 de tuns profesional\u0103 Chameleon Fx FX8700IE"}]},{"@type":"WebSite","@id":"https:\/\/shopatoa.com\/ro\/#website","url":"https:\/\/shopatoa.com\/ro\/","name":"SHOPATOA","description":"","publisher":{"@id":"https:\/\/shopatoa.com\/ro\/#organization"},"potentialAction":[{"@type":"SearchAction","target":{"@type":"EntryPoint","urlTemplate":"https:\/\/shopatoa.com\/ro\/?s={search_term_string}"},"query-input":{"@type":"PropertyValueSpecification","valueRequired":true,"valueName":"search_term_string"}}],"inLanguage":"ro-RO"},{"@type":"Organization","@id":"https:\/\/shopatoa.com\/ro\/#organization","name":"SHOPATOA","url":"https:\/\/shopatoa.com\/ro\/","logo":{"@type":"ImageObject","inLanguage":"ro-RO","@id":"https:\/\/shopatoa.com\/ro\/#\/schema\/logo\/image\/","url":"https:\/\/storage.googleapis.com\/cz-shopatoa-img\/ro\/b4dac915-shopatoa_logo.png","contentUrl":"https:\/\/storage.googleapis.com\/cz-shopatoa-img\/ro\/b4dac915-shopatoa_logo.png","width":416,"height":63,"caption":"SHOPATOA"},"image":{"@id":"https:\/\/shopatoa.com\/ro\/#\/schema\/logo\/image\/"}}]}},"_links":{"self":[{"href":"https:\/\/shopatoa.com\/ro\/wp-json\/wp\/v2\/product\/369192","targetHints":{"allow":["GET"]}}],"collection":[{"href":"https:\/\/shopatoa.com\/ro\/wp-json\/wp\/v2\/product"}],"about":[{"href":"https:\/\/shopatoa.com\/ro\/wp-json\/wp\/v2\/types\/product"}],"replies":[{"embeddable":true,"href":"https:\/\/shopatoa.com\/ro\/wp-json\/wp\/v2\/comments?post=369192"}],"wp:featuredmedia":[{"embeddable":true,"href":"https:\/\/shopatoa.com\/ro\/wp-json\/wp\/v2\/media\/369194"}],"wp:attachment":[{"href":"https:\/\/shopatoa.com\/ro\/wp-json\/wp\/v2\/media?parent=369192"}],"wp:term":[{"taxonomy":"product_brand","embeddable":true,"href":"https:\/\/shopatoa.com\/ro\/wp-json\/wp\/v2\/product_brand?post=369192"},{"taxonomy":"product_cat","embeddable":true,"href":"https:\/\/shopatoa.com\/ro\/wp-json\/wp\/v2\/product_cat?post=369192"},{"taxonomy":"product_tag","embeddable":true,"href":"https:\/\/shopatoa.com\/ro\/wp-json\/wp\/v2\/product_tag?post=369192"}],"curies":[{"name":"wp","href":"https:\/\/api.w.org\/{rel}","templated":true}]}}