{"id":369665,"date":"2025-05-22T00:59:38","date_gmt":"2025-05-21T22:59:38","guid":{"rendered":"https:\/\/shopatoa.com\/ro\/rabanne-invictus-victory-elixir-intense-parfum-50-ml-2\/"},"modified":"2025-12-12T15:42:32","modified_gmt":"2025-12-12T14:42:32","slug":"rabanne-invictus-victory-elixir-intense-parfum-50-ml-2","status":"publish","type":"product","link":"https:\/\/shopatoa.com\/ro\/rabanne-invictus-victory-elixir-intense-parfum-50-ml-2\/","title":{"rendered":"Rabanne Invictus Victory Elixir Intense &#8211; parfum 50 ml"},"content":{"rendered":"<p>Descoperi\u021bi popularul parfum pentru b\u0103rba\u021bi Invictus Victory \u00eentr-o form\u0103 nou\u0103, \u0219i mai puternic\u0103 \u0219i mai intens\u0103. Parfumul Invictus Victory Elixir Intense \u00ee\u021bi va \u00eempinge op\u021biunile dincolo de zona ta de confort \u0219i va ridica victoria la un nivel cu totul nou. Elixirul care provoac\u0103 dependen\u021b\u0103 reprezint\u0103 punctul culminant al intensit\u0103\u021bii Invictus, f\u0103c\u00e2ndu-v\u0103 gata s\u0103 face\u021bi fa\u021b\u0103 oric\u0103rei provoc\u0103ri. Aroma condimentat\u0103 irezistibil de atractiv\u0103 a piperului negru \u0219i a cardamomului \u00eenmoaie notele armonioase de lavand\u0103 \u00een deschidere. Inima este dominat\u0103 de aroma misterioas\u0103 a t\u0103m\u00e2iei \u0219i acordurile intense de paciuli, \u00eenvelite in boabe de vanilie \u0219i boabe de tonka. Deveni\u021bi o legend\u0103 \u0219i tr\u0103i\u021bi-v\u0103 momentul de glorie cu un parfum unic care v\u0103 captiveaz\u0103 nu numai cu parfumul s\u0103u impresionant, ci \u0219i cu sticla iconic\u0103 \u00een form\u0103 de trofeu. Parfumul a fost lansat pe pia\u021b\u0103 \u00een anul 2023.<\/p>\n","protected":false},"excerpt":{"rendered":"<p>Descoperi\u021bi popularul parfum pentru b\u0103rba\u021bi Invictus Victory \u00eentr-o form\u0103 nou\u0103, \u0219i mai puternic\u0103 \u0219i mai intens\u0103. Parfumul Invictus Victory Elixir Intense \u00ee\u021bi va \u00eempinge op\u021biunile dincolo de zona ta de confort \u0219i va ridica victoria la un nivel cu totul nou. Elixirul care provoac\u0103 dependen\u021b\u0103 reprezint\u0103 punctul culminant al intensit\u0103\u021bii Invictus, f\u0103c\u00e2ndu-v\u0103 gata s\u0103 face\u021bi&#8230;<\/p>\n","protected":false},"featured_media":369666,"comment_status":"closed","ping_status":"open","template":"","meta":{"_acf_changed":false,"_kadence_starter_templates_imported_post":false,"_kad_post_transparent":"","_kad_post_title":"","_kad_post_layout":"","_kad_post_sidebar_id":"","_kad_post_content_style":"","_kad_post_vertical_padding":"","_kad_post_feature":"","_kad_post_feature_position":"","_kad_post_header":false,"_kad_post_footer":false,"_kad_post_classname":""},"product_brand":[33],"product_cat":[614,652],"product_tag":[],"class_list":{"0":"post-369665","1":"product","2":"type-product","3":"status-publish","4":"has-post-thumbnail","6":"product_brand-rabanne","7":"product_cat-parfumuri","8":"product_cat-parfumuri-p","10":"first","11":"instock","12":"sale","13":"product-type-external","14":"entry","15":"content-bg","16":"loop-entry"},"acf":[],"yoast_head":"<!-- This site is optimized with the Yoast SEO plugin v27.4 - https:\/\/yoast.com\/product\/yoast-seo-wordpress\/ -->\n<title>Rabanne Invictus Victory Elixir Intense - parfum 50 ml - SHOPATOA.COM<\/title>\n<meta name=\"robots\" content=\"index, follow, max-snippet:-1, max-image-preview:large, max-video-preview:-1\" \/>\n<link rel=\"canonical\" href=\"https:\/\/shopatoa.com\/ro\/rabanne-invictus-victory-elixir-intense-parfum-50-ml-2\/\" \/>\n<meta property=\"og:locale\" content=\"ro_RO\" \/>\n<meta property=\"og:type\" content=\"article\" \/>\n<meta property=\"og:title\" content=\"Rabanne Invictus Victory Elixir Intense - parfum 50 ml - SHOPATOA.COM\" \/>\n<meta property=\"og:description\" content=\"Descoperi\u021bi popularul parfum pentru b\u0103rba\u021bi Invictus Victory \u00eentr-o form\u0103 nou\u0103, \u0219i mai puternic\u0103 \u0219i mai intens\u0103. Parfumul Invictus Victory Elixir Intense \u00ee\u021bi va \u00eempinge op\u021biunile dincolo de zona ta de confort \u0219i va ridica victoria la un nivel cu totul nou. Elixirul care provoac\u0103 dependen\u021b\u0103 reprezint\u0103 punctul culminant al intensit\u0103\u021bii Invictus, f\u0103c\u00e2ndu-v\u0103 gata s\u0103 face\u021bi...\" \/>\n<meta property=\"og:url\" content=\"https:\/\/shopatoa.com\/ro\/rabanne-invictus-victory-elixir-intense-parfum-50-ml-2\/\" \/>\n<meta property=\"og:site_name\" content=\"SHOPATOA\" \/>\n<meta property=\"article:modified_time\" content=\"2025-12-12T14:42:32+00:00\" \/>\n<meta property=\"og:image\" content=\"https:\/\/storage.googleapis.com\/cz-shopatoa-img\/ro\/3629040e-unnamed-file.webp\" \/>\n\t<meta property=\"og:image:width\" content=\"800\" \/>\n\t<meta property=\"og:image:height\" content=\"800\" \/>\n\t<meta property=\"og:image:type\" content=\"image\/webp\" \/>\n<meta name=\"twitter:card\" content=\"summary_large_image\" \/>\n<meta name=\"twitter:label1\" content=\"Timp estimat pentru citire\" \/>\n\t<meta name=\"twitter:data1\" content=\"1 minut\" \/>\n<script type=\"application\/ld+json\" class=\"yoast-schema-graph\">{\"@context\":\"https:\\\/\\\/schema.org\",\"@graph\":[{\"@type\":\"WebPage\",\"@id\":\"https:\\\/\\\/shopatoa.com\\\/ro\\\/rabanne-invictus-victory-elixir-intense-parfum-50-ml-2\\\/\",\"url\":\"https:\\\/\\\/shopatoa.com\\\/ro\\\/rabanne-invictus-victory-elixir-intense-parfum-50-ml-2\\\/\",\"name\":\"Rabanne Invictus Victory Elixir Intense - parfum 50 ml - SHOPATOA.COM\",\"isPartOf\":{\"@id\":\"https:\\\/\\\/shopatoa.com\\\/ro\\\/#website\"},\"primaryImageOfPage\":{\"@id\":\"https:\\\/\\\/shopatoa.com\\\/ro\\\/rabanne-invictus-victory-elixir-intense-parfum-50-ml-2\\\/#primaryimage\"},\"image\":{\"@id\":\"https:\\\/\\\/shopatoa.com\\\/ro\\\/rabanne-invictus-victory-elixir-intense-parfum-50-ml-2\\\/#primaryimage\"},\"thumbnailUrl\":\"https:\\\/\\\/storage.googleapis.com\\\/cz-shopatoa-img\\\/ro\\\/3629040e-unnamed-file.webp\",\"datePublished\":\"2025-05-21T22:59:38+00:00\",\"dateModified\":\"2025-12-12T14:42:32+00:00\",\"breadcrumb\":{\"@id\":\"https:\\\/\\\/shopatoa.com\\\/ro\\\/rabanne-invictus-victory-elixir-intense-parfum-50-ml-2\\\/#breadcrumb\"},\"inLanguage\":\"ro-RO\",\"potentialAction\":[{\"@type\":\"ReadAction\",\"target\":[\"https:\\\/\\\/shopatoa.com\\\/ro\\\/rabanne-invictus-victory-elixir-intense-parfum-50-ml-2\\\/\"]}]},{\"@type\":\"ImageObject\",\"inLanguage\":\"ro-RO\",\"@id\":\"https:\\\/\\\/shopatoa.com\\\/ro\\\/rabanne-invictus-victory-elixir-intense-parfum-50-ml-2\\\/#primaryimage\",\"url\":\"https:\\\/\\\/storage.googleapis.com\\\/cz-shopatoa-img\\\/ro\\\/3629040e-unnamed-file.webp\",\"contentUrl\":\"https:\\\/\\\/storage.googleapis.com\\\/cz-shopatoa-img\\\/ro\\\/3629040e-unnamed-file.webp\",\"width\":800,\"height\":800},{\"@type\":\"BreadcrumbList\",\"@id\":\"https:\\\/\\\/shopatoa.com\\\/ro\\\/rabanne-invictus-victory-elixir-intense-parfum-50-ml-2\\\/#breadcrumb\",\"itemListElement\":[{\"@type\":\"ListItem\",\"position\":1,\"name\":\"Dom\u016f\",\"item\":\"https:\\\/\\\/shopatoa.com\\\/ro\\\/\"},{\"@type\":\"ListItem\",\"position\":2,\"name\":\"Shop\",\"item\":\"https:\\\/\\\/shopatoa.com\\\/ro\\\/shop\\\/\"},{\"@type\":\"ListItem\",\"position\":3,\"name\":\"Parfumuri\",\"item\":\"https:\\\/\\\/shopatoa.com\\\/ro\\\/parfumuri\\\/\"},{\"@type\":\"ListItem\",\"position\":4,\"name\":\"Parfumuri (P)\",\"item\":\"https:\\\/\\\/shopatoa.com\\\/ro\\\/parfumuri-p\\\/\"},{\"@type\":\"ListItem\",\"position\":5,\"name\":\"Rabanne Invictus Victory Elixir Intense &#8211; parfum 50 ml\"}]},{\"@type\":\"WebSite\",\"@id\":\"https:\\\/\\\/shopatoa.com\\\/ro\\\/#website\",\"url\":\"https:\\\/\\\/shopatoa.com\\\/ro\\\/\",\"name\":\"SHOPATOA\",\"description\":\"\",\"publisher\":{\"@id\":\"https:\\\/\\\/shopatoa.com\\\/ro\\\/#organization\"},\"potentialAction\":[{\"@type\":\"SearchAction\",\"target\":{\"@type\":\"EntryPoint\",\"urlTemplate\":\"https:\\\/\\\/shopatoa.com\\\/ro\\\/?s={search_term_string}\"},\"query-input\":{\"@type\":\"PropertyValueSpecification\",\"valueRequired\":true,\"valueName\":\"search_term_string\"}}],\"inLanguage\":\"ro-RO\"},{\"@type\":\"Organization\",\"@id\":\"https:\\\/\\\/shopatoa.com\\\/ro\\\/#organization\",\"name\":\"SHOPATOA\",\"url\":\"https:\\\/\\\/shopatoa.com\\\/ro\\\/\",\"logo\":{\"@type\":\"ImageObject\",\"inLanguage\":\"ro-RO\",\"@id\":\"https:\\\/\\\/shopatoa.com\\\/ro\\\/#\\\/schema\\\/logo\\\/image\\\/\",\"url\":\"https:\\\/\\\/storage.googleapis.com\\\/cz-shopatoa-img\\\/ro\\\/b4dac915-shopatoa_logo.png\",\"contentUrl\":\"https:\\\/\\\/storage.googleapis.com\\\/cz-shopatoa-img\\\/ro\\\/b4dac915-shopatoa_logo.png\",\"width\":416,\"height\":63,\"caption\":\"SHOPATOA\"},\"image\":{\"@id\":\"https:\\\/\\\/shopatoa.com\\\/ro\\\/#\\\/schema\\\/logo\\\/image\\\/\"}}]}<\/script>\n<!-- \/ Yoast SEO plugin. -->","yoast_head_json":{"title":"Rabanne Invictus Victory Elixir Intense - parfum 50 ml - SHOPATOA.COM","robots":{"index":"index","follow":"follow","max-snippet":"max-snippet:-1","max-image-preview":"max-image-preview:large","max-video-preview":"max-video-preview:-1"},"canonical":"https:\/\/shopatoa.com\/ro\/rabanne-invictus-victory-elixir-intense-parfum-50-ml-2\/","og_locale":"ro_RO","og_type":"article","og_title":"Rabanne Invictus Victory Elixir Intense - parfum 50 ml - SHOPATOA.COM","og_description":"Descoperi\u021bi popularul parfum pentru b\u0103rba\u021bi Invictus Victory \u00eentr-o form\u0103 nou\u0103, \u0219i mai puternic\u0103 \u0219i mai intens\u0103. Parfumul Invictus Victory Elixir Intense \u00ee\u021bi va \u00eempinge op\u021biunile dincolo de zona ta de confort \u0219i va ridica victoria la un nivel cu totul nou. Elixirul care provoac\u0103 dependen\u021b\u0103 reprezint\u0103 punctul culminant al intensit\u0103\u021bii Invictus, f\u0103c\u00e2ndu-v\u0103 gata s\u0103 face\u021bi...","og_url":"https:\/\/shopatoa.com\/ro\/rabanne-invictus-victory-elixir-intense-parfum-50-ml-2\/","og_site_name":"SHOPATOA","article_modified_time":"2025-12-12T14:42:32+00:00","og_image":[{"width":800,"height":800,"url":"https:\/\/storage.googleapis.com\/cz-shopatoa-img\/ro\/3629040e-unnamed-file.webp","type":"image\/webp"}],"twitter_card":"summary_large_image","twitter_misc":{"Timp estimat pentru citire":"1 minut"},"schema":{"@context":"https:\/\/schema.org","@graph":[{"@type":"WebPage","@id":"https:\/\/shopatoa.com\/ro\/rabanne-invictus-victory-elixir-intense-parfum-50-ml-2\/","url":"https:\/\/shopatoa.com\/ro\/rabanne-invictus-victory-elixir-intense-parfum-50-ml-2\/","name":"Rabanne Invictus Victory Elixir Intense - parfum 50 ml - SHOPATOA.COM","isPartOf":{"@id":"https:\/\/shopatoa.com\/ro\/#website"},"primaryImageOfPage":{"@id":"https:\/\/shopatoa.com\/ro\/rabanne-invictus-victory-elixir-intense-parfum-50-ml-2\/#primaryimage"},"image":{"@id":"https:\/\/shopatoa.com\/ro\/rabanne-invictus-victory-elixir-intense-parfum-50-ml-2\/#primaryimage"},"thumbnailUrl":"https:\/\/storage.googleapis.com\/cz-shopatoa-img\/ro\/3629040e-unnamed-file.webp","datePublished":"2025-05-21T22:59:38+00:00","dateModified":"2025-12-12T14:42:32+00:00","breadcrumb":{"@id":"https:\/\/shopatoa.com\/ro\/rabanne-invictus-victory-elixir-intense-parfum-50-ml-2\/#breadcrumb"},"inLanguage":"ro-RO","potentialAction":[{"@type":"ReadAction","target":["https:\/\/shopatoa.com\/ro\/rabanne-invictus-victory-elixir-intense-parfum-50-ml-2\/"]}]},{"@type":"ImageObject","inLanguage":"ro-RO","@id":"https:\/\/shopatoa.com\/ro\/rabanne-invictus-victory-elixir-intense-parfum-50-ml-2\/#primaryimage","url":"https:\/\/storage.googleapis.com\/cz-shopatoa-img\/ro\/3629040e-unnamed-file.webp","contentUrl":"https:\/\/storage.googleapis.com\/cz-shopatoa-img\/ro\/3629040e-unnamed-file.webp","width":800,"height":800},{"@type":"BreadcrumbList","@id":"https:\/\/shopatoa.com\/ro\/rabanne-invictus-victory-elixir-intense-parfum-50-ml-2\/#breadcrumb","itemListElement":[{"@type":"ListItem","position":1,"name":"Dom\u016f","item":"https:\/\/shopatoa.com\/ro\/"},{"@type":"ListItem","position":2,"name":"Shop","item":"https:\/\/shopatoa.com\/ro\/shop\/"},{"@type":"ListItem","position":3,"name":"Parfumuri","item":"https:\/\/shopatoa.com\/ro\/parfumuri\/"},{"@type":"ListItem","position":4,"name":"Parfumuri (P)","item":"https:\/\/shopatoa.com\/ro\/parfumuri-p\/"},{"@type":"ListItem","position":5,"name":"Rabanne Invictus Victory Elixir Intense &#8211; parfum 50 ml"}]},{"@type":"WebSite","@id":"https:\/\/shopatoa.com\/ro\/#website","url":"https:\/\/shopatoa.com\/ro\/","name":"SHOPATOA","description":"","publisher":{"@id":"https:\/\/shopatoa.com\/ro\/#organization"},"potentialAction":[{"@type":"SearchAction","target":{"@type":"EntryPoint","urlTemplate":"https:\/\/shopatoa.com\/ro\/?s={search_term_string}"},"query-input":{"@type":"PropertyValueSpecification","valueRequired":true,"valueName":"search_term_string"}}],"inLanguage":"ro-RO"},{"@type":"Organization","@id":"https:\/\/shopatoa.com\/ro\/#organization","name":"SHOPATOA","url":"https:\/\/shopatoa.com\/ro\/","logo":{"@type":"ImageObject","inLanguage":"ro-RO","@id":"https:\/\/shopatoa.com\/ro\/#\/schema\/logo\/image\/","url":"https:\/\/storage.googleapis.com\/cz-shopatoa-img\/ro\/b4dac915-shopatoa_logo.png","contentUrl":"https:\/\/storage.googleapis.com\/cz-shopatoa-img\/ro\/b4dac915-shopatoa_logo.png","width":416,"height":63,"caption":"SHOPATOA"},"image":{"@id":"https:\/\/shopatoa.com\/ro\/#\/schema\/logo\/image\/"}}]}},"_links":{"self":[{"href":"https:\/\/shopatoa.com\/ro\/wp-json\/wp\/v2\/product\/369665","targetHints":{"allow":["GET"]}}],"collection":[{"href":"https:\/\/shopatoa.com\/ro\/wp-json\/wp\/v2\/product"}],"about":[{"href":"https:\/\/shopatoa.com\/ro\/wp-json\/wp\/v2\/types\/product"}],"replies":[{"embeddable":true,"href":"https:\/\/shopatoa.com\/ro\/wp-json\/wp\/v2\/comments?post=369665"}],"wp:featuredmedia":[{"embeddable":true,"href":"https:\/\/shopatoa.com\/ro\/wp-json\/wp\/v2\/media\/369666"}],"wp:attachment":[{"href":"https:\/\/shopatoa.com\/ro\/wp-json\/wp\/v2\/media?parent=369665"}],"wp:term":[{"taxonomy":"product_brand","embeddable":true,"href":"https:\/\/shopatoa.com\/ro\/wp-json\/wp\/v2\/product_brand?post=369665"},{"taxonomy":"product_cat","embeddable":true,"href":"https:\/\/shopatoa.com\/ro\/wp-json\/wp\/v2\/product_cat?post=369665"},{"taxonomy":"product_tag","embeddable":true,"href":"https:\/\/shopatoa.com\/ro\/wp-json\/wp\/v2\/product_tag?post=369665"}],"curies":[{"name":"wp","href":"https:\/\/api.w.org\/{rel}","templated":true}]}}