{"id":369720,"date":"2025-05-22T01:01:42","date_gmt":"2025-05-21T23:01:42","guid":{"rendered":"https:\/\/shopatoa.com\/ro\/bellissima-placa-de-par-11948-creativity-infrared-2\/"},"modified":"2025-12-10T23:55:28","modified_gmt":"2025-12-10T22:55:28","slug":"bellissima-placa-de-par-11948-creativity-infrared-2","status":"publish","type":"product","link":"https:\/\/shopatoa.com\/ro\/bellissima-placa-de-par-11948-creativity-infrared-2\/","title":{"rendered":"Bellissima Plac\u0103 de p\u0103r 11948 Creativity Infrared"},"content":{"rendered":"<p>Placa de p\u0103r, dotat\u0103 cu tehnologie infraro\u0219u \u0219i un strat combinat din ceramic\u0103 \u0219i keratin\u0103, asigur\u0103 o \u00eendreptare \u0219i coafare delicat\u0103, dar eficient\u0103. Tehnologia infraro\u0219ie permite ca c\u0103ldura s\u0103 p\u0103trund\u0103 \u00een ad\u00e2ncurile firului de p\u0103r, reduc\u00e2nd semnificativ riscul de deteriorare. Dispun\u00e2nd de 11 set\u0103ri de temperatur\u0103 reglabile, cu valori \u00eentre 130\u00b0C \u0219i 230\u00b0C, produsul se potrive\u0219te oric\u0103rui tip de p\u0103r. Forma sa rotunjit\u0103 faciliteaz\u0103 nu doar \u00eendreptarea perfect\u0103, ci \u0219i formarea de bucle naturale. \u00cen timp ce sistemul dublu de eficien\u021b\u0103 garanteaz\u0103 o alunecare uniform\u0103 \u0219i un rezultat durabil.<\/p>\n","protected":false},"excerpt":{"rendered":"<p>Placa de p\u0103r, dotat\u0103 cu tehnologie infraro\u0219u \u0219i un strat combinat din ceramic\u0103 \u0219i keratin\u0103, asigur\u0103 o \u00eendreptare \u0219i coafare delicat\u0103, dar eficient\u0103. Tehnologia infraro\u0219ie permite ca c\u0103ldura s\u0103 p\u0103trund\u0103 \u00een ad\u00e2ncurile firului de p\u0103r, reduc\u00e2nd semnificativ riscul de deteriorare. Dispun\u00e2nd de 11 set\u0103ri de temperatur\u0103 reglabile, cu valori \u00eentre 130\u00b0C \u0219i 230\u00b0C, produsul se&#8230;<\/p>\n","protected":false},"featured_media":369722,"comment_status":"closed","ping_status":"open","template":"","meta":{"_acf_changed":false,"_kadence_starter_templates_imported_post":false,"_kad_post_transparent":"","_kad_post_title":"","_kad_post_layout":"","_kad_post_sidebar_id":"","_kad_post_content_style":"","_kad_post_vertical_padding":"","_kad_post_feature":"","_kad_post_feature_position":"","_kad_post_header":false,"_kad_post_footer":false,"_kad_post_classname":""},"product_brand":[976],"product_cat":[246,727,623,624],"product_tag":[],"class_list":{"0":"post-369720","1":"product","2":"type-product","3":"status-publish","4":"has-post-thumbnail","6":"product_brand-bellissima","7":"product_cat-cosmetice","8":"product_cat-placa-pentru-par","9":"product_cat-produse-cosmetice-pentru-par","10":"product_cat-produse-aparate-si-accesorii-pentru-par","12":"first","13":"instock","14":"sale","15":"product-type-external","16":"entry","17":"content-bg","18":"loop-entry"},"acf":[],"yoast_head":"<!-- This site is optimized with the Yoast SEO plugin v27.4 - https:\/\/yoast.com\/product\/yoast-seo-wordpress\/ -->\n<title>Bellissima Plac\u0103 de p\u0103r 11948 Creativity Infrared - SHOPATOA.COM<\/title>\n<meta name=\"robots\" content=\"index, follow, max-snippet:-1, max-image-preview:large, max-video-preview:-1\" \/>\n<link rel=\"canonical\" href=\"https:\/\/shopatoa.com\/ro\/bellissima-placa-de-par-11948-creativity-infrared-2\/\" \/>\n<meta property=\"og:locale\" content=\"ro_RO\" \/>\n<meta property=\"og:type\" content=\"article\" \/>\n<meta property=\"og:title\" content=\"Bellissima Plac\u0103 de p\u0103r 11948 Creativity Infrared - SHOPATOA.COM\" \/>\n<meta property=\"og:description\" content=\"Placa de p\u0103r, dotat\u0103 cu tehnologie infraro\u0219u \u0219i un strat combinat din ceramic\u0103 \u0219i keratin\u0103, asigur\u0103 o \u00eendreptare \u0219i coafare delicat\u0103, dar eficient\u0103. Tehnologia infraro\u0219ie permite ca c\u0103ldura s\u0103 p\u0103trund\u0103 \u00een ad\u00e2ncurile firului de p\u0103r, reduc\u00e2nd semnificativ riscul de deteriorare. Dispun\u00e2nd de 11 set\u0103ri de temperatur\u0103 reglabile, cu valori \u00eentre 130\u00b0C \u0219i 230\u00b0C, produsul se...\" \/>\n<meta property=\"og:url\" content=\"https:\/\/shopatoa.com\/ro\/bellissima-placa-de-par-11948-creativity-infrared-2\/\" \/>\n<meta property=\"og:site_name\" content=\"SHOPATOA\" \/>\n<meta property=\"article:modified_time\" content=\"2025-12-10T22:55:28+00:00\" \/>\n<meta property=\"og:image\" content=\"https:\/\/storage.googleapis.com\/cz-shopatoa-img\/ro\/508687ea-unnamed-file.webp\" \/>\n\t<meta property=\"og:image:width\" content=\"800\" \/>\n\t<meta property=\"og:image:height\" content=\"800\" \/>\n\t<meta property=\"og:image:type\" content=\"image\/webp\" \/>\n<meta name=\"twitter:card\" content=\"summary_large_image\" \/>\n<meta name=\"twitter:label1\" content=\"Timp estimat pentru citire\" \/>\n\t<meta name=\"twitter:data1\" content=\"1 minut\" \/>\n<script type=\"application\/ld+json\" class=\"yoast-schema-graph\">{\"@context\":\"https:\\\/\\\/schema.org\",\"@graph\":[{\"@type\":\"WebPage\",\"@id\":\"https:\\\/\\\/shopatoa.com\\\/ro\\\/bellissima-placa-de-par-11948-creativity-infrared-2\\\/\",\"url\":\"https:\\\/\\\/shopatoa.com\\\/ro\\\/bellissima-placa-de-par-11948-creativity-infrared-2\\\/\",\"name\":\"Bellissima Plac\u0103 de p\u0103r 11948 Creativity Infrared - SHOPATOA.COM\",\"isPartOf\":{\"@id\":\"https:\\\/\\\/shopatoa.com\\\/ro\\\/#website\"},\"primaryImageOfPage\":{\"@id\":\"https:\\\/\\\/shopatoa.com\\\/ro\\\/bellissima-placa-de-par-11948-creativity-infrared-2\\\/#primaryimage\"},\"image\":{\"@id\":\"https:\\\/\\\/shopatoa.com\\\/ro\\\/bellissima-placa-de-par-11948-creativity-infrared-2\\\/#primaryimage\"},\"thumbnailUrl\":\"https:\\\/\\\/storage.googleapis.com\\\/cz-shopatoa-img\\\/ro\\\/508687ea-unnamed-file.webp\",\"datePublished\":\"2025-05-21T23:01:42+00:00\",\"dateModified\":\"2025-12-10T22:55:28+00:00\",\"breadcrumb\":{\"@id\":\"https:\\\/\\\/shopatoa.com\\\/ro\\\/bellissima-placa-de-par-11948-creativity-infrared-2\\\/#breadcrumb\"},\"inLanguage\":\"ro-RO\",\"potentialAction\":[{\"@type\":\"ReadAction\",\"target\":[\"https:\\\/\\\/shopatoa.com\\\/ro\\\/bellissima-placa-de-par-11948-creativity-infrared-2\\\/\"]}]},{\"@type\":\"ImageObject\",\"inLanguage\":\"ro-RO\",\"@id\":\"https:\\\/\\\/shopatoa.com\\\/ro\\\/bellissima-placa-de-par-11948-creativity-infrared-2\\\/#primaryimage\",\"url\":\"https:\\\/\\\/storage.googleapis.com\\\/cz-shopatoa-img\\\/ro\\\/508687ea-unnamed-file.webp\",\"contentUrl\":\"https:\\\/\\\/storage.googleapis.com\\\/cz-shopatoa-img\\\/ro\\\/508687ea-unnamed-file.webp\",\"width\":800,\"height\":800},{\"@type\":\"BreadcrumbList\",\"@id\":\"https:\\\/\\\/shopatoa.com\\\/ro\\\/bellissima-placa-de-par-11948-creativity-infrared-2\\\/#breadcrumb\",\"itemListElement\":[{\"@type\":\"ListItem\",\"position\":1,\"name\":\"Dom\u016f\",\"item\":\"https:\\\/\\\/shopatoa.com\\\/ro\\\/\"},{\"@type\":\"ListItem\",\"position\":2,\"name\":\"Shop\",\"item\":\"https:\\\/\\\/shopatoa.com\\\/ro\\\/shop\\\/\"},{\"@type\":\"ListItem\",\"position\":3,\"name\":\"Cosmetice\",\"item\":\"https:\\\/\\\/shopatoa.com\\\/ro\\\/cosmetice\\\/\"},{\"@type\":\"ListItem\",\"position\":4,\"name\":\"Produse cosmetice pentru p\u0103r\",\"item\":\"https:\\\/\\\/shopatoa.com\\\/ro\\\/produse-cosmetice-pentru-par\\\/\"},{\"@type\":\"ListItem\",\"position\":5,\"name\":\"Produse, aparate \u0219i accesorii pentru p\u0103r\",\"item\":\"https:\\\/\\\/shopatoa.com\\\/ro\\\/produse-aparate-si-accesorii-pentru-par\\\/\"},{\"@type\":\"ListItem\",\"position\":6,\"name\":\"Plac\u0103 pentru p\u0103r\",\"item\":\"https:\\\/\\\/shopatoa.com\\\/ro\\\/placa-pentru-par\\\/\"},{\"@type\":\"ListItem\",\"position\":7,\"name\":\"Bellissima Plac\u0103 de p\u0103r 11948 Creativity Infrared\"}]},{\"@type\":\"WebSite\",\"@id\":\"https:\\\/\\\/shopatoa.com\\\/ro\\\/#website\",\"url\":\"https:\\\/\\\/shopatoa.com\\\/ro\\\/\",\"name\":\"SHOPATOA\",\"description\":\"\",\"publisher\":{\"@id\":\"https:\\\/\\\/shopatoa.com\\\/ro\\\/#organization\"},\"potentialAction\":[{\"@type\":\"SearchAction\",\"target\":{\"@type\":\"EntryPoint\",\"urlTemplate\":\"https:\\\/\\\/shopatoa.com\\\/ro\\\/?s={search_term_string}\"},\"query-input\":{\"@type\":\"PropertyValueSpecification\",\"valueRequired\":true,\"valueName\":\"search_term_string\"}}],\"inLanguage\":\"ro-RO\"},{\"@type\":\"Organization\",\"@id\":\"https:\\\/\\\/shopatoa.com\\\/ro\\\/#organization\",\"name\":\"SHOPATOA\",\"url\":\"https:\\\/\\\/shopatoa.com\\\/ro\\\/\",\"logo\":{\"@type\":\"ImageObject\",\"inLanguage\":\"ro-RO\",\"@id\":\"https:\\\/\\\/shopatoa.com\\\/ro\\\/#\\\/schema\\\/logo\\\/image\\\/\",\"url\":\"https:\\\/\\\/storage.googleapis.com\\\/cz-shopatoa-img\\\/ro\\\/b4dac915-shopatoa_logo.png\",\"contentUrl\":\"https:\\\/\\\/storage.googleapis.com\\\/cz-shopatoa-img\\\/ro\\\/b4dac915-shopatoa_logo.png\",\"width\":416,\"height\":63,\"caption\":\"SHOPATOA\"},\"image\":{\"@id\":\"https:\\\/\\\/shopatoa.com\\\/ro\\\/#\\\/schema\\\/logo\\\/image\\\/\"}}]}<\/script>\n<!-- \/ Yoast SEO plugin. -->","yoast_head_json":{"title":"Bellissima Plac\u0103 de p\u0103r 11948 Creativity Infrared - SHOPATOA.COM","robots":{"index":"index","follow":"follow","max-snippet":"max-snippet:-1","max-image-preview":"max-image-preview:large","max-video-preview":"max-video-preview:-1"},"canonical":"https:\/\/shopatoa.com\/ro\/bellissima-placa-de-par-11948-creativity-infrared-2\/","og_locale":"ro_RO","og_type":"article","og_title":"Bellissima Plac\u0103 de p\u0103r 11948 Creativity Infrared - SHOPATOA.COM","og_description":"Placa de p\u0103r, dotat\u0103 cu tehnologie infraro\u0219u \u0219i un strat combinat din ceramic\u0103 \u0219i keratin\u0103, asigur\u0103 o \u00eendreptare \u0219i coafare delicat\u0103, dar eficient\u0103. Tehnologia infraro\u0219ie permite ca c\u0103ldura s\u0103 p\u0103trund\u0103 \u00een ad\u00e2ncurile firului de p\u0103r, reduc\u00e2nd semnificativ riscul de deteriorare. Dispun\u00e2nd de 11 set\u0103ri de temperatur\u0103 reglabile, cu valori \u00eentre 130\u00b0C \u0219i 230\u00b0C, produsul se...","og_url":"https:\/\/shopatoa.com\/ro\/bellissima-placa-de-par-11948-creativity-infrared-2\/","og_site_name":"SHOPATOA","article_modified_time":"2025-12-10T22:55:28+00:00","og_image":[{"width":800,"height":800,"url":"https:\/\/storage.googleapis.com\/cz-shopatoa-img\/ro\/508687ea-unnamed-file.webp","type":"image\/webp"}],"twitter_card":"summary_large_image","twitter_misc":{"Timp estimat pentru citire":"1 minut"},"schema":{"@context":"https:\/\/schema.org","@graph":[{"@type":"WebPage","@id":"https:\/\/shopatoa.com\/ro\/bellissima-placa-de-par-11948-creativity-infrared-2\/","url":"https:\/\/shopatoa.com\/ro\/bellissima-placa-de-par-11948-creativity-infrared-2\/","name":"Bellissima Plac\u0103 de p\u0103r 11948 Creativity Infrared - SHOPATOA.COM","isPartOf":{"@id":"https:\/\/shopatoa.com\/ro\/#website"},"primaryImageOfPage":{"@id":"https:\/\/shopatoa.com\/ro\/bellissima-placa-de-par-11948-creativity-infrared-2\/#primaryimage"},"image":{"@id":"https:\/\/shopatoa.com\/ro\/bellissima-placa-de-par-11948-creativity-infrared-2\/#primaryimage"},"thumbnailUrl":"https:\/\/storage.googleapis.com\/cz-shopatoa-img\/ro\/508687ea-unnamed-file.webp","datePublished":"2025-05-21T23:01:42+00:00","dateModified":"2025-12-10T22:55:28+00:00","breadcrumb":{"@id":"https:\/\/shopatoa.com\/ro\/bellissima-placa-de-par-11948-creativity-infrared-2\/#breadcrumb"},"inLanguage":"ro-RO","potentialAction":[{"@type":"ReadAction","target":["https:\/\/shopatoa.com\/ro\/bellissima-placa-de-par-11948-creativity-infrared-2\/"]}]},{"@type":"ImageObject","inLanguage":"ro-RO","@id":"https:\/\/shopatoa.com\/ro\/bellissima-placa-de-par-11948-creativity-infrared-2\/#primaryimage","url":"https:\/\/storage.googleapis.com\/cz-shopatoa-img\/ro\/508687ea-unnamed-file.webp","contentUrl":"https:\/\/storage.googleapis.com\/cz-shopatoa-img\/ro\/508687ea-unnamed-file.webp","width":800,"height":800},{"@type":"BreadcrumbList","@id":"https:\/\/shopatoa.com\/ro\/bellissima-placa-de-par-11948-creativity-infrared-2\/#breadcrumb","itemListElement":[{"@type":"ListItem","position":1,"name":"Dom\u016f","item":"https:\/\/shopatoa.com\/ro\/"},{"@type":"ListItem","position":2,"name":"Shop","item":"https:\/\/shopatoa.com\/ro\/shop\/"},{"@type":"ListItem","position":3,"name":"Cosmetice","item":"https:\/\/shopatoa.com\/ro\/cosmetice\/"},{"@type":"ListItem","position":4,"name":"Produse cosmetice pentru p\u0103r","item":"https:\/\/shopatoa.com\/ro\/produse-cosmetice-pentru-par\/"},{"@type":"ListItem","position":5,"name":"Produse, aparate \u0219i accesorii pentru p\u0103r","item":"https:\/\/shopatoa.com\/ro\/produse-aparate-si-accesorii-pentru-par\/"},{"@type":"ListItem","position":6,"name":"Plac\u0103 pentru p\u0103r","item":"https:\/\/shopatoa.com\/ro\/placa-pentru-par\/"},{"@type":"ListItem","position":7,"name":"Bellissima Plac\u0103 de p\u0103r 11948 Creativity Infrared"}]},{"@type":"WebSite","@id":"https:\/\/shopatoa.com\/ro\/#website","url":"https:\/\/shopatoa.com\/ro\/","name":"SHOPATOA","description":"","publisher":{"@id":"https:\/\/shopatoa.com\/ro\/#organization"},"potentialAction":[{"@type":"SearchAction","target":{"@type":"EntryPoint","urlTemplate":"https:\/\/shopatoa.com\/ro\/?s={search_term_string}"},"query-input":{"@type":"PropertyValueSpecification","valueRequired":true,"valueName":"search_term_string"}}],"inLanguage":"ro-RO"},{"@type":"Organization","@id":"https:\/\/shopatoa.com\/ro\/#organization","name":"SHOPATOA","url":"https:\/\/shopatoa.com\/ro\/","logo":{"@type":"ImageObject","inLanguage":"ro-RO","@id":"https:\/\/shopatoa.com\/ro\/#\/schema\/logo\/image\/","url":"https:\/\/storage.googleapis.com\/cz-shopatoa-img\/ro\/b4dac915-shopatoa_logo.png","contentUrl":"https:\/\/storage.googleapis.com\/cz-shopatoa-img\/ro\/b4dac915-shopatoa_logo.png","width":416,"height":63,"caption":"SHOPATOA"},"image":{"@id":"https:\/\/shopatoa.com\/ro\/#\/schema\/logo\/image\/"}}]}},"_links":{"self":[{"href":"https:\/\/shopatoa.com\/ro\/wp-json\/wp\/v2\/product\/369720","targetHints":{"allow":["GET"]}}],"collection":[{"href":"https:\/\/shopatoa.com\/ro\/wp-json\/wp\/v2\/product"}],"about":[{"href":"https:\/\/shopatoa.com\/ro\/wp-json\/wp\/v2\/types\/product"}],"replies":[{"embeddable":true,"href":"https:\/\/shopatoa.com\/ro\/wp-json\/wp\/v2\/comments?post=369720"}],"wp:featuredmedia":[{"embeddable":true,"href":"https:\/\/shopatoa.com\/ro\/wp-json\/wp\/v2\/media\/369722"}],"wp:attachment":[{"href":"https:\/\/shopatoa.com\/ro\/wp-json\/wp\/v2\/media?parent=369720"}],"wp:term":[{"taxonomy":"product_brand","embeddable":true,"href":"https:\/\/shopatoa.com\/ro\/wp-json\/wp\/v2\/product_brand?post=369720"},{"taxonomy":"product_cat","embeddable":true,"href":"https:\/\/shopatoa.com\/ro\/wp-json\/wp\/v2\/product_cat?post=369720"},{"taxonomy":"product_tag","embeddable":true,"href":"https:\/\/shopatoa.com\/ro\/wp-json\/wp\/v2\/product_tag?post=369720"}],"curies":[{"name":"wp","href":"https:\/\/api.w.org\/{rel}","templated":true}]}}