{"id":370249,"date":"2025-05-22T01:22:11","date_gmt":"2025-05-21T23:22:11","guid":{"rendered":"https:\/\/shopatoa.com\/ro\/olaplex-set-pentru-par-vopsit-sau-tratat-chimic-stand-alone-treatment-2\/"},"modified":"2025-09-15T04:18:20","modified_gmt":"2025-09-15T02:18:20","slug":"olaplex-set-pentru-par-vopsit-sau-tratat-chimic-stand-alone-treatment-2","status":"publish","type":"product","link":"https:\/\/shopatoa.com\/ro\/olaplex-set-pentru-par-vopsit-sau-tratat-chimic-stand-alone-treatment-2\/","title":{"rendered":"Olaplex Set pentru p\u0103r vopsit sau tratat chimic, Stand Alone Treatment."},"content":{"rendered":"<p>Con\u021bine: Bond Multiplier N\u00b0.1 15 ml Bond Perfector N\u00b0.2 30 ml Sistemul Stand Alone Treatment regenereaz\u0103 eficient leg\u0103turile deteriorate \u00een firele de p\u0103r \u00een timpul \u0219i dup\u0103 tratamentul chimic. Caracteristici: previne deteriorarea structurii p\u0103rului \u00een timpul tratamentului chimic, reface eficient p\u0103rul, chiar \u0219i p\u0103rul deteriorat se reface, p\u0103rul este mai puternic \u0219i vizibil mai s\u0103n\u0103tos, f\u0103r\u0103 siliconi \u0219i uleiuri minerale, p\u00e2n\u0103 la 70 de aplica\u021bii. Cum se utilizeaz\u0103: Se amestec\u0103 multiplicatorul Bond N \u00b0 .1 cu amestecul preparat de vopsea sau melir Cantitatea este determinat\u0103 de cantitatea de vopsea \u0219i melir Utiliza\u021bi 3,75 ml pentru 30 ml. Dac\u0103 amestecul este mai mare de 30 ml, utiliza\u021bi 7,5 ml. Apoi aplica\u021bi-l pe p\u0103r \u0219i l\u0103sa\u021bi-l s\u0103 ac\u021bioneze conform instruc\u021biunilor de la vopseaua aplicat\u0103 \u0219i melir. Apoi sp\u0103la\u021bi-v\u0103 bine p\u0103rul numai cu ap\u0103, nu folosi\u021bi \u0219ampon. Apoi aplica\u021bi Bond Perfector nr. 2 . Aplica\u021bi Bond Perfector N \u00b0 .2 pe p\u0103rul uscat cu prosopul 15 ml de produs \u0219i l\u0103sa\u021bi-l s\u0103 ac\u021bioneze 5 minute. Dac\u0103 p\u0103rul este mai deteriorat, pute\u021bi l\u0103sa sa ac\u021bioneze mai mult timp, dar nu mai mult de 10 minute. Apoi cl\u0103ti\u021bi \u0219i sp\u0103la\u021bi-v\u0103 p\u0103rul cu \u0219ampon \u0219i balsam.<\/p>\n","protected":false},"excerpt":{"rendered":"<p>Con\u021bine: Bond Multiplier N\u00b0.1 15 ml Bond Perfector N\u00b0.2 30 ml Sistemul Stand Alone Treatment regenereaz\u0103 eficient leg\u0103turile deteriorate \u00een firele de p\u0103r \u00een timpul \u0219i dup\u0103 tratamentul chimic. Caracteristici: previne deteriorarea structurii p\u0103rului \u00een timpul tratamentului chimic, reface eficient p\u0103rul, chiar \u0219i p\u0103rul deteriorat se reface, p\u0103rul este mai puternic \u0219i vizibil mai s\u0103n\u0103tos,&#8230;<\/p>\n","protected":false},"featured_media":370250,"comment_status":"closed","ping_status":"open","template":"","meta":{"_acf_changed":false,"_kadence_starter_templates_imported_post":false,"_kad_post_transparent":"","_kad_post_title":"","_kad_post_layout":"","_kad_post_sidebar_id":"","_kad_post_content_style":"","_kad_post_vertical_padding":"","_kad_post_feature":"","_kad_post_feature_position":"","_kad_post_header":false,"_kad_post_footer":false,"_kad_post_classname":""},"product_brand":[280],"product_cat":[680,246,623],"product_tag":[],"class_list":{"0":"post-370249","1":"product","2":"type-product","3":"status-publish","4":"has-post-thumbnail","6":"product_brand-olaplex","7":"product_cat-cosmetica-pentru-regenerarea-parului","8":"product_cat-cosmetice","9":"product_cat-produse-cosmetice-pentru-par","11":"first","12":"instock","13":"product-type-external","14":"entry","15":"content-bg","16":"loop-entry"},"acf":[],"yoast_head":"<!-- This site is optimized with the Yoast SEO plugin v27.4 - https:\/\/yoast.com\/product\/yoast-seo-wordpress\/ -->\n<title>Olaplex Set pentru p\u0103r vopsit sau tratat chimic, Stand Alone Treatment. - SHOPATOA.COM<\/title>\n<meta name=\"robots\" content=\"index, follow, max-snippet:-1, max-image-preview:large, max-video-preview:-1\" \/>\n<link rel=\"canonical\" href=\"https:\/\/shopatoa.com\/ro\/olaplex-set-pentru-par-vopsit-sau-tratat-chimic-stand-alone-treatment-2\/\" \/>\n<meta property=\"og:locale\" content=\"ro_RO\" \/>\n<meta property=\"og:type\" content=\"article\" \/>\n<meta property=\"og:title\" content=\"Olaplex Set pentru p\u0103r vopsit sau tratat chimic, Stand Alone Treatment. - SHOPATOA.COM\" \/>\n<meta property=\"og:description\" content=\"Con\u021bine: Bond Multiplier N\u00b0.1 15 ml Bond Perfector N\u00b0.2 30 ml Sistemul Stand Alone Treatment regenereaz\u0103 eficient leg\u0103turile deteriorate \u00een firele de p\u0103r \u00een timpul \u0219i dup\u0103 tratamentul chimic. Caracteristici: previne deteriorarea structurii p\u0103rului \u00een timpul tratamentului chimic, reface eficient p\u0103rul, chiar \u0219i p\u0103rul deteriorat se reface, p\u0103rul este mai puternic \u0219i vizibil mai s\u0103n\u0103tos,...\" \/>\n<meta property=\"og:url\" content=\"https:\/\/shopatoa.com\/ro\/olaplex-set-pentru-par-vopsit-sau-tratat-chimic-stand-alone-treatment-2\/\" \/>\n<meta property=\"og:site_name\" content=\"SHOPATOA\" \/>\n<meta property=\"article:modified_time\" content=\"2025-09-15T02:18:20+00:00\" \/>\n<meta property=\"og:image\" content=\"https:\/\/storage.googleapis.com\/cz-shopatoa-img\/ro\/22c89f76-unnamed-file.webp\" \/>\n\t<meta property=\"og:image:width\" content=\"800\" \/>\n\t<meta property=\"og:image:height\" content=\"800\" \/>\n\t<meta property=\"og:image:type\" content=\"image\/webp\" \/>\n<meta name=\"twitter:card\" content=\"summary_large_image\" \/>\n<meta name=\"twitter:label1\" content=\"Timp estimat pentru citire\" \/>\n\t<meta name=\"twitter:data1\" content=\"1 minut\" \/>\n<script type=\"application\/ld+json\" class=\"yoast-schema-graph\">{\"@context\":\"https:\\\/\\\/schema.org\",\"@graph\":[{\"@type\":\"WebPage\",\"@id\":\"https:\\\/\\\/shopatoa.com\\\/ro\\\/olaplex-set-pentru-par-vopsit-sau-tratat-chimic-stand-alone-treatment-2\\\/\",\"url\":\"https:\\\/\\\/shopatoa.com\\\/ro\\\/olaplex-set-pentru-par-vopsit-sau-tratat-chimic-stand-alone-treatment-2\\\/\",\"name\":\"Olaplex Set pentru p\u0103r vopsit sau tratat chimic, Stand Alone Treatment. - SHOPATOA.COM\",\"isPartOf\":{\"@id\":\"https:\\\/\\\/shopatoa.com\\\/ro\\\/#website\"},\"primaryImageOfPage\":{\"@id\":\"https:\\\/\\\/shopatoa.com\\\/ro\\\/olaplex-set-pentru-par-vopsit-sau-tratat-chimic-stand-alone-treatment-2\\\/#primaryimage\"},\"image\":{\"@id\":\"https:\\\/\\\/shopatoa.com\\\/ro\\\/olaplex-set-pentru-par-vopsit-sau-tratat-chimic-stand-alone-treatment-2\\\/#primaryimage\"},\"thumbnailUrl\":\"https:\\\/\\\/storage.googleapis.com\\\/cz-shopatoa-img\\\/ro\\\/22c89f76-unnamed-file.webp\",\"datePublished\":\"2025-05-21T23:22:11+00:00\",\"dateModified\":\"2025-09-15T02:18:20+00:00\",\"breadcrumb\":{\"@id\":\"https:\\\/\\\/shopatoa.com\\\/ro\\\/olaplex-set-pentru-par-vopsit-sau-tratat-chimic-stand-alone-treatment-2\\\/#breadcrumb\"},\"inLanguage\":\"ro-RO\",\"potentialAction\":[{\"@type\":\"ReadAction\",\"target\":[\"https:\\\/\\\/shopatoa.com\\\/ro\\\/olaplex-set-pentru-par-vopsit-sau-tratat-chimic-stand-alone-treatment-2\\\/\"]}]},{\"@type\":\"ImageObject\",\"inLanguage\":\"ro-RO\",\"@id\":\"https:\\\/\\\/shopatoa.com\\\/ro\\\/olaplex-set-pentru-par-vopsit-sau-tratat-chimic-stand-alone-treatment-2\\\/#primaryimage\",\"url\":\"https:\\\/\\\/storage.googleapis.com\\\/cz-shopatoa-img\\\/ro\\\/22c89f76-unnamed-file.webp\",\"contentUrl\":\"https:\\\/\\\/storage.googleapis.com\\\/cz-shopatoa-img\\\/ro\\\/22c89f76-unnamed-file.webp\",\"width\":800,\"height\":800},{\"@type\":\"BreadcrumbList\",\"@id\":\"https:\\\/\\\/shopatoa.com\\\/ro\\\/olaplex-set-pentru-par-vopsit-sau-tratat-chimic-stand-alone-treatment-2\\\/#breadcrumb\",\"itemListElement\":[{\"@type\":\"ListItem\",\"position\":1,\"name\":\"Dom\u016f\",\"item\":\"https:\\\/\\\/shopatoa.com\\\/ro\\\/\"},{\"@type\":\"ListItem\",\"position\":2,\"name\":\"Shop\",\"item\":\"https:\\\/\\\/shopatoa.com\\\/ro\\\/shop\\\/\"},{\"@type\":\"ListItem\",\"position\":3,\"name\":\"Cosmetice\",\"item\":\"https:\\\/\\\/shopatoa.com\\\/ro\\\/cosmetice\\\/\"},{\"@type\":\"ListItem\",\"position\":4,\"name\":\"Produse cosmetice pentru p\u0103r\",\"item\":\"https:\\\/\\\/shopatoa.com\\\/ro\\\/produse-cosmetice-pentru-par\\\/\"},{\"@type\":\"ListItem\",\"position\":5,\"name\":\"Cosmetica pentru regenerarea parului\",\"item\":\"https:\\\/\\\/shopatoa.com\\\/ro\\\/cosmetica-pentru-regenerarea-parului\\\/\"},{\"@type\":\"ListItem\",\"position\":6,\"name\":\"Olaplex Set pentru p\u0103r vopsit sau tratat chimic, Stand Alone Treatment.\"}]},{\"@type\":\"WebSite\",\"@id\":\"https:\\\/\\\/shopatoa.com\\\/ro\\\/#website\",\"url\":\"https:\\\/\\\/shopatoa.com\\\/ro\\\/\",\"name\":\"SHOPATOA\",\"description\":\"\",\"publisher\":{\"@id\":\"https:\\\/\\\/shopatoa.com\\\/ro\\\/#organization\"},\"potentialAction\":[{\"@type\":\"SearchAction\",\"target\":{\"@type\":\"EntryPoint\",\"urlTemplate\":\"https:\\\/\\\/shopatoa.com\\\/ro\\\/?s={search_term_string}\"},\"query-input\":{\"@type\":\"PropertyValueSpecification\",\"valueRequired\":true,\"valueName\":\"search_term_string\"}}],\"inLanguage\":\"ro-RO\"},{\"@type\":\"Organization\",\"@id\":\"https:\\\/\\\/shopatoa.com\\\/ro\\\/#organization\",\"name\":\"SHOPATOA\",\"url\":\"https:\\\/\\\/shopatoa.com\\\/ro\\\/\",\"logo\":{\"@type\":\"ImageObject\",\"inLanguage\":\"ro-RO\",\"@id\":\"https:\\\/\\\/shopatoa.com\\\/ro\\\/#\\\/schema\\\/logo\\\/image\\\/\",\"url\":\"https:\\\/\\\/storage.googleapis.com\\\/cz-shopatoa-img\\\/ro\\\/b4dac915-shopatoa_logo.png\",\"contentUrl\":\"https:\\\/\\\/storage.googleapis.com\\\/cz-shopatoa-img\\\/ro\\\/b4dac915-shopatoa_logo.png\",\"width\":416,\"height\":63,\"caption\":\"SHOPATOA\"},\"image\":{\"@id\":\"https:\\\/\\\/shopatoa.com\\\/ro\\\/#\\\/schema\\\/logo\\\/image\\\/\"}}]}<\/script>\n<!-- \/ Yoast SEO plugin. -->","yoast_head_json":{"title":"Olaplex Set pentru p\u0103r vopsit sau tratat chimic, Stand Alone Treatment. - SHOPATOA.COM","robots":{"index":"index","follow":"follow","max-snippet":"max-snippet:-1","max-image-preview":"max-image-preview:large","max-video-preview":"max-video-preview:-1"},"canonical":"https:\/\/shopatoa.com\/ro\/olaplex-set-pentru-par-vopsit-sau-tratat-chimic-stand-alone-treatment-2\/","og_locale":"ro_RO","og_type":"article","og_title":"Olaplex Set pentru p\u0103r vopsit sau tratat chimic, Stand Alone Treatment. - SHOPATOA.COM","og_description":"Con\u021bine: Bond Multiplier N\u00b0.1 15 ml Bond Perfector N\u00b0.2 30 ml Sistemul Stand Alone Treatment regenereaz\u0103 eficient leg\u0103turile deteriorate \u00een firele de p\u0103r \u00een timpul \u0219i dup\u0103 tratamentul chimic. Caracteristici: previne deteriorarea structurii p\u0103rului \u00een timpul tratamentului chimic, reface eficient p\u0103rul, chiar \u0219i p\u0103rul deteriorat se reface, p\u0103rul este mai puternic \u0219i vizibil mai s\u0103n\u0103tos,...","og_url":"https:\/\/shopatoa.com\/ro\/olaplex-set-pentru-par-vopsit-sau-tratat-chimic-stand-alone-treatment-2\/","og_site_name":"SHOPATOA","article_modified_time":"2025-09-15T02:18:20+00:00","og_image":[{"width":800,"height":800,"url":"https:\/\/storage.googleapis.com\/cz-shopatoa-img\/ro\/22c89f76-unnamed-file.webp","type":"image\/webp"}],"twitter_card":"summary_large_image","twitter_misc":{"Timp estimat pentru citire":"1 minut"},"schema":{"@context":"https:\/\/schema.org","@graph":[{"@type":"WebPage","@id":"https:\/\/shopatoa.com\/ro\/olaplex-set-pentru-par-vopsit-sau-tratat-chimic-stand-alone-treatment-2\/","url":"https:\/\/shopatoa.com\/ro\/olaplex-set-pentru-par-vopsit-sau-tratat-chimic-stand-alone-treatment-2\/","name":"Olaplex Set pentru p\u0103r vopsit sau tratat chimic, Stand Alone Treatment. - SHOPATOA.COM","isPartOf":{"@id":"https:\/\/shopatoa.com\/ro\/#website"},"primaryImageOfPage":{"@id":"https:\/\/shopatoa.com\/ro\/olaplex-set-pentru-par-vopsit-sau-tratat-chimic-stand-alone-treatment-2\/#primaryimage"},"image":{"@id":"https:\/\/shopatoa.com\/ro\/olaplex-set-pentru-par-vopsit-sau-tratat-chimic-stand-alone-treatment-2\/#primaryimage"},"thumbnailUrl":"https:\/\/storage.googleapis.com\/cz-shopatoa-img\/ro\/22c89f76-unnamed-file.webp","datePublished":"2025-05-21T23:22:11+00:00","dateModified":"2025-09-15T02:18:20+00:00","breadcrumb":{"@id":"https:\/\/shopatoa.com\/ro\/olaplex-set-pentru-par-vopsit-sau-tratat-chimic-stand-alone-treatment-2\/#breadcrumb"},"inLanguage":"ro-RO","potentialAction":[{"@type":"ReadAction","target":["https:\/\/shopatoa.com\/ro\/olaplex-set-pentru-par-vopsit-sau-tratat-chimic-stand-alone-treatment-2\/"]}]},{"@type":"ImageObject","inLanguage":"ro-RO","@id":"https:\/\/shopatoa.com\/ro\/olaplex-set-pentru-par-vopsit-sau-tratat-chimic-stand-alone-treatment-2\/#primaryimage","url":"https:\/\/storage.googleapis.com\/cz-shopatoa-img\/ro\/22c89f76-unnamed-file.webp","contentUrl":"https:\/\/storage.googleapis.com\/cz-shopatoa-img\/ro\/22c89f76-unnamed-file.webp","width":800,"height":800},{"@type":"BreadcrumbList","@id":"https:\/\/shopatoa.com\/ro\/olaplex-set-pentru-par-vopsit-sau-tratat-chimic-stand-alone-treatment-2\/#breadcrumb","itemListElement":[{"@type":"ListItem","position":1,"name":"Dom\u016f","item":"https:\/\/shopatoa.com\/ro\/"},{"@type":"ListItem","position":2,"name":"Shop","item":"https:\/\/shopatoa.com\/ro\/shop\/"},{"@type":"ListItem","position":3,"name":"Cosmetice","item":"https:\/\/shopatoa.com\/ro\/cosmetice\/"},{"@type":"ListItem","position":4,"name":"Produse cosmetice pentru p\u0103r","item":"https:\/\/shopatoa.com\/ro\/produse-cosmetice-pentru-par\/"},{"@type":"ListItem","position":5,"name":"Cosmetica pentru regenerarea parului","item":"https:\/\/shopatoa.com\/ro\/cosmetica-pentru-regenerarea-parului\/"},{"@type":"ListItem","position":6,"name":"Olaplex Set pentru p\u0103r vopsit sau tratat chimic, Stand Alone Treatment."}]},{"@type":"WebSite","@id":"https:\/\/shopatoa.com\/ro\/#website","url":"https:\/\/shopatoa.com\/ro\/","name":"SHOPATOA","description":"","publisher":{"@id":"https:\/\/shopatoa.com\/ro\/#organization"},"potentialAction":[{"@type":"SearchAction","target":{"@type":"EntryPoint","urlTemplate":"https:\/\/shopatoa.com\/ro\/?s={search_term_string}"},"query-input":{"@type":"PropertyValueSpecification","valueRequired":true,"valueName":"search_term_string"}}],"inLanguage":"ro-RO"},{"@type":"Organization","@id":"https:\/\/shopatoa.com\/ro\/#organization","name":"SHOPATOA","url":"https:\/\/shopatoa.com\/ro\/","logo":{"@type":"ImageObject","inLanguage":"ro-RO","@id":"https:\/\/shopatoa.com\/ro\/#\/schema\/logo\/image\/","url":"https:\/\/storage.googleapis.com\/cz-shopatoa-img\/ro\/b4dac915-shopatoa_logo.png","contentUrl":"https:\/\/storage.googleapis.com\/cz-shopatoa-img\/ro\/b4dac915-shopatoa_logo.png","width":416,"height":63,"caption":"SHOPATOA"},"image":{"@id":"https:\/\/shopatoa.com\/ro\/#\/schema\/logo\/image\/"}}]}},"_links":{"self":[{"href":"https:\/\/shopatoa.com\/ro\/wp-json\/wp\/v2\/product\/370249","targetHints":{"allow":["GET"]}}],"collection":[{"href":"https:\/\/shopatoa.com\/ro\/wp-json\/wp\/v2\/product"}],"about":[{"href":"https:\/\/shopatoa.com\/ro\/wp-json\/wp\/v2\/types\/product"}],"replies":[{"embeddable":true,"href":"https:\/\/shopatoa.com\/ro\/wp-json\/wp\/v2\/comments?post=370249"}],"wp:featuredmedia":[{"embeddable":true,"href":"https:\/\/shopatoa.com\/ro\/wp-json\/wp\/v2\/media\/370250"}],"wp:attachment":[{"href":"https:\/\/shopatoa.com\/ro\/wp-json\/wp\/v2\/media?parent=370249"}],"wp:term":[{"taxonomy":"product_brand","embeddable":true,"href":"https:\/\/shopatoa.com\/ro\/wp-json\/wp\/v2\/product_brand?post=370249"},{"taxonomy":"product_cat","embeddable":true,"href":"https:\/\/shopatoa.com\/ro\/wp-json\/wp\/v2\/product_cat?post=370249"},{"taxonomy":"product_tag","embeddable":true,"href":"https:\/\/shopatoa.com\/ro\/wp-json\/wp\/v2\/product_tag?post=370249"}],"curies":[{"name":"wp","href":"https:\/\/api.w.org\/{rel}","templated":true}]}}